{"id":7968,"date":"2024-09-30T14:05:29","date_gmt":"2024-09-30T06:05:29","guid":{"rendered":"http:\/\/qingdaohf.com\/?post_type=product&#038;p=7968"},"modified":"2025-11-13T09:03:13","modified_gmt":"2025-11-13T01:03:13","slug":"inside-corner","status":"publish","type":"product","link":"https:\/\/qingdaohf.com\/cs\/produkt\/vnitrni-roh\/","title":{"rendered":"Vnit\u0159n\u00ed roh"},"content":{"rendered":"<p><img fetchpriority=\"high\" decoding=\"async\" class=\"alignnone size-full wp-image-3418\" src=\"http:\/\/qingdaohf.com\/wp-content\/uploads\/2023\/03\/47-2.jpg\" alt=\"\" width=\"1200\" height=\"176\" srcset=\"https:\/\/qingdaohf.com\/wp-content\/uploads\/2023\/03\/47-2.jpg 1200w, https:\/\/qingdaohf.com\/wp-content\/uploads\/2023\/03\/47-2-300x44.jpg 300w, https:\/\/qingdaohf.com\/wp-content\/uploads\/2023\/03\/47-2-1024x150.jpg 1024w, https:\/\/qingdaohf.com\/wp-content\/uploads\/2023\/03\/47-2-768x113.jpg 768w, https:\/\/qingdaohf.com\/wp-content\/uploads\/2023\/03\/47-2-1000x147.jpg 1000w\" sizes=\"(max-width: 1200px) 100vw, 1200px\" \/><\/p>\n<h3>V\u00fdznam vnit\u0159n\u00edch roh\u016f ve stavebnictv\u00ed<\/h3>\n<p>P\u0159i konstrukci z\u00e1le\u017e\u00ed na ka\u017ed\u00e9m detailu a vnit\u0159n\u00ed roh hraje kl\u00ed\u010dovou roli p\u0159i dosahov\u00e1n\u00ed funk\u010dnosti i estetiky. Tato ned\u00edln\u00e1 sou\u010d\u00e1st je vytvo\u0159ena tak, aby spl\u0148ovala po\u017eadavky modern\u00edch stavebn\u00edch postup\u016f a z\u00e1rove\u0148 zajistila, \u017ee roh\u016fm, kter\u00e9 jsou \u010dasto pova\u017eov\u00e1ny za n\u00e1ro\u010dn\u00e9 oblasti, bude v\u011bnov\u00e1na pozornost, kterou si zaslou\u017e\u00ed.<\/p>\n<p>Vnit\u0159n\u00ed roh slou\u017e\u00ed v podstat\u011b jako most mezi dv\u011bma k\u0159\u00ed\u017e\u00edc\u00edmi se st\u011bnami, kter\u00fd poskytuje nejen oporu, ale tak\u00e9 le\u0161t\u011bn\u00fd vzhled, kter\u00fd povy\u0161uje celkov\u00fd design. Jeho jedine\u010dn\u00e1 konstrukce umo\u017e\u0148uje rovnom\u011brn\u00e9 rozlo\u017een\u00ed zat\u00ed\u017een\u00ed, \u010d\u00edm\u017e zvy\u0161uje odolnost st\u011bn, kter\u00e9 spojuje. Pochopen\u00ed v\u00fdznamu t\u011bchto prvk\u016f m\u016f\u017ee v\u00e9st k odoln\u011bj\u0161\u00edm a vizu\u00e1ln\u011b p\u0159ita\u017eliv\u011bj\u0161\u00edm v\u00fdsledk\u016fm v jak\u00e9mkoli stavebn\u00edm projektu.<\/p>\n<h3>V\u0161estrannost a p\u0159izp\u016fsobivost<\/h3>\n<p>Jednou z hlavn\u00edch v\u00fdhod rohu Inside Corner je jeho v\u0161estrannost. A\u0165 u\u017e se jedn\u00e1 o obytnou nebo komer\u010dn\u00ed stavbu, tento v\u00fdrobek lze p\u0159izp\u016fsobit r\u016fzn\u00fdm materi\u00e1l\u016fm, v\u010detn\u011b betonu, d\u0159eva a kovu. D\u00edky t\u00e9to p\u0159izp\u016fsobivosti je ide\u00e1ln\u00ed volbou pro dodavatele a stavitele, kte\u0159\u00ed cht\u011bj\u00ed zefektivnit sv\u00e9 procesy, ani\u017e by slevili z kvality.<\/p>\n<p>Instalace je dal\u0161\u00edm kritick\u00fdm aspektem, ve kter\u00e9m Inside Corner vynik\u00e1. Tradi\u010dn\u00ed rohov\u00e1 \u0159e\u0161en\u00ed \u010dasto vy\u017eaduj\u00ed velk\u00e9 mno\u017estv\u00ed pr\u00e1ce a \u010dasu, ale tento produkt tento proces v\u00fdrazn\u011b zjednodu\u0161uje. Syst\u00e9m Inside Corner je navr\u017een pro snadnou integraci a umo\u017e\u0148uje rychlej\u0161\u00ed mont\u00e1\u017e, d\u00edky \u010demu\u017e lze dodr\u017eet harmonogram projekt\u016f. Jeho intuitivn\u00ed design nav\u00edc minimalizuje riziko chyb p\u0159i mont\u00e1\u017ei, co\u017e je ve stavebnictv\u00ed \u010dast\u00fd probl\u00e9m.<\/p>\n<h3>Zlep\u0161en\u00ed struktur\u00e1ln\u00ed integrity a estetiky<\/h3>\n<p>Z hlediska bezpe\u010dnosti m\u016f\u017ee pou\u017eit\u00ed vnit\u0159n\u00edho rohu p\u0159isp\u011bt k celkov\u00e9 stabilit\u011b konstrukce. Rohy jsou \u010dasto nam\u00e1han\u00fdmi m\u00edsty a zpevn\u011bn\u00ed t\u011bchto oblast\u00ed spolehliv\u00fdm \u0159e\u0161en\u00edm je pro dlouhodobou funk\u010dnost kl\u00ed\u010dov\u00e9. Efektivn\u00edm \u0159\u00edzen\u00edm nam\u00e1h\u00e1n\u00ed tento v\u00fdrobek sni\u017euje pravd\u011bpodobnost vzniku trhlin a dal\u0161\u00edch konstruk\u010dn\u00edch probl\u00e9m\u016f, \u010d\u00edm\u017e zaji\u0161\u0165uje bezpe\u010dn\u011bj\u0161\u00ed prost\u0159ed\u00ed pro u\u017eivatele.<\/p>\n<p>Z estetick\u00e9ho hlediska zvy\u0161uje vnit\u0159n\u00ed roh vizu\u00e1ln\u00ed p\u0159ita\u017elivost prostoru. Poskytuje \u010dist\u00fd, dokon\u010den\u00fd vzhled, kter\u00fd m\u016f\u017ee doplnit r\u016fzn\u00e9 architektonick\u00e9 styly. V dob\u011b, kdy na designu z\u00e1le\u017e\u00ed stejn\u011b jako na funkci, je tato pozornost v\u011bnovan\u00e1 estetice v\u00fdznamn\u00fdm p\u0159\u00ednosem, kter\u00fd nelze p\u0159ehl\u00e9dnout.<\/p>\n<p>Krom\u011b toho je udr\u017eitelnost ve stavebnictv\u00ed st\u00e1le d\u016fle\u017eit\u011bj\u0161\u00ed a Inside Corner je s t\u00edmto trendem v souladu. Mnoho v\u00fdrobc\u016f nyn\u00ed vyr\u00e1b\u00ed tyto komponenty z ekologick\u00fdch materi\u00e1l\u016f, co\u017e zaji\u0161\u0165uje, \u017ee stavebnictv\u00ed m\u016f\u017ee postupovat bez ohro\u017een\u00ed \u017eivotn\u00edho prost\u0159ed\u00ed. V\u00fdb\u011brem udr\u017eiteln\u00fdch mo\u017enost\u00ed mohou stavitel\u00e9 p\u0159isp\u011bt ke zdrav\u011bj\u0161\u00ed planet\u011b a z\u00e1rove\u0148 dos\u00e1hnout po\u017eadovan\u00e9 konstruk\u010dn\u00ed integrity.<\/p>\n<h3>N\u00e1kladov\u00e1 efektivita a dlouhodob\u00e9 p\u0159\u00ednosy<\/h3>\n<p>Z hlediska n\u00e1kladov\u00e9 efektivity p\u0159edstavuje Inside Corner p\u0159esv\u011bd\u010div\u00fd argument. I kdy\u017e se po\u010d\u00e1te\u010dn\u00ed investice m\u016f\u017ee zd\u00e1t skromn\u00e1, dlouhodob\u00e9 \u00faspory d\u00edky ni\u017e\u0161\u00edm n\u00e1klad\u016fm na pracovn\u00ed s\u00edlu, men\u0161\u00edmu pl\u00fdtv\u00e1n\u00ed materi\u00e1lem a men\u0161\u00ed \u00fadr\u017eb\u011b z n\u011bj \u010din\u00ed rozumnou volbu pro jak\u00fdkoli projekt. Trvanlivost a \u00fa\u010dinnost tohoto v\u00fdrobku znamen\u00e1, \u017ee se \u010dasem vr\u00e1t\u00ed, co\u017e z n\u011bj \u010din\u00ed vynikaj\u00edc\u00ed investici pro stavitele i dodavatele.<\/p>\n<p>Dal\u0161\u00edm aspektem, kter\u00fd je t\u0159eba zv\u00e1\u017eit, je podpora poskytovan\u00e1 v\u00fdrobci vnit\u0159n\u00edho rohu. Mnoho renomovan\u00fdch spole\u010dnost\u00ed nab\u00edz\u00ed komplexn\u00ed z\u00e1kaznick\u00fd servis, v\u010detn\u011b podrobn\u00fdch n\u00e1vod\u016f k instalaci, technick\u00e9 podpory a dokonce i \u0161kolen\u00ed pro t\u00fdmy. Tento druh asistence zaji\u0161\u0165uje, \u017ee i ti, kdo se stavebnictv\u00edm teprve za\u010d\u00ednaj\u00ed, mohou tento produkt s jistotou integrovat, co\u017e d\u00e1le zvy\u0161uje jeho atraktivitu.<\/p>\n<h3>Z\u00e1v\u011br: P\u0159ijet\u00ed inovac\u00ed ve stavebn\u00edch postupech<\/h3>\n<p>Kdy\u017e pronikneme hloub\u011bji do sv\u011bta stavebn\u00edch materi\u00e1l\u016f, je z\u0159ejm\u00e9, \u017ee vnit\u0159n\u00ed roh nen\u00ed jen pouh\u00fdm spojovac\u00edm prvkem, ale z\u00e1sadn\u00edm prvkem, kter\u00fd ovliv\u0148uje \u00fasp\u011bch projektu. Jeho mnohostrann\u00e9 v\u00fdhody sahaj\u00ed od struktur\u00e1ln\u00ed integrity a estetick\u00e9ho vylep\u0161en\u00ed a\u017e po udr\u017eitelnost a \u00fasporu n\u00e1klad\u016f. Tento v\u00fdrobek vystihuje podstatu modern\u00edho stavebnictv\u00ed: efektivitu, spolehlivost a harmonii designu.<\/p>\n<p>Z\u00e1v\u011brem lze \u0159\u00edci, \u017ee vnit\u0159n\u00ed roh je nepostradatelnou sou\u010d\u00e1st\u00ed, kterou nen\u00ed radno podce\u0148ovat. Jej\u00ed \u00falohu p\u0159i dosahov\u00e1n\u00ed pevnosti i kr\u00e1sy roh\u016f nelze p\u0159ece\u0148ovat. V\u00fdb\u011brem tohoto v\u00fdrobku si mohou stavitel\u00e9 a dodavatel\u00e9 zajistit, \u017ee investuj\u00ed do \u0159e\u0161en\u00ed, kter\u00e9 nab\u00edz\u00ed dlouhodob\u00e9 v\u00fdhody a v kone\u010dn\u00e9m d\u016fsledku vede k \u00fasp\u011b\u0161n\u00fdm v\u00fdsledk\u016fm stavby. A\u0165 u\u017e pracujete na mal\u00e9 rekonstrukci, nebo na rozs\u00e1hl\u00e9m projektu, za\u010dlen\u011bn\u00ed vnit\u0159n\u00edho rohu m\u016f\u017ee v\u00fdrazn\u011b pozvednout va\u0161i pr\u00e1ci a p\u0159isp\u011bt k vytvo\u0159en\u00ed prostor, kter\u00e9 jsou nejen funk\u010dn\u00ed, ale tak\u00e9 vizu\u00e1ln\u011b \u00fachvatn\u00e9.<\/p>\n<p>Zaveden\u00ed metody Inside Corner do stavebn\u00edch postup\u016f je krokem ke zv\u00fd\u0161en\u00ed kvality a efektivity. D\u00edky sv\u00fdm pozoruhodn\u00fdm vlastnostem a v\u00fdhod\u00e1m vynik\u00e1 jako kl\u00ed\u010dov\u00fd hr\u00e1\u010d ve stavebnictv\u00ed. Pochopen\u00edm jeho hodnoty a jeho za\u010dlen\u011bn\u00edm do projekt\u016f zajist\u00edte, \u017ee va\u0161e rohy budou nejen funk\u010dn\u00ed, ale budou tak\u00e9 ned\u00edlnou sou\u010d\u00e1st\u00ed kr\u00e1sy a pevnosti va\u0161ich staveb.<\/p>","protected":false},"excerpt":{"rendered":"<p>Vnit\u0159n\u00ed roh je z\u00e1kladn\u00edm stavebn\u00edm prvkem, kter\u00fd je ur\u010den k zaji\u0161t\u011bn\u00ed struktur\u00e1ln\u00ed integrity a estetick\u00e9ho vzhledu roh\u016f. Tento v\u00fdrobek, navr\u017een\u00fd s ohledem na odolnost a v\u0161estrannost, je vhodn\u00fd pro r\u016fzn\u00e9 aplikace a zaji\u0161\u0165uje bezprobl\u00e9movou integraci se st\u00e1vaj\u00edc\u00edmi konstrukcemi. Jeho inovativn\u00ed konstrukce usnad\u0148uje instalaci a z\u00e1rove\u0148 zvy\u0161uje celkovou stabilitu, tak\u017ee je cenn\u00fdm dopl\u0148kem ka\u017ed\u00e9ho stavebn\u00edho projektu.<\/p>","protected":false},"featured_media":7979,"comment_status":"open","ping_status":"closed","template":"","meta":{"site-sidebar-layout":"default","site-content-layout":"","ast-site-content-layout":"default","site-content-style":"default","site-sidebar-style":"default","ast-global-header-display":"","ast-banner-title-visibility":"","ast-main-header-display":"","ast-hfb-above-header-display":"","ast-hfb-below-header-display":"","ast-hfb-mobile-header-display":"","site-post-title":"","ast-breadcrumbs-content":"","ast-featured-img":"","footer-sml-layout":"","theme-transparent-header-meta":"default","adv-header-id-meta":"","stick-header-meta":"default","header-above-stick-meta":"","header-main-stick-meta":"","header-below-stick-meta":"","astra-migrate-meta-layouts":"set","ast-page-background-enabled":"default","ast-page-background-meta":{"desktop":{"background-color":"","background-image":"","background-repeat":"repeat","background-position":"center center","background-size":"auto","background-attachment":"scroll","background-type":"","background-media":"","overlay-type":"","overlay-color":"","overlay-opacity":"","overlay-gradient":""},"tablet":{"background-color":"","background-image":"","background-repeat":"repeat","background-position":"center center","background-size":"auto","background-attachment":"scroll","background-type":"","background-media":"","overlay-type":"","overlay-color":"","overlay-opacity":"","overlay-gradient":""},"mobile":{"background-color":"","background-image":"","background-repeat":"repeat","background-position":"center center","background-size":"auto","background-attachment":"scroll","background-type":"","background-media":"","overlay-type":"","overlay-color":"","overlay-opacity":"","overlay-gradient":""}},"ast-content-background-meta":{"desktop":{"background-color":"var(--ast-global-color-5)","background-image":"","background-repeat":"repeat","background-position":"center center","background-size":"auto","background-attachment":"scroll","background-type":"","background-media":"","overlay-type":"","overlay-color":"","overlay-opacity":"","overlay-gradient":""},"tablet":{"background-color":"var(--ast-global-color-5)","background-image":"","background-repeat":"repeat","background-position":"center center","background-size":"auto","background-attachment":"scroll","background-type":"","background-media":"","overlay-type":"","overlay-color":"","overlay-opacity":"","overlay-gradient":""},"mobile":{"background-color":"var(--ast-global-color-5)","background-image":"","background-repeat":"repeat","background-position":"center center","background-size":"auto","background-attachment":"scroll","background-type":"","background-media":"","overlay-type":"","overlay-color":"","overlay-opacity":"","overlay-gradient":""}}},"product_brand":[],"product_cat":[29],"product_tag":[],"class_list":{"0":"post-7968","1":"product","2":"type-product","3":"status-publish","4":"has-post-thumbnail","6":"product_cat-formwork-system","7":"desktop-align-left","8":"tablet-align-left","9":"mobile-align-left","10":"ast-product-gallery-layout-horizontal-slider","11":"ast-product-tabs-layout-horizontal","13":"first","14":"instock","15":"shipping-taxable","16":"purchasable","17":"product-type-simple"},"yoast_head":"<!-- This site is optimized with the Yoast SEO plugin v25.2 - https:\/\/yoast.com\/wordpress\/plugins\/seo\/ -->\n<title>Inside Corner<\/title>\n<meta name=\"robots\" content=\"index, follow, max-snippet:-1, max-image-preview:large, max-video-preview:-1\" \/>\n<link rel=\"canonical\" href=\"https:\/\/qingdaohf.com\/cs\/produkt\/vnitrni-roh\/\" \/>\n<meta property=\"og:locale\" content=\"cs_CZ\" \/>\n<meta property=\"og:type\" content=\"article\" \/>\n<meta property=\"og:title\" content=\"Inside Corner\" \/>\n<meta property=\"og:description\" content=\"The Inside Corner is an essential component in construction, designed to provide structural integrity and aesthetic appeal in corners. Engineered for durability and versatility, this product is suitable for various applications, ensuring seamless integration with existing structures. Its innovative design facilitates easy installation while enhancing overall stability, making it a valuable addition to any building project.\" \/>\n<meta property=\"og:url\" content=\"https:\/\/qingdaohf.com\/cs\/produkt\/vnitrni-roh\/\" \/>\n<meta property=\"og:site_name\" content=\"Concrete Form &amp; Rigging Hardware Supplier\" \/>\n<meta property=\"article:publisher\" content=\"https:\/\/www.facebook.com\/qingdaohf\" \/>\n<meta property=\"article:modified_time\" content=\"2025-11-13T01:03:13+00:00\" \/>\n<meta property=\"og:image\" content=\"https:\/\/qingdaohf.com\/wp-content\/uploads\/2024\/09\/concrete-INSIDE-CORNER-1.webp\" \/>\n\t<meta property=\"og:image:width\" content=\"1000\" \/>\n\t<meta property=\"og:image:height\" content=\"1000\" \/>\n\t<meta property=\"og:image:type\" content=\"image\/webp\" \/>\n<meta name=\"twitter:card\" content=\"summary_large_image\" \/>\n<meta name=\"twitter:label1\" content=\"Odhadovan\u00e1 doba \u010dten\u00ed\" \/>\n\t<meta name=\"twitter:data1\" content=\"4 minuty\" \/>\n<script type=\"application\/ld+json\" class=\"yoast-schema-graph\">{\"@context\":\"https:\/\/schema.org\",\"@graph\":[{\"@type\":\"WebPage\",\"@id\":\"https:\/\/qingdaohf.com\/product\/inside-corner\/\",\"url\":\"https:\/\/qingdaohf.com\/product\/inside-corner\/\",\"name\":\"Inside Corner\",\"isPartOf\":{\"@id\":\"https:\/\/qingdaohf.com\/bg\/#website\"},\"primaryImageOfPage\":{\"@id\":\"https:\/\/qingdaohf.com\/product\/inside-corner\/#primaryimage\"},\"image\":{\"@id\":\"https:\/\/qingdaohf.com\/product\/inside-corner\/#primaryimage\"},\"thumbnailUrl\":\"https:\/\/qingdaohf.com\/wp-content\/uploads\/2024\/09\/concrete-INSIDE-CORNER-1.webp\",\"datePublished\":\"2024-09-30T06:05:29+00:00\",\"dateModified\":\"2025-11-13T01:03:13+00:00\",\"breadcrumb\":{\"@id\":\"https:\/\/qingdaohf.com\/product\/inside-corner\/#breadcrumb\"},\"inLanguage\":\"cs\",\"potentialAction\":[{\"@type\":\"ReadAction\",\"target\":[\"https:\/\/qingdaohf.com\/product\/inside-corner\/\"]}]},{\"@type\":\"ImageObject\",\"inLanguage\":\"cs\",\"@id\":\"https:\/\/qingdaohf.com\/product\/inside-corner\/#primaryimage\",\"url\":\"https:\/\/qingdaohf.com\/wp-content\/uploads\/2024\/09\/concrete-INSIDE-CORNER-1.webp\",\"contentUrl\":\"https:\/\/qingdaohf.com\/wp-content\/uploads\/2024\/09\/concrete-INSIDE-CORNER-1.webp\",\"width\":1000,\"height\":1000,\"caption\":\"INSIDE CORNER\"},{\"@type\":\"BreadcrumbList\",\"@id\":\"https:\/\/qingdaohf.com\/product\/inside-corner\/#breadcrumb\",\"itemListElement\":[{\"@type\":\"ListItem\",\"position\":1,\"name\":\"Home\",\"item\":\"https:\/\/qingdaohf.com\/\"},{\"@type\":\"ListItem\",\"position\":2,\"name\":\"Concrete Forming Accessories and Rigging Hardware\",\"item\":\"https:\/\/qingdaohf.com\/bg\/?page_id=944\"},{\"@type\":\"ListItem\",\"position\":3,\"name\":\"Inside Corner\"}]},{\"@type\":\"WebSite\",\"@id\":\"https:\/\/qingdaohf.com\/bg\/#website\",\"url\":\"https:\/\/qingdaohf.com\/bg\/\",\"name\":\"Concrete Form & Rigging Hardware Supplier\",\"description\":\"\",\"publisher\":{\"@id\":\"https:\/\/qingdaohf.com\/bg\/#organization\"},\"potentialAction\":[{\"@type\":\"SearchAction\",\"target\":{\"@type\":\"EntryPoint\",\"urlTemplate\":\"https:\/\/qingdaohf.com\/bg\/?s={search_term_string}\"},\"query-input\":{\"@type\":\"PropertyValueSpecification\",\"valueRequired\":true,\"valueName\":\"search_term_string\"}}],\"inLanguage\":\"cs\"},{\"@type\":\"Organization\",\"@id\":\"https:\/\/qingdaohf.com\/bg\/#organization\",\"name\":\"Qingdao H&F\",\"url\":\"https:\/\/qingdaohf.com\/bg\/\",\"logo\":{\"@type\":\"ImageObject\",\"inLanguage\":\"cs\",\"@id\":\"https:\/\/qingdaohf.com\/bg\/#\/schema\/logo\/image\/\",\"url\":\"https:\/\/qingdaohf.com\/wp-content\/uploads\/2022\/12\/cropped-HF-LOGO.png\",\"contentUrl\":\"https:\/\/qingdaohf.com\/wp-content\/uploads\/2022\/12\/cropped-HF-LOGO.png\",\"width\":391,\"height\":249,\"caption\":\"Qingdao H&F\"},\"image\":{\"@id\":\"https:\/\/qingdaohf.com\/bg\/#\/schema\/logo\/image\/\"},\"sameAs\":[\"https:\/\/www.facebook.com\/qingdaohf\"]}]}<\/script>\n<!-- \/ Yoast SEO plugin. -->","yoast_head_json":{"title":"Inside Corner","robots":{"index":"index","follow":"follow","max-snippet":"max-snippet:-1","max-image-preview":"max-image-preview:large","max-video-preview":"max-video-preview:-1"},"canonical":"https:\/\/qingdaohf.com\/cs\/produkt\/vnitrni-roh\/","og_locale":"cs_CZ","og_type":"article","og_title":"Inside Corner","og_description":"The Inside Corner is an essential component in construction, designed to provide structural integrity and aesthetic appeal in corners. Engineered for durability and versatility, this product is suitable for various applications, ensuring seamless integration with existing structures. Its innovative design facilitates easy installation while enhancing overall stability, making it a valuable addition to any building project.","og_url":"https:\/\/qingdaohf.com\/cs\/produkt\/vnitrni-roh\/","og_site_name":"Concrete Form &amp; Rigging Hardware Supplier","article_publisher":"https:\/\/www.facebook.com\/qingdaohf","article_modified_time":"2025-11-13T01:03:13+00:00","og_image":[{"width":1000,"height":1000,"url":"https:\/\/qingdaohf.com\/wp-content\/uploads\/2024\/09\/concrete-INSIDE-CORNER-1.webp","type":"image\/webp"}],"twitter_card":"summary_large_image","twitter_misc":{"Odhadovan\u00e1 doba \u010dten\u00ed":"4 minuty"},"schema":{"@context":"https:\/\/schema.org","@graph":[{"@type":"WebPage","@id":"https:\/\/qingdaohf.com\/product\/inside-corner\/","url":"https:\/\/qingdaohf.com\/product\/inside-corner\/","name":"Inside Corner","isPartOf":{"@id":"https:\/\/qingdaohf.com\/bg\/#website"},"primaryImageOfPage":{"@id":"https:\/\/qingdaohf.com\/product\/inside-corner\/#primaryimage"},"image":{"@id":"https:\/\/qingdaohf.com\/product\/inside-corner\/#primaryimage"},"thumbnailUrl":"https:\/\/qingdaohf.com\/wp-content\/uploads\/2024\/09\/concrete-INSIDE-CORNER-1.webp","datePublished":"2024-09-30T06:05:29+00:00","dateModified":"2025-11-13T01:03:13+00:00","breadcrumb":{"@id":"https:\/\/qingdaohf.com\/product\/inside-corner\/#breadcrumb"},"inLanguage":"cs","potentialAction":[{"@type":"ReadAction","target":["https:\/\/qingdaohf.com\/product\/inside-corner\/"]}]},{"@type":"ImageObject","inLanguage":"cs","@id":"https:\/\/qingdaohf.com\/product\/inside-corner\/#primaryimage","url":"https:\/\/qingdaohf.com\/wp-content\/uploads\/2024\/09\/concrete-INSIDE-CORNER-1.webp","contentUrl":"https:\/\/qingdaohf.com\/wp-content\/uploads\/2024\/09\/concrete-INSIDE-CORNER-1.webp","width":1000,"height":1000,"caption":"INSIDE CORNER"},{"@type":"BreadcrumbList","@id":"https:\/\/qingdaohf.com\/product\/inside-corner\/#breadcrumb","itemListElement":[{"@type":"ListItem","position":1,"name":"Home","item":"https:\/\/qingdaohf.com\/"},{"@type":"ListItem","position":2,"name":"Concrete Forming Accessories and Rigging Hardware","item":"https:\/\/qingdaohf.com\/bg\/?page_id=944"},{"@type":"ListItem","position":3,"name":"Inside Corner"}]},{"@type":"WebSite","@id":"https:\/\/qingdaohf.com\/bg\/#website","url":"https:\/\/qingdaohf.com\/bg\/","name":"Concrete Form & Rigging Hardware Supplier","description":"","publisher":{"@id":"https:\/\/qingdaohf.com\/bg\/#organization"},"potentialAction":[{"@type":"SearchAction","target":{"@type":"EntryPoint","urlTemplate":"https:\/\/qingdaohf.com\/bg\/?s={search_term_string}"},"query-input":{"@type":"PropertyValueSpecification","valueRequired":true,"valueName":"search_term_string"}}],"inLanguage":"cs"},{"@type":"Organization","@id":"https:\/\/qingdaohf.com\/bg\/#organization","name":"Qingdao H&F","url":"https:\/\/qingdaohf.com\/bg\/","logo":{"@type":"ImageObject","inLanguage":"cs","@id":"https:\/\/qingdaohf.com\/bg\/#\/schema\/logo\/image\/","url":"https:\/\/qingdaohf.com\/wp-content\/uploads\/2022\/12\/cropped-HF-LOGO.png","contentUrl":"https:\/\/qingdaohf.com\/wp-content\/uploads\/2022\/12\/cropped-HF-LOGO.png","width":391,"height":249,"caption":"Qingdao H&F"},"image":{"@id":"https:\/\/qingdaohf.com\/bg\/#\/schema\/logo\/image\/"},"sameAs":["https:\/\/www.facebook.com\/qingdaohf"]}]}},"_links":{"self":[{"href":"https:\/\/qingdaohf.com\/cs\/wp-json\/wp\/v2\/product\/7968","targetHints":{"allow":["GET"]}}],"collection":[{"href":"https:\/\/qingdaohf.com\/cs\/wp-json\/wp\/v2\/product"}],"about":[{"href":"https:\/\/qingdaohf.com\/cs\/wp-json\/wp\/v2\/types\/product"}],"replies":[{"embeddable":true,"href":"https:\/\/qingdaohf.com\/cs\/wp-json\/wp\/v2\/comments?post=7968"}],"version-history":[{"count":2,"href":"https:\/\/qingdaohf.com\/cs\/wp-json\/wp\/v2\/product\/7968\/revisions"}],"predecessor-version":[{"id":7982,"href":"https:\/\/qingdaohf.com\/cs\/wp-json\/wp\/v2\/product\/7968\/revisions\/7982"}],"wp:featuredmedia":[{"embeddable":true,"href":"https:\/\/qingdaohf.com\/cs\/wp-json\/wp\/v2\/media\/7979"}],"wp:attachment":[{"href":"https:\/\/qingdaohf.com\/cs\/wp-json\/wp\/v2\/media?parent=7968"}],"wp:term":[{"taxonomy":"product_brand","embeddable":true,"href":"https:\/\/qingdaohf.com\/cs\/wp-json\/wp\/v2\/product_brand?post=7968"},{"taxonomy":"product_cat","embeddable":true,"href":"https:\/\/qingdaohf.com\/cs\/wp-json\/wp\/v2\/product_cat?post=7968"},{"taxonomy":"product_tag","embeddable":true,"href":"https:\/\/qingdaohf.com\/cs\/wp-json\/wp\/v2\/product_tag?post=7968"}],"curies":[{"name":"wp","href":"https:\/\/api.w.org\/{rel}","templated":true}]}}