{"id":8075,"date":"2024-10-16T11:55:09","date_gmt":"2024-10-16T03:55:09","guid":{"rendered":"http:\/\/qingdaohf.com\/?post_type=product&#038;p=8075"},"modified":"2025-11-13T09:03:13","modified_gmt":"2025-11-13T01:03:13","slug":"air-vent-grille-covers","status":"publish","type":"product","link":"https:\/\/qingdaohf.com\/cs\/produkt\/kryty-vetracich-mrizek\/","title":{"rendered":"Kryty v\u011btrac\u00edch m\u0159\u00ed\u017eek"},"content":{"rendered":"<p>Kryty v\u011btrac\u00edch m\u0159\u00ed\u017eek hraj\u00ed kl\u00ed\u010dovou roli p\u0159i udr\u017eov\u00e1n\u00ed p\u0159\u00edjemn\u00e9ho a zdrav\u00e9ho vnit\u0159n\u00edho prost\u0159ed\u00ed. Tyto sou\u010d\u00e1sti, kter\u00e9 jsou \u010dasto p\u0159ehl\u00ed\u017eeny, maj\u00ed z\u00e1sadn\u00ed v\u00fdznam pro regulaci proud\u011bn\u00ed vzduchu, minimalizaci hromad\u011bn\u00ed prachu a p\u0159isp\u00edvaj\u00ed k celkov\u00e9 \u00fa\u010dinnosti v\u011btrac\u00edho syst\u00e9mu. Na\u0161e kryty v\u011btrac\u00edch m\u0159\u00ed\u017eek jsou navr\u017eeny s ohledem na funk\u010dnost i styl a nab\u00edzej\u00ed dokonalou rovnov\u00e1hu mezi v\u00fdkonem a vizu\u00e1ln\u00edm vzhledem pro r\u016fzn\u00e1 prost\u0159ed\u00ed.<\/p>\n<h3>Zlep\u0161en\u00ed kvality vnit\u0159n\u00edho vzduchu a pohodl\u00ed<\/h3>\n<p>Dobr\u00e1 cirkulace vzduchu je z\u00e1kladem ka\u017ed\u00e9ho dob\u0159e udr\u017eovan\u00e9ho prostoru, a\u0165 u\u017e jde o \u00fatuln\u00fd domov nebo ru\u0161nou komer\u010dn\u00ed budovu. Spr\u00e1vn\u011b funguj\u00edc\u00ed kryty v\u011btrac\u00edch m\u0159\u00ed\u017eek zaji\u0161\u0165uj\u00ed voln\u00fd pohyb vzduchu v m\u00edstnostech, co\u017e umo\u017e\u0148uje topn\u00fdm, chladic\u00edm a ventila\u010dn\u00edm syst\u00e9m\u016fm pracovat s maxim\u00e1ln\u00ed \u00fa\u010dinnost\u00ed. S na\u0161imi kryty v\u011btrac\u00edch m\u0159\u00ed\u017eek je distribuce vzduchu rovnom\u011brn\u011bj\u0161\u00ed, co\u017e vede k lep\u0161\u00ed regulaci teploty a sn\u00ed\u017een\u00ed v\u00fdskytu ne\u017e\u00e1douc\u00edch hork\u00fdch nebo studen\u00fdch m\u00edst.<\/p>\n<p>Krom\u011b lep\u0161\u00edho komfortu m\u016f\u017ee spr\u00e1vn\u00fd kryt m\u0159\u00ed\u017eky v\u00fdrazn\u011b zlep\u0161it kvalitu vzduchu v m\u00edstnosti. T\u00edm, \u017ee filtruj\u00ed v\u011bt\u0161\u00ed prachov\u00e9 \u010d\u00e1stice a zabra\u0148uj\u00ed vnik\u00e1n\u00ed ne\u010distot do potrub\u00ed, pom\u00e1haj\u00ed tyto kryty udr\u017eovat \u010dist\u0161\u00ed prost\u0159ed\u00ed. Tato v\u00fdhoda je obzvl\u00e1\u0161t\u011b cenn\u00e1 v dom\u00e1cnostech s alergiemi nebo respira\u010dn\u00edmi probl\u00e9my, kde udr\u017een\u00ed bezpra\u0161n\u00e9ho prostoru m\u016f\u017ee m\u00edt velk\u00fd v\u00fdznam. Investice do kvalitn\u00edch kryt\u016f v\u011btrac\u00edch m\u0159\u00ed\u017eek tak p\u0159isp\u00edv\u00e1 ke zdrav\u011bj\u0161\u00edmu a p\u0159\u00edjemn\u011bj\u0161\u00edmu bydlen\u00ed.<\/p>\n<h3>Odoln\u00e1 konstrukce pro dlouhodob\u00fd v\u00fdkon<\/h3>\n<p>Jednou z v\u00fdrazn\u00fdch vlastnost\u00ed na\u0161ich kryt\u016f v\u011btrac\u00edch m\u0159\u00ed\u017eek je jejich robustn\u00ed konstrukce. Tyto kryty jsou vyrobeny z prvot\u0159\u00eddn\u00edch materi\u00e1l\u016f a odol\u00e1vaj\u00ed zkou\u0161ce \u010dasu. Na rozd\u00edl od standardn\u00edch mo\u017enost\u00ed, kter\u00e9 se mohou rychle opot\u0159ebovat nebo znehodnotit, si na\u0161e kryty m\u0159\u00ed\u017eek zachov\u00e1vaj\u00ed svou struktur\u00e1ln\u00ed integritu, a to i v m\u00edstech s vysok\u00fdm pohybem osob nebo prom\u011bnliv\u00fdmi teplotn\u00edmi podm\u00ednkami. Tato odolnost zaru\u010duje, \u017ee po instalaci se m\u016f\u017eete spolehnout, \u017ee tyto kryty budou spolehliv\u011b fungovat bez nutnosti \u010dast\u00fdch v\u00fdm\u011bn.<\/p>\n<p>Konstrukce t\u011bchto kryt\u016f m\u0159\u00ed\u017eek je rovn\u011b\u017e zam\u011b\u0159ena na snadnou \u00fadr\u017ebu. Jejich hladk\u00fd povrch a dob\u0159e navr\u017een\u00e9 lamely umo\u017e\u0148uj\u00ed bezprobl\u00e9mov\u00e9 \u010di\u0161t\u011bn\u00ed. T\u00edm, \u017ee minimalizuj\u00ed usazov\u00e1n\u00ed prachu na samotn\u00e9m krytu, sni\u017euj\u00ed \u010das a \u00fasil\u00ed pot\u0159ebn\u00e9 k \u00fadr\u017eb\u011b. Tato snadn\u00e1 \u00fadr\u017eba nejen\u017ee udr\u017euje hladk\u00fd chod va\u0161eho ventila\u010dn\u00edho syst\u00e9mu, ale tak\u00e9 pom\u00e1h\u00e1 prodlou\u017eit \u017eivotnost komponent\u016f HVAC t\u00edm, \u017ee zabra\u0148uje jejich zan\u00e1\u0161en\u00ed a neefektivit\u011b.<\/p>\n<p>Krom\u011b robustn\u00ed konstrukce se na\u0161e kryty v\u011btrac\u00edch m\u0159\u00ed\u017eek dod\u00e1vaj\u00ed v r\u016fzn\u00fdch povrchov\u00fdch \u00faprav\u00e1ch, kter\u00e9 zaji\u0161\u0165uj\u00ed, \u017ee budou ladit s estetikou va\u0161eho prostoru. Od elegantn\u00edch, modern\u00edch styl\u016f, kter\u00e9 dokonale lad\u00ed s modern\u00edmi interi\u00e9ry, a\u017e po klasick\u00e9 vzory, kter\u00e9 dopl\u0148uj\u00ed tradi\u010dn\u00ed dekorace - v nab\u00eddce najdete kryt m\u0159\u00ed\u017eky, kter\u00fd vyhov\u00ed ka\u017ed\u00e9mu. D\u00edky t\u00e9to univerz\u00e1lnosti jsou skv\u011blou volbou jak pro novostavby, tak pro rekonstrukce.<\/p>\n<h3>Udr\u017eiteln\u00e1 volba pro ekologicky \u0161etrn\u00fd prostor<\/h3>\n<p>V dne\u0161n\u00edm sv\u011bt\u011b je ekologick\u00e9 rozhodov\u00e1n\u00ed d\u016fle\u017eit\u011bj\u0161\u00ed ne\u017e kdykoli p\u0159edt\u00edm. Na\u0161e kryty v\u011btrac\u00edch m\u0159\u00ed\u017eek jsou navr\u017eeny s ohledem na udr\u017eitelnost a pou\u017e\u00edvaj\u00ed materi\u00e1ly, kter\u00e9 jsou nejen odoln\u00e9, ale tak\u00e9 \u0161etrn\u00e9 k \u017eivotn\u00edmu prost\u0159ed\u00ed. V\u00fdb\u011brem v\u00fdrobk\u016f, kter\u00e9 jsou vyrobeny tak, aby vydr\u017eely, p\u0159isp\u00edv\u00e1te ke sn\u00ed\u017een\u00ed mno\u017estv\u00ed odpadu, proto\u017ee nen\u00ed t\u0159eba je tak \u010dasto vym\u011b\u0148ovat. Tato dlouh\u00e1 \u017eivotnost je v souladu s c\u00edli minimalizace dopadu na \u017eivotn\u00ed prost\u0159ed\u00ed a podpory udr\u017eiteln\u011bj\u0161\u00ed budoucnosti.<\/p>\n<p>Krom\u011b toho mohou tyto kryty m\u0159\u00ed\u017eek d\u00edky zv\u00fd\u0161en\u00ed \u00fa\u010dinnosti ventila\u010dn\u00edho syst\u00e9mu p\u0159isp\u011bt ke sn\u00ed\u017een\u00ed spot\u0159eby energie. \u00da\u010dinn\u00e1 distribuce vzduchu znamen\u00e1, \u017ee syst\u00e9my vyt\u00e1p\u011bn\u00ed a chlazen\u00ed nemus\u00ed pracovat tak intenzivn\u011b, aby udr\u017eely po\u017eadovanou teplotu, co\u017e vede k ni\u017e\u0161\u00edm \u00fa\u010dt\u016fm za energii a men\u0161\u00edmu zat\u00ed\u017een\u00ed syst\u00e9mu. V komer\u010dn\u00edm prost\u0159ed\u00ed to m\u016f\u017ee v pr\u016fb\u011bhu \u010dasu znamenat v\u00fdrazn\u00e9 \u00faspory n\u00e1klad\u016f, tak\u017ee na\u0161e kryty m\u0159\u00ed\u017eek jsou rozumnou investic\u00ed pro podniky, kter\u00e9 cht\u011bj\u00ed optimalizovat spot\u0159ebu energie.<\/p>\n<p>N\u00e1\u0161 z\u00e1vazek k udr\u017eitelnosti p\u0159esahuje v\u00fdkonnost v\u00fdrobk\u016f. Zaji\u0161\u0165ujeme, aby v\u00fdrobn\u00ed proces t\u011bchto kryt\u016f v\u011btrac\u00edch m\u0159\u00ed\u017eek dodr\u017eoval ekologick\u00e9 normy, minimalizoval mno\u017estv\u00ed odpadu a pou\u017e\u00edval energeticky \u00fa\u010dinn\u00e9 metody. D\u00edky t\u00e9to oddanosti ekologick\u00fdm postup\u016fm jsou na\u0161e kryty m\u0159\u00ed\u017eek vhodnou volbou pro ty, kte\u0159\u00ed si cen\u00ed ekologick\u00fdch stavebn\u00edch z\u00e1sad a cht\u011bj\u00ed je za\u010dlenit do sv\u00fdch projekt\u016f.<\/p>\n<h3>Ide\u00e1ln\u00ed pro obytn\u00e9 a komer\u010dn\u00ed prostory<\/h3>\n<p>A\u0165 u\u017e modernizujete v\u011btr\u00e1n\u00ed v dom\u00e1cnosti, kancel\u00e1\u0159i nebo obchodn\u00edm prostoru, na\u0161e kryty v\u011btrac\u00edch m\u0159\u00ed\u017eek jsou navr\u017eeny tak, aby spl\u0148ovaly po\u017eadavky r\u016fzn\u00fdch prost\u0159ed\u00ed. V obytn\u00fdch prostorech nab\u00edzej\u00ed decentn\u00ed a p\u0159itom stylov\u00fd zp\u016fsob, jak zlep\u0161it proud\u011bn\u00ed vzduchu a z\u00e1rove\u0148 dokonale splynout s designem interi\u00e9ru. Rodiny mohou vyu\u017e\u00edvat v\u00fdhod lep\u0161\u00ed kvality vzduchu, zejm\u00e9na v ob\u00fdvac\u00edch pokoj\u00edch, lo\u017enic\u00edch a dal\u0161\u00edch vysoce frekventovan\u00fdch prostor\u00e1ch, kde je d\u016fle\u017eit\u00e9 udr\u017eet p\u0159\u00edjemnou atmosf\u00e9ru.<\/p>\n<p>V komer\u010dn\u00edch prostor\u00e1ch, jako jsou kancel\u00e1\u0159sk\u00e9 budovy nebo maloobchodn\u00ed prodejny, hraje v\u011btr\u00e1n\u00ed z\u00e1sadn\u00ed roli p\u0159i zaji\u0161\u0165ov\u00e1n\u00ed pohodl\u00ed zam\u011bstnanc\u016f i z\u00e1kazn\u00edk\u016f. Na\u0161e kryty m\u0159\u00ed\u017eek p\u0159edstavuj\u00ed \u00fa\u010dinn\u00e9 \u0159e\u0161en\u00ed pro \u0159\u00edzen\u00ed proud\u011bn\u00ed vzduchu, kter\u00e9 pom\u00e1h\u00e1 udr\u017eovat sv\u011b\u017e\u00ed a p\u0159\u00edjemn\u00e9 prost\u0159ed\u00ed. Jejich odoln\u00e1 konstrukce zaji\u0161\u0165uje, \u017ee zvl\u00e1dnou n\u00e1roky vysoce frekventovan\u00fdch prostor, zat\u00edmco jejich modern\u00ed vzhled p\u0159isp\u00edv\u00e1 k profesion\u00e1ln\u00edmu a uhlazen\u00e9mu vzhledu.<\/p>\n<p>Krom\u011b toho jsou na\u0161e kryty v\u011btrac\u00edch m\u0159\u00ed\u017eek k dispozici v r\u016fzn\u00fdch velikostech, co\u017e zaji\u0161\u0165uje dokonal\u00e9 p\u0159izp\u016fsoben\u00ed jak\u00e9mukoli otvoru potrub\u00ed. K dispozici jsou tak\u00e9 mo\u017enosti p\u0159izp\u016fsoben\u00ed, kter\u00e9 v\u00e1m umo\u017en\u00ed vybrat si velikost a povrchovou \u00fapravu, kter\u00e1 nejl\u00e9pe odpov\u00edd\u00e1 va\u0161im specifick\u00fdm pot\u0159eb\u00e1m. Tato p\u0159izp\u016fsobivost zaru\u010duje, \u017ee ka\u017ed\u00e1 instalace bude bezprobl\u00e9mov\u00e1 a nebude t\u0159eba prov\u00e1d\u011bt \u017e\u00e1dn\u00e9 dal\u0161\u00ed \u00fapravy nebo zm\u011bny. Znamen\u00e1 to tak\u00e9, \u017ee m\u016f\u017eete dos\u00e1hnout jednotn\u00e9ho vzhledu v cel\u00e9m prostoru, co\u017e zvy\u0161uje celkovou soudr\u017enost designu va\u0161eho interi\u00e9ru.<\/p>\n<h3>Vyu\u017eijte v\u00fdhod \u0161pi\u010dkov\u00fdch \u0159e\u0161en\u00ed v\u011btr\u00e1n\u00ed<\/h3>\n<p>Investice do na\u0161ich kryt\u016f v\u011btrac\u00edch m\u0159\u00ed\u017eek je v\u00edce ne\u017e jen kosmetick\u00fdm vylep\u0161en\u00edm - p\u0159edstavuje funk\u010dn\u00ed vylep\u0161en\u00ed cel\u00e9ho v\u011btrac\u00edho syst\u00e9mu. V\u00fdb\u011br kvalitn\u00edch kryt\u016f m\u0159\u00ed\u017eek m\u016f\u017ee ovlivnit \u00fa\u010dinnost pohybu vzduchu, \u010distotu va\u0161eho prostoru a dokonce i \u017eivotnost va\u0161eho syst\u00e9mu HVAC. Na\u0161e v\u00fdrobky spl\u0148uj\u00ed v\u0161echny tyto po\u017eadavky, a proto jsou cenn\u00fdm dopl\u0148kem ka\u017ed\u00e9 dom\u00e1cnosti nebo firmy.<\/p>\n<p>V\u00fdb\u011brem na\u0161ich kryt\u016f m\u0159\u00ed\u017e\u00ed d\u00e1v\u00e1te p\u0159ednost nejen pohodl\u00ed a pohod\u011b t\u011bch, kte\u0159\u00ed v\u00e1\u0161 prostor vyu\u017e\u00edvaj\u00ed, ale tak\u00e9 podnik\u00e1te kroky sm\u011brem k udr\u017eiteln\u011bj\u0161\u00ed a n\u00e1kladov\u011b efektivn\u011bj\u0161\u00ed budoucnosti. D\u00edky lep\u0161\u00edmu proud\u011bn\u00ed vzduchu a designu, kter\u00fd odol\u00e1 zkou\u0161ce \u010dasem, v\u00e1m tyto kryty zajist\u00ed, \u017ee si budete moci u\u017e\u00edvat v\u00fdhod optimalizovan\u00e9ho v\u011btrac\u00edho syst\u00e9mu po mnoho let. Vyzkou\u0161ejte rozd\u00edl, kter\u00fd mohou p\u0159in\u00e9st kvalitn\u00ed v\u011btrac\u00ed \u0159e\u0161en\u00ed, a pozvedn\u011bte sv\u016fj prostor d\u00edky na\u0161im odborn\u011b zpracovan\u00fdm kryt\u016fm v\u011btrac\u00edch m\u0159\u00ed\u017eek.<\/p>\n<p>Na\u0161e odhodl\u00e1n\u00ed poskytovat \u0161pi\u010dkov\u00e9 produkty ve spojen\u00ed s v\u00fdjime\u010dn\u00fdm z\u00e1kaznick\u00fdm servisem zaji\u0161\u0165uje, \u017ee va\u0161e zku\u0161enosti s n\u00e1mi budou bezprobl\u00e9mov\u00e9 od za\u010d\u00e1tku a\u017e do konce. Ch\u00e1peme d\u016fle\u017eitost spolehliv\u00e9ho a \u00fa\u010dinn\u00e9ho v\u011btrac\u00edho syst\u00e9mu a na\u0161e kryty v\u011btrac\u00edch m\u0159\u00ed\u017eek jsou navr\u017eeny tak, aby p\u0159esn\u011b to poskytovaly. D\u00edky kombinaci odolnosti, estetick\u00e9ho vzhledu a udr\u017eiteln\u00e9ho designu p\u0159edstavuj\u00ed tyto kryty promy\u0161lenou volbu pro ty, kte\u0159\u00ed oce\u0148uj\u00ed kvalitu a v\u00fdkon v ka\u017ed\u00e9m detailu.<\/p>\n<p>Vylep\u0161ete sv\u016fj v\u011btrac\u00ed syst\u00e9m je\u0161t\u011b dnes a zjist\u011bte, jak na\u0161e kryty v\u011btrac\u00edch m\u0159\u00ed\u017eek mohou prom\u011bnit v\u00e1\u0161 prostor v pohodln\u011bj\u0161\u00ed, energeticky \u00fasporn\u011bj\u0161\u00ed a stylov\u011bj\u0161\u00ed. Ji\u017e p\u0159i prvn\u00edm n\u00e1dechu \u010derstv\u00e9ho vzduchu si v\u0161imnete rozd\u00edlu, kter\u00fd mohou p\u0159in\u00e9st pr\u00e9miov\u00e9 kryty m\u0159\u00ed\u017eek, kter\u00e9 va\u0161emu domovu nebo firm\u011b p\u0159inesou trvalou hodnotu.<\/p>","protected":false},"excerpt":{"rendered":"<p>Vylep\u0161ete sv\u016fj ventila\u010dn\u00ed syst\u00e9m pomoc\u00ed na\u0161ich vysoce kvalitn\u00edch kryt\u016f v\u011btrac\u00edch m\u0159\u00ed\u017eek, kter\u00e9 jsou navr\u017eeny pro optim\u00e1ln\u00ed proud\u011bn\u00ed vzduchu a modern\u00ed estetiku. Tyto kryty jsou vyrobeny z odoln\u00fdch materi\u00e1l\u016f, zlep\u0161uj\u00ed cirkulaci vzduchu, omezuj\u00ed usazov\u00e1n\u00ed prachu a dokonale lad\u00ed s jak\u00fdmkoli interi\u00e9rem. Jsou ide\u00e1ln\u00ed pro obytn\u00e9 i komer\u010dn\u00ed prostory a zaji\u0161\u0165uj\u00ed \u010dist\u0161\u00ed a sv\u011b\u017eej\u0161\u00ed prost\u0159ed\u00ed.<\/p>","protected":false},"featured_media":8080,"comment_status":"open","ping_status":"closed","template":"","meta":{"site-sidebar-layout":"default","site-content-layout":"","ast-site-content-layout":"default","site-content-style":"default","site-sidebar-style":"default","ast-global-header-display":"","ast-banner-title-visibility":"","ast-main-header-display":"","ast-hfb-above-header-display":"","ast-hfb-below-header-display":"","ast-hfb-mobile-header-display":"","site-post-title":"","ast-breadcrumbs-content":"","ast-featured-img":"","footer-sml-layout":"","theme-transparent-header-meta":"default","adv-header-id-meta":"","stick-header-meta":"default","header-above-stick-meta":"","header-main-stick-meta":"","header-below-stick-meta":"","astra-migrate-meta-layouts":"set","ast-page-background-enabled":"default","ast-page-background-meta":{"desktop":{"background-color":"","background-image":"","background-repeat":"repeat","background-position":"center center","background-size":"auto","background-attachment":"scroll","background-type":"","background-media":"","overlay-type":"","overlay-color":"","overlay-opacity":"","overlay-gradient":""},"tablet":{"background-color":"","background-image":"","background-repeat":"repeat","background-position":"center center","background-size":"auto","background-attachment":"scroll","background-type":"","background-media":"","overlay-type":"","overlay-color":"","overlay-opacity":"","overlay-gradient":""},"mobile":{"background-color":"","background-image":"","background-repeat":"repeat","background-position":"center center","background-size":"auto","background-attachment":"scroll","background-type":"","background-media":"","overlay-type":"","overlay-color":"","overlay-opacity":"","overlay-gradient":""}},"ast-content-background-meta":{"desktop":{"background-color":"var(--ast-global-color-5)","background-image":"","background-repeat":"repeat","background-position":"center center","background-size":"auto","background-attachment":"scroll","background-type":"","background-media":"","overlay-type":"","overlay-color":"","overlay-opacity":"","overlay-gradient":""},"tablet":{"background-color":"var(--ast-global-color-5)","background-image":"","background-repeat":"repeat","background-position":"center center","background-size":"auto","background-attachment":"scroll","background-type":"","background-media":"","overlay-type":"","overlay-color":"","overlay-opacity":"","overlay-gradient":""},"mobile":{"background-color":"var(--ast-global-color-5)","background-image":"","background-repeat":"repeat","background-position":"center center","background-size":"auto","background-attachment":"scroll","background-type":"","background-media":"","overlay-type":"","overlay-color":"","overlay-opacity":"","overlay-gradient":""}}},"product_brand":[],"product_cat":[50],"product_tag":[],"class_list":{"0":"post-8075","1":"product","2":"type-product","3":"status-publish","4":"has-post-thumbnail","6":"product_cat-concrete-form-accessories","7":"desktop-align-left","8":"tablet-align-left","9":"mobile-align-left","10":"ast-product-gallery-layout-horizontal-slider","11":"ast-product-tabs-layout-horizontal","13":"first","14":"instock","15":"shipping-taxable","16":"purchasable","17":"product-type-simple"},"yoast_head":"<!-- This site is optimized with the Yoast SEO plugin v25.2 - https:\/\/yoast.com\/wordpress\/plugins\/seo\/ -->\n<title>Air Vent Grille Covers<\/title>\n<meta name=\"robots\" content=\"index, follow, max-snippet:-1, max-image-preview:large, max-video-preview:-1\" \/>\n<link rel=\"canonical\" href=\"https:\/\/qingdaohf.com\/cs\/produkt\/kryty-vetracich-mrizek\/\" \/>\n<meta property=\"og:locale\" content=\"cs_CZ\" \/>\n<meta property=\"og:type\" content=\"article\" \/>\n<meta property=\"og:title\" content=\"Air Vent Grille Covers\" \/>\n<meta property=\"og:description\" content=\"Upgrade your ventilation system with our high-quality Air Vent Grille Covers, designed for optimal airflow and modern aesthetics. Made from durable materials, these covers enhance air circulation, reduce dust buildup, and blend seamlessly with any interior decor. Ideal for both residential and commercial spaces, they ensure a cleaner, fresher environment.\" \/>\n<meta property=\"og:url\" content=\"https:\/\/qingdaohf.com\/cs\/produkt\/kryty-vetracich-mrizek\/\" \/>\n<meta property=\"og:site_name\" content=\"Concrete Form &amp; Rigging Hardware Supplier\" \/>\n<meta property=\"article:publisher\" content=\"https:\/\/www.facebook.com\/qingdaohf\" \/>\n<meta property=\"article:modified_time\" content=\"2025-11-13T01:03:13+00:00\" \/>\n<meta property=\"og:image\" content=\"https:\/\/qingdaohf.com\/wp-content\/uploads\/2024\/10\/Air-vent-grille-covers-3.webp\" \/>\n\t<meta property=\"og:image:width\" content=\"1000\" \/>\n\t<meta property=\"og:image:height\" content=\"1000\" \/>\n\t<meta property=\"og:image:type\" content=\"image\/webp\" \/>\n<meta name=\"twitter:card\" content=\"summary_large_image\" \/>\n<meta name=\"twitter:label1\" content=\"Odhadovan\u00e1 doba \u010dten\u00ed\" \/>\n\t<meta name=\"twitter:data1\" content=\"6 minut\" \/>\n<script type=\"application\/ld+json\" class=\"yoast-schema-graph\">{\"@context\":\"https:\/\/schema.org\",\"@graph\":[{\"@type\":\"WebPage\",\"@id\":\"https:\/\/qingdaohf.com\/product\/air-vent-grille-covers\/\",\"url\":\"https:\/\/qingdaohf.com\/product\/air-vent-grille-covers\/\",\"name\":\"Air Vent Grille Covers\",\"isPartOf\":{\"@id\":\"https:\/\/qingdaohf.com\/bg\/#website\"},\"primaryImageOfPage\":{\"@id\":\"https:\/\/qingdaohf.com\/product\/air-vent-grille-covers\/#primaryimage\"},\"image\":{\"@id\":\"https:\/\/qingdaohf.com\/product\/air-vent-grille-covers\/#primaryimage\"},\"thumbnailUrl\":\"https:\/\/qingdaohf.com\/wp-content\/uploads\/2024\/10\/Air-vent-grille-covers-3.webp\",\"datePublished\":\"2024-10-16T03:55:09+00:00\",\"dateModified\":\"2025-11-13T01:03:13+00:00\",\"breadcrumb\":{\"@id\":\"https:\/\/qingdaohf.com\/product\/air-vent-grille-covers\/#breadcrumb\"},\"inLanguage\":\"cs\",\"potentialAction\":[{\"@type\":\"ReadAction\",\"target\":[\"https:\/\/qingdaohf.com\/product\/air-vent-grille-covers\/\"]}]},{\"@type\":\"ImageObject\",\"inLanguage\":\"cs\",\"@id\":\"https:\/\/qingdaohf.com\/product\/air-vent-grille-covers\/#primaryimage\",\"url\":\"https:\/\/qingdaohf.com\/wp-content\/uploads\/2024\/10\/Air-vent-grille-covers-3.webp\",\"contentUrl\":\"https:\/\/qingdaohf.com\/wp-content\/uploads\/2024\/10\/Air-vent-grille-covers-3.webp\",\"width\":1000,\"height\":1000,\"caption\":\"Air vent grille covers\"},{\"@type\":\"BreadcrumbList\",\"@id\":\"https:\/\/qingdaohf.com\/product\/air-vent-grille-covers\/#breadcrumb\",\"itemListElement\":[{\"@type\":\"ListItem\",\"position\":1,\"name\":\"Home\",\"item\":\"https:\/\/qingdaohf.com\/\"},{\"@type\":\"ListItem\",\"position\":2,\"name\":\"Concrete Forming Accessories and Rigging Hardware\",\"item\":\"https:\/\/qingdaohf.com\/bg\/?page_id=944\"},{\"@type\":\"ListItem\",\"position\":3,\"name\":\"Air Vent Grille Covers\"}]},{\"@type\":\"WebSite\",\"@id\":\"https:\/\/qingdaohf.com\/bg\/#website\",\"url\":\"https:\/\/qingdaohf.com\/bg\/\",\"name\":\"Concrete Form & Rigging Hardware Supplier\",\"description\":\"\",\"publisher\":{\"@id\":\"https:\/\/qingdaohf.com\/bg\/#organization\"},\"potentialAction\":[{\"@type\":\"SearchAction\",\"target\":{\"@type\":\"EntryPoint\",\"urlTemplate\":\"https:\/\/qingdaohf.com\/bg\/?s={search_term_string}\"},\"query-input\":{\"@type\":\"PropertyValueSpecification\",\"valueRequired\":true,\"valueName\":\"search_term_string\"}}],\"inLanguage\":\"cs\"},{\"@type\":\"Organization\",\"@id\":\"https:\/\/qingdaohf.com\/bg\/#organization\",\"name\":\"Qingdao H&F\",\"url\":\"https:\/\/qingdaohf.com\/bg\/\",\"logo\":{\"@type\":\"ImageObject\",\"inLanguage\":\"cs\",\"@id\":\"https:\/\/qingdaohf.com\/bg\/#\/schema\/logo\/image\/\",\"url\":\"https:\/\/qingdaohf.com\/wp-content\/uploads\/2022\/12\/cropped-HF-LOGO.png\",\"contentUrl\":\"https:\/\/qingdaohf.com\/wp-content\/uploads\/2022\/12\/cropped-HF-LOGO.png\",\"width\":391,\"height\":249,\"caption\":\"Qingdao H&F\"},\"image\":{\"@id\":\"https:\/\/qingdaohf.com\/bg\/#\/schema\/logo\/image\/\"},\"sameAs\":[\"https:\/\/www.facebook.com\/qingdaohf\"]}]}<\/script>\n<!-- \/ Yoast SEO plugin. -->","yoast_head_json":{"title":"Air Vent Grille Covers","robots":{"index":"index","follow":"follow","max-snippet":"max-snippet:-1","max-image-preview":"max-image-preview:large","max-video-preview":"max-video-preview:-1"},"canonical":"https:\/\/qingdaohf.com\/cs\/produkt\/kryty-vetracich-mrizek\/","og_locale":"cs_CZ","og_type":"article","og_title":"Air Vent Grille Covers","og_description":"Upgrade your ventilation system with our high-quality Air Vent Grille Covers, designed for optimal airflow and modern aesthetics. Made from durable materials, these covers enhance air circulation, reduce dust buildup, and blend seamlessly with any interior decor. Ideal for both residential and commercial spaces, they ensure a cleaner, fresher environment.","og_url":"https:\/\/qingdaohf.com\/cs\/produkt\/kryty-vetracich-mrizek\/","og_site_name":"Concrete Form &amp; Rigging Hardware Supplier","article_publisher":"https:\/\/www.facebook.com\/qingdaohf","article_modified_time":"2025-11-13T01:03:13+00:00","og_image":[{"width":1000,"height":1000,"url":"https:\/\/qingdaohf.com\/wp-content\/uploads\/2024\/10\/Air-vent-grille-covers-3.webp","type":"image\/webp"}],"twitter_card":"summary_large_image","twitter_misc":{"Odhadovan\u00e1 doba \u010dten\u00ed":"6 minut"},"schema":{"@context":"https:\/\/schema.org","@graph":[{"@type":"WebPage","@id":"https:\/\/qingdaohf.com\/product\/air-vent-grille-covers\/","url":"https:\/\/qingdaohf.com\/product\/air-vent-grille-covers\/","name":"Air Vent Grille Covers","isPartOf":{"@id":"https:\/\/qingdaohf.com\/bg\/#website"},"primaryImageOfPage":{"@id":"https:\/\/qingdaohf.com\/product\/air-vent-grille-covers\/#primaryimage"},"image":{"@id":"https:\/\/qingdaohf.com\/product\/air-vent-grille-covers\/#primaryimage"},"thumbnailUrl":"https:\/\/qingdaohf.com\/wp-content\/uploads\/2024\/10\/Air-vent-grille-covers-3.webp","datePublished":"2024-10-16T03:55:09+00:00","dateModified":"2025-11-13T01:03:13+00:00","breadcrumb":{"@id":"https:\/\/qingdaohf.com\/product\/air-vent-grille-covers\/#breadcrumb"},"inLanguage":"cs","potentialAction":[{"@type":"ReadAction","target":["https:\/\/qingdaohf.com\/product\/air-vent-grille-covers\/"]}]},{"@type":"ImageObject","inLanguage":"cs","@id":"https:\/\/qingdaohf.com\/product\/air-vent-grille-covers\/#primaryimage","url":"https:\/\/qingdaohf.com\/wp-content\/uploads\/2024\/10\/Air-vent-grille-covers-3.webp","contentUrl":"https:\/\/qingdaohf.com\/wp-content\/uploads\/2024\/10\/Air-vent-grille-covers-3.webp","width":1000,"height":1000,"caption":"Air vent grille covers"},{"@type":"BreadcrumbList","@id":"https:\/\/qingdaohf.com\/product\/air-vent-grille-covers\/#breadcrumb","itemListElement":[{"@type":"ListItem","position":1,"name":"Home","item":"https:\/\/qingdaohf.com\/"},{"@type":"ListItem","position":2,"name":"Concrete Forming Accessories and Rigging Hardware","item":"https:\/\/qingdaohf.com\/bg\/?page_id=944"},{"@type":"ListItem","position":3,"name":"Air Vent Grille Covers"}]},{"@type":"WebSite","@id":"https:\/\/qingdaohf.com\/bg\/#website","url":"https:\/\/qingdaohf.com\/bg\/","name":"Concrete Form & Rigging Hardware Supplier","description":"","publisher":{"@id":"https:\/\/qingdaohf.com\/bg\/#organization"},"potentialAction":[{"@type":"SearchAction","target":{"@type":"EntryPoint","urlTemplate":"https:\/\/qingdaohf.com\/bg\/?s={search_term_string}"},"query-input":{"@type":"PropertyValueSpecification","valueRequired":true,"valueName":"search_term_string"}}],"inLanguage":"cs"},{"@type":"Organization","@id":"https:\/\/qingdaohf.com\/bg\/#organization","name":"Qingdao H&F","url":"https:\/\/qingdaohf.com\/bg\/","logo":{"@type":"ImageObject","inLanguage":"cs","@id":"https:\/\/qingdaohf.com\/bg\/#\/schema\/logo\/image\/","url":"https:\/\/qingdaohf.com\/wp-content\/uploads\/2022\/12\/cropped-HF-LOGO.png","contentUrl":"https:\/\/qingdaohf.com\/wp-content\/uploads\/2022\/12\/cropped-HF-LOGO.png","width":391,"height":249,"caption":"Qingdao H&F"},"image":{"@id":"https:\/\/qingdaohf.com\/bg\/#\/schema\/logo\/image\/"},"sameAs":["https:\/\/www.facebook.com\/qingdaohf"]}]}},"_links":{"self":[{"href":"https:\/\/qingdaohf.com\/cs\/wp-json\/wp\/v2\/product\/8075","targetHints":{"allow":["GET"]}}],"collection":[{"href":"https:\/\/qingdaohf.com\/cs\/wp-json\/wp\/v2\/product"}],"about":[{"href":"https:\/\/qingdaohf.com\/cs\/wp-json\/wp\/v2\/types\/product"}],"replies":[{"embeddable":true,"href":"https:\/\/qingdaohf.com\/cs\/wp-json\/wp\/v2\/comments?post=8075"}],"version-history":[{"count":3,"href":"https:\/\/qingdaohf.com\/cs\/wp-json\/wp\/v2\/product\/8075\/revisions"}],"predecessor-version":[{"id":8092,"href":"https:\/\/qingdaohf.com\/cs\/wp-json\/wp\/v2\/product\/8075\/revisions\/8092"}],"wp:featuredmedia":[{"embeddable":true,"href":"https:\/\/qingdaohf.com\/cs\/wp-json\/wp\/v2\/media\/8080"}],"wp:attachment":[{"href":"https:\/\/qingdaohf.com\/cs\/wp-json\/wp\/v2\/media?parent=8075"}],"wp:term":[{"taxonomy":"product_brand","embeddable":true,"href":"https:\/\/qingdaohf.com\/cs\/wp-json\/wp\/v2\/product_brand?post=8075"},{"taxonomy":"product_cat","embeddable":true,"href":"https:\/\/qingdaohf.com\/cs\/wp-json\/wp\/v2\/product_cat?post=8075"},{"taxonomy":"product_tag","embeddable":true,"href":"https:\/\/qingdaohf.com\/cs\/wp-json\/wp\/v2\/product_tag?post=8075"}],"curies":[{"name":"wp","href":"https:\/\/api.w.org\/{rel}","templated":true}]}}