{"id":8119,"date":"2024-10-24T17:32:24","date_gmt":"2024-10-24T09:32:24","guid":{"rendered":"http:\/\/qingdaohf.com\/?post_type=product&#038;p=8119"},"modified":"2025-11-13T09:02:55","modified_gmt":"2025-11-13T01:02:55","slug":"6x36-wire-rope","status":"publish","type":"product","link":"https:\/\/qingdaohf.com\/cs\/produkt\/ocelove-lano-6x36\/","title":{"rendered":"Dr\u00e1t\u011bn\u00e9 lano 6\u00d736"},"content":{"rendered":"<h3>P\u0159ehled konstrukce ocelov\u00e9ho lana 6\u00d736<\/h3>\n<p>Ocelov\u00e9 lano 6 \u00d7 36 je uzn\u00e1v\u00e1no pro svou jedine\u010dnou konstrukci, kter\u00e1 kombinuje pevnost, odolnost a pru\u017enost. Toto lano m\u00e1 6 pramen\u016f, z nich\u017e ka\u017ed\u00fd obsahuje 36 jednotliv\u00fdch dr\u00e1t\u016f, co\u017e vytv\u00e1\u0159\u00ed hustou a z\u00e1rove\u0148 p\u0159izp\u016fsobivou konfiguraci. Jeho konstrukce nab\u00edz\u00ed lep\u0161\u00ed rovnov\u00e1hu mezi flexibilitou a pevnost\u00ed ne\u017e n\u011bkter\u00e1 jin\u00e1 ocelov\u00e1 lana, nap\u0159\u00edklad varianta 6\u00d719. Tato konstrukce umo\u017e\u0148uje lanu zvl\u00e1dnout opakovan\u00e9 oh\u00fdb\u00e1n\u00ed a pohyby, ani\u017e by byla naru\u0161ena jeho struktur\u00e1ln\u00ed integrita, co\u017e z n\u011bj \u010din\u00ed preferovanou volbu pro odv\u011btv\u00ed, kter\u00e1 vy\u017eaduj\u00ed spolehliv\u00e9 zved\u00e1n\u00ed, zdvih\u00e1n\u00ed a manipulaci.<\/p>\n<p>Lano 6 \u00d7 36 je vyrobeno z oceli s vysok\u00fdm obsahem uhl\u00edku a je konstruov\u00e1no tak, aby vydr\u017eelo n\u00e1ro\u010dn\u00e9 podm\u00ednky a z\u00e1rove\u0148 si zachovalo svou z\u00e1kladn\u00ed pevnost. Tento vysoce kvalitn\u00ed materi\u00e1l zvy\u0161uje odolnost lana proti od\u011bru, korozi a opot\u0159eben\u00ed, tak\u017ee je vhodn\u00e9 do r\u016fzn\u00fdch n\u00e1ro\u010dn\u00fdch prost\u0159ed\u00ed. Ocelov\u00e9 prameny jsou pe\u010dliv\u011b uspo\u0159\u00e1d\u00e1ny tak, aby bylo zaji\u0161t\u011bno rovnom\u011brn\u00e9 rozlo\u017een\u00ed zat\u00ed\u017een\u00ed, a v\u00fdsledkem je ocelov\u00e9 lano, kter\u00e9 odol\u00e1 velk\u00fdm z\u00e1t\u011b\u017e\u00edm a n\u00e1ro\u010dn\u00fdm provozn\u00edm podm\u00ednk\u00e1m.<\/p>\n<h3>B\u011b\u017en\u00e9 velikosti ocelov\u00e9ho lana 6\u00d736<\/h3>\n<p>V\u00fdb\u011br velikosti ocelov\u00e9ho lana p\u0159\u00edmo ovliv\u0148uje jeho pevnost, pru\u017enost a vhodnost pro r\u016fzn\u00e9 aplikace. Ocelov\u00e9 lano 6\u00d736 je k dispozici v r\u016fzn\u00fdch velikostech, co\u017e umo\u017e\u0148uje p\u0159esn\u00e9 p\u0159izp\u016fsoben\u00ed specifick\u00fdm pot\u0159eb\u00e1m r\u016fzn\u00fdch pr\u016fmyslov\u00fdch odv\u011btv\u00ed, od stavebnictv\u00ed a\u017e po n\u00e1mo\u0159n\u00ed provoz.<\/p>\n<p>Ocelov\u00e9 lano 3\/16 palce 6\u00d736 je univerz\u00e1ln\u00ed volbou, kter\u00e1 nab\u00edz\u00ed jemnou rovnov\u00e1hu mezi flexibilitou a pevnost\u00ed. Tato velikost se \u010dasto pou\u017e\u00edv\u00e1 v leh\u010d\u00edch aplikac\u00edch, kde je omezen\u00fd prostor, nap\u0159\u00edklad v mal\u00fdch lanov\u00fdch za\u0159\u00edzen\u00edch nebo p\u0159i kontrolovan\u00e9m zved\u00e1n\u00ed. Jeho kompaktn\u00ed pr\u016fm\u011br umo\u017e\u0148uje snadn\u00e9 man\u00e9vrov\u00e1n\u00ed a z\u00e1rove\u0148 poskytuje spolehlivou \u00farove\u0148 pevnosti v tahu pro st\u0159edn\u00ed zat\u00ed\u017een\u00ed.<\/p>\n<p>Pro aplikace, kter\u00e9 vy\u017eaduj\u00ed pevn\u011bj\u0161\u00ed variantu, poskytuje ocelov\u00e9 lano 1\/4 palce 6\u00d736 zv\u00fd\u0161enou pevnost, ani\u017e by byla ob\u011btov\u00e1na p\u0159\u00edli\u0161n\u00e1 flexibilita. Tato velikost se \u010dasto vol\u00ed pro pou\u017eit\u00ed, jako je zved\u00e1n\u00ed a zaji\u0161\u0165ov\u00e1n\u00ed b\u0159emen ve stavebnictv\u00ed nebo v doprav\u011b. M\u016f\u017ee tak\u00e9 dob\u0159e poslou\u017eit p\u0159i navij\u00e1kov\u00fdch operac\u00edch, kde je pro efektivn\u00ed provoz rozhoduj\u00edc\u00ed kombinace pevnosti a snadn\u00e9 manipulace.<\/p>\n<p>Lano 5\/16\" 6\u00d736 p\u0159edstavuje robustn\u011bj\u0161\u00ed volbu, kter\u00e1 nab\u00edz\u00ed lep\u0161\u00ed nosnost pro n\u00e1ro\u010dn\u011bj\u0161\u00ed \u00fakoly. Tato velikost je ide\u00e1ln\u00ed pro t\u011b\u017ek\u00e9 aplikace, jako jsou pr\u016fmyslov\u00e9 je\u0159\u00e1by, kladkostroje a lodn\u00ed lanov\u00ed. Jeho siln\u011bj\u0161\u00ed pr\u016fm\u011br mu umo\u017e\u0148uje sn\u00e1\u0161et v\u011bt\u0161\u00ed tah a nam\u00e1h\u00e1n\u00ed, tak\u017ee je vhodn\u00e9 do prost\u0159ed\u00ed, kde je d\u016fle\u017eit\u00e1 pevnost i odolnost.<\/p>\n<p>Pro ty, kte\u0159\u00ed pot\u0159ebuj\u00ed je\u0161t\u011b v\u011bt\u0161\u00ed pevnost, m\u016f\u017ee 3\/8 palcov\u00e9 ocelov\u00e9 lano 6\u00d736 poskytnout zna\u010dnou podporu pro n\u00e1ro\u010dn\u00e9 projekty. Hod\u00ed se pro velk\u00e9 stavebn\u00ed projekty a pr\u016fmyslov\u00e9 pou\u017eit\u00ed, kde je vy\u017eadov\u00e1na vysok\u00e1 nosnost. Navzdory siln\u011bj\u0161\u00edmu pr\u016fm\u011bru si velikost 3\/8 palce zachov\u00e1v\u00e1 pru\u017enost pot\u0159ebnou pro ur\u010dit\u00e9 oh\u00fdbac\u00ed aplikace, co\u017e zaji\u0161\u0165uje, \u017ee \u00fa\u010dinn\u011b funguje i v dynamick\u00fdch podm\u00ednk\u00e1ch.<\/p>\n<h3>Typy j\u00e1dra: FC, IWS a IWRC v proveden\u00ed 6\u00d736 dr\u00e1t\u011bn\u00fdch lan.<\/h3>\n<p>J\u00e1dro ocelov\u00e9ho lana je d\u016fle\u017eitou sou\u010d\u00e1st\u00ed, kter\u00e1 ur\u010duje jeho pru\u017enost, pevnost a vhodnost pro r\u016fzn\u00e9 aplikace. Lano 6\u00d736 se vyr\u00e1b\u00ed ve t\u0159ech typech jader: J\u00e1dro z vl\u00e1ken (FC), j\u00e1dro z nez\u00e1visl\u00fdch dr\u00e1t\u011bn\u00fdch pramen\u016f (IWS) a j\u00e1dro z nez\u00e1visl\u00fdch dr\u00e1t\u011bn\u00fdch lan (IWRC), p\u0159i\u010dem\u017e ka\u017ed\u00e9 z nich nab\u00edz\u00ed odli\u0161n\u00e9 v\u00fdhody pro r\u016fzn\u00e1 pou\u017eit\u00ed.<\/p>\n<p>Vl\u00e1knov\u00e9 j\u00e1dro (FC) je nejpru\u017en\u011bj\u0161\u00ed variantou j\u00e1dra pro lana 6 \u00d7 36. Toto j\u00e1dro je vyrobeno ze syntetick\u00fdch nebo p\u0159\u00edrodn\u00edch vl\u00e1ken a poskytuje m\u011bk\u010d\u00ed a poddajn\u011bj\u0161\u00ed strukturu j\u00e1dra. Varianta FC je v\u00fdhodn\u00e1 zejm\u00e9na v situac\u00edch, kdy se lano mus\u00ed \u010dasto pohybovat kolem kladek a kladek, proto\u017ee jeho pru\u017enost minimalizuje opot\u0159eben\u00ed lana i strojn\u00edho za\u0159\u00edzen\u00ed. M\u011bk\u010d\u00ed j\u00e1dro v\u0161ak znamen\u00e1, \u017ee v porovn\u00e1n\u00ed s variantami s ocelov\u00fdm j\u00e1drem nab\u00edz\u00ed o n\u011bco men\u0161\u00ed pevnost, tak\u017ee je vhodn\u011bj\u0161\u00ed pro \u00falohy s men\u0161\u00edm zat\u00ed\u017een\u00edm, p\u0159i nich\u017e se up\u0159ednost\u0148uje flexibilita p\u0159ed maxim\u00e1ln\u00ed nosnost\u00ed.<\/p>\n<p>Nez\u00e1visl\u00e9 dr\u00e1t\u011bn\u00e9 j\u00e1dro (IWS) nab\u00edz\u00ed rovnov\u00e1hu mezi pevnost\u00ed a pru\u017enost\u00ed. J\u00e1dro IWS se skl\u00e1d\u00e1 ze samostatn\u00e9ho dr\u00e1t\u011bn\u00e9ho pramene, kter\u00fd poskytuje dodate\u010dnou struktur\u00e1ln\u00ed podporu, \u010d\u00edm\u017e zvy\u0161uje odolnost a pevnost v tahu ocelov\u00e9ho lana. Tento typ j\u00e1dra je vhodn\u00fd pro st\u0159edn\u011b n\u00e1ro\u010dn\u00e9 aplikace, kde je vy\u017eadov\u00e1n m\u00edrn\u00fd stupe\u0148 ohybu a pohybu, nap\u0159\u00edklad u men\u0161\u00edch je\u0159\u00e1b\u016f nebo st\u0159edn\u011b velk\u00fdch zdvihac\u00edch za\u0159\u00edzen\u00ed. J\u00e1dro IWS zaji\u0161\u0165uje, \u017ee si lano p\u0159i zat\u00ed\u017een\u00ed zachov\u00e1v\u00e1 sv\u016fj tvar, a je tak spolehlivou volbou pro \u00fakoly, kter\u00e9 vy\u017eaduj\u00ed trochu v\u011bt\u0161\u00ed robustnost, ani\u017e by byla ob\u011btov\u00e1na p\u0159\u00edli\u0161n\u00e1 pru\u017enost.<\/p>\n<p>Pro ty, kte\u0159\u00ed hledaj\u00ed maxim\u00e1ln\u00ed pevnost, poskytuje nez\u00e1visl\u00e9 lanov\u00e9 j\u00e1dro (IWRC) nejvy\u0161\u0161\u00ed \u00farove\u0148 odolnosti mezi typy jader. J\u00e1dro IWRC je vyrobeno ze samostatn\u00e9ho ocelov\u00e9ho lana, kter\u00e9 zvy\u0161uje celkovou pevnost lana 6 \u00d7 36, tak\u017ee je ide\u00e1ln\u00ed pro pou\u017eit\u00ed v t\u011b\u017ek\u00fdch podm\u00ednk\u00e1ch. Tento typ j\u00e1dra se b\u011b\u017en\u011b pou\u017e\u00edv\u00e1 v prost\u0159ed\u00edch, kde je vysok\u00e1 pevnost v tahu kritick\u00e1, nap\u0159\u00edklad u velk\u00fdch stavebn\u00edch je\u0159\u00e1b\u016f, pr\u016fmyslov\u00fdch kladkostroj\u016f a v n\u00e1mo\u0159n\u00edch provozech, jako je vle\u010den\u00ed a kotven\u00ed. J\u00e1dro IWRC je sice m\u00e9n\u011b pru\u017en\u00e9 ne\u017e j\u00e1dro FC nebo IWS, ale d\u00edky sv\u00e9 schopnosti zvl\u00e1dat velk\u00e1 zat\u00ed\u017een\u00ed a odol\u00e1vat deformac\u00edm p\u0159i nam\u00e1h\u00e1n\u00ed je preferovanou volbou pro intenzivn\u00ed provozn\u00ed podm\u00ednky.<\/p>\n<h3>Pou\u017eit\u00ed a v\u00fdhody ocelov\u00e9ho lana 6\u00d736<\/h3>\n<p>Jedine\u010dn\u00e1 konstrukce a v\u0161estrannost lana 6\u00d736 z n\u011bj \u010din\u00ed z\u00e1kladn\u00ed volbu v \u0161irok\u00e9 \u0161k\u00e1le pr\u016fmyslov\u00fdch odv\u011btv\u00ed. Jeho schopnost kombinovat pevnost a flexibilitu zaru\u010duje, \u017ee se dok\u00e1\u017ee p\u0159izp\u016fsobit r\u016fzn\u00fdm aplikac\u00edm a z\u00e1rove\u0148 poskytuje konzistentn\u00ed v\u00fdkon. To z n\u011bj \u010din\u00ed vysoce \u00fa\u010dinn\u00fd n\u00e1stroj pro \u00fakoly, jako je zved\u00e1n\u00ed, zdvih\u00e1n\u00ed a lanov\u00e9 vybaven\u00ed, kde je kl\u00ed\u010dov\u00e1 p\u0159esnost a odolnost.<\/p>\n<p>Ve stavebnictv\u00ed hraj\u00ed ocelov\u00e1 lana 6\u00d736 kl\u00ed\u010dovou roli p\u0159i pr\u00e1ci s je\u0159\u00e1by, kladkostroji a dal\u0161\u00edmi t\u011b\u017ek\u00fdmi zdvihac\u00edmi za\u0159\u00edzen\u00edmi. Jeho konstrukce umo\u017e\u0148uje hladk\u00fd chod p\u0159es kladky a kladkostroje, minimalizuje opot\u0159eben\u00ed a prodlu\u017euje \u017eivotnost lana. Dostupnost r\u016fzn\u00fdch variant j\u00e1dra znamen\u00e1, \u017ee si u\u017eivatel\u00e9 mohou vybrat ide\u00e1ln\u00ed konfiguraci, kter\u00e1 odpov\u00edd\u00e1 specifick\u00fdm po\u017eadavk\u016fm ka\u017ed\u00e9ho projektu, a\u0165 u\u017e to znamen\u00e1 up\u0159ednostnit flexibilitu s j\u00e1drem FC, nebo se rozhodnout pro pevnost j\u00e1dra IWRC.<\/p>\n<p>Z pou\u017eit\u00ed ocelov\u00e9ho lana 6\u00d736 v\u00fdrazn\u011b t\u011b\u017e\u00ed tak\u00e9 n\u00e1mo\u0159n\u00ed aplikace. D\u00edky sv\u00e9 odolnosti proti od\u011bru a schopnosti odol\u00e1vat n\u00e1ro\u010dn\u00fdm podm\u00ednk\u00e1m je vhodn\u00e9 pro n\u00e1mo\u0159n\u00ed \u00fakoly, jako je kotven\u00ed, vle\u010den\u00ed a rybolov. Zejm\u00e9na j\u00e1dro IWRC je v t\u011bchto podm\u00ednk\u00e1ch v\u00fdhodn\u00e9 d\u00edky sv\u00e9 schopnosti zvl\u00e1dat dynamick\u00e9 zat\u00ed\u017een\u00ed, kter\u00e9 se vyskytuje na rozbou\u0159en\u00e9m mo\u0159i a v prom\u011bnliv\u00fdch podm\u00ednk\u00e1ch. Konstrukce z vysoce uhl\u00edkov\u00e9 oceli nav\u00edc zaji\u0161\u0165uje, \u017ee lano odol\u00e1v\u00e1 korozivn\u00edm \u00fa\u010dink\u016fm slan\u00e9 vody, a poskytuje tak dlouhodobou spolehlivost pro n\u00e1mo\u0159n\u00ed operace.<\/p>\n<p>V odv\u011btv\u00ed dopravy a logistiky se ocelov\u00e1 lana 6 \u00d7 36 pou\u017e\u00edvaj\u00ed k zaji\u0161t\u011bn\u00ed n\u00e1klad\u016f, zved\u00e1n\u00ed t\u011b\u017ek\u00fdch materi\u00e1l\u016f a k podpo\u0159e r\u016fzn\u00fdch zvedac\u00edch mechanism\u016f. D\u00edky vyv\u00e1\u017een\u00e9 konstrukci je schopno zvl\u00e1dat statick\u00e9 i dynamick\u00e9 zat\u00ed\u017een\u00ed a nab\u00edz\u00ed pevnost pot\u0159ebnou k udr\u017een\u00ed bezpe\u010dn\u00fdch spoj\u016f bez nadm\u011brn\u00e9ho nam\u00e1h\u00e1n\u00ed. D\u00edky t\u00e9to v\u0161estrannosti jej lze pou\u017e\u00edt v \u0159ad\u011b dopravn\u00edch aplikac\u00ed, od zaji\u0161t\u011bn\u00ed n\u00e1kladu na lod\u00edch a\u017e po pomoc p\u0159i nakl\u00e1d\u00e1n\u00ed a vykl\u00e1d\u00e1n\u00ed zbo\u017e\u00ed ve skladech.<\/p>\n<p>V\u00fdb\u011br spr\u00e1vn\u00e9ho j\u00e1dra a velikosti ocelov\u00e9ho lana 6\u00d736 umo\u017e\u0148uje podnik\u016fm optimalizovat jejich provoz a zajistit ide\u00e1ln\u00ed kombinaci flexibility, pevnosti a odolnosti pro jejich specifick\u00e9 pot\u0159eby. Pochopen\u00edm schopnost\u00ed jednotliv\u00fdch typ\u016f jader a d\u016fsledk\u016f r\u016fzn\u00fdch velikost\u00ed mohou u\u017eivatel\u00e9 \u010dinit informovan\u00e1 rozhodnut\u00ed, kter\u00e1 maximalizuj\u00ed bezpe\u010dnost a efektivitu jejich projekt\u016f. Ocelov\u00e9 lano 6 \u00d7 36 je d\u00edky sv\u00e9 robustn\u00ed konstrukci a p\u0159izp\u016fsobivosti i nad\u00e1le preferovanou volbou pro ty, kte\u0159\u00ed hledaj\u00ed spolehlivost a v\u00fdkonnost p\u0159i sv\u00fdch pr\u016fmyslov\u00fdch, n\u00e1mo\u0159n\u00edch a stavebn\u00edch aktivit\u00e1ch.<\/p>","protected":false},"excerpt":{"rendered":"<p>Ocelov\u00e9 lano 6\u00d736 je vysoce pevn\u00e9, pru\u017en\u00e9 ocelov\u00e9 lano slo\u017een\u00e9 ze 6 pramen\u016f, z nich\u017e ka\u017ed\u00fd obsahuje 36 dr\u00e1t\u016f. Je zn\u00e1m\u00e9 svou vyv\u00e1\u017eenost\u00ed mezi odolnost\u00ed a pru\u017enost\u00ed, d\u00edky \u010demu\u017e je vhodn\u00e9 pro n\u00e1ro\u010dn\u00e9 aplikace, jako je zved\u00e1n\u00ed, lanov\u00ed a n\u00e1mo\u0159n\u00ed pou\u017eit\u00ed. Lana 6 \u00d7 36 jsou b\u011b\u017en\u011b dostupn\u00e1 ve velikostech 3\/16 palce, 1\/4 palce a 5\/16 palce a jsou obvykle vyrobena z oceli s vysok\u00fdm obsahem uhl\u00edku. Dod\u00e1v\u00e1 se s r\u016fzn\u00fdmi variantami j\u00e1dra, v\u010detn\u011b j\u00e1dra z vl\u00e1ken (FC), j\u00e1dra z nez\u00e1visl\u00fdch dr\u00e1t\u011bn\u00fdch pramen\u016f (IWS) a j\u00e1dra z nez\u00e1visl\u00fdch dr\u00e1t\u011bn\u00fdch lan (IWRC), co\u017e umo\u017e\u0148uje p\u0159izp\u016fsobit v\u00fdkon v z\u00e1vislosti na konkr\u00e9tn\u00edch pot\u0159eb\u00e1ch.<\/p>","protected":false},"featured_media":8117,"comment_status":"open","ping_status":"closed","template":"","meta":{"site-sidebar-layout":"default","site-content-layout":"","ast-site-content-layout":"default","site-content-style":"default","site-sidebar-style":"default","ast-global-header-display":"","ast-banner-title-visibility":"","ast-main-header-display":"","ast-hfb-above-header-display":"","ast-hfb-below-header-display":"","ast-hfb-mobile-header-display":"","site-post-title":"","ast-breadcrumbs-content":"","ast-featured-img":"","footer-sml-layout":"","theme-transparent-header-meta":"default","adv-header-id-meta":"","stick-header-meta":"default","header-above-stick-meta":"","header-main-stick-meta":"","header-below-stick-meta":"","astra-migrate-meta-layouts":"set","ast-page-background-enabled":"default","ast-page-background-meta":{"desktop":{"background-color":"","background-image":"","background-repeat":"repeat","background-position":"center center","background-size":"auto","background-attachment":"scroll","background-type":"","background-media":"","overlay-type":"","overlay-color":"","overlay-opacity":"","overlay-gradient":""},"tablet":{"background-color":"","background-image":"","background-repeat":"repeat","background-position":"center center","background-size":"auto","background-attachment":"scroll","background-type":"","background-media":"","overlay-type":"","overlay-color":"","overlay-opacity":"","overlay-gradient":""},"mobile":{"background-color":"","background-image":"","background-repeat":"repeat","background-position":"center center","background-size":"auto","background-attachment":"scroll","background-type":"","background-media":"","overlay-type":"","overlay-color":"","overlay-opacity":"","overlay-gradient":""}},"ast-content-background-meta":{"desktop":{"background-color":"var(--ast-global-color-5)","background-image":"","background-repeat":"repeat","background-position":"center center","background-size":"auto","background-attachment":"scroll","background-type":"","background-media":"","overlay-type":"","overlay-color":"","overlay-opacity":"","overlay-gradient":""},"tablet":{"background-color":"var(--ast-global-color-5)","background-image":"","background-repeat":"repeat","background-position":"center center","background-size":"auto","background-attachment":"scroll","background-type":"","background-media":"","overlay-type":"","overlay-color":"","overlay-opacity":"","overlay-gradient":""},"mobile":{"background-color":"var(--ast-global-color-5)","background-image":"","background-repeat":"repeat","background-position":"center center","background-size":"auto","background-attachment":"scroll","background-type":"","background-media":"","overlay-type":"","overlay-color":"","overlay-opacity":"","overlay-gradient":""}}},"product_brand":[],"product_cat":[37],"product_tag":[89],"class_list":{"0":"post-8119","1":"product","2":"type-product","3":"status-publish","4":"has-post-thumbnail","6":"product_cat-wire-rope","7":"product_tag-wire-rope","8":"desktop-align-left","9":"tablet-align-left","10":"mobile-align-left","11":"ast-product-gallery-layout-horizontal-slider","12":"ast-product-tabs-layout-horizontal","14":"first","15":"instock","16":"shipping-taxable","17":"purchasable","18":"product-type-simple"},"yoast_head":"<!-- This site is optimized with the Yoast SEO plugin v25.2 - https:\/\/yoast.com\/wordpress\/plugins\/seo\/ -->\n<title>6x36 Wire Rope<\/title>\n<meta name=\"description\" content=\"The 6x36 wire rope is a high-strength, flexible steel wire rope consisting of 6 strands, each containing 36 wires.\" \/>\n<meta name=\"robots\" content=\"index, follow, max-snippet:-1, max-image-preview:large, max-video-preview:-1\" \/>\n<link rel=\"canonical\" href=\"https:\/\/qingdaohf.com\/cs\/produkt\/ocelove-lano-6x36\/\" \/>\n<meta property=\"og:locale\" content=\"cs_CZ\" \/>\n<meta property=\"og:type\" content=\"article\" \/>\n<meta property=\"og:title\" content=\"6x36 Wire Rope\" \/>\n<meta property=\"og:description\" content=\"The 6x36 wire rope is a high-strength, flexible steel wire rope consisting of 6 strands, each containing 36 wires.\" \/>\n<meta property=\"og:url\" content=\"https:\/\/qingdaohf.com\/cs\/produkt\/ocelove-lano-6x36\/\" \/>\n<meta property=\"og:site_name\" content=\"Concrete Form &amp; Rigging Hardware Supplier\" \/>\n<meta property=\"article:publisher\" content=\"https:\/\/www.facebook.com\/qingdaohf\" \/>\n<meta property=\"article:modified_time\" content=\"2025-11-13T01:02:55+00:00\" \/>\n<meta property=\"og:image\" content=\"https:\/\/qingdaohf.com\/wp-content\/uploads\/2024\/10\/6x36-IWRC-Bright-Wire-Rope.webp\" \/>\n\t<meta property=\"og:image:width\" content=\"744\" \/>\n\t<meta property=\"og:image:height\" content=\"744\" \/>\n\t<meta property=\"og:image:type\" content=\"image\/webp\" \/>\n<meta name=\"twitter:card\" content=\"summary_large_image\" \/>\n<meta name=\"twitter:label1\" content=\"Odhadovan\u00e1 doba \u010dten\u00ed\" \/>\n\t<meta name=\"twitter:data1\" content=\"6 minut\" \/>\n<script type=\"application\/ld+json\" class=\"yoast-schema-graph\">{\"@context\":\"https:\/\/schema.org\",\"@graph\":[{\"@type\":\"WebPage\",\"@id\":\"https:\/\/qingdaohf.com\/product\/6x36-wire-rope\/\",\"url\":\"https:\/\/qingdaohf.com\/product\/6x36-wire-rope\/\",\"name\":\"6x36 Wire Rope\",\"isPartOf\":{\"@id\":\"https:\/\/qingdaohf.com\/bg\/#website\"},\"primaryImageOfPage\":{\"@id\":\"https:\/\/qingdaohf.com\/product\/6x36-wire-rope\/#primaryimage\"},\"image\":{\"@id\":\"https:\/\/qingdaohf.com\/product\/6x36-wire-rope\/#primaryimage\"},\"thumbnailUrl\":\"https:\/\/qingdaohf.com\/wp-content\/uploads\/2024\/10\/6x36-IWRC-Bright-Wire-Rope.webp\",\"datePublished\":\"2024-10-24T09:32:24+00:00\",\"dateModified\":\"2025-11-13T01:02:55+00:00\",\"description\":\"The 6x36 wire rope is a high-strength, flexible steel wire rope consisting of 6 strands, each containing 36 wires.\",\"breadcrumb\":{\"@id\":\"https:\/\/qingdaohf.com\/product\/6x36-wire-rope\/#breadcrumb\"},\"inLanguage\":\"cs\",\"potentialAction\":[{\"@type\":\"ReadAction\",\"target\":[\"https:\/\/qingdaohf.com\/product\/6x36-wire-rope\/\"]}]},{\"@type\":\"ImageObject\",\"inLanguage\":\"cs\",\"@id\":\"https:\/\/qingdaohf.com\/product\/6x36-wire-rope\/#primaryimage\",\"url\":\"https:\/\/qingdaohf.com\/wp-content\/uploads\/2024\/10\/6x36-IWRC-Bright-Wire-Rope.webp\",\"contentUrl\":\"https:\/\/qingdaohf.com\/wp-content\/uploads\/2024\/10\/6x36-IWRC-Bright-Wire-Rope.webp\",\"width\":744,\"height\":744,\"caption\":\"6x36 IWRC Wire Rope\"},{\"@type\":\"BreadcrumbList\",\"@id\":\"https:\/\/qingdaohf.com\/product\/6x36-wire-rope\/#breadcrumb\",\"itemListElement\":[{\"@type\":\"ListItem\",\"position\":1,\"name\":\"Home\",\"item\":\"https:\/\/qingdaohf.com\/\"},{\"@type\":\"ListItem\",\"position\":2,\"name\":\"Concrete Forming Accessories and Rigging Hardware\",\"item\":\"https:\/\/qingdaohf.com\/bg\/?page_id=944\"},{\"@type\":\"ListItem\",\"position\":3,\"name\":\"6&#215;36 Wire Rope\"}]},{\"@type\":\"WebSite\",\"@id\":\"https:\/\/qingdaohf.com\/bg\/#website\",\"url\":\"https:\/\/qingdaohf.com\/bg\/\",\"name\":\"Concrete Form & Rigging Hardware Supplier\",\"description\":\"\",\"publisher\":{\"@id\":\"https:\/\/qingdaohf.com\/bg\/#organization\"},\"potentialAction\":[{\"@type\":\"SearchAction\",\"target\":{\"@type\":\"EntryPoint\",\"urlTemplate\":\"https:\/\/qingdaohf.com\/bg\/?s={search_term_string}\"},\"query-input\":{\"@type\":\"PropertyValueSpecification\",\"valueRequired\":true,\"valueName\":\"search_term_string\"}}],\"inLanguage\":\"cs\"},{\"@type\":\"Organization\",\"@id\":\"https:\/\/qingdaohf.com\/bg\/#organization\",\"name\":\"Qingdao H&F\",\"url\":\"https:\/\/qingdaohf.com\/bg\/\",\"logo\":{\"@type\":\"ImageObject\",\"inLanguage\":\"cs\",\"@id\":\"https:\/\/qingdaohf.com\/bg\/#\/schema\/logo\/image\/\",\"url\":\"https:\/\/qingdaohf.com\/wp-content\/uploads\/2022\/12\/cropped-HF-LOGO.png\",\"contentUrl\":\"https:\/\/qingdaohf.com\/wp-content\/uploads\/2022\/12\/cropped-HF-LOGO.png\",\"width\":391,\"height\":249,\"caption\":\"Qingdao H&F\"},\"image\":{\"@id\":\"https:\/\/qingdaohf.com\/bg\/#\/schema\/logo\/image\/\"},\"sameAs\":[\"https:\/\/www.facebook.com\/qingdaohf\"]}]}<\/script>\n<!-- \/ Yoast SEO plugin. -->","yoast_head_json":{"title":"6x36 Wire Rope","description":"The 6x36 wire rope is a high-strength, flexible steel wire rope consisting of 6 strands, each containing 36 wires.","robots":{"index":"index","follow":"follow","max-snippet":"max-snippet:-1","max-image-preview":"max-image-preview:large","max-video-preview":"max-video-preview:-1"},"canonical":"https:\/\/qingdaohf.com\/cs\/produkt\/ocelove-lano-6x36\/","og_locale":"cs_CZ","og_type":"article","og_title":"6x36 Wire Rope","og_description":"The 6x36 wire rope is a high-strength, flexible steel wire rope consisting of 6 strands, each containing 36 wires.","og_url":"https:\/\/qingdaohf.com\/cs\/produkt\/ocelove-lano-6x36\/","og_site_name":"Concrete Form &amp; Rigging Hardware Supplier","article_publisher":"https:\/\/www.facebook.com\/qingdaohf","article_modified_time":"2025-11-13T01:02:55+00:00","og_image":[{"width":744,"height":744,"url":"https:\/\/qingdaohf.com\/wp-content\/uploads\/2024\/10\/6x36-IWRC-Bright-Wire-Rope.webp","type":"image\/webp"}],"twitter_card":"summary_large_image","twitter_misc":{"Odhadovan\u00e1 doba \u010dten\u00ed":"6 minut"},"schema":{"@context":"https:\/\/schema.org","@graph":[{"@type":"WebPage","@id":"https:\/\/qingdaohf.com\/product\/6x36-wire-rope\/","url":"https:\/\/qingdaohf.com\/product\/6x36-wire-rope\/","name":"6x36 Wire Rope","isPartOf":{"@id":"https:\/\/qingdaohf.com\/bg\/#website"},"primaryImageOfPage":{"@id":"https:\/\/qingdaohf.com\/product\/6x36-wire-rope\/#primaryimage"},"image":{"@id":"https:\/\/qingdaohf.com\/product\/6x36-wire-rope\/#primaryimage"},"thumbnailUrl":"https:\/\/qingdaohf.com\/wp-content\/uploads\/2024\/10\/6x36-IWRC-Bright-Wire-Rope.webp","datePublished":"2024-10-24T09:32:24+00:00","dateModified":"2025-11-13T01:02:55+00:00","description":"The 6x36 wire rope is a high-strength, flexible steel wire rope consisting of 6 strands, each containing 36 wires.","breadcrumb":{"@id":"https:\/\/qingdaohf.com\/product\/6x36-wire-rope\/#breadcrumb"},"inLanguage":"cs","potentialAction":[{"@type":"ReadAction","target":["https:\/\/qingdaohf.com\/product\/6x36-wire-rope\/"]}]},{"@type":"ImageObject","inLanguage":"cs","@id":"https:\/\/qingdaohf.com\/product\/6x36-wire-rope\/#primaryimage","url":"https:\/\/qingdaohf.com\/wp-content\/uploads\/2024\/10\/6x36-IWRC-Bright-Wire-Rope.webp","contentUrl":"https:\/\/qingdaohf.com\/wp-content\/uploads\/2024\/10\/6x36-IWRC-Bright-Wire-Rope.webp","width":744,"height":744,"caption":"6x36 IWRC Wire Rope"},{"@type":"BreadcrumbList","@id":"https:\/\/qingdaohf.com\/product\/6x36-wire-rope\/#breadcrumb","itemListElement":[{"@type":"ListItem","position":1,"name":"Home","item":"https:\/\/qingdaohf.com\/"},{"@type":"ListItem","position":2,"name":"Concrete Forming Accessories and Rigging Hardware","item":"https:\/\/qingdaohf.com\/bg\/?page_id=944"},{"@type":"ListItem","position":3,"name":"6&#215;36 Wire Rope"}]},{"@type":"WebSite","@id":"https:\/\/qingdaohf.com\/bg\/#website","url":"https:\/\/qingdaohf.com\/bg\/","name":"Concrete Form & Rigging Hardware Supplier","description":"","publisher":{"@id":"https:\/\/qingdaohf.com\/bg\/#organization"},"potentialAction":[{"@type":"SearchAction","target":{"@type":"EntryPoint","urlTemplate":"https:\/\/qingdaohf.com\/bg\/?s={search_term_string}"},"query-input":{"@type":"PropertyValueSpecification","valueRequired":true,"valueName":"search_term_string"}}],"inLanguage":"cs"},{"@type":"Organization","@id":"https:\/\/qingdaohf.com\/bg\/#organization","name":"Qingdao H&F","url":"https:\/\/qingdaohf.com\/bg\/","logo":{"@type":"ImageObject","inLanguage":"cs","@id":"https:\/\/qingdaohf.com\/bg\/#\/schema\/logo\/image\/","url":"https:\/\/qingdaohf.com\/wp-content\/uploads\/2022\/12\/cropped-HF-LOGO.png","contentUrl":"https:\/\/qingdaohf.com\/wp-content\/uploads\/2022\/12\/cropped-HF-LOGO.png","width":391,"height":249,"caption":"Qingdao H&F"},"image":{"@id":"https:\/\/qingdaohf.com\/bg\/#\/schema\/logo\/image\/"},"sameAs":["https:\/\/www.facebook.com\/qingdaohf"]}]}},"_links":{"self":[{"href":"https:\/\/qingdaohf.com\/cs\/wp-json\/wp\/v2\/product\/8119","targetHints":{"allow":["GET"]}}],"collection":[{"href":"https:\/\/qingdaohf.com\/cs\/wp-json\/wp\/v2\/product"}],"about":[{"href":"https:\/\/qingdaohf.com\/cs\/wp-json\/wp\/v2\/types\/product"}],"replies":[{"embeddable":true,"href":"https:\/\/qingdaohf.com\/cs\/wp-json\/wp\/v2\/comments?post=8119"}],"version-history":[{"count":1,"href":"https:\/\/qingdaohf.com\/cs\/wp-json\/wp\/v2\/product\/8119\/revisions"}],"predecessor-version":[{"id":8120,"href":"https:\/\/qingdaohf.com\/cs\/wp-json\/wp\/v2\/product\/8119\/revisions\/8120"}],"wp:featuredmedia":[{"embeddable":true,"href":"https:\/\/qingdaohf.com\/cs\/wp-json\/wp\/v2\/media\/8117"}],"wp:attachment":[{"href":"https:\/\/qingdaohf.com\/cs\/wp-json\/wp\/v2\/media?parent=8119"}],"wp:term":[{"taxonomy":"product_brand","embeddable":true,"href":"https:\/\/qingdaohf.com\/cs\/wp-json\/wp\/v2\/product_brand?post=8119"},{"taxonomy":"product_cat","embeddable":true,"href":"https:\/\/qingdaohf.com\/cs\/wp-json\/wp\/v2\/product_cat?post=8119"},{"taxonomy":"product_tag","embeddable":true,"href":"https:\/\/qingdaohf.com\/cs\/wp-json\/wp\/v2\/product_tag?post=8119"}],"curies":[{"name":"wp","href":"https:\/\/api.w.org\/{rel}","templated":true}]}}