{"id":8178,"date":"2024-10-29T16:45:43","date_gmt":"2024-10-29T08:45:43","guid":{"rendered":"http:\/\/qingdaohf.com\/?post_type=product&#038;p=8178"},"modified":"2025-11-13T09:02:54","modified_gmt":"2025-11-13T01:02:54","slug":"studless-anchor-chain","status":"publish","type":"product","link":"https:\/\/qingdaohf.com\/cs\/produkt\/kotevni-retez-bez-cepu\/","title":{"rendered":"Kotevn\u00ed \u0159et\u011bz bez z\u00e1vit\u016f"},"content":{"rendered":"<h3>Z\u00e1kladn\u00ed vlastnosti bezkol\u00edkov\u00fdch kotevn\u00edch \u0159et\u011bz\u016f: Vytvo\u0159eny pro pevnost a odolnost<\/h3>\n<p><img fetchpriority=\"high\" decoding=\"async\" class=\"alignnone size-full wp-image-8169\" src=\"http:\/\/qingdaohf.com\/wp-content\/uploads\/2024\/10\/studless-anchor-chain_2.webp\" alt=\"kotevn\u00ed \u0159et\u011bz bez \u010dep\u016f\" width=\"831\" height=\"1087\" srcset=\"https:\/\/qingdaohf.com\/wp-content\/uploads\/2024\/10\/studless-anchor-chain_2.webp 831w, https:\/\/qingdaohf.com\/wp-content\/uploads\/2024\/10\/studless-anchor-chain_2-229x300.webp 229w, https:\/\/qingdaohf.com\/wp-content\/uploads\/2024\/10\/studless-anchor-chain_2-783x1024.webp 783w, https:\/\/qingdaohf.com\/wp-content\/uploads\/2024\/10\/studless-anchor-chain_2-768x1005.webp 768w, https:\/\/qingdaohf.com\/wp-content\/uploads\/2024\/10\/studless-anchor-chain_2-9x12.webp 9w\" sizes=\"(max-width: 831px) 100vw, 831px\" \/><\/p>\n<p>Bezkol\u00edkov\u00e9 kotevn\u00ed \u0159et\u011bzy jsou ned\u00edlnou sou\u010d\u00e1st\u00ed n\u00e1mo\u0159n\u00edho pr\u016fmyslu, kde pln\u00ed kl\u00ed\u010dovou \u00falohu p\u0159i zaji\u0161\u0165ov\u00e1n\u00ed plavidel v r\u016fzn\u00fdch prost\u0159ed\u00edch. P\u0159i jejich konstrukci se up\u0159ednost\u0148uje odolnost a funk\u010dnost, co\u017e zaji\u0161\u0165uje, \u017ee vydr\u017e\u00ed n\u00e1ro\u010dn\u00e9 po\u017eadavky na kotven\u00ed na velk\u00fdch mo\u0159\u00edch. Bez\u0161roubov\u00e9 \u0159et\u011bzy maj\u00ed na rozd\u00edl od sv\u00fdch \u0161roubov\u00fdch prot\u011bj\u0161k\u016f \u010dl\u00e1nky \u0159et\u011bzu bez vnit\u0159n\u00edch \u0161roub\u016f, tak\u017ee jsou leh\u010d\u00ed a \u010dasto pru\u017en\u011bj\u0161\u00ed. Tato vlastnost je cenn\u00e1 zejm\u00e9na u aplikac\u00ed, kde je \u017e\u00e1douc\u00ed ni\u017e\u0161\u00ed hmotnost a vy\u0161\u0161\u00ed flexibilita. Navzdory sv\u00e9 leh\u010d\u00ed konstrukci jsou tyto \u0159et\u011bzy st\u00e1le mimo\u0159\u00e1dn\u011b pevn\u00e9 a ka\u017ed\u00fd jejich \u010dl\u00e1nek je vyroben tak, aby vydr\u017eel obrovsk\u00e9 zat\u00ed\u017een\u00ed a vysok\u00e9 nap\u00ednac\u00ed s\u00edly typick\u00e9 pro n\u00e1mo\u0159n\u00ed kotven\u00ed.<\/p>\n<p>D\u00edky sv\u00e9 univerz\u00e1lnosti jsou bez\u0161roubov\u00e9 \u0159et\u011bzy vhodn\u00e9 pro r\u016fzn\u00e1 n\u00e1mo\u0159n\u00ed pou\u017eit\u00ed, od kotven\u00ed mal\u00fdch lod\u00ed a\u017e po t\u011b\u017ek\u00e9 pr\u016fmyslov\u00e9 aplikace. Tyto \u0159et\u011bzy jsou p\u0159\u00edsn\u011b testov\u00e1ny podle mezin\u00e1rodn\u00edch norem, proto\u017ee jejich spolehlivost je nejd\u016fle\u017eit\u011bj\u0161\u00ed pro zaji\u0161t\u011bn\u00ed bezpe\u010dnosti plavidel i pos\u00e1dky. D\u00edky sv\u00e9 konstrukci nab\u00edzej\u00ed tak\u00e9 p\u016fsobivou m\u00edru odolnosti proti korozi a opot\u0159eben\u00ed, co\u017e je z\u00e1sadn\u00ed ve slan\u00e9m a jin\u00e9m drsn\u00e9m prost\u0159ed\u00ed. Konstrukce d\u00e1le omezuje p\u0159\u00edpady zasek\u00e1v\u00e1n\u00ed \u0159et\u011bz\u016f, proto\u017ee jejich jednotn\u00e1 konstrukce minimalizuje slab\u00e1 m\u00edsta. Tato vlastnost vedla ke zv\u00fd\u0161en\u00ed obliby \u0159et\u011bz\u016f bez \u010dep\u016f mezi n\u00e1mo\u0159n\u00edmi in\u017een\u00fdry a provozovateli plavidel, kte\u0159\u00ed hledaj\u00ed odolnost a spolehlivost ve vysoce nam\u00e1han\u00fdch situac\u00edch.<\/p>\n<h3>V\u00fdhody v\u00fdb\u011bru kotevn\u00edch \u0159et\u011bz\u016f bez h\u0159eb\u016f od spole\u010dnosti Qingdao H&amp;F<\/h3>\n<p>Ve spole\u010dnosti Qingdao H&amp;F se zavazujeme poskytovat sv\u00fdm z\u00e1kazn\u00edk\u016fm vysoce kvalitn\u00ed kotevn\u00ed \u0159et\u011bzy bez trn\u016f, kter\u00e9 spl\u0148uj\u00ed p\u0159\u00edsn\u00e9 normy pro bezpe\u010dnost, pevnost a trvanlivost. Na\u0161e \u0159et\u011bzy proch\u00e1zej\u00ed p\u0159\u00edsn\u00fdm testov\u00e1n\u00edm kvality, kter\u00e9 zaji\u0161\u0165uje jejich optim\u00e1ln\u00ed v\u00fdkon v r\u016fzn\u00fdch podm\u00ednk\u00e1ch. Sou\u010d\u00e1st\u00ed tohoto procesu je i testov\u00e1n\u00ed zku\u0161ebn\u00edho zat\u00ed\u017een\u00ed, kter\u00e9 je nezbytn\u00e9 pro potvrzen\u00ed, \u017ee ka\u017ed\u00fd \u0159et\u011bz zvl\u00e1dne maxim\u00e1ln\u00ed zat\u00ed\u017een\u00ed o\u010dek\u00e1van\u00e9 b\u011bhem pou\u017e\u00edv\u00e1n\u00ed. Kupuj\u00edc\u00ed se st\u00e1le v\u00edce zaj\u00edmaj\u00ed o zku\u0161ebn\u00ed zat\u00ed\u017een\u00ed, proto\u017ee p\u0159\u00edmo ovliv\u0148uje spolehlivost \u0159et\u011bzu, zejm\u00e9na v n\u00e1ro\u010dn\u00fdch kotevn\u00edch situac\u00edch.<\/p>\n<p>Spole\u010dnost Qingdao H&amp;F se odli\u0161uje sv\u00fdm z\u00e1vazkem ke spokojenosti a spolehlivosti z\u00e1kazn\u00edk\u016f. D\u00edky v\u00edce ne\u017e 20 let\u016fm zku\u0161enost\u00ed v oblasti B2B obchodov\u00e1n\u00ed nab\u00edz\u00ed n\u00e1\u0161 t\u00fdm individu\u00e1ln\u00ed z\u00e1kaznick\u00fd servis p\u0159izp\u016fsoben\u00fd jedine\u010dn\u00fdm pot\u0159eb\u00e1m ka\u017ed\u00e9ho klienta. Na\u0161i zku\u0161en\u00ed odborn\u00edci provedou klienty ka\u017ed\u00fdm krokem n\u00e1kupn\u00edho procesu a zajist\u00ed, \u017ee najdou ide\u00e1ln\u00ed specifikace \u0159et\u011bz\u016f, kter\u00e9 odpov\u00eddaj\u00ed po\u017eadavk\u016fm jejich projektu. Ch\u00e1peme, \u017ee rychl\u00e9 dod\u00e1n\u00ed je v tomto odv\u011btv\u00ed kl\u00ed\u010dov\u00e9, a proto klademe d\u016fraz na v\u010dasnou logistiku, abychom bez kompromis\u016f vyhov\u011bli pot\u0159eb\u00e1m na\u0161ich klient\u016f p\u0159i pl\u00e1nov\u00e1n\u00ed.<\/p>\n<p>Na\u0161e v\u00fdrobky jsou krom\u011b siln\u00fdch dodavatelsk\u00fdch schopnost\u00ed podlo\u017eeny komplexn\u00edmi zpr\u00e1vami o kontrole kvality. Tyto zpr\u00e1vy poskytuj\u00ed transparentnost a jistotu a pom\u00e1haj\u00ed klient\u016fm \u010dinit informovan\u00e1 rozhodnut\u00ed o n\u00e1kupu. P\u0159i kontrole se hodnot\u00ed faktory, jako je slo\u017een\u00ed materi\u00e1lu, pevnost v tahu a odolnost proti korozi, kter\u00e9 ovliv\u0148uj\u00ed \u017eivotnost a v\u00fdkonnost \u0159et\u011bzu. T\u00edm, \u017ee na\u0161im klient\u016fm poskytujeme podrobn\u00e9 kontroln\u00ed zpr\u00e1vy, jim umo\u017e\u0148ujeme bez obav investovat do v\u00fdrobk\u016f, kter\u00e9 spl\u0148uj\u00ed jejich n\u00e1ro\u010dn\u00e9 standardy.<\/p>\n<h3>V\u00fdb\u011br spr\u00e1vn\u00fdch specifikac\u00ed: Pro\u010d z\u00e1le\u017e\u00ed na pr\u016fm\u011bru \u0159et\u011bzu a zku\u0161ebn\u00edm zat\u00ed\u017een\u00ed?<\/h3>\n<p>P\u0159i v\u00fdb\u011bru kotevn\u00edch \u0159et\u011bz\u016f bez trn\u016f jsou d\u016fle\u017eit\u00e9 zejm\u00e9na dv\u011b specifikace: pr\u016fm\u011br a zku\u0161ebn\u00ed zat\u00ed\u017een\u00ed. Pr\u016fm\u011br ka\u017ed\u00e9ho \u010dl\u00e1nku \u0159et\u011bzu, m\u011b\u0159en\u00fd v palc\u00edch, ovliv\u0148uje jak hmotnost \u0159et\u011bzu, tak jeho nosnost. Volba spr\u00e1vn\u00e9ho pr\u016fm\u011bru je z\u00e1sadn\u00ed, proto\u017ee p\u0159\u00edmo ovliv\u0148uje v\u00fdkonnost \u0159et\u011bzu p\u0159i kotven\u00ed. Nap\u0159\u00edklad pr\u016fm\u011br 1\/2 palce m\u016f\u017ee b\u00fdt vhodn\u00fd pro lehk\u00e1 plavidla, zat\u00edmco t\u011b\u017ek\u00e9 pr\u016fmyslov\u00e9 aplikace mohou vy\u017eadovat \u0159et\u011bzy o pr\u016fm\u011bru 3\/4 palce nebo v\u011bt\u0161\u00edm.<\/p>\n<p>Dal\u0161\u00edm kritick\u00fdm faktorem je zku\u0161ebn\u00ed zat\u00ed\u017een\u00ed, kter\u00e9 p\u0159edstavuje maxim\u00e1ln\u00ed zat\u00ed\u017een\u00ed, kter\u00e9 \u0159et\u011bz vydr\u017e\u00ed, ani\u017e by do\u0161lo k jeho trval\u00e9 deformaci. Tento ukazatel je pro z\u00e1kazn\u00edky kl\u00ed\u010dov\u00fd, proto\u017ee nab\u00edz\u00ed jasn\u00e9 m\u011b\u0159\u00edtko schopnosti \u0159et\u011bzu zvl\u00e1dnout velk\u00e9 zat\u00ed\u017een\u00ed v re\u00e1ln\u00fdch podm\u00ednk\u00e1ch. Ve spole\u010dnosti Qingdao H&amp;F nab\u00edz\u00edme \u0159et\u011bzy testovan\u00e9 tak, aby p\u0159ekra\u010dovaly pr\u016fmyslov\u00e9 normy pro zku\u0161ebn\u00ed zat\u00ed\u017een\u00ed, co\u017e na\u0161im klient\u016fm poskytuje v\u011bt\u0161\u00ed d\u016fv\u011bru v jejich v\u00fdkonnost. Zkou\u0161ky pr\u016fkazn\u00edho zat\u00ed\u017een\u00ed jsou tak\u00e9 cenn\u00fdm m\u011b\u0159\u00edtkem bezpe\u010dnosti \u0159et\u011bzu, proto\u017ee zaji\u0161\u0165uj\u00ed, \u017ee \u0159et\u011bz si zachov\u00e1 svou integritu i p\u0159i n\u00e1hl\u00e9m a intenzivn\u00edm nam\u00e1h\u00e1n\u00ed.<\/p>\n<p>V\u00fdb\u011brem kotevn\u00edho \u0159et\u011bzu bez trn\u016f s odpov\u00eddaj\u00edc\u00edm pr\u016fm\u011brem a zat\u00ed\u017een\u00edm si kupuj\u00edc\u00ed m\u016f\u017ee zajistit optim\u00e1ln\u00ed v\u00fdkon pro sv\u00e9 specifick\u00e9 pot\u0159eby kotven\u00ed. N\u00e1\u0161 t\u00fdm ve spole\u010dnosti Qingdao H&amp;F je p\u0159ipraven poradit klient\u016fm p\u0159i v\u00fdb\u011bru ide\u00e1ln\u00edch specifikac\u00ed a vych\u00e1z\u00ed z na\u0161ich hlubok\u00fdch znalost\u00ed pr\u016fmyslov\u00fdch norem a vlastnost\u00ed materi\u00e1l\u016f, aby mohl doporu\u010dit v\u00fdrobky, kter\u00e9 odpov\u00eddaj\u00ed provozn\u00edm po\u017eadavk\u016fm ka\u017ed\u00e9ho klienta.<\/p>\n<h3>D\u016fv\u011b\u0159ujte osv\u011bd\u010den\u00e9mu partnerovi: Pro\u010d je spole\u010dnost Qingdao H&amp;F preferovanou volbou?<\/h3>\n<p>Pro ty, kte\u0159\u00ed hledaj\u00ed kotevn\u00ed \u0159et\u011bzy bez trn\u016f, je nejd\u016fle\u017eit\u011bj\u0161\u00ed spolehlivost a zku\u0161enosti dodavatele. Spole\u010dnost Qingdao H&amp;F m\u00e1 dv\u011b desetilet\u00ed zku\u0161enost\u00ed v oblasti B2B a rozum\u00ed komplexn\u00edm pot\u0159eb\u00e1m n\u00e1mo\u0159n\u00edch a pr\u016fmyslov\u00fdch z\u00e1kazn\u00edk\u016f. D\u00edky na\u0161emu specializovan\u00e9mu individu\u00e1ln\u00edmu z\u00e1kaznick\u00e9mu servisu se ka\u017ed\u00e9mu klientovi dostane individu\u00e1ln\u00ed podpory, kter\u00e1 mu pom\u016f\u017ee naj\u00edt nejlep\u0161\u00ed \u0159e\u0161en\u00ed pro jeho po\u017eadavky na kotven\u00ed a vyvazov\u00e1n\u00ed. Na\u0161e p\u0159\u00edsn\u00e9 testovac\u00ed protokoly nav\u00edc zaji\u0161\u0165uj\u00ed, \u017ee ka\u017ed\u00fd v\u00fdrobek spl\u0148uje nebo p\u0159ekra\u010duje pr\u016fmyslov\u00e9 normy kvality a trvanlivosti.<\/p>\n<p>Z\u00e1vazek ke kvalit\u011b nekon\u010d\u00ed prodejem. Spole\u010dnost Qingdao H&amp;F nab\u00edz\u00ed poprodejn\u00ed podporu a rychl\u00e9 odpov\u011bdi na dotazy klient\u016f, \u010d\u00edm\u017e d\u00e1le zlep\u0161uje jejich zku\u0161enosti. Jsme hrd\u00ed na svou schopnost budovat dlouhodob\u00e9 vztahy a poskytovat spolehliv\u00fd zdroj vysoce kvalitn\u00edch kotevn\u00edch \u0159et\u011bz\u016f bez trn\u016f, na kter\u00e9 se klienti mohou spolehnout. D\u00edky na\u0161emu transparentn\u00edmu procesu kontroly kvality a oddanosti rychl\u00fdm dod\u00e1vk\u00e1m jsme si v oboru vybudovali pov\u011bst vynikaj\u00edc\u00ed firmy.<\/p>\n<p>V\u00fdb\u011brem spole\u010dnosti Qingdao H&amp;F mohou klienti t\u011b\u017eit nejen z vynikaj\u00edc\u00ed kvality v\u00fdrobk\u016f, ale tak\u00e9 z jistoty, kterou p\u0159in\u00e1\u0161ej\u00ed na\u0161e komplexn\u00ed inspek\u010dn\u00ed zpr\u00e1vy a odborn\u00e9 poradenstv\u00ed. P\u0159i pohledu do budoucna se i nad\u00e1le zam\u011b\u0159ujeme na pomoc klient\u016fm dos\u00e1hnout \u00fasp\u011bchu poskytov\u00e1n\u00edm vysoce kvalitn\u00edch kotevn\u00edch \u0159et\u011bz\u016f bez \u010dep\u016f, kter\u00e9 poskytuj\u00ed v\u00fdkon i klid.<\/p>","protected":false},"excerpt":{"rendered":"<p>Kotevn\u00ed \u0159et\u011bzy bez \u010dep\u016f jsou spolehlivou volbou pro n\u00e1ro\u010dn\u00e9 kotven\u00ed a vyvazov\u00e1n\u00ed, jsou zn\u00e1m\u00e9 svou robustn\u00ed konstrukc\u00ed a odolnost\u00ed proti opot\u0159eben\u00ed v n\u00e1ro\u010dn\u00fdch n\u00e1mo\u0159n\u00edch podm\u00ednk\u00e1ch. Kupuj\u00edc\u00ed se obvykle zam\u011b\u0159uj\u00ed na faktory, jako je trvanlivost, odolnost proti zat\u00ed\u017een\u00ed a schopnost \u0159et\u011bzu odol\u00e1vat dlouhodob\u011b vysok\u00fdm z\u00e1t\u011b\u017eov\u00fdm podm\u00ednk\u00e1m. Spole\u010dnost Qingdao H&amp;F se jako B2B obchodn\u00ed spole\u010dnost s dvacetiletou zku\u0161enost\u00ed py\u0161n\u00ed t\u00edm, \u017ee nab\u00edz\u00ed konkurenceschopn\u00e9 ceny, rychl\u00fd dodac\u00ed cyklus a komplexn\u00ed zpr\u00e1vy o kontrole kvality. N\u00e1\u0161 individu\u00e1ln\u00ed z\u00e1kaznick\u00fd servis zaji\u0161\u0165uje n\u00e1kup na m\u00edru, co\u017e z n\u00e1s \u010din\u00ed d\u016fv\u011bryhodn\u00e9ho partnera v oblasti dod\u00e1vek vysoce kvalitn\u00edch kotevn\u00edch \u0159et\u011bz\u016f bez trn\u016f, kter\u00e9 spl\u0148uj\u00ed p\u0159\u00edsn\u00e9 pr\u016fmyslov\u00e9 normy.<\/p>","protected":false},"featured_media":8171,"comment_status":"open","ping_status":"closed","template":"","meta":{"site-sidebar-layout":"default","site-content-layout":"","ast-site-content-layout":"default","site-content-style":"default","site-sidebar-style":"default","ast-global-header-display":"","ast-banner-title-visibility":"","ast-main-header-display":"","ast-hfb-above-header-display":"","ast-hfb-below-header-display":"","ast-hfb-mobile-header-display":"","site-post-title":"","ast-breadcrumbs-content":"","ast-featured-img":"","footer-sml-layout":"","theme-transparent-header-meta":"default","adv-header-id-meta":"","stick-header-meta":"default","header-above-stick-meta":"","header-main-stick-meta":"","header-below-stick-meta":"","astra-migrate-meta-layouts":"set","ast-page-background-enabled":"default","ast-page-background-meta":{"desktop":{"background-color":"","background-image":"","background-repeat":"repeat","background-position":"center center","background-size":"auto","background-attachment":"scroll","background-type":"","background-media":"","overlay-type":"","overlay-color":"","overlay-opacity":"","overlay-gradient":""},"tablet":{"background-color":"","background-image":"","background-repeat":"repeat","background-position":"center center","background-size":"auto","background-attachment":"scroll","background-type":"","background-media":"","overlay-type":"","overlay-color":"","overlay-opacity":"","overlay-gradient":""},"mobile":{"background-color":"","background-image":"","background-repeat":"repeat","background-position":"center center","background-size":"auto","background-attachment":"scroll","background-type":"","background-media":"","overlay-type":"","overlay-color":"","overlay-opacity":"","overlay-gradient":""}},"ast-content-background-meta":{"desktop":{"background-color":"var(--ast-global-color-5)","background-image":"","background-repeat":"repeat","background-position":"center center","background-size":"auto","background-attachment":"scroll","background-type":"","background-media":"","overlay-type":"","overlay-color":"","overlay-opacity":"","overlay-gradient":""},"tablet":{"background-color":"var(--ast-global-color-5)","background-image":"","background-repeat":"repeat","background-position":"center center","background-size":"auto","background-attachment":"scroll","background-type":"","background-media":"","overlay-type":"","overlay-color":"","overlay-opacity":"","overlay-gradient":""},"mobile":{"background-color":"var(--ast-global-color-5)","background-image":"","background-repeat":"repeat","background-position":"center center","background-size":"auto","background-attachment":"scroll","background-type":"","background-media":"","overlay-type":"","overlay-color":"","overlay-opacity":"","overlay-gradient":""}}},"product_brand":[],"product_cat":[38],"product_tag":[],"class_list":{"0":"post-8178","1":"product","2":"type-product","3":"status-publish","4":"has-post-thumbnail","6":"product_cat-chain","7":"desktop-align-left","8":"tablet-align-left","9":"mobile-align-left","10":"ast-product-gallery-layout-horizontal-slider","11":"ast-product-tabs-layout-horizontal","13":"first","14":"instock","15":"shipping-taxable","16":"purchasable","17":"product-type-simple"},"yoast_head":"<!-- This site is optimized with the Yoast SEO plugin v25.2 - https:\/\/yoast.com\/wordpress\/plugins\/seo\/ -->\n<title>Studless Anchor Chain<\/title>\n<meta name=\"description\" content=\"Studless anchor chains are a dependable choice for heavy-duty mooring and anchoring, known for their robust structure and resistance to wear in demanding marine conditions.\" \/>\n<meta name=\"robots\" content=\"index, follow, max-snippet:-1, max-image-preview:large, max-video-preview:-1\" \/>\n<link rel=\"canonical\" href=\"https:\/\/qingdaohf.com\/cs\/produkt\/kotevni-retez-bez-cepu\/\" \/>\n<meta property=\"og:locale\" content=\"cs_CZ\" \/>\n<meta property=\"og:type\" content=\"article\" \/>\n<meta property=\"og:title\" content=\"Studless Anchor Chain\" \/>\n<meta property=\"og:description\" content=\"Studless anchor chains are a dependable choice for heavy-duty mooring and anchoring, known for their robust structure and resistance to wear in demanding marine conditions.\" \/>\n<meta property=\"og:url\" content=\"https:\/\/qingdaohf.com\/cs\/produkt\/kotevni-retez-bez-cepu\/\" \/>\n<meta property=\"og:site_name\" content=\"Concrete Form &amp; Rigging Hardware Supplier\" \/>\n<meta property=\"article:publisher\" content=\"https:\/\/www.facebook.com\/qingdaohf\" \/>\n<meta property=\"article:modified_time\" content=\"2025-11-13T01:02:54+00:00\" \/>\n<meta property=\"og:image\" content=\"https:\/\/qingdaohf.com\/wp-content\/uploads\/2024\/10\/marine-studless-chain_\u526f\u672c.jpg\" \/>\n\t<meta property=\"og:image:width\" content=\"1000\" \/>\n\t<meta property=\"og:image:height\" content=\"1000\" \/>\n\t<meta property=\"og:image:type\" content=\"image\/jpeg\" \/>\n<meta name=\"twitter:card\" content=\"summary_large_image\" \/>\n<meta name=\"twitter:label1\" content=\"Odhadovan\u00e1 doba \u010dten\u00ed\" \/>\n\t<meta name=\"twitter:data1\" content=\"5 minut\" \/>\n<script type=\"application\/ld+json\" class=\"yoast-schema-graph\">{\"@context\":\"https:\/\/schema.org\",\"@graph\":[{\"@type\":\"WebPage\",\"@id\":\"https:\/\/qingdaohf.com\/product\/studless-anchor-chain\/\",\"url\":\"https:\/\/qingdaohf.com\/product\/studless-anchor-chain\/\",\"name\":\"Studless Anchor Chain\",\"isPartOf\":{\"@id\":\"https:\/\/qingdaohf.com\/bg\/#website\"},\"primaryImageOfPage\":{\"@id\":\"https:\/\/qingdaohf.com\/product\/studless-anchor-chain\/#primaryimage\"},\"image\":{\"@id\":\"https:\/\/qingdaohf.com\/product\/studless-anchor-chain\/#primaryimage\"},\"thumbnailUrl\":\"https:\/\/qingdaohf.com\/wp-content\/uploads\/2024\/10\/marine-studless-chain_\u526f\u672c.jpg\",\"datePublished\":\"2024-10-29T08:45:43+00:00\",\"dateModified\":\"2025-11-13T01:02:54+00:00\",\"description\":\"Studless anchor chains are a dependable choice for heavy-duty mooring and anchoring, known for their robust structure and resistance to wear in demanding marine conditions.\",\"breadcrumb\":{\"@id\":\"https:\/\/qingdaohf.com\/product\/studless-anchor-chain\/#breadcrumb\"},\"inLanguage\":\"cs\",\"potentialAction\":[{\"@type\":\"ReadAction\",\"target\":[\"https:\/\/qingdaohf.com\/product\/studless-anchor-chain\/\"]}]},{\"@type\":\"ImageObject\",\"inLanguage\":\"cs\",\"@id\":\"https:\/\/qingdaohf.com\/product\/studless-anchor-chain\/#primaryimage\",\"url\":\"https:\/\/qingdaohf.com\/wp-content\/uploads\/2024\/10\/marine-studless-chain_\u526f\u672c.jpg\",\"contentUrl\":\"https:\/\/qingdaohf.com\/wp-content\/uploads\/2024\/10\/marine-studless-chain_\u526f\u672c.jpg\",\"width\":1000,\"height\":1000,\"caption\":\"studless chain\"},{\"@type\":\"BreadcrumbList\",\"@id\":\"https:\/\/qingdaohf.com\/product\/studless-anchor-chain\/#breadcrumb\",\"itemListElement\":[{\"@type\":\"ListItem\",\"position\":1,\"name\":\"Home\",\"item\":\"https:\/\/qingdaohf.com\/\"},{\"@type\":\"ListItem\",\"position\":2,\"name\":\"Concrete Forming Accessories and Rigging Hardware\",\"item\":\"https:\/\/qingdaohf.com\/bg\/?page_id=944\"},{\"@type\":\"ListItem\",\"position\":3,\"name\":\"Studless Anchor Chain\"}]},{\"@type\":\"WebSite\",\"@id\":\"https:\/\/qingdaohf.com\/bg\/#website\",\"url\":\"https:\/\/qingdaohf.com\/bg\/\",\"name\":\"Concrete Form & Rigging Hardware Supplier\",\"description\":\"\",\"publisher\":{\"@id\":\"https:\/\/qingdaohf.com\/bg\/#organization\"},\"potentialAction\":[{\"@type\":\"SearchAction\",\"target\":{\"@type\":\"EntryPoint\",\"urlTemplate\":\"https:\/\/qingdaohf.com\/bg\/?s={search_term_string}\"},\"query-input\":{\"@type\":\"PropertyValueSpecification\",\"valueRequired\":true,\"valueName\":\"search_term_string\"}}],\"inLanguage\":\"cs\"},{\"@type\":\"Organization\",\"@id\":\"https:\/\/qingdaohf.com\/bg\/#organization\",\"name\":\"Qingdao H&F\",\"url\":\"https:\/\/qingdaohf.com\/bg\/\",\"logo\":{\"@type\":\"ImageObject\",\"inLanguage\":\"cs\",\"@id\":\"https:\/\/qingdaohf.com\/bg\/#\/schema\/logo\/image\/\",\"url\":\"https:\/\/qingdaohf.com\/wp-content\/uploads\/2022\/12\/cropped-HF-LOGO.png\",\"contentUrl\":\"https:\/\/qingdaohf.com\/wp-content\/uploads\/2022\/12\/cropped-HF-LOGO.png\",\"width\":391,\"height\":249,\"caption\":\"Qingdao H&F\"},\"image\":{\"@id\":\"https:\/\/qingdaohf.com\/bg\/#\/schema\/logo\/image\/\"},\"sameAs\":[\"https:\/\/www.facebook.com\/qingdaohf\"]}]}<\/script>\n<!-- \/ Yoast SEO plugin. -->","yoast_head_json":{"title":"Studless Anchor Chain","description":"Studless anchor chains are a dependable choice for heavy-duty mooring and anchoring, known for their robust structure and resistance to wear in demanding marine conditions.","robots":{"index":"index","follow":"follow","max-snippet":"max-snippet:-1","max-image-preview":"max-image-preview:large","max-video-preview":"max-video-preview:-1"},"canonical":"https:\/\/qingdaohf.com\/cs\/produkt\/kotevni-retez-bez-cepu\/","og_locale":"cs_CZ","og_type":"article","og_title":"Studless Anchor Chain","og_description":"Studless anchor chains are a dependable choice for heavy-duty mooring and anchoring, known for their robust structure and resistance to wear in demanding marine conditions.","og_url":"https:\/\/qingdaohf.com\/cs\/produkt\/kotevni-retez-bez-cepu\/","og_site_name":"Concrete Form &amp; Rigging Hardware Supplier","article_publisher":"https:\/\/www.facebook.com\/qingdaohf","article_modified_time":"2025-11-13T01:02:54+00:00","og_image":[{"width":1000,"height":1000,"url":"https:\/\/qingdaohf.com\/wp-content\/uploads\/2024\/10\/marine-studless-chain_\u526f\u672c.jpg","type":"image\/jpeg"}],"twitter_card":"summary_large_image","twitter_misc":{"Odhadovan\u00e1 doba \u010dten\u00ed":"5 minut"},"schema":{"@context":"https:\/\/schema.org","@graph":[{"@type":"WebPage","@id":"https:\/\/qingdaohf.com\/product\/studless-anchor-chain\/","url":"https:\/\/qingdaohf.com\/product\/studless-anchor-chain\/","name":"Studless Anchor Chain","isPartOf":{"@id":"https:\/\/qingdaohf.com\/bg\/#website"},"primaryImageOfPage":{"@id":"https:\/\/qingdaohf.com\/product\/studless-anchor-chain\/#primaryimage"},"image":{"@id":"https:\/\/qingdaohf.com\/product\/studless-anchor-chain\/#primaryimage"},"thumbnailUrl":"https:\/\/qingdaohf.com\/wp-content\/uploads\/2024\/10\/marine-studless-chain_\u526f\u672c.jpg","datePublished":"2024-10-29T08:45:43+00:00","dateModified":"2025-11-13T01:02:54+00:00","description":"Studless anchor chains are a dependable choice for heavy-duty mooring and anchoring, known for their robust structure and resistance to wear in demanding marine conditions.","breadcrumb":{"@id":"https:\/\/qingdaohf.com\/product\/studless-anchor-chain\/#breadcrumb"},"inLanguage":"cs","potentialAction":[{"@type":"ReadAction","target":["https:\/\/qingdaohf.com\/product\/studless-anchor-chain\/"]}]},{"@type":"ImageObject","inLanguage":"cs","@id":"https:\/\/qingdaohf.com\/product\/studless-anchor-chain\/#primaryimage","url":"https:\/\/qingdaohf.com\/wp-content\/uploads\/2024\/10\/marine-studless-chain_\u526f\u672c.jpg","contentUrl":"https:\/\/qingdaohf.com\/wp-content\/uploads\/2024\/10\/marine-studless-chain_\u526f\u672c.jpg","width":1000,"height":1000,"caption":"studless chain"},{"@type":"BreadcrumbList","@id":"https:\/\/qingdaohf.com\/product\/studless-anchor-chain\/#breadcrumb","itemListElement":[{"@type":"ListItem","position":1,"name":"Home","item":"https:\/\/qingdaohf.com\/"},{"@type":"ListItem","position":2,"name":"Concrete Forming Accessories and Rigging Hardware","item":"https:\/\/qingdaohf.com\/bg\/?page_id=944"},{"@type":"ListItem","position":3,"name":"Studless Anchor Chain"}]},{"@type":"WebSite","@id":"https:\/\/qingdaohf.com\/bg\/#website","url":"https:\/\/qingdaohf.com\/bg\/","name":"Concrete Form & Rigging Hardware Supplier","description":"","publisher":{"@id":"https:\/\/qingdaohf.com\/bg\/#organization"},"potentialAction":[{"@type":"SearchAction","target":{"@type":"EntryPoint","urlTemplate":"https:\/\/qingdaohf.com\/bg\/?s={search_term_string}"},"query-input":{"@type":"PropertyValueSpecification","valueRequired":true,"valueName":"search_term_string"}}],"inLanguage":"cs"},{"@type":"Organization","@id":"https:\/\/qingdaohf.com\/bg\/#organization","name":"Qingdao H&F","url":"https:\/\/qingdaohf.com\/bg\/","logo":{"@type":"ImageObject","inLanguage":"cs","@id":"https:\/\/qingdaohf.com\/bg\/#\/schema\/logo\/image\/","url":"https:\/\/qingdaohf.com\/wp-content\/uploads\/2022\/12\/cropped-HF-LOGO.png","contentUrl":"https:\/\/qingdaohf.com\/wp-content\/uploads\/2022\/12\/cropped-HF-LOGO.png","width":391,"height":249,"caption":"Qingdao H&F"},"image":{"@id":"https:\/\/qingdaohf.com\/bg\/#\/schema\/logo\/image\/"},"sameAs":["https:\/\/www.facebook.com\/qingdaohf"]}]}},"_links":{"self":[{"href":"https:\/\/qingdaohf.com\/cs\/wp-json\/wp\/v2\/product\/8178","targetHints":{"allow":["GET"]}}],"collection":[{"href":"https:\/\/qingdaohf.com\/cs\/wp-json\/wp\/v2\/product"}],"about":[{"href":"https:\/\/qingdaohf.com\/cs\/wp-json\/wp\/v2\/types\/product"}],"replies":[{"embeddable":true,"href":"https:\/\/qingdaohf.com\/cs\/wp-json\/wp\/v2\/comments?post=8178"}],"version-history":[{"count":1,"href":"https:\/\/qingdaohf.com\/cs\/wp-json\/wp\/v2\/product\/8178\/revisions"}],"predecessor-version":[{"id":8180,"href":"https:\/\/qingdaohf.com\/cs\/wp-json\/wp\/v2\/product\/8178\/revisions\/8180"}],"wp:featuredmedia":[{"embeddable":true,"href":"https:\/\/qingdaohf.com\/cs\/wp-json\/wp\/v2\/media\/8171"}],"wp:attachment":[{"href":"https:\/\/qingdaohf.com\/cs\/wp-json\/wp\/v2\/media?parent=8178"}],"wp:term":[{"taxonomy":"product_brand","embeddable":true,"href":"https:\/\/qingdaohf.com\/cs\/wp-json\/wp\/v2\/product_brand?post=8178"},{"taxonomy":"product_cat","embeddable":true,"href":"https:\/\/qingdaohf.com\/cs\/wp-json\/wp\/v2\/product_cat?post=8178"},{"taxonomy":"product_tag","embeddable":true,"href":"https:\/\/qingdaohf.com\/cs\/wp-json\/wp\/v2\/product_tag?post=8178"}],"curies":[{"name":"wp","href":"https:\/\/api.w.org\/{rel}","templated":true}]}}