{"id":8181,"date":"2024-10-29T16:52:37","date_gmt":"2024-10-29T08:52:37","guid":{"rendered":"http:\/\/qingdaohf.com\/?post_type=product&#038;p=8181"},"modified":"2025-11-13T09:02:54","modified_gmt":"2025-11-13T01:02:54","slug":"stud-link-chain","status":"publish","type":"product","link":"https:\/\/qingdaohf.com\/cs\/produkt\/retez-s-cepy\/","title":{"rendered":"Kotevn\u00ed \u0159et\u011bz se z\u00e1vitem"},"content":{"rendered":"<p><img fetchpriority=\"high\" decoding=\"async\" class=\"alignnone size-full wp-image-8170\" src=\"http:\/\/qingdaohf.com\/wp-content\/uploads\/2024\/10\/stud-link-anchor-chain_2.webp\" alt=\"kotevn\u00ed \u0159et\u011bz se svorn\u00edkem\" width=\"842\" height=\"1091\" srcset=\"https:\/\/qingdaohf.com\/wp-content\/uploads\/2024\/10\/stud-link-anchor-chain_2.webp 842w, https:\/\/qingdaohf.com\/wp-content\/uploads\/2024\/10\/stud-link-anchor-chain_2-232x300.webp 232w, https:\/\/qingdaohf.com\/wp-content\/uploads\/2024\/10\/stud-link-anchor-chain_2-790x1024.webp 790w, https:\/\/qingdaohf.com\/wp-content\/uploads\/2024\/10\/stud-link-anchor-chain_2-768x995.webp 768w, https:\/\/qingdaohf.com\/wp-content\/uploads\/2024\/10\/stud-link-anchor-chain_2-9x12.webp 9w\" sizes=\"(max-width: 842px) 100vw, 842px\" \/><\/p>\n<p>V pr\u016fmyslov\u00e9m, n\u00e1mo\u0159n\u00edm a pob\u0159e\u017en\u00edm prost\u0159ed\u00ed jsou \u0159et\u011bzy Stud Link d\u016fv\u011bryhodn\u00e9 pro svou trvanlivost a nosnost, d\u00edky \u010demu\u017e jsou ide\u00e1ln\u00ed pro kotven\u00ed, vyvazov\u00e1n\u00ed a r\u016fzn\u00e9 t\u011b\u017ek\u00e9 zvedac\u00ed aplikace. Tyto \u0159et\u011bzy se skl\u00e1daj\u00ed ze vz\u00e1jemn\u011b propojen\u00fdch \u010dl\u00e1nk\u016f s \u010depy um\u00edst\u011bn\u00fdmi nap\u0159\u00ed\u010d vnit\u0159kem ka\u017ed\u00e9ho \u010dl\u00e1nku, co\u017e zvy\u0161uje struktur\u00e1ln\u00ed stabilitu, kter\u00e1 pom\u00e1h\u00e1 zabr\u00e1nit deformaci p\u0159i zna\u010dn\u00e9m zat\u00ed\u017een\u00ed. P\u0159i v\u00fdb\u011bru \u0159et\u011bzu se mus\u00ed kupuj\u00edc\u00ed zam\u011b\u0159it na specifikace, jako je pr\u016fm\u011br, zku\u0161ebn\u00ed zat\u00ed\u017een\u00ed a celkov\u00e1 kvalita materi\u00e1lu, proto\u017ee tyto faktory p\u0159\u00edmo ovliv\u0148uj\u00ed bezpe\u010dnost a v\u00fdkon.<\/p>\n<p>D\u016fle\u017eitost v\u00fdb\u011bru spr\u00e1vn\u00e9ho \u0159et\u011bzu se z\u00e1vitov\u00fdmi spoji p\u0159esahuje r\u00e1mec obecn\u00e9ho pou\u017eit\u00ed; specifikace ka\u017ed\u00e9ho \u0159et\u011bzu mus\u00ed odpov\u00eddat pr\u016fmyslov\u00fdm po\u017eadavk\u016fm a p\u0159edpokl\u00e1dan\u00fdm podm\u00ednk\u00e1m zat\u00ed\u017een\u00ed. Nap\u0159\u00edklad pr\u016fm\u011br \u010dl\u00e1nk\u016f \u0159et\u011bzu, b\u011b\u017en\u011b dostupn\u00fd v palcov\u00fdch velikostech, hraje z\u00e1sadn\u00ed roli p\u0159i ur\u010dov\u00e1n\u00ed pevnosti \u0159et\u011bzu a jeho vhodnosti pro r\u016fzn\u00e1 pou\u017eit\u00ed. \u0158et\u011bzy, kter\u00e9 spl\u0148uj\u00ed mezin\u00e1rodn\u00ed normy, jako je ISO 1704 a p\u0159edpisy IACS, poskytuj\u00ed kupuj\u00edc\u00edm jistotu, \u017ee tyto v\u00fdrobky byly p\u0159\u00edsn\u011b testov\u00e1ny z hlediska kvality a odolnosti. Ve spole\u010dnosti Qingdao H&amp;F si uv\u011bdomujeme pot\u0159ebu vysoce v\u00fdkonn\u00fdch v\u00fdrobk\u016f i d\u016fv\u011bryhodn\u00fdch slu\u017eeb, a proto ke ka\u017ed\u00e9mu \u0159et\u011bzu p\u0159ikl\u00e1d\u00e1me podrobn\u00e9 zpr\u00e1vy o kontrole kvality, v\u010detn\u011b zku\u0161ebn\u00edho zat\u00ed\u017een\u00ed, zat\u00ed\u017een\u00ed p\u0159i p\u0159etr\u017een\u00ed a slo\u017een\u00ed materi\u00e1lu. D\u00edky zam\u011b\u0159en\u00ed na bezpe\u010dnost a efektivitu poskytuj\u00ed na\u0161e \u0159et\u011bzy se z\u00e1vitov\u00fdmi spoji jistotu pot\u0159ebnou pro provozn\u00ed bezpe\u010dnost v n\u00e1ro\u010dn\u00fdch podm\u00ednk\u00e1ch.<\/p>\n<h3><strong>Pevnost a trvanlivost \u0159et\u011bz\u016f se z\u00e1vitov\u00fdmi spoji<\/strong><\/h3>\n<p>\u0158et\u011bzy typu Stud Link jsou vyrobeny z vysoce kvalitn\u00ed oceli, kter\u00e1 jim dod\u00e1v\u00e1 v\u00fdjime\u010dnou pevnost v tahu a odolnost proti korozi - dv\u011b kritick\u00e9 vlastnosti pro n\u00e1mo\u0159n\u00ed a t\u011b\u017ek\u00e9 pr\u016fmyslov\u00e9 aplikace. \u010cepy v ka\u017ed\u00e9m \u010dl\u00e1nku zabra\u0148uj\u00ed deformaci \u0159et\u011bzu t\u00edm, \u017ee zachov\u00e1vaj\u00ed jeho celkov\u00fd tvar i p\u0159i velk\u00e9m zat\u00ed\u017een\u00ed. Tato konstruk\u010dn\u00ed vlastnost tak\u00e9 pom\u00e1h\u00e1 zm\u00edrnit ohybov\u00e9 nam\u00e1h\u00e1n\u00ed, kter\u00e9 je \u010dast\u00fdm probl\u00e9mem v aplikac\u00edch s vysok\u00fdm nam\u00e1h\u00e1n\u00edm, a t\u00edm prodlu\u017euje \u017eivotnost \u0159et\u011bzu.<\/p>\n<p>Ka\u017ed\u00fd \u010dl\u00e1nek je pe\u010dliv\u011b zkonstruov\u00e1n tak, aby unesl zat\u00ed\u017een\u00ed, ani\u017e by podlehl deformaci nebo \u00fanav\u011b, co\u017e \u010din\u00ed \u0159et\u011bzy s \u010depov\u00fdmi \u010dl\u00e1nky obzvl\u00e1\u0161t\u011b cenn\u00fdmi v pob\u0159e\u017en\u00edch aplikac\u00edch, kde je rozhoduj\u00edc\u00ed stabilita a pevnost. \u0158et\u011bzy s v\u011bt\u0161\u00edm pr\u016fm\u011brem nab\u00edzej\u00ed v\u011bt\u0161\u00ed pr\u016fkazn\u00ed zat\u00ed\u017een\u00ed, co\u017e znamen\u00e1, \u017ee vydr\u017e\u00ed zna\u010dnou hmotnost, ani\u017e by se podlomily, a jsou tak ide\u00e1ln\u00ed pro kotevn\u00ed syst\u00e9my a kotevn\u00ed \u0159et\u011bzy.<\/p>\n<p>N\u00e1\u0161 z\u00e1vazek ke kvalit\u011b ve spole\u010dnosti Qingdao H&amp;F zahrnuje p\u0159\u00edsn\u00fd proces testov\u00e1n\u00ed, p\u0159i kter\u00e9m jsou \u0159et\u011bzy p\u0159ed odesl\u00e1n\u00edm podrobeny zku\u0161ebn\u00edmu zat\u00ed\u017een\u00ed a hodnocen\u00ed pevnosti v tahu. Tento postup zaji\u0161\u0165uje, \u017ee ka\u017ed\u00fd v\u00fdrobek spl\u0148uje po\u017eadavky a odol\u00e1v\u00e1 n\u00e1ro\u010dn\u00fdm podm\u00ednk\u00e1m pr\u016fmyslov\u00e9ho pou\u017eit\u00ed. N\u00e1\u0161 individu\u00e1ln\u00ed p\u0159\u00edstup k z\u00e1kaznick\u00e9mu servisu tak\u00e9 znamen\u00e1, \u017ee kupuj\u00edc\u00ed obdr\u017e\u00ed odborn\u00e9 poradenstv\u00ed p\u0159i v\u00fdb\u011bru vhodn\u00e9 velikosti a specifikac\u00ed \u0159et\u011bzu na z\u00e1klad\u011b konkr\u00e9tn\u00edch pot\u0159eb, co\u017e zaji\u0161\u0165uje, \u017ee ka\u017ed\u00fd n\u00e1kup je informovan\u00fd.<\/p>\n<h3><strong>Aplikace a \u00favahy o kupuj\u00edc\u00edch pro \u0159et\u011bzy s \u010depy<\/strong><\/h3>\n<p>\u0158et\u011bzy se z\u00e1vitov\u00fdmi \u010dl\u00e1nky se nej\u010dast\u011bji pou\u017e\u00edvaj\u00ed v n\u00e1mo\u0159n\u00edch aplikac\u00edch, zejm\u00e9na jako kotevn\u00ed a kotevn\u00ed \u0159et\u011bzy, a to d\u00edky sv\u00e9 schopnosti odol\u00e1vat dlouhodob\u00e9mu p\u016fsoben\u00ed mo\u0159sk\u00e9 vody a hrub\u00e9mu zach\u00e1zen\u00ed. Krom\u011b n\u00e1mo\u0159n\u00edho pou\u017eit\u00ed nach\u00e1zej\u00ed tyto \u0159et\u011bzy uplatn\u011bn\u00ed tak\u00e9 ve stavebnictv\u00ed, d\u016fln\u00edm pr\u016fmyslu a u pr\u016fmyslov\u00fdch stroj\u016f, kde je t\u0159eba zajistit a zvl\u00e1dnout t\u011b\u017ek\u00e1 b\u0159emena s maxim\u00e1ln\u00ed spolehlivost\u00ed. Volba pr\u016fm\u011bru \u0159et\u011bzu, konstrukce \u010dep\u016f a materi\u00e1l\u016f se v\u0161ak st\u00e1v\u00e1 rozhoduj\u00edc\u00ed pro spln\u011bn\u00ed specifick\u00fdch po\u017eadavk\u016f ka\u017ed\u00e9ho odv\u011btv\u00ed.<\/p>\n<p>P\u0159i v\u00fdb\u011bru \u0159et\u011bz\u016f Stud Link Chain d\u00e1vaj\u00ed kupuj\u00edc\u00ed p\u0159ednost n\u011bkolika atribut\u016fm souvisej\u00edc\u00edm s v\u00fdkonem. Prvn\u00ed je pevnost materi\u00e1lu: vysokopevnostn\u00ed ocel poskytuje pot\u0159ebnou odolnost pro n\u00e1mo\u0159n\u00ed aplikace, zat\u00edmco legovan\u00e1 ocel m\u016f\u017ee b\u00fdt up\u0159ednost\u0148ov\u00e1na pro lep\u0161\u00ed pom\u011br pevnosti a hmotnosti konstrukce. Za druh\u00e9, odolnost proti korozi se st\u00e1v\u00e1 kritickou v prost\u0159ed\u00ed slan\u00e9 vody, proto\u017ee jak\u00fdkoli kompromis v kvalit\u011b materi\u00e1lu by mohl v\u00e9st k brzk\u00e9 degradaci \u0159et\u011bzu a bezpe\u010dnostn\u00edm rizik\u016fm. Kupuj\u00edc\u00ed by tak\u00e9 m\u011bli zv\u00e1\u017eit odolnost \u0159et\u011bzu proti zat\u00ed\u017een\u00ed, aby se ujistili, \u017ee zvl\u00e1dne konkr\u00e9tn\u00ed hmotnostn\u00ed zat\u00ed\u017een\u00ed o\u010dek\u00e1van\u00e9 v jejich provozech.<\/p>\n<p>Na\u0161e rychl\u00e9 dodac\u00ed cykly ve spole\u010dnosti Qingdao H&amp;F umo\u017e\u0148uj\u00ed podnik\u016fm udr\u017eet nep\u0159eru\u0161en\u00fd provoz bez nadm\u011brn\u00fdch prostoj\u016f. Krom\u011b toho nab\u00edz\u00edme podrobn\u00e9 kontroln\u00ed zpr\u00e1vy, kter\u00e9 na\u0161im klient\u016fm poskytuj\u00ed jasn\u00fd p\u0159ehled o kvalitativn\u00edch parametrech ka\u017ed\u00e9ho \u0159et\u011bzce p\u0159ed odesl\u00e1n\u00edm. D\u00edky t\u00e9to \u00farovni transparentnosti mohou kupuj\u00edc\u00ed v\u011b\u0159it, \u017ee na\u0161e \u0159et\u011bzy spl\u0148uj\u00ed nejen pr\u016fmyslov\u00e9 normy, ale tak\u00e9 jedine\u010dn\u00e9 po\u017eadavky ka\u017ed\u00e9ho pou\u017eit\u00ed, a\u0165 u\u017e jde o vrtn\u00e9 soupravy na mo\u0159i, pr\u016fmyslov\u00e9 zved\u00e1n\u00ed nebo p\u0159\u00edstavn\u00ed a p\u0159\u00edstavn\u00ed operace.<\/p>\n<h3><strong>Z\u00e1v\u011br: Pro\u010d si vybrat \u0159et\u011bzy s knofl\u00edky od spole\u010dnosti Qingdao H&amp;F?<\/strong><\/h3>\n<p>V\u00fdb\u011br \u0159et\u011bzu s kol\u00edky je rozhodnut\u00ed, kter\u00e9 m\u00e1 sv\u00e9 ko\u0159eny v bezpe\u010dnosti a funk\u010dnosti, proto\u017ee tyto \u0159et\u011bzy mus\u00ed odol\u00e1vat extr\u00e9mn\u00edmu zat\u00ed\u017een\u00ed a n\u00e1ro\u010dn\u00e9mu prost\u0159ed\u00ed. Ve spole\u010dnosti Qingdao H&amp;F jdeme nad r\u00e1mec pouh\u00fdch dod\u00e1vek vysoce kvalitn\u00edch \u0159et\u011bz\u016f a nab\u00edz\u00edme komplexn\u00ed slu\u017eby, kter\u00e9 zahrnuj\u00ed odborn\u00e9 poradenstv\u00ed, rychl\u00e9 dod\u00e1n\u00ed a transparentnost v\u00fdrobk\u016f prost\u0159ednictv\u00edm kontroln\u00edch zpr\u00e1v. Ka\u017ed\u00fd z na\u0161ich \u0159et\u011bz\u016f spl\u0148uje p\u0159\u00edsn\u00e9 testovac\u00ed normy, co\u017e na\u0161im kupuj\u00edc\u00edm zaru\u010duje kvalitu a trvanlivost p\u0159i ka\u017ed\u00e9m n\u00e1kupu.<\/p>\n<p>N\u00e1\u0161 z\u00e1vazek individu\u00e1ln\u00edho p\u0159\u00edstupu k z\u00e1kazn\u00edk\u016fm znamen\u00e1, \u017ee klient\u016fm poskytujeme podporu v ka\u017ed\u00e9 f\u00e1zi, od v\u00fdb\u011bru produktu a\u017e po dotazy po jeho prodeji, a zaji\u0161\u0165ujeme tak nejlep\u0161\u00ed mo\u017en\u00fd z\u00e1\u017eitek z n\u00e1kupu. A\u0165 u\u017e se pou\u017e\u00edvaj\u00ed v n\u00e1mo\u0159n\u00edm prost\u0159ed\u00ed, p\u0159i pr\u016fmyslov\u00e9m zved\u00e1n\u00ed nebo v jin\u00fdch prost\u0159ed\u00edch s vysok\u00fdm zat\u00ed\u017een\u00edm, \u0159et\u011bzy s \u010depy Qingdao H&amp;F poskytuj\u00ed nejen kvalitu, ale tak\u00e9 spolehlivost a podporu, kterou ka\u017ed\u00fd podnik pot\u0159ebuje k \u00fasp\u011bchu.<\/p>","protected":false},"excerpt":{"rendered":"<p>\u0158et\u011bz s kol\u00edky nab\u00edz\u00ed robustn\u00ed pevnost a stabilitu a je ide\u00e1ln\u00ed pro n\u00e1ro\u010dn\u00e9 aplikace, kde je nejd\u016fle\u017eit\u011bj\u0161\u00ed odolnost a spolehlivost. Kupuj\u00edc\u00ed p\u0159i v\u00fdb\u011bru \u0159et\u011bzu s \u010depy \u010dasto up\u0159ednost\u0148uj\u00ed faktory, jako je kvalita materi\u00e1lu, nosnost a odolnost v\u016f\u010di drsn\u00e9mu prost\u0159ed\u00ed. Ve spole\u010dnosti Qingdao H&amp;F d\u00e1v\u00e1me t\u011bmto pot\u0159eb\u00e1m p\u0159ednost t\u00edm, \u017ee zaji\u0161\u0165ujeme, aby ka\u017ed\u00fd \u0159et\u011bz spl\u0148oval p\u0159\u00edsn\u00e9 normy kvality, a poskytujeme podrobn\u00e9 kontroln\u00ed zpr\u00e1vy v\u010detn\u011b \u00fadaj\u016f o zku\u0161ebn\u00edm zat\u00ed\u017een\u00ed a pevnosti v tahu. D\u00edky na\u0161emu individu\u00e1ln\u00edmu p\u0159\u00edstupu k z\u00e1kazn\u00edk\u016fm a efektivn\u00edmu dodac\u00edmu cyklu dod\u00e1v\u00e1me nejen v\u00fdrobky, ale i spolehliv\u00e1 \u0159e\u0161en\u00ed, kter\u00e1 umo\u017e\u0148uj\u00ed hlad\u0161\u00ed a bezpe\u010dn\u011bj\u0161\u00ed provoz va\u0161eho podniku.<\/p>","protected":false},"featured_media":4678,"comment_status":"open","ping_status":"closed","template":"","meta":{"site-sidebar-layout":"default","site-content-layout":"","ast-site-content-layout":"default","site-content-style":"default","site-sidebar-style":"default","ast-global-header-display":"","ast-banner-title-visibility":"","ast-main-header-display":"","ast-hfb-above-header-display":"","ast-hfb-below-header-display":"","ast-hfb-mobile-header-display":"","site-post-title":"","ast-breadcrumbs-content":"","ast-featured-img":"","footer-sml-layout":"","theme-transparent-header-meta":"default","adv-header-id-meta":"","stick-header-meta":"default","header-above-stick-meta":"","header-main-stick-meta":"","header-below-stick-meta":"","astra-migrate-meta-layouts":"set","ast-page-background-enabled":"default","ast-page-background-meta":{"desktop":{"background-color":"","background-image":"","background-repeat":"repeat","background-position":"center center","background-size":"auto","background-attachment":"scroll","background-type":"","background-media":"","overlay-type":"","overlay-color":"","overlay-opacity":"","overlay-gradient":""},"tablet":{"background-color":"","background-image":"","background-repeat":"repeat","background-position":"center center","background-size":"auto","background-attachment":"scroll","background-type":"","background-media":"","overlay-type":"","overlay-color":"","overlay-opacity":"","overlay-gradient":""},"mobile":{"background-color":"","background-image":"","background-repeat":"repeat","background-position":"center center","background-size":"auto","background-attachment":"scroll","background-type":"","background-media":"","overlay-type":"","overlay-color":"","overlay-opacity":"","overlay-gradient":""}},"ast-content-background-meta":{"desktop":{"background-color":"var(--ast-global-color-5)","background-image":"","background-repeat":"repeat","background-position":"center center","background-size":"auto","background-attachment":"scroll","background-type":"","background-media":"","overlay-type":"","overlay-color":"","overlay-opacity":"","overlay-gradient":""},"tablet":{"background-color":"var(--ast-global-color-5)","background-image":"","background-repeat":"repeat","background-position":"center center","background-size":"auto","background-attachment":"scroll","background-type":"","background-media":"","overlay-type":"","overlay-color":"","overlay-opacity":"","overlay-gradient":""},"mobile":{"background-color":"var(--ast-global-color-5)","background-image":"","background-repeat":"repeat","background-position":"center center","background-size":"auto","background-attachment":"scroll","background-type":"","background-media":"","overlay-type":"","overlay-color":"","overlay-opacity":"","overlay-gradient":""}}},"product_brand":[],"product_cat":[38],"product_tag":[],"class_list":{"0":"post-8181","1":"product","2":"type-product","3":"status-publish","4":"has-post-thumbnail","6":"product_cat-chain","7":"desktop-align-left","8":"tablet-align-left","9":"mobile-align-left","10":"ast-product-gallery-layout-horizontal-slider","11":"ast-product-tabs-layout-horizontal","13":"first","14":"instock","15":"shipping-taxable","16":"purchasable","17":"product-type-simple"},"yoast_head":"<!-- This site is optimized with the Yoast SEO plugin v25.2 - https:\/\/yoast.com\/wordpress\/plugins\/seo\/ -->\n<title>Stud Link Anchor Chain<\/title>\n<meta name=\"robots\" content=\"index, follow, max-snippet:-1, max-image-preview:large, max-video-preview:-1\" \/>\n<link rel=\"canonical\" href=\"https:\/\/qingdaohf.com\/cs\/produkt\/retez-s-cepy\/\" \/>\n<meta property=\"og:locale\" content=\"cs_CZ\" \/>\n<meta property=\"og:type\" content=\"article\" \/>\n<meta property=\"og:title\" content=\"Stud Link Anchor Chain\" \/>\n<meta property=\"og:description\" content=\"A Stud Link Chain offers robust strength and stability, ideal for heavy-duty applications where durability and reliability are paramount. Buyers often prioritize factors like material quality, load-bearing capacity, and resistance to harsh environments when selecting a Stud Link Chain. At Qingdao H&amp;F, we prioritize these needs by ensuring every chain meets stringent quality standards and providing detailed inspection reports, including proof load and tensile strength data. With our one-on-one customer service approach and efficient delivery cycle, we deliver not just products but reliable solutions that enable smoother, safer operations for your business.\" \/>\n<meta property=\"og:url\" content=\"https:\/\/qingdaohf.com\/cs\/produkt\/retez-s-cepy\/\" \/>\n<meta property=\"og:site_name\" content=\"Concrete Form &amp; Rigging Hardware Supplier\" \/>\n<meta property=\"article:publisher\" content=\"https:\/\/www.facebook.com\/qingdaohf\" \/>\n<meta property=\"article:modified_time\" content=\"2025-11-13T01:02:54+00:00\" \/>\n<meta property=\"og:image\" content=\"https:\/\/qingdaohf.com\/wp-content\/uploads\/2023\/04\/Marine-anchor-chain.jpg\" \/>\n\t<meta property=\"og:image:width\" content=\"1000\" \/>\n\t<meta property=\"og:image:height\" content=\"1000\" \/>\n\t<meta property=\"og:image:type\" content=\"image\/jpeg\" \/>\n<meta name=\"twitter:card\" content=\"summary_large_image\" \/>\n<meta name=\"twitter:label1\" content=\"Odhadovan\u00e1 doba \u010dten\u00ed\" \/>\n\t<meta name=\"twitter:data1\" content=\"4 minuty\" \/>\n<script type=\"application\/ld+json\" class=\"yoast-schema-graph\">{\"@context\":\"https:\/\/schema.org\",\"@graph\":[{\"@type\":\"WebPage\",\"@id\":\"https:\/\/qingdaohf.com\/product\/stud-link-chain\/\",\"url\":\"https:\/\/qingdaohf.com\/product\/stud-link-chain\/\",\"name\":\"Stud Link Anchor Chain\",\"isPartOf\":{\"@id\":\"https:\/\/qingdaohf.com\/bg\/#website\"},\"primaryImageOfPage\":{\"@id\":\"https:\/\/qingdaohf.com\/product\/stud-link-chain\/#primaryimage\"},\"image\":{\"@id\":\"https:\/\/qingdaohf.com\/product\/stud-link-chain\/#primaryimage\"},\"thumbnailUrl\":\"https:\/\/qingdaohf.com\/wp-content\/uploads\/2023\/04\/Marine-anchor-chain.jpg\",\"datePublished\":\"2024-10-29T08:52:37+00:00\",\"dateModified\":\"2025-11-13T01:02:54+00:00\",\"breadcrumb\":{\"@id\":\"https:\/\/qingdaohf.com\/product\/stud-link-chain\/#breadcrumb\"},\"inLanguage\":\"cs\",\"potentialAction\":[{\"@type\":\"ReadAction\",\"target\":[\"https:\/\/qingdaohf.com\/product\/stud-link-chain\/\"]}]},{\"@type\":\"ImageObject\",\"inLanguage\":\"cs\",\"@id\":\"https:\/\/qingdaohf.com\/product\/stud-link-chain\/#primaryimage\",\"url\":\"https:\/\/qingdaohf.com\/wp-content\/uploads\/2023\/04\/Marine-anchor-chain.jpg\",\"contentUrl\":\"https:\/\/qingdaohf.com\/wp-content\/uploads\/2023\/04\/Marine-anchor-chain.jpg\",\"width\":1000,\"height\":1000,\"caption\":\"Marine anchor chain\"},{\"@type\":\"BreadcrumbList\",\"@id\":\"https:\/\/qingdaohf.com\/product\/stud-link-chain\/#breadcrumb\",\"itemListElement\":[{\"@type\":\"ListItem\",\"position\":1,\"name\":\"Home\",\"item\":\"https:\/\/qingdaohf.com\/\"},{\"@type\":\"ListItem\",\"position\":2,\"name\":\"Concrete Forming Accessories and Rigging Hardware\",\"item\":\"https:\/\/qingdaohf.com\/bg\/?page_id=944\"},{\"@type\":\"ListItem\",\"position\":3,\"name\":\"Stud Link Anchor Chain\"}]},{\"@type\":\"WebSite\",\"@id\":\"https:\/\/qingdaohf.com\/bg\/#website\",\"url\":\"https:\/\/qingdaohf.com\/bg\/\",\"name\":\"Concrete Form & Rigging Hardware Supplier\",\"description\":\"\",\"publisher\":{\"@id\":\"https:\/\/qingdaohf.com\/bg\/#organization\"},\"potentialAction\":[{\"@type\":\"SearchAction\",\"target\":{\"@type\":\"EntryPoint\",\"urlTemplate\":\"https:\/\/qingdaohf.com\/bg\/?s={search_term_string}\"},\"query-input\":{\"@type\":\"PropertyValueSpecification\",\"valueRequired\":true,\"valueName\":\"search_term_string\"}}],\"inLanguage\":\"cs\"},{\"@type\":\"Organization\",\"@id\":\"https:\/\/qingdaohf.com\/bg\/#organization\",\"name\":\"Qingdao H&F\",\"url\":\"https:\/\/qingdaohf.com\/bg\/\",\"logo\":{\"@type\":\"ImageObject\",\"inLanguage\":\"cs\",\"@id\":\"https:\/\/qingdaohf.com\/bg\/#\/schema\/logo\/image\/\",\"url\":\"https:\/\/qingdaohf.com\/wp-content\/uploads\/2022\/12\/cropped-HF-LOGO.png\",\"contentUrl\":\"https:\/\/qingdaohf.com\/wp-content\/uploads\/2022\/12\/cropped-HF-LOGO.png\",\"width\":391,\"height\":249,\"caption\":\"Qingdao H&F\"},\"image\":{\"@id\":\"https:\/\/qingdaohf.com\/bg\/#\/schema\/logo\/image\/\"},\"sameAs\":[\"https:\/\/www.facebook.com\/qingdaohf\"]}]}<\/script>\n<!-- \/ Yoast SEO plugin. -->","yoast_head_json":{"title":"Stud Link Anchor Chain","robots":{"index":"index","follow":"follow","max-snippet":"max-snippet:-1","max-image-preview":"max-image-preview:large","max-video-preview":"max-video-preview:-1"},"canonical":"https:\/\/qingdaohf.com\/cs\/produkt\/retez-s-cepy\/","og_locale":"cs_CZ","og_type":"article","og_title":"Stud Link Anchor Chain","og_description":"A Stud Link Chain offers robust strength and stability, ideal for heavy-duty applications where durability and reliability are paramount. Buyers often prioritize factors like material quality, load-bearing capacity, and resistance to harsh environments when selecting a Stud Link Chain. At Qingdao H&amp;F, we prioritize these needs by ensuring every chain meets stringent quality standards and providing detailed inspection reports, including proof load and tensile strength data. With our one-on-one customer service approach and efficient delivery cycle, we deliver not just products but reliable solutions that enable smoother, safer operations for your business.","og_url":"https:\/\/qingdaohf.com\/cs\/produkt\/retez-s-cepy\/","og_site_name":"Concrete Form &amp; Rigging Hardware Supplier","article_publisher":"https:\/\/www.facebook.com\/qingdaohf","article_modified_time":"2025-11-13T01:02:54+00:00","og_image":[{"width":1000,"height":1000,"url":"https:\/\/qingdaohf.com\/wp-content\/uploads\/2023\/04\/Marine-anchor-chain.jpg","type":"image\/jpeg"}],"twitter_card":"summary_large_image","twitter_misc":{"Odhadovan\u00e1 doba \u010dten\u00ed":"4 minuty"},"schema":{"@context":"https:\/\/schema.org","@graph":[{"@type":"WebPage","@id":"https:\/\/qingdaohf.com\/product\/stud-link-chain\/","url":"https:\/\/qingdaohf.com\/product\/stud-link-chain\/","name":"Stud Link Anchor Chain","isPartOf":{"@id":"https:\/\/qingdaohf.com\/bg\/#website"},"primaryImageOfPage":{"@id":"https:\/\/qingdaohf.com\/product\/stud-link-chain\/#primaryimage"},"image":{"@id":"https:\/\/qingdaohf.com\/product\/stud-link-chain\/#primaryimage"},"thumbnailUrl":"https:\/\/qingdaohf.com\/wp-content\/uploads\/2023\/04\/Marine-anchor-chain.jpg","datePublished":"2024-10-29T08:52:37+00:00","dateModified":"2025-11-13T01:02:54+00:00","breadcrumb":{"@id":"https:\/\/qingdaohf.com\/product\/stud-link-chain\/#breadcrumb"},"inLanguage":"cs","potentialAction":[{"@type":"ReadAction","target":["https:\/\/qingdaohf.com\/product\/stud-link-chain\/"]}]},{"@type":"ImageObject","inLanguage":"cs","@id":"https:\/\/qingdaohf.com\/product\/stud-link-chain\/#primaryimage","url":"https:\/\/qingdaohf.com\/wp-content\/uploads\/2023\/04\/Marine-anchor-chain.jpg","contentUrl":"https:\/\/qingdaohf.com\/wp-content\/uploads\/2023\/04\/Marine-anchor-chain.jpg","width":1000,"height":1000,"caption":"Marine anchor chain"},{"@type":"BreadcrumbList","@id":"https:\/\/qingdaohf.com\/product\/stud-link-chain\/#breadcrumb","itemListElement":[{"@type":"ListItem","position":1,"name":"Home","item":"https:\/\/qingdaohf.com\/"},{"@type":"ListItem","position":2,"name":"Concrete Forming Accessories and Rigging Hardware","item":"https:\/\/qingdaohf.com\/bg\/?page_id=944"},{"@type":"ListItem","position":3,"name":"Stud Link Anchor Chain"}]},{"@type":"WebSite","@id":"https:\/\/qingdaohf.com\/bg\/#website","url":"https:\/\/qingdaohf.com\/bg\/","name":"Concrete Form & Rigging Hardware Supplier","description":"","publisher":{"@id":"https:\/\/qingdaohf.com\/bg\/#organization"},"potentialAction":[{"@type":"SearchAction","target":{"@type":"EntryPoint","urlTemplate":"https:\/\/qingdaohf.com\/bg\/?s={search_term_string}"},"query-input":{"@type":"PropertyValueSpecification","valueRequired":true,"valueName":"search_term_string"}}],"inLanguage":"cs"},{"@type":"Organization","@id":"https:\/\/qingdaohf.com\/bg\/#organization","name":"Qingdao H&F","url":"https:\/\/qingdaohf.com\/bg\/","logo":{"@type":"ImageObject","inLanguage":"cs","@id":"https:\/\/qingdaohf.com\/bg\/#\/schema\/logo\/image\/","url":"https:\/\/qingdaohf.com\/wp-content\/uploads\/2022\/12\/cropped-HF-LOGO.png","contentUrl":"https:\/\/qingdaohf.com\/wp-content\/uploads\/2022\/12\/cropped-HF-LOGO.png","width":391,"height":249,"caption":"Qingdao H&F"},"image":{"@id":"https:\/\/qingdaohf.com\/bg\/#\/schema\/logo\/image\/"},"sameAs":["https:\/\/www.facebook.com\/qingdaohf"]}]}},"_links":{"self":[{"href":"https:\/\/qingdaohf.com\/cs\/wp-json\/wp\/v2\/product\/8181","targetHints":{"allow":["GET"]}}],"collection":[{"href":"https:\/\/qingdaohf.com\/cs\/wp-json\/wp\/v2\/product"}],"about":[{"href":"https:\/\/qingdaohf.com\/cs\/wp-json\/wp\/v2\/types\/product"}],"replies":[{"embeddable":true,"href":"https:\/\/qingdaohf.com\/cs\/wp-json\/wp\/v2\/comments?post=8181"}],"version-history":[{"count":2,"href":"https:\/\/qingdaohf.com\/cs\/wp-json\/wp\/v2\/product\/8181\/revisions"}],"predecessor-version":[{"id":8341,"href":"https:\/\/qingdaohf.com\/cs\/wp-json\/wp\/v2\/product\/8181\/revisions\/8341"}],"wp:featuredmedia":[{"embeddable":true,"href":"https:\/\/qingdaohf.com\/cs\/wp-json\/wp\/v2\/media\/4678"}],"wp:attachment":[{"href":"https:\/\/qingdaohf.com\/cs\/wp-json\/wp\/v2\/media?parent=8181"}],"wp:term":[{"taxonomy":"product_brand","embeddable":true,"href":"https:\/\/qingdaohf.com\/cs\/wp-json\/wp\/v2\/product_brand?post=8181"},{"taxonomy":"product_cat","embeddable":true,"href":"https:\/\/qingdaohf.com\/cs\/wp-json\/wp\/v2\/product_cat?post=8181"},{"taxonomy":"product_tag","embeddable":true,"href":"https:\/\/qingdaohf.com\/cs\/wp-json\/wp\/v2\/product_tag?post=8181"}],"curies":[{"name":"wp","href":"https:\/\/api.w.org\/{rel}","templated":true}]}}