{"id":8277,"date":"2024-11-05T14:01:41","date_gmt":"2024-11-05T06:01:41","guid":{"rendered":"http:\/\/qingdaohf.com\/?post_type=product&#038;p=8277"},"modified":"2025-11-13T09:02:53","modified_gmt":"2025-11-13T01:02:53","slug":"webbing-sling-2-ton","status":"publish","type":"product","link":"https:\/\/qingdaohf.com\/cs\/produkt\/popruhovy-zaves-2-tuny\/","title":{"rendered":"Ploch\u00e9 popruhy Sling 2 Ton Polyester Double Duplex"},"content":{"rendered":"<div class=\"flex max-w-full flex-col flex-grow\">\n<div class=\"min-h-8 text-message flex w-full flex-col items-end gap-2 whitespace-normal break-words [.text-message+&amp;]:mt-5\" dir=\"auto\" data-message-author-role=\"assistant\" data-message-id=\"df1a8cb9-4730-4671-a7fd-4bac8c133d3f\" data-message-model-slug=\"gpt-4o\">\n<div class=\"flex w-full flex-col gap-1 empty:hidden first:pt-[3px]\">\n<div class=\"markdown prose w-full break-words dark:prose-invert light\">\n<h3><strong>V\u0161estrann\u00fd popruh o nosnosti 2 tuny pro robustn\u00ed \u0159e\u0161en\u00ed zved\u00e1n\u00ed<\/strong><\/h3>\n<p>Dvoutunov\u00fd popruh je d\u016fle\u017eit\u00fdm n\u00e1strojem pro bezpe\u010dn\u00e9 zved\u00e1n\u00ed a manipulaci s t\u011b\u017ek\u00fdmi b\u0159emeny v r\u016fzn\u00fdch odv\u011btv\u00edch. Tento popruh je vyroben z vysoce kvalitn\u00edch syntetick\u00fdch vl\u00e1ken, je pevn\u00fd a pru\u017en\u00fd a kombinuje odolnost pot\u0159ebnou pro n\u00e1ro\u010dn\u00e9 podm\u00ednky se snadn\u00fdm pou\u017eit\u00edm. Nosnost 2 tuny je vhodn\u00e1 pro st\u0159edn\u011b velk\u00e1 b\u0159emena, tak\u017ee je velmi univerz\u00e1ln\u00ed v odv\u011btv\u00edch, jako je stavebnictv\u00ed, skladov\u00e1n\u00ed, doprava a v\u00fdroba. Dvoutunov\u00fd popruh Qingdao H&amp;F poskytuje spolehliv\u00e9 \u0159e\u0161en\u00ed, kter\u00e9 spl\u0148uje v\u00fdkonnostn\u00ed a bezpe\u010dnostn\u00ed o\u010dek\u00e1v\u00e1n\u00ed profesion\u00e1l\u016f v r\u016fzn\u00fdch oborech.<\/p>\n<p>V pr\u016fmyslov\u00fdch odv\u011btv\u00edch, kde je zved\u00e1n\u00ed t\u011b\u017ek\u00fdch b\u0159emen ned\u00edlnou sou\u010d\u00e1st\u00ed, je zaji\u0161t\u011bn\u00ed bezpe\u010dnosti a spolehlivosti za\u0159\u00edzen\u00ed prvo\u0159ad\u00e9. Dvoutunov\u00fd popruhov\u00fd z\u00e1v\u011bs od spole\u010dnosti Qingdao H&amp;F je speci\u00e1ln\u011b navr\u017een tak, aby nab\u00edzel optim\u00e1ln\u00ed pevnost bez omezen\u00ed flexibility, co\u017e umo\u017e\u0148uje bezpe\u010dnou a efektivn\u00ed manipulaci s b\u0159emeny. Kupuj\u00edc\u00ed hledaj\u00ed kombinaci vysok\u00e9 nosnosti, trvanlivosti a odolnosti proti opot\u0159eben\u00ed, co\u017e jsou vlastnosti pe\u010dliv\u011b integrovan\u00e9 do konstrukce tohoto popruhu. D\u00edky syntetick\u00e9 konstrukci je tento dvoutunov\u00fd z\u00e1v\u011bs leh\u010d\u00ed a ovladateln\u011bj\u0161\u00ed ne\u017e kovov\u00e9 alternativy, co\u017e sni\u017euje pravd\u011bpodobnost \u00fanavy obsluhy a zvy\u0161uje celkovou bezpe\u010dnost.<\/p>\n<p>Spole\u010dnost Qingdao H&amp;F dopl\u0148uje \u0161pi\u010dkovou kvalitu sv\u00fdch popruh\u016f slu\u017ebami zam\u011b\u0159en\u00fdmi na z\u00e1kazn\u00edka. Ka\u017ed\u00fd v\u00fdrobek proch\u00e1z\u00ed p\u0159\u00edsnou kontrolou, kterou doprov\u00e1z\u00ed komplexn\u00ed zpr\u00e1vy o kvalit\u011b, aby m\u011bli kupuj\u00edc\u00ed plnou d\u016fv\u011bru ve sv\u016fj n\u00e1kup. N\u00e1\u0161 individu\u00e1ln\u00ed p\u0159\u00edstup k z\u00e1kazn\u00edk\u016fm zaji\u0161\u0165uje, \u017ee budou spln\u011bny jedine\u010dn\u00e9 pot\u0159eby ka\u017ed\u00e9ho kupuj\u00edc\u00edho, a n\u00e1\u0161 efektivn\u00ed proces dod\u00e1vek zaru\u010duje v\u010dasn\u00e9 doru\u010den\u00ed pro nep\u0159eru\u0161en\u00fd pr\u016fb\u011bh projektu.<\/p>\n<h3><strong>Kvalita konstrukce a materi\u00e1l\u016f pro dlouhou \u017eivotnost<\/strong><\/h3>\n<p>Materi\u00e1lov\u00e9 slo\u017een\u00ed popruhu o nosnosti 2 tuny je jedn\u00edm z jeho charakteristick\u00fdch rys\u016f, kter\u00fd byl zvolen tak, aby vydr\u017eel opakovan\u00e9 pou\u017eit\u00ed v n\u00e1ro\u010dn\u00fdch podm\u00ednk\u00e1ch. Obvykle se vyr\u00e1b\u00ed z polyesteru nebo nylonu, p\u0159i\u010dem\u017e ka\u017ed\u00fd materi\u00e1l p\u0159in\u00e1\u0161\u00ed specifick\u00e9 v\u00fdhody. Nap\u0159\u00edklad polyesterov\u00e9 popruhy jsou odoln\u00e9 v\u016f\u010di vlhkosti a UV z\u00e1\u0159en\u00ed, tak\u017ee jsou ide\u00e1ln\u00ed pro venkovn\u00ed a dlouhodob\u00e9 pou\u017eit\u00ed. Nylonov\u00e9 popruhy, zn\u00e1m\u00e9 svou pru\u017enost\u00ed, nab\u00edzej\u00ed vynikaj\u00edc\u00ed tlumen\u00ed n\u00e1raz\u016f, co\u017e je cenn\u00e9 p\u0159i manipulaci s dynamick\u00fdm zat\u00ed\u017een\u00edm. Bez ohledu na materi\u00e1l proch\u00e1z\u00ed ka\u017ed\u00fd z\u00e1v\u011bs pe\u010dliv\u00fdm testov\u00e1n\u00edm, kter\u00e9 potvrzuje, \u017ee bezpe\u010dn\u011b unese a\u017e 2 tuny.<\/p>\n<p>V\u00fdrobn\u00ed procesy jsou pe\u010dliv\u011b kontrolov\u00e1ny, aby byla zaji\u0161t\u011bna jednotnost a spolehlivost. Od v\u00fdb\u011bru vl\u00e1ken a\u017e po fin\u00e1ln\u00ed tkan\u00ed je ka\u017ed\u00fd krok prov\u00e1d\u011bn s ohledem na trvanlivost, co\u017e zaji\u0161\u0165uje, \u017ee z\u00e1v\u011bs z\u016fstane pevn\u00fd po dlouhou dobu. Zes\u00edlen\u00e9 smy\u010dky a povrchov\u00e1 \u00faprava odoln\u00e1 proti od\u011bru d\u00e1le prodlu\u017euj\u00ed \u017eivotnost v\u00fdrobku a poskytuj\u00ed hodnotu kupuj\u00edc\u00edm, kte\u0159\u00ed hledaj\u00ed vysoce v\u00fdkonn\u00e1 a n\u00e1kladov\u011b efektivn\u00ed \u0159e\u0161en\u00ed pro zved\u00e1n\u00ed. Spole\u010dnost Qingdao H&amp;F nab\u00edz\u00ed s ka\u017ed\u00fdm z\u00e1v\u011bsem jistotu v\u00fdrobku testovan\u00e9ho na bezpe\u010dnost, spolehlivost a dlouhou \u017eivotnost, kter\u00fd spl\u0148uje n\u00e1ro\u010dn\u00e9 standardy pr\u016fmyslov\u00fdch odv\u011btv\u00ed, je\u017e se spol\u00e9haj\u00ed na spolehliv\u00e1 zdvihac\u00ed za\u0159\u00edzen\u00ed.<\/p>\n<h3><strong>Aplikace v r\u016fzn\u00fdch odv\u011btv\u00edch<\/strong><\/h3>\n<p>P\u0159izp\u016fsobivost popruh\u016f o nosnosti 2 tuny je cenn\u00e1 v r\u016fzn\u00fdch oblastech, v\u010detn\u011b logistiky, stavebnictv\u00ed a pr\u016fmyslov\u00e9 \u00fadr\u017eby. Nap\u0159\u00edklad ve stavebnictv\u00ed je tento rozsah nosnosti vhodn\u00fd pro polohov\u00e1n\u00ed nosn\u00edk\u016f, zaji\u0161t\u011bn\u00ed t\u011b\u017ek\u00fdch stroj\u016f nebo p\u0159esun nezbytn\u00fdch stavebn\u00edch materi\u00e1l\u016f. Lehk\u00e1 a p\u0159itom robustn\u00ed konstrukce popruhov\u00fdch z\u00e1v\u011bs\u016f zjednodu\u0161uje manipulaci s n\u00e1kladem v t\u011bchto sc\u00e9n\u00e1\u0159\u00edch a na rozd\u00edl od ocelov\u00fdch \u0159et\u011bz\u016f syntetick\u00fd materi\u00e1l minimalizuje riziko po\u0161kozen\u00ed povrchu. V logistice a skladov\u00e1n\u00ed se d\u00edky nosnosti 2 tuny hod\u00ed pro p\u0159epravu z\u00e1silek a materi\u00e1l\u016f st\u0159edn\u00ed hmotnosti, co\u017e je ide\u00e1ln\u00ed pro situace vy\u017eaduj\u00edc\u00ed stabilitu n\u00e1kladu i opatrnou manipulaci.<\/p>\n<p>Krom\u011b pevnosti a trvanlivosti kupuj\u00edc\u00ed \u010dasto oce\u0148uj\u00ed flexibilitu, kterou popruhy nab\u00edzej\u00ed ve srovn\u00e1n\u00ed s tradi\u010dn\u00edmi zvedac\u00edmi \u0159et\u011bzy nebo lany. Syntetick\u00fd materi\u00e1l umo\u017e\u0148uje snadn\u011bj\u0161\u00ed man\u00e9vrov\u00e1n\u00ed, tak\u017ee je praktick\u00fd pro zvedac\u00ed operace ve st\u00edsn\u011bn\u00fdch prostorech nebo p\u0159i jedine\u010dn\u00fdch konfigurac\u00edch b\u0159emen. Konstrukce popruhov\u00e9ho z\u00e1v\u011bsu o nosnosti 2 tuny nav\u00edc umo\u017e\u0148uje bezpe\u010dn\u011bj\u0161\u00ed a stabiln\u011bj\u0161\u00ed zved\u00e1n\u00ed, co\u017e zvy\u0161uje d\u016fv\u011bru obsluhy a sni\u017euje riziko nehod nebo po\u0161kozen\u00ed materi\u00e1lu. D\u00edky zam\u011b\u0159en\u00ed spole\u010dnosti Qingdao H&amp;F na kvalitu a v\u00fdkon poskytuje ka\u017ed\u00fd z\u00e1v\u011bs praktick\u00e9, bezpe\u010dn\u00e9 a univerz\u00e1ln\u00ed \u0159e\u0161en\u00ed vhodn\u00e9 pro r\u016fzn\u00e1 pr\u016fmyslov\u00e1 odv\u011btv\u00ed.<\/p>\n<h3><strong>Z\u00e1vazek spole\u010dnosti Qingdao H&amp;F k poskytov\u00e1n\u00ed slu\u017eeb a zaji\u0161t\u011bn\u00ed kvality<\/strong><\/h3>\n<p>Spole\u010dnost Qingdao H&amp;F poskytuje nejen vysoce kvalitn\u00ed v\u00fdrobky, ale zam\u011b\u0159uje se tak\u00e9 na poskytov\u00e1n\u00ed v\u00fdjime\u010dn\u00fdch zku\u0161enost\u00ed p\u0159i n\u00e1kupu. Dvoutunov\u00fd popruhov\u00fd z\u00e1v\u011bs je dod\u00e1v\u00e1n s komplexn\u00ed kontroln\u00ed zpr\u00e1vou, kter\u00e1 zaji\u0161\u0165uje transparentnost kvality v\u00fdrobku a soulad s pr\u016fmyslov\u00fdmi normami. Ka\u017ed\u00e1 zpr\u00e1va podrobn\u011b popisuje kritick\u00e9 v\u00fdkonnostn\u00ed ukazatele, co\u017e d\u00e1v\u00e1 kupuj\u00edc\u00edm d\u016fv\u011bru v jejich investici. D\u00edky ov\u011b\u0159en\u00ed nosnosti a potvrzen\u00ed trvanlivosti v\u00fdrobku nab\u00edzej\u00ed tyto zpr\u00e1vy z\u00e1sadn\u00ed informace pro podniky, kter\u00e9 up\u0159ednost\u0148uj\u00ed bezpe\u010dn\u00e1 a efektivn\u00ed \u0159e\u0161en\u00ed pro zved\u00e1n\u00ed.<\/p>\n<p>Nav\u00edc z\u00e1vazek spole\u010dnosti Qingdao H&amp;F k z\u00e1kaznick\u00e9mu servisu zvy\u0161uje hodnotu na\u0161ich popruh\u016f. D\u00edky individu\u00e1ln\u00ed podpo\u0159e n\u00e1\u0161 t\u00fdm pom\u00e1h\u00e1 klient\u016fm s v\u00fdb\u011brem produkt\u016f p\u0159izp\u016fsoben\u00fdch jejich provozn\u00edm pot\u0159eb\u00e1m. Tento individu\u00e1ln\u00ed servis pokra\u010duje i po n\u00e1kupu a poskytuje poradenstv\u00ed ohledn\u011b postup\u016f \u00fadr\u017eby, kter\u00e9 prodlu\u017euj\u00ed \u017eivotnost v\u00fdrobk\u016f. Krom\u011b toho na\u0161e rychl\u00e9 dodac\u00ed cykly odpov\u00eddaj\u00ed \u010dasov\u011b n\u00e1ro\u010dn\u00fdm po\u017eadavk\u016fm na\u0161ich klient\u016f a zaji\u0161\u0165uj\u00ed, \u017ee sv\u00e9 popruhy obdr\u017e\u00ed neprodlen\u011b, aby nedoch\u00e1zelo ke zpo\u017ed\u011bn\u00ed jejich provozu.<\/p>\n<p>Spole\u010dnost Qingdao H&amp;F nab\u00edz\u00ed sv\u00fdm z\u00e1kazn\u00edk\u016fm, kte\u0159\u00ed se zam\u011b\u0159uj\u00ed na kvalitu, spolehlivost a efektivn\u00ed servis, komplexn\u00ed \u0159e\u0161en\u00ed v podob\u011b 2tunov\u00e9ho popruhov\u00e9ho z\u00e1v\u011bsu. Tento v\u00fdrobek zt\u011bles\u0148uje pevnost a flexibilitu ve spojen\u00ed s oddanost\u00ed pln\u011bn\u00ed logistick\u00fdch a bezpe\u010dnostn\u00edch pot\u0159eb klient\u016f. S ka\u017ed\u00fdm popruhov\u00fdm z\u00e1v\u011bsem z\u00edsk\u00e1vaj\u00ed kupuj\u00edc\u00ed nejen \u0161pi\u010dkov\u00fd zvedac\u00ed n\u00e1stroj, ale tak\u00e9 podporu a jistotu spole\u010dnosti, kter\u00e1 se zav\u00e1zala k dokonalosti.<\/p>\n<\/div>\n<\/div>\n<\/div>\n<\/div>\n<div class=\"mb-2 flex gap-3 empty:hidden -ml-2\">\n<div class=\"items-center justify-start rounded-xl p-1 flex\">\n<div class=\"flex items-center\"><\/div>\n<\/div>\n<\/div>","protected":false},"excerpt":{"rendered":"<p>Dvoutunov\u00fd popruh od spole\u010dnosti Qingdao H&amp;F je spolehliv\u00e9, vysoce v\u00fdkonn\u00e9 \u0159e\u0161en\u00ed pro r\u016fzn\u00e9 zvedac\u00ed aplikace. Kupuj\u00edc\u00ed \u010dasto up\u0159ednost\u0148uj\u00ed faktory, jako je bezpe\u010dnost n\u00e1kladu, odolnost a snadn\u00e1 manipulace, kter\u00e9 tento popruh poskytuje. Je vyroben ze siln\u00fdch syntetick\u00fdch vl\u00e1ken, odol\u00e1v\u00e1 n\u00e1ro\u010dn\u00fdm podm\u00ednk\u00e1m a nab\u00edz\u00ed spolehliv\u00fd v\u00fdkon. Jako obchodn\u00ed spole\u010dnost poskytuje Qingdao H&amp;F v\u00fdznamn\u00e9 v\u00fdhody, v\u010detn\u011b individu\u00e1ln\u00edho z\u00e1kaznick\u00e9ho servisu, rychl\u00fdch dodac\u00edch cykl\u016f a podrobn\u00fdch zpr\u00e1v o kontrole kvality, kter\u00e9 zaji\u0161\u0165uj\u00ed, \u017ee ka\u017ed\u00fd v\u00fdrobek spl\u0148uje p\u0159\u00edsn\u00e9 normy a o\u010dek\u00e1v\u00e1n\u00ed kupuj\u00edc\u00edch.<\/p>","protected":false},"featured_media":8196,"comment_status":"open","ping_status":"closed","template":"","meta":{"site-sidebar-layout":"default","site-content-layout":"","ast-site-content-layout":"default","site-content-style":"default","site-sidebar-style":"default","ast-global-header-display":"","ast-banner-title-visibility":"","ast-main-header-display":"","ast-hfb-above-header-display":"","ast-hfb-below-header-display":"","ast-hfb-mobile-header-display":"","site-post-title":"","ast-breadcrumbs-content":"","ast-featured-img":"","footer-sml-layout":"","theme-transparent-header-meta":"default","adv-header-id-meta":"","stick-header-meta":"default","header-above-stick-meta":"","header-main-stick-meta":"","header-below-stick-meta":"","astra-migrate-meta-layouts":"set","ast-page-background-enabled":"default","ast-page-background-meta":{"desktop":{"background-color":"","background-image":"","background-repeat":"repeat","background-position":"center center","background-size":"auto","background-attachment":"scroll","background-type":"","background-media":"","overlay-type":"","overlay-color":"","overlay-opacity":"","overlay-gradient":""},"tablet":{"background-color":"","background-image":"","background-repeat":"repeat","background-position":"center center","background-size":"auto","background-attachment":"scroll","background-type":"","background-media":"","overlay-type":"","overlay-color":"","overlay-opacity":"","overlay-gradient":""},"mobile":{"background-color":"","background-image":"","background-repeat":"repeat","background-position":"center center","background-size":"auto","background-attachment":"scroll","background-type":"","background-media":"","overlay-type":"","overlay-color":"","overlay-opacity":"","overlay-gradient":""}},"ast-content-background-meta":{"desktop":{"background-color":"var(--ast-global-color-5)","background-image":"","background-repeat":"repeat","background-position":"center center","background-size":"auto","background-attachment":"scroll","background-type":"","background-media":"","overlay-type":"","overlay-color":"","overlay-opacity":"","overlay-gradient":""},"tablet":{"background-color":"var(--ast-global-color-5)","background-image":"","background-repeat":"repeat","background-position":"center center","background-size":"auto","background-attachment":"scroll","background-type":"","background-media":"","overlay-type":"","overlay-color":"","overlay-opacity":"","overlay-gradient":""},"mobile":{"background-color":"var(--ast-global-color-5)","background-image":"","background-repeat":"repeat","background-position":"center center","background-size":"auto","background-attachment":"scroll","background-type":"","background-media":"","overlay-type":"","overlay-color":"","overlay-opacity":"","overlay-gradient":""}}},"product_brand":[],"product_cat":[39],"product_tag":[],"class_list":{"0":"post-8277","1":"product","2":"type-product","3":"status-publish","4":"has-post-thumbnail","6":"product_cat-webbing-sling","7":"desktop-align-left","8":"tablet-align-left","9":"mobile-align-left","10":"ast-product-gallery-layout-horizontal-slider","11":"ast-product-gallery-with-no-image","12":"ast-product-tabs-layout-horizontal","14":"first","15":"instock","16":"shipping-taxable","17":"purchasable","18":"product-type-simple"},"yoast_head":"<!-- This site is optimized with the Yoast SEO plugin v25.2 - https:\/\/yoast.com\/wordpress\/plugins\/seo\/ -->\n<title>Flat Webbing Sling 2 Ton Polyester Double Duplex<\/title>\n<meta name=\"robots\" content=\"index, follow, max-snippet:-1, max-image-preview:large, max-video-preview:-1\" \/>\n<link rel=\"canonical\" href=\"https:\/\/qingdaohf.com\/cs\/produkt\/popruhovy-zaves-2-tuny\/\" \/>\n<meta property=\"og:locale\" content=\"cs_CZ\" \/>\n<meta property=\"og:type\" content=\"article\" \/>\n<meta property=\"og:title\" content=\"Flat Webbing Sling 2 Ton Polyester Double Duplex\" \/>\n<meta property=\"og:description\" content=\"The 2-ton webbing sling from Qingdao H&amp;F is a dependable, high-capacity solution for various lifting applications. Buyers often prioritize factors like load security, durability, and ease of handling, all of which this webbing sling provides. Crafted with strong synthetic fibers, it withstands demanding conditions, offering reliable performance. As a trading company, Qingdao H&amp;F delivers significant benefits, including one-to-one customer service, rapid delivery cycles, and detailed quality inspection reports, ensuring each product meets rigorous standards and buyer expectations.\" \/>\n<meta property=\"og:url\" content=\"https:\/\/qingdaohf.com\/cs\/produkt\/popruhovy-zaves-2-tuny\/\" \/>\n<meta property=\"og:site_name\" content=\"Concrete Form &amp; Rigging Hardware Supplier\" \/>\n<meta property=\"article:publisher\" content=\"https:\/\/www.facebook.com\/qingdaohf\" \/>\n<meta property=\"article:modified_time\" content=\"2025-11-13T01:02:53+00:00\" \/>\n<meta property=\"og:image\" content=\"https:\/\/qingdaohf.com\/wp-content\/uploads\/2024\/10\/2-ton_1.webp\" \/>\n\t<meta property=\"og:image:width\" content=\"1000\" \/>\n\t<meta property=\"og:image:height\" content=\"1000\" \/>\n\t<meta property=\"og:image:type\" content=\"image\/webp\" \/>\n<meta name=\"twitter:card\" content=\"summary_large_image\" \/>\n<meta name=\"twitter:label1\" content=\"Odhadovan\u00e1 doba \u010dten\u00ed\" \/>\n\t<meta name=\"twitter:data1\" content=\"4 minuty\" \/>\n<script type=\"application\/ld+json\" class=\"yoast-schema-graph\">{\"@context\":\"https:\/\/schema.org\",\"@graph\":[{\"@type\":\"WebPage\",\"@id\":\"https:\/\/qingdaohf.com\/product\/webbing-sling-2-ton\/\",\"url\":\"https:\/\/qingdaohf.com\/product\/webbing-sling-2-ton\/\",\"name\":\"Flat Webbing Sling 2 Ton Polyester Double Duplex\",\"isPartOf\":{\"@id\":\"https:\/\/qingdaohf.com\/bg\/#website\"},\"primaryImageOfPage\":{\"@id\":\"https:\/\/qingdaohf.com\/product\/webbing-sling-2-ton\/#primaryimage\"},\"image\":{\"@id\":\"https:\/\/qingdaohf.com\/product\/webbing-sling-2-ton\/#primaryimage\"},\"thumbnailUrl\":\"https:\/\/qingdaohf.com\/wp-content\/uploads\/2024\/10\/2-ton_1.webp\",\"datePublished\":\"2024-11-05T06:01:41+00:00\",\"dateModified\":\"2025-11-13T01:02:53+00:00\",\"breadcrumb\":{\"@id\":\"https:\/\/qingdaohf.com\/product\/webbing-sling-2-ton\/#breadcrumb\"},\"inLanguage\":\"cs\",\"potentialAction\":[{\"@type\":\"ReadAction\",\"target\":[\"https:\/\/qingdaohf.com\/product\/webbing-sling-2-ton\/\"]}]},{\"@type\":\"ImageObject\",\"inLanguage\":\"cs\",\"@id\":\"https:\/\/qingdaohf.com\/product\/webbing-sling-2-ton\/#primaryimage\",\"url\":\"https:\/\/qingdaohf.com\/wp-content\/uploads\/2024\/10\/2-ton_1.webp\",\"contentUrl\":\"https:\/\/qingdaohf.com\/wp-content\/uploads\/2024\/10\/2-ton_1.webp\",\"width\":1000,\"height\":1000,\"caption\":\"webbing sling 2 ton\"},{\"@type\":\"BreadcrumbList\",\"@id\":\"https:\/\/qingdaohf.com\/product\/webbing-sling-2-ton\/#breadcrumb\",\"itemListElement\":[{\"@type\":\"ListItem\",\"position\":1,\"name\":\"Home\",\"item\":\"https:\/\/qingdaohf.com\/\"},{\"@type\":\"ListItem\",\"position\":2,\"name\":\"Concrete Forming Accessories and Rigging Hardware\",\"item\":\"https:\/\/qingdaohf.com\/bg\/?page_id=944\"},{\"@type\":\"ListItem\",\"position\":3,\"name\":\"Flat Webbing Sling 2 Ton Polyester Double Duplex\"}]},{\"@type\":\"WebSite\",\"@id\":\"https:\/\/qingdaohf.com\/bg\/#website\",\"url\":\"https:\/\/qingdaohf.com\/bg\/\",\"name\":\"Concrete Form & Rigging Hardware Supplier\",\"description\":\"\",\"publisher\":{\"@id\":\"https:\/\/qingdaohf.com\/bg\/#organization\"},\"potentialAction\":[{\"@type\":\"SearchAction\",\"target\":{\"@type\":\"EntryPoint\",\"urlTemplate\":\"https:\/\/qingdaohf.com\/bg\/?s={search_term_string}\"},\"query-input\":{\"@type\":\"PropertyValueSpecification\",\"valueRequired\":true,\"valueName\":\"search_term_string\"}}],\"inLanguage\":\"cs\"},{\"@type\":\"Organization\",\"@id\":\"https:\/\/qingdaohf.com\/bg\/#organization\",\"name\":\"Qingdao H&F\",\"url\":\"https:\/\/qingdaohf.com\/bg\/\",\"logo\":{\"@type\":\"ImageObject\",\"inLanguage\":\"cs\",\"@id\":\"https:\/\/qingdaohf.com\/bg\/#\/schema\/logo\/image\/\",\"url\":\"https:\/\/qingdaohf.com\/wp-content\/uploads\/2022\/12\/cropped-HF-LOGO.png\",\"contentUrl\":\"https:\/\/qingdaohf.com\/wp-content\/uploads\/2022\/12\/cropped-HF-LOGO.png\",\"width\":391,\"height\":249,\"caption\":\"Qingdao H&F\"},\"image\":{\"@id\":\"https:\/\/qingdaohf.com\/bg\/#\/schema\/logo\/image\/\"},\"sameAs\":[\"https:\/\/www.facebook.com\/qingdaohf\"]}]}<\/script>\n<!-- \/ Yoast SEO plugin. -->","yoast_head_json":{"title":"Flat Webbing Sling 2 Ton Polyester Double Duplex","robots":{"index":"index","follow":"follow","max-snippet":"max-snippet:-1","max-image-preview":"max-image-preview:large","max-video-preview":"max-video-preview:-1"},"canonical":"https:\/\/qingdaohf.com\/cs\/produkt\/popruhovy-zaves-2-tuny\/","og_locale":"cs_CZ","og_type":"article","og_title":"Flat Webbing Sling 2 Ton Polyester Double Duplex","og_description":"The 2-ton webbing sling from Qingdao H&amp;F is a dependable, high-capacity solution for various lifting applications. Buyers often prioritize factors like load security, durability, and ease of handling, all of which this webbing sling provides. Crafted with strong synthetic fibers, it withstands demanding conditions, offering reliable performance. As a trading company, Qingdao H&amp;F delivers significant benefits, including one-to-one customer service, rapid delivery cycles, and detailed quality inspection reports, ensuring each product meets rigorous standards and buyer expectations.","og_url":"https:\/\/qingdaohf.com\/cs\/produkt\/popruhovy-zaves-2-tuny\/","og_site_name":"Concrete Form &amp; Rigging Hardware Supplier","article_publisher":"https:\/\/www.facebook.com\/qingdaohf","article_modified_time":"2025-11-13T01:02:53+00:00","og_image":[{"width":1000,"height":1000,"url":"https:\/\/qingdaohf.com\/wp-content\/uploads\/2024\/10\/2-ton_1.webp","type":"image\/webp"}],"twitter_card":"summary_large_image","twitter_misc":{"Odhadovan\u00e1 doba \u010dten\u00ed":"4 minuty"},"schema":{"@context":"https:\/\/schema.org","@graph":[{"@type":"WebPage","@id":"https:\/\/qingdaohf.com\/product\/webbing-sling-2-ton\/","url":"https:\/\/qingdaohf.com\/product\/webbing-sling-2-ton\/","name":"Flat Webbing Sling 2 Ton Polyester Double Duplex","isPartOf":{"@id":"https:\/\/qingdaohf.com\/bg\/#website"},"primaryImageOfPage":{"@id":"https:\/\/qingdaohf.com\/product\/webbing-sling-2-ton\/#primaryimage"},"image":{"@id":"https:\/\/qingdaohf.com\/product\/webbing-sling-2-ton\/#primaryimage"},"thumbnailUrl":"https:\/\/qingdaohf.com\/wp-content\/uploads\/2024\/10\/2-ton_1.webp","datePublished":"2024-11-05T06:01:41+00:00","dateModified":"2025-11-13T01:02:53+00:00","breadcrumb":{"@id":"https:\/\/qingdaohf.com\/product\/webbing-sling-2-ton\/#breadcrumb"},"inLanguage":"cs","potentialAction":[{"@type":"ReadAction","target":["https:\/\/qingdaohf.com\/product\/webbing-sling-2-ton\/"]}]},{"@type":"ImageObject","inLanguage":"cs","@id":"https:\/\/qingdaohf.com\/product\/webbing-sling-2-ton\/#primaryimage","url":"https:\/\/qingdaohf.com\/wp-content\/uploads\/2024\/10\/2-ton_1.webp","contentUrl":"https:\/\/qingdaohf.com\/wp-content\/uploads\/2024\/10\/2-ton_1.webp","width":1000,"height":1000,"caption":"webbing sling 2 ton"},{"@type":"BreadcrumbList","@id":"https:\/\/qingdaohf.com\/product\/webbing-sling-2-ton\/#breadcrumb","itemListElement":[{"@type":"ListItem","position":1,"name":"Home","item":"https:\/\/qingdaohf.com\/"},{"@type":"ListItem","position":2,"name":"Concrete Forming Accessories and Rigging Hardware","item":"https:\/\/qingdaohf.com\/bg\/?page_id=944"},{"@type":"ListItem","position":3,"name":"Flat Webbing Sling 2 Ton Polyester Double Duplex"}]},{"@type":"WebSite","@id":"https:\/\/qingdaohf.com\/bg\/#website","url":"https:\/\/qingdaohf.com\/bg\/","name":"Concrete Form & Rigging Hardware Supplier","description":"","publisher":{"@id":"https:\/\/qingdaohf.com\/bg\/#organization"},"potentialAction":[{"@type":"SearchAction","target":{"@type":"EntryPoint","urlTemplate":"https:\/\/qingdaohf.com\/bg\/?s={search_term_string}"},"query-input":{"@type":"PropertyValueSpecification","valueRequired":true,"valueName":"search_term_string"}}],"inLanguage":"cs"},{"@type":"Organization","@id":"https:\/\/qingdaohf.com\/bg\/#organization","name":"Qingdao H&F","url":"https:\/\/qingdaohf.com\/bg\/","logo":{"@type":"ImageObject","inLanguage":"cs","@id":"https:\/\/qingdaohf.com\/bg\/#\/schema\/logo\/image\/","url":"https:\/\/qingdaohf.com\/wp-content\/uploads\/2022\/12\/cropped-HF-LOGO.png","contentUrl":"https:\/\/qingdaohf.com\/wp-content\/uploads\/2022\/12\/cropped-HF-LOGO.png","width":391,"height":249,"caption":"Qingdao H&F"},"image":{"@id":"https:\/\/qingdaohf.com\/bg\/#\/schema\/logo\/image\/"},"sameAs":["https:\/\/www.facebook.com\/qingdaohf"]}]}},"_links":{"self":[{"href":"https:\/\/qingdaohf.com\/cs\/wp-json\/wp\/v2\/product\/8277","targetHints":{"allow":["GET"]}}],"collection":[{"href":"https:\/\/qingdaohf.com\/cs\/wp-json\/wp\/v2\/product"}],"about":[{"href":"https:\/\/qingdaohf.com\/cs\/wp-json\/wp\/v2\/types\/product"}],"replies":[{"embeddable":true,"href":"https:\/\/qingdaohf.com\/cs\/wp-json\/wp\/v2\/comments?post=8277"}],"version-history":[{"count":3,"href":"https:\/\/qingdaohf.com\/cs\/wp-json\/wp\/v2\/product\/8277\/revisions"}],"predecessor-version":[{"id":8339,"href":"https:\/\/qingdaohf.com\/cs\/wp-json\/wp\/v2\/product\/8277\/revisions\/8339"}],"wp:featuredmedia":[{"embeddable":true,"href":"https:\/\/qingdaohf.com\/cs\/wp-json\/wp\/v2\/media\/8196"}],"wp:attachment":[{"href":"https:\/\/qingdaohf.com\/cs\/wp-json\/wp\/v2\/media?parent=8277"}],"wp:term":[{"taxonomy":"product_brand","embeddable":true,"href":"https:\/\/qingdaohf.com\/cs\/wp-json\/wp\/v2\/product_brand?post=8277"},{"taxonomy":"product_cat","embeddable":true,"href":"https:\/\/qingdaohf.com\/cs\/wp-json\/wp\/v2\/product_cat?post=8277"},{"taxonomy":"product_tag","embeddable":true,"href":"https:\/\/qingdaohf.com\/cs\/wp-json\/wp\/v2\/product_tag?post=8277"}],"curies":[{"name":"wp","href":"https:\/\/api.w.org\/{rel}","templated":true}]}}