{"id":8283,"date":"2024-11-05T17:52:39","date_gmt":"2024-11-05T09:52:39","guid":{"rendered":"http:\/\/qingdaohf.com\/?post_type=product&#038;p=8283"},"modified":"2025-11-13T09:02:53","modified_gmt":"2025-11-13T01:02:53","slug":"webbing-sling-4-ton","status":"publish","type":"product","link":"https:\/\/qingdaohf.com\/cs\/produkt\/popruhovy-zaves-4-tuny-2\/","title":{"rendered":"Ploch\u00e9 popruhy Sling 4 Ton Polyester Double Duplex"},"content":{"rendered":"<h4>Vynikaj\u00edc\u00ed v\u00fdkon a kl\u00ed\u010dov\u00e9 vlastnosti popruhu o hmotnosti 4 tuny<\/h4>\n<p>Pokud jde o t\u011b\u017ek\u00e1 zvedac\u00ed za\u0159\u00edzen\u00ed, jsou spolehlivost, bezpe\u010dnost a trvanlivost pro pr\u016fmyslov\u00e9 z\u00e1kazn\u00edky z\u00e1sadn\u00edmi faktory. \u010cty\u0159tunov\u00fd popruh Qingdao H&amp;F je vyroben tak, aby slou\u017eil pr\u016fmyslov\u00fdm odv\u011btv\u00edm, kter\u00e1 vy\u017eaduj\u00ed bezpe\u010dn\u00e1 a spolehliv\u00e1 \u0159e\u0161en\u00ed pro manipulaci s t\u011b\u017ek\u00fdmi b\u0159emeny. Tento popruh je vyroben z vysoce pevn\u00fdch polyesterov\u00fdch vl\u00e1ken, kter\u00e1 odol\u00e1vaj\u00ed od\u011bru a UV z\u00e1\u0159en\u00ed, a nab\u00edz\u00ed tak dlouhou \u017eivotnost a odolnost. Tento popruhov\u00fd z\u00e1v\u011bs, kter\u00fd je schopen zvedat b\u0159emena o hmotnosti a\u017e 4 tuny, je ide\u00e1ln\u00ed pro r\u016fzn\u00e9 aplikace, od staveni\u0161\u0165 a sklad\u016f a\u017e po logistiku a dopravu.<\/p>\n<p>Kvalita je z\u00e1kladn\u00edm kamenem nab\u00eddky spole\u010dnosti Qingdao H&amp;F. Ka\u017ed\u00fd 4tunov\u00fd z\u00e1v\u011bs proch\u00e1z\u00ed p\u0159\u00edsn\u00fdm testov\u00e1n\u00edm a k dispozici jsou zpr\u00e1vy o kontrole kvality, kter\u00e9 ov\u011b\u0159uj\u00ed jeho soulad s mezin\u00e1rodn\u00edmi normami. Kupuj\u00edc\u00ed si mohou b\u00fdt jisti, \u017ee ka\u017ed\u00fd v\u00fdrobek byl d\u016fkladn\u011b zkontrolov\u00e1n, co\u017e minimalizuje riziko opot\u0159eben\u00ed nebo selh\u00e1n\u00ed p\u0159i zat\u00ed\u017een\u00ed. Pou\u017eit\u00ed odoln\u00fdch materi\u00e1l\u016f a p\u0159esn\u00fdch v\u00fdrobn\u00edch postup\u016f zaji\u0161\u0165uje, \u017ee si tento popruhov\u00fd z\u00e1v\u011bs zachov\u00e1 svou pevnost a funk\u010dnost i v n\u00e1ro\u010dn\u00fdch podm\u00ednk\u00e1ch. Z\u00e1vazek spole\u010dnosti Qingdao H&amp;F poskytovat dod\u00e1vky ze skladu do skladu tak\u00e9 zefektiv\u0148uje n\u00e1kupn\u00ed proces a poskytuje rychl\u00fd p\u0159\u00edstup k z\u00e1kladn\u00edmu vybaven\u00ed bez prodlen\u00ed.<\/p>\n<h4>P\u0159izp\u016fsobeno pot\u0159eb\u00e1m odv\u011btv\u00ed: Bezpe\u010dnost, efektivita a spolehlivost<\/h4>\n<p>Bezpe\u010dnost je p\u0159i pr\u016fmyslov\u00e9m zved\u00e1n\u00ed nejd\u016fle\u017eit\u011bj\u0161\u00ed. \u010cty\u0159tunov\u00fd popruh Qingdao H&amp;F je navr\u017een tak, aby spl\u0148oval a p\u0159ekra\u010doval bezpe\u010dnostn\u00ed normy a zajistil, \u017ee obsluha bude moci bez obav manipulovat s t\u011b\u017ek\u00fdmi b\u0159emeny. \u0160irok\u00fd povrch popruhu sni\u017euje tlakov\u00e9 body na b\u0159emeno a rovnom\u011brn\u011b rozkl\u00e1d\u00e1 v\u00e1hu, aby nedo\u0161lo k jeho po\u0161kozen\u00ed. V aplikac\u00edch, kde je integrita b\u0159emene kritick\u00e1, je tato konstruk\u010dn\u00ed vlastnost neoceniteln\u00e1, proto\u017ee minimalizuje riziko sklouznut\u00ed nebo n\u00e1hl\u00e9ho posunu b\u0159emene p\u0159i manipulaci. Tato pozornost v\u011bnovan\u00e1 detail\u016fm p\u0159i n\u00e1vrhu a konstrukci podtrhuje odhodl\u00e1n\u00ed spole\u010dnosti Qingdao H&amp;F splnit po\u017eadavky pr\u016fmyslu na bezpe\u010dnou a efektivn\u00ed manipulaci s b\u0159emeny.<\/p>\n<p>Jedn\u00edm z pozoruhodn\u00fdch aspekt\u016f nab\u00eddky spole\u010dnosti Qingdao H&amp;F je individu\u00e1ln\u00ed p\u0159\u00edstup k z\u00e1kazn\u00edk\u016fm. Tento individu\u00e1ln\u00ed p\u0159\u00edstup umo\u017e\u0148uje kupuj\u00edc\u00edm diskutovat o jejich specifick\u00fdch pot\u0159eb\u00e1ch a z\u00edskat doporu\u010den\u00ed \u0161it\u00e1 na m\u00edru, co\u017e usnad\u0148uje v\u00fdb\u011br nejlep\u0161\u00edho popruhov\u00e9ho z\u00e1v\u011bsu pro konkr\u00e9tn\u00ed aplikace. D\u00edky rychl\u00e9mu dodac\u00edmu cyklu a pohotov\u00e9mu t\u00fdmu z\u00e1kaznick\u00e9ho servisu zaji\u0161\u0165uje spole\u010dnost Qingdao H&amp;F, \u017ee z\u00e1kazn\u00edci dostanou v\u010dasnou podporu a p\u0159esn\u00e9 pokyny k v\u00fdrobk\u016fm, co\u017e d\u00e1le sni\u017euje prostoje a zvy\u0161uje efektivitu provozu.<\/p>\n<h4>P\u0159\u00edstup spole\u010dnosti Qingdao H&amp;F zam\u011b\u0159en\u00fd na z\u00e1kazn\u00edka: Zaji\u0161t\u011bn\u00ed kvality a v\u010dasnosti<\/h4>\n<p>Pov\u011bst spole\u010dnosti Qingdao H&amp;F jako spolehliv\u00e9 firmy p\u0159esahuje kvalitu jej\u00edch v\u00fdrobk\u016f a zahrnuje ve\u0161ker\u00e9 zku\u0161enosti z\u00e1kazn\u00edk\u016f. Jako obchodn\u00ed spole\u010dnost B2B s dvacetilet\u00fdmi zku\u0161enostmi ch\u00e1pe spole\u010dnost Qingdao H&amp;F z\u00e1sadn\u00ed v\u00fdznam v\u010dasn\u00fdch dod\u00e1vek a zaji\u0161t\u011bn\u00ed kvality. Ka\u017ed\u00fd 4tunov\u00fd popruhov\u00fd z\u00e1v\u011bs je k dispozici s komplexn\u00edmi zpr\u00e1vami o kontrole kvality, kter\u00e9 kupuj\u00edc\u00edm poskytuj\u00ed transparentnost a jistotu. Tyto zpr\u00e1vy potvrzuj\u00ed, \u017ee v\u00fdrobek byl podroben p\u0159\u00edsn\u00fdm test\u016fm, kter\u00e9 potvrzuj\u00ed jeho nosnost, trvanlivost a soulad s bezpe\u010dnostn\u00edmi p\u0159edpisy.<\/p>\n<p>Krom\u011b kvality v\u00fdrobk\u016f klade spole\u010dnost Qingdao H&amp;F d\u016fraz na optim\u00e1ln\u00ed z\u00e1\u017eitek z n\u00e1kupu. Zefektivn\u011bn\u00e1 logistika spole\u010dnosti a slu\u017eby od skladu ke skladu zaji\u0161\u0165uj\u00ed, \u017ee kupuj\u00edc\u00ed mohou obdr\u017eet sv\u00e9 objedn\u00e1vky s minim\u00e1ln\u00edmi \u010dekac\u00edmi lh\u016ftami, co\u017e je pro spole\u010dnosti, kter\u00e9 pracuj\u00ed v napjat\u00e9m \u010dasov\u00e9m harmonogramu, z\u00e1sadn\u00ed vlastnost. Krom\u011b toho je v\u00fdznamnou p\u0159idanou hodnotou specializovan\u00fd z\u00e1kaznick\u00fd servis, kter\u00fd spole\u010dnost Qingdao H&amp;F nab\u00edz\u00ed a kter\u00fd pom\u00e1h\u00e1 klient\u016fm orientovat se ve v\u00fdb\u011bru v\u00fdrobk\u016f a z\u00edsk\u00e1vat informace p\u0159izp\u016fsoben\u00e9 jejich po\u017eadavk\u016fm na zdvihac\u00ed za\u0159\u00edzen\u00ed.<\/p>","protected":false},"excerpt":{"rendered":"<p>Popruhov\u00fd z\u00e1v\u011bs o nosnosti 4 tuny je navr\u017een tak, aby spl\u0148oval kl\u00ed\u010dov\u00e9 po\u017eadavky pr\u016fmyslov\u00fdch z\u00e1kazn\u00edk\u016f a kombinoval pevnost a spolehlivost pro zved\u00e1n\u00ed t\u011b\u017ek\u00fdch n\u00e1klad\u016f. Tento popruhov\u00fd z\u00e1v\u011bs zaji\u0161\u0165uje bezpe\u010dn\u00e9 a efektivn\u00ed zved\u00e1n\u00ed b\u0159emen do 4 tun a \u0159e\u0161\u00ed probl\u00e9my kupuj\u00edc\u00edch, jako je odolnost, kvalita materi\u00e1lu a dodr\u017eov\u00e1n\u00ed bezpe\u010dnostn\u00edch norem. Jako d\u016fv\u011bryhodn\u00fd obchodn\u00ed partner s 20 lety zku\u0161enost\u00ed poskytuje spole\u010dnost Qingdao H&amp;F individu\u00e1ln\u00ed z\u00e1kaznickou podporu, rychl\u00fd dodac\u00ed cyklus a komplexn\u00ed zpr\u00e1vy o kontrole kvality, kter\u00e9 zaji\u0161\u0165uj\u00ed integritu v\u00fdrobku. Tento p\u0159\u00edstup orientovan\u00fd na slu\u017eby zvy\u0161uje hodnotu t\u00edm, \u017ee podporuje d\u016fv\u011bru a spolehlivost p\u0159i ka\u017ed\u00e9m n\u00e1kupu.<\/p>","protected":false},"featured_media":8195,"comment_status":"open","ping_status":"closed","template":"","meta":{"site-sidebar-layout":"default","site-content-layout":"","ast-site-content-layout":"default","site-content-style":"default","site-sidebar-style":"default","ast-global-header-display":"","ast-banner-title-visibility":"","ast-main-header-display":"","ast-hfb-above-header-display":"","ast-hfb-below-header-display":"","ast-hfb-mobile-header-display":"","site-post-title":"","ast-breadcrumbs-content":"","ast-featured-img":"","footer-sml-layout":"","theme-transparent-header-meta":"default","adv-header-id-meta":"","stick-header-meta":"default","header-above-stick-meta":"","header-main-stick-meta":"","header-below-stick-meta":"","astra-migrate-meta-layouts":"set","ast-page-background-enabled":"default","ast-page-background-meta":{"desktop":{"background-color":"","background-image":"","background-repeat":"repeat","background-position":"center center","background-size":"auto","background-attachment":"scroll","background-type":"","background-media":"","overlay-type":"","overlay-color":"","overlay-opacity":"","overlay-gradient":""},"tablet":{"background-color":"","background-image":"","background-repeat":"repeat","background-position":"center center","background-size":"auto","background-attachment":"scroll","background-type":"","background-media":"","overlay-type":"","overlay-color":"","overlay-opacity":"","overlay-gradient":""},"mobile":{"background-color":"","background-image":"","background-repeat":"repeat","background-position":"center center","background-size":"auto","background-attachment":"scroll","background-type":"","background-media":"","overlay-type":"","overlay-color":"","overlay-opacity":"","overlay-gradient":""}},"ast-content-background-meta":{"desktop":{"background-color":"var(--ast-global-color-5)","background-image":"","background-repeat":"repeat","background-position":"center center","background-size":"auto","background-attachment":"scroll","background-type":"","background-media":"","overlay-type":"","overlay-color":"","overlay-opacity":"","overlay-gradient":""},"tablet":{"background-color":"var(--ast-global-color-5)","background-image":"","background-repeat":"repeat","background-position":"center center","background-size":"auto","background-attachment":"scroll","background-type":"","background-media":"","overlay-type":"","overlay-color":"","overlay-opacity":"","overlay-gradient":""},"mobile":{"background-color":"var(--ast-global-color-5)","background-image":"","background-repeat":"repeat","background-position":"center center","background-size":"auto","background-attachment":"scroll","background-type":"","background-media":"","overlay-type":"","overlay-color":"","overlay-opacity":"","overlay-gradient":""}}},"product_brand":[],"product_cat":[39],"product_tag":[],"class_list":{"0":"post-8283","1":"product","2":"type-product","3":"status-publish","4":"has-post-thumbnail","6":"product_cat-webbing-sling","7":"desktop-align-left","8":"tablet-align-left","9":"mobile-align-left","10":"ast-product-gallery-layout-horizontal-slider","11":"ast-product-gallery-with-no-image","12":"ast-product-tabs-layout-horizontal","14":"first","15":"instock","16":"shipping-taxable","17":"purchasable","18":"product-type-simple"},"yoast_head":"<!-- This site is optimized with the Yoast SEO plugin v25.2 - https:\/\/yoast.com\/wordpress\/plugins\/seo\/ -->\n<title>Flat Webbing Sling 4 Ton Polyester Double Duplex<\/title>\n<meta name=\"robots\" content=\"index, follow, max-snippet:-1, max-image-preview:large, max-video-preview:-1\" \/>\n<link rel=\"canonical\" href=\"https:\/\/qingdaohf.com\/cs\/produkt\/popruhovy-zaves-4-tuny-2\/\" \/>\n<meta property=\"og:locale\" content=\"cs_CZ\" \/>\n<meta property=\"og:type\" content=\"article\" \/>\n<meta property=\"og:title\" content=\"Flat Webbing Sling 4 Ton Polyester Double Duplex\" \/>\n<meta property=\"og:description\" content=\"4 Ton Webbing Sling is designed to meet the key demands of industrial buyers, combining strength and reliability for heavy-duty lifting operations. This webbing sling assures secure and efficient lifting for loads up to 4 tons, addressing buyer concerns such as durability, material quality, and compliance with safety standards. As a trusted trading partner with 20 years of experience, Qingdao H&amp;F provides one-on-one customer support, a fast delivery cycle, and comprehensive quality inspection reports to ensure product integrity. This service-oriented approach adds value by fostering confidence and reliability in every purchase.\" \/>\n<meta property=\"og:url\" content=\"https:\/\/qingdaohf.com\/cs\/produkt\/popruhovy-zaves-4-tuny-2\/\" \/>\n<meta property=\"og:site_name\" content=\"Concrete Form &amp; Rigging Hardware Supplier\" \/>\n<meta property=\"article:publisher\" content=\"https:\/\/www.facebook.com\/qingdaohf\" \/>\n<meta property=\"article:modified_time\" content=\"2025-11-13T01:02:53+00:00\" \/>\n<meta property=\"og:image\" content=\"https:\/\/qingdaohf.com\/wp-content\/uploads\/2024\/10\/4ton-sling_1.webp\" \/>\n\t<meta property=\"og:image:width\" content=\"1000\" \/>\n\t<meta property=\"og:image:height\" content=\"1000\" \/>\n\t<meta property=\"og:image:type\" content=\"image\/webp\" \/>\n<meta name=\"twitter:card\" content=\"summary_large_image\" \/>\n<meta name=\"twitter:label1\" content=\"Odhadovan\u00e1 doba \u010dten\u00ed\" \/>\n\t<meta name=\"twitter:data1\" content=\"3 minuty\" \/>\n<script type=\"application\/ld+json\" class=\"yoast-schema-graph\">{\"@context\":\"https:\/\/schema.org\",\"@graph\":[{\"@type\":\"WebPage\",\"@id\":\"https:\/\/qingdaohf.com\/product\/webbing-sling-4-ton\/\",\"url\":\"https:\/\/qingdaohf.com\/product\/webbing-sling-4-ton\/\",\"name\":\"Flat Webbing Sling 4 Ton Polyester Double Duplex\",\"isPartOf\":{\"@id\":\"https:\/\/qingdaohf.com\/bg\/#website\"},\"primaryImageOfPage\":{\"@id\":\"https:\/\/qingdaohf.com\/product\/webbing-sling-4-ton\/#primaryimage\"},\"image\":{\"@id\":\"https:\/\/qingdaohf.com\/product\/webbing-sling-4-ton\/#primaryimage\"},\"thumbnailUrl\":\"https:\/\/qingdaohf.com\/wp-content\/uploads\/2024\/10\/4ton-sling_1.webp\",\"datePublished\":\"2024-11-05T09:52:39+00:00\",\"dateModified\":\"2025-11-13T01:02:53+00:00\",\"breadcrumb\":{\"@id\":\"https:\/\/qingdaohf.com\/product\/webbing-sling-4-ton\/#breadcrumb\"},\"inLanguage\":\"cs\",\"potentialAction\":[{\"@type\":\"ReadAction\",\"target\":[\"https:\/\/qingdaohf.com\/product\/webbing-sling-4-ton\/\"]}]},{\"@type\":\"ImageObject\",\"inLanguage\":\"cs\",\"@id\":\"https:\/\/qingdaohf.com\/product\/webbing-sling-4-ton\/#primaryimage\",\"url\":\"https:\/\/qingdaohf.com\/wp-content\/uploads\/2024\/10\/4ton-sling_1.webp\",\"contentUrl\":\"https:\/\/qingdaohf.com\/wp-content\/uploads\/2024\/10\/4ton-sling_1.webp\",\"width\":1000,\"height\":1000,\"caption\":\"Webbing Sling 4 Ton\"},{\"@type\":\"BreadcrumbList\",\"@id\":\"https:\/\/qingdaohf.com\/product\/webbing-sling-4-ton\/#breadcrumb\",\"itemListElement\":[{\"@type\":\"ListItem\",\"position\":1,\"name\":\"Home\",\"item\":\"https:\/\/qingdaohf.com\/\"},{\"@type\":\"ListItem\",\"position\":2,\"name\":\"Concrete Forming Accessories and Rigging Hardware\",\"item\":\"https:\/\/qingdaohf.com\/bg\/?page_id=944\"},{\"@type\":\"ListItem\",\"position\":3,\"name\":\"Flat Webbing Sling 4 Ton Polyester Double Duplex\"}]},{\"@type\":\"WebSite\",\"@id\":\"https:\/\/qingdaohf.com\/bg\/#website\",\"url\":\"https:\/\/qingdaohf.com\/bg\/\",\"name\":\"Concrete Form & Rigging Hardware Supplier\",\"description\":\"\",\"publisher\":{\"@id\":\"https:\/\/qingdaohf.com\/bg\/#organization\"},\"potentialAction\":[{\"@type\":\"SearchAction\",\"target\":{\"@type\":\"EntryPoint\",\"urlTemplate\":\"https:\/\/qingdaohf.com\/bg\/?s={search_term_string}\"},\"query-input\":{\"@type\":\"PropertyValueSpecification\",\"valueRequired\":true,\"valueName\":\"search_term_string\"}}],\"inLanguage\":\"cs\"},{\"@type\":\"Organization\",\"@id\":\"https:\/\/qingdaohf.com\/bg\/#organization\",\"name\":\"Qingdao H&F\",\"url\":\"https:\/\/qingdaohf.com\/bg\/\",\"logo\":{\"@type\":\"ImageObject\",\"inLanguage\":\"cs\",\"@id\":\"https:\/\/qingdaohf.com\/bg\/#\/schema\/logo\/image\/\",\"url\":\"https:\/\/qingdaohf.com\/wp-content\/uploads\/2022\/12\/cropped-HF-LOGO.png\",\"contentUrl\":\"https:\/\/qingdaohf.com\/wp-content\/uploads\/2022\/12\/cropped-HF-LOGO.png\",\"width\":391,\"height\":249,\"caption\":\"Qingdao H&F\"},\"image\":{\"@id\":\"https:\/\/qingdaohf.com\/bg\/#\/schema\/logo\/image\/\"},\"sameAs\":[\"https:\/\/www.facebook.com\/qingdaohf\"]}]}<\/script>\n<!-- \/ Yoast SEO plugin. -->","yoast_head_json":{"title":"Flat Webbing Sling 4 Ton Polyester Double Duplex","robots":{"index":"index","follow":"follow","max-snippet":"max-snippet:-1","max-image-preview":"max-image-preview:large","max-video-preview":"max-video-preview:-1"},"canonical":"https:\/\/qingdaohf.com\/cs\/produkt\/popruhovy-zaves-4-tuny-2\/","og_locale":"cs_CZ","og_type":"article","og_title":"Flat Webbing Sling 4 Ton Polyester Double Duplex","og_description":"4 Ton Webbing Sling is designed to meet the key demands of industrial buyers, combining strength and reliability for heavy-duty lifting operations. This webbing sling assures secure and efficient lifting for loads up to 4 tons, addressing buyer concerns such as durability, material quality, and compliance with safety standards. As a trusted trading partner with 20 years of experience, Qingdao H&amp;F provides one-on-one customer support, a fast delivery cycle, and comprehensive quality inspection reports to ensure product integrity. This service-oriented approach adds value by fostering confidence and reliability in every purchase.","og_url":"https:\/\/qingdaohf.com\/cs\/produkt\/popruhovy-zaves-4-tuny-2\/","og_site_name":"Concrete Form &amp; Rigging Hardware Supplier","article_publisher":"https:\/\/www.facebook.com\/qingdaohf","article_modified_time":"2025-11-13T01:02:53+00:00","og_image":[{"width":1000,"height":1000,"url":"https:\/\/qingdaohf.com\/wp-content\/uploads\/2024\/10\/4ton-sling_1.webp","type":"image\/webp"}],"twitter_card":"summary_large_image","twitter_misc":{"Odhadovan\u00e1 doba \u010dten\u00ed":"3 minuty"},"schema":{"@context":"https:\/\/schema.org","@graph":[{"@type":"WebPage","@id":"https:\/\/qingdaohf.com\/product\/webbing-sling-4-ton\/","url":"https:\/\/qingdaohf.com\/product\/webbing-sling-4-ton\/","name":"Flat Webbing Sling 4 Ton Polyester Double Duplex","isPartOf":{"@id":"https:\/\/qingdaohf.com\/bg\/#website"},"primaryImageOfPage":{"@id":"https:\/\/qingdaohf.com\/product\/webbing-sling-4-ton\/#primaryimage"},"image":{"@id":"https:\/\/qingdaohf.com\/product\/webbing-sling-4-ton\/#primaryimage"},"thumbnailUrl":"https:\/\/qingdaohf.com\/wp-content\/uploads\/2024\/10\/4ton-sling_1.webp","datePublished":"2024-11-05T09:52:39+00:00","dateModified":"2025-11-13T01:02:53+00:00","breadcrumb":{"@id":"https:\/\/qingdaohf.com\/product\/webbing-sling-4-ton\/#breadcrumb"},"inLanguage":"cs","potentialAction":[{"@type":"ReadAction","target":["https:\/\/qingdaohf.com\/product\/webbing-sling-4-ton\/"]}]},{"@type":"ImageObject","inLanguage":"cs","@id":"https:\/\/qingdaohf.com\/product\/webbing-sling-4-ton\/#primaryimage","url":"https:\/\/qingdaohf.com\/wp-content\/uploads\/2024\/10\/4ton-sling_1.webp","contentUrl":"https:\/\/qingdaohf.com\/wp-content\/uploads\/2024\/10\/4ton-sling_1.webp","width":1000,"height":1000,"caption":"Webbing Sling 4 Ton"},{"@type":"BreadcrumbList","@id":"https:\/\/qingdaohf.com\/product\/webbing-sling-4-ton\/#breadcrumb","itemListElement":[{"@type":"ListItem","position":1,"name":"Home","item":"https:\/\/qingdaohf.com\/"},{"@type":"ListItem","position":2,"name":"Concrete Forming Accessories and Rigging Hardware","item":"https:\/\/qingdaohf.com\/bg\/?page_id=944"},{"@type":"ListItem","position":3,"name":"Flat Webbing Sling 4 Ton Polyester Double Duplex"}]},{"@type":"WebSite","@id":"https:\/\/qingdaohf.com\/bg\/#website","url":"https:\/\/qingdaohf.com\/bg\/","name":"Concrete Form & Rigging Hardware Supplier","description":"","publisher":{"@id":"https:\/\/qingdaohf.com\/bg\/#organization"},"potentialAction":[{"@type":"SearchAction","target":{"@type":"EntryPoint","urlTemplate":"https:\/\/qingdaohf.com\/bg\/?s={search_term_string}"},"query-input":{"@type":"PropertyValueSpecification","valueRequired":true,"valueName":"search_term_string"}}],"inLanguage":"cs"},{"@type":"Organization","@id":"https:\/\/qingdaohf.com\/bg\/#organization","name":"Qingdao H&F","url":"https:\/\/qingdaohf.com\/bg\/","logo":{"@type":"ImageObject","inLanguage":"cs","@id":"https:\/\/qingdaohf.com\/bg\/#\/schema\/logo\/image\/","url":"https:\/\/qingdaohf.com\/wp-content\/uploads\/2022\/12\/cropped-HF-LOGO.png","contentUrl":"https:\/\/qingdaohf.com\/wp-content\/uploads\/2022\/12\/cropped-HF-LOGO.png","width":391,"height":249,"caption":"Qingdao H&F"},"image":{"@id":"https:\/\/qingdaohf.com\/bg\/#\/schema\/logo\/image\/"},"sameAs":["https:\/\/www.facebook.com\/qingdaohf"]}]}},"_links":{"self":[{"href":"https:\/\/qingdaohf.com\/cs\/wp-json\/wp\/v2\/product\/8283","targetHints":{"allow":["GET"]}}],"collection":[{"href":"https:\/\/qingdaohf.com\/cs\/wp-json\/wp\/v2\/product"}],"about":[{"href":"https:\/\/qingdaohf.com\/cs\/wp-json\/wp\/v2\/types\/product"}],"replies":[{"embeddable":true,"href":"https:\/\/qingdaohf.com\/cs\/wp-json\/wp\/v2\/comments?post=8283"}],"version-history":[{"count":2,"href":"https:\/\/qingdaohf.com\/cs\/wp-json\/wp\/v2\/product\/8283\/revisions"}],"predecessor-version":[{"id":8337,"href":"https:\/\/qingdaohf.com\/cs\/wp-json\/wp\/v2\/product\/8283\/revisions\/8337"}],"wp:featuredmedia":[{"embeddable":true,"href":"https:\/\/qingdaohf.com\/cs\/wp-json\/wp\/v2\/media\/8195"}],"wp:attachment":[{"href":"https:\/\/qingdaohf.com\/cs\/wp-json\/wp\/v2\/media?parent=8283"}],"wp:term":[{"taxonomy":"product_brand","embeddable":true,"href":"https:\/\/qingdaohf.com\/cs\/wp-json\/wp\/v2\/product_brand?post=8283"},{"taxonomy":"product_cat","embeddable":true,"href":"https:\/\/qingdaohf.com\/cs\/wp-json\/wp\/v2\/product_cat?post=8283"},{"taxonomy":"product_tag","embeddable":true,"href":"https:\/\/qingdaohf.com\/cs\/wp-json\/wp\/v2\/product_tag?post=8283"}],"curies":[{"name":"wp","href":"https:\/\/api.w.org\/{rel}","templated":true}]}}