{"id":8285,"date":"2024-11-05T17:54:41","date_gmt":"2024-11-05T09:54:41","guid":{"rendered":"http:\/\/qingdaohf.com\/?post_type=product&#038;p=8285"},"modified":"2025-11-13T09:02:53","modified_gmt":"2025-11-13T01:02:53","slug":"webbing-sling-5-ton","status":"publish","type":"product","link":"https:\/\/qingdaohf.com\/cs\/produkt\/popruhovy-zaves-5-tun\/","title":{"rendered":"Ploch\u00e9 popruhy Sling 5 Ton Polyester Double Duplex"},"content":{"rendered":"<h4>Z\u00e1kladn\u00ed vlastnosti popruhu o nosnosti 5 tun: Odolnost, bezpe\u010dnost a v\u00fdkon<\/h4>\n<p>P\u011btitunov\u00fd popruh od spole\u010dnosti Qingdao H&amp;F je navr\u017een pro n\u00e1ro\u010dn\u00e9 zvedac\u00ed aplikace, kde jsou pevnost a bezpe\u010dnost nejvy\u0161\u0161\u00edmi prioritami. Tento popruh je vyroben z vysoce kvalitn\u00edho polyesteru a poskytuje v\u00fdjime\u010dnou odolnost proti opot\u0159eben\u00ed, UV z\u00e1\u0159en\u00ed a od\u011bru, co\u017e z n\u011bj \u010din\u00ed trvanliv\u00e9 \u0159e\u0161en\u00ed pro opakovan\u00e9 zved\u00e1n\u00ed t\u011b\u017ek\u00fdch b\u0159emen. Nosnost 5 tun nab\u00edz\u00ed flexibilitu pro r\u016fzn\u00e1 odv\u011btv\u00ed, od stavebnictv\u00ed a logistiky a\u017e po dopravu a v\u00fdrobu, kde je spolehlivost kl\u00ed\u010dov\u00e1.<\/p>\n<p>Kupuj\u00edc\u00ed, kte\u0159\u00ed se zaj\u00edmaj\u00ed o trvanlivost v\u00fdrobk\u016f, naleznou jistotu v z\u00e1vazku spole\u010dnosti Qingdao H&amp;F ke kvalit\u011b. Ka\u017ed\u00fd 5tunov\u00fd popruh proch\u00e1z\u00ed d\u016fkladnou kontrolou kvality a k dispozici jsou pr\u016fvodn\u00ed inspek\u010dn\u00ed zpr\u00e1vy, kter\u00e9 ov\u011b\u0159uj\u00ed, \u017ee v\u00fdrobek spl\u0148uje pr\u016fmyslov\u00e9 normy. Konstrukce popruhu podporuje stabilitu n\u00e1kladu a zabra\u0148uje jeho posunu, \u010d\u00edm\u017e sni\u017euje pravd\u011bpodobnost nehod p\u0159i zved\u00e1n\u00ed. P\u0159\u00edstup spole\u010dnosti Qingdao H&amp;F k rychl\u00fdm dod\u00e1vk\u00e1m a pohotov\u00e9mu z\u00e1kaznick\u00e9mu servisu nav\u00edc zaji\u0161\u0165uje, \u017ee kupuj\u00edc\u00ed obdr\u017e\u00ed rychlou pomoc a mohou z\u00edskat spolehliv\u00e9 vybaven\u00ed bez prodlen\u00ed, co\u017e usnad\u0148uje plynul\u00fd provoz a minimalizuje prostoje.<\/p>\n<h4>Spln\u011bn\u00ed po\u017eadavk\u016f pr\u016fmyslu d\u00edky robustn\u00edm bezpe\u010dnostn\u00edm funkc\u00edm<\/h4>\n<p>P\u0159i v\u00fdb\u011bru zdvihac\u00edho za\u0159\u00edzen\u00ed je rozhoduj\u00edc\u00edm faktorem bezpe\u010dnost. Konstrukce 5tunov\u00e9ho popruhov\u00e9ho z\u00e1v\u011bsu spole\u010dnosti Qingdao H&amp;F up\u0159ednost\u0148uje bezpe\u010dnost prost\u0159ednictv\u00edm v\u00fdb\u011bru materi\u00e1lu, konstrukce a mechanism\u016f pro rozlo\u017een\u00ed z\u00e1t\u011b\u017ee. D\u00edky pou\u017eit\u00ed \u0161irok\u00e9, pru\u017en\u00e9 konstrukce popruh\u016f tento z\u00e1v\u011bs rozkl\u00e1d\u00e1 hmotnost na v\u011bt\u0161\u00ed plochu, \u010d\u00edm\u017e zabra\u0148uje vzniku tlakov\u00fdch bod\u016f, kter\u00e9 by mohly po\u0161kodit b\u0159emeno i samotn\u00fd z\u00e1v\u011bs. Tato vlastnost zvy\u0161uje stabilitu p\u0159i zved\u00e1n\u00ed, sni\u017euje riziko n\u00e1hl\u00fdch posun\u016f b\u0159emene a zaji\u0161\u0165uje kontrolovan\u00fd a bezpe\u010dn\u00fd zdvih.<\/p>\n<p>Pro pr\u016fmyslov\u00e1 odv\u011btv\u00ed vy\u017eaduj\u00edc\u00ed p\u0159\u00edsn\u00e9 dodr\u017eov\u00e1n\u00ed bezpe\u010dnostn\u00edch p\u0159edpis\u016f je 5tunov\u00fd popruh spole\u010dnosti Qingdao H&amp;F vyroben tak, aby spl\u0148oval mezin\u00e1rodn\u00ed normy pro zved\u00e1n\u00ed. To zaru\u010duje, \u017ee z\u00e1v\u011bs vydr\u017e\u00ed n\u00e1ro\u010dn\u00e9 podm\u00ednky, a\u0165 u\u017e je pou\u017e\u00edv\u00e1n na n\u00e1ro\u010dn\u00fdch staveni\u0161t\u00edch, v ru\u0161n\u00fdch logistick\u00fdch centrech nebo pr\u016fmyslov\u00fdch skladech. Zvolen\u00e9 materi\u00e1ly a konstrukce kladou d\u016fraz na odolnost, ani\u017e by byla ob\u011btov\u00e1na snadn\u00e1 manipulace, co\u017e umo\u017e\u0148uje oper\u00e1tor\u016fm pracovat s jistotou a efektivn\u011b. D\u00edky bezpe\u010dnosti na prvn\u00edm m\u00edst\u011b p\u0159edstavuje tento popruhov\u00fd z\u00e1v\u011bs spolehliv\u00e9 \u0159e\u0161en\u00ed pro zvedac\u00ed \u00fakoly s vysok\u00fdmi n\u00e1roky.<\/p>\n<h4>Qingdao H&amp;F: poskytov\u00e1n\u00ed spolehliv\u00fdch slu\u017eeb a zaji\u0161t\u011bn\u00ed kvality<\/h4>\n<p>Pov\u011bst spole\u010dnosti Qingdao H&amp;F jako obchodn\u00ed spole\u010dnosti B2B je zalo\u017eena na 20 letech zku\u0161enost\u00ed s poskytov\u00e1n\u00edm pr\u016fmyslov\u00fdch zdvihac\u00edch \u0159e\u0161en\u00ed, kter\u00e1 spl\u0148uj\u00ed praktick\u00e9 pot\u0159eby podnik\u016f. Ka\u017ed\u00fd 5tunov\u00fd popruhov\u00fd z\u00e1v\u011bs je dod\u00e1v\u00e1n s podrobn\u00fdmi zpr\u00e1vami o kontrole kvality, kter\u00e9 zd\u016fraz\u0148uj\u00ed z\u00e1vazek spole\u010dnosti Qingdao H&amp;F k transparentnosti a integrit\u011b v\u00fdrobk\u016f. Tyto zpr\u00e1vy umo\u017e\u0148uj\u00ed kupuj\u00edc\u00edm prohl\u00e9dnout si v\u00fdsledky testov\u00e1n\u00ed v\u00fdrobku a zaji\u0161\u0165uj\u00ed soulad s bezpe\u010dnostn\u00edmi a v\u00fdkonnostn\u00edmi normami. Poskytnut\u00edm ov\u011b\u0159iteln\u00e9 dokumentace d\u00e1v\u00e1 spole\u010dnost Qingdao H&amp;F kupuj\u00edc\u00edm jistotu p\u0159i n\u00e1kupu, \u010d\u00edm\u017e zvy\u0161uje d\u016fv\u011bru a spolehlivost.<\/p>\n<p>Krom\u011b vysoce kvalitn\u00edch v\u00fdrobk\u016f klade spole\u010dnost Qingdao H&amp;F velk\u00fd d\u016fraz na zku\u0161enosti z\u00e1kazn\u00edk\u016f. Model individu\u00e1ln\u00edch slu\u017eeb umo\u017e\u0148uje klient\u016fm pracovat p\u0159\u00edmo se znal\u00fdmi z\u00e1stupci, kte\u0159\u00ed rozum\u00ed jejich jedine\u010dn\u00fdm po\u017eadavk\u016fm a nab\u00edzej\u00ed jim na m\u00edru \u0161it\u00e9 rady ohledn\u011b nejlep\u0161\u00edch mo\u017enost\u00ed popruhov\u00fdch z\u00e1v\u011bs\u016f. Tento p\u0159\u00edstup ke slu\u017eb\u00e1m v kombinaci s rychl\u00fdm a efektivn\u00edm dodac\u00edm cyklem dokl\u00e1d\u00e1 odhodl\u00e1n\u00ed spole\u010dnosti Qingdao H&amp;F podporovat klienty v ka\u017ed\u00e9 f\u00e1zi n\u00e1kupn\u00edho procesu. Kupuj\u00edc\u00edm se dost\u00e1v\u00e1 zjednodu\u0161en\u00e9 zku\u0161enosti, kter\u00e1 minimalizuje \u010dekac\u00ed doby a maximalizuje dostupnost nezbytn\u00e9ho vybaven\u00ed, co\u017e podnik\u016fm umo\u017e\u0148uje zachovat provozn\u00ed efektivitu.<\/p>\n<p>D\u00edky kombinaci vysoce v\u00fdkonn\u00fdch popruh\u016f, d\u016fkladn\u00e9 kontrole kvality a pe\u010dliv\u00e9mu servisu z\u016fst\u00e1v\u00e1 spole\u010dnost Qingdao H&amp;F d\u016fv\u011bryhodn\u00fdm dodavatelem na trhu pr\u016fmyslov\u00fdch zdvihac\u00edch za\u0159\u00edzen\u00ed. P\u011btitunov\u00fd popruhov\u00fd z\u00e1v\u011bs je p\u0159\u00edkladem tohoto z\u00e1vazku a nab\u00edz\u00ed robustn\u00ed a spolehliv\u00e9 \u0159e\u0161en\u00ed, kter\u00e9 spl\u0148uje n\u00e1ro\u010dn\u00e9 po\u017eadavky dne\u0161n\u00edho pr\u016fmyslov\u00e9ho prost\u0159ed\u00ed.<\/p>","protected":false},"excerpt":{"rendered":"<p>P\u011btitunov\u00fd popruh kombinuje vysokou pevnost a odolnost pro bezpe\u010dn\u00e9 zved\u00e1n\u00ed t\u011b\u017ek\u00fdch b\u0159emen a \u0159e\u0161\u00ed obavy kupuj\u00edc\u00edch o odolnost, bezpe\u010dnost a efektivitu. Tento popruhov\u00fd z\u00e1v\u011bs, vyroben\u00fd podle p\u0159\u00edsn\u00fdch norem, spolehliv\u011b unese a\u017e 5 tun a z\u00e1rove\u0148 si zachov\u00e1v\u00e1 flexibilitu pro snadn\u00e9 pou\u017eit\u00ed. Jako zaveden\u00e1 obchodn\u00ed spole\u010dnost s 20 lety zku\u0161enost\u00ed zaji\u0161\u0165uje spole\u010dnost Qingdao H&amp;F, \u017ee kupuj\u00edc\u00ed mohou vyu\u017e\u00edvat individu\u00e1ln\u00ed z\u00e1kaznick\u00fd servis, rychl\u00fd dodac\u00ed cyklus a podrobn\u00e9 zpr\u00e1vy o kontrole kvality. Tento p\u0159\u00edstup zd\u016fraz\u0148uje n\u00e1\u0161 z\u00e1vazek ke kvalit\u011b, v\u010dasn\u00e9mu dod\u00e1n\u00ed a komplexn\u00ed podpo\u0159e a poskytuje bezprobl\u00e9mov\u00e9 n\u00e1kupn\u00ed zku\u0161enosti.<\/p>","protected":false},"featured_media":8191,"comment_status":"open","ping_status":"closed","template":"","meta":{"site-sidebar-layout":"default","site-content-layout":"","ast-site-content-layout":"default","site-content-style":"default","site-sidebar-style":"default","ast-global-header-display":"","ast-banner-title-visibility":"","ast-main-header-display":"","ast-hfb-above-header-display":"","ast-hfb-below-header-display":"","ast-hfb-mobile-header-display":"","site-post-title":"","ast-breadcrumbs-content":"","ast-featured-img":"","footer-sml-layout":"","theme-transparent-header-meta":"default","adv-header-id-meta":"","stick-header-meta":"default","header-above-stick-meta":"","header-main-stick-meta":"","header-below-stick-meta":"","astra-migrate-meta-layouts":"set","ast-page-background-enabled":"default","ast-page-background-meta":{"desktop":{"background-color":"","background-image":"","background-repeat":"repeat","background-position":"center center","background-size":"auto","background-attachment":"scroll","background-type":"","background-media":"","overlay-type":"","overlay-color":"","overlay-opacity":"","overlay-gradient":""},"tablet":{"background-color":"","background-image":"","background-repeat":"repeat","background-position":"center center","background-size":"auto","background-attachment":"scroll","background-type":"","background-media":"","overlay-type":"","overlay-color":"","overlay-opacity":"","overlay-gradient":""},"mobile":{"background-color":"","background-image":"","background-repeat":"repeat","background-position":"center center","background-size":"auto","background-attachment":"scroll","background-type":"","background-media":"","overlay-type":"","overlay-color":"","overlay-opacity":"","overlay-gradient":""}},"ast-content-background-meta":{"desktop":{"background-color":"var(--ast-global-color-5)","background-image":"","background-repeat":"repeat","background-position":"center center","background-size":"auto","background-attachment":"scroll","background-type":"","background-media":"","overlay-type":"","overlay-color":"","overlay-opacity":"","overlay-gradient":""},"tablet":{"background-color":"var(--ast-global-color-5)","background-image":"","background-repeat":"repeat","background-position":"center center","background-size":"auto","background-attachment":"scroll","background-type":"","background-media":"","overlay-type":"","overlay-color":"","overlay-opacity":"","overlay-gradient":""},"mobile":{"background-color":"var(--ast-global-color-5)","background-image":"","background-repeat":"repeat","background-position":"center center","background-size":"auto","background-attachment":"scroll","background-type":"","background-media":"","overlay-type":"","overlay-color":"","overlay-opacity":"","overlay-gradient":""}}},"product_brand":[],"product_cat":[39],"product_tag":[],"class_list":{"0":"post-8285","1":"product","2":"type-product","3":"status-publish","4":"has-post-thumbnail","6":"product_cat-webbing-sling","7":"desktop-align-left","8":"tablet-align-left","9":"mobile-align-left","10":"ast-product-gallery-layout-horizontal-slider","11":"ast-product-gallery-with-no-image","12":"ast-product-tabs-layout-horizontal","14":"first","15":"instock","16":"shipping-taxable","17":"purchasable","18":"product-type-simple"},"yoast_head":"<!-- This site is optimized with the Yoast SEO plugin v25.2 - https:\/\/yoast.com\/wordpress\/plugins\/seo\/ -->\n<title>Flat Webbing Sling 5 Ton Polyester Double Duplex<\/title>\n<meta name=\"robots\" content=\"index, follow, max-snippet:-1, max-image-preview:large, max-video-preview:-1\" \/>\n<link rel=\"canonical\" href=\"https:\/\/qingdaohf.com\/cs\/produkt\/popruhovy-zaves-5-tun\/\" \/>\n<meta property=\"og:locale\" content=\"cs_CZ\" \/>\n<meta property=\"og:type\" content=\"article\" \/>\n<meta property=\"og:title\" content=\"Flat Webbing Sling 5 Ton Polyester Double Duplex\" \/>\n<meta property=\"og:description\" content=\"5-Ton Webbing Sling combines high strength and resilience to safely lift heavy loads, addressing buyers&#039; concerns about durability, safety, and efficiency. Manufactured to rigorous standards, this webbing sling reliably handles up to 5 tons while maintaining flexibility for ease of use. As an established trading company with 20 years of experience, Qingdao H&amp;F ensures that buyers benefit from one-on-one customer service, a fast delivery cycle, and detailed quality inspection reports. This approach emphasizes our commitment to quality, timely delivery, and comprehensive support, providing a seamless purchasing experience.\" \/>\n<meta property=\"og:url\" content=\"https:\/\/qingdaohf.com\/cs\/produkt\/popruhovy-zaves-5-tun\/\" \/>\n<meta property=\"og:site_name\" content=\"Concrete Form &amp; Rigging Hardware Supplier\" \/>\n<meta property=\"article:publisher\" content=\"https:\/\/www.facebook.com\/qingdaohf\" \/>\n<meta property=\"article:modified_time\" content=\"2025-11-13T01:02:53+00:00\" \/>\n<meta property=\"og:image\" content=\"https:\/\/qingdaohf.com\/wp-content\/uploads\/2024\/10\/Heavy-Duty-5-ton-webbing-sling_1.webp\" \/>\n\t<meta property=\"og:image:width\" content=\"1000\" \/>\n\t<meta property=\"og:image:height\" content=\"1000\" \/>\n\t<meta property=\"og:image:type\" content=\"image\/webp\" \/>\n<meta name=\"twitter:card\" content=\"summary_large_image\" \/>\n<meta name=\"twitter:label1\" content=\"Odhadovan\u00e1 doba \u010dten\u00ed\" \/>\n\t<meta name=\"twitter:data1\" content=\"3 minuty\" \/>\n<script type=\"application\/ld+json\" class=\"yoast-schema-graph\">{\"@context\":\"https:\/\/schema.org\",\"@graph\":[{\"@type\":\"WebPage\",\"@id\":\"https:\/\/qingdaohf.com\/product\/webbing-sling-5-ton\/\",\"url\":\"https:\/\/qingdaohf.com\/product\/webbing-sling-5-ton\/\",\"name\":\"Flat Webbing Sling 5 Ton Polyester Double Duplex\",\"isPartOf\":{\"@id\":\"https:\/\/qingdaohf.com\/bg\/#website\"},\"primaryImageOfPage\":{\"@id\":\"https:\/\/qingdaohf.com\/product\/webbing-sling-5-ton\/#primaryimage\"},\"image\":{\"@id\":\"https:\/\/qingdaohf.com\/product\/webbing-sling-5-ton\/#primaryimage\"},\"thumbnailUrl\":\"https:\/\/qingdaohf.com\/wp-content\/uploads\/2024\/10\/Heavy-Duty-5-ton-webbing-sling_1.webp\",\"datePublished\":\"2024-11-05T09:54:41+00:00\",\"dateModified\":\"2025-11-13T01:02:53+00:00\",\"breadcrumb\":{\"@id\":\"https:\/\/qingdaohf.com\/product\/webbing-sling-5-ton\/#breadcrumb\"},\"inLanguage\":\"cs\",\"potentialAction\":[{\"@type\":\"ReadAction\",\"target\":[\"https:\/\/qingdaohf.com\/product\/webbing-sling-5-ton\/\"]}]},{\"@type\":\"ImageObject\",\"inLanguage\":\"cs\",\"@id\":\"https:\/\/qingdaohf.com\/product\/webbing-sling-5-ton\/#primaryimage\",\"url\":\"https:\/\/qingdaohf.com\/wp-content\/uploads\/2024\/10\/Heavy-Duty-5-ton-webbing-sling_1.webp\",\"contentUrl\":\"https:\/\/qingdaohf.com\/wp-content\/uploads\/2024\/10\/Heavy-Duty-5-ton-webbing-sling_1.webp\",\"width\":1000,\"height\":1000,\"caption\":\"webbing sling 5 ton\"},{\"@type\":\"BreadcrumbList\",\"@id\":\"https:\/\/qingdaohf.com\/product\/webbing-sling-5-ton\/#breadcrumb\",\"itemListElement\":[{\"@type\":\"ListItem\",\"position\":1,\"name\":\"Home\",\"item\":\"https:\/\/qingdaohf.com\/\"},{\"@type\":\"ListItem\",\"position\":2,\"name\":\"Concrete Forming Accessories and Rigging Hardware\",\"item\":\"https:\/\/qingdaohf.com\/bg\/?page_id=944\"},{\"@type\":\"ListItem\",\"position\":3,\"name\":\"Flat Webbing Sling 5 Ton Polyester Double Duplex\"}]},{\"@type\":\"WebSite\",\"@id\":\"https:\/\/qingdaohf.com\/bg\/#website\",\"url\":\"https:\/\/qingdaohf.com\/bg\/\",\"name\":\"Concrete Form & Rigging Hardware Supplier\",\"description\":\"\",\"publisher\":{\"@id\":\"https:\/\/qingdaohf.com\/bg\/#organization\"},\"potentialAction\":[{\"@type\":\"SearchAction\",\"target\":{\"@type\":\"EntryPoint\",\"urlTemplate\":\"https:\/\/qingdaohf.com\/bg\/?s={search_term_string}\"},\"query-input\":{\"@type\":\"PropertyValueSpecification\",\"valueRequired\":true,\"valueName\":\"search_term_string\"}}],\"inLanguage\":\"cs\"},{\"@type\":\"Organization\",\"@id\":\"https:\/\/qingdaohf.com\/bg\/#organization\",\"name\":\"Qingdao H&F\",\"url\":\"https:\/\/qingdaohf.com\/bg\/\",\"logo\":{\"@type\":\"ImageObject\",\"inLanguage\":\"cs\",\"@id\":\"https:\/\/qingdaohf.com\/bg\/#\/schema\/logo\/image\/\",\"url\":\"https:\/\/qingdaohf.com\/wp-content\/uploads\/2022\/12\/cropped-HF-LOGO.png\",\"contentUrl\":\"https:\/\/qingdaohf.com\/wp-content\/uploads\/2022\/12\/cropped-HF-LOGO.png\",\"width\":391,\"height\":249,\"caption\":\"Qingdao H&F\"},\"image\":{\"@id\":\"https:\/\/qingdaohf.com\/bg\/#\/schema\/logo\/image\/\"},\"sameAs\":[\"https:\/\/www.facebook.com\/qingdaohf\"]}]}<\/script>\n<!-- \/ Yoast SEO plugin. -->","yoast_head_json":{"title":"Flat Webbing Sling 5 Ton Polyester Double Duplex","robots":{"index":"index","follow":"follow","max-snippet":"max-snippet:-1","max-image-preview":"max-image-preview:large","max-video-preview":"max-video-preview:-1"},"canonical":"https:\/\/qingdaohf.com\/cs\/produkt\/popruhovy-zaves-5-tun\/","og_locale":"cs_CZ","og_type":"article","og_title":"Flat Webbing Sling 5 Ton Polyester Double Duplex","og_description":"5-Ton Webbing Sling combines high strength and resilience to safely lift heavy loads, addressing buyers' concerns about durability, safety, and efficiency. Manufactured to rigorous standards, this webbing sling reliably handles up to 5 tons while maintaining flexibility for ease of use. As an established trading company with 20 years of experience, Qingdao H&amp;F ensures that buyers benefit from one-on-one customer service, a fast delivery cycle, and detailed quality inspection reports. This approach emphasizes our commitment to quality, timely delivery, and comprehensive support, providing a seamless purchasing experience.","og_url":"https:\/\/qingdaohf.com\/cs\/produkt\/popruhovy-zaves-5-tun\/","og_site_name":"Concrete Form &amp; Rigging Hardware Supplier","article_publisher":"https:\/\/www.facebook.com\/qingdaohf","article_modified_time":"2025-11-13T01:02:53+00:00","og_image":[{"width":1000,"height":1000,"url":"https:\/\/qingdaohf.com\/wp-content\/uploads\/2024\/10\/Heavy-Duty-5-ton-webbing-sling_1.webp","type":"image\/webp"}],"twitter_card":"summary_large_image","twitter_misc":{"Odhadovan\u00e1 doba \u010dten\u00ed":"3 minuty"},"schema":{"@context":"https:\/\/schema.org","@graph":[{"@type":"WebPage","@id":"https:\/\/qingdaohf.com\/product\/webbing-sling-5-ton\/","url":"https:\/\/qingdaohf.com\/product\/webbing-sling-5-ton\/","name":"Flat Webbing Sling 5 Ton Polyester Double Duplex","isPartOf":{"@id":"https:\/\/qingdaohf.com\/bg\/#website"},"primaryImageOfPage":{"@id":"https:\/\/qingdaohf.com\/product\/webbing-sling-5-ton\/#primaryimage"},"image":{"@id":"https:\/\/qingdaohf.com\/product\/webbing-sling-5-ton\/#primaryimage"},"thumbnailUrl":"https:\/\/qingdaohf.com\/wp-content\/uploads\/2024\/10\/Heavy-Duty-5-ton-webbing-sling_1.webp","datePublished":"2024-11-05T09:54:41+00:00","dateModified":"2025-11-13T01:02:53+00:00","breadcrumb":{"@id":"https:\/\/qingdaohf.com\/product\/webbing-sling-5-ton\/#breadcrumb"},"inLanguage":"cs","potentialAction":[{"@type":"ReadAction","target":["https:\/\/qingdaohf.com\/product\/webbing-sling-5-ton\/"]}]},{"@type":"ImageObject","inLanguage":"cs","@id":"https:\/\/qingdaohf.com\/product\/webbing-sling-5-ton\/#primaryimage","url":"https:\/\/qingdaohf.com\/wp-content\/uploads\/2024\/10\/Heavy-Duty-5-ton-webbing-sling_1.webp","contentUrl":"https:\/\/qingdaohf.com\/wp-content\/uploads\/2024\/10\/Heavy-Duty-5-ton-webbing-sling_1.webp","width":1000,"height":1000,"caption":"webbing sling 5 ton"},{"@type":"BreadcrumbList","@id":"https:\/\/qingdaohf.com\/product\/webbing-sling-5-ton\/#breadcrumb","itemListElement":[{"@type":"ListItem","position":1,"name":"Home","item":"https:\/\/qingdaohf.com\/"},{"@type":"ListItem","position":2,"name":"Concrete Forming Accessories and Rigging Hardware","item":"https:\/\/qingdaohf.com\/bg\/?page_id=944"},{"@type":"ListItem","position":3,"name":"Flat Webbing Sling 5 Ton Polyester Double Duplex"}]},{"@type":"WebSite","@id":"https:\/\/qingdaohf.com\/bg\/#website","url":"https:\/\/qingdaohf.com\/bg\/","name":"Concrete Form & Rigging Hardware Supplier","description":"","publisher":{"@id":"https:\/\/qingdaohf.com\/bg\/#organization"},"potentialAction":[{"@type":"SearchAction","target":{"@type":"EntryPoint","urlTemplate":"https:\/\/qingdaohf.com\/bg\/?s={search_term_string}"},"query-input":{"@type":"PropertyValueSpecification","valueRequired":true,"valueName":"search_term_string"}}],"inLanguage":"cs"},{"@type":"Organization","@id":"https:\/\/qingdaohf.com\/bg\/#organization","name":"Qingdao H&F","url":"https:\/\/qingdaohf.com\/bg\/","logo":{"@type":"ImageObject","inLanguage":"cs","@id":"https:\/\/qingdaohf.com\/bg\/#\/schema\/logo\/image\/","url":"https:\/\/qingdaohf.com\/wp-content\/uploads\/2022\/12\/cropped-HF-LOGO.png","contentUrl":"https:\/\/qingdaohf.com\/wp-content\/uploads\/2022\/12\/cropped-HF-LOGO.png","width":391,"height":249,"caption":"Qingdao H&F"},"image":{"@id":"https:\/\/qingdaohf.com\/bg\/#\/schema\/logo\/image\/"},"sameAs":["https:\/\/www.facebook.com\/qingdaohf"]}]}},"_links":{"self":[{"href":"https:\/\/qingdaohf.com\/cs\/wp-json\/wp\/v2\/product\/8285","targetHints":{"allow":["GET"]}}],"collection":[{"href":"https:\/\/qingdaohf.com\/cs\/wp-json\/wp\/v2\/product"}],"about":[{"href":"https:\/\/qingdaohf.com\/cs\/wp-json\/wp\/v2\/types\/product"}],"replies":[{"embeddable":true,"href":"https:\/\/qingdaohf.com\/cs\/wp-json\/wp\/v2\/comments?post=8285"}],"version-history":[{"count":2,"href":"https:\/\/qingdaohf.com\/cs\/wp-json\/wp\/v2\/product\/8285\/revisions"}],"predecessor-version":[{"id":8336,"href":"https:\/\/qingdaohf.com\/cs\/wp-json\/wp\/v2\/product\/8285\/revisions\/8336"}],"wp:featuredmedia":[{"embeddable":true,"href":"https:\/\/qingdaohf.com\/cs\/wp-json\/wp\/v2\/media\/8191"}],"wp:attachment":[{"href":"https:\/\/qingdaohf.com\/cs\/wp-json\/wp\/v2\/media?parent=8285"}],"wp:term":[{"taxonomy":"product_brand","embeddable":true,"href":"https:\/\/qingdaohf.com\/cs\/wp-json\/wp\/v2\/product_brand?post=8285"},{"taxonomy":"product_cat","embeddable":true,"href":"https:\/\/qingdaohf.com\/cs\/wp-json\/wp\/v2\/product_cat?post=8285"},{"taxonomy":"product_tag","embeddable":true,"href":"https:\/\/qingdaohf.com\/cs\/wp-json\/wp\/v2\/product_tag?post=8285"}],"curies":[{"name":"wp","href":"https:\/\/api.w.org\/{rel}","templated":true}]}}