{"id":8291,"date":"2024-11-05T17:59:58","date_gmt":"2024-11-05T09:59:58","guid":{"rendered":"http:\/\/qingdaohf.com\/?post_type=product&#038;p=8291"},"modified":"2025-11-13T09:02:52","modified_gmt":"2025-11-13T01:02:52","slug":"webbing-sling-10-ton","status":"publish","type":"product","link":"https:\/\/qingdaohf.com\/cs\/produkt\/popruhovy-zaves-10-tun\/","title":{"rendered":"Ploch\u00e9 popruhy Sling 10 Ton Polyester Double Duplex"},"content":{"rendered":"<h4>Vysokokapacitn\u00ed zvedac\u00ed \u0159e\u0161en\u00ed: Odolnost a pevnost 10tunov\u00e9ho popruhu<\/h4>\n<p>Pro pr\u016fmyslov\u00e9 zvedac\u00ed \u00fakoly, kde je nutn\u00e1 bezpe\u010dn\u00e1 podpora s vysokou nosnost\u00ed, nab\u00edz\u00ed optim\u00e1ln\u00ed \u0159e\u0161en\u00ed 10tunov\u00fd popruh spole\u010dnosti Qingdao H&amp;F. Tento popruh je vyroben z vysokopevnostn\u00edho polyesteru a zvl\u00e1dne z\u00e1t\u011b\u017e a\u017e 10 tun, tak\u017ee je ide\u00e1ln\u00ed pro odv\u011btv\u00ed, jako je stavebnictv\u00ed, logistika a v\u00fdroba. Odolnost popruhov\u00e9ho z\u00e1v\u011bsu na 10 tun zaji\u0161\u0165uje, \u017ee si zachov\u00e1v\u00e1 integritu i p\u0159i opakovan\u00e9m zat\u00ed\u017een\u00ed t\u011b\u017ek\u00fdmi b\u0159emeny v n\u00e1ro\u010dn\u00fdch podm\u00ednk\u00e1ch, a poskytuje tak firm\u00e1m odoln\u00e9 a cenov\u011b v\u00fdhodn\u00e9 \u0159e\u0161en\u00ed pro jejich pot\u0159eby zved\u00e1n\u00ed.<\/p>\n<p>Pro zaji\u0161t\u011bn\u00ed nejvy\u0161\u0161\u00edch standard\u016f spolehlivosti a bezpe\u010dnosti proch\u00e1z\u00ed ka\u017ed\u00fd 10tunov\u00fd z\u00e1v\u011bs p\u0159\u00edsn\u00fdm testov\u00e1n\u00edm a kupuj\u00edc\u00ed obdr\u017e\u00ed zpr\u00e1vu o kontrole kvality, kter\u00e1 ov\u011b\u0159uje jeho soulad s mezin\u00e1rodn\u00edmi bezpe\u010dnostn\u00edmi a v\u00fdkonnostn\u00edmi normami. Snaha spole\u010dnosti Qingdao H&amp;F o transparentnost uji\u0161\u0165uje kupuj\u00edc\u00ed, \u017ee investuj\u00ed do v\u00fdrobku, kter\u00fd spl\u0148uje v\u0161echny z\u00e1konn\u00e9 po\u017eadavky. Rychl\u00fd dodac\u00ed cyklus, kter\u00fd spole\u010dnost Qingdao H&amp;F nab\u00edz\u00ed, umo\u017e\u0148uje klient\u016fm rychl\u00fd p\u0159\u00edstup k pot\u0159ebn\u00e9mu vybaven\u00ed, co\u017e minimalizuje zpo\u017ed\u011bn\u00ed v provozu a zvy\u0161uje celkovou efektivitu.<\/p>\n<h4>Bezpe\u010dnost a stabilita p\u0159i zved\u00e1n\u00ed t\u011b\u017ek\u00fdch b\u0159emen<\/h4>\n<p>V pr\u016fmyslov\u00e9m prost\u0159ed\u00ed s vysok\u00fdmi n\u00e1roky je stabilita a bezpe\u010dnost zdvihac\u00edch za\u0159\u00edzen\u00ed rozhoduj\u00edc\u00ed pro bezpe\u010dnost i produktivitu. Desetitunov\u00fd popruh od spole\u010dnosti Qingdao H&amp;F je navr\u017een tak, aby poskytoval vynikaj\u00edc\u00ed stabilitu b\u0159emene a pom\u00e1hal rovnom\u011brn\u011b rozlo\u017eit hmotnost na cel\u00e9 b\u0159emeno. Tato konstrukce sni\u017euje po\u010det tlakov\u00fdch bod\u016f a minimalizuje riziko po\u0161kozen\u00ed nebo posunut\u00ed b\u0159emene b\u011bhem zvedac\u00edch operac\u00ed, \u010d\u00edm\u017e nab\u00edz\u00ed obsluze klid. \u0160irok\u00fd, odoln\u00fd polyesterov\u00fd popruh odol\u00e1v\u00e1 opot\u0159eben\u00ed, od\u011bru a p\u016fsoben\u00ed UV z\u00e1\u0159en\u00ed a zachov\u00e1v\u00e1 si pevnost i v n\u00e1ro\u010dn\u00fdch podm\u00ednk\u00e1ch.<\/p>\n<p>Bezpe\u010dnost zvedac\u00edch operac\u00ed zvy\u0161uj\u00ed pe\u010dliv\u00e9 v\u00fdrobn\u00ed standardy spole\u010dnosti Qingdao H&amp;F. Ka\u017ed\u00fd z\u00e1v\u011bs spl\u0148uje nebo p\u0159ekra\u010duje mezin\u00e1rodn\u00ed pr\u016fmyslov\u00e9 p\u0159edpisy, tak\u017ee je vhodn\u00fd pro r\u016fzn\u00e9 aplikace, kde plat\u00ed p\u0159\u00edsn\u00e9 bezpe\u010dnostn\u00ed protokoly. D\u00edky p\u0159\u00edsn\u00e9 kontrole kvality v ka\u017ed\u00e9 f\u00e1zi v\u00fdroby zaji\u0161\u0165uje spole\u010dnost Qingdao H&amp;F, \u017ee 10tunov\u00fd popruhov\u00fd z\u00e1v\u011bs poskytuje spolehlivou podporu v nejn\u00e1ro\u010dn\u011bj\u0161\u00edch prost\u0159ed\u00edch. D\u016fkazem tohoto z\u00e1vazku jsou podrobn\u00e9 zpr\u00e1vy o kontrole kvality, kter\u00e9 jsou k dispozici u ka\u017ed\u00e9ho z\u00e1v\u011bsu, a kter\u00e9 pom\u00e1haj\u00ed podnik\u016fm s jistotou dodr\u017eovat bezpe\u010dnostn\u00ed standardy a normy.<\/p>\n<h4>Qingdao H&amp;F: D\u016fv\u011bryhodn\u00fd partner pro vysoce v\u00fdkonn\u00e1 zdvihac\u00ed \u0159e\u0161en\u00ed<\/h4>\n<p>Jako zku\u0161en\u00e1 obchodn\u00ed spole\u010dnost B2B s dvacetilet\u00fdmi zku\u0161enostmi se spole\u010dnost Qingdao H&amp;F zav\u00e1zala podporovat podniky t\u00edm, \u017ee nab\u00edz\u00ed v\u00fdrobky, kter\u00e9 spojuj\u00ed kvalitu, bezpe\u010dnost a slu\u017eby. Desetitunov\u00fd popruhov\u00fd z\u00e1v\u011bs je p\u0159\u00edkladem p\u0159\u00edstupu spole\u010dnosti Qingdao H&amp;F k poskytov\u00e1n\u00ed spolehliv\u00e9ho, vysoce v\u00fdkonn\u00e9ho vybaven\u00ed, kter\u00e9 spl\u0148uje praktick\u00e9 pot\u0159eby pr\u016fmyslov\u00fdch z\u00e1kazn\u00edk\u016f. Ka\u017ed\u00fd z\u00e1v\u011bs je dod\u00e1v\u00e1n se zpr\u00e1vou o kontrole kvality, kter\u00e1 kupuj\u00edc\u00edm poskytuje jasn\u00fd p\u0159ehled o specifikac\u00edch v\u00fdrobku a zaji\u0161\u0165uje naprostou transparentnost, pokud jde o jeho v\u00fdkon.<\/p>\n<p>Model individu\u00e1ln\u00edho z\u00e1kaznick\u00e9ho servisu spole\u010dnosti Qingdao H&amp;F umo\u017e\u0148uje kupuj\u00edc\u00edm z\u00edskat individu\u00e1ln\u00ed podporu od kompetentn\u00edch z\u00e1stupc\u016f, kte\u0159\u00ed jim pomohou vybrat ide\u00e1ln\u00ed zdvihac\u00ed za\u0159\u00edzen\u00ed pro jejich specifick\u00e9 po\u017eadavky. Tento pozorn\u00fd p\u0159\u00edstup spolu s rychl\u00fdm a efektivn\u00edm dodac\u00edm cyklem dokl\u00e1d\u00e1 odhodl\u00e1n\u00ed spole\u010dnosti Qingdao H&amp;F usnadnit bezprobl\u00e9mov\u00fd n\u00e1kupn\u00ed proces, kter\u00fd je v souladu s provozn\u00edmi \u010dasov\u00fdmi pl\u00e1ny klient\u016f. Zam\u011b\u0159en\u00ed spole\u010dnosti Qingdao H&amp;F na spokojenost z\u00e1kazn\u00edk\u016f a kontrolu kvality j\u00ed zajistilo pozici d\u016fv\u011bryhodn\u00e9ho jm\u00e9na na trhu pr\u016fmyslov\u00fdch zdvihac\u00edch za\u0159\u00edzen\u00ed.<\/p>\n<p>Desetitunov\u00fd popruh od spole\u010dnosti Qingdao H&amp;F je v\u00edce ne\u017e jen \u0159e\u0161en\u00ed pro zved\u00e1n\u00ed - je to spolehliv\u00fd partner pro podniky, kter\u00e9 dbaj\u00ed na bezpe\u010dnost, efektivitu a vysok\u00fd v\u00fdkon. Spole\u010dnost Qingdao H&amp;F dod\u00e1v\u00e1 s ka\u017ed\u00fdm popruhem v\u00fdrobek, kter\u00fd spl\u0148uje pr\u016fmyslov\u00e9 standardy a z\u00e1rove\u0148 poskytuje bezpe\u010dnou a efektivn\u00ed mo\u017enost pro zved\u00e1n\u00ed t\u011b\u017ek\u00fdch n\u00e1klad\u016f.<\/p>","protected":false},"excerpt":{"rendered":"<p>10tunov\u00fd popruhov\u00fd z\u00e1v\u011bs je ur\u010den pro zved\u00e1n\u00ed t\u011b\u017ek\u00fdch b\u0159emen a je navr\u017een tak, aby spl\u0148oval p\u0159\u00edsn\u00e9 po\u017eadavky pr\u016fmyslov\u00fdch odv\u011btv\u00ed, kde je nezbytn\u00e9 bezpe\u010dn\u00e9 zved\u00e1n\u00ed s vysokou nosnost\u00ed. Tento odoln\u00fd popruh zvl\u00e1dne a\u017e 10 tun a \u0159e\u0161\u00ed hlavn\u00ed obavy kupuj\u00edc\u00edch ohledn\u011b pevnosti, bezpe\u010dnosti a spolehlivosti. Jako zku\u0161en\u00e1 obchodn\u00ed spole\u010dnost B2B poskytuje spole\u010dnost Qingdao H&amp;F individu\u00e1ln\u00ed z\u00e1kaznickou podporu, rychl\u00e9 dod\u00e1n\u00ed a komplexn\u00ed zpr\u00e1vy o kontrole kvality, \u010d\u00edm\u017e zaji\u0161\u0165uje bezprobl\u00e9mov\u00fd n\u00e1kup, jeho\u017e prioritou je transparentnost a spokojenost z\u00e1kazn\u00edk\u016f.<\/p>","protected":false},"featured_media":8192,"comment_status":"open","ping_status":"closed","template":"","meta":{"site-sidebar-layout":"default","site-content-layout":"","ast-site-content-layout":"default","site-content-style":"default","site-sidebar-style":"default","ast-global-header-display":"","ast-banner-title-visibility":"","ast-main-header-display":"","ast-hfb-above-header-display":"","ast-hfb-below-header-display":"","ast-hfb-mobile-header-display":"","site-post-title":"","ast-breadcrumbs-content":"","ast-featured-img":"","footer-sml-layout":"","theme-transparent-header-meta":"default","adv-header-id-meta":"","stick-header-meta":"default","header-above-stick-meta":"","header-main-stick-meta":"","header-below-stick-meta":"","astra-migrate-meta-layouts":"set","ast-page-background-enabled":"default","ast-page-background-meta":{"desktop":{"background-color":"","background-image":"","background-repeat":"repeat","background-position":"center center","background-size":"auto","background-attachment":"scroll","background-type":"","background-media":"","overlay-type":"","overlay-color":"","overlay-opacity":"","overlay-gradient":""},"tablet":{"background-color":"","background-image":"","background-repeat":"repeat","background-position":"center center","background-size":"auto","background-attachment":"scroll","background-type":"","background-media":"","overlay-type":"","overlay-color":"","overlay-opacity":"","overlay-gradient":""},"mobile":{"background-color":"","background-image":"","background-repeat":"repeat","background-position":"center center","background-size":"auto","background-attachment":"scroll","background-type":"","background-media":"","overlay-type":"","overlay-color":"","overlay-opacity":"","overlay-gradient":""}},"ast-content-background-meta":{"desktop":{"background-color":"var(--ast-global-color-5)","background-image":"","background-repeat":"repeat","background-position":"center center","background-size":"auto","background-attachment":"scroll","background-type":"","background-media":"","overlay-type":"","overlay-color":"","overlay-opacity":"","overlay-gradient":""},"tablet":{"background-color":"var(--ast-global-color-5)","background-image":"","background-repeat":"repeat","background-position":"center center","background-size":"auto","background-attachment":"scroll","background-type":"","background-media":"","overlay-type":"","overlay-color":"","overlay-opacity":"","overlay-gradient":""},"mobile":{"background-color":"var(--ast-global-color-5)","background-image":"","background-repeat":"repeat","background-position":"center center","background-size":"auto","background-attachment":"scroll","background-type":"","background-media":"","overlay-type":"","overlay-color":"","overlay-opacity":"","overlay-gradient":""}}},"product_brand":[],"product_cat":[39],"product_tag":[],"class_list":{"0":"post-8291","1":"product","2":"type-product","3":"status-publish","4":"has-post-thumbnail","6":"product_cat-webbing-sling","7":"desktop-align-left","8":"tablet-align-left","9":"mobile-align-left","10":"ast-product-gallery-layout-horizontal-slider","11":"ast-product-gallery-with-no-image","12":"ast-product-tabs-layout-horizontal","14":"first","15":"instock","16":"shipping-taxable","17":"purchasable","18":"product-type-simple"},"yoast_head":"<!-- This site is optimized with the Yoast SEO plugin v25.2 - https:\/\/yoast.com\/wordpress\/plugins\/seo\/ -->\n<title>Flat Webbing Sling 10 Ton Polyester Double Duplex<\/title>\n<meta name=\"robots\" content=\"index, follow, max-snippet:-1, max-image-preview:large, max-video-preview:-1\" \/>\n<link rel=\"canonical\" href=\"https:\/\/qingdaohf.com\/cs\/produkt\/popruhovy-zaves-10-tun\/\" \/>\n<meta property=\"og:locale\" content=\"cs_CZ\" \/>\n<meta property=\"og:type\" content=\"article\" \/>\n<meta property=\"og:title\" content=\"Flat Webbing Sling 10 Ton Polyester Double Duplex\" \/>\n<meta property=\"og:description\" content=\"10-Ton Webbing Sling is built for heavy-duty lifting, designed to meet the stringent demands of industries where secure, high-capacity lifting is essential. This durable sling handles up to 10 tons, addressing buyers&#039; primary concerns about strength, safety, and reliability. As an experienced B2B trading company, Qingdao H&amp;F provides one-on-one customer support, fast delivery, and comprehensive quality inspection reports, ensuring a smooth buying experience that prioritizes transparency and customer satisfaction.\" \/>\n<meta property=\"og:url\" content=\"https:\/\/qingdaohf.com\/cs\/produkt\/popruhovy-zaves-10-tun\/\" \/>\n<meta property=\"og:site_name\" content=\"Concrete Form &amp; Rigging Hardware Supplier\" \/>\n<meta property=\"article:publisher\" content=\"https:\/\/www.facebook.com\/qingdaohf\" \/>\n<meta property=\"article:modified_time\" content=\"2025-11-13T01:02:52+00:00\" \/>\n<meta property=\"og:image\" content=\"https:\/\/qingdaohf.com\/wp-content\/uploads\/2024\/10\/10-tons_1.webp\" \/>\n\t<meta property=\"og:image:width\" content=\"1000\" \/>\n\t<meta property=\"og:image:height\" content=\"1000\" \/>\n\t<meta property=\"og:image:type\" content=\"image\/webp\" \/>\n<meta name=\"twitter:card\" content=\"summary_large_image\" \/>\n<meta name=\"twitter:label1\" content=\"Odhadovan\u00e1 doba \u010dten\u00ed\" \/>\n\t<meta name=\"twitter:data1\" content=\"3 minuty\" \/>\n<script type=\"application\/ld+json\" class=\"yoast-schema-graph\">{\"@context\":\"https:\/\/schema.org\",\"@graph\":[{\"@type\":\"WebPage\",\"@id\":\"https:\/\/qingdaohf.com\/product\/webbing-sling-10-ton\/\",\"url\":\"https:\/\/qingdaohf.com\/product\/webbing-sling-10-ton\/\",\"name\":\"Flat Webbing Sling 10 Ton Polyester Double Duplex\",\"isPartOf\":{\"@id\":\"https:\/\/qingdaohf.com\/bg\/#website\"},\"primaryImageOfPage\":{\"@id\":\"https:\/\/qingdaohf.com\/product\/webbing-sling-10-ton\/#primaryimage\"},\"image\":{\"@id\":\"https:\/\/qingdaohf.com\/product\/webbing-sling-10-ton\/#primaryimage\"},\"thumbnailUrl\":\"https:\/\/qingdaohf.com\/wp-content\/uploads\/2024\/10\/10-tons_1.webp\",\"datePublished\":\"2024-11-05T09:59:58+00:00\",\"dateModified\":\"2025-11-13T01:02:52+00:00\",\"breadcrumb\":{\"@id\":\"https:\/\/qingdaohf.com\/product\/webbing-sling-10-ton\/#breadcrumb\"},\"inLanguage\":\"cs\",\"potentialAction\":[{\"@type\":\"ReadAction\",\"target\":[\"https:\/\/qingdaohf.com\/product\/webbing-sling-10-ton\/\"]}]},{\"@type\":\"ImageObject\",\"inLanguage\":\"cs\",\"@id\":\"https:\/\/qingdaohf.com\/product\/webbing-sling-10-ton\/#primaryimage\",\"url\":\"https:\/\/qingdaohf.com\/wp-content\/uploads\/2024\/10\/10-tons_1.webp\",\"contentUrl\":\"https:\/\/qingdaohf.com\/wp-content\/uploads\/2024\/10\/10-tons_1.webp\",\"width\":1000,\"height\":1000,\"caption\":\"Webbing Sling 10 Ton\"},{\"@type\":\"BreadcrumbList\",\"@id\":\"https:\/\/qingdaohf.com\/product\/webbing-sling-10-ton\/#breadcrumb\",\"itemListElement\":[{\"@type\":\"ListItem\",\"position\":1,\"name\":\"Home\",\"item\":\"https:\/\/qingdaohf.com\/\"},{\"@type\":\"ListItem\",\"position\":2,\"name\":\"Concrete Forming Accessories and Rigging Hardware\",\"item\":\"https:\/\/qingdaohf.com\/bg\/?page_id=944\"},{\"@type\":\"ListItem\",\"position\":3,\"name\":\"Flat Webbing Sling 10 Ton Polyester Double Duplex\"}]},{\"@type\":\"WebSite\",\"@id\":\"https:\/\/qingdaohf.com\/bg\/#website\",\"url\":\"https:\/\/qingdaohf.com\/bg\/\",\"name\":\"Concrete Form & Rigging Hardware Supplier\",\"description\":\"\",\"publisher\":{\"@id\":\"https:\/\/qingdaohf.com\/bg\/#organization\"},\"potentialAction\":[{\"@type\":\"SearchAction\",\"target\":{\"@type\":\"EntryPoint\",\"urlTemplate\":\"https:\/\/qingdaohf.com\/bg\/?s={search_term_string}\"},\"query-input\":{\"@type\":\"PropertyValueSpecification\",\"valueRequired\":true,\"valueName\":\"search_term_string\"}}],\"inLanguage\":\"cs\"},{\"@type\":\"Organization\",\"@id\":\"https:\/\/qingdaohf.com\/bg\/#organization\",\"name\":\"Qingdao H&F\",\"url\":\"https:\/\/qingdaohf.com\/bg\/\",\"logo\":{\"@type\":\"ImageObject\",\"inLanguage\":\"cs\",\"@id\":\"https:\/\/qingdaohf.com\/bg\/#\/schema\/logo\/image\/\",\"url\":\"https:\/\/qingdaohf.com\/wp-content\/uploads\/2022\/12\/cropped-HF-LOGO.png\",\"contentUrl\":\"https:\/\/qingdaohf.com\/wp-content\/uploads\/2022\/12\/cropped-HF-LOGO.png\",\"width\":391,\"height\":249,\"caption\":\"Qingdao H&F\"},\"image\":{\"@id\":\"https:\/\/qingdaohf.com\/bg\/#\/schema\/logo\/image\/\"},\"sameAs\":[\"https:\/\/www.facebook.com\/qingdaohf\"]}]}<\/script>\n<!-- \/ Yoast SEO plugin. -->","yoast_head_json":{"title":"Flat Webbing Sling 10 Ton Polyester Double Duplex","robots":{"index":"index","follow":"follow","max-snippet":"max-snippet:-1","max-image-preview":"max-image-preview:large","max-video-preview":"max-video-preview:-1"},"canonical":"https:\/\/qingdaohf.com\/cs\/produkt\/popruhovy-zaves-10-tun\/","og_locale":"cs_CZ","og_type":"article","og_title":"Flat Webbing Sling 10 Ton Polyester Double Duplex","og_description":"10-Ton Webbing Sling is built for heavy-duty lifting, designed to meet the stringent demands of industries where secure, high-capacity lifting is essential. This durable sling handles up to 10 tons, addressing buyers' primary concerns about strength, safety, and reliability. As an experienced B2B trading company, Qingdao H&amp;F provides one-on-one customer support, fast delivery, and comprehensive quality inspection reports, ensuring a smooth buying experience that prioritizes transparency and customer satisfaction.","og_url":"https:\/\/qingdaohf.com\/cs\/produkt\/popruhovy-zaves-10-tun\/","og_site_name":"Concrete Form &amp; Rigging Hardware Supplier","article_publisher":"https:\/\/www.facebook.com\/qingdaohf","article_modified_time":"2025-11-13T01:02:52+00:00","og_image":[{"width":1000,"height":1000,"url":"https:\/\/qingdaohf.com\/wp-content\/uploads\/2024\/10\/10-tons_1.webp","type":"image\/webp"}],"twitter_card":"summary_large_image","twitter_misc":{"Odhadovan\u00e1 doba \u010dten\u00ed":"3 minuty"},"schema":{"@context":"https:\/\/schema.org","@graph":[{"@type":"WebPage","@id":"https:\/\/qingdaohf.com\/product\/webbing-sling-10-ton\/","url":"https:\/\/qingdaohf.com\/product\/webbing-sling-10-ton\/","name":"Flat Webbing Sling 10 Ton Polyester Double Duplex","isPartOf":{"@id":"https:\/\/qingdaohf.com\/bg\/#website"},"primaryImageOfPage":{"@id":"https:\/\/qingdaohf.com\/product\/webbing-sling-10-ton\/#primaryimage"},"image":{"@id":"https:\/\/qingdaohf.com\/product\/webbing-sling-10-ton\/#primaryimage"},"thumbnailUrl":"https:\/\/qingdaohf.com\/wp-content\/uploads\/2024\/10\/10-tons_1.webp","datePublished":"2024-11-05T09:59:58+00:00","dateModified":"2025-11-13T01:02:52+00:00","breadcrumb":{"@id":"https:\/\/qingdaohf.com\/product\/webbing-sling-10-ton\/#breadcrumb"},"inLanguage":"cs","potentialAction":[{"@type":"ReadAction","target":["https:\/\/qingdaohf.com\/product\/webbing-sling-10-ton\/"]}]},{"@type":"ImageObject","inLanguage":"cs","@id":"https:\/\/qingdaohf.com\/product\/webbing-sling-10-ton\/#primaryimage","url":"https:\/\/qingdaohf.com\/wp-content\/uploads\/2024\/10\/10-tons_1.webp","contentUrl":"https:\/\/qingdaohf.com\/wp-content\/uploads\/2024\/10\/10-tons_1.webp","width":1000,"height":1000,"caption":"Webbing Sling 10 Ton"},{"@type":"BreadcrumbList","@id":"https:\/\/qingdaohf.com\/product\/webbing-sling-10-ton\/#breadcrumb","itemListElement":[{"@type":"ListItem","position":1,"name":"Home","item":"https:\/\/qingdaohf.com\/"},{"@type":"ListItem","position":2,"name":"Concrete Forming Accessories and Rigging Hardware","item":"https:\/\/qingdaohf.com\/bg\/?page_id=944"},{"@type":"ListItem","position":3,"name":"Flat Webbing Sling 10 Ton Polyester Double Duplex"}]},{"@type":"WebSite","@id":"https:\/\/qingdaohf.com\/bg\/#website","url":"https:\/\/qingdaohf.com\/bg\/","name":"Concrete Form & Rigging Hardware Supplier","description":"","publisher":{"@id":"https:\/\/qingdaohf.com\/bg\/#organization"},"potentialAction":[{"@type":"SearchAction","target":{"@type":"EntryPoint","urlTemplate":"https:\/\/qingdaohf.com\/bg\/?s={search_term_string}"},"query-input":{"@type":"PropertyValueSpecification","valueRequired":true,"valueName":"search_term_string"}}],"inLanguage":"cs"},{"@type":"Organization","@id":"https:\/\/qingdaohf.com\/bg\/#organization","name":"Qingdao H&F","url":"https:\/\/qingdaohf.com\/bg\/","logo":{"@type":"ImageObject","inLanguage":"cs","@id":"https:\/\/qingdaohf.com\/bg\/#\/schema\/logo\/image\/","url":"https:\/\/qingdaohf.com\/wp-content\/uploads\/2022\/12\/cropped-HF-LOGO.png","contentUrl":"https:\/\/qingdaohf.com\/wp-content\/uploads\/2022\/12\/cropped-HF-LOGO.png","width":391,"height":249,"caption":"Qingdao H&F"},"image":{"@id":"https:\/\/qingdaohf.com\/bg\/#\/schema\/logo\/image\/"},"sameAs":["https:\/\/www.facebook.com\/qingdaohf"]}]}},"_links":{"self":[{"href":"https:\/\/qingdaohf.com\/cs\/wp-json\/wp\/v2\/product\/8291","targetHints":{"allow":["GET"]}}],"collection":[{"href":"https:\/\/qingdaohf.com\/cs\/wp-json\/wp\/v2\/product"}],"about":[{"href":"https:\/\/qingdaohf.com\/cs\/wp-json\/wp\/v2\/types\/product"}],"replies":[{"embeddable":true,"href":"https:\/\/qingdaohf.com\/cs\/wp-json\/wp\/v2\/comments?post=8291"}],"version-history":[{"count":2,"href":"https:\/\/qingdaohf.com\/cs\/wp-json\/wp\/v2\/product\/8291\/revisions"}],"predecessor-version":[{"id":8333,"href":"https:\/\/qingdaohf.com\/cs\/wp-json\/wp\/v2\/product\/8291\/revisions\/8333"}],"wp:featuredmedia":[{"embeddable":true,"href":"https:\/\/qingdaohf.com\/cs\/wp-json\/wp\/v2\/media\/8192"}],"wp:attachment":[{"href":"https:\/\/qingdaohf.com\/cs\/wp-json\/wp\/v2\/media?parent=8291"}],"wp:term":[{"taxonomy":"product_brand","embeddable":true,"href":"https:\/\/qingdaohf.com\/cs\/wp-json\/wp\/v2\/product_brand?post=8291"},{"taxonomy":"product_cat","embeddable":true,"href":"https:\/\/qingdaohf.com\/cs\/wp-json\/wp\/v2\/product_cat?post=8291"},{"taxonomy":"product_tag","embeddable":true,"href":"https:\/\/qingdaohf.com\/cs\/wp-json\/wp\/v2\/product_tag?post=8291"}],"curies":[{"name":"wp","href":"https:\/\/api.w.org\/{rel}","templated":true}]}}