{"id":8310,"date":"2024-11-07T14:33:56","date_gmt":"2024-11-07T06:33:56","guid":{"rendered":"http:\/\/qingdaohf.com\/?post_type=product&#038;p=8310"},"modified":"2025-11-13T09:02:52","modified_gmt":"2025-11-13T01:02:52","slug":"spek-anchor-stockless-anchor","status":"publish","type":"product","link":"https:\/\/qingdaohf.com\/cs\/produkt\/kotva-spek-bez-zasob\/","title":{"rendered":"Spek Anchor Stockless Anchor"},"content":{"rendered":"<h3>P\u0159ehled a jedine\u010dn\u00fd design kotev Spek<\/h3>\n<p>Kotva Spek je \u0161iroce preferovan\u00fd typ kotvy pou\u017e\u00edvan\u00fd v n\u00e1mo\u0159n\u00edm a pob\u0159e\u017en\u00edm pr\u016fmyslu, vybran\u00fd pro sv\u016fj charakteristick\u00fd design, kter\u00fd klade d\u016fraz na stabilitu a odolnost. Jako jeden z tradi\u010dn\u011bj\u0161\u00edch typ\u016f kotev si kotva Spek z\u00edskala pov\u011bst kotvy \u00fa\u010dinn\u00e9 v r\u016fzn\u00fdch mo\u0159sk\u00fdch podm\u00ednk\u00e1ch, p\u0159edev\u0161\u00edm d\u00edky sv\u00e9 schopnosti rychle se zaryt do r\u016fzn\u00fdch mo\u0159sk\u00fdch dna. Ve srovn\u00e1n\u00ed s jin\u00fdmi kotvami umo\u017e\u0148uje konstrukce kotvy Spek rychl\u00e9 zapu\u0161t\u011bn\u00ed p\u0159i nasazen\u00ed, co\u017e je vlastnost velmi \u017e\u00e1douc\u00ed pro plavidla, kter\u00e1 pot\u0159ebuj\u00ed spolehlivou udr\u017eovac\u00ed s\u00edlu bez del\u0161\u00edch kotevn\u00edch procedur.<\/p>\n<p>Tento typ kotvy obsahuje speci\u00e1ln\u011b navr\u017een\u00fd d\u0159\u00edk a d\u0159\u00edk, kter\u00e9 jsou optimalizov\u00e1ny tak, aby odol\u00e1valy rota\u010dn\u00edm sil\u00e1m zp\u016fsoben\u00fdm zm\u011bnami pohybu vody. Tento jedine\u010dn\u00fd tvar nejen\u017ee minimalizuje tah, ale tak\u00e9 udr\u017euje stabilitu p\u0159i n\u00e1hl\u00fdch zm\u011bn\u00e1ch proudu, co\u017e nab\u00edz\u00ed klid provozovatel\u016fm plavidel, kte\u0159\u00ed spol\u00e9haj\u00ed na st\u00e1lou s\u00edlu dr\u017een\u00ed. Geometrie kotvy Spek zahrnuje \u0161irok\u00fd \u00fahel d\u0159\u00edku a zat\u00ed\u017een\u00fd d\u0159\u00edk, kter\u00fd pom\u00e1h\u00e1 udr\u017eovat p\u0159\u00edzniv\u00fd \u00fahel vstupu do mo\u0159sk\u00e9ho dna. Tato vlastnost umo\u017e\u0148uje rychl\u00e9 usazen\u00ed a zaji\u0161t\u011bn\u00ed v p\u00eds\u010dit\u00e9m nebo bahnit\u00e9m podkladu, co\u017e ji \u010din\u00ed univerz\u00e1ln\u00ed v r\u016fzn\u00fdch mo\u0159sk\u00fdch prost\u0159ed\u00edch.<\/p>\n<p>Ve spole\u010dnosti Qingdao H&amp;F dod\u00e1v\u00e1me kotvy Spek, kter\u00e9 spl\u0148uj\u00ed tyto kritick\u00e9 v\u00fdkonnostn\u00ed normy a z\u00e1rove\u0148 zvy\u0161uj\u00ed pohodl\u00ed z\u00e1kazn\u00edk\u016f prost\u0159ednictv\u00edm dal\u0161\u00ed podpory a zaji\u0161t\u011bn\u00ed kvality. Poskytujeme \u0159adu zpr\u00e1v o kontrole kvality, kter\u00e9 ov\u011b\u0159uj\u00ed struktur\u00e1ln\u00ed integritu a v\u00fdkonnostn\u00ed schopnosti ka\u017ed\u00e9 kotvy a zaji\u0161\u0165uj\u00ed soulad s p\u0159\u00edsn\u00fdmi n\u00e1mo\u0159n\u00edmi bezpe\u010dnostn\u00edmi p\u0159edpisy. Nab\u00edz\u00edme individu\u00e1ln\u00ed z\u00e1kaznickou podporu a pom\u00e1h\u00e1me kupuj\u00edc\u00edm p\u0159i v\u00fdb\u011bru optim\u00e1ln\u00ed velikosti a typu kotvy pro jejich konkr\u00e9tn\u00ed pou\u017eit\u00ed. N\u00e1\u0161 spolehliv\u00fd a rychl\u00fd proces dod\u00e1vek d\u00e1le zaji\u0161\u0165uje, \u017ee z\u00e1kazn\u00edci obdr\u017e\u00ed sv\u00e9 v\u00fdrobky v\u010das, co\u017e sni\u017euje potenci\u00e1ln\u00ed zpo\u017ed\u011bn\u00ed v provozu.<\/p>\n<p><img fetchpriority=\"high\" decoding=\"async\" class=\"alignnone wp-image-8317 size-full\" src=\"http:\/\/qingdaohf.com\/wp-content\/uploads\/2024\/11\/spek-anchor-1.jpg\" alt=\"\" width=\"640\" height=\"640\" srcset=\"https:\/\/qingdaohf.com\/wp-content\/uploads\/2024\/11\/spek-anchor-1.jpg 640w, https:\/\/qingdaohf.com\/wp-content\/uploads\/2024\/11\/spek-anchor-1-300x300.jpg 300w, https:\/\/qingdaohf.com\/wp-content\/uploads\/2024\/11\/spek-anchor-1-150x150.jpg 150w, https:\/\/qingdaohf.com\/wp-content\/uploads\/2024\/11\/spek-anchor-1-12x12.jpg 12w, https:\/\/qingdaohf.com\/wp-content\/uploads\/2024\/11\/spek-anchor-1-500x500.jpg 500w, https:\/\/qingdaohf.com\/wp-content\/uploads\/2024\/11\/spek-anchor-1-100x100.jpg 100w\" sizes=\"(max-width: 640px) 100vw, 640px\" \/> <img decoding=\"async\" class=\"alignnone wp-image-8318 size-full\" src=\"http:\/\/qingdaohf.com\/wp-content\/uploads\/2024\/11\/spek-anchor-1.png\" alt=\"\" width=\"598\" height=\"727\" srcset=\"https:\/\/qingdaohf.com\/wp-content\/uploads\/2024\/11\/spek-anchor-1.png 598w, https:\/\/qingdaohf.com\/wp-content\/uploads\/2024\/11\/spek-anchor-1-247x300.png 247w, https:\/\/qingdaohf.com\/wp-content\/uploads\/2024\/11\/spek-anchor-1-10x12.png 10w\" sizes=\"(max-width: 598px) 100vw, 598px\" \/><\/p>\n<h3>Aplikace kotev Spek a jejich v\u0161estrannost v r\u016fzn\u00fdch mo\u0159sk\u00fdch prost\u0159ed\u00edch<\/h3>\n<p>Kotva Spek je \u010dasto vyb\u00edr\u00e1na pro obchodn\u00ed lod\u011b, vrtn\u00e9 soupravy na mo\u0159i a dal\u0161\u00ed velk\u00e1 plavidla d\u00edky sv\u00e9 p\u016fsobiv\u00e9 udr\u017eovac\u00ed kapacit\u011b a p\u0159izp\u016fsobivosti. Kotva je obzvl\u00e1\u0161t\u011b \u00fa\u010dinn\u00e1 pro v\u011bt\u0161\u00ed plavidla, kde je bezpe\u010dn\u00e9 kotven\u00ed rozhoduj\u00edc\u00ed pro udr\u017een\u00ed stability b\u011bhem del\u0161\u00edho pobytu. Ve st\u0159edn\u011b t\u011b\u017ek\u00fdch a\u017e t\u011b\u017ek\u00fdch mo\u0159sk\u00fdch podm\u00ednk\u00e1ch poskytuje kotva Spek v\u00fdhodu d\u00edky sv\u00e9 odolnosti v\u016f\u010di bo\u010dn\u00edm pohyb\u016fm a schopnosti dr\u017eet pevn\u011b i v m\u011bn\u00edc\u00edch se proudech. D\u00edky t\u011bmto vlastnostem je up\u0159ednost\u0148ovanou volbou v situac\u00edch, kdy je vy\u017eadov\u00e1no bezpe\u010dn\u00e9 ukotven\u00ed navzdory nep\u0159edv\u00eddateln\u00fdm podm\u00ednk\u00e1m prost\u0159ed\u00ed.<\/p>\n<p>Pro kupuj\u00edc\u00ed v n\u00e1mo\u0159n\u00edm a pob\u0159e\u017en\u00edm sektoru jsou kl\u00ed\u010dov\u00fdmi faktory odolnost, snadn\u00e9 nasazen\u00ed a n\u00e1kladov\u00e1 efektivita. Konstrukce kotvy Spek nejen usnad\u0148uje pou\u017eit\u00ed, ale tak\u00e9 sni\u017euje opot\u0159eben\u00ed kotevn\u00edho \u0159et\u011bzu a souvisej\u00edc\u00edho vybaven\u00ed t\u00edm, \u017ee minimalizuje n\u00e1hl\u00e9 ot\u0159esy nebo tahy, ke kter\u00fdm m\u016f\u017ee doch\u00e1zet u m\u00e9n\u011b stabiln\u00edch typ\u016f kotev. Plavidla pluj\u00edc\u00ed v oblastech s p\u00eds\u010dit\u00fdm, bahnit\u00fdm nebo dokonce skalnat\u00fdm mo\u0159sk\u00fdm dnem vyu\u017e\u00edvaj\u00ed v\u00fdhod rychl\u00e9ho a spolehliv\u00e9ho nastaven\u00ed kotvy Spek, proto\u017ee se dob\u0159e p\u0159izp\u016fsobuje r\u016fzn\u00fdm typ\u016fm povrchu.<\/p>\n<p>Ve spole\u010dnosti Qingdao H&amp;F klademe d\u016fraz na poskytov\u00e1n\u00ed produkt\u016f, kter\u00e9 spl\u0148uj\u00ed tyto provozn\u00ed pot\u0159eby, a z\u00e1rove\u0148 nab\u00edz\u00edme v\u00fdhody, kter\u00e9 zvy\u0161uj\u00ed komfort p\u0159i n\u00e1kupu. N\u00e1\u0161 z\u00e1vazek k rychl\u00fdm dodac\u00edm cykl\u016fm zaji\u0161\u0165uje, \u017ee z\u00e1kazn\u00edci mohou okam\u017eit\u011b integrovat nov\u00e9 vybaven\u00ed bez del\u0161\u00edch \u010dekac\u00edch lh\u016ft. Krom\u011b toho prov\u00e1d\u00edme d\u016fkladn\u00e9 testov\u00e1n\u00ed ka\u017ed\u00e9 kotvy Spek a poskytujeme podrobn\u00e9 kontroln\u00ed zpr\u00e1vy, kter\u00e9 potvrzuj\u00ed odolnost, hmotnost a v\u00fdkonnostn\u00ed parametry kotvy. Tato \u00farove\u0148 kontroly kvality je d\u016fle\u017eit\u00e1 zejm\u00e9na pro odb\u011bratele, kte\u0159\u00ed mus\u00ed dodr\u017eovat n\u00e1mo\u0159n\u00ed bezpe\u010dnostn\u00ed normy a vy\u017eaduj\u00ed jasnou dokumentaci k ov\u011b\u0159en\u00ed spolehlivosti za\u0159\u00edzen\u00ed.<\/p>\n<h3>V\u00fdhody v\u00fdb\u011bru kotev Spek od spole\u010dnosti Qingdao H&amp;F<\/h3>\n<p>V\u00fdb\u011br kotvy Spek od spole\u010dnosti Qingdao H&amp;F znamen\u00e1 investici do n\u011b\u010deho v\u00edc ne\u017e jen do v\u00fdrobku; znamen\u00e1 to z\u00edsk\u00e1n\u00ed d\u016fv\u011bryhodn\u00e9ho partnera v oblasti n\u00e1kupu n\u00e1mo\u0159n\u00edho vybaven\u00ed. D\u00edky v\u00edce ne\u017e 20 let\u016fm zku\u0161enost\u00ed v mezin\u00e1rodn\u00edm obchod\u011b si spole\u010dnost Qingdao H&amp;F z\u00edskala pov\u011bst spolehliv\u00e9 firmy, kter\u00e1 db\u00e1 na spokojenost sv\u00fdch z\u00e1kazn\u00edk\u016f. Rozum\u00edme provozn\u00edm po\u017eadavk\u016fm n\u00e1mo\u0159n\u00edho pr\u016fmyslu a sna\u017e\u00edme se je \u0159e\u0161it t\u00edm, \u017ee zaji\u0161\u0165ujeme, aby ka\u017ed\u00e1 kotva nejen spl\u0148ovala p\u0159\u00edsn\u00e9 normy kvality, ale tak\u00e9 odpov\u00eddala specifick\u00fdm po\u017eadavk\u016fm na\u0161ich klient\u016f na pou\u017eit\u00ed.<\/p>\n<p>N\u00e1\u0161 model individu\u00e1ln\u00edho p\u0159\u00edstupu k z\u00e1kazn\u00edk\u016fm n\u00e1s odli\u0161uje od ostatn\u00edch dodavatel\u016f t\u00edm, \u017ee podporuje osobn\u00ed p\u0159\u00edstup ke ka\u017ed\u00e9 transakci. Od po\u010d\u00e1te\u010dn\u00edho dotazu a\u017e po dod\u00e1n\u00ed se klient\u016fm dost\u00e1v\u00e1 specializovan\u00e9 pomoci od na\u0161ich kompetentn\u00edch pracovn\u00edk\u016f, kte\u0159\u00ed poskytuj\u00ed poradenstv\u00ed na z\u00e1klad\u011b pr\u016fmyslov\u00fdch norem a po\u017eadavk\u016f specifick\u00fdch pro danou aplikaci. Nab\u00edz\u00edme nap\u0159\u00edklad poradenstv\u00ed p\u0159i v\u00fdb\u011bru vhodn\u00e9 hmotnosti a velikosti kotvy Spek na z\u00e1klad\u011b typu plavidla a typick\u00fdch n\u00e1mo\u0159n\u00edch podm\u00ednek, \u010d\u00edm\u017e zaji\u0161\u0165ujeme, \u017ee z\u00e1kazn\u00edci p\u0159ij\u00edmaj\u00ed informovan\u00e1 rozhodnut\u00ed, kter\u00e1 zvy\u0161uj\u00ed bezpe\u010dnost a efektivitu provozu.<\/p>\n<p>N\u00e1\u0161 z\u00e1vazek k transparentnosti je d\u00e1le podtr\u017een na\u0161\u00edm rozs\u00e1hl\u00fdm procesem zaji\u0161t\u011bn\u00ed kvality. Ka\u017ed\u00e1 kotva Spek proch\u00e1z\u00ed komplexn\u00edm testov\u00e1n\u00edm, kter\u00e9 ov\u011b\u0159uje faktory, jako je pevnost v tahu, konzistence hmotnosti a odolnost proti korozi. Tyto testovac\u00ed procesy jsou zdokumentov\u00e1ny v podrobn\u00fdch kontroln\u00edch zpr\u00e1v\u00e1ch, kter\u00e9 sd\u00edl\u00edme se z\u00e1kazn\u00edky, a poskytuj\u00ed jim tak jistotu ohledn\u011b trvanlivosti a v\u00fdkonnosti v\u00fdrobku. Na\u0161e efektivn\u00ed logistika a mo\u017enosti dod\u00e1vek ze skladu do skladu nav\u00edc umo\u017e\u0148uj\u00ed v\u010dasn\u00e9 dod\u00e1n\u00ed v\u00fdrobku, co\u017e pom\u00e1h\u00e1 minimalizovat p\u0159eru\u0161en\u00ed provozu klient\u016f a maximalizovat pohodl\u00ed.<\/p>\n<p>Zam\u011b\u0159en\u00ed spole\u010dnosti Qingdao H&amp;F na vynikaj\u00edc\u00ed slu\u017eby a kvalitu v\u00fdrobk\u016f z n\u00e1s \u010din\u00ed ide\u00e1ln\u00ed volbu pro kupuj\u00edc\u00ed, kte\u0159\u00ed hledaj\u00ed nejen robustn\u00ed a spolehliv\u00e9 kotvy, ale tak\u00e9 bezprobl\u00e9mov\u00fd n\u00e1kup.<\/p>","protected":false},"excerpt":{"rendered":"<p>Kotva Spek, kter\u00e1 je z\u00e1kladem n\u00e1mo\u0159n\u00edch aplikac\u00ed, je vysoce cen\u011bna z\u00e1kazn\u00edky, kte\u0159\u00ed hledaj\u00ed rovnov\u00e1hu mezi spolehlivost\u00ed a efektivn\u00edm v\u00fdkonem v r\u016fzn\u00fdch oce\u00e1nsk\u00fdch podm\u00ednk\u00e1ch. Kotva Spek je zn\u00e1m\u00e1 pro svou robustn\u00ed dr\u017e\u00edc\u00ed s\u00edlu a stabilitu a je vhodn\u00e1 zejm\u00e9na pro plavidla na m\u00edrn\u00e9m a\u017e rozbou\u0159en\u00e9m mo\u0159i. Ve spole\u010dnosti Qingdao H&amp;F jdeme je\u0161t\u011b o krok d\u00e1l a poskytujeme individu\u00e1ln\u00ed z\u00e1kaznick\u00fd servis, abychom zajistili, \u017ee ka\u017ed\u00fd z\u00e1kazn\u00edk dostane pokyny \u0161it\u00e9 na m\u00edru jeho specifick\u00fdm po\u017eadavk\u016fm. N\u00e1\u0161 rychl\u00fd dodac\u00ed cyklus zkracuje prostoje, zat\u00edmco na\u0161e \u0159ada kontroln\u00edch zpr\u00e1v o kvalit\u011b nab\u00edz\u00ed kupuj\u00edc\u00edm v\u011bt\u0161\u00ed d\u016fv\u011bru ve spolehlivost a trvanlivost v\u00fdrobku. Profesion\u00e1l\u016fm v n\u00e1mo\u0159n\u00edm pr\u016fmyslu zaji\u0161\u0165uje na\u0161e zam\u011b\u0159en\u00ed na v\u00fdjime\u010dn\u00e9 slu\u017eby a zjednodu\u0161en\u00e9 procesy bezprobl\u00e9mov\u00fd n\u00e1kup.<\/p>","protected":false},"featured_media":8311,"comment_status":"open","ping_status":"closed","template":"","meta":{"site-sidebar-layout":"default","site-content-layout":"","ast-site-content-layout":"default","site-content-style":"default","site-sidebar-style":"default","ast-global-header-display":"","ast-banner-title-visibility":"","ast-main-header-display":"","ast-hfb-above-header-display":"","ast-hfb-below-header-display":"","ast-hfb-mobile-header-display":"","site-post-title":"","ast-breadcrumbs-content":"","ast-featured-img":"","footer-sml-layout":"","theme-transparent-header-meta":"default","adv-header-id-meta":"","stick-header-meta":"default","header-above-stick-meta":"","header-main-stick-meta":"","header-below-stick-meta":"","astra-migrate-meta-layouts":"set","ast-page-background-enabled":"default","ast-page-background-meta":{"desktop":{"background-color":"","background-image":"","background-repeat":"repeat","background-position":"center center","background-size":"auto","background-attachment":"scroll","background-type":"","background-media":"","overlay-type":"","overlay-color":"","overlay-opacity":"","overlay-gradient":""},"tablet":{"background-color":"","background-image":"","background-repeat":"repeat","background-position":"center center","background-size":"auto","background-attachment":"scroll","background-type":"","background-media":"","overlay-type":"","overlay-color":"","overlay-opacity":"","overlay-gradient":""},"mobile":{"background-color":"","background-image":"","background-repeat":"repeat","background-position":"center center","background-size":"auto","background-attachment":"scroll","background-type":"","background-media":"","overlay-type":"","overlay-color":"","overlay-opacity":"","overlay-gradient":""}},"ast-content-background-meta":{"desktop":{"background-color":"var(--ast-global-color-5)","background-image":"","background-repeat":"repeat","background-position":"center center","background-size":"auto","background-attachment":"scroll","background-type":"","background-media":"","overlay-type":"","overlay-color":"","overlay-opacity":"","overlay-gradient":""},"tablet":{"background-color":"var(--ast-global-color-5)","background-image":"","background-repeat":"repeat","background-position":"center center","background-size":"auto","background-attachment":"scroll","background-type":"","background-media":"","overlay-type":"","overlay-color":"","overlay-opacity":"","overlay-gradient":""},"mobile":{"background-color":"var(--ast-global-color-5)","background-image":"","background-repeat":"repeat","background-position":"center center","background-size":"auto","background-attachment":"scroll","background-type":"","background-media":"","overlay-type":"","overlay-color":"","overlay-opacity":"","overlay-gradient":""}}},"product_brand":[],"product_cat":[74],"product_tag":[],"class_list":{"0":"post-8310","1":"product","2":"type-product","3":"status-publish","4":"has-post-thumbnail","6":"product_cat-boat-anchor","7":"desktop-align-left","8":"tablet-align-left","9":"mobile-align-left","10":"ast-product-gallery-layout-horizontal-slider","11":"ast-product-tabs-layout-horizontal","13":"first","14":"instock","15":"shipping-taxable","16":"purchasable","17":"product-type-simple"},"yoast_head":"<!-- This site is optimized with the Yoast SEO plugin v25.2 - https:\/\/yoast.com\/wordpress\/plugins\/seo\/ -->\n<title>Spek Anchor Stockless Anchor<\/title>\n<meta name=\"robots\" content=\"index, follow, max-snippet:-1, max-image-preview:large, max-video-preview:-1\" \/>\n<link rel=\"canonical\" href=\"https:\/\/qingdaohf.com\/cs\/produkt\/kotva-spek-bez-zasob\/\" \/>\n<meta property=\"og:locale\" content=\"cs_CZ\" \/>\n<meta property=\"og:type\" content=\"article\" \/>\n<meta property=\"og:title\" content=\"Spek Anchor Stockless Anchor\" \/>\n<meta property=\"og:description\" content=\"The Spek Anchor, a staple in marine applications, is highly valued by buyers seeking a balance of reliability and efficient performance in diverse ocean conditions. Known for its robust holding power and stability, the Spek Anchor is particularly well-suited for vessels in moderate to rough seas. At Qingdao H&amp;F, we go a step further by providing one-on-one customer service to ensure each client receives guidance tailored to their specific requirements. Our fast delivery cycle reduces downtime, while our range of quality inspection reports offers buyers added confidence in product reliability and durability. For marine industry professionals, our focus on exceptional service and streamlined processes ensures a seamless purchasing experience.\" \/>\n<meta property=\"og:url\" content=\"https:\/\/qingdaohf.com\/cs\/produkt\/kotva-spek-bez-zasob\/\" \/>\n<meta property=\"og:site_name\" content=\"Concrete Form &amp; Rigging Hardware Supplier\" \/>\n<meta property=\"article:publisher\" content=\"https:\/\/www.facebook.com\/qingdaohf\" \/>\n<meta property=\"article:modified_time\" content=\"2025-11-13T01:02:52+00:00\" \/>\n<meta property=\"og:image\" content=\"https:\/\/qingdaohf.com\/wp-content\/uploads\/2024\/11\/spek-anchor.jpg\" \/>\n\t<meta property=\"og:image:width\" content=\"1000\" \/>\n\t<meta property=\"og:image:height\" content=\"1000\" \/>\n\t<meta property=\"og:image:type\" content=\"image\/jpeg\" \/>\n<meta name=\"twitter:card\" content=\"summary_large_image\" \/>\n<meta name=\"twitter:label1\" content=\"Odhadovan\u00e1 doba \u010dten\u00ed\" \/>\n\t<meta name=\"twitter:data1\" content=\"5 minut\" \/>\n<script type=\"application\/ld+json\" class=\"yoast-schema-graph\">{\"@context\":\"https:\/\/schema.org\",\"@graph\":[{\"@type\":\"WebPage\",\"@id\":\"https:\/\/qingdaohf.com\/product\/spek-anchor-stockless-anchor\/\",\"url\":\"https:\/\/qingdaohf.com\/product\/spek-anchor-stockless-anchor\/\",\"name\":\"Spek Anchor Stockless Anchor\",\"isPartOf\":{\"@id\":\"https:\/\/qingdaohf.com\/bg\/#website\"},\"primaryImageOfPage\":{\"@id\":\"https:\/\/qingdaohf.com\/product\/spek-anchor-stockless-anchor\/#primaryimage\"},\"image\":{\"@id\":\"https:\/\/qingdaohf.com\/product\/spek-anchor-stockless-anchor\/#primaryimage\"},\"thumbnailUrl\":\"https:\/\/qingdaohf.com\/wp-content\/uploads\/2024\/11\/spek-anchor.jpg\",\"datePublished\":\"2024-11-07T06:33:56+00:00\",\"dateModified\":\"2025-11-13T01:02:52+00:00\",\"breadcrumb\":{\"@id\":\"https:\/\/qingdaohf.com\/product\/spek-anchor-stockless-anchor\/#breadcrumb\"},\"inLanguage\":\"cs\",\"potentialAction\":[{\"@type\":\"ReadAction\",\"target\":[\"https:\/\/qingdaohf.com\/product\/spek-anchor-stockless-anchor\/\"]}]},{\"@type\":\"ImageObject\",\"inLanguage\":\"cs\",\"@id\":\"https:\/\/qingdaohf.com\/product\/spek-anchor-stockless-anchor\/#primaryimage\",\"url\":\"https:\/\/qingdaohf.com\/wp-content\/uploads\/2024\/11\/spek-anchor.jpg\",\"contentUrl\":\"https:\/\/qingdaohf.com\/wp-content\/uploads\/2024\/11\/spek-anchor.jpg\",\"width\":1000,\"height\":1000,\"caption\":\"spek anchor\"},{\"@type\":\"BreadcrumbList\",\"@id\":\"https:\/\/qingdaohf.com\/product\/spek-anchor-stockless-anchor\/#breadcrumb\",\"itemListElement\":[{\"@type\":\"ListItem\",\"position\":1,\"name\":\"Home\",\"item\":\"https:\/\/qingdaohf.com\/\"},{\"@type\":\"ListItem\",\"position\":2,\"name\":\"Concrete Forming Accessories and Rigging Hardware\",\"item\":\"https:\/\/qingdaohf.com\/bg\/?page_id=944\"},{\"@type\":\"ListItem\",\"position\":3,\"name\":\"Spek Anchor Stockless Anchor\"}]},{\"@type\":\"WebSite\",\"@id\":\"https:\/\/qingdaohf.com\/bg\/#website\",\"url\":\"https:\/\/qingdaohf.com\/bg\/\",\"name\":\"Concrete Form & Rigging Hardware Supplier\",\"description\":\"\",\"publisher\":{\"@id\":\"https:\/\/qingdaohf.com\/bg\/#organization\"},\"potentialAction\":[{\"@type\":\"SearchAction\",\"target\":{\"@type\":\"EntryPoint\",\"urlTemplate\":\"https:\/\/qingdaohf.com\/bg\/?s={search_term_string}\"},\"query-input\":{\"@type\":\"PropertyValueSpecification\",\"valueRequired\":true,\"valueName\":\"search_term_string\"}}],\"inLanguage\":\"cs\"},{\"@type\":\"Organization\",\"@id\":\"https:\/\/qingdaohf.com\/bg\/#organization\",\"name\":\"Qingdao H&F\",\"url\":\"https:\/\/qingdaohf.com\/bg\/\",\"logo\":{\"@type\":\"ImageObject\",\"inLanguage\":\"cs\",\"@id\":\"https:\/\/qingdaohf.com\/bg\/#\/schema\/logo\/image\/\",\"url\":\"https:\/\/qingdaohf.com\/wp-content\/uploads\/2022\/12\/cropped-HF-LOGO.png\",\"contentUrl\":\"https:\/\/qingdaohf.com\/wp-content\/uploads\/2022\/12\/cropped-HF-LOGO.png\",\"width\":391,\"height\":249,\"caption\":\"Qingdao H&F\"},\"image\":{\"@id\":\"https:\/\/qingdaohf.com\/bg\/#\/schema\/logo\/image\/\"},\"sameAs\":[\"https:\/\/www.facebook.com\/qingdaohf\"]}]}<\/script>\n<!-- \/ Yoast SEO plugin. -->","yoast_head_json":{"title":"Spek Anchor Stockless Anchor","robots":{"index":"index","follow":"follow","max-snippet":"max-snippet:-1","max-image-preview":"max-image-preview:large","max-video-preview":"max-video-preview:-1"},"canonical":"https:\/\/qingdaohf.com\/cs\/produkt\/kotva-spek-bez-zasob\/","og_locale":"cs_CZ","og_type":"article","og_title":"Spek Anchor Stockless Anchor","og_description":"The Spek Anchor, a staple in marine applications, is highly valued by buyers seeking a balance of reliability and efficient performance in diverse ocean conditions. Known for its robust holding power and stability, the Spek Anchor is particularly well-suited for vessels in moderate to rough seas. At Qingdao H&amp;F, we go a step further by providing one-on-one customer service to ensure each client receives guidance tailored to their specific requirements. Our fast delivery cycle reduces downtime, while our range of quality inspection reports offers buyers added confidence in product reliability and durability. For marine industry professionals, our focus on exceptional service and streamlined processes ensures a seamless purchasing experience.","og_url":"https:\/\/qingdaohf.com\/cs\/produkt\/kotva-spek-bez-zasob\/","og_site_name":"Concrete Form &amp; Rigging Hardware Supplier","article_publisher":"https:\/\/www.facebook.com\/qingdaohf","article_modified_time":"2025-11-13T01:02:52+00:00","og_image":[{"width":1000,"height":1000,"url":"https:\/\/qingdaohf.com\/wp-content\/uploads\/2024\/11\/spek-anchor.jpg","type":"image\/jpeg"}],"twitter_card":"summary_large_image","twitter_misc":{"Odhadovan\u00e1 doba \u010dten\u00ed":"5 minut"},"schema":{"@context":"https:\/\/schema.org","@graph":[{"@type":"WebPage","@id":"https:\/\/qingdaohf.com\/product\/spek-anchor-stockless-anchor\/","url":"https:\/\/qingdaohf.com\/product\/spek-anchor-stockless-anchor\/","name":"Spek Anchor Stockless Anchor","isPartOf":{"@id":"https:\/\/qingdaohf.com\/bg\/#website"},"primaryImageOfPage":{"@id":"https:\/\/qingdaohf.com\/product\/spek-anchor-stockless-anchor\/#primaryimage"},"image":{"@id":"https:\/\/qingdaohf.com\/product\/spek-anchor-stockless-anchor\/#primaryimage"},"thumbnailUrl":"https:\/\/qingdaohf.com\/wp-content\/uploads\/2024\/11\/spek-anchor.jpg","datePublished":"2024-11-07T06:33:56+00:00","dateModified":"2025-11-13T01:02:52+00:00","breadcrumb":{"@id":"https:\/\/qingdaohf.com\/product\/spek-anchor-stockless-anchor\/#breadcrumb"},"inLanguage":"cs","potentialAction":[{"@type":"ReadAction","target":["https:\/\/qingdaohf.com\/product\/spek-anchor-stockless-anchor\/"]}]},{"@type":"ImageObject","inLanguage":"cs","@id":"https:\/\/qingdaohf.com\/product\/spek-anchor-stockless-anchor\/#primaryimage","url":"https:\/\/qingdaohf.com\/wp-content\/uploads\/2024\/11\/spek-anchor.jpg","contentUrl":"https:\/\/qingdaohf.com\/wp-content\/uploads\/2024\/11\/spek-anchor.jpg","width":1000,"height":1000,"caption":"spek anchor"},{"@type":"BreadcrumbList","@id":"https:\/\/qingdaohf.com\/product\/spek-anchor-stockless-anchor\/#breadcrumb","itemListElement":[{"@type":"ListItem","position":1,"name":"Home","item":"https:\/\/qingdaohf.com\/"},{"@type":"ListItem","position":2,"name":"Concrete Forming Accessories and Rigging Hardware","item":"https:\/\/qingdaohf.com\/bg\/?page_id=944"},{"@type":"ListItem","position":3,"name":"Spek Anchor Stockless Anchor"}]},{"@type":"WebSite","@id":"https:\/\/qingdaohf.com\/bg\/#website","url":"https:\/\/qingdaohf.com\/bg\/","name":"Concrete Form & Rigging Hardware Supplier","description":"","publisher":{"@id":"https:\/\/qingdaohf.com\/bg\/#organization"},"potentialAction":[{"@type":"SearchAction","target":{"@type":"EntryPoint","urlTemplate":"https:\/\/qingdaohf.com\/bg\/?s={search_term_string}"},"query-input":{"@type":"PropertyValueSpecification","valueRequired":true,"valueName":"search_term_string"}}],"inLanguage":"cs"},{"@type":"Organization","@id":"https:\/\/qingdaohf.com\/bg\/#organization","name":"Qingdao H&F","url":"https:\/\/qingdaohf.com\/bg\/","logo":{"@type":"ImageObject","inLanguage":"cs","@id":"https:\/\/qingdaohf.com\/bg\/#\/schema\/logo\/image\/","url":"https:\/\/qingdaohf.com\/wp-content\/uploads\/2022\/12\/cropped-HF-LOGO.png","contentUrl":"https:\/\/qingdaohf.com\/wp-content\/uploads\/2022\/12\/cropped-HF-LOGO.png","width":391,"height":249,"caption":"Qingdao H&F"},"image":{"@id":"https:\/\/qingdaohf.com\/bg\/#\/schema\/logo\/image\/"},"sameAs":["https:\/\/www.facebook.com\/qingdaohf"]}]}},"_links":{"self":[{"href":"https:\/\/qingdaohf.com\/cs\/wp-json\/wp\/v2\/product\/8310","targetHints":{"allow":["GET"]}}],"collection":[{"href":"https:\/\/qingdaohf.com\/cs\/wp-json\/wp\/v2\/product"}],"about":[{"href":"https:\/\/qingdaohf.com\/cs\/wp-json\/wp\/v2\/types\/product"}],"replies":[{"embeddable":true,"href":"https:\/\/qingdaohf.com\/cs\/wp-json\/wp\/v2\/comments?post=8310"}],"version-history":[{"count":1,"href":"https:\/\/qingdaohf.com\/cs\/wp-json\/wp\/v2\/product\/8310\/revisions"}],"predecessor-version":[{"id":8319,"href":"https:\/\/qingdaohf.com\/cs\/wp-json\/wp\/v2\/product\/8310\/revisions\/8319"}],"wp:featuredmedia":[{"embeddable":true,"href":"https:\/\/qingdaohf.com\/cs\/wp-json\/wp\/v2\/media\/8311"}],"wp:attachment":[{"href":"https:\/\/qingdaohf.com\/cs\/wp-json\/wp\/v2\/media?parent=8310"}],"wp:term":[{"taxonomy":"product_brand","embeddable":true,"href":"https:\/\/qingdaohf.com\/cs\/wp-json\/wp\/v2\/product_brand?post=8310"},{"taxonomy":"product_cat","embeddable":true,"href":"https:\/\/qingdaohf.com\/cs\/wp-json\/wp\/v2\/product_cat?post=8310"},{"taxonomy":"product_tag","embeddable":true,"href":"https:\/\/qingdaohf.com\/cs\/wp-json\/wp\/v2\/product_tag?post=8310"}],"curies":[{"name":"wp","href":"https:\/\/api.w.org\/{rel}","templated":true}]}}