{"id":8418,"date":"2024-11-29T16:19:54","date_gmt":"2024-11-29T08:19:54","guid":{"rendered":"http:\/\/qingdaohf.com\/?post_type=product&#038;p=8418"},"modified":"2025-11-13T09:02:52","modified_gmt":"2025-11-13T01:02:52","slug":"boat-ladder","status":"publish","type":"product","link":"https:\/\/qingdaohf.com\/cs\/produkt\/lodni-zebrik-2\/","title":{"rendered":"Lodn\u00ed \u017eeb\u0159\u00edk"},"content":{"rendered":"<h3>\u00daloha lodn\u00edch \u017eeb\u0159\u00edk\u016f pro bezpe\u010dnost a pohodl\u00ed na mo\u0159i<\/h3>\n<p>Vod\u00e1ck\u00e9 \u017eeb\u0159\u00edky jsou nezbytn\u00fdm p\u0159\u00edslu\u0161enstv\u00edm vodn\u00edch plavidel, kter\u00e9 zaji\u0161\u0165uje snadn\u00fd a bezpe\u010dn\u00fd p\u0159\u00edstup na plavidlo za v\u0161ech podm\u00ednek. A\u0165 u\u017e se jedn\u00e1 o rekrea\u010dn\u00ed plavbu, profesion\u00e1ln\u00ed pot\u00e1p\u011bn\u00ed nebo sportovn\u00ed rybolov, tyto \u017eeb\u0159\u00edky p\u0159eklenuj\u00ed propast mezi vodou a palubou. Jejich konstrukce mus\u00ed zohled\u0148ovat jak stabilitu, tak lehkou konstrukci, proto\u017ee mus\u00ed \u010delit vysok\u00e9mu vystaven\u00ed vlhkosti, UV z\u00e1\u0159en\u00ed a n\u011bkdy i velmi drsn\u00e9mu mo\u0159sk\u00e9mu prost\u0159ed\u00ed. V\u00fdb\u011br lodn\u00edho \u017eeb\u0159\u00edku m\u016f\u017ee v\u00fdrazn\u011b ovlivnit celkov\u00fd z\u00e1\u017eitek z plavby; prvot\u0159\u00eddn\u00ed konstrukce zaji\u0161\u0165uj\u00ed snadn\u00e9 pou\u017e\u00edv\u00e1n\u00ed a trval\u00fd v\u00fdkon.<\/p>\n<p>Spole\u010dnost Qingdao H&amp;F si uv\u011bdomuje d\u016fle\u017eitost funk\u010dnosti a odolnosti lodn\u00edch \u017eeb\u0159\u00edk\u016f. D\u00edky rozs\u00e1hl\u00e9 obchodn\u00ed s\u00edti a p\u0159\u00edsn\u00e9mu syst\u00e9mu kontroly kvality zaji\u0161\u0165ujeme, \u017ee na\u0161e v\u00fdrobky jsou na nejlep\u0161\u00ed mo\u017en\u00e9 \u00farovni. Na\u0161e rozmanit\u00e1 nab\u00eddka vyhovuje r\u016fzn\u00fdm druh\u016fm plavidel a po\u017eadavk\u016fm u\u017eivatel\u016f a poskytuje spolehliv\u00e9 \u0159e\u0161en\u00ed pro profesion\u00e1ln\u00ed i rekrea\u010dn\u00ed pou\u017eit\u00ed v n\u00e1mo\u0159n\u00edm sektoru.<\/p>\n<h3>Zkoum\u00e1n\u00ed odr\u016fd lodn\u00edch \u017eeb\u0159\u00edk\u016f<\/h3>\n<p>Pro ka\u017ed\u00fd konkr\u00e9tn\u00ed \u00fa\u010del existuj\u00ed lodn\u00ed \u017eeb\u0159\u00edky r\u016fzn\u011b navr\u017een\u00e9 pro r\u016fzn\u00e9 n\u00e1mo\u0159n\u00ed \u010dinnosti. Nap\u0159\u00edklad skl\u00e1dac\u00ed \u017eeb\u0159\u00edky p\u0159edstavuj\u00ed vynikaj\u00edc\u00ed \u0159e\u0161en\u00ed pro \u00fasporu m\u00edsta na men\u0161\u00edch plavidlech. Jejich kompaktn\u00ed konstrukce neub\u00edr\u00e1 na funk\u010dnosti a nab\u00edz\u00ed robustn\u00ed sch\u016fdky a protiskluzov\u00e9 prvky pro bezpe\u010dn\u00e9 nastupov\u00e1n\u00ed. Na druhou stranu teleskopick\u00e9 \u017eeb\u0159\u00edky jsou velmi uzn\u00e1van\u00e9 pro svou flexibilitu, kdy se mohou vysunout na libovolnou d\u00e9lku, a p\u0159esto se \u00fahledn\u011b zasunou, kdy\u017e se nepou\u017e\u00edvaj\u00ed. Pevn\u00e9 \u017eeb\u0159\u00edky jsou sice m\u00e9n\u011b univerz\u00e1ln\u00ed, ale nab\u00edzej\u00ed bezkonkuren\u010dn\u00ed stabilitu pro v\u011bt\u0161\u00ed plavidla, kde je mo\u017en\u00e1 trval\u00e1 instalace.<\/p>\n<p>V\u00fdb\u011br materi\u00e1lu se zde st\u00e1v\u00e1 rozhoduj\u00edc\u00edm a nerezov\u00e1 ocel je prominentn\u00ed d\u00edky sv\u00fdm odoln\u00fdm vlastnostem proti korozi a opot\u0159eben\u00ed. Sch\u016fdky s protiskluzovou strukturou zvy\u0161uj\u00ed p\u0159ilnavost a sni\u017euj\u00ed mo\u017enost uklouznut\u00ed p\u0159i namo\u010den\u00ed sch\u016fdk\u016f. V\u011bt\u0161ina kupuj\u00edc\u00edch hled\u00e1 \u017eeb\u0159\u00edky, kter\u00e9 by mohly spojit inovativn\u00ed design a funk\u010dnost a zajistit, aby spl\u0148ovaly estetick\u00e9 a funk\u010dn\u00ed pot\u0159eby jejich plavidel. Ve spole\u010dnosti Qingdao H&amp;F jsme hrd\u00ed na to, \u017ee t\u011bmto priorit\u00e1m rozum\u00edme a nab\u00edz\u00edme \u0159adu odoln\u00fdch a \u00fa\u010dinn\u00fdch lodn\u00edch \u017eeb\u0159\u00edk\u016f.<\/p>\n<h3>Pro\u010d si vybrat Qingdao H&amp;F pro lodn\u00ed \u017eeb\u0159\u00edky<\/h3>\n<p>Na\u0161e obchodn\u00ed spole\u010dnost se odli\u0161uje t\u00edm, \u017ee klade d\u016fraz na kvalitu a spokojenost z\u00e1kazn\u00edk\u016f p\u0159i ka\u017ed\u00e9 interakci. Od prvn\u00ed konzultace a\u017e po podporu po n\u00e1kupu nab\u00edz\u00edme individu\u00e1ln\u00ed slu\u017eby na m\u00edru, abychom se ujistili, \u017ee kupuj\u00edc\u00ed naleznou to nejlep\u0161\u00ed pro sv\u00e9 n\u00e1mo\u0159n\u00ed po\u017eadavky. V\u0161echny \u017eeb\u0159\u00edky jsou p\u0159\u00edsn\u011b testov\u00e1ny a jsou poskytov\u00e1ny podrobn\u00e9 zpr\u00e1vy o kontrole kvality, abychom na\u0161e z\u00e1kazn\u00edky ujistili o na\u0161em z\u00e1vazku k dokonalosti.<\/p>\n<p>Dal\u0161\u00edm charakteristick\u00fdm znakem slu\u017eeb spole\u010dnosti Qingdao H&amp;F je rychl\u00fd dodac\u00ed cyklus. V oboru, kde m\u016f\u017ee \u010das ovlivnit harmonogramy projekt\u016f a rekrea\u010dn\u00ed pl\u00e1ny, zaji\u0161\u0165ujeme, aby se v\u00fdrobky dostaly ke klient\u016fm okam\u017eit\u011b. Krom\u011b logistick\u00e9 efektivity se i nad\u00e1le zam\u011b\u0159ujeme na budov\u00e1n\u00ed trval\u00e9ho partnerstv\u00ed s klienty zalo\u017een\u00e9ho na d\u016fv\u011b\u0159e, transparentnosti a \u0159e\u0161en\u00edch \u0161it\u00fdch na m\u00edru.<\/p>\n<p>Vod\u00e1ck\u00e9 \u017eeb\u0159\u00edky nejsou pouh\u00fdm dopl\u0148kem; jsou sou\u010d\u00e1st\u00ed toho, co ur\u010duje bezpe\u010dnost a p\u0159\u00edstupnost na vod\u011b. Kombinace funk\u010dn\u00edho designu, pevn\u00fdch materi\u00e1l\u016f a spolehliv\u00e9ho v\u00fdkonu p\u0159inesla produktovou \u0159adu, kter\u00e1 vyhov\u00ed v\u0161em druh\u016fm pot\u0159eb v n\u00e1mo\u0159n\u00edm sv\u011bt\u011b. Spolupracujte s n\u00e1mi a bu\u010fte si jisti nejlep\u0161\u00edm produktem a bezkonkuren\u010dn\u00edmi zku\u0161enostmi s n\u00e1kupem, kter\u00e9 podtrhuje rychl\u00fd servis a spolehliv\u00e1 kvalita.<\/p>","protected":false},"excerpt":{"rendered":"<div class=\"InputContainer_userInputWrapper__WcJ_k\">\n<div class=\"ParaphraseButton_wrapper__7guiI InputContainer_paraphraseButton__Z9w4R\">\n<div class=\"ParaphraseButton_paraphraseContainer__OxC0W\"><span class=\"Editor_t__not_edited__WuRP8\" style=\"font-size: 16px;\">Lodn\u00ed \u017eeb\u0159\u00edky jsou <\/span><span class=\"Editor_t__added__LtuNJ\" style=\"font-size: 16px;\">d\u016fle\u017eit\u00e9<\/span><span class=\"Editor_t__not_edited__WuRP8\" style=\"font-size: 16px;\">\u00a0pro\u00a0<\/span><span class=\"Editor_t__added__LtuNJ\" style=\"font-size: 16px;\">snadno<\/span><span class=\"Editor_t__not_edited__WuRP8\" style=\"font-size: 16px;\">\u00a0<\/span><span class=\"Editor_t__added__LtuNJ\" style=\"font-size: 16px;\">nalod\u011bn\u00ed<\/span><span class=\"Editor_t__not_edited__WuRP8\" style=\"font-size: 16px;\">\u00a0a\u00a0<\/span><span class=\"Editor_t__added__LtuNJ\" style=\"font-size: 16px;\">vylod\u011bn\u00ed<\/span><span class=\"Editor_t__not_edited_long__JuNNx\" style=\"font-size: 16px;\">, kter\u00e1 nab\u00edz\u00ed bezpe\u010dnost a pohodl\u00ed n\u00e1mo\u0159n\u00edm nad\u0161enc\u016fm.\u00a0<\/span><span class=\"Editor_t__added__LtuNJ\" style=\"font-size: 16px;\">Mezi vlastnosti, kter\u00e9\u00a0<\/span><span class=\"Editor_t__not_edited__WuRP8\" style=\"font-size: 16px;\">kupuj\u00edc\u00ed\u00a0<\/span><span class=\"Editor_t__added__LtuNJ\" style=\"font-size: 16px;\">obvykle<\/span><span class=\"Editor_t__not_edited__WuRP8\" style=\"font-size: 16px;\">\u00a0<\/span><span class=\"Editor_t__added__LtuNJ\" style=\"font-size: 16px;\">pod\u00edvejte se na<\/span><span class=\"Editor_t__not_edited__WuRP8\" style=\"font-size: 16px;\">\u00a0<\/span><span class=\"Editor_t__added__LtuNJ\" style=\"font-size: 16px;\">pro<\/span><span class=\"Editor_t__not_edited__WuRP8\" style=\"font-size: 16px;\">\u00a0<\/span><span class=\"Editor_t__added__LtuNJ\" style=\"font-size: 16px;\">ve v\u00fdrobku jsou trvanlivost<\/span><span class=\"Editor_t__not_edited__WuRP8\" style=\"font-size: 16px;\">, protiskluzov\u00fd\u00a0<\/span><span class=\"Editor_t__added__LtuNJ\" style=\"font-size: 16px;\">design<\/span><span class=\"Editor_t__not_edited__WuRP8\" style=\"font-size: 16px;\">a snadn\u00e9 skladov\u00e1n\u00ed<\/span><span class=\"Editor_t__added__LtuNJ\" style=\"font-size: 16px;\">,<\/span><span class=\"Editor_t__not_edited__WuRP8\" style=\"font-size: 16px;\">\u00a0<\/span><span class=\"Editor_t__added__LtuNJ\" style=\"font-size: 16px;\">vzhledem k<\/span><span class=\"Editor_t__not_edited__WuRP8\" style=\"font-size: 16px;\">\u00a0<\/span><span class=\"Editor_t__not_edited_long__JuNNx\" style=\"font-size: 16px;\">probl\u00e9my spojen\u00e9 s vystaven\u00edm slan\u00e9 vod\u011b a omezen\u00fdm prostorem na palub\u011b. Qingdao H&amp;F\u00a0<\/span><span class=\"Editor_t__added__LtuNJ\" style=\"font-size: 16px;\">funguje<\/span><span class=\"Editor_t__not_edited__WuRP8\" style=\"font-size: 16px;\">\u00a0<\/span><span class=\"Editor_t__added__LtuNJ\" style=\"font-size: 16px;\">zajistit, aby\u00a0<\/span><span class=\"Editor_t__not_edited__WuRP8\" style=\"font-size: 16px;\">tyto\u00a0<\/span><span class=\"Editor_t__added__LtuNJ\" style=\"font-size: 16px;\">po\u017eadavky<\/span><span class=\"Editor_t__not_edited__WuRP8\" style=\"font-size: 16px;\">\u00a0jsou\u00a0<\/span><span class=\"Editor_t__added__LtuNJ\" style=\"font-size: 16px;\">spokojen\u00fd<\/span><span class=\"Editor_t__not_edited__WuRP8\" style=\"font-size: 16px;\">\u00a0podle\u00a0<\/span><span class=\"Editor_t__added__LtuNJ\" style=\"font-size: 16px;\">poskytov\u00e1n\u00ed<\/span><span class=\"Editor_t__not_edited__WuRP8\" style=\"font-size: 16px;\">\u00a0<\/span><span class=\"Editor_t__added__LtuNJ\" style=\"font-size: 16px;\">z\u00e1kazn\u00edky s\u00a0<\/span><span class=\"Editor_t__not_edited__WuRP8\" style=\"font-size: 16px;\">vysoce kvalitn\u00ed lodn\u00ed \u017eeb\u0159\u00edky\u00a0<\/span><span class=\"Editor_t__added__LtuNJ\" style=\"font-size: 16px;\">podporovan\u00fd<\/span><span class=\"Editor_t__not_edited_long__JuNNx\" style=\"font-size: 16px;\">\u00a0komplexn\u00edmi zpr\u00e1vami o kontrol\u00e1ch kvality.\u00a0<\/span><span class=\"Editor_t__added__LtuNJ\" style=\"font-size: 16px;\">S<\/span><span class=\"Editor_t__not_edited__WuRP8\" style=\"font-size: 16px;\">\u00a0individu\u00e1ln\u00ed z\u00e1kaznick\u00fd servis<\/span><span class=\"Editor_t__added__LtuNJ\" style=\"font-size: 16px;\">,<\/span><span class=\"Editor_t__not_edited__WuRP8\" style=\"font-size: 16px;\">\u00a0<\/span><span class=\"Editor_t__not_edited__WuRP8\" style=\"font-size: 16px;\">\u0159e\u0161en\u00ed<\/span><span class=\"Editor_t__not_edited__WuRP8\" style=\"font-size: 16px;\">\u00a0<\/span><span class=\"Editor_t__added__LtuNJ\" style=\"font-size: 16px;\">jsou<\/span><span class=\"Editor_t__not_edited__WuRP8\" style=\"font-size: 16px;\">\u00a0<\/span><span class=\"Editor_t__added__LtuNJ\" style=\"font-size: 16px;\">na m\u00edru;<\/span><span class=\"Editor_t__not_edited__WuRP8\" style=\"font-size: 16px;\">\u00a0rychl\u00e9 dod\u00e1n\u00ed\u00a0<\/span><span class=\"Editor_t__added__LtuNJ\" style=\"font-size: 16px;\">cykly<\/span><span class=\"Editor_t__not_edited__WuRP8\" style=\"font-size: 16px;\">\u00a0<\/span><span class=\"Editor_t__added__LtuNJ\" style=\"font-size: 16px;\">pr\u016fm\u011br<\/span><span class=\"Editor_t__not_edited__WuRP8\" style=\"font-size: 16px;\">\u00a0prostoje<\/span><span class=\"Editor_t__added__LtuNJ\" style=\"font-size: 16px;\">\u00a0je minim\u00e1ln\u00ed<\/span><span class=\"Editor_t__not_edited__WuRP8\" style=\"font-size: 16px;\">,\u00a0<\/span><span class=\"Editor_t__added__LtuNJ\" style=\"font-size: 16px;\">tak\u017ee<\/span><span class=\"Editor_t__not_edited__WuRP8\" style=\"font-size: 16px;\">\u00a0ka\u017ed\u00fd n\u00e1kup\u00a0<\/span><span class=\"Editor_t__added__LtuNJ\" style=\"font-size: 16px;\">z\u00edsk\u00e1<\/span><span class=\"Editor_t__not_edited__WuRP8\" style=\"font-size: 16px;\">\u00a0<\/span><span class=\"Editor_t__added__LtuNJ\" style=\"font-size: 16px;\">na\u0161e<\/span><span class=\"Editor_t__not_edited__WuRP8\" style=\"font-size: 16px;\">\u00a0<\/span><span class=\"Editor_t__added__LtuNJ\" style=\"font-size: 16px;\">z\u00e1kazn\u00edk jedna\u00a0<\/span><span class=\"Editor_t__not_edited__WuRP8\" style=\"font-size: 16px;\">krok\u00a0<\/span><span class=\"Editor_t__added__LtuNJ\" style=\"font-size: 16px;\">bl\u00ed\u017ee<\/span><span class=\"Editor_t__not_edited__WuRP8\" style=\"font-size: 16px;\">\u00a0<\/span><span class=\"Editor_t__added__LtuNJ\" style=\"font-size: 16px;\">na<\/span><span class=\"Editor_t__not_edited__WuRP8\" style=\"font-size: 16px;\">\u00a0<\/span><span class=\"Editor_t__added__LtuNJ\" style=\"font-size: 16px;\">lep\u0161\u00ed\u00a0<\/span><span class=\"Editor_t__not_edited__WuRP8\" style=\"font-size: 16px;\">n\u00e1mo\u0159n\u00ed zku\u0161enosti.<\/span><\/div>\n<\/div>\n<\/div>","protected":false},"featured_media":8425,"comment_status":"open","ping_status":"closed","template":"","meta":{"site-sidebar-layout":"default","site-content-layout":"","ast-site-content-layout":"default","site-content-style":"default","site-sidebar-style":"default","ast-global-header-display":"","ast-banner-title-visibility":"","ast-main-header-display":"","ast-hfb-above-header-display":"","ast-hfb-below-header-display":"","ast-hfb-mobile-header-display":"","site-post-title":"","ast-breadcrumbs-content":"","ast-featured-img":"","footer-sml-layout":"","theme-transparent-header-meta":"default","adv-header-id-meta":"","stick-header-meta":"default","header-above-stick-meta":"","header-main-stick-meta":"","header-below-stick-meta":"","astra-migrate-meta-layouts":"set","ast-page-background-enabled":"default","ast-page-background-meta":{"desktop":{"background-color":"","background-image":"","background-repeat":"repeat","background-position":"center center","background-size":"auto","background-attachment":"scroll","background-type":"","background-media":"","overlay-type":"","overlay-color":"","overlay-opacity":"","overlay-gradient":""},"tablet":{"background-color":"","background-image":"","background-repeat":"repeat","background-position":"center center","background-size":"auto","background-attachment":"scroll","background-type":"","background-media":"","overlay-type":"","overlay-color":"","overlay-opacity":"","overlay-gradient":""},"mobile":{"background-color":"","background-image":"","background-repeat":"repeat","background-position":"center center","background-size":"auto","background-attachment":"scroll","background-type":"","background-media":"","overlay-type":"","overlay-color":"","overlay-opacity":"","overlay-gradient":""}},"ast-content-background-meta":{"desktop":{"background-color":"var(--ast-global-color-5)","background-image":"","background-repeat":"repeat","background-position":"center center","background-size":"auto","background-attachment":"scroll","background-type":"","background-media":"","overlay-type":"","overlay-color":"","overlay-opacity":"","overlay-gradient":""},"tablet":{"background-color":"var(--ast-global-color-5)","background-image":"","background-repeat":"repeat","background-position":"center center","background-size":"auto","background-attachment":"scroll","background-type":"","background-media":"","overlay-type":"","overlay-color":"","overlay-opacity":"","overlay-gradient":""},"mobile":{"background-color":"var(--ast-global-color-5)","background-image":"","background-repeat":"repeat","background-position":"center center","background-size":"auto","background-attachment":"scroll","background-type":"","background-media":"","overlay-type":"","overlay-color":"","overlay-opacity":"","overlay-gradient":""}}},"product_brand":[],"product_cat":[44],"product_tag":[],"class_list":{"0":"post-8418","1":"product","2":"type-product","3":"status-publish","4":"has-post-thumbnail","6":"product_cat-stainless-steel-poduct","7":"desktop-align-left","8":"tablet-align-left","9":"mobile-align-left","10":"ast-product-gallery-layout-horizontal-slider","11":"ast-product-tabs-layout-horizontal","13":"first","14":"instock","15":"shipping-taxable","16":"purchasable","17":"product-type-simple"},"yoast_head":"<!-- This site is optimized with the Yoast SEO plugin v25.2 - https:\/\/yoast.com\/wordpress\/plugins\/seo\/ -->\n<title>Boat Ladder<\/title>\n<meta name=\"description\" content=\"Boat ladders are important\u00a0for\u00a0easy\u00a0embarkation\u00a0and\u00a0disembarkation, offering both safety and convenience to marine enthusiasts.\u00a0\" \/>\n<meta name=\"robots\" content=\"index, follow, max-snippet:-1, max-image-preview:large, max-video-preview:-1\" \/>\n<link rel=\"canonical\" href=\"https:\/\/qingdaohf.com\/cs\/produkt\/lodni-zebrik-2\/\" \/>\n<meta property=\"og:locale\" content=\"cs_CZ\" \/>\n<meta property=\"og:type\" content=\"article\" \/>\n<meta property=\"og:title\" content=\"Boat Ladder\" \/>\n<meta property=\"og:description\" content=\"Boat ladders are important\u00a0for\u00a0easy\u00a0embarkation\u00a0and\u00a0disembarkation, offering both safety and convenience to marine enthusiasts.\u00a0\" \/>\n<meta property=\"og:url\" content=\"https:\/\/qingdaohf.com\/cs\/produkt\/lodni-zebrik-2\/\" \/>\n<meta property=\"og:site_name\" content=\"Concrete Form &amp; Rigging Hardware Supplier\" \/>\n<meta property=\"article:publisher\" content=\"https:\/\/www.facebook.com\/qingdaohf\" \/>\n<meta property=\"article:modified_time\" content=\"2025-11-13T01:02:52+00:00\" \/>\n<meta property=\"og:image\" content=\"https:\/\/qingdaohf.com\/wp-content\/uploads\/2024\/11\/boat-ladder-1.jpg\" \/>\n\t<meta property=\"og:image:width\" content=\"1000\" \/>\n\t<meta property=\"og:image:height\" content=\"1000\" \/>\n\t<meta property=\"og:image:type\" content=\"image\/jpeg\" \/>\n<meta name=\"twitter:card\" content=\"summary_large_image\" \/>\n<meta name=\"twitter:label1\" content=\"Odhadovan\u00e1 doba \u010dten\u00ed\" \/>\n\t<meta name=\"twitter:data1\" content=\"3 minuty\" \/>\n<script type=\"application\/ld+json\" class=\"yoast-schema-graph\">{\"@context\":\"https:\/\/schema.org\",\"@graph\":[{\"@type\":\"WebPage\",\"@id\":\"https:\/\/qingdaohf.com\/product\/boat-ladder\/\",\"url\":\"https:\/\/qingdaohf.com\/product\/boat-ladder\/\",\"name\":\"Boat Ladder\",\"isPartOf\":{\"@id\":\"https:\/\/qingdaohf.com\/bg\/#website\"},\"primaryImageOfPage\":{\"@id\":\"https:\/\/qingdaohf.com\/product\/boat-ladder\/#primaryimage\"},\"image\":{\"@id\":\"https:\/\/qingdaohf.com\/product\/boat-ladder\/#primaryimage\"},\"thumbnailUrl\":\"https:\/\/qingdaohf.com\/wp-content\/uploads\/2024\/11\/boat-ladder-1.jpg\",\"datePublished\":\"2024-11-29T08:19:54+00:00\",\"dateModified\":\"2025-11-13T01:02:52+00:00\",\"description\":\"Boat ladders are important\u00a0for\u00a0easy\u00a0embarkation\u00a0and\u00a0disembarkation, offering both safety and convenience to marine enthusiasts.\u00a0\",\"breadcrumb\":{\"@id\":\"https:\/\/qingdaohf.com\/product\/boat-ladder\/#breadcrumb\"},\"inLanguage\":\"cs\",\"potentialAction\":[{\"@type\":\"ReadAction\",\"target\":[\"https:\/\/qingdaohf.com\/product\/boat-ladder\/\"]}]},{\"@type\":\"ImageObject\",\"inLanguage\":\"cs\",\"@id\":\"https:\/\/qingdaohf.com\/product\/boat-ladder\/#primaryimage\",\"url\":\"https:\/\/qingdaohf.com\/wp-content\/uploads\/2024\/11\/boat-ladder-1.jpg\",\"contentUrl\":\"https:\/\/qingdaohf.com\/wp-content\/uploads\/2024\/11\/boat-ladder-1.jpg\",\"width\":1000,\"height\":1000,\"caption\":\"boat ladder\"},{\"@type\":\"BreadcrumbList\",\"@id\":\"https:\/\/qingdaohf.com\/product\/boat-ladder\/#breadcrumb\",\"itemListElement\":[{\"@type\":\"ListItem\",\"position\":1,\"name\":\"Home\",\"item\":\"https:\/\/qingdaohf.com\/\"},{\"@type\":\"ListItem\",\"position\":2,\"name\":\"Concrete Forming Accessories and Rigging Hardware\",\"item\":\"https:\/\/qingdaohf.com\/bg\/?page_id=944\"},{\"@type\":\"ListItem\",\"position\":3,\"name\":\"Boat Ladder\"}]},{\"@type\":\"WebSite\",\"@id\":\"https:\/\/qingdaohf.com\/bg\/#website\",\"url\":\"https:\/\/qingdaohf.com\/bg\/\",\"name\":\"Concrete Form & Rigging Hardware Supplier\",\"description\":\"\",\"publisher\":{\"@id\":\"https:\/\/qingdaohf.com\/bg\/#organization\"},\"potentialAction\":[{\"@type\":\"SearchAction\",\"target\":{\"@type\":\"EntryPoint\",\"urlTemplate\":\"https:\/\/qingdaohf.com\/bg\/?s={search_term_string}\"},\"query-input\":{\"@type\":\"PropertyValueSpecification\",\"valueRequired\":true,\"valueName\":\"search_term_string\"}}],\"inLanguage\":\"cs\"},{\"@type\":\"Organization\",\"@id\":\"https:\/\/qingdaohf.com\/bg\/#organization\",\"name\":\"Qingdao H&F\",\"url\":\"https:\/\/qingdaohf.com\/bg\/\",\"logo\":{\"@type\":\"ImageObject\",\"inLanguage\":\"cs\",\"@id\":\"https:\/\/qingdaohf.com\/bg\/#\/schema\/logo\/image\/\",\"url\":\"https:\/\/qingdaohf.com\/wp-content\/uploads\/2022\/12\/cropped-HF-LOGO.png\",\"contentUrl\":\"https:\/\/qingdaohf.com\/wp-content\/uploads\/2022\/12\/cropped-HF-LOGO.png\",\"width\":391,\"height\":249,\"caption\":\"Qingdao H&F\"},\"image\":{\"@id\":\"https:\/\/qingdaohf.com\/bg\/#\/schema\/logo\/image\/\"},\"sameAs\":[\"https:\/\/www.facebook.com\/qingdaohf\"]}]}<\/script>\n<!-- \/ Yoast SEO plugin. -->","yoast_head_json":{"title":"Boat Ladder","description":"Boat ladders are important\u00a0for\u00a0easy\u00a0embarkation\u00a0and\u00a0disembarkation, offering both safety and convenience to marine enthusiasts.\u00a0","robots":{"index":"index","follow":"follow","max-snippet":"max-snippet:-1","max-image-preview":"max-image-preview:large","max-video-preview":"max-video-preview:-1"},"canonical":"https:\/\/qingdaohf.com\/cs\/produkt\/lodni-zebrik-2\/","og_locale":"cs_CZ","og_type":"article","og_title":"Boat Ladder","og_description":"Boat ladders are important\u00a0for\u00a0easy\u00a0embarkation\u00a0and\u00a0disembarkation, offering both safety and convenience to marine enthusiasts.\u00a0","og_url":"https:\/\/qingdaohf.com\/cs\/produkt\/lodni-zebrik-2\/","og_site_name":"Concrete Form &amp; Rigging Hardware Supplier","article_publisher":"https:\/\/www.facebook.com\/qingdaohf","article_modified_time":"2025-11-13T01:02:52+00:00","og_image":[{"width":1000,"height":1000,"url":"https:\/\/qingdaohf.com\/wp-content\/uploads\/2024\/11\/boat-ladder-1.jpg","type":"image\/jpeg"}],"twitter_card":"summary_large_image","twitter_misc":{"Odhadovan\u00e1 doba \u010dten\u00ed":"3 minuty"},"schema":{"@context":"https:\/\/schema.org","@graph":[{"@type":"WebPage","@id":"https:\/\/qingdaohf.com\/product\/boat-ladder\/","url":"https:\/\/qingdaohf.com\/product\/boat-ladder\/","name":"Boat Ladder","isPartOf":{"@id":"https:\/\/qingdaohf.com\/bg\/#website"},"primaryImageOfPage":{"@id":"https:\/\/qingdaohf.com\/product\/boat-ladder\/#primaryimage"},"image":{"@id":"https:\/\/qingdaohf.com\/product\/boat-ladder\/#primaryimage"},"thumbnailUrl":"https:\/\/qingdaohf.com\/wp-content\/uploads\/2024\/11\/boat-ladder-1.jpg","datePublished":"2024-11-29T08:19:54+00:00","dateModified":"2025-11-13T01:02:52+00:00","description":"Boat ladders are important\u00a0for\u00a0easy\u00a0embarkation\u00a0and\u00a0disembarkation, offering both safety and convenience to marine enthusiasts.\u00a0","breadcrumb":{"@id":"https:\/\/qingdaohf.com\/product\/boat-ladder\/#breadcrumb"},"inLanguage":"cs","potentialAction":[{"@type":"ReadAction","target":["https:\/\/qingdaohf.com\/product\/boat-ladder\/"]}]},{"@type":"ImageObject","inLanguage":"cs","@id":"https:\/\/qingdaohf.com\/product\/boat-ladder\/#primaryimage","url":"https:\/\/qingdaohf.com\/wp-content\/uploads\/2024\/11\/boat-ladder-1.jpg","contentUrl":"https:\/\/qingdaohf.com\/wp-content\/uploads\/2024\/11\/boat-ladder-1.jpg","width":1000,"height":1000,"caption":"boat ladder"},{"@type":"BreadcrumbList","@id":"https:\/\/qingdaohf.com\/product\/boat-ladder\/#breadcrumb","itemListElement":[{"@type":"ListItem","position":1,"name":"Home","item":"https:\/\/qingdaohf.com\/"},{"@type":"ListItem","position":2,"name":"Concrete Forming Accessories and Rigging Hardware","item":"https:\/\/qingdaohf.com\/bg\/?page_id=944"},{"@type":"ListItem","position":3,"name":"Boat Ladder"}]},{"@type":"WebSite","@id":"https:\/\/qingdaohf.com\/bg\/#website","url":"https:\/\/qingdaohf.com\/bg\/","name":"Concrete Form & Rigging Hardware Supplier","description":"","publisher":{"@id":"https:\/\/qingdaohf.com\/bg\/#organization"},"potentialAction":[{"@type":"SearchAction","target":{"@type":"EntryPoint","urlTemplate":"https:\/\/qingdaohf.com\/bg\/?s={search_term_string}"},"query-input":{"@type":"PropertyValueSpecification","valueRequired":true,"valueName":"search_term_string"}}],"inLanguage":"cs"},{"@type":"Organization","@id":"https:\/\/qingdaohf.com\/bg\/#organization","name":"Qingdao H&F","url":"https:\/\/qingdaohf.com\/bg\/","logo":{"@type":"ImageObject","inLanguage":"cs","@id":"https:\/\/qingdaohf.com\/bg\/#\/schema\/logo\/image\/","url":"https:\/\/qingdaohf.com\/wp-content\/uploads\/2022\/12\/cropped-HF-LOGO.png","contentUrl":"https:\/\/qingdaohf.com\/wp-content\/uploads\/2022\/12\/cropped-HF-LOGO.png","width":391,"height":249,"caption":"Qingdao H&F"},"image":{"@id":"https:\/\/qingdaohf.com\/bg\/#\/schema\/logo\/image\/"},"sameAs":["https:\/\/www.facebook.com\/qingdaohf"]}]}},"_links":{"self":[{"href":"https:\/\/qingdaohf.com\/cs\/wp-json\/wp\/v2\/product\/8418","targetHints":{"allow":["GET"]}}],"collection":[{"href":"https:\/\/qingdaohf.com\/cs\/wp-json\/wp\/v2\/product"}],"about":[{"href":"https:\/\/qingdaohf.com\/cs\/wp-json\/wp\/v2\/types\/product"}],"replies":[{"embeddable":true,"href":"https:\/\/qingdaohf.com\/cs\/wp-json\/wp\/v2\/comments?post=8418"}],"version-history":[{"count":1,"href":"https:\/\/qingdaohf.com\/cs\/wp-json\/wp\/v2\/product\/8418\/revisions"}],"predecessor-version":[{"id":8426,"href":"https:\/\/qingdaohf.com\/cs\/wp-json\/wp\/v2\/product\/8418\/revisions\/8426"}],"wp:featuredmedia":[{"embeddable":true,"href":"https:\/\/qingdaohf.com\/cs\/wp-json\/wp\/v2\/media\/8425"}],"wp:attachment":[{"href":"https:\/\/qingdaohf.com\/cs\/wp-json\/wp\/v2\/media?parent=8418"}],"wp:term":[{"taxonomy":"product_brand","embeddable":true,"href":"https:\/\/qingdaohf.com\/cs\/wp-json\/wp\/v2\/product_brand?post=8418"},{"taxonomy":"product_cat","embeddable":true,"href":"https:\/\/qingdaohf.com\/cs\/wp-json\/wp\/v2\/product_cat?post=8418"},{"taxonomy":"product_tag","embeddable":true,"href":"https:\/\/qingdaohf.com\/cs\/wp-json\/wp\/v2\/product_tag?post=8418"}],"curies":[{"name":"wp","href":"https:\/\/api.w.org\/{rel}","templated":true}]}}