{"id":8428,"date":"2024-11-29T16:45:52","date_gmt":"2024-11-29T08:45:52","guid":{"rendered":"http:\/\/qingdaohf.com\/?post_type=product&#038;p=8428"},"modified":"2025-11-13T09:02:51","modified_gmt":"2025-11-13T01:02:51","slug":"boat-steering-wheel","status":"publish","type":"product","link":"https:\/\/qingdaohf.com\/cs\/produkt\/volant-lodi-2\/","title":{"rendered":"Volant lodi"},"content":{"rendered":"<h4>D\u016fle\u017eitost spolehliv\u00e9ho volantu lodi<\/h4>\n<p>Volant je v\u00edce ne\u017e jen jednoduch\u00fd ovl\u00e1dac\u00ed mechanismus lodi, je to srdce navigace a man\u00e9vrovatelnosti. Jeho konstrukce a funk\u010dnost p\u0159\u00edmo ovliv\u0148uj\u00ed schopnost obsluhy ovl\u00e1dat plavidlo v r\u016fzn\u00fdch vodn\u00edch podm\u00ednk\u00e1ch. A\u0165 u\u017e se jedn\u00e1 o volnou plavbu, nebo o plavbu v n\u00e1ro\u010dn\u00fdch proudech, kvalitn\u00ed volant zaji\u0161\u0165uje p\u0159esn\u00e9 ovl\u00e1d\u00e1n\u00ed a p\u0159isp\u00edv\u00e1 k bezpe\u010dnosti a efektivit\u011b.<\/p>\n<p>P\u0159i v\u00fdb\u011bru volantu d\u00e1vaj\u00ed majitel\u00e9 lod\u00ed \u010dasto p\u0159ednost materi\u00e1l\u016fm, kter\u00e9 odol\u00e1vaj\u00ed mo\u0159sk\u00e9mu prost\u0159ed\u00ed, v\u010detn\u011b vystaven\u00ed slan\u00e9 vod\u011b, vlhkosti a UV z\u00e1\u0159en\u00ed. B\u011b\u017en\u00e9 materi\u00e1ly, jako je nerezov\u00e1 ocel, hlin\u00edk a plasty pro n\u00e1mo\u0159n\u00ed pou\u017eit\u00ed, nab\u00edzej\u00ed r\u016fznou \u00farove\u0148 trvanlivosti a odolnosti proti korozi. Dal\u0161\u00edm d\u016fle\u017eit\u00fdm faktorem je ergonomie, proto\u017ee tvar, \u00fachop a velikost volantu mohou ovlivnit pohodl\u00ed p\u0159i dlouhodob\u00e9m pou\u017e\u00edv\u00e1n\u00ed. V\u00fdb\u011br spr\u00e1vn\u00e9ho volantu je z\u00e1sadn\u00ed nejen pro v\u00fdkon, ale tak\u00e9 pro zlep\u0161en\u00ed celkov\u00e9ho z\u00e1\u017eitku z plavby.<\/p>\n<h4>Typy volant\u016f lod\u00ed<\/h4>\n<p>Lodn\u00ed volanty se vyr\u00e1b\u011bj\u00ed v r\u016fzn\u00fdch typech, z nich\u017e ka\u017ed\u00fd je vhodn\u00fd pro konkr\u00e9tn\u00ed kategorii plavidel a preference u\u017eivatel\u016f. Klasick\u00e9 volanty z nerezov\u00e9 oceli z\u016fst\u00e1vaj\u00ed mezi lodn\u00edky obl\u00edben\u00e9 d\u00edky sv\u00e9mu nad\u010dasov\u00e9mu designu, v\u00fdjime\u010dn\u00e9 pevnosti a odolnosti v\u016f\u010di drsn\u00fdm n\u00e1mo\u0159n\u00edm vliv\u016fm. Tato kola maj\u00ed \u010dasto le\u0161t\u011bn\u00fd povrch, kter\u00fd dod\u00e1v\u00e1 kormidlu n\u00e1dech sofistikovanosti.<\/p>\n<p>Pro ty, kte\u0159\u00ed hledaj\u00ed lehk\u00e9 varianty, nab\u00edzej\u00ed kola vyroben\u00e1 z hlin\u00edku nebo kompozitn\u00edch materi\u00e1l\u016f vynikaj\u00edc\u00ed v\u00fdkon. Hlin\u00edkov\u00e9 modely jsou cen\u011bny pro svou vyv\u00e1\u017eenost mezi pevnost\u00ed a hmotnost\u00ed, tak\u017ee jsou vhodn\u00e9 pro men\u0161\u00ed lod\u011b nebo rekrea\u010dn\u00ed plavidla. Kompozitov\u00e1 kola jsou zase ide\u00e1ln\u00ed pro modern\u00ed jachta\u0159e, kte\u0159\u00ed up\u0159ednost\u0148uj\u00ed cenovou v\u00fdhodnost, ani\u017e by museli slevit z trvanlivosti.<\/p>\n<p>D\u0159ev\u011bn\u00e9 volanty jsou ur\u010deny nad\u0161enc\u016fm, kte\u0159\u00ed oce\u0148uj\u00ed tradi\u010dn\u00ed estetiku a \u0159emesln\u00e9 zpracov\u00e1n\u00ed. D\u0159ev\u011bn\u00e1 kola, \u010dasto spojovan\u00e1 s historick\u00fdmi nebo luxusn\u00edmi jachtami, vyza\u0159uj\u00ed klasick\u00e9 kouzlo, a\u010dkoli ve srovn\u00e1n\u00ed se sv\u00fdmi kovov\u00fdmi nebo plastov\u00fdmi prot\u011bj\u0161ky vy\u017eaduj\u00ed v\u00edce \u00fadr\u017eby. Ka\u017ed\u00fd typ slou\u017e\u00ed jedine\u010dn\u00fdm \u00fa\u010del\u016fm, co\u017e umo\u017e\u0148uje majitel\u016fm lod\u00ed vyb\u00edrat na z\u00e1klad\u011b funk\u010dn\u00edch pot\u0159eb a stylistick\u00fdch preferenc\u00ed.<\/p>\n<h4>Pro\u010d si vybrat na\u0161e volanty lod\u00ed<\/h4>\n<p>V\u00fdb\u011br spr\u00e1vn\u00e9ho dodavatele lodn\u00edch volant\u016f je stejn\u011b d\u016fle\u017eit\u00fd jako v\u00fdb\u011br samotn\u00e9ho v\u00fdrobku. V na\u0161\u00ed obchodn\u00ed spole\u010dnosti d\u00e1v\u00e1me p\u0159ednost poskytov\u00e1n\u00ed hodnoty a spolehlivosti prost\u0159ednictv\u00edm na\u0161\u00ed \u0161irok\u00e9 nab\u00eddky lodn\u00edho p\u0159\u00edslu\u0161enstv\u00ed. Na\u0161e volanty proch\u00e1zej\u00ed p\u0159\u00edsn\u00fdmi kontrolami kvality, kter\u00e9 zaji\u0161\u0165uj\u00ed soulad s pr\u016fmyslov\u00fdmi normami a nab\u00edzej\u00ed na\u0161im z\u00e1kazn\u00edk\u016fm klid.<\/p>\n<p>N\u00e1\u0161 individu\u00e1ln\u00ed z\u00e1kaznick\u00fd servis n\u00e1s na trhu odli\u0161uje, proto\u017ee \u00fazce spolupracujeme s klienty, abychom pochopili jejich jedine\u010dn\u00e9 po\u017eadavky. Tento individu\u00e1ln\u00ed p\u0159\u00edstup pom\u00e1h\u00e1 doporu\u010dovat kormidla p\u0159izp\u016fsoben\u00e1 typu plavidla, provozn\u00edm podm\u00ednk\u00e1m a rozpo\u010dtu. Na\u0161e zefektivn\u011bn\u00e1 logistika nav\u00edc zaji\u0161\u0165uje rychl\u00fd dodac\u00ed cyklus, \u010d\u00edm\u017e minimalizuje prostoje jak pro jachta\u0159e, tak pro distributory.<\/p>\n<p>Trvanlivost na\u0161ich volant\u016f je d\u016fkazem na\u0161\u00ed snahy o dokonalost. Jsou vyrobena z prvot\u0159\u00eddn\u00edch materi\u00e1l\u016f a jsou navr\u017eena tak, aby vydr\u017eela dlouhodob\u00e9 p\u016fsoben\u00ed mo\u0159sk\u00e9ho prost\u0159ed\u00ed p\u0159i zachov\u00e1n\u00ed optim\u00e1ln\u00edho v\u00fdkonu. D\u00edky kombinaci estetiky, funk\u010dnosti a spolehlivosti spl\u0148uj\u00ed na\u0161e v\u00fdrobky o\u010dek\u00e1v\u00e1n\u00ed rekrea\u010dn\u00edch i profesion\u00e1ln\u00edch u\u017eivatel\u016f.<\/p>\n<h4>\u00daloha inovac\u00ed v designu volant\u016f<\/h4>\n<p>Modern\u00ed pokrok v konstrukci volantu lodi zavedl funkce, kter\u00e9 zvy\u0161uj\u00ed pou\u017eitelnost a pohodl\u00ed. Mnoho model\u016f je nyn\u00ed vybaveno protiskluzov\u00fdmi rukoje\u0165mi, kter\u00e9 zlep\u0161uj\u00ed ovl\u00e1d\u00e1n\u00ed i za mokra. Nav\u00edc kola s nastaviteln\u00fdm sklonem zaji\u0161\u0165uj\u00ed flexibilitu a p\u0159izp\u016fsobuj\u00ed se obsluze s r\u016fznou v\u00fd\u0161kou a preferencemi.<\/p>\n<p>V\u00fdznamnou roli p\u0159i zvy\u0161ov\u00e1n\u00ed odolnosti a \u017eivotnosti volant\u016f hraj\u00ed tak\u00e9 inovativn\u00ed materi\u00e1ly. Nerezov\u00e1 ocel pro n\u00e1mo\u0159n\u00ed pou\u017eit\u00ed s p\u0159idan\u00fdmi povlaky nab\u00edz\u00ed vynikaj\u00edc\u00ed odolnost proti d\u016flkov\u00e9 korozi a rezav\u011bn\u00ed, zat\u00edmco plasty stabilizovan\u00e9 proti UV z\u00e1\u0159en\u00ed zabra\u0148uj\u00ed blednut\u00ed a prask\u00e1n\u00ed p\u0159i vystaven\u00ed slune\u010dn\u00edmu z\u00e1\u0159en\u00ed. Tyto pokroky nejen zaji\u0161\u0165uj\u00ed dlouhou \u017eivotnost v\u00fdrobku, ale tak\u00e9 p\u0159isp\u00edvaj\u00ed k bezpe\u010dnosti a pohodl\u00ed obsluhy.<\/p>\n<p>Dal\u0161\u00ed kl\u00ed\u010dovou inovac\u00ed je integrace multifunk\u010dn\u00edch ovl\u00e1dac\u00edch prvk\u016f p\u0159\u00edmo do volantu. Takov\u00e1 konstrukce umo\u017e\u0148uje obsluze p\u0159\u00edstup k d\u016fle\u017eit\u00fdm funkc\u00edm, jako je ovl\u00e1d\u00e1n\u00ed plynu nebo elektronick\u00e9 displeje, ani\u017e by musela sundat ruce z volantu. Tyto funkce zjednodu\u0161uj\u00ed ovl\u00e1d\u00e1n\u00ed lodi, \u010din\u00ed navigaci intuitivn\u011bj\u0161\u00ed a sni\u017euj\u00ed pravd\u011bpodobnost \u00fanavy obsluhy.<\/p>\n<h4>Zaji\u0161t\u011bn\u00ed dlouhodob\u00e9 hodnoty<\/h4>\n<p>Investice do kvalitn\u00edho lodn\u00edho volantu je rozhodnut\u00ed, kter\u00e9 se dlouhodob\u011b vyplat\u00ed. Krom\u011b okam\u017eit\u00e9 funk\u010dnosti tyto v\u00fdrobky zvy\u0161uj\u00ed celkovou hodnotu plavidla, zejm\u00e9na ve spojen\u00ed s renomovan\u00fdm dodavatelem. Na\u0161e volanty jsou navr\u017eeny s ohledem na dlouhou \u017eivotnost a poskytuj\u00ed optim\u00e1ln\u00ed rovnov\u00e1hu mezi v\u00fdkonem, odolnost\u00ed a estetick\u00fdm vzhledem.<\/p>\n<p>Z\u00e1kazn\u00edci se mohou spolehnout, \u017ee jim na\u0161e spole\u010dnost poskytne nejen v\u00fdjime\u010dn\u00e9 produkty, ale tak\u00e9 komplexn\u00ed podporu b\u011bhem cel\u00e9ho procesu n\u00e1kupu. Od \u00favodn\u00edch konzultac\u00ed a\u017e po poprodejn\u00ed servis se sna\u017e\u00edme budovat trval\u00e9 vztahy s na\u0161imi z\u00e1kazn\u00edky. Tento z\u00e1vazek k dokonalosti n\u00e1m zajistil pov\u011bst d\u016fv\u011bryhodn\u00e9ho partnera na trhu s lodn\u00edm p\u0159\u00edslu\u0161enstv\u00edm.<\/p>\n<p>Klademe d\u016fraz na kvalitu, inovace a spokojenost z\u00e1kazn\u00edk\u016f a sna\u017e\u00edme se p\u0159ekon\u00e1vat o\u010dek\u00e1v\u00e1n\u00ed na\u0161ich klient\u016f. A\u0165 u\u017e se jedn\u00e1 o p\u0159\u00edle\u017eitostn\u00e9 nad\u0161ence pro jachting nebo profesion\u00e1ln\u00ed n\u00e1mo\u0159n\u00edky, na\u0161e lodn\u00ed volanty p\u0159edstavuj\u00ed spojen\u00ed prakti\u010dnosti a stylu a zaji\u0161\u0165uj\u00ed vynikaj\u00edc\u00ed v\u00fdkon na vod\u011b.<\/p>","protected":false},"excerpt":{"rendered":"<p>Lodn\u00ed kormidla hraj\u00ed kl\u00ed\u010dovou roli p\u0159i zaji\u0161\u0165ov\u00e1n\u00ed hladk\u00e9 plavby a ovl\u00e1d\u00e1n\u00ed na vod\u011b, a jsou tak d\u016fle\u017eitou sou\u010d\u00e1st\u00ed ka\u017ed\u00e9ho plavidla. Kupuj\u00edc\u00ed p\u0159i v\u00fdb\u011bru volantu \u010dasto up\u0159ednost\u0148uj\u00ed faktory, jako je odolnost materi\u00e1lu, ergonomick\u00fd design, kompatibilita s r\u016fzn\u00fdmi lodn\u00edmi syst\u00e9my a odolnost proti korozi. Na\u0161e obchodn\u00ed spole\u010dnost nab\u00edz\u00ed vysoce kvalitn\u00ed lodn\u00ed volanty, kter\u00e9 tyto obavy \u0159e\u0161\u00ed, spolu s individu\u00e1ln\u00edm z\u00e1kaznick\u00fdm servisem, kter\u00fd zaji\u0161\u0165uje doporu\u010den\u00ed na m\u00edru. Krom\u011b toho zaru\u010dujeme rychl\u00fd dodac\u00ed cyklus a poskytujeme d\u016fkladn\u00e9 zpr\u00e1vy o kontrole kvality, abychom nab\u00eddli klid p\u0159i ka\u017ed\u00e9m n\u00e1kupu.<\/p>","protected":false},"featured_media":8429,"comment_status":"open","ping_status":"closed","template":"","meta":{"site-sidebar-layout":"default","site-content-layout":"","ast-site-content-layout":"default","site-content-style":"default","site-sidebar-style":"default","ast-global-header-display":"","ast-banner-title-visibility":"","ast-main-header-display":"","ast-hfb-above-header-display":"","ast-hfb-below-header-display":"","ast-hfb-mobile-header-display":"","site-post-title":"","ast-breadcrumbs-content":"","ast-featured-img":"","footer-sml-layout":"","theme-transparent-header-meta":"default","adv-header-id-meta":"","stick-header-meta":"default","header-above-stick-meta":"","header-main-stick-meta":"","header-below-stick-meta":"","astra-migrate-meta-layouts":"set","ast-page-background-enabled":"default","ast-page-background-meta":{"desktop":{"background-color":"","background-image":"","background-repeat":"repeat","background-position":"center center","background-size":"auto","background-attachment":"scroll","background-type":"","background-media":"","overlay-type":"","overlay-color":"","overlay-opacity":"","overlay-gradient":""},"tablet":{"background-color":"","background-image":"","background-repeat":"repeat","background-position":"center center","background-size":"auto","background-attachment":"scroll","background-type":"","background-media":"","overlay-type":"","overlay-color":"","overlay-opacity":"","overlay-gradient":""},"mobile":{"background-color":"","background-image":"","background-repeat":"repeat","background-position":"center center","background-size":"auto","background-attachment":"scroll","background-type":"","background-media":"","overlay-type":"","overlay-color":"","overlay-opacity":"","overlay-gradient":""}},"ast-content-background-meta":{"desktop":{"background-color":"var(--ast-global-color-5)","background-image":"","background-repeat":"repeat","background-position":"center center","background-size":"auto","background-attachment":"scroll","background-type":"","background-media":"","overlay-type":"","overlay-color":"","overlay-opacity":"","overlay-gradient":""},"tablet":{"background-color":"var(--ast-global-color-5)","background-image":"","background-repeat":"repeat","background-position":"center center","background-size":"auto","background-attachment":"scroll","background-type":"","background-media":"","overlay-type":"","overlay-color":"","overlay-opacity":"","overlay-gradient":""},"mobile":{"background-color":"var(--ast-global-color-5)","background-image":"","background-repeat":"repeat","background-position":"center center","background-size":"auto","background-attachment":"scroll","background-type":"","background-media":"","overlay-type":"","overlay-color":"","overlay-opacity":"","overlay-gradient":""}}},"product_brand":[],"product_cat":[44],"product_tag":[],"class_list":{"0":"post-8428","1":"product","2":"type-product","3":"status-publish","4":"has-post-thumbnail","6":"product_cat-stainless-steel-poduct","7":"desktop-align-left","8":"tablet-align-left","9":"mobile-align-left","10":"ast-product-gallery-layout-horizontal-slider","11":"ast-product-tabs-layout-horizontal","13":"first","14":"instock","15":"shipping-taxable","16":"purchasable","17":"product-type-simple"},"yoast_head":"<!-- This site is optimized with the Yoast SEO plugin v25.2 - https:\/\/yoast.com\/wordpress\/plugins\/seo\/ -->\n<title>Boat Steering Wheel<\/title>\n<meta name=\"robots\" content=\"index, follow, max-snippet:-1, max-image-preview:large, max-video-preview:-1\" \/>\n<link rel=\"canonical\" href=\"https:\/\/qingdaohf.com\/cs\/produkt\/volant-lodi-2\/\" \/>\n<meta property=\"og:locale\" content=\"cs_CZ\" \/>\n<meta property=\"og:type\" content=\"article\" \/>\n<meta property=\"og:title\" content=\"Boat Steering Wheel\" \/>\n<meta property=\"og:description\" content=\"Boat steering wheels play a pivotal role in ensuring smooth navigation and control on water, making them a critical component for any vessel. Buyers often prioritize factors such as material durability, ergonomic design, compatibility with various marine systems, and corrosion resistance when selecting a steering wheel. Our trading company offers high-quality boat steering wheels that address these concerns, coupled with one-to-one customer service, ensuring tailored recommendations. Additionally, we guarantee a fast delivery cycle and provide thorough quality inspection reports to offer peace of mind with every purchase.\" \/>\n<meta property=\"og:url\" content=\"https:\/\/qingdaohf.com\/cs\/produkt\/volant-lodi-2\/\" \/>\n<meta property=\"og:site_name\" content=\"Concrete Form &amp; Rigging Hardware Supplier\" \/>\n<meta property=\"article:publisher\" content=\"https:\/\/www.facebook.com\/qingdaohf\" \/>\n<meta property=\"article:modified_time\" content=\"2025-11-13T01:02:51+00:00\" \/>\n<meta property=\"og:image\" content=\"https:\/\/qingdaohf.com\/wp-content\/uploads\/2024\/11\/boat-steering-wheel-5.jpg\" \/>\n\t<meta property=\"og:image:width\" content=\"1000\" \/>\n\t<meta property=\"og:image:height\" content=\"1000\" \/>\n\t<meta property=\"og:image:type\" content=\"image\/jpeg\" \/>\n<meta name=\"twitter:card\" content=\"summary_large_image\" \/>\n<meta name=\"twitter:label1\" content=\"Odhadovan\u00e1 doba \u010dten\u00ed\" \/>\n\t<meta name=\"twitter:data1\" content=\"4 minuty\" \/>\n<script type=\"application\/ld+json\" class=\"yoast-schema-graph\">{\"@context\":\"https:\/\/schema.org\",\"@graph\":[{\"@type\":\"WebPage\",\"@id\":\"https:\/\/qingdaohf.com\/product\/boat-steering-wheel\/\",\"url\":\"https:\/\/qingdaohf.com\/product\/boat-steering-wheel\/\",\"name\":\"Boat Steering Wheel\",\"isPartOf\":{\"@id\":\"https:\/\/qingdaohf.com\/bg\/#website\"},\"primaryImageOfPage\":{\"@id\":\"https:\/\/qingdaohf.com\/product\/boat-steering-wheel\/#primaryimage\"},\"image\":{\"@id\":\"https:\/\/qingdaohf.com\/product\/boat-steering-wheel\/#primaryimage\"},\"thumbnailUrl\":\"https:\/\/qingdaohf.com\/wp-content\/uploads\/2024\/11\/boat-steering-wheel-5.jpg\",\"datePublished\":\"2024-11-29T08:45:52+00:00\",\"dateModified\":\"2025-11-13T01:02:51+00:00\",\"breadcrumb\":{\"@id\":\"https:\/\/qingdaohf.com\/product\/boat-steering-wheel\/#breadcrumb\"},\"inLanguage\":\"cs\",\"potentialAction\":[{\"@type\":\"ReadAction\",\"target\":[\"https:\/\/qingdaohf.com\/product\/boat-steering-wheel\/\"]}]},{\"@type\":\"ImageObject\",\"inLanguage\":\"cs\",\"@id\":\"https:\/\/qingdaohf.com\/product\/boat-steering-wheel\/#primaryimage\",\"url\":\"https:\/\/qingdaohf.com\/wp-content\/uploads\/2024\/11\/boat-steering-wheel-5.jpg\",\"contentUrl\":\"https:\/\/qingdaohf.com\/wp-content\/uploads\/2024\/11\/boat-steering-wheel-5.jpg\",\"width\":1000,\"height\":1000,\"caption\":\"boat steering wheel\"},{\"@type\":\"BreadcrumbList\",\"@id\":\"https:\/\/qingdaohf.com\/product\/boat-steering-wheel\/#breadcrumb\",\"itemListElement\":[{\"@type\":\"ListItem\",\"position\":1,\"name\":\"Home\",\"item\":\"https:\/\/qingdaohf.com\/\"},{\"@type\":\"ListItem\",\"position\":2,\"name\":\"Concrete Forming Accessories and Rigging Hardware\",\"item\":\"https:\/\/qingdaohf.com\/bg\/?page_id=944\"},{\"@type\":\"ListItem\",\"position\":3,\"name\":\"Boat Steering Wheel\"}]},{\"@type\":\"WebSite\",\"@id\":\"https:\/\/qingdaohf.com\/bg\/#website\",\"url\":\"https:\/\/qingdaohf.com\/bg\/\",\"name\":\"Concrete Form & Rigging Hardware Supplier\",\"description\":\"\",\"publisher\":{\"@id\":\"https:\/\/qingdaohf.com\/bg\/#organization\"},\"potentialAction\":[{\"@type\":\"SearchAction\",\"target\":{\"@type\":\"EntryPoint\",\"urlTemplate\":\"https:\/\/qingdaohf.com\/bg\/?s={search_term_string}\"},\"query-input\":{\"@type\":\"PropertyValueSpecification\",\"valueRequired\":true,\"valueName\":\"search_term_string\"}}],\"inLanguage\":\"cs\"},{\"@type\":\"Organization\",\"@id\":\"https:\/\/qingdaohf.com\/bg\/#organization\",\"name\":\"Qingdao H&F\",\"url\":\"https:\/\/qingdaohf.com\/bg\/\",\"logo\":{\"@type\":\"ImageObject\",\"inLanguage\":\"cs\",\"@id\":\"https:\/\/qingdaohf.com\/bg\/#\/schema\/logo\/image\/\",\"url\":\"https:\/\/qingdaohf.com\/wp-content\/uploads\/2022\/12\/cropped-HF-LOGO.png\",\"contentUrl\":\"https:\/\/qingdaohf.com\/wp-content\/uploads\/2022\/12\/cropped-HF-LOGO.png\",\"width\":391,\"height\":249,\"caption\":\"Qingdao H&F\"},\"image\":{\"@id\":\"https:\/\/qingdaohf.com\/bg\/#\/schema\/logo\/image\/\"},\"sameAs\":[\"https:\/\/www.facebook.com\/qingdaohf\"]}]}<\/script>\n<!-- \/ Yoast SEO plugin. -->","yoast_head_json":{"title":"Boat Steering Wheel","robots":{"index":"index","follow":"follow","max-snippet":"max-snippet:-1","max-image-preview":"max-image-preview:large","max-video-preview":"max-video-preview:-1"},"canonical":"https:\/\/qingdaohf.com\/cs\/produkt\/volant-lodi-2\/","og_locale":"cs_CZ","og_type":"article","og_title":"Boat Steering Wheel","og_description":"Boat steering wheels play a pivotal role in ensuring smooth navigation and control on water, making them a critical component for any vessel. Buyers often prioritize factors such as material durability, ergonomic design, compatibility with various marine systems, and corrosion resistance when selecting a steering wheel. Our trading company offers high-quality boat steering wheels that address these concerns, coupled with one-to-one customer service, ensuring tailored recommendations. Additionally, we guarantee a fast delivery cycle and provide thorough quality inspection reports to offer peace of mind with every purchase.","og_url":"https:\/\/qingdaohf.com\/cs\/produkt\/volant-lodi-2\/","og_site_name":"Concrete Form &amp; Rigging Hardware Supplier","article_publisher":"https:\/\/www.facebook.com\/qingdaohf","article_modified_time":"2025-11-13T01:02:51+00:00","og_image":[{"width":1000,"height":1000,"url":"https:\/\/qingdaohf.com\/wp-content\/uploads\/2024\/11\/boat-steering-wheel-5.jpg","type":"image\/jpeg"}],"twitter_card":"summary_large_image","twitter_misc":{"Odhadovan\u00e1 doba \u010dten\u00ed":"4 minuty"},"schema":{"@context":"https:\/\/schema.org","@graph":[{"@type":"WebPage","@id":"https:\/\/qingdaohf.com\/product\/boat-steering-wheel\/","url":"https:\/\/qingdaohf.com\/product\/boat-steering-wheel\/","name":"Boat Steering Wheel","isPartOf":{"@id":"https:\/\/qingdaohf.com\/bg\/#website"},"primaryImageOfPage":{"@id":"https:\/\/qingdaohf.com\/product\/boat-steering-wheel\/#primaryimage"},"image":{"@id":"https:\/\/qingdaohf.com\/product\/boat-steering-wheel\/#primaryimage"},"thumbnailUrl":"https:\/\/qingdaohf.com\/wp-content\/uploads\/2024\/11\/boat-steering-wheel-5.jpg","datePublished":"2024-11-29T08:45:52+00:00","dateModified":"2025-11-13T01:02:51+00:00","breadcrumb":{"@id":"https:\/\/qingdaohf.com\/product\/boat-steering-wheel\/#breadcrumb"},"inLanguage":"cs","potentialAction":[{"@type":"ReadAction","target":["https:\/\/qingdaohf.com\/product\/boat-steering-wheel\/"]}]},{"@type":"ImageObject","inLanguage":"cs","@id":"https:\/\/qingdaohf.com\/product\/boat-steering-wheel\/#primaryimage","url":"https:\/\/qingdaohf.com\/wp-content\/uploads\/2024\/11\/boat-steering-wheel-5.jpg","contentUrl":"https:\/\/qingdaohf.com\/wp-content\/uploads\/2024\/11\/boat-steering-wheel-5.jpg","width":1000,"height":1000,"caption":"boat steering wheel"},{"@type":"BreadcrumbList","@id":"https:\/\/qingdaohf.com\/product\/boat-steering-wheel\/#breadcrumb","itemListElement":[{"@type":"ListItem","position":1,"name":"Home","item":"https:\/\/qingdaohf.com\/"},{"@type":"ListItem","position":2,"name":"Concrete Forming Accessories and Rigging Hardware","item":"https:\/\/qingdaohf.com\/bg\/?page_id=944"},{"@type":"ListItem","position":3,"name":"Boat Steering Wheel"}]},{"@type":"WebSite","@id":"https:\/\/qingdaohf.com\/bg\/#website","url":"https:\/\/qingdaohf.com\/bg\/","name":"Concrete Form & Rigging Hardware Supplier","description":"","publisher":{"@id":"https:\/\/qingdaohf.com\/bg\/#organization"},"potentialAction":[{"@type":"SearchAction","target":{"@type":"EntryPoint","urlTemplate":"https:\/\/qingdaohf.com\/bg\/?s={search_term_string}"},"query-input":{"@type":"PropertyValueSpecification","valueRequired":true,"valueName":"search_term_string"}}],"inLanguage":"cs"},{"@type":"Organization","@id":"https:\/\/qingdaohf.com\/bg\/#organization","name":"Qingdao H&F","url":"https:\/\/qingdaohf.com\/bg\/","logo":{"@type":"ImageObject","inLanguage":"cs","@id":"https:\/\/qingdaohf.com\/bg\/#\/schema\/logo\/image\/","url":"https:\/\/qingdaohf.com\/wp-content\/uploads\/2022\/12\/cropped-HF-LOGO.png","contentUrl":"https:\/\/qingdaohf.com\/wp-content\/uploads\/2022\/12\/cropped-HF-LOGO.png","width":391,"height":249,"caption":"Qingdao H&F"},"image":{"@id":"https:\/\/qingdaohf.com\/bg\/#\/schema\/logo\/image\/"},"sameAs":["https:\/\/www.facebook.com\/qingdaohf"]}]}},"_links":{"self":[{"href":"https:\/\/qingdaohf.com\/cs\/wp-json\/wp\/v2\/product\/8428","targetHints":{"allow":["GET"]}}],"collection":[{"href":"https:\/\/qingdaohf.com\/cs\/wp-json\/wp\/v2\/product"}],"about":[{"href":"https:\/\/qingdaohf.com\/cs\/wp-json\/wp\/v2\/types\/product"}],"replies":[{"embeddable":true,"href":"https:\/\/qingdaohf.com\/cs\/wp-json\/wp\/v2\/comments?post=8428"}],"version-history":[{"count":1,"href":"https:\/\/qingdaohf.com\/cs\/wp-json\/wp\/v2\/product\/8428\/revisions"}],"predecessor-version":[{"id":8436,"href":"https:\/\/qingdaohf.com\/cs\/wp-json\/wp\/v2\/product\/8428\/revisions\/8436"}],"wp:featuredmedia":[{"embeddable":true,"href":"https:\/\/qingdaohf.com\/cs\/wp-json\/wp\/v2\/media\/8429"}],"wp:attachment":[{"href":"https:\/\/qingdaohf.com\/cs\/wp-json\/wp\/v2\/media?parent=8428"}],"wp:term":[{"taxonomy":"product_brand","embeddable":true,"href":"https:\/\/qingdaohf.com\/cs\/wp-json\/wp\/v2\/product_brand?post=8428"},{"taxonomy":"product_cat","embeddable":true,"href":"https:\/\/qingdaohf.com\/cs\/wp-json\/wp\/v2\/product_cat?post=8428"},{"taxonomy":"product_tag","embeddable":true,"href":"https:\/\/qingdaohf.com\/cs\/wp-json\/wp\/v2\/product_tag?post=8428"}],"curies":[{"name":"wp","href":"https:\/\/api.w.org\/{rel}","templated":true}]}}