{"id":8532,"date":"2024-12-16T11:17:22","date_gmt":"2024-12-16T03:17:22","guid":{"rendered":"http:\/\/qingdaohf.com\/?post_type=product&#038;p=8532"},"modified":"2025-11-13T09:02:22","modified_gmt":"2025-11-13T01:02:22","slug":"sandwich-panel-erection-anchor","status":"publish","type":"product","link":"https:\/\/qingdaohf.com\/cs\/produkt\/kotva-pro-montaz-sendvicovych-panelu\/","title":{"rendered":"Kotva pro mont\u00e1\u017e sendvi\u010dov\u00fdch panel\u016f"},"content":{"rendered":"<p class=\"whitespace-pre-wrap break-words\">D\u00edky rostouc\u00edmu pou\u017e\u00edv\u00e1n\u00ed prefabrikovan\u00fdch d\u00edl\u016f ve stavebnictv\u00ed jsou kotvy pro mont\u00e1\u017e sendvi\u010dov\u00fdch panel\u016f d\u016fle\u017eit\u011bj\u0161\u00ed ne\u017e kdy d\u0159\u00edve. Tyto specializovan\u00e9 n\u00e1stroje jsou kl\u00ed\u010dov\u00e9 pro bezpe\u010dn\u00e9 zved\u00e1n\u00ed, polohov\u00e1n\u00ed a instalaci sendvi\u010dov\u00fdch panel\u016f do st\u011bn, st\u0159ech a fas\u00e1d. A\u0165 u\u017e tyto kotvy vyr\u00e1b\u00edte, nebo je pou\u017e\u00edv\u00e1te na stavb\u011b, je nezbytn\u00e9 porozum\u011bt jejich druh\u016fm, pou\u017eit\u00ed a v\u00fdkonnostn\u00edm faktor\u016fm.<\/p>\n<h2 class=\"font-600 text-xl font-bold\">Funkce a v\u00fdznam kotev pro mont\u00e1\u017e sendvi\u010dov\u00fdch panel\u016f<\/h2>\n<p class=\"whitespace-pre-wrap break-words\">Hlavn\u00edmi funkcemi kotev pro mont\u00e1\u017e sendvi\u010dov\u00fdch panel\u016f jsou bezpe\u010dnost a efektivita p\u0159i mont\u00e1\u017ei. Tyto n\u00e1stroje vytv\u00e1\u0159ej\u00ed spolehliv\u00e9 upev\u0148ovac\u00ed body pro zvedac\u00ed za\u0159\u00edzen\u00ed, \u010d\u00edm\u017e v\u00fdrazn\u011b sni\u017euj\u00ed rizika spojen\u00e1 s manipulac\u00ed s t\u011b\u017ek\u00fdmi panely. V projektech, kde z\u00e1le\u017e\u00ed na \u010dase a p\u0159esnost je rozhoduj\u00edc\u00ed, tyto kotvy zjednodu\u0161uj\u00ed slo\u017eitou logistiku a z\u00e1rove\u0148 spl\u0148uj\u00ed p\u0159\u00edsn\u00e9 bezpe\u010dnostn\u00ed po\u017eadavky.<\/p>\n<p class=\"whitespace-pre-wrap break-words\">Tyto kotvy slou\u017e\u00ed nejen ke zved\u00e1n\u00ed - pom\u00e1haj\u00ed zajistit, aby panely spr\u00e1vn\u011b l\u00edcovaly a z\u016fstaly spr\u00e1vn\u011b um\u00edst\u011bn\u00e9, a zabra\u0148uj\u00ed tak konstruk\u010dn\u00edmu nam\u00e1h\u00e1n\u00ed a nesouososti b\u011bhem instalace. Tato p\u0159esnost je obzvl\u00e1\u0161t\u011b d\u016fle\u017eit\u00e1 u velk\u00fdch pr\u016fmyslov\u00fdch a komer\u010dn\u00edch staveb, kde konzistentn\u00ed v\u00fdkon v\u0161ech komponent\u016f m\u016f\u017ee projekt rozhodnout. V\u00fdb\u011br typu kotev p\u0159\u00edmo ovliv\u0148uje \u00fasp\u011b\u0161nost va\u0161eho projektu.<\/p>\n<h2 class=\"font-600 text-xl font-bold\">Typy a pou\u017eit\u00ed kotev pro mont\u00e1\u017e sendvi\u010dov\u00fdch panel\u016f<\/h2>\n<p class=\"whitespace-pre-wrap break-words\">Stavebn\u00ed t\u00fdmy si mohou vybrat z n\u011bkolika typ\u016f kotev, z nich\u017e ka\u017ed\u00fd je ur\u010den pro specifick\u00e9 hmotnosti panel\u016f, konstrukce a pot\u0159eby instalace. N\u011bkter\u00e9 funguj\u00ed nejl\u00e9pe s leh\u010d\u00edmi panely, zat\u00edmco jin\u00e9 jsou konstruov\u00e1ny pro zes\u00edlen\u00e9 a t\u011b\u017e\u0161\u00ed konstrukce.<\/p>\n<p class=\"whitespace-pre-wrap break-words\">Mechanick\u00e9 kotvy jsou obl\u00edben\u00e9 d\u00edky sv\u00e9 flexibilit\u011b a jednoduch\u00e9 instalaci. Stavebn\u00ed t\u00fdmy je oce\u0148uj\u00ed pro rovnom\u011brn\u00e9 rozlo\u017een\u00ed b\u0159emen p\u0159i zved\u00e1n\u00ed. Pro n\u00e1ro\u010dn\u011bj\u0161\u00ed prost\u0159ed\u00ed vy\u017eaduj\u00edc\u00ed v\u011bt\u0161\u00ed odolnost nab\u00edzej\u00ed sva\u0159ovan\u00e9 kotvy zv\u00fd\u0161enou pevnost.<\/p>\n<p class=\"whitespace-pre-wrap break-words\">Najdete zde tak\u00e9 zapu\u0161t\u011bn\u00e9 kotvy, kter\u00e9 v\u00fdrobci instaluj\u00ed p\u0159\u00edmo do panel\u016f b\u011bhem v\u00fdroby. Ty jsou ide\u00e1ln\u00ed pro projekty, kter\u00e9 vy\u017eaduj\u00ed hladkou integraci s minim\u00e1ln\u00edmi \u00fapravami na m\u00edst\u011b. Bez ohledu na typ vy\u017eaduje v\u00fdb\u011br spr\u00e1vn\u00e9 kotvy pe\u010dliv\u00e9 zv\u00e1\u017een\u00ed pot\u0159eb va\u0161eho projektu - od po\u017eadavk\u016f na zat\u00ed\u017een\u00ed a\u017e po podm\u00ednky prost\u0159ed\u00ed a pr\u016fmyslov\u00e9 normy.<\/p>\n<p class=\"whitespace-pre-wrap break-words\">Tyto kotvy se neomezuj\u00ed pouze na jedno odv\u011btv\u00ed. Najdete je p\u0159i stavb\u011b sklad\u016f, tov\u00e1ren, kancel\u00e1\u0159\u00ed, a dokonce i dom\u016f. D\u00edky jejich p\u0159izp\u016fsobivosti r\u016fzn\u00fdm velikostem panel\u016f a materi\u00e1l\u016fm jsou cenn\u00e9 jak pro mal\u00e9 projekty, tak pro velk\u00e9 stavby.<\/p>\n<h2 class=\"font-600 text-xl font-bold\">Faktory ovliv\u0148uj\u00edc\u00ed v\u00fdb\u011br kotev pro mont\u00e1\u017e sendvi\u010dov\u00fdch panel\u016f<\/h2>\n<p class=\"whitespace-pre-wrap break-words\">V\u00fdb\u011br spr\u00e1vn\u00e9 erek\u010dn\u00ed kotvy zahrnuje n\u011bkolik z\u00e1sadn\u00edch aspekt\u016f. Na prvn\u00edm m\u00edst\u011b je nosnost - mus\u00edte p\u0159esn\u011b v\u011bd\u011bt, jakou hmotnost va\u0161e kotva bezpe\u010dn\u011b unese. To vy\u017eaduje p\u0159esn\u00e9 v\u00fdpo\u010dty na z\u00e1klad\u011b specifikac\u00ed va\u0161eho panelu a materi\u00e1l\u016f, aby nedo\u0161lo k p\u0159et\u00ed\u017een\u00ed.<\/p>\n<p class=\"whitespace-pre-wrap break-words\">Na kvalit\u011b materi\u00e1lu nesm\u00edrn\u011b z\u00e1le\u017e\u00ed. V\u011bt\u0161ina v\u00fdrobc\u016f vol\u00ed vysokopevnostn\u00ed ocel pro jej\u00ed vynikaj\u00edc\u00ed pevnost v tahu a odolnost. Pokud stav\u00edte ve vlhk\u00fdch oblastech nebo v bl\u00edzkosti pob\u0159e\u017e\u00ed, st\u00e1v\u00e1 se rozhoduj\u00edc\u00ed odolnost proti korozi. Mnoho dodavatel\u016f vol\u00ed pozinkovan\u00e9 nebo pota\u017een\u00e9 kotvy, aby prodlou\u017eili jejich \u017eivotnost.<\/p>\n<p class=\"whitespace-pre-wrap break-words\">Snadn\u00e1 instalace a kompatibilita se standardn\u00edmi zvedac\u00edmi za\u0159\u00edzen\u00edmi m\u016f\u017ee v\u00fdznamn\u011b ovlivnit \u010dasov\u00fd pl\u00e1n a rozpo\u010det projektu. Spr\u00e1vn\u00e9 kotvy budou hladce spolupracovat s va\u0161imi st\u00e1vaj\u00edc\u00edmi syst\u00e9my, co\u017e sn\u00ed\u017e\u00ed n\u00e1klady na pracovn\u00ed s\u00edlu a urychl\u00ed v\u00fdstavbu. Spln\u011bn\u00ed mezin\u00e1rodn\u00edch bezpe\u010dnostn\u00edch norem nen\u00ed voliteln\u00e9 - je nezbytn\u00e9 pro zaji\u0161t\u011bn\u00ed shody s p\u0159edpisy a \u00fasp\u011bchu projektu.<\/p>\n<p class=\"whitespace-pre-wrap break-words\">Ve spole\u010dnosti Qingdao H&amp;F se t\u011bmito faktory \u0159\u00edd\u00edme p\u0159i z\u00edsk\u00e1v\u00e1n\u00ed a dod\u00e1v\u00e1n\u00ed v\u00fdrobk\u016f. N\u00e1\u0161 sortiment v\u00fdrobk\u016f jsme sestavili tak, aby vyhovoval r\u016fzn\u00fdm glob\u00e1ln\u00edm po\u017eadavk\u016fm, a v\u0161e jsme podpo\u0159ili d\u016fkladn\u00fdmi kontrolami kvality a testov\u00e1n\u00edm v\u00fdkonu. D\u00edky tomu z\u00edsk\u00e1te p\u0159esn\u011b to, co v\u00e1\u0161 projekt pot\u0159ebuje.<\/p>\n<h2 class=\"font-600 text-xl font-bold\">Zvy\u0161ov\u00e1n\u00ed hodnoty kotev pro mont\u00e1\u017e sendvi\u010dov\u00fdch panel\u016f prost\u0159ednictv\u00edm odborn\u00e9 podpory<\/h2>\n<p class=\"whitespace-pre-wrap break-words\">Maxim\u00e1ln\u00ed vyu\u017eit\u00ed kotev pro mont\u00e1\u017e sendvi\u010dov\u00fdch panel\u016f nen\u00ed jen o hardwaru, ale tak\u00e9 o podpo\u0159e, kter\u00e1 za n\u00edm stoj\u00ed. N\u00e1\u0161 t\u00fdm ve spole\u010dnosti Qingdao H&amp;F v\u011b\u0159\u00ed v jasnou komunikaci a odborn\u00e9 veden\u00ed. \u00dazce spolupracujeme s ka\u017ed\u00fdm klientem, abychom pochopili jeho specifick\u00e9 pot\u0159eby a poskytli c\u00edlen\u00e1 doporu\u010den\u00ed pro optim\u00e1ln\u00ed v\u00fdkon.<\/p>\n<p class=\"whitespace-pre-wrap break-words\">V\u00edme, \u017ee stavebn\u00ed projekty si nemohou dovolit zpo\u017ed\u011bn\u00ed, a proto jsme optimalizovali n\u00e1\u0161 proces dod\u00e1vek. D\u00edky efektivn\u00edmu \u0159\u00edzen\u00ed dodavatelsk\u00e9ho \u0159et\u011bzce a strategick\u00fdm partnerstv\u00edm zaji\u0161\u0165ujeme, \u017ee va\u0161e kotvy doraz\u00ed, kdykoli je pot\u0159ebujete, a\u0165 jste kdekoli.<\/p>\n<p class=\"whitespace-pre-wrap break-words\">Ke ka\u017ed\u00e9 z\u00e1silce jsou p\u0159ilo\u017eeny podrobn\u00e9 zpr\u00e1vy o kontrole kvality, kter\u00e9 v\u00e1m poskytnou \u00fapln\u00fd p\u0159ehled o specifikac\u00edch a v\u00fdkonnostn\u00edch \u00fadaj\u00edch v\u00fdrobku. Tato transparentnost odr\u00e1\u017e\u00ed n\u00e1\u0161 z\u00e1vazek poskytovat dokonal\u00e9 slu\u017eby.<\/p>\n<h2 class=\"font-600 text-xl font-bold\">V\u00fdhled do budoucna: Budoucnost kotev pro mont\u00e1\u017e sendvi\u010dov\u00fdch panel\u016f<\/h2>\n<p class=\"whitespace-pre-wrap break-words\">Stavebnictv\u00ed se neust\u00e1le vyv\u00edj\u00ed a techniky mont\u00e1\u017ee panel\u016f nejsou v\u00fdjimkou. Jsme sv\u011bdky zaj\u00edmav\u00e9ho v\u00fdvoje v oblasti kotevn\u00edch technologi\u00ed, v\u010detn\u011b pevn\u011bj\u0161\u00edch, ale leh\u010d\u00edch materi\u00e1l\u016f. Budoucnost by mohla p\u0159in\u00e9st inteligentn\u00ed kotvy s vestav\u011bn\u00fdmi senzory pro sledov\u00e1n\u00ed zat\u00ed\u017een\u00ed a vyrovn\u00e1n\u00ed, co\u017e posune bezpe\u010dnost a efektivitu na novou \u00farove\u0148.<\/p>\n<p class=\"whitespace-pre-wrap break-words\">Ve spole\u010dnosti Qingdao H&amp;F m\u00e1me p\u0159ed t\u011bmito zm\u011bnami v odv\u011btv\u00ed n\u00e1skok. T\u00edm, \u017ee dr\u017e\u00edme krok s nejnov\u011bj\u0161\u00edm v\u00fdvojem, zaji\u0161\u0165ujeme, aby na\u0161i klienti m\u011bli v\u017edy p\u0159\u00edstup ke \u0161pi\u010dkov\u00fdm \u0159e\u0161en\u00edm. Kombinujeme inovativn\u00ed produkty se slu\u017ebami zam\u011b\u0159en\u00fdmi na z\u00e1kazn\u00edka, abychom si udr\u017eeli pozici l\u00eddra na trhu s \u0159e\u0161en\u00edmi pro mont\u00e1\u017e kotevn\u00edch panel\u016f.<\/p>\n<p class=\"whitespace-pre-wrap break-words\">Z\u00e1v\u011brem lze \u0159\u00edci, \u017ee kotvy pro mont\u00e1\u017e sendvi\u010dov\u00fdch panel\u016f jsou i nad\u00e1le z\u00e1kladem \u00fasp\u011b\u0161n\u00e9 modern\u00ed v\u00fdstavby. Jejich role p\u0159i bezpe\u010dn\u00e9 a efektivn\u00ed mont\u00e1\u017ei je pro stavitele i dodavatele neoceniteln\u00e1. Ve spole\u010dnosti Qingdao H&amp;F jsme hrd\u00ed na to, \u017ee jsme spolehliv\u00fdm partnerem v t\u00e9to dynamick\u00e9 oblasti a poskytujeme klient\u016fm po cel\u00e9m sv\u011bt\u011b kvalitu a dokonalost.<\/p>","protected":false},"excerpt":{"rendered":"<p>Ve stavebnictv\u00ed jsou kotvy pro mont\u00e1\u017e sendvi\u010dov\u00fdch panel\u016f velmi d\u016fle\u017eit\u00fdm n\u00e1strojem, kter\u00fd umo\u017e\u0148uje bezpe\u010dn\u00e9 a efektivn\u00ed zved\u00e1n\u00ed a mont\u00e1\u017e sendvi\u010dov\u00fdch panel\u016f. Jako kupuj\u00edc\u00ed byste se m\u011bli zam\u011b\u0159it na t\u0159i kl\u00ed\u010dov\u00e9 v\u011bci: spolehlivost, kompatibilitu s r\u016fzn\u00fdmi typy panel\u016f a silnou nosnost. Ve spole\u010dnosti Qingdao H&amp;F jsme 20 let zdokonalovali n\u00e1\u0161 p\u0159\u00edstup: nab\u00edz\u00edme individu\u00e1ln\u00ed z\u00e1kaznick\u00fd servis, rychlej\u0161\u00ed dodac\u00ed lh\u016fty a podrobn\u00e9 zpr\u00e1vy o kvalit\u011b ka\u017ed\u00e9 odeslan\u00e9 objedn\u00e1vky. Na\u0161\u00edm c\u00edlem je poskytnout na\u0161im z\u00e1kazn\u00edk\u016fm po cel\u00e9m sv\u011bt\u011b co nejhlad\u0161\u00ed n\u00e1kupn\u00ed z\u00e1\u017eitek.<\/p>","protected":false},"featured_media":8533,"comment_status":"open","ping_status":"closed","template":"","meta":{"site-sidebar-layout":"default","site-content-layout":"","ast-site-content-layout":"default","site-content-style":"default","site-sidebar-style":"default","ast-global-header-display":"","ast-banner-title-visibility":"","ast-main-header-display":"","ast-hfb-above-header-display":"","ast-hfb-below-header-display":"","ast-hfb-mobile-header-display":"","site-post-title":"","ast-breadcrumbs-content":"","ast-featured-img":"","footer-sml-layout":"","theme-transparent-header-meta":"default","adv-header-id-meta":"","stick-header-meta":"default","header-above-stick-meta":"","header-main-stick-meta":"","header-below-stick-meta":"","astra-migrate-meta-layouts":"set","ast-page-background-enabled":"default","ast-page-background-meta":{"desktop":{"background-color":"","background-image":"","background-repeat":"repeat","background-position":"center center","background-size":"auto","background-attachment":"scroll","background-type":"","background-media":"","overlay-type":"","overlay-color":"","overlay-opacity":"","overlay-gradient":""},"tablet":{"background-color":"","background-image":"","background-repeat":"repeat","background-position":"center center","background-size":"auto","background-attachment":"scroll","background-type":"","background-media":"","overlay-type":"","overlay-color":"","overlay-opacity":"","overlay-gradient":""},"mobile":{"background-color":"","background-image":"","background-repeat":"repeat","background-position":"center center","background-size":"auto","background-attachment":"scroll","background-type":"","background-media":"","overlay-type":"","overlay-color":"","overlay-opacity":"","overlay-gradient":""}},"ast-content-background-meta":{"desktop":{"background-color":"var(--ast-global-color-5)","background-image":"","background-repeat":"repeat","background-position":"center center","background-size":"auto","background-attachment":"scroll","background-type":"","background-media":"","overlay-type":"","overlay-color":"","overlay-opacity":"","overlay-gradient":""},"tablet":{"background-color":"var(--ast-global-color-5)","background-image":"","background-repeat":"repeat","background-position":"center center","background-size":"auto","background-attachment":"scroll","background-type":"","background-media":"","overlay-type":"","overlay-color":"","overlay-opacity":"","overlay-gradient":""},"mobile":{"background-color":"var(--ast-global-color-5)","background-image":"","background-repeat":"repeat","background-position":"center center","background-size":"auto","background-attachment":"scroll","background-type":"","background-media":"","overlay-type":"","overlay-color":"","overlay-opacity":"","overlay-gradient":""}}},"product_brand":[],"product_cat":[30],"product_tag":[],"class_list":{"0":"post-8532","1":"product","2":"type-product","3":"status-publish","4":"has-post-thumbnail","6":"product_cat-lifting-anchor","7":"desktop-align-left","8":"tablet-align-left","9":"mobile-align-left","10":"ast-product-gallery-layout-horizontal-slider","11":"ast-product-tabs-layout-horizontal","13":"first","14":"instock","15":"shipping-taxable","16":"purchasable","17":"product-type-simple"},"yoast_head":"<!-- This site is optimized with the Yoast SEO plugin v25.2 - https:\/\/yoast.com\/wordpress\/plugins\/seo\/ -->\n<title>Sandwich Panel Erection Anchor<\/title>\n<meta name=\"robots\" content=\"index, follow, max-snippet:-1, max-image-preview:large, max-video-preview:-1\" \/>\n<link rel=\"canonical\" href=\"https:\/\/qingdaohf.com\/cs\/produkt\/kotva-pro-montaz-sendvicovych-panelu\/\" \/>\n<meta property=\"og:locale\" content=\"cs_CZ\" \/>\n<meta property=\"og:type\" content=\"article\" \/>\n<meta property=\"og:title\" content=\"Sandwich Panel Erection Anchor\" \/>\n<meta property=\"og:description\" content=\"In construction, sandwich panel erection anchors are very important tools that make the lifting and installation of sandwich panels both safe and efficient. You would want to focus on three key things as a buyer: reliability, compatibility with different panel types, and strong load-bearing capacity. Here at Qingdao H&amp;F, we have spent 20 years perfecting our approach: offering personalized customer service, quicker delivery times, and detailed quality reports for every order shipped. We are committed to giving our clients worldwide the smoothest possible purchasing experience.\" \/>\n<meta property=\"og:url\" content=\"https:\/\/qingdaohf.com\/cs\/produkt\/kotva-pro-montaz-sendvicovych-panelu\/\" \/>\n<meta property=\"og:site_name\" content=\"Concrete Form &amp; Rigging Hardware Supplier\" \/>\n<meta property=\"article:publisher\" content=\"https:\/\/www.facebook.com\/qingdaohf\" \/>\n<meta property=\"article:modified_time\" content=\"2025-11-13T01:02:22+00:00\" \/>\n<meta property=\"og:image\" content=\"https:\/\/qingdaohf.com\/wp-content\/uploads\/2024\/12\/Erection-Anchor_\u526f\u672c.jpg\" \/>\n\t<meta property=\"og:image:width\" content=\"1000\" \/>\n\t<meta property=\"og:image:height\" content=\"1000\" \/>\n\t<meta property=\"og:image:type\" content=\"image\/jpeg\" \/>\n<meta name=\"twitter:card\" content=\"summary_large_image\" \/>\n<meta name=\"twitter:label1\" content=\"Odhadovan\u00e1 doba \u010dten\u00ed\" \/>\n\t<meta name=\"twitter:data1\" content=\"4 minuty\" \/>\n<script type=\"application\/ld+json\" class=\"yoast-schema-graph\">{\"@context\":\"https:\/\/schema.org\",\"@graph\":[{\"@type\":\"WebPage\",\"@id\":\"https:\/\/qingdaohf.com\/product\/sandwich-panel-erection-anchor\/\",\"url\":\"https:\/\/qingdaohf.com\/product\/sandwich-panel-erection-anchor\/\",\"name\":\"Sandwich Panel Erection Anchor\",\"isPartOf\":{\"@id\":\"https:\/\/qingdaohf.com\/bg\/#website\"},\"primaryImageOfPage\":{\"@id\":\"https:\/\/qingdaohf.com\/product\/sandwich-panel-erection-anchor\/#primaryimage\"},\"image\":{\"@id\":\"https:\/\/qingdaohf.com\/product\/sandwich-panel-erection-anchor\/#primaryimage\"},\"thumbnailUrl\":\"https:\/\/qingdaohf.com\/wp-content\/uploads\/2024\/12\/Erection-Anchor_\u526f\u672c.jpg\",\"datePublished\":\"2024-12-16T03:17:22+00:00\",\"dateModified\":\"2025-11-13T01:02:22+00:00\",\"breadcrumb\":{\"@id\":\"https:\/\/qingdaohf.com\/product\/sandwich-panel-erection-anchor\/#breadcrumb\"},\"inLanguage\":\"cs\",\"potentialAction\":[{\"@type\":\"ReadAction\",\"target\":[\"https:\/\/qingdaohf.com\/product\/sandwich-panel-erection-anchor\/\"]}]},{\"@type\":\"ImageObject\",\"inLanguage\":\"cs\",\"@id\":\"https:\/\/qingdaohf.com\/product\/sandwich-panel-erection-anchor\/#primaryimage\",\"url\":\"https:\/\/qingdaohf.com\/wp-content\/uploads\/2024\/12\/Erection-Anchor_\u526f\u672c.jpg\",\"contentUrl\":\"https:\/\/qingdaohf.com\/wp-content\/uploads\/2024\/12\/Erection-Anchor_\u526f\u672c.jpg\",\"width\":1000,\"height\":1000,\"caption\":\"sandwich panel Erection Anchor\"},{\"@type\":\"BreadcrumbList\",\"@id\":\"https:\/\/qingdaohf.com\/product\/sandwich-panel-erection-anchor\/#breadcrumb\",\"itemListElement\":[{\"@type\":\"ListItem\",\"position\":1,\"name\":\"Home\",\"item\":\"https:\/\/qingdaohf.com\/\"},{\"@type\":\"ListItem\",\"position\":2,\"name\":\"Concrete Forming Accessories and Rigging Hardware\",\"item\":\"https:\/\/qingdaohf.com\/bg\/?page_id=944\"},{\"@type\":\"ListItem\",\"position\":3,\"name\":\"Sandwich Panel Erection Anchor\"}]},{\"@type\":\"WebSite\",\"@id\":\"https:\/\/qingdaohf.com\/bg\/#website\",\"url\":\"https:\/\/qingdaohf.com\/bg\/\",\"name\":\"Concrete Form & Rigging Hardware Supplier\",\"description\":\"\",\"publisher\":{\"@id\":\"https:\/\/qingdaohf.com\/bg\/#organization\"},\"potentialAction\":[{\"@type\":\"SearchAction\",\"target\":{\"@type\":\"EntryPoint\",\"urlTemplate\":\"https:\/\/qingdaohf.com\/bg\/?s={search_term_string}\"},\"query-input\":{\"@type\":\"PropertyValueSpecification\",\"valueRequired\":true,\"valueName\":\"search_term_string\"}}],\"inLanguage\":\"cs\"},{\"@type\":\"Organization\",\"@id\":\"https:\/\/qingdaohf.com\/bg\/#organization\",\"name\":\"Qingdao H&F\",\"url\":\"https:\/\/qingdaohf.com\/bg\/\",\"logo\":{\"@type\":\"ImageObject\",\"inLanguage\":\"cs\",\"@id\":\"https:\/\/qingdaohf.com\/bg\/#\/schema\/logo\/image\/\",\"url\":\"https:\/\/qingdaohf.com\/wp-content\/uploads\/2022\/12\/cropped-HF-LOGO.png\",\"contentUrl\":\"https:\/\/qingdaohf.com\/wp-content\/uploads\/2022\/12\/cropped-HF-LOGO.png\",\"width\":391,\"height\":249,\"caption\":\"Qingdao H&F\"},\"image\":{\"@id\":\"https:\/\/qingdaohf.com\/bg\/#\/schema\/logo\/image\/\"},\"sameAs\":[\"https:\/\/www.facebook.com\/qingdaohf\"]}]}<\/script>\n<!-- \/ Yoast SEO plugin. -->","yoast_head_json":{"title":"Sandwich Panel Erection Anchor","robots":{"index":"index","follow":"follow","max-snippet":"max-snippet:-1","max-image-preview":"max-image-preview:large","max-video-preview":"max-video-preview:-1"},"canonical":"https:\/\/qingdaohf.com\/cs\/produkt\/kotva-pro-montaz-sendvicovych-panelu\/","og_locale":"cs_CZ","og_type":"article","og_title":"Sandwich Panel Erection Anchor","og_description":"In construction, sandwich panel erection anchors are very important tools that make the lifting and installation of sandwich panels both safe and efficient. You would want to focus on three key things as a buyer: reliability, compatibility with different panel types, and strong load-bearing capacity. Here at Qingdao H&amp;F, we have spent 20 years perfecting our approach: offering personalized customer service, quicker delivery times, and detailed quality reports for every order shipped. We are committed to giving our clients worldwide the smoothest possible purchasing experience.","og_url":"https:\/\/qingdaohf.com\/cs\/produkt\/kotva-pro-montaz-sendvicovych-panelu\/","og_site_name":"Concrete Form &amp; Rigging Hardware Supplier","article_publisher":"https:\/\/www.facebook.com\/qingdaohf","article_modified_time":"2025-11-13T01:02:22+00:00","og_image":[{"width":1000,"height":1000,"url":"https:\/\/qingdaohf.com\/wp-content\/uploads\/2024\/12\/Erection-Anchor_\u526f\u672c.jpg","type":"image\/jpeg"}],"twitter_card":"summary_large_image","twitter_misc":{"Odhadovan\u00e1 doba \u010dten\u00ed":"4 minuty"},"schema":{"@context":"https:\/\/schema.org","@graph":[{"@type":"WebPage","@id":"https:\/\/qingdaohf.com\/product\/sandwich-panel-erection-anchor\/","url":"https:\/\/qingdaohf.com\/product\/sandwich-panel-erection-anchor\/","name":"Sandwich Panel Erection Anchor","isPartOf":{"@id":"https:\/\/qingdaohf.com\/bg\/#website"},"primaryImageOfPage":{"@id":"https:\/\/qingdaohf.com\/product\/sandwich-panel-erection-anchor\/#primaryimage"},"image":{"@id":"https:\/\/qingdaohf.com\/product\/sandwich-panel-erection-anchor\/#primaryimage"},"thumbnailUrl":"https:\/\/qingdaohf.com\/wp-content\/uploads\/2024\/12\/Erection-Anchor_\u526f\u672c.jpg","datePublished":"2024-12-16T03:17:22+00:00","dateModified":"2025-11-13T01:02:22+00:00","breadcrumb":{"@id":"https:\/\/qingdaohf.com\/product\/sandwich-panel-erection-anchor\/#breadcrumb"},"inLanguage":"cs","potentialAction":[{"@type":"ReadAction","target":["https:\/\/qingdaohf.com\/product\/sandwich-panel-erection-anchor\/"]}]},{"@type":"ImageObject","inLanguage":"cs","@id":"https:\/\/qingdaohf.com\/product\/sandwich-panel-erection-anchor\/#primaryimage","url":"https:\/\/qingdaohf.com\/wp-content\/uploads\/2024\/12\/Erection-Anchor_\u526f\u672c.jpg","contentUrl":"https:\/\/qingdaohf.com\/wp-content\/uploads\/2024\/12\/Erection-Anchor_\u526f\u672c.jpg","width":1000,"height":1000,"caption":"sandwich panel Erection Anchor"},{"@type":"BreadcrumbList","@id":"https:\/\/qingdaohf.com\/product\/sandwich-panel-erection-anchor\/#breadcrumb","itemListElement":[{"@type":"ListItem","position":1,"name":"Home","item":"https:\/\/qingdaohf.com\/"},{"@type":"ListItem","position":2,"name":"Concrete Forming Accessories and Rigging Hardware","item":"https:\/\/qingdaohf.com\/bg\/?page_id=944"},{"@type":"ListItem","position":3,"name":"Sandwich Panel Erection Anchor"}]},{"@type":"WebSite","@id":"https:\/\/qingdaohf.com\/bg\/#website","url":"https:\/\/qingdaohf.com\/bg\/","name":"Concrete Form & Rigging Hardware Supplier","description":"","publisher":{"@id":"https:\/\/qingdaohf.com\/bg\/#organization"},"potentialAction":[{"@type":"SearchAction","target":{"@type":"EntryPoint","urlTemplate":"https:\/\/qingdaohf.com\/bg\/?s={search_term_string}"},"query-input":{"@type":"PropertyValueSpecification","valueRequired":true,"valueName":"search_term_string"}}],"inLanguage":"cs"},{"@type":"Organization","@id":"https:\/\/qingdaohf.com\/bg\/#organization","name":"Qingdao H&F","url":"https:\/\/qingdaohf.com\/bg\/","logo":{"@type":"ImageObject","inLanguage":"cs","@id":"https:\/\/qingdaohf.com\/bg\/#\/schema\/logo\/image\/","url":"https:\/\/qingdaohf.com\/wp-content\/uploads\/2022\/12\/cropped-HF-LOGO.png","contentUrl":"https:\/\/qingdaohf.com\/wp-content\/uploads\/2022\/12\/cropped-HF-LOGO.png","width":391,"height":249,"caption":"Qingdao H&F"},"image":{"@id":"https:\/\/qingdaohf.com\/bg\/#\/schema\/logo\/image\/"},"sameAs":["https:\/\/www.facebook.com\/qingdaohf"]}]}},"_links":{"self":[{"href":"https:\/\/qingdaohf.com\/cs\/wp-json\/wp\/v2\/product\/8532","targetHints":{"allow":["GET"]}}],"collection":[{"href":"https:\/\/qingdaohf.com\/cs\/wp-json\/wp\/v2\/product"}],"about":[{"href":"https:\/\/qingdaohf.com\/cs\/wp-json\/wp\/v2\/types\/product"}],"replies":[{"embeddable":true,"href":"https:\/\/qingdaohf.com\/cs\/wp-json\/wp\/v2\/comments?post=8532"}],"version-history":[{"count":1,"href":"https:\/\/qingdaohf.com\/cs\/wp-json\/wp\/v2\/product\/8532\/revisions"}],"predecessor-version":[{"id":8534,"href":"https:\/\/qingdaohf.com\/cs\/wp-json\/wp\/v2\/product\/8532\/revisions\/8534"}],"wp:featuredmedia":[{"embeddable":true,"href":"https:\/\/qingdaohf.com\/cs\/wp-json\/wp\/v2\/media\/8533"}],"wp:attachment":[{"href":"https:\/\/qingdaohf.com\/cs\/wp-json\/wp\/v2\/media?parent=8532"}],"wp:term":[{"taxonomy":"product_brand","embeddable":true,"href":"https:\/\/qingdaohf.com\/cs\/wp-json\/wp\/v2\/product_brand?post=8532"},{"taxonomy":"product_cat","embeddable":true,"href":"https:\/\/qingdaohf.com\/cs\/wp-json\/wp\/v2\/product_cat?post=8532"},{"taxonomy":"product_tag","embeddable":true,"href":"https:\/\/qingdaohf.com\/cs\/wp-json\/wp\/v2\/product_tag?post=8532"}],"curies":[{"name":"wp","href":"https:\/\/api.w.org\/{rel}","templated":true}]}}