{"id":8601,"date":"2024-12-27T17:18:28","date_gmt":"2024-12-27T09:18:28","guid":{"rendered":"http:\/\/qingdaohf.com\/?post_type=product&#038;p=8601"},"modified":"2025-11-13T09:02:22","modified_gmt":"2025-11-13T01:02:22","slug":"formwork-water-stop","status":"publish","type":"product","link":"https:\/\/qingdaohf.com\/cs\/produkt\/zarazka-vody-v-bedneni\/","title":{"rendered":"Zastaven\u00ed vody v bedn\u011bn\u00ed"},"content":{"rendered":"<p class=\"whitespace-pre-wrap break-words\">V\u00fdrobky pro zastaven\u00ed vody v bedn\u011bn\u00ed maj\u00ed z\u00e1sadn\u00ed v\u00fdznam pro hydroizolaci a zachov\u00e1n\u00ed celistvosti konstrukce betonov\u00e9 stavby. Tyto komponenty pracuj\u00ed spolu s p\u0159\u00edslu\u0161enstv\u00edm bedn\u011bn\u00ed, jako jsou v\u00e1zac\u00ed ty\u010de a k\u0159\u00eddlov\u00e9 matice, aby zabr\u00e1nily prosakov\u00e1n\u00ed vody a chr\u00e1nily betonov\u00e9 konstrukce. Poj\u010fme prozkoumat, jak tyto prvky spolupracuj\u00ed a pro\u010d jsou d\u016fle\u017eit\u00e9 pro va\u0161e stavebn\u00ed projekty.<\/p>\n<h2 class=\"font-600 text-xl font-bold\">Porozum\u011bn\u00ed vodn\u00edm uz\u00e1v\u011br\u016fm bedn\u011bn\u00ed<\/h2>\n<p class=\"whitespace-pre-wrap break-words\">P\u0159i stavb\u011b z betonu se nevyhnuteln\u011b setk\u00e1te se sp\u00e1rami mezi jednotliv\u00fdmi \u010d\u00e1stmi - ty vznikaj\u00ed z praktick\u00fdch d\u016fvod\u016f, jako jsou stavebn\u00ed p\u0159est\u00e1vky nebo pou\u017eit\u00ed odd\u011blen\u00fdch \u010d\u00e1st\u00ed formy. Proto\u017ee je beton p\u0159irozen\u011b por\u00e9zn\u00ed, mohou se tyto sp\u00e1ry st\u00e1t slab\u00fdmi m\u00edsty, kudy m\u016f\u017ee pronikat voda. Pr\u00e1v\u011b zde p\u0159ich\u00e1zej\u00ed na \u0159adu uz\u00e1v\u011bry vody.<\/p>\n<p class=\"whitespace-pre-wrap break-words\">Vodn\u00ed uz\u00e1v\u011bry se vyr\u00e1b\u011bj\u00ed z materi\u00e1l\u016f, kter\u00e9 se mohou oh\u00fdbat a pohybovat s betonem - obvykle z PVC, pry\u017ee nebo speci\u00e1ln\u00edch hydrofiln\u00edch sm\u011bs\u00ed. Kl\u00ed\u010dov\u00e9 je zvolit n\u011bco, co si zachov\u00e1 svou \u00fa\u010dinnost, kdy\u017e se beton usazuje a reaguje na zm\u011bny prost\u0159ed\u00ed. Tyto z\u00e1brany je t\u0159eba nainstalovat p\u0159ed vylit\u00edm betonu, \u010d\u00edm\u017e se vytvo\u0159\u00ed fyzick\u00e1 bari\u00e9ra proti pronik\u00e1n\u00ed vody. To je obzvl\u00e1\u0161t\u011b d\u016fle\u017eit\u00e9 u konstrukc\u00ed, jako jsou sklepy, tunely a p\u0159ehrady, kde je tlak vody st\u00e1l\u00fdm probl\u00e9mem.<\/p>\n<h2 class=\"font-600 text-xl font-bold\">\u00daloha v\u00e1zac\u00edch ty\u010d\u00ed v bedn\u011bn\u00ed<\/h2>\n<p><img fetchpriority=\"high\" decoding=\"async\" class=\"alignnone wp-image-8579 size-full\" src=\"http:\/\/qingdaohf.com\/wp-content\/uploads\/2024\/12\/tie-rod-92.webp\" alt=\"syst\u00e9m v\u00e1zac\u00edch ty\u010d\u00ed\" width=\"1000\" height=\"1000\" srcset=\"https:\/\/qingdaohf.com\/wp-content\/uploads\/2024\/12\/tie-rod-92.webp 1000w, https:\/\/qingdaohf.com\/wp-content\/uploads\/2024\/12\/tie-rod-92-300x300.webp 300w, https:\/\/qingdaohf.com\/wp-content\/uploads\/2024\/12\/tie-rod-92-150x150.webp 150w, https:\/\/qingdaohf.com\/wp-content\/uploads\/2024\/12\/tie-rod-92-768x768.webp 768w, https:\/\/qingdaohf.com\/wp-content\/uploads\/2024\/12\/tie-rod-92-12x12.webp 12w, https:\/\/qingdaohf.com\/wp-content\/uploads\/2024\/12\/tie-rod-92-500x500.webp 500w, https:\/\/qingdaohf.com\/wp-content\/uploads\/2024\/12\/tie-rod-92-100x100.webp 100w\" sizes=\"(max-width: 1000px) 100vw, 1000px\" \/><\/p>\n<p class=\"whitespace-pre-wrap break-words\">Stahovac\u00ed ty\u010de (neboli bednic\u00ed t\u00e1hla) jsou neop\u011bvovan\u00fdmi hrdiny betonov\u00fdch konstrukc\u00ed. Tyto ocelov\u00e9 sou\u010d\u00e1sti dr\u017e\u00ed bednic\u00ed panely stabiln\u011b b\u011bhem lit\u00ed a vytvrzov\u00e1n\u00ed betonu. T\u00edm, \u017ee se provl\u00e9knou skrz panely a na obou konc\u00edch zajist\u00ed k\u0159\u00eddlov\u00fdmi maticemi, zaji\u0161\u0165uj\u00ed nap\u011bt\u00ed pot\u0159ebn\u00e9 k udr\u017een\u00ed stability pod obrovsk\u00fdm tlakem mokr\u00e9ho betonu.<\/p>\n<p class=\"whitespace-pre-wrap break-words\">Vztah mezi vodn\u00edmi uz\u00e1v\u011bry a t\u00e1hly je z\u00e1sadn\u00ed - mus\u00ed spolu bez probl\u00e9m\u016f spolupracovat. Zat\u00edmco t\u00e1hla udr\u017euj\u00ed polohu bedn\u011bn\u00ed, vodn\u00ed uz\u00e1v\u011bry zaji\u0161\u0165uj\u00ed nepropustnost sp\u00e1r. Spr\u00e1vn\u00e9 nastaven\u00ed t\u00e9to kombinace zabra\u0148uje pronik\u00e1n\u00ed vody a n\u00e1kladn\u00fdm budouc\u00edm oprav\u00e1m. Po zatuhnut\u00ed betonu pracovn\u00edci odstran\u00ed v\u00e1zac\u00ed ty\u010de a k\u0159\u00eddlov\u00e9 matice a zanechaj\u00ed po sob\u011b \u0159\u00e1dn\u011b vodot\u011bsn\u00e9 sp\u00e1ry.<\/p>\n<h2 class=\"font-600 text-xl font-bold\">V\u00fdznam k\u0159\u00eddlov\u00fdch matic p\u0159i stavb\u011b bedn\u011bn\u00ed<\/h2>\n<p class=\"whitespace-pre-wrap break-words\">K\u0159\u00eddlov\u00e9 matice se mohou zd\u00e1t jednoduch\u00e9, ale jsou nezbytn\u00e9 pro jemn\u00e9 dolad\u011bn\u00ed instalace bedn\u011bn\u00ed. Jejich konstrukce umo\u017e\u0148uje pracovn\u00edk\u016fm ru\u010dn\u011b nastavit nap\u011bt\u00ed v\u00e1zac\u00edch ty\u010d\u00ed, co\u017e usnad\u0148uje udr\u017een\u00ed spr\u00e1vn\u00e9ho vyrovn\u00e1n\u00ed panel\u016f p\u0159i beton\u00e1\u017ei. Tato p\u0159esn\u00e1 kontrola pom\u00e1h\u00e1 zabr\u00e1nit pohybu panel\u016f, kter\u00fd by mohl ohrozit kone\u010dnou konstrukci.<\/p>\n<p class=\"whitespace-pre-wrap break-words\">Tyto slo\u017eky hraj\u00ed tak\u00e9 kl\u00ed\u010dovou roli v \u00fa\u010dinnosti zastaven\u00ed vody. Pokud jsou v\u00e1zac\u00ed ty\u010de spr\u00e1vn\u011b napnut\u00e9 pomoc\u00ed k\u0159\u00eddlov\u00fdch matic, udr\u017euj\u00ed bednic\u00ed panely a vodn\u00ed uz\u00e1v\u011bry p\u0159esn\u011b tam, kde maj\u00ed b\u00fdt. Bez spr\u00e1vn\u00e9ho se\u0159\u00edzen\u00ed k\u0159\u00eddlov\u00fdch matic by mohl pohyb p\u0159i beton\u00e1\u017ei vytvo\u0159it mezery, kter\u00e9 by umo\u017enily pronik\u00e1n\u00ed vody.<\/p>\n<h2 class=\"font-600 text-xl font-bold\">V\u00fdhody bedn\u011bn\u00ed Vodn\u00ed uz\u00e1v\u011bry p\u0159i hydroizolaci betonu<\/h2>\n<p class=\"whitespace-pre-wrap break-words\">U konstrukc\u00ed, kter\u00e9 jsou trvale vystaveny vlhkosti, jako jsou z\u00e1klady a podzemn\u00ed tunely, je spr\u00e1vn\u00e1 hydroizolace nepostradateln\u00e1. Vodn\u00ed uz\u00e1v\u011bry nab\u00edzej\u00ed n\u011bkolik kl\u00ed\u010dov\u00fdch v\u00fdhod:<\/p>\n<p class=\"whitespace-pre-wrap break-words\">Ochrana konstrukce: D\u00edky tomu, \u017ee zabra\u0148uj\u00ed pronik\u00e1n\u00ed vody do sp\u00e1r, pom\u00e1haj\u00ed zabr\u00e1nit b\u011b\u017en\u00fdm probl\u00e9m\u016fm, jako je koroze v\u00fdztu\u017ee a degradace betonu, kter\u00e9 mohou ohrozit integritu konstrukce.<\/p>\n<p class=\"whitespace-pre-wrap break-words\">P\u0159\u00ednosy z hlediska n\u00e1klad\u016f: P\u0159esto\u017ee se po\u010d\u00e1te\u010dn\u00ed investice do kvalitn\u00edch vodn\u00edch stop m\u016f\u017ee zd\u00e1t zna\u010dn\u00e1, je mnohem levn\u011bj\u0161\u00ed ne\u017e pozd\u011bj\u0161\u00ed opravy \u0161kod zp\u016fsoben\u00fdch vodou. Spr\u00e1vn\u00e9 proveden\u00ed hydroizolace b\u011bhem v\u00fdstavby eliminuje nutnost n\u00e1kladn\u00fdch oprav v budoucnu.<\/p>\n<p class=\"whitespace-pre-wrap break-words\">Zv\u00fd\u0161en\u00e1 \u017eivotnost: Konstrukce se spr\u00e1vnou instalac\u00ed vodn\u00edch uz\u00e1v\u011br\u016f maj\u00ed obvykle del\u0161\u00ed \u017eivotnost, zejm\u00e9na v n\u00e1ro\u010dn\u00fdch prost\u0159ed\u00edch s vysok\u00fdm tlakem vody nebo korozivn\u00edmi podm\u00ednkami.<\/p>\n<p class=\"whitespace-pre-wrap break-words\">Dodr\u017eov\u00e1n\u00ed pr\u00e1vn\u00edch p\u0159edpis\u016f: Mnoho stavebn\u00edch p\u0159edpis\u016f na\u0159izuje pou\u017e\u00edv\u00e1n\u00ed vodn\u00edch stop, zejm\u00e9na u kritick\u00e9 infrastruktury. Jejich pou\u017eit\u00ed pom\u00e1h\u00e1 zajistit, aby v\u00e1\u0161 projekt spl\u0148oval v\u0161echny pot\u0159ebn\u00e9 bezpe\u010dnostn\u00ed a spolehliv\u00e9 normy.<\/p>\n<p class=\"whitespace-pre-wrap break-words\">Odpov\u011bdnost za \u017eivotn\u00ed prost\u0159ed\u00ed: \u00da\u010dinn\u00e1 hydroizolace chr\u00e1n\u00ed nejen stavbu, ale tak\u00e9 okoln\u00ed prost\u0159ed\u00ed p\u0159ed mo\u017enou kontaminac\u00ed v d\u016fsledku \u00faniku vody.<\/p>\n<h2 class=\"font-600 text-xl font-bold\">Pro\u010d si vybrat n\u00e1s pro sv\u00e9 bedn\u011bn\u00ed s vodn\u00ed uz\u00e1v\u011brou?<\/h2>\n<p class=\"whitespace-pre-wrap break-words\">Na\u0161e spole\u010dnost se specializuje na poskytov\u00e1n\u00ed vysoce kvalitn\u00edch bednic\u00edch \u0159e\u0161en\u00ed profesion\u00e1l\u016fm ve stavebnictv\u00ed. Ch\u00e1peme, \u017ee ka\u017ed\u00fd projekt m\u00e1 jedine\u010dn\u00e9 probl\u00e9my, a proto nab\u00edz\u00edme individu\u00e1ln\u00ed podporu, kter\u00e1 v\u00e1m pom\u016f\u017ee vybrat ty spr\u00e1vn\u00e9 produkty.<\/p>\n<p class=\"whitespace-pre-wrap break-words\">Jsme hrd\u00ed na rychl\u00e9 dodac\u00ed lh\u016fty a komplexn\u00ed dokumentaci o kontrole kvality. A\u0165 u\u017e \u0159\u00edd\u00edte velk\u00fd infrastrukturn\u00ed projekt nebo men\u0161\u00ed stavbu, n\u00e1\u0161 t\u00fdm v\u00e1m poskytne odborn\u00e9 znalosti a podporu, kterou pot\u0159ebujete v pr\u016fb\u011bhu cel\u00e9ho projektu.<\/p>\n<h2 class=\"font-600 text-xl font-bold\">Z\u00e1v\u011br<\/h2>\n<p class=\"whitespace-pre-wrap break-words\">\u00dasp\u011bch betonov\u00e9 konstrukce \u010dasto z\u00e1vis\u00ed na spr\u00e1vn\u00e9m proveden\u00ed detail\u016f - zejm\u00e9na pokud jde o hydroizolaci. \u00da\u010dinn\u00e9 pou\u017eit\u00ed vodn\u00edch uz\u00e1v\u011br\u016f spolu se spr\u00e1vn\u011b instalovan\u00fdmi v\u00e1zac\u00edmi ty\u010demi a k\u0159\u00eddlov\u00fdmi maticemi pom\u00e1h\u00e1 zajistit, aby va\u0161e konstrukce z\u016fstaly vodot\u011bsn\u00e9 a odoln\u00e9. D\u00edky spolupr\u00e1ci se spolehliv\u00fdm dodavatelem, jako jsme my, z\u00edsk\u00e1te kvalitn\u00ed v\u00fdrobky a podporu pot\u0159ebnou k \u00fasp\u011b\u0161n\u00e9mu dokon\u010den\u00ed va\u0161ich projekt\u016f.<\/p>","protected":false},"excerpt":{"rendered":"<p>V\u00fdrobky pro zastaven\u00ed vody v bedn\u011bn\u00ed jsou nezbytn\u00e9 pro vytvo\u0159en\u00ed vodot\u011bsn\u00fdch bari\u00e9r v betonov\u00fdch konstrukc\u00edch, kter\u00e9 zabra\u0148uj\u00ed \u00faniku vody p\u0159es sp\u00e1ry v betonov\u00fdch konstrukc\u00edch. Tyto v\u00fdrobky jsou navr\u017eeny tak, aby se pou\u017e\u00edvaly ve spojen\u00ed s dal\u0161\u00edm p\u0159\u00edslu\u0161enstv\u00edm bedn\u011bn\u00ed, jako jsou v\u00e1zac\u00ed ty\u010de a k\u0159\u00eddlov\u00e9 matice, a zaji\u0161\u0165ovaly tak bezprobl\u00e9mov\u00fd a trvanliv\u00fd proces v\u00fdstavby. Jako obchodn\u00ed spole\u010dnost nab\u00edz\u00edme individu\u00e1ln\u00ed z\u00e1kaznick\u00fd servis, rychl\u00e9 dodac\u00ed cykly a poskytujeme r\u016fzn\u00e9 zpr\u00e1vy o kontrole kvality, abychom na\u0161im z\u00e1kazn\u00edk\u016fm zajistili nejvy\u0161\u0161\u00ed standard. A\u0165 u\u017e pot\u0159ebujete poradit se specifikac\u00ed v\u00fdrobku nebo v\u010das dodat, jsme odhodl\u00e1ni splnit va\u0161e pot\u0159eby efektivn\u011b a spolehliv\u011b.<\/p>","protected":false},"featured_media":8599,"comment_status":"open","ping_status":"closed","template":"","meta":{"site-sidebar-layout":"default","site-content-layout":"","ast-site-content-layout":"default","site-content-style":"default","site-sidebar-style":"default","ast-global-header-display":"","ast-banner-title-visibility":"","ast-main-header-display":"","ast-hfb-above-header-display":"","ast-hfb-below-header-display":"","ast-hfb-mobile-header-display":"","site-post-title":"","ast-breadcrumbs-content":"","ast-featured-img":"","footer-sml-layout":"","theme-transparent-header-meta":"default","adv-header-id-meta":"","stick-header-meta":"default","header-above-stick-meta":"","header-main-stick-meta":"","header-below-stick-meta":"","astra-migrate-meta-layouts":"set","ast-page-background-enabled":"default","ast-page-background-meta":{"desktop":{"background-color":"","background-image":"","background-repeat":"repeat","background-position":"center center","background-size":"auto","background-attachment":"scroll","background-type":"","background-media":"","overlay-type":"","overlay-color":"","overlay-opacity":"","overlay-gradient":""},"tablet":{"background-color":"","background-image":"","background-repeat":"repeat","background-position":"center center","background-size":"auto","background-attachment":"scroll","background-type":"","background-media":"","overlay-type":"","overlay-color":"","overlay-opacity":"","overlay-gradient":""},"mobile":{"background-color":"","background-image":"","background-repeat":"repeat","background-position":"center center","background-size":"auto","background-attachment":"scroll","background-type":"","background-media":"","overlay-type":"","overlay-color":"","overlay-opacity":"","overlay-gradient":""}},"ast-content-background-meta":{"desktop":{"background-color":"var(--ast-global-color-5)","background-image":"","background-repeat":"repeat","background-position":"center center","background-size":"auto","background-attachment":"scroll","background-type":"","background-media":"","overlay-type":"","overlay-color":"","overlay-opacity":"","overlay-gradient":""},"tablet":{"background-color":"var(--ast-global-color-5)","background-image":"","background-repeat":"repeat","background-position":"center center","background-size":"auto","background-attachment":"scroll","background-type":"","background-media":"","overlay-type":"","overlay-color":"","overlay-opacity":"","overlay-gradient":""},"mobile":{"background-color":"var(--ast-global-color-5)","background-image":"","background-repeat":"repeat","background-position":"center center","background-size":"auto","background-attachment":"scroll","background-type":"","background-media":"","overlay-type":"","overlay-color":"","overlay-opacity":"","overlay-gradient":""}}},"product_brand":[],"product_cat":[79],"product_tag":[],"class_list":{"0":"post-8601","1":"product","2":"type-product","3":"status-publish","4":"has-post-thumbnail","6":"product_cat-tie-rod-system","7":"desktop-align-left","8":"tablet-align-left","9":"mobile-align-left","10":"ast-product-gallery-layout-horizontal-slider","11":"ast-product-tabs-layout-horizontal","13":"first","14":"instock","15":"shipping-taxable","16":"purchasable","17":"product-type-simple"},"yoast_head":"<!-- This site is optimized with the Yoast SEO plugin v25.2 - https:\/\/yoast.com\/wordpress\/plugins\/seo\/ -->\n<title>Formwork Water Stop<\/title>\n<meta name=\"description\" content=\"Formwork water stop products are essential for creating waterproof barriers in concrete construction, preventing water leakage through joints in concrete structures.\" \/>\n<meta name=\"robots\" content=\"index, follow, max-snippet:-1, max-image-preview:large, max-video-preview:-1\" \/>\n<link rel=\"canonical\" href=\"https:\/\/qingdaohf.com\/cs\/produkt\/zarazka-vody-v-bedneni\/\" \/>\n<meta property=\"og:locale\" content=\"cs_CZ\" \/>\n<meta property=\"og:type\" content=\"article\" \/>\n<meta property=\"og:title\" content=\"Formwork Water Stop\" \/>\n<meta property=\"og:description\" content=\"Formwork water stop products are essential for creating waterproof barriers in concrete construction, preventing water leakage through joints in concrete structures.\" \/>\n<meta property=\"og:url\" content=\"https:\/\/qingdaohf.com\/cs\/produkt\/zarazka-vody-v-bedneni\/\" \/>\n<meta property=\"og:site_name\" content=\"Concrete Form &amp; Rigging Hardware Supplier\" \/>\n<meta property=\"article:publisher\" content=\"https:\/\/www.facebook.com\/qingdaohf\" \/>\n<meta property=\"article:modified_time\" content=\"2025-11-13T01:02:22+00:00\" \/>\n<meta property=\"og:image\" content=\"https:\/\/qingdaohf.com\/wp-content\/uploads\/2024\/12\/tie-rod-water-stop-9.jpg\" \/>\n\t<meta property=\"og:image:width\" content=\"1000\" \/>\n\t<meta property=\"og:image:height\" content=\"1000\" \/>\n\t<meta property=\"og:image:type\" content=\"image\/jpeg\" \/>\n<meta name=\"twitter:card\" content=\"summary_large_image\" \/>\n<meta name=\"twitter:label1\" content=\"Odhadovan\u00e1 doba \u010dten\u00ed\" \/>\n\t<meta name=\"twitter:data1\" content=\"4 minuty\" \/>\n<script type=\"application\/ld+json\" class=\"yoast-schema-graph\">{\"@context\":\"https:\/\/schema.org\",\"@graph\":[{\"@type\":\"WebPage\",\"@id\":\"https:\/\/qingdaohf.com\/product\/formwork-water-stop\/\",\"url\":\"https:\/\/qingdaohf.com\/product\/formwork-water-stop\/\",\"name\":\"Formwork Water Stop\",\"isPartOf\":{\"@id\":\"https:\/\/qingdaohf.com\/bg\/#website\"},\"primaryImageOfPage\":{\"@id\":\"https:\/\/qingdaohf.com\/product\/formwork-water-stop\/#primaryimage\"},\"image\":{\"@id\":\"https:\/\/qingdaohf.com\/product\/formwork-water-stop\/#primaryimage\"},\"thumbnailUrl\":\"https:\/\/qingdaohf.com\/wp-content\/uploads\/2024\/12\/tie-rod-water-stop-9.jpg\",\"datePublished\":\"2024-12-27T09:18:28+00:00\",\"dateModified\":\"2025-11-13T01:02:22+00:00\",\"description\":\"Formwork water stop products are essential for creating waterproof barriers in concrete construction, preventing water leakage through joints in concrete structures.\",\"breadcrumb\":{\"@id\":\"https:\/\/qingdaohf.com\/product\/formwork-water-stop\/#breadcrumb\"},\"inLanguage\":\"cs\",\"potentialAction\":[{\"@type\":\"ReadAction\",\"target\":[\"https:\/\/qingdaohf.com\/product\/formwork-water-stop\/\"]}]},{\"@type\":\"ImageObject\",\"inLanguage\":\"cs\",\"@id\":\"https:\/\/qingdaohf.com\/product\/formwork-water-stop\/#primaryimage\",\"url\":\"https:\/\/qingdaohf.com\/wp-content\/uploads\/2024\/12\/tie-rod-water-stop-9.jpg\",\"contentUrl\":\"https:\/\/qingdaohf.com\/wp-content\/uploads\/2024\/12\/tie-rod-water-stop-9.jpg\",\"width\":1000,\"height\":1000},{\"@type\":\"BreadcrumbList\",\"@id\":\"https:\/\/qingdaohf.com\/product\/formwork-water-stop\/#breadcrumb\",\"itemListElement\":[{\"@type\":\"ListItem\",\"position\":1,\"name\":\"Home\",\"item\":\"https:\/\/qingdaohf.com\/\"},{\"@type\":\"ListItem\",\"position\":2,\"name\":\"Concrete Forming Accessories and Rigging Hardware\",\"item\":\"https:\/\/qingdaohf.com\/bg\/?page_id=944\"},{\"@type\":\"ListItem\",\"position\":3,\"name\":\"Formwork Water Stop\"}]},{\"@type\":\"WebSite\",\"@id\":\"https:\/\/qingdaohf.com\/bg\/#website\",\"url\":\"https:\/\/qingdaohf.com\/bg\/\",\"name\":\"Concrete Form & Rigging Hardware Supplier\",\"description\":\"\",\"publisher\":{\"@id\":\"https:\/\/qingdaohf.com\/bg\/#organization\"},\"potentialAction\":[{\"@type\":\"SearchAction\",\"target\":{\"@type\":\"EntryPoint\",\"urlTemplate\":\"https:\/\/qingdaohf.com\/bg\/?s={search_term_string}\"},\"query-input\":{\"@type\":\"PropertyValueSpecification\",\"valueRequired\":true,\"valueName\":\"search_term_string\"}}],\"inLanguage\":\"cs\"},{\"@type\":\"Organization\",\"@id\":\"https:\/\/qingdaohf.com\/bg\/#organization\",\"name\":\"Qingdao H&F\",\"url\":\"https:\/\/qingdaohf.com\/bg\/\",\"logo\":{\"@type\":\"ImageObject\",\"inLanguage\":\"cs\",\"@id\":\"https:\/\/qingdaohf.com\/bg\/#\/schema\/logo\/image\/\",\"url\":\"https:\/\/qingdaohf.com\/wp-content\/uploads\/2022\/12\/cropped-HF-LOGO.png\",\"contentUrl\":\"https:\/\/qingdaohf.com\/wp-content\/uploads\/2022\/12\/cropped-HF-LOGO.png\",\"width\":391,\"height\":249,\"caption\":\"Qingdao H&F\"},\"image\":{\"@id\":\"https:\/\/qingdaohf.com\/bg\/#\/schema\/logo\/image\/\"},\"sameAs\":[\"https:\/\/www.facebook.com\/qingdaohf\"]}]}<\/script>\n<!-- \/ Yoast SEO plugin. -->","yoast_head_json":{"title":"Formwork Water Stop","description":"Formwork water stop products are essential for creating waterproof barriers in concrete construction, preventing water leakage through joints in concrete structures.","robots":{"index":"index","follow":"follow","max-snippet":"max-snippet:-1","max-image-preview":"max-image-preview:large","max-video-preview":"max-video-preview:-1"},"canonical":"https:\/\/qingdaohf.com\/cs\/produkt\/zarazka-vody-v-bedneni\/","og_locale":"cs_CZ","og_type":"article","og_title":"Formwork Water Stop","og_description":"Formwork water stop products are essential for creating waterproof barriers in concrete construction, preventing water leakage through joints in concrete structures.","og_url":"https:\/\/qingdaohf.com\/cs\/produkt\/zarazka-vody-v-bedneni\/","og_site_name":"Concrete Form &amp; Rigging Hardware Supplier","article_publisher":"https:\/\/www.facebook.com\/qingdaohf","article_modified_time":"2025-11-13T01:02:22+00:00","og_image":[{"width":1000,"height":1000,"url":"https:\/\/qingdaohf.com\/wp-content\/uploads\/2024\/12\/tie-rod-water-stop-9.jpg","type":"image\/jpeg"}],"twitter_card":"summary_large_image","twitter_misc":{"Odhadovan\u00e1 doba \u010dten\u00ed":"4 minuty"},"schema":{"@context":"https:\/\/schema.org","@graph":[{"@type":"WebPage","@id":"https:\/\/qingdaohf.com\/product\/formwork-water-stop\/","url":"https:\/\/qingdaohf.com\/product\/formwork-water-stop\/","name":"Formwork Water Stop","isPartOf":{"@id":"https:\/\/qingdaohf.com\/bg\/#website"},"primaryImageOfPage":{"@id":"https:\/\/qingdaohf.com\/product\/formwork-water-stop\/#primaryimage"},"image":{"@id":"https:\/\/qingdaohf.com\/product\/formwork-water-stop\/#primaryimage"},"thumbnailUrl":"https:\/\/qingdaohf.com\/wp-content\/uploads\/2024\/12\/tie-rod-water-stop-9.jpg","datePublished":"2024-12-27T09:18:28+00:00","dateModified":"2025-11-13T01:02:22+00:00","description":"Formwork water stop products are essential for creating waterproof barriers in concrete construction, preventing water leakage through joints in concrete structures.","breadcrumb":{"@id":"https:\/\/qingdaohf.com\/product\/formwork-water-stop\/#breadcrumb"},"inLanguage":"cs","potentialAction":[{"@type":"ReadAction","target":["https:\/\/qingdaohf.com\/product\/formwork-water-stop\/"]}]},{"@type":"ImageObject","inLanguage":"cs","@id":"https:\/\/qingdaohf.com\/product\/formwork-water-stop\/#primaryimage","url":"https:\/\/qingdaohf.com\/wp-content\/uploads\/2024\/12\/tie-rod-water-stop-9.jpg","contentUrl":"https:\/\/qingdaohf.com\/wp-content\/uploads\/2024\/12\/tie-rod-water-stop-9.jpg","width":1000,"height":1000},{"@type":"BreadcrumbList","@id":"https:\/\/qingdaohf.com\/product\/formwork-water-stop\/#breadcrumb","itemListElement":[{"@type":"ListItem","position":1,"name":"Home","item":"https:\/\/qingdaohf.com\/"},{"@type":"ListItem","position":2,"name":"Concrete Forming Accessories and Rigging Hardware","item":"https:\/\/qingdaohf.com\/bg\/?page_id=944"},{"@type":"ListItem","position":3,"name":"Formwork Water Stop"}]},{"@type":"WebSite","@id":"https:\/\/qingdaohf.com\/bg\/#website","url":"https:\/\/qingdaohf.com\/bg\/","name":"Concrete Form & Rigging Hardware Supplier","description":"","publisher":{"@id":"https:\/\/qingdaohf.com\/bg\/#organization"},"potentialAction":[{"@type":"SearchAction","target":{"@type":"EntryPoint","urlTemplate":"https:\/\/qingdaohf.com\/bg\/?s={search_term_string}"},"query-input":{"@type":"PropertyValueSpecification","valueRequired":true,"valueName":"search_term_string"}}],"inLanguage":"cs"},{"@type":"Organization","@id":"https:\/\/qingdaohf.com\/bg\/#organization","name":"Qingdao H&F","url":"https:\/\/qingdaohf.com\/bg\/","logo":{"@type":"ImageObject","inLanguage":"cs","@id":"https:\/\/qingdaohf.com\/bg\/#\/schema\/logo\/image\/","url":"https:\/\/qingdaohf.com\/wp-content\/uploads\/2022\/12\/cropped-HF-LOGO.png","contentUrl":"https:\/\/qingdaohf.com\/wp-content\/uploads\/2022\/12\/cropped-HF-LOGO.png","width":391,"height":249,"caption":"Qingdao H&F"},"image":{"@id":"https:\/\/qingdaohf.com\/bg\/#\/schema\/logo\/image\/"},"sameAs":["https:\/\/www.facebook.com\/qingdaohf"]}]}},"_links":{"self":[{"href":"https:\/\/qingdaohf.com\/cs\/wp-json\/wp\/v2\/product\/8601","targetHints":{"allow":["GET"]}}],"collection":[{"href":"https:\/\/qingdaohf.com\/cs\/wp-json\/wp\/v2\/product"}],"about":[{"href":"https:\/\/qingdaohf.com\/cs\/wp-json\/wp\/v2\/types\/product"}],"replies":[{"embeddable":true,"href":"https:\/\/qingdaohf.com\/cs\/wp-json\/wp\/v2\/comments?post=8601"}],"version-history":[{"count":1,"href":"https:\/\/qingdaohf.com\/cs\/wp-json\/wp\/v2\/product\/8601\/revisions"}],"predecessor-version":[{"id":8602,"href":"https:\/\/qingdaohf.com\/cs\/wp-json\/wp\/v2\/product\/8601\/revisions\/8602"}],"wp:featuredmedia":[{"embeddable":true,"href":"https:\/\/qingdaohf.com\/cs\/wp-json\/wp\/v2\/media\/8599"}],"wp:attachment":[{"href":"https:\/\/qingdaohf.com\/cs\/wp-json\/wp\/v2\/media?parent=8601"}],"wp:term":[{"taxonomy":"product_brand","embeddable":true,"href":"https:\/\/qingdaohf.com\/cs\/wp-json\/wp\/v2\/product_brand?post=8601"},{"taxonomy":"product_cat","embeddable":true,"href":"https:\/\/qingdaohf.com\/cs\/wp-json\/wp\/v2\/product_cat?post=8601"},{"taxonomy":"product_tag","embeddable":true,"href":"https:\/\/qingdaohf.com\/cs\/wp-json\/wp\/v2\/product_tag?post=8601"}],"curies":[{"name":"wp","href":"https:\/\/api.w.org\/{rel}","templated":true}]}}