{"id":8612,"date":"2024-12-31T15:41:05","date_gmt":"2024-12-31T07:41:05","guid":{"rendered":"http:\/\/qingdaohf.com\/?post_type=product&#038;p=8612"},"modified":"2025-11-13T09:02:21","modified_gmt":"2025-11-13T01:02:21","slug":"super-plate-combi-nut","status":"publish","type":"product","link":"https:\/\/qingdaohf.com\/cs\/produkt\/super-deska-combi-matice\/","title":{"rendered":"Kombina\u010dn\u00ed matice Super Plate"},"content":{"rendered":"<h2 class=\"font-600 text-2xl font-bold\">Kombina\u010dn\u00ed matice Super Plate: dokonal\u00fd spole\u010dn\u00edk v syst\u00e9mech v\u00e1zac\u00edch ty\u010d\u00ed<\/h2>\n<p class=\"whitespace-pre-wrap break-words\">Hled\u00e1te spolehliv\u00e9 \u0159e\u0161en\u00ed pro sv\u00e9 betonov\u00e9 bedn\u011bn\u00ed? Kombi matice Super Plate si z\u00edskala pov\u011bst kl\u00ed\u010dov\u00e9 sou\u010d\u00e1sti modern\u00edch syst\u00e9m\u016f v\u00e1zac\u00edch ty\u010d\u00ed. Ve spojen\u00ed s v\u00e1zac\u00edmi ty\u010demi a vodn\u00edmi uz\u00e1v\u011bry poskytuje stabilitu a pevnost, kterou vy\u017eaduj\u00ed n\u00e1ro\u010dn\u00e9 stavebn\u00ed projekty. Tento nezbytn\u00fd prvek kov\u00e1n\u00ed, vyroben\u00fd podle p\u0159\u00edsn\u00fdch norem, pom\u00e1h\u00e1 dodavatel\u016fm dos\u00e1hnout pot\u0159ebn\u00e9 struktur\u00e1ln\u00ed integrity.<\/p>\n<p class=\"whitespace-pre-wrap break-words\">Spole\u010dnost Qingdao H&amp;F dod\u00e1v\u00e1 tyto vysoce kvalitn\u00ed stavebn\u00ed komponenty stavebn\u00edk\u016fm po cel\u00e9m sv\u011bt\u011b. Krom\u011b spln\u011bn\u00ed mezin\u00e1rodn\u00edch norem se vyzna\u010duje rychlou expedic\u00ed, individu\u00e1ln\u00ed podporou a podrobn\u00fdmi zpr\u00e1vami o kvalit\u011b ka\u017ed\u00e9 objedn\u00e1vky. Jejich kombi matice Super Plate d\u00e1v\u00e1 stavitel\u016fm jistotu, kterou pot\u0159ebuj\u00ed k \u0159e\u0161en\u00ed n\u00e1ro\u010dn\u00fdch projekt\u016f.<\/p>\n<h2 class=\"font-600 text-2xl font-bold\">\u00daloha syst\u00e9m\u016f v\u00e1zac\u00edch ty\u010d\u00ed v betonov\u00e9m bedn\u011bn\u00ed<\/h2>\n<p class=\"whitespace-pre-wrap break-words\">Ka\u017ed\u00fd, kdo pracoval s betonem, v\u00ed, \u017ee stabilita bedn\u011bn\u00ed je kl\u00ed\u010dov\u00e1. Pr\u00e1v\u011b tady p\u0159ich\u00e1zej\u00ed ke slovu syst\u00e9my v\u00e1zac\u00edch ty\u010d\u00ed - jsou to neop\u011bvovan\u00ed hrdinov\u00e9, kte\u0159\u00ed udr\u017euj\u00ed v\u0161e v jedn\u00e9 rovin\u011b a bezpe\u010d\u00ed b\u011bhem beton\u00e1\u017ee. P\u0159edstavte si t\u0159i kl\u00ed\u010dov\u00e9 hr\u00e1\u010de, kte\u0159\u00ed spolupracuj\u00ed: v\u00e1zac\u00ed ty\u010d, vodn\u00ed doraz a matice Super Plate Combi. Ka\u017ed\u00fd z nich m\u00e1 svou roli p\u0159i vytv\u00e1\u0159en\u00ed pevn\u00e9ho z\u00e1kladu pro \u00fasp\u011bch stavby.<\/p>\n<p class=\"whitespace-pre-wrap break-words\">P\u0159edstavte si spojovac\u00ed ty\u010d jako p\u00e1te\u0159 syst\u00e9mu. Udr\u017euje bednic\u00ed panely spojen\u00e9 a podep\u0159en\u00e9 a bojuje proti obrovsk\u00e9mu tlaku mokr\u00e9ho betonu, kter\u00fd by jinak v\u0161e vytla\u010dil z m\u00edsta. Mezit\u00edm vodn\u00ed zar\u00e1\u017eka funguje jako str\u00e1\u017ece, strategicky um\u00edst\u011bn\u00fd pod\u00e9l t\u00e1hla, aby zabr\u00e1nil vod\u011b proniknout konstruk\u010dn\u00edmi sp\u00e1rami. Toto blokov\u00e1n\u00ed vody m\u00e1 z\u00e1sadn\u00ed v\u00fdznam pro dlouhodob\u00e9 zdrav\u00ed konstrukce.<\/p>\n<p class=\"whitespace-pre-wrap break-words\">V\u0161e spojuje kombinovan\u00e1 matice Super Plate. D\u00edky kombinaci matice a \u0161irok\u00e9ho tal\u00ed\u0159e v jednom chytr\u00e9m designu v\u0161e zaji\u0161\u0165uje a z\u00e1rove\u0148 rovnom\u011brn\u011b rozkl\u00e1d\u00e1 tlak. Kdy\u017e tyto t\u0159i sou\u010d\u00e1sti pracuj\u00ed v harmonii, vytv\u00e1\u0159ej\u00ed bednic\u00ed syst\u00e9m, kter\u00fd z\u016fst\u00e1v\u00e1 na sv\u00e9m m\u00edst\u011b i p\u0159i intenzivn\u00edm tlaku.<\/p>\n<h2 class=\"font-600 text-2xl font-bold\">Pro\u010d matice Super Plate Combi vynik\u00e1 v syst\u00e9mech v\u00e1zac\u00edch ty\u010d\u00ed?<\/h2>\n<p class=\"whitespace-pre-wrap break-words\">\u010c\u00edm vynik\u00e1 matice Super Plate Combi? Za\u010d\u00edn\u00e1 to materi\u00e1ly. Je vyrobena z prvot\u0159\u00eddn\u00ed oceli a odol\u00e1v\u00e1 takov\u00fdm n\u00e1raz\u016fm, kter\u00e9 by deformovaly m\u00e9n\u011b kvalitn\u00ed hardware. Tato hou\u017eevnatost je d\u016fle\u017eit\u00e1 p\u0159i pr\u00e1ci s masivn\u00edmi silami p\u0159i pr\u00e1ci s betonem.<\/p>\n<p class=\"whitespace-pre-wrap break-words\">Integrovan\u00fd design desky je obzvl\u00e1\u0161t\u011b chytr\u00fd. Rozlo\u017een\u00edm zat\u00ed\u017een\u00ed na v\u011bt\u0161\u00ed plochu zabra\u0148uje koncentraci nap\u011bt\u00ed v jednom m\u00edst\u011b, co\u017e je \u010dast\u00fd probl\u00e9m, kter\u00fd m\u016f\u017ee bedn\u011bn\u00ed po\u0161kodit. Tato konstruk\u010dn\u00ed volba nejen chr\u00e1n\u00ed va\u0161e materi\u00e1ly, ale tak\u00e9 znamen\u00e1, \u017ee m\u016f\u017eete komponenty \u010dast\u011bji opakovan\u011b pou\u017e\u00edvat, \u010d\u00edm\u017e \u010dasem u\u0161et\u0159\u00edte pen\u00edze.<\/p>\n<p class=\"whitespace-pre-wrap break-words\">Dodavatel\u00e9 oce\u0148uj\u00ed, jak snadno se matice Super Plate Combi za\u010dlen\u00ed do jejich st\u00e1vaj\u00edc\u00edch sestav. Funguje se standardn\u00edmi rozm\u011bry spojovac\u00edch ty\u010d\u00ed a vodn\u00edch uz\u00e1v\u011br\u016f, tak\u017ee odpad\u00e1 nutnost sh\u00e1n\u011bt speci\u00e1ln\u00ed n\u00e1\u0159ad\u00ed nebo adapt\u00e9ry. Nav\u00edc d\u00edky antikorozn\u00edmu povlaku vydr\u017e\u00ed fungovat, i kdy\u017e se po\u010das\u00ed a pracovn\u00ed podm\u00ednky zhor\u0161\u00ed.<\/p>\n<h2 class=\"font-600 text-2xl font-bold\">Kompletn\u00ed \u0159e\u0161en\u00ed podporovan\u00e9 spole\u010dnost\u00ed Qingdao H&amp;F<\/h2>\n<p class=\"whitespace-pre-wrap break-words\">Na v\u00fdb\u011bru spr\u00e1vn\u00e9ho dodavatele z\u00e1le\u017e\u00ed stejn\u011b jako na v\u00fdb\u011bru spr\u00e1vn\u00fdch n\u00e1stroj\u016f. V tom je spole\u010dnost Qingdao H&amp;F nejlep\u0161\u00ed. D\u00edky dv\u011bma desetilet\u00edm zku\u0161enost\u00ed v mezin\u00e1rodn\u00edm obchod\u011b se nau\u010dili, co dodavatel\u00e9 pot\u0159ebuj\u00ed k \u00fasp\u011bchu.<\/p>\n<p class=\"whitespace-pre-wrap break-words\">Nab\u00edzej\u00ed kompletn\u00ed bal\u00ed\u010dek - spojovac\u00ed ty\u010de, vodn\u00ed zar\u00e1\u017eky a matice Super Plate Combi, kter\u00e9 spolu bez probl\u00e9m\u016f spolupracuj\u00ed. D\u00edky jejich rychl\u00e9mu dod\u00e1n\u00ed jsou projekty v pohybu a podrobn\u00e9 zpr\u00e1vy o kvalit\u011b v\u00e1m d\u00e1vaj\u00ed jistotu, \u017ee ka\u017ed\u00e1 sou\u010d\u00e1st bude fungovat tak, jak bylo sl\u00edbeno.<\/p>\n<p class=\"whitespace-pre-wrap break-words\">Odli\u0161uje je praktick\u00fd p\u0159\u00edstup k z\u00e1kaznick\u00fdm slu\u017eb\u00e1m. A\u0165 u\u017e pot\u0159ebujete technickou radu nebo pomoc s logistikou, jejich t\u00fdm v\u00e1m nab\u00eddne praktick\u00e1 \u0159e\u0161en\u00ed \u0161it\u00e1 na m\u00edru va\u0161im konkr\u00e9tn\u00edm probl\u00e9m\u016fm.<\/p>\n<p>Z\u00e1v\u011br: S\u00edla a p\u0159esnost pro ka\u017ed\u00fd projekt<\/p>\n<p class=\"whitespace-pre-wrap break-words\">Kombina\u010dn\u00ed matice Super Plate se na stavb\u00e1ch osv\u011bd\u010duje ka\u017ed\u00fd den. V kombinaci s kvalitn\u00edmi v\u00e1zac\u00edmi ty\u010demi a vodn\u00edmi uz\u00e1v\u011bry poskytuje dodavatel\u016fm spolehliv\u00fd v\u00fdkon, kter\u00fd pot\u0159ebuj\u00ed pro \u00fasp\u011b\u0161n\u00e9 betonov\u00e1n\u00ed.<\/p>","protected":false},"excerpt":{"rendered":"<p>Na str\u00e1nk\u00e1ch <strong>Kombina\u010dn\u00ed matice Super Plate<\/strong> je v\u0161estrann\u00e9, vysoce odoln\u00e9 p\u0159\u00edslu\u0161enstv\u00ed ur\u010den\u00e9 pro beton\u00e1\u0159sk\u00e9 aplikace, kter\u00e9 nab\u00edz\u00ed bezkonkuren\u010dn\u00ed odolnost a spolehlivost. Je zkonstruov\u00e1no pro n\u00e1ro\u010dn\u00e9 stavebn\u00ed projekty a \u0159e\u0161\u00ed kl\u00ed\u010dov\u00e9 probl\u00e9my kupuj\u00edc\u00edch, jako je v\u00fdkon p\u0159i velk\u00e9m zat\u00ed\u017een\u00ed, odolnost proti opot\u0159eben\u00ed a kompatibilita se standardn\u00edmi v\u00e1zac\u00edmi syst\u00e9my. Tento v\u00fdrobek, za kter\u00fdm stoj\u00ed z\u00e1vazek spole\u010dnosti Qingdao H&amp;F k dokonalosti, je dopln\u011bn individu\u00e1ln\u00edm z\u00e1kaznick\u00fdm servisem, rychl\u00fdmi dodac\u00edmi cykly a podrobn\u00fdmi zpr\u00e1vami o kontrole kvality. A\u0165 u\u017e v\u00e1\u0161 projekt vy\u017eaduje rychlou realizaci nebo specifikace na m\u00edru, spole\u010dnost Qingdao H&amp;F v\u00e1m zajist\u00ed, \u017ee budete m\u00edt n\u00e1stroje, kter\u00e9 pot\u0159ebujete, kdykoli je budete pot\u0159ebovat.<\/p>","protected":false},"featured_media":8611,"comment_status":"open","ping_status":"closed","template":"","meta":{"site-sidebar-layout":"default","site-content-layout":"","ast-site-content-layout":"default","site-content-style":"default","site-sidebar-style":"default","ast-global-header-display":"","ast-banner-title-visibility":"","ast-main-header-display":"","ast-hfb-above-header-display":"","ast-hfb-below-header-display":"","ast-hfb-mobile-header-display":"","site-post-title":"","ast-breadcrumbs-content":"","ast-featured-img":"","footer-sml-layout":"","theme-transparent-header-meta":"default","adv-header-id-meta":"","stick-header-meta":"default","header-above-stick-meta":"","header-main-stick-meta":"","header-below-stick-meta":"","astra-migrate-meta-layouts":"set","ast-page-background-enabled":"default","ast-page-background-meta":{"desktop":{"background-color":"","background-image":"","background-repeat":"repeat","background-position":"center center","background-size":"auto","background-attachment":"scroll","background-type":"","background-media":"","overlay-type":"","overlay-color":"","overlay-opacity":"","overlay-gradient":""},"tablet":{"background-color":"","background-image":"","background-repeat":"repeat","background-position":"center center","background-size":"auto","background-attachment":"scroll","background-type":"","background-media":"","overlay-type":"","overlay-color":"","overlay-opacity":"","overlay-gradient":""},"mobile":{"background-color":"","background-image":"","background-repeat":"repeat","background-position":"center center","background-size":"auto","background-attachment":"scroll","background-type":"","background-media":"","overlay-type":"","overlay-color":"","overlay-opacity":"","overlay-gradient":""}},"ast-content-background-meta":{"desktop":{"background-color":"var(--ast-global-color-5)","background-image":"","background-repeat":"repeat","background-position":"center center","background-size":"auto","background-attachment":"scroll","background-type":"","background-media":"","overlay-type":"","overlay-color":"","overlay-opacity":"","overlay-gradient":""},"tablet":{"background-color":"var(--ast-global-color-5)","background-image":"","background-repeat":"repeat","background-position":"center center","background-size":"auto","background-attachment":"scroll","background-type":"","background-media":"","overlay-type":"","overlay-color":"","overlay-opacity":"","overlay-gradient":""},"mobile":{"background-color":"var(--ast-global-color-5)","background-image":"","background-repeat":"repeat","background-position":"center center","background-size":"auto","background-attachment":"scroll","background-type":"","background-media":"","overlay-type":"","overlay-color":"","overlay-opacity":"","overlay-gradient":""}}},"product_brand":[],"product_cat":[79],"product_tag":[],"class_list":{"0":"post-8612","1":"product","2":"type-product","3":"status-publish","4":"has-post-thumbnail","6":"product_cat-tie-rod-system","7":"desktop-align-left","8":"tablet-align-left","9":"mobile-align-left","10":"ast-product-gallery-layout-horizontal-slider","11":"ast-product-gallery-with-no-image","12":"ast-product-tabs-layout-horizontal","14":"first","15":"instock","16":"shipping-taxable","17":"purchasable","18":"product-type-simple"},"yoast_head":"<!-- This site is optimized with the Yoast SEO plugin v25.2 - https:\/\/yoast.com\/wordpress\/plugins\/seo\/ -->\n<title>Super Plate Combi Nut<\/title>\n<meta name=\"description\" content=\"The Super Plate Combi Nut is a versatile, high-strength accessory designed for concrete forming applications, offering unparalleled durability and reliability.\" \/>\n<meta name=\"robots\" content=\"index, follow, max-snippet:-1, max-image-preview:large, max-video-preview:-1\" \/>\n<link rel=\"canonical\" href=\"https:\/\/qingdaohf.com\/cs\/produkt\/super-deska-combi-matice\/\" \/>\n<meta property=\"og:locale\" content=\"cs_CZ\" \/>\n<meta property=\"og:type\" content=\"article\" \/>\n<meta property=\"og:title\" content=\"Super Plate Combi Nut\" \/>\n<meta property=\"og:description\" content=\"The Super Plate Combi Nut is a versatile, high-strength accessory designed for concrete forming applications, offering unparalleled durability and reliability.\" \/>\n<meta property=\"og:url\" content=\"https:\/\/qingdaohf.com\/cs\/produkt\/super-deska-combi-matice\/\" \/>\n<meta property=\"og:site_name\" content=\"Concrete Form &amp; Rigging Hardware Supplier\" \/>\n<meta property=\"article:publisher\" content=\"https:\/\/www.facebook.com\/qingdaohf\" \/>\n<meta property=\"article:modified_time\" content=\"2025-11-13T01:02:21+00:00\" \/>\n<meta property=\"og:image\" content=\"https:\/\/qingdaohf.com\/wp-content\/uploads\/2024\/12\/Super-Plate-Combi-Nut.jpg\" \/>\n\t<meta property=\"og:image:width\" content=\"1000\" \/>\n\t<meta property=\"og:image:height\" content=\"1000\" \/>\n\t<meta property=\"og:image:type\" content=\"image\/jpeg\" \/>\n<meta name=\"twitter:card\" content=\"summary_large_image\" \/>\n<meta name=\"twitter:label1\" content=\"Odhadovan\u00e1 doba \u010dten\u00ed\" \/>\n\t<meta name=\"twitter:data1\" content=\"3 minuty\" \/>\n<script type=\"application\/ld+json\" class=\"yoast-schema-graph\">{\"@context\":\"https:\/\/schema.org\",\"@graph\":[{\"@type\":\"WebPage\",\"@id\":\"https:\/\/qingdaohf.com\/product\/super-plate-combi-nut\/\",\"url\":\"https:\/\/qingdaohf.com\/product\/super-plate-combi-nut\/\",\"name\":\"Super Plate Combi Nut\",\"isPartOf\":{\"@id\":\"https:\/\/qingdaohf.com\/bg\/#website\"},\"primaryImageOfPage\":{\"@id\":\"https:\/\/qingdaohf.com\/product\/super-plate-combi-nut\/#primaryimage\"},\"image\":{\"@id\":\"https:\/\/qingdaohf.com\/product\/super-plate-combi-nut\/#primaryimage\"},\"thumbnailUrl\":\"https:\/\/qingdaohf.com\/wp-content\/uploads\/2024\/12\/Super-Plate-Combi-Nut.jpg\",\"datePublished\":\"2024-12-31T07:41:05+00:00\",\"dateModified\":\"2025-11-13T01:02:21+00:00\",\"description\":\"The Super Plate Combi Nut is a versatile, high-strength accessory designed for concrete forming applications, offering unparalleled durability and reliability.\",\"breadcrumb\":{\"@id\":\"https:\/\/qingdaohf.com\/product\/super-plate-combi-nut\/#breadcrumb\"},\"inLanguage\":\"cs\",\"potentialAction\":[{\"@type\":\"ReadAction\",\"target\":[\"https:\/\/qingdaohf.com\/product\/super-plate-combi-nut\/\"]}]},{\"@type\":\"ImageObject\",\"inLanguage\":\"cs\",\"@id\":\"https:\/\/qingdaohf.com\/product\/super-plate-combi-nut\/#primaryimage\",\"url\":\"https:\/\/qingdaohf.com\/wp-content\/uploads\/2024\/12\/Super-Plate-Combi-Nut.jpg\",\"contentUrl\":\"https:\/\/qingdaohf.com\/wp-content\/uploads\/2024\/12\/Super-Plate-Combi-Nut.jpg\",\"width\":1000,\"height\":1000,\"caption\":\"Super Plate Combi Nut\"},{\"@type\":\"BreadcrumbList\",\"@id\":\"https:\/\/qingdaohf.com\/product\/super-plate-combi-nut\/#breadcrumb\",\"itemListElement\":[{\"@type\":\"ListItem\",\"position\":1,\"name\":\"Home\",\"item\":\"https:\/\/qingdaohf.com\/\"},{\"@type\":\"ListItem\",\"position\":2,\"name\":\"Concrete Forming Accessories and Rigging Hardware\",\"item\":\"https:\/\/qingdaohf.com\/bg\/?page_id=944\"},{\"@type\":\"ListItem\",\"position\":3,\"name\":\"Super Plate Combi Nut\"}]},{\"@type\":\"WebSite\",\"@id\":\"https:\/\/qingdaohf.com\/bg\/#website\",\"url\":\"https:\/\/qingdaohf.com\/bg\/\",\"name\":\"Concrete Form & Rigging Hardware Supplier\",\"description\":\"\",\"publisher\":{\"@id\":\"https:\/\/qingdaohf.com\/bg\/#organization\"},\"potentialAction\":[{\"@type\":\"SearchAction\",\"target\":{\"@type\":\"EntryPoint\",\"urlTemplate\":\"https:\/\/qingdaohf.com\/bg\/?s={search_term_string}\"},\"query-input\":{\"@type\":\"PropertyValueSpecification\",\"valueRequired\":true,\"valueName\":\"search_term_string\"}}],\"inLanguage\":\"cs\"},{\"@type\":\"Organization\",\"@id\":\"https:\/\/qingdaohf.com\/bg\/#organization\",\"name\":\"Qingdao H&F\",\"url\":\"https:\/\/qingdaohf.com\/bg\/\",\"logo\":{\"@type\":\"ImageObject\",\"inLanguage\":\"cs\",\"@id\":\"https:\/\/qingdaohf.com\/bg\/#\/schema\/logo\/image\/\",\"url\":\"https:\/\/qingdaohf.com\/wp-content\/uploads\/2022\/12\/cropped-HF-LOGO.png\",\"contentUrl\":\"https:\/\/qingdaohf.com\/wp-content\/uploads\/2022\/12\/cropped-HF-LOGO.png\",\"width\":391,\"height\":249,\"caption\":\"Qingdao H&F\"},\"image\":{\"@id\":\"https:\/\/qingdaohf.com\/bg\/#\/schema\/logo\/image\/\"},\"sameAs\":[\"https:\/\/www.facebook.com\/qingdaohf\"]}]}<\/script>\n<!-- \/ Yoast SEO plugin. -->","yoast_head_json":{"title":"Super Plate Combi Nut","description":"The Super Plate Combi Nut is a versatile, high-strength accessory designed for concrete forming applications, offering unparalleled durability and reliability.","robots":{"index":"index","follow":"follow","max-snippet":"max-snippet:-1","max-image-preview":"max-image-preview:large","max-video-preview":"max-video-preview:-1"},"canonical":"https:\/\/qingdaohf.com\/cs\/produkt\/super-deska-combi-matice\/","og_locale":"cs_CZ","og_type":"article","og_title":"Super Plate Combi Nut","og_description":"The Super Plate Combi Nut is a versatile, high-strength accessory designed for concrete forming applications, offering unparalleled durability and reliability.","og_url":"https:\/\/qingdaohf.com\/cs\/produkt\/super-deska-combi-matice\/","og_site_name":"Concrete Form &amp; Rigging Hardware Supplier","article_publisher":"https:\/\/www.facebook.com\/qingdaohf","article_modified_time":"2025-11-13T01:02:21+00:00","og_image":[{"width":1000,"height":1000,"url":"https:\/\/qingdaohf.com\/wp-content\/uploads\/2024\/12\/Super-Plate-Combi-Nut.jpg","type":"image\/jpeg"}],"twitter_card":"summary_large_image","twitter_misc":{"Odhadovan\u00e1 doba \u010dten\u00ed":"3 minuty"},"schema":{"@context":"https:\/\/schema.org","@graph":[{"@type":"WebPage","@id":"https:\/\/qingdaohf.com\/product\/super-plate-combi-nut\/","url":"https:\/\/qingdaohf.com\/product\/super-plate-combi-nut\/","name":"Super Plate Combi Nut","isPartOf":{"@id":"https:\/\/qingdaohf.com\/bg\/#website"},"primaryImageOfPage":{"@id":"https:\/\/qingdaohf.com\/product\/super-plate-combi-nut\/#primaryimage"},"image":{"@id":"https:\/\/qingdaohf.com\/product\/super-plate-combi-nut\/#primaryimage"},"thumbnailUrl":"https:\/\/qingdaohf.com\/wp-content\/uploads\/2024\/12\/Super-Plate-Combi-Nut.jpg","datePublished":"2024-12-31T07:41:05+00:00","dateModified":"2025-11-13T01:02:21+00:00","description":"The Super Plate Combi Nut is a versatile, high-strength accessory designed for concrete forming applications, offering unparalleled durability and reliability.","breadcrumb":{"@id":"https:\/\/qingdaohf.com\/product\/super-plate-combi-nut\/#breadcrumb"},"inLanguage":"cs","potentialAction":[{"@type":"ReadAction","target":["https:\/\/qingdaohf.com\/product\/super-plate-combi-nut\/"]}]},{"@type":"ImageObject","inLanguage":"cs","@id":"https:\/\/qingdaohf.com\/product\/super-plate-combi-nut\/#primaryimage","url":"https:\/\/qingdaohf.com\/wp-content\/uploads\/2024\/12\/Super-Plate-Combi-Nut.jpg","contentUrl":"https:\/\/qingdaohf.com\/wp-content\/uploads\/2024\/12\/Super-Plate-Combi-Nut.jpg","width":1000,"height":1000,"caption":"Super Plate Combi Nut"},{"@type":"BreadcrumbList","@id":"https:\/\/qingdaohf.com\/product\/super-plate-combi-nut\/#breadcrumb","itemListElement":[{"@type":"ListItem","position":1,"name":"Home","item":"https:\/\/qingdaohf.com\/"},{"@type":"ListItem","position":2,"name":"Concrete Forming Accessories and Rigging Hardware","item":"https:\/\/qingdaohf.com\/bg\/?page_id=944"},{"@type":"ListItem","position":3,"name":"Super Plate Combi Nut"}]},{"@type":"WebSite","@id":"https:\/\/qingdaohf.com\/bg\/#website","url":"https:\/\/qingdaohf.com\/bg\/","name":"Concrete Form & Rigging Hardware Supplier","description":"","publisher":{"@id":"https:\/\/qingdaohf.com\/bg\/#organization"},"potentialAction":[{"@type":"SearchAction","target":{"@type":"EntryPoint","urlTemplate":"https:\/\/qingdaohf.com\/bg\/?s={search_term_string}"},"query-input":{"@type":"PropertyValueSpecification","valueRequired":true,"valueName":"search_term_string"}}],"inLanguage":"cs"},{"@type":"Organization","@id":"https:\/\/qingdaohf.com\/bg\/#organization","name":"Qingdao H&F","url":"https:\/\/qingdaohf.com\/bg\/","logo":{"@type":"ImageObject","inLanguage":"cs","@id":"https:\/\/qingdaohf.com\/bg\/#\/schema\/logo\/image\/","url":"https:\/\/qingdaohf.com\/wp-content\/uploads\/2022\/12\/cropped-HF-LOGO.png","contentUrl":"https:\/\/qingdaohf.com\/wp-content\/uploads\/2022\/12\/cropped-HF-LOGO.png","width":391,"height":249,"caption":"Qingdao H&F"},"image":{"@id":"https:\/\/qingdaohf.com\/bg\/#\/schema\/logo\/image\/"},"sameAs":["https:\/\/www.facebook.com\/qingdaohf"]}]}},"_links":{"self":[{"href":"https:\/\/qingdaohf.com\/cs\/wp-json\/wp\/v2\/product\/8612","targetHints":{"allow":["GET"]}}],"collection":[{"href":"https:\/\/qingdaohf.com\/cs\/wp-json\/wp\/v2\/product"}],"about":[{"href":"https:\/\/qingdaohf.com\/cs\/wp-json\/wp\/v2\/types\/product"}],"replies":[{"embeddable":true,"href":"https:\/\/qingdaohf.com\/cs\/wp-json\/wp\/v2\/comments?post=8612"}],"version-history":[{"count":1,"href":"https:\/\/qingdaohf.com\/cs\/wp-json\/wp\/v2\/product\/8612\/revisions"}],"predecessor-version":[{"id":8613,"href":"https:\/\/qingdaohf.com\/cs\/wp-json\/wp\/v2\/product\/8612\/revisions\/8613"}],"wp:featuredmedia":[{"embeddable":true,"href":"https:\/\/qingdaohf.com\/cs\/wp-json\/wp\/v2\/media\/8611"}],"wp:attachment":[{"href":"https:\/\/qingdaohf.com\/cs\/wp-json\/wp\/v2\/media?parent=8612"}],"wp:term":[{"taxonomy":"product_brand","embeddable":true,"href":"https:\/\/qingdaohf.com\/cs\/wp-json\/wp\/v2\/product_brand?post=8612"},{"taxonomy":"product_cat","embeddable":true,"href":"https:\/\/qingdaohf.com\/cs\/wp-json\/wp\/v2\/product_cat?post=8612"},{"taxonomy":"product_tag","embeddable":true,"href":"https:\/\/qingdaohf.com\/cs\/wp-json\/wp\/v2\/product_tag?post=8612"}],"curies":[{"name":"wp","href":"https:\/\/api.w.org\/{rel}","templated":true}]}}