{"id":8618,"date":"2024-12-31T17:02:10","date_gmt":"2024-12-31T09:02:10","guid":{"rendered":"http:\/\/qingdaohf.com\/?post_type=product&#038;p=8618"},"modified":"2025-11-13T09:02:21","modified_gmt":"2025-11-13T01:02:21","slug":"formwork-hex-nut-connection","status":"publish","type":"product","link":"https:\/\/qingdaohf.com\/cs\/produkt\/sestihranna-matice-bedneni\/","title":{"rendered":"P\u0159ipojen\u00ed bedn\u011bn\u00ed \u0161estihrannou matic\u00ed"},"content":{"rendered":"<h2 class=\"font-600 text-2xl font-bold\">\u00daloha \u0161estihrann\u00fdch matic pro bedn\u011bn\u00ed ve stavebnictv\u00ed<\/h2>\n<p class=\"whitespace-pre-wrap break-words\">Ve stavebnictv\u00ed jsou \u0161estihrann\u00e9 matice bedn\u011bn\u00ed z\u00e1kladn\u00edmi sou\u010d\u00e1stmi, kter\u00e9 zaji\u0161\u0165uj\u00ed stabilitu bednic\u00edch syst\u00e9m\u016f. Tyto matice, vyroben\u00e9 z vysoce kvalitn\u00edch materi\u00e1l\u016f, zaji\u0161\u0165uj\u00ed pevnost pot\u0159ebnou k zaji\u0161t\u011bn\u00ed stavebn\u00edch prvk\u016f. Obzvl\u00e1\u0161t\u011b d\u016fle\u017eit\u00e9 jsou v syst\u00e9mech v\u00e1zac\u00edch ty\u010d\u00ed, kde pom\u00e1haj\u00ed udr\u017eovat spr\u00e1vn\u00e9 vyrovn\u00e1n\u00ed bedn\u011bn\u00ed b\u011bhem lit\u00ed a tvrdnut\u00ed betonu.<\/p>\n<h2 class=\"font-600 text-2xl font-bold\">Pochopen\u00ed syst\u00e9mu v\u00e1zac\u00edch ty\u010d\u00ed<\/h2>\n<p class=\"whitespace-pre-wrap break-words\">Modern\u00ed bedn\u011bn\u00ed se ve velk\u00e9 m\u00ed\u0159e spol\u00e9h\u00e1 na syst\u00e9my s v\u00e1zan\u00fdmi ty\u010demi, kde v\u00edce komponent\u016f spolupracuje na zaji\u0161t\u011bn\u00ed konstruk\u010dn\u00ed podpory. Samotn\u00e1 v\u00e1zac\u00ed ty\u010d slou\u017e\u00ed jako hlavn\u00ed nap\u00ednac\u00ed prvek, kter\u00fd rozkl\u00e1d\u00e1 zat\u00ed\u017een\u00ed po cel\u00e9 konstrukci bedn\u011bn\u00ed. Vedle n\u00ed pracuj\u00ed vodn\u00ed zar\u00e1\u017eky, kter\u00e9 zabra\u0148uj\u00ed prosakov\u00e1n\u00ed vlhkosti konstruk\u010dn\u00edmi sp\u00e1rami. \u0160estihrann\u00e1 matice bedn\u011bn\u00ed spojuje tyto prvky dohromady a vytv\u00e1\u0159\u00ed spolehliv\u00fd a \u00fa\u010dinn\u00fd syst\u00e9m.<\/p>\n<h2 class=\"font-600 text-2xl font-bold\">Kompatibilita s podp\u016frn\u00fdmi sou\u010d\u00e1stmi<\/h2>\n<p class=\"whitespace-pre-wrap break-words\">\u0160estihrann\u00e1 matice bedn\u011bn\u00ed jako upev\u0148ovac\u00ed prvek zaji\u0161\u0165uje t\u00e1hla ve spr\u00e1vn\u00e9 poloze p\u0159i zachov\u00e1n\u00ed mo\u017enosti nastaven\u00ed. Dob\u0159e spolupracuje s n\u011bkolika dal\u0161\u00edmi d\u00edly, v\u010detn\u011b desky Super Plate, matice Combi, podlo\u017eky desky v\u00e1zac\u00ed ty\u010de a vodn\u00edch zar\u00e1\u017eek. Deska Super Plate se dokonale spojuje s \u0161estihrannou matic\u00ed, aby se zat\u00ed\u017een\u00ed rozlo\u017eilo na v\u011bt\u0161\u00ed plochu a sn\u00ed\u017eil se tlak na bednic\u00ed panely. Podobn\u011b matice Combi i podlo\u017eka Tie Rod Plate pom\u00e1haj\u00ed rovnom\u011brn\u011b rozlo\u017eit s\u00edly a chr\u00e1n\u00ed p\u0159ed deformac\u00ed pod tlakem.<\/p>\n<h2 class=\"font-600 text-2xl font-bold\">Kl\u00ed\u010dov\u00e9 vlastnosti a v\u00fdhody<\/h2>\n<p class=\"whitespace-pre-wrap break-words\">Pevnost \u0161estihrann\u00fdch matic pro bedn\u011bn\u00ed je d\u00e1na jejich robustn\u00ed konstrukc\u00ed. Jsou vyrobeny z oceli nebo slitinov\u00fdch materi\u00e1l\u016f a odol\u00e1vaj\u00ed velk\u00fdm sil\u00e1m p\u016fsob\u00edc\u00edm p\u0159i stavebn\u00edch prac\u00edch. Jejich \u0161estistrann\u00e1 konstrukce umo\u017e\u0148uje snadn\u00e9 uchopen\u00ed a dota\u017een\u00ed i v n\u00e1ro\u010dn\u00fdch podm\u00ednk\u00e1ch na staveni\u0161ti. V\u011bt\u0161ina verz\u00ed je opat\u0159ena galvanizac\u00ed nebo antikorozn\u00ed \u00fapravou, aby odolala nep\u0159\u00edzniv\u00fdm pov\u011btrnostn\u00edm podm\u00ednk\u00e1m a vliv\u016fm prost\u0159ed\u00ed.<\/p>\n<p class=\"whitespace-pre-wrap break-words\">Tyto matice v\u00fdznamn\u011b p\u0159isp\u00edvaj\u00ed k efektivit\u011b v\u00fdstavby. Udr\u017euj\u00ed stabilitu syst\u00e9m\u016f v\u00e1zac\u00edch ty\u010d\u00ed, sni\u017euj\u00ed probl\u00e9my s vyrovn\u00e1n\u00edm a \u0161et\u0159\u00ed tak drahocenn\u00fd \u010das a pen\u00edze. Jejich praktick\u00e1 konstrukce umo\u017e\u0148uje pracovn\u00edk\u016fm rychlou instalaci a demont\u00e1\u017e, co\u017e urychluje pr\u00e1ce na stavb\u011b.<\/p>\n<h2 class=\"font-600 text-2xl font-bold\">N\u00e1\u0161 z\u00e1vazek ke kvalit\u011b a slu\u017eb\u00e1m<\/h2>\n<p class=\"whitespace-pre-wrap break-words\">V\u00fdb\u011br spr\u00e1vn\u00e9 \u0161estihrann\u00e9 matice pro bedn\u011bn\u00ed zahrnuje v\u00edce ne\u017e jen specifikace v\u00fdrobku. Uv\u011bdomujeme si to a nab\u00edz\u00edme komplexn\u00ed podporu nad r\u00e1mec pouh\u00e9ho prodeje hardwaru. N\u00e1\u0161 individu\u00e1ln\u00ed z\u00e1kaznick\u00fd servis zaji\u0161\u0165uje, \u017ee se ka\u017ed\u00e9mu z\u00e1kazn\u00edkovi dostane pot\u0159ebn\u00e9 pozornosti a \u0159e\u0161en\u00ed na m\u00edru jeho specifick\u00fdm po\u017eadavk\u016fm. T\u00edm se buduj\u00ed pevn\u00e9 vztahy s klienty zalo\u017een\u00e9 na d\u016fv\u011b\u0159e a spokojenosti.<\/p>\n<p class=\"whitespace-pre-wrap break-words\">Ch\u00e1peme, \u017ee \u010dasov\u00fd pl\u00e1n v\u00fdstavby je kritick\u00fd, a proto d\u00e1v\u00e1me p\u0159ednost rychl\u00e9mu dod\u00e1n\u00ed. Na\u0161e schopnost rychl\u00e9 p\u0159epravy m\u016f\u017ee skute\u010dn\u011b ovlivnit harmonogramy projekt\u016f, a\u0165 u\u017e se jedn\u00e1 o velk\u00e9 stavby nebo men\u0161\u00ed zak\u00e1zky.<\/p>\n<p class=\"whitespace-pre-wrap break-words\">Kvalita z\u016fst\u00e1v\u00e1 z\u00e1kladem na\u0161\u00ed \u010dinnosti. Ka\u017ed\u00e1 \u0161estihrann\u00e1 matice bedn\u011bn\u00ed proch\u00e1z\u00ed d\u016fkladn\u00fdm testov\u00e1n\u00edm, od posouzen\u00ed pevnosti a\u017e po ov\u011b\u0159en\u00ed velikosti. Poskytujeme podrobnou kontroln\u00ed dokumentaci, kter\u00e1 na\u0161im z\u00e1kazn\u00edk\u016fm d\u00e1v\u00e1 naprostou d\u016fv\u011bru v jejich n\u00e1kupy.<\/p>\n<h2 class=\"font-600 text-2xl font-bold\">Integrovan\u00e1 \u0159e\u0161en\u00ed pro r\u016fzn\u00e9 aplikace<\/h2>\n<p class=\"whitespace-pre-wrap break-words\">Skute\u010dn\u00e1 hodnota \u0161estihrann\u00fdch matic pro bedn\u011bn\u00ed se projev\u00ed, kdy\u017e spolupracuj\u00ed s v\u00e1zac\u00edmi ty\u010demi, vodn\u00edmi zar\u00e1\u017ekami a tal\u00ed\u0159ov\u00fdmi podlo\u017ekami. Tato kombinace vytv\u00e1\u0159\u00ed spolehliv\u00fd syst\u00e9m, kter\u00fd se p\u0159izp\u016fsob\u00ed r\u016fzn\u00fdm pot\u0159eb\u00e1m stavby. Nap\u0159\u00edklad v projektech, kde je d\u016fle\u017eit\u00e1 hydroizolace, zaji\u0161\u0165uje za\u010dlen\u011bn\u00ed vodn\u00edho uz\u00e1v\u011bru do syst\u00e9mu v\u00e1zac\u00edch ty\u010d\u00ed vodot\u011bsn\u00e9 spoje, kter\u00e9 chr\u00e1n\u00ed konstruk\u010dn\u00ed celistvost budovy.<\/p>\n<p class=\"whitespace-pre-wrap break-words\">Tyto \u0161estihrann\u00e9 matice funguj\u00ed stejn\u011b dob\u0159e u r\u016fzn\u00fdch typ\u016f bedn\u011bn\u00ed. Od tradi\u010dn\u00edch d\u0159ev\u011bn\u00fdch bedn\u011bn\u00ed a\u017e po modern\u00ed modul\u00e1rn\u00ed syst\u00e9my si zachov\u00e1vaj\u00ed konzistentn\u00ed v\u00fdkon. Tato p\u0159izp\u016fsobivost v kombinaci s jednoduchou mont\u00e1\u017e\u00ed je \u010din\u00ed cenn\u00fdmi pro efektivn\u00ed a n\u00e1kladov\u011b efektivn\u00ed v\u00fdstavbu.<\/p>\n<h2 class=\"font-600 text-2xl font-bold\">Z\u00e1v\u011br<\/h2>\n<p class=\"whitespace-pre-wrap break-words\">\u0160estihrann\u00e9 matice pro bedn\u011bn\u00ed jsou v modern\u00edm stavebnictv\u00ed kl\u00ed\u010dov\u00fdm prvkem, nejen z\u00e1kladn\u00edm kov\u00e1n\u00edm. Jejich z\u00e1sadn\u00ed \u00faloha v syst\u00e9mech v\u00e1zac\u00edch ty\u010d\u00ed spolu s jejich kompatibilitou se Super Plates, Combi Nuts a vodn\u00edmi uz\u00e1v\u011bry je \u010din\u00ed neuv\u011b\u0159iteln\u011b univerz\u00e1ln\u00edmi. S podporou na\u0161eho komplexn\u00edho bal\u00ed\u010dku slu\u017eeb - v\u010detn\u011b specializovan\u00e9 podpory, rychl\u00e9ho dod\u00e1n\u00ed a p\u0159\u00edsn\u00fdch kontrol kvality - se tyto \u0161estihrann\u00e9 matice st\u00e1vaj\u00ed pro stavebn\u00ed profesion\u00e1ly nepostradateln\u00fdmi. Pro sv\u016fj p\u0159\u00ed\u0161t\u00ed projekt zvolte spolehlivost a \u00fa\u010dinnost na\u0161ich \u0161estihrann\u00fdch matic pro bedn\u011bn\u00ed.<\/p>","protected":false},"excerpt":{"rendered":"<p>\u0160estihrann\u00e1 matice pro bedn\u011bn\u00ed m\u00e1 v modern\u00edm stavebnictv\u00ed spolehlivou funkci d\u00edky nejlep\u0161\u00ed kompatibilit\u011b se syst\u00e9mem v\u00e1zac\u00edch ty\u010d\u00ed a dok\u00e1\u017ee zajistit bezpe\u010dn\u00e9 upevn\u011bn\u00ed s dlouhou \u017eivotnost\u00ed pro n\u00e1ro\u010dn\u00e9 bednic\u00ed pr\u00e1ce. Jako jedna z profesion\u00e1ln\u00edch obchodn\u00edch spole\u010dnost\u00ed jsou prodejn\u00edmi body individu\u00e1ln\u00ed zku\u0161enosti se z\u00e1kazn\u00edky, rychl\u00fd dodac\u00ed cyklus a kompletn\u00ed zpr\u00e1vy o kontrole kvality. Takov\u00e1 p\u00e9\u010de rozhodn\u011b zajist\u00ed, \u017ee v\u00e1m budou poskytnuty ty nejlep\u0161\u00ed v\u00fdrobky pro zaru\u010denou efektivitu a bezpe\u010dnost na staveni\u0161ti.<\/p>","protected":false},"featured_media":8620,"comment_status":"open","ping_status":"closed","template":"","meta":{"site-sidebar-layout":"default","site-content-layout":"","ast-site-content-layout":"default","site-content-style":"default","site-sidebar-style":"default","ast-global-header-display":"","ast-banner-title-visibility":"","ast-main-header-display":"","ast-hfb-above-header-display":"","ast-hfb-below-header-display":"","ast-hfb-mobile-header-display":"","site-post-title":"","ast-breadcrumbs-content":"","ast-featured-img":"","footer-sml-layout":"","theme-transparent-header-meta":"default","adv-header-id-meta":"","stick-header-meta":"default","header-above-stick-meta":"","header-main-stick-meta":"","header-below-stick-meta":"","astra-migrate-meta-layouts":"set","ast-page-background-enabled":"default","ast-page-background-meta":{"desktop":{"background-color":"","background-image":"","background-repeat":"repeat","background-position":"center center","background-size":"auto","background-attachment":"scroll","background-type":"","background-media":"","overlay-type":"","overlay-color":"","overlay-opacity":"","overlay-gradient":""},"tablet":{"background-color":"","background-image":"","background-repeat":"repeat","background-position":"center center","background-size":"auto","background-attachment":"scroll","background-type":"","background-media":"","overlay-type":"","overlay-color":"","overlay-opacity":"","overlay-gradient":""},"mobile":{"background-color":"","background-image":"","background-repeat":"repeat","background-position":"center center","background-size":"auto","background-attachment":"scroll","background-type":"","background-media":"","overlay-type":"","overlay-color":"","overlay-opacity":"","overlay-gradient":""}},"ast-content-background-meta":{"desktop":{"background-color":"var(--ast-global-color-5)","background-image":"","background-repeat":"repeat","background-position":"center center","background-size":"auto","background-attachment":"scroll","background-type":"","background-media":"","overlay-type":"","overlay-color":"","overlay-opacity":"","overlay-gradient":""},"tablet":{"background-color":"var(--ast-global-color-5)","background-image":"","background-repeat":"repeat","background-position":"center center","background-size":"auto","background-attachment":"scroll","background-type":"","background-media":"","overlay-type":"","overlay-color":"","overlay-opacity":"","overlay-gradient":""},"mobile":{"background-color":"var(--ast-global-color-5)","background-image":"","background-repeat":"repeat","background-position":"center center","background-size":"auto","background-attachment":"scroll","background-type":"","background-media":"","overlay-type":"","overlay-color":"","overlay-opacity":"","overlay-gradient":""}}},"product_brand":[],"product_cat":[79],"product_tag":[],"class_list":{"0":"post-8618","1":"product","2":"type-product","3":"status-publish","4":"has-post-thumbnail","6":"product_cat-tie-rod-system","7":"desktop-align-left","8":"tablet-align-left","9":"mobile-align-left","10":"ast-product-gallery-layout-horizontal-slider","11":"ast-product-gallery-with-no-image","12":"ast-product-tabs-layout-horizontal","14":"first","15":"instock","16":"shipping-taxable","17":"purchasable","18":"product-type-simple"},"yoast_head":"<!-- This site is optimized with the Yoast SEO plugin v25.2 - https:\/\/yoast.com\/wordpress\/plugins\/seo\/ -->\n<title>Formwork Hex Nut Connection<\/title>\n<meta name=\"robots\" content=\"index, follow, max-snippet:-1, max-image-preview:large, max-video-preview:-1\" \/>\n<link rel=\"canonical\" href=\"https:\/\/qingdaohf.com\/cs\/produkt\/sestihranna-matice-bedneni\/\" \/>\n<meta property=\"og:locale\" content=\"cs_CZ\" \/>\n<meta property=\"og:type\" content=\"article\" \/>\n<meta property=\"og:title\" content=\"Formwork Hex Nut Connection\" \/>\n<meta property=\"og:description\" content=\"Formwork Hex Nut has a reliable feature in modern construction due to best compatibility with the tie rod system and can make fastening secure, long-lasting for rigorous formwork work. Being one professional trading company, the selling points are one-to-one customer experience, quick delivery cycle and complete quality inspection reports. That much of care will definitely assure giving the best products to be given to you for assured on-site efficiency and safety.\" \/>\n<meta property=\"og:url\" content=\"https:\/\/qingdaohf.com\/cs\/produkt\/sestihranna-matice-bedneni\/\" \/>\n<meta property=\"og:site_name\" content=\"Concrete Form &amp; Rigging Hardware Supplier\" \/>\n<meta property=\"article:publisher\" content=\"https:\/\/www.facebook.com\/qingdaohf\" \/>\n<meta property=\"article:modified_time\" content=\"2025-11-13T01:02:21+00:00\" \/>\n<meta property=\"og:image\" content=\"https:\/\/qingdaohf.com\/wp-content\/uploads\/2024\/12\/Formwork-Hex-Nut-2.jpg\" \/>\n\t<meta property=\"og:image:width\" content=\"1000\" \/>\n\t<meta property=\"og:image:height\" content=\"1000\" \/>\n\t<meta property=\"og:image:type\" content=\"image\/jpeg\" \/>\n<meta name=\"twitter:card\" content=\"summary_large_image\" \/>\n<meta name=\"twitter:label1\" content=\"Odhadovan\u00e1 doba \u010dten\u00ed\" \/>\n\t<meta name=\"twitter:data1\" content=\"3 minuty\" \/>\n<script type=\"application\/ld+json\" class=\"yoast-schema-graph\">{\"@context\":\"https:\/\/schema.org\",\"@graph\":[{\"@type\":\"WebPage\",\"@id\":\"https:\/\/qingdaohf.com\/product\/formwork-hex-nut-connection\/\",\"url\":\"https:\/\/qingdaohf.com\/product\/formwork-hex-nut-connection\/\",\"name\":\"Formwork Hex Nut Connection\",\"isPartOf\":{\"@id\":\"https:\/\/qingdaohf.com\/bg\/#website\"},\"primaryImageOfPage\":{\"@id\":\"https:\/\/qingdaohf.com\/product\/formwork-hex-nut-connection\/#primaryimage\"},\"image\":{\"@id\":\"https:\/\/qingdaohf.com\/product\/formwork-hex-nut-connection\/#primaryimage\"},\"thumbnailUrl\":\"https:\/\/qingdaohf.com\/wp-content\/uploads\/2024\/12\/Formwork-Hex-Nut-2.jpg\",\"datePublished\":\"2024-12-31T09:02:10+00:00\",\"dateModified\":\"2025-11-13T01:02:21+00:00\",\"breadcrumb\":{\"@id\":\"https:\/\/qingdaohf.com\/product\/formwork-hex-nut-connection\/#breadcrumb\"},\"inLanguage\":\"cs\",\"potentialAction\":[{\"@type\":\"ReadAction\",\"target\":[\"https:\/\/qingdaohf.com\/product\/formwork-hex-nut-connection\/\"]}]},{\"@type\":\"ImageObject\",\"inLanguage\":\"cs\",\"@id\":\"https:\/\/qingdaohf.com\/product\/formwork-hex-nut-connection\/#primaryimage\",\"url\":\"https:\/\/qingdaohf.com\/wp-content\/uploads\/2024\/12\/Formwork-Hex-Nut-2.jpg\",\"contentUrl\":\"https:\/\/qingdaohf.com\/wp-content\/uploads\/2024\/12\/Formwork-Hex-Nut-2.jpg\",\"width\":1000,\"height\":1000,\"caption\":\"Formwork Hex Nut\"},{\"@type\":\"BreadcrumbList\",\"@id\":\"https:\/\/qingdaohf.com\/product\/formwork-hex-nut-connection\/#breadcrumb\",\"itemListElement\":[{\"@type\":\"ListItem\",\"position\":1,\"name\":\"Home\",\"item\":\"https:\/\/qingdaohf.com\/\"},{\"@type\":\"ListItem\",\"position\":2,\"name\":\"Concrete Forming Accessories and Rigging Hardware\",\"item\":\"https:\/\/qingdaohf.com\/bg\/?page_id=944\"},{\"@type\":\"ListItem\",\"position\":3,\"name\":\"Formwork Hex Nut Connection\"}]},{\"@type\":\"WebSite\",\"@id\":\"https:\/\/qingdaohf.com\/bg\/#website\",\"url\":\"https:\/\/qingdaohf.com\/bg\/\",\"name\":\"Concrete Form & Rigging Hardware Supplier\",\"description\":\"\",\"publisher\":{\"@id\":\"https:\/\/qingdaohf.com\/bg\/#organization\"},\"potentialAction\":[{\"@type\":\"SearchAction\",\"target\":{\"@type\":\"EntryPoint\",\"urlTemplate\":\"https:\/\/qingdaohf.com\/bg\/?s={search_term_string}\"},\"query-input\":{\"@type\":\"PropertyValueSpecification\",\"valueRequired\":true,\"valueName\":\"search_term_string\"}}],\"inLanguage\":\"cs\"},{\"@type\":\"Organization\",\"@id\":\"https:\/\/qingdaohf.com\/bg\/#organization\",\"name\":\"Qingdao H&F\",\"url\":\"https:\/\/qingdaohf.com\/bg\/\",\"logo\":{\"@type\":\"ImageObject\",\"inLanguage\":\"cs\",\"@id\":\"https:\/\/qingdaohf.com\/bg\/#\/schema\/logo\/image\/\",\"url\":\"https:\/\/qingdaohf.com\/wp-content\/uploads\/2022\/12\/cropped-HF-LOGO.png\",\"contentUrl\":\"https:\/\/qingdaohf.com\/wp-content\/uploads\/2022\/12\/cropped-HF-LOGO.png\",\"width\":391,\"height\":249,\"caption\":\"Qingdao H&F\"},\"image\":{\"@id\":\"https:\/\/qingdaohf.com\/bg\/#\/schema\/logo\/image\/\"},\"sameAs\":[\"https:\/\/www.facebook.com\/qingdaohf\"]}]}<\/script>\n<!-- \/ Yoast SEO plugin. -->","yoast_head_json":{"title":"Formwork Hex Nut Connection","robots":{"index":"index","follow":"follow","max-snippet":"max-snippet:-1","max-image-preview":"max-image-preview:large","max-video-preview":"max-video-preview:-1"},"canonical":"https:\/\/qingdaohf.com\/cs\/produkt\/sestihranna-matice-bedneni\/","og_locale":"cs_CZ","og_type":"article","og_title":"Formwork Hex Nut Connection","og_description":"Formwork Hex Nut has a reliable feature in modern construction due to best compatibility with the tie rod system and can make fastening secure, long-lasting for rigorous formwork work. Being one professional trading company, the selling points are one-to-one customer experience, quick delivery cycle and complete quality inspection reports. That much of care will definitely assure giving the best products to be given to you for assured on-site efficiency and safety.","og_url":"https:\/\/qingdaohf.com\/cs\/produkt\/sestihranna-matice-bedneni\/","og_site_name":"Concrete Form &amp; Rigging Hardware Supplier","article_publisher":"https:\/\/www.facebook.com\/qingdaohf","article_modified_time":"2025-11-13T01:02:21+00:00","og_image":[{"width":1000,"height":1000,"url":"https:\/\/qingdaohf.com\/wp-content\/uploads\/2024\/12\/Formwork-Hex-Nut-2.jpg","type":"image\/jpeg"}],"twitter_card":"summary_large_image","twitter_misc":{"Odhadovan\u00e1 doba \u010dten\u00ed":"3 minuty"},"schema":{"@context":"https:\/\/schema.org","@graph":[{"@type":"WebPage","@id":"https:\/\/qingdaohf.com\/product\/formwork-hex-nut-connection\/","url":"https:\/\/qingdaohf.com\/product\/formwork-hex-nut-connection\/","name":"Formwork Hex Nut Connection","isPartOf":{"@id":"https:\/\/qingdaohf.com\/bg\/#website"},"primaryImageOfPage":{"@id":"https:\/\/qingdaohf.com\/product\/formwork-hex-nut-connection\/#primaryimage"},"image":{"@id":"https:\/\/qingdaohf.com\/product\/formwork-hex-nut-connection\/#primaryimage"},"thumbnailUrl":"https:\/\/qingdaohf.com\/wp-content\/uploads\/2024\/12\/Formwork-Hex-Nut-2.jpg","datePublished":"2024-12-31T09:02:10+00:00","dateModified":"2025-11-13T01:02:21+00:00","breadcrumb":{"@id":"https:\/\/qingdaohf.com\/product\/formwork-hex-nut-connection\/#breadcrumb"},"inLanguage":"cs","potentialAction":[{"@type":"ReadAction","target":["https:\/\/qingdaohf.com\/product\/formwork-hex-nut-connection\/"]}]},{"@type":"ImageObject","inLanguage":"cs","@id":"https:\/\/qingdaohf.com\/product\/formwork-hex-nut-connection\/#primaryimage","url":"https:\/\/qingdaohf.com\/wp-content\/uploads\/2024\/12\/Formwork-Hex-Nut-2.jpg","contentUrl":"https:\/\/qingdaohf.com\/wp-content\/uploads\/2024\/12\/Formwork-Hex-Nut-2.jpg","width":1000,"height":1000,"caption":"Formwork Hex Nut"},{"@type":"BreadcrumbList","@id":"https:\/\/qingdaohf.com\/product\/formwork-hex-nut-connection\/#breadcrumb","itemListElement":[{"@type":"ListItem","position":1,"name":"Home","item":"https:\/\/qingdaohf.com\/"},{"@type":"ListItem","position":2,"name":"Concrete Forming Accessories and Rigging Hardware","item":"https:\/\/qingdaohf.com\/bg\/?page_id=944"},{"@type":"ListItem","position":3,"name":"Formwork Hex Nut Connection"}]},{"@type":"WebSite","@id":"https:\/\/qingdaohf.com\/bg\/#website","url":"https:\/\/qingdaohf.com\/bg\/","name":"Concrete Form & Rigging Hardware Supplier","description":"","publisher":{"@id":"https:\/\/qingdaohf.com\/bg\/#organization"},"potentialAction":[{"@type":"SearchAction","target":{"@type":"EntryPoint","urlTemplate":"https:\/\/qingdaohf.com\/bg\/?s={search_term_string}"},"query-input":{"@type":"PropertyValueSpecification","valueRequired":true,"valueName":"search_term_string"}}],"inLanguage":"cs"},{"@type":"Organization","@id":"https:\/\/qingdaohf.com\/bg\/#organization","name":"Qingdao H&F","url":"https:\/\/qingdaohf.com\/bg\/","logo":{"@type":"ImageObject","inLanguage":"cs","@id":"https:\/\/qingdaohf.com\/bg\/#\/schema\/logo\/image\/","url":"https:\/\/qingdaohf.com\/wp-content\/uploads\/2022\/12\/cropped-HF-LOGO.png","contentUrl":"https:\/\/qingdaohf.com\/wp-content\/uploads\/2022\/12\/cropped-HF-LOGO.png","width":391,"height":249,"caption":"Qingdao H&F"},"image":{"@id":"https:\/\/qingdaohf.com\/bg\/#\/schema\/logo\/image\/"},"sameAs":["https:\/\/www.facebook.com\/qingdaohf"]}]}},"_links":{"self":[{"href":"https:\/\/qingdaohf.com\/cs\/wp-json\/wp\/v2\/product\/8618","targetHints":{"allow":["GET"]}}],"collection":[{"href":"https:\/\/qingdaohf.com\/cs\/wp-json\/wp\/v2\/product"}],"about":[{"href":"https:\/\/qingdaohf.com\/cs\/wp-json\/wp\/v2\/types\/product"}],"replies":[{"embeddable":true,"href":"https:\/\/qingdaohf.com\/cs\/wp-json\/wp\/v2\/comments?post=8618"}],"version-history":[{"count":2,"href":"https:\/\/qingdaohf.com\/cs\/wp-json\/wp\/v2\/product\/8618\/revisions"}],"predecessor-version":[{"id":8737,"href":"https:\/\/qingdaohf.com\/cs\/wp-json\/wp\/v2\/product\/8618\/revisions\/8737"}],"wp:featuredmedia":[{"embeddable":true,"href":"https:\/\/qingdaohf.com\/cs\/wp-json\/wp\/v2\/media\/8620"}],"wp:attachment":[{"href":"https:\/\/qingdaohf.com\/cs\/wp-json\/wp\/v2\/media?parent=8618"}],"wp:term":[{"taxonomy":"product_brand","embeddable":true,"href":"https:\/\/qingdaohf.com\/cs\/wp-json\/wp\/v2\/product_brand?post=8618"},{"taxonomy":"product_cat","embeddable":true,"href":"https:\/\/qingdaohf.com\/cs\/wp-json\/wp\/v2\/product_cat?post=8618"},{"taxonomy":"product_tag","embeddable":true,"href":"https:\/\/qingdaohf.com\/cs\/wp-json\/wp\/v2\/product_tag?post=8618"}],"curies":[{"name":"wp","href":"https:\/\/api.w.org\/{rel}","templated":true}]}}