{"id":8624,"date":"2025-01-02T15:50:36","date_gmt":"2025-01-02T07:50:36","guid":{"rendered":"http:\/\/qingdaohf.com\/?post_type=product&#038;p=8624"},"modified":"2025-11-13T09:02:21","modified_gmt":"2025-11-13T01:02:21","slug":"steel-tie-rod-cone","status":"publish","type":"product","link":"https:\/\/qingdaohf.com\/cs\/produkt\/kuzel-ocelove-spojovaci-tyce\/","title":{"rendered":"Ku\u017eel ocelov\u00e9 v\u00e1zac\u00ed ty\u010de"},"content":{"rendered":"<h2 class=\"whitespace-pre-wrap break-words\">Porozum\u011bn\u00ed ocelov\u00e9mu stahovac\u00edmu ku\u017eelu a jeho \u00faloze ve stavebnictv\u00ed<\/h2>\n<p class=\"whitespace-pre-wrap break-words\">Ocelov\u00e9 ku\u017eelov\u00e9 ty\u010de hraj\u00ed v modern\u00edm stavebnictv\u00ed d\u016fle\u017eitou roli, zejm\u00e9na p\u0159i mont\u00e1\u017ei bedn\u011bn\u00ed. Tyto jednoduch\u00e9, ale kl\u00ed\u010dov\u00e9 komponenty uzav\u00edraj\u00ed konce spojovac\u00edch ty\u010d\u00ed a vytv\u00e1\u0159ej\u00ed z\u00e1kladn\u00ed rozhran\u00ed mezi bedn\u011bn\u00edm a betonov\u00fdmi konstrukcemi. Krom\u011b toho, \u017ee slou\u017e\u00ed jako spojovac\u00ed prvky, slou\u017e\u00ed tak\u00e9 jako uz\u00e1v\u011bry vody a zaji\u0161\u0165uj\u00ed p\u0159esn\u00e9 rozte\u010de, \u010d\u00edm\u017e pom\u00e1haj\u00ed stavebn\u00edm t\u00fdm\u016fm dodr\u017eovat n\u00e1ro\u010dn\u00e9 standardy, ani\u017e by byla ob\u011btov\u00e1na kvalita nebo rychlost v\u00fdstavby.<\/p>\n<p class=\"whitespace-pre-wrap break-words\">P\u0159i betonov\u00e1n\u00ed zabra\u0148uj\u00ed ku\u017eely v\u00e1zac\u00edch ty\u010d\u00ed p\u0159\u00edm\u00e9mu kontaktu v\u00e1zac\u00edch ty\u010d\u00ed s mokr\u00fdm betonem, co\u017e chr\u00e1n\u00ed statiku bedn\u011bn\u00ed. Jejich konstrukce tak\u00e9 v\u00fdrazn\u011b usnad\u0148uje odstran\u011bn\u00ed bedn\u011bn\u00ed po zatuhnut\u00ed betonu - co\u017e je kl\u00ed\u010dov\u00e1 vlastnost u do\u010dasn\u00fdch syst\u00e9m\u016f pou\u017e\u00edvan\u00fdch ve v\u0161ech oblastech od most\u016f po mrakodrapy a pr\u016fmyslov\u00e9 budovy.<\/p>\n<h2 class=\"font-600 text-xl font-bold\">Syst\u00e9m v\u00e1zac\u00edch ty\u010d\u00ed: S\u00ed\u0165 pro spolupr\u00e1ci<\/h2>\n<p class=\"whitespace-pre-wrap break-words\">Ku\u017eely spojovac\u00edch ty\u010d\u00ed nefunguj\u00ed samostatn\u011b - jsou sou\u010d\u00e1st\u00ed integrovan\u00e9ho syst\u00e9mu, kter\u00fd zahrnuje vodn\u00ed dorazy, spojovac\u00ed ty\u010de, kombi matice a podlo\u017eky pod desky. Tyto sou\u010d\u00e1sti spolupracuj\u00ed jako dob\u0159e namazan\u00fd stroj, kter\u00fd zvl\u00e1d\u00e1 intenzivn\u00ed tlaky p\u0159i stavebn\u00edch prac\u00edch.<\/p>\n<p class=\"whitespace-pre-wrap break-words\">Z\u00e1kladem v\u0161eho je t\u00e1hlo, kter\u00e9 zaji\u0161\u0165uje pevnost v tahu pot\u0159ebnou k zadr\u017een\u00ed mokr\u00e9ho betonu b\u011bhem lit\u00ed a tvrdnut\u00ed. Vodn\u00ed uz\u00e1v\u011bry vytv\u00e1\u0159ej\u00ed kl\u00ed\u010dov\u00e9 t\u011bsn\u011bn\u00ed proti vlhkosti - obzvl\u00e1\u0161t\u011b d\u016fle\u017eit\u00e9 pro podzemn\u00ed stavby nebo cokoli, co pot\u0159ebuje zadr\u017eovat vodu. Ocelov\u00fd ku\u017eel stahovac\u00ed ty\u010de tento syst\u00e9m vylep\u0161uje t\u00edm, \u017ee zlep\u0161uje jak \u017eivotnost konstrukce, tak jej\u00ed funk\u010dnost.<\/p>\n<p class=\"whitespace-pre-wrap break-words\">Kombina\u010dn\u00ed matice superdesky v\u0161e pevn\u011b zajist\u00ed na sv\u00e9m m\u00edst\u011b, \u010d\u00edm\u017e udr\u017euje st\u00e1l\u00e9 nap\u011bt\u00ed v cel\u00e9m syst\u00e9mu a zabra\u0148uje posunu bedn\u011bn\u00ed. Mezit\u00edm podlo\u017eky desek v\u00e1zac\u00ed ty\u010de rovnom\u011brn\u011b rozkl\u00e1daj\u00ed zat\u00ed\u017een\u00ed po cel\u00e9 plo\u0161e bedn\u011bn\u00ed, \u010d\u00edm\u017e eliminuj\u00ed slab\u00e1 m\u00edsta, kter\u00e1 by mohla v\u00e9st k probl\u00e9m\u016fm v budoucnu.<\/p>\n<h2 class=\"font-600 text-xl font-bold\">V\u00fdhody pou\u017eit\u00ed ocelov\u00fdch ty\u010dov\u00fdch ku\u017eel\u016f v projektech<\/h2>\n<p class=\"whitespace-pre-wrap break-words\">Ocelov\u00e9 ty\u010dov\u00e9 ku\u017eely nab\u00edzej\u00ed na staveni\u0161t\u00edch n\u011bkolik kl\u00ed\u010dov\u00fdch v\u00fdhod. Jejich p\u0159esn\u00e9 rozte\u010de zaji\u0161\u0165uj\u00ed rovnom\u011brnou tlou\u0161\u0165ku st\u011bn a p\u0159esn\u00e9 dodr\u017een\u00ed architektonick\u00fdch specifikac\u00ed. Jsou tak\u00e9 dokonale slad\u011bny s ostatn\u00edmi komponenty syst\u00e9mu v\u00e1zac\u00edch ty\u010d\u00ed, co\u017e zjednodu\u0161uje instalaci a sni\u017euje n\u00e1klady na pracovn\u00ed s\u00edlu.<\/p>\n<p class=\"whitespace-pre-wrap break-words\">Tyto ku\u017eely jsou vyrobeny z vysoce kvalitn\u00ed oceli, kter\u00e1 odol\u00e1v\u00e1 velk\u00e9mu zat\u00ed\u017een\u00ed a nep\u0159\u00edzniv\u00e9mu po\u010das\u00ed. D\u00edky t\u00e9to odolnosti je mohou stavebn\u00ed t\u00fdmy pou\u017e\u00edvat opakovan\u011b, co\u017e \u0161et\u0159\u00ed pen\u00edze a sni\u017euje mno\u017estv\u00ed odpadu p\u0159i stavb\u011b.<\/p>\n<p class=\"whitespace-pre-wrap break-words\">Ve spole\u010dnosti Qingdao H&amp;F proch\u00e1z\u00ed ka\u017ed\u00fd ku\u017eel p\u0159\u00edsn\u00fdm testov\u00e1n\u00edm pevnosti a rozm\u011brov\u00e9 p\u0159esnosti. Ke ka\u017ed\u00e9 dod\u00e1vce poskytujeme podrobn\u00e9 zpr\u00e1vy o kontrole kvality, co\u017e na\u0161im z\u00e1kazn\u00edk\u016fm d\u00e1v\u00e1 jistotu, \u017ee jejich materi\u00e1ly spl\u0148uj\u00ed v\u0161echny bezpe\u010dnostn\u00ed a regula\u010dn\u00ed po\u017eadavky. N\u00e1\u0161 individu\u00e1ln\u00ed z\u00e1kaznick\u00fd servis pom\u00e1h\u00e1 kupuj\u00edc\u00edm naj\u00edt p\u0159esn\u011b to spr\u00e1vn\u00e9 \u0159e\u0161en\u00ed syst\u00e9mu v\u00e1zac\u00edch ty\u010d\u00ed pro jejich konkr\u00e9tn\u00ed projekty.<\/p>\n<h2 class=\"font-600 text-xl font-bold\">Integrace a v\u00fdkonnost: Spojen\u00ed v\u0161eho dohromady<\/h2>\n<p class=\"whitespace-pre-wrap break-words\">Zp\u016fsob, jak\u00fdm tyto komponenty spolupracuj\u00ed, ukazuje, jak d\u016fle\u017eit\u00e9 jsou dobr\u00e9 technick\u00e9 zpracov\u00e1n\u00ed a kvalitn\u00ed materi\u00e1ly. P\u0159i spr\u00e1vn\u00e9 instalaci vytv\u00e1\u0159\u00ed kompletn\u00ed syst\u00e9m ku\u017eel\u016f v\u00e1zac\u00edch ty\u010d\u00ed, vodn\u00edch doraz\u016f, v\u00e1zac\u00edch ty\u010d\u00ed, matic a podlo\u017eek spolehliv\u00fd z\u00e1klad pro stavebn\u00ed pr\u00e1ce.<\/p>\n<p class=\"whitespace-pre-wrap break-words\">Spr\u00e1vn\u00e9 nastaven\u00ed bedn\u011bn\u00ed udr\u017euje jeho stabilitu b\u011bhem vytvrzov\u00e1n\u00ed betonu, co\u017e zabra\u0148uje \u00fanik\u016fm, konstruk\u010dn\u00edm probl\u00e9m\u016fm a zpo\u017ed\u011bn\u00ed projektu. D\u00edky modul\u00e1rn\u00ed konstrukci je syst\u00e9m dostate\u010dn\u011b univerz\u00e1ln\u00ed pro v\u0161echny druhy projekt\u016f, od jednoduch\u00fdch op\u011brn\u00fdch zd\u00ed a\u017e po rozs\u00e1hl\u00e9 infrastrukturn\u00ed pr\u00e1ce.<\/p>\n<p class=\"whitespace-pre-wrap break-words\">Volba spole\u010dnosti Qingdao H&amp;F znamen\u00e1, \u017ee z\u00edsk\u00e1te jak v\u00fdrobky \u0161pi\u010dkov\u00e9 kvality, tak hlubok\u00e9 odborn\u00e9 znalosti v oblasti bednic\u00edch syst\u00e9m\u016f. Jsme hrd\u00ed na rychl\u00e9 dod\u00e1n\u00ed a individu\u00e1ln\u00ed slu\u017eby, kter\u00e9 podporuj\u00ed va\u0161e projekty od za\u010d\u00e1tku a\u017e do konce. A\u0165 u\u017e pot\u0159ebujete ku\u017eelov\u00e9 ty\u010de pro jednu zak\u00e1zku, nebo chcete spolehliv\u00e9ho dlouhodob\u00e9ho dodavatele, poskytujeme v\u00fdjime\u010dnou hodnotu a spolehlivost.<\/p>","protected":false},"excerpt":{"rendered":"<p data-pm-slice=\"1 1 []\">Ocelov\u00e9 ty\u010dov\u00e9 ku\u017eely hraj\u00ed kl\u00ed\u010dovou roli p\u0159i vytv\u00e1\u0159en\u00ed betonov\u00fdch konstrukc\u00ed, proto\u017ee zaji\u0161\u0165uj\u00ed p\u0159esn\u00e9 vyrovn\u00e1n\u00ed a trvanlivost konstrukce. Kupuj\u00edc\u00ed p\u0159i hodnocen\u00ed t\u011bchto v\u00fdrobk\u016f \u010dasto up\u0159ednost\u0148uj\u00ed kompatibilitu s r\u016fzn\u00fdmi syst\u00e9my v\u00e1zac\u00edch ty\u010d\u00ed, odolnost proti vod\u011b a pevnost materi\u00e1lu. Ve spole\u010dnosti Qingdao H&amp;F tyto obavy \u0159e\u0161\u00edme prost\u0159ednictv\u00edm specializovan\u00e9ho individu\u00e1ln\u00edho p\u0159\u00edstupu k z\u00e1kazn\u00edk\u016fm, rychl\u00fdch dodac\u00edch cykl\u016f a komplexn\u00edch zpr\u00e1v o kontrole kvality. D\u00edky na\u0161im zku\u0161enostem v oblasti zahrani\u010dn\u00edho obchodu a hlubok\u00e9mu porozum\u011bn\u00ed pot\u0159eb\u00e1m stavebnictv\u00ed dod\u00e1v\u00e1me v\u00fdrobky, kter\u00e9 p\u0159ed\u010d\u00ed o\u010dek\u00e1v\u00e1n\u00ed.<\/p>","protected":false},"featured_media":8625,"comment_status":"open","ping_status":"closed","template":"","meta":{"site-sidebar-layout":"default","site-content-layout":"","ast-site-content-layout":"default","site-content-style":"default","site-sidebar-style":"default","ast-global-header-display":"","ast-banner-title-visibility":"","ast-main-header-display":"","ast-hfb-above-header-display":"","ast-hfb-below-header-display":"","ast-hfb-mobile-header-display":"","site-post-title":"","ast-breadcrumbs-content":"","ast-featured-img":"","footer-sml-layout":"","theme-transparent-header-meta":"default","adv-header-id-meta":"","stick-header-meta":"default","header-above-stick-meta":"","header-main-stick-meta":"","header-below-stick-meta":"","astra-migrate-meta-layouts":"set","ast-page-background-enabled":"default","ast-page-background-meta":{"desktop":{"background-color":"","background-image":"","background-repeat":"repeat","background-position":"center center","background-size":"auto","background-attachment":"scroll","background-type":"","background-media":"","overlay-type":"","overlay-color":"","overlay-opacity":"","overlay-gradient":""},"tablet":{"background-color":"","background-image":"","background-repeat":"repeat","background-position":"center center","background-size":"auto","background-attachment":"scroll","background-type":"","background-media":"","overlay-type":"","overlay-color":"","overlay-opacity":"","overlay-gradient":""},"mobile":{"background-color":"","background-image":"","background-repeat":"repeat","background-position":"center center","background-size":"auto","background-attachment":"scroll","background-type":"","background-media":"","overlay-type":"","overlay-color":"","overlay-opacity":"","overlay-gradient":""}},"ast-content-background-meta":{"desktop":{"background-color":"var(--ast-global-color-5)","background-image":"","background-repeat":"repeat","background-position":"center center","background-size":"auto","background-attachment":"scroll","background-type":"","background-media":"","overlay-type":"","overlay-color":"","overlay-opacity":"","overlay-gradient":""},"tablet":{"background-color":"var(--ast-global-color-5)","background-image":"","background-repeat":"repeat","background-position":"center center","background-size":"auto","background-attachment":"scroll","background-type":"","background-media":"","overlay-type":"","overlay-color":"","overlay-opacity":"","overlay-gradient":""},"mobile":{"background-color":"var(--ast-global-color-5)","background-image":"","background-repeat":"repeat","background-position":"center center","background-size":"auto","background-attachment":"scroll","background-type":"","background-media":"","overlay-type":"","overlay-color":"","overlay-opacity":"","overlay-gradient":""}}},"product_brand":[],"product_cat":[79],"product_tag":[],"class_list":{"0":"post-8624","1":"product","2":"type-product","3":"status-publish","4":"has-post-thumbnail","6":"product_cat-tie-rod-system","7":"desktop-align-left","8":"tablet-align-left","9":"mobile-align-left","10":"ast-product-gallery-layout-horizontal-slider","11":"ast-product-gallery-with-no-image","12":"ast-product-tabs-layout-horizontal","14":"first","15":"instock","16":"shipping-taxable","17":"purchasable","18":"product-type-simple"},"yoast_head":"<!-- This site is optimized with the Yoast SEO plugin v25.2 - https:\/\/yoast.com\/wordpress\/plugins\/seo\/ -->\n<title>Steel Tie Rod Cone<\/title>\n<meta name=\"description\" content=\"Steel Tie Rod Cones play a critical role in forming concrete structures by ensuring precise alignment and durability in construction.\" \/>\n<meta name=\"robots\" content=\"index, follow, max-snippet:-1, max-image-preview:large, max-video-preview:-1\" \/>\n<link rel=\"canonical\" href=\"https:\/\/qingdaohf.com\/cs\/produkt\/kuzel-ocelove-spojovaci-tyce\/\" \/>\n<meta property=\"og:locale\" content=\"cs_CZ\" \/>\n<meta property=\"og:type\" content=\"article\" \/>\n<meta property=\"og:title\" content=\"Steel Tie Rod Cone\" \/>\n<meta property=\"og:description\" content=\"Steel Tie Rod Cones play a critical role in forming concrete structures by ensuring precise alignment and durability in construction.\" \/>\n<meta property=\"og:url\" content=\"https:\/\/qingdaohf.com\/cs\/produkt\/kuzel-ocelove-spojovaci-tyce\/\" \/>\n<meta property=\"og:site_name\" content=\"Concrete Form &amp; Rigging Hardware Supplier\" \/>\n<meta property=\"article:publisher\" content=\"https:\/\/www.facebook.com\/qingdaohf\" \/>\n<meta property=\"article:modified_time\" content=\"2025-11-13T01:02:21+00:00\" \/>\n<meta property=\"og:image\" content=\"https:\/\/qingdaohf.com\/wp-content\/uploads\/2025\/01\/steel-cone-tie-rod.webp\" \/>\n\t<meta property=\"og:image:width\" content=\"1000\" \/>\n\t<meta property=\"og:image:height\" content=\"1000\" \/>\n\t<meta property=\"og:image:type\" content=\"image\/webp\" \/>\n<meta name=\"twitter:card\" content=\"summary_large_image\" \/>\n<meta name=\"twitter:label1\" content=\"Odhadovan\u00e1 doba \u010dten\u00ed\" \/>\n\t<meta name=\"twitter:data1\" content=\"3 minuty\" \/>\n<script type=\"application\/ld+json\" class=\"yoast-schema-graph\">{\"@context\":\"https:\/\/schema.org\",\"@graph\":[{\"@type\":\"WebPage\",\"@id\":\"https:\/\/qingdaohf.com\/product\/steel-tie-rod-cone\/\",\"url\":\"https:\/\/qingdaohf.com\/product\/steel-tie-rod-cone\/\",\"name\":\"Steel Tie Rod Cone\",\"isPartOf\":{\"@id\":\"https:\/\/qingdaohf.com\/bg\/#website\"},\"primaryImageOfPage\":{\"@id\":\"https:\/\/qingdaohf.com\/product\/steel-tie-rod-cone\/#primaryimage\"},\"image\":{\"@id\":\"https:\/\/qingdaohf.com\/product\/steel-tie-rod-cone\/#primaryimage\"},\"thumbnailUrl\":\"https:\/\/qingdaohf.com\/wp-content\/uploads\/2025\/01\/steel-cone-tie-rod.webp\",\"datePublished\":\"2025-01-02T07:50:36+00:00\",\"dateModified\":\"2025-11-13T01:02:21+00:00\",\"description\":\"Steel Tie Rod Cones play a critical role in forming concrete structures by ensuring precise alignment and durability in construction.\",\"breadcrumb\":{\"@id\":\"https:\/\/qingdaohf.com\/product\/steel-tie-rod-cone\/#breadcrumb\"},\"inLanguage\":\"cs\",\"potentialAction\":[{\"@type\":\"ReadAction\",\"target\":[\"https:\/\/qingdaohf.com\/product\/steel-tie-rod-cone\/\"]}]},{\"@type\":\"ImageObject\",\"inLanguage\":\"cs\",\"@id\":\"https:\/\/qingdaohf.com\/product\/steel-tie-rod-cone\/#primaryimage\",\"url\":\"https:\/\/qingdaohf.com\/wp-content\/uploads\/2025\/01\/steel-cone-tie-rod.webp\",\"contentUrl\":\"https:\/\/qingdaohf.com\/wp-content\/uploads\/2025\/01\/steel-cone-tie-rod.webp\",\"width\":1000,\"height\":1000,\"caption\":\"steel cone tie rod\"},{\"@type\":\"BreadcrumbList\",\"@id\":\"https:\/\/qingdaohf.com\/product\/steel-tie-rod-cone\/#breadcrumb\",\"itemListElement\":[{\"@type\":\"ListItem\",\"position\":1,\"name\":\"Home\",\"item\":\"https:\/\/qingdaohf.com\/\"},{\"@type\":\"ListItem\",\"position\":2,\"name\":\"Concrete Forming Accessories and Rigging Hardware\",\"item\":\"https:\/\/qingdaohf.com\/bg\/?page_id=944\"},{\"@type\":\"ListItem\",\"position\":3,\"name\":\"Steel Tie Rod Cone\"}]},{\"@type\":\"WebSite\",\"@id\":\"https:\/\/qingdaohf.com\/bg\/#website\",\"url\":\"https:\/\/qingdaohf.com\/bg\/\",\"name\":\"Concrete Form & Rigging Hardware Supplier\",\"description\":\"\",\"publisher\":{\"@id\":\"https:\/\/qingdaohf.com\/bg\/#organization\"},\"potentialAction\":[{\"@type\":\"SearchAction\",\"target\":{\"@type\":\"EntryPoint\",\"urlTemplate\":\"https:\/\/qingdaohf.com\/bg\/?s={search_term_string}\"},\"query-input\":{\"@type\":\"PropertyValueSpecification\",\"valueRequired\":true,\"valueName\":\"search_term_string\"}}],\"inLanguage\":\"cs\"},{\"@type\":\"Organization\",\"@id\":\"https:\/\/qingdaohf.com\/bg\/#organization\",\"name\":\"Qingdao H&F\",\"url\":\"https:\/\/qingdaohf.com\/bg\/\",\"logo\":{\"@type\":\"ImageObject\",\"inLanguage\":\"cs\",\"@id\":\"https:\/\/qingdaohf.com\/bg\/#\/schema\/logo\/image\/\",\"url\":\"https:\/\/qingdaohf.com\/wp-content\/uploads\/2022\/12\/cropped-HF-LOGO.png\",\"contentUrl\":\"https:\/\/qingdaohf.com\/wp-content\/uploads\/2022\/12\/cropped-HF-LOGO.png\",\"width\":391,\"height\":249,\"caption\":\"Qingdao H&F\"},\"image\":{\"@id\":\"https:\/\/qingdaohf.com\/bg\/#\/schema\/logo\/image\/\"},\"sameAs\":[\"https:\/\/www.facebook.com\/qingdaohf\"]}]}<\/script>\n<!-- \/ Yoast SEO plugin. -->","yoast_head_json":{"title":"Steel Tie Rod Cone","description":"Steel Tie Rod Cones play a critical role in forming concrete structures by ensuring precise alignment and durability in construction.","robots":{"index":"index","follow":"follow","max-snippet":"max-snippet:-1","max-image-preview":"max-image-preview:large","max-video-preview":"max-video-preview:-1"},"canonical":"https:\/\/qingdaohf.com\/cs\/produkt\/kuzel-ocelove-spojovaci-tyce\/","og_locale":"cs_CZ","og_type":"article","og_title":"Steel Tie Rod Cone","og_description":"Steel Tie Rod Cones play a critical role in forming concrete structures by ensuring precise alignment and durability in construction.","og_url":"https:\/\/qingdaohf.com\/cs\/produkt\/kuzel-ocelove-spojovaci-tyce\/","og_site_name":"Concrete Form &amp; Rigging Hardware Supplier","article_publisher":"https:\/\/www.facebook.com\/qingdaohf","article_modified_time":"2025-11-13T01:02:21+00:00","og_image":[{"width":1000,"height":1000,"url":"https:\/\/qingdaohf.com\/wp-content\/uploads\/2025\/01\/steel-cone-tie-rod.webp","type":"image\/webp"}],"twitter_card":"summary_large_image","twitter_misc":{"Odhadovan\u00e1 doba \u010dten\u00ed":"3 minuty"},"schema":{"@context":"https:\/\/schema.org","@graph":[{"@type":"WebPage","@id":"https:\/\/qingdaohf.com\/product\/steel-tie-rod-cone\/","url":"https:\/\/qingdaohf.com\/product\/steel-tie-rod-cone\/","name":"Steel Tie Rod Cone","isPartOf":{"@id":"https:\/\/qingdaohf.com\/bg\/#website"},"primaryImageOfPage":{"@id":"https:\/\/qingdaohf.com\/product\/steel-tie-rod-cone\/#primaryimage"},"image":{"@id":"https:\/\/qingdaohf.com\/product\/steel-tie-rod-cone\/#primaryimage"},"thumbnailUrl":"https:\/\/qingdaohf.com\/wp-content\/uploads\/2025\/01\/steel-cone-tie-rod.webp","datePublished":"2025-01-02T07:50:36+00:00","dateModified":"2025-11-13T01:02:21+00:00","description":"Steel Tie Rod Cones play a critical role in forming concrete structures by ensuring precise alignment and durability in construction.","breadcrumb":{"@id":"https:\/\/qingdaohf.com\/product\/steel-tie-rod-cone\/#breadcrumb"},"inLanguage":"cs","potentialAction":[{"@type":"ReadAction","target":["https:\/\/qingdaohf.com\/product\/steel-tie-rod-cone\/"]}]},{"@type":"ImageObject","inLanguage":"cs","@id":"https:\/\/qingdaohf.com\/product\/steel-tie-rod-cone\/#primaryimage","url":"https:\/\/qingdaohf.com\/wp-content\/uploads\/2025\/01\/steel-cone-tie-rod.webp","contentUrl":"https:\/\/qingdaohf.com\/wp-content\/uploads\/2025\/01\/steel-cone-tie-rod.webp","width":1000,"height":1000,"caption":"steel cone tie rod"},{"@type":"BreadcrumbList","@id":"https:\/\/qingdaohf.com\/product\/steel-tie-rod-cone\/#breadcrumb","itemListElement":[{"@type":"ListItem","position":1,"name":"Home","item":"https:\/\/qingdaohf.com\/"},{"@type":"ListItem","position":2,"name":"Concrete Forming Accessories and Rigging Hardware","item":"https:\/\/qingdaohf.com\/bg\/?page_id=944"},{"@type":"ListItem","position":3,"name":"Steel Tie Rod Cone"}]},{"@type":"WebSite","@id":"https:\/\/qingdaohf.com\/bg\/#website","url":"https:\/\/qingdaohf.com\/bg\/","name":"Concrete Form & Rigging Hardware Supplier","description":"","publisher":{"@id":"https:\/\/qingdaohf.com\/bg\/#organization"},"potentialAction":[{"@type":"SearchAction","target":{"@type":"EntryPoint","urlTemplate":"https:\/\/qingdaohf.com\/bg\/?s={search_term_string}"},"query-input":{"@type":"PropertyValueSpecification","valueRequired":true,"valueName":"search_term_string"}}],"inLanguage":"cs"},{"@type":"Organization","@id":"https:\/\/qingdaohf.com\/bg\/#organization","name":"Qingdao H&F","url":"https:\/\/qingdaohf.com\/bg\/","logo":{"@type":"ImageObject","inLanguage":"cs","@id":"https:\/\/qingdaohf.com\/bg\/#\/schema\/logo\/image\/","url":"https:\/\/qingdaohf.com\/wp-content\/uploads\/2022\/12\/cropped-HF-LOGO.png","contentUrl":"https:\/\/qingdaohf.com\/wp-content\/uploads\/2022\/12\/cropped-HF-LOGO.png","width":391,"height":249,"caption":"Qingdao H&F"},"image":{"@id":"https:\/\/qingdaohf.com\/bg\/#\/schema\/logo\/image\/"},"sameAs":["https:\/\/www.facebook.com\/qingdaohf"]}]}},"_links":{"self":[{"href":"https:\/\/qingdaohf.com\/cs\/wp-json\/wp\/v2\/product\/8624","targetHints":{"allow":["GET"]}}],"collection":[{"href":"https:\/\/qingdaohf.com\/cs\/wp-json\/wp\/v2\/product"}],"about":[{"href":"https:\/\/qingdaohf.com\/cs\/wp-json\/wp\/v2\/types\/product"}],"replies":[{"embeddable":true,"href":"https:\/\/qingdaohf.com\/cs\/wp-json\/wp\/v2\/comments?post=8624"}],"version-history":[{"count":1,"href":"https:\/\/qingdaohf.com\/cs\/wp-json\/wp\/v2\/product\/8624\/revisions"}],"predecessor-version":[{"id":8626,"href":"https:\/\/qingdaohf.com\/cs\/wp-json\/wp\/v2\/product\/8624\/revisions\/8626"}],"wp:featuredmedia":[{"embeddable":true,"href":"https:\/\/qingdaohf.com\/cs\/wp-json\/wp\/v2\/media\/8625"}],"wp:attachment":[{"href":"https:\/\/qingdaohf.com\/cs\/wp-json\/wp\/v2\/media?parent=8624"}],"wp:term":[{"taxonomy":"product_brand","embeddable":true,"href":"https:\/\/qingdaohf.com\/cs\/wp-json\/wp\/v2\/product_brand?post=8624"},{"taxonomy":"product_cat","embeddable":true,"href":"https:\/\/qingdaohf.com\/cs\/wp-json\/wp\/v2\/product_cat?post=8624"},{"taxonomy":"product_tag","embeddable":true,"href":"https:\/\/qingdaohf.com\/cs\/wp-json\/wp\/v2\/product_tag?post=8624"}],"curies":[{"name":"wp","href":"https:\/\/api.w.org\/{rel}","templated":true}]}}