{"id":8745,"date":"2025-01-18T09:22:33","date_gmt":"2025-01-18T01:22:33","guid":{"rendered":"http:\/\/qingdaohf.com\/?post_type=product&#038;p=8745"},"modified":"2025-11-13T09:02:20","modified_gmt":"2025-11-13T01:02:20","slug":"turnbuckle-concrete","status":"publish","type":"product","link":"https:\/\/qingdaohf.com\/cs\/produkt\/napinaci-beton\/","title":{"rendered":"Nap\u00ednac\u00ed beton"},"content":{"rendered":"<p class=\"whitespace-pre-wrap break-words\">Pokud jde o betonov\u00e9 bedn\u011bn\u00ed, \u010f\u00e1bel se skr\u00fdv\u00e1 v detailech. Pr\u00e1v\u011b zde p\u0159ich\u00e1z\u00ed ke slovu p\u0159\u00edslu\u0161enstv\u00ed pro beton\u00e1\u0159sk\u00e9 pr\u00e1ce - nen\u00ed to jen hardware, jsou to neop\u011bvovan\u00ed hrdinov\u00e9, kte\u0159\u00ed udr\u017euj\u00ed va\u0161e bedn\u011bn\u00ed v\u011brn\u00e9 a va\u0161e z\u00e1livky dokonal\u00e9. Poj\u010fme se pono\u0159it do dvou t\u011b\u017ek\u00fdch hit\u016f ve sv\u011bt\u011b nap\u00edn\u00e1k\u016f: Ploch\u00e9 desky a oh\u00fdban\u00e9 desky. Ka\u017ed\u00e1 z nich p\u0159in\u00e1\u0161\u00ed n\u011bco zvl\u00e1\u0161tn\u00edho a znalost rozd\u00edl\u016f m\u016f\u017ee rozhodnout o va\u0161em p\u0159\u00ed\u0161t\u00edm projektu.<\/p>\n<p><img fetchpriority=\"high\" decoding=\"async\" class=\"alignnone size-medium wp-image-9135\" src=\"http:\/\/qingdaohf.com\/wp-content\/uploads\/2025\/03\/concrete-turnbuckle-7-300x300.webp\" alt=\"betonov\u00fd nap\u00edn\u00e1k\" width=\"300\" height=\"300\" srcset=\"https:\/\/qingdaohf.com\/wp-content\/uploads\/2025\/03\/concrete-turnbuckle-7-300x300.webp 300w, https:\/\/qingdaohf.com\/wp-content\/uploads\/2025\/03\/concrete-turnbuckle-7-150x150.webp 150w, https:\/\/qingdaohf.com\/wp-content\/uploads\/2025\/03\/concrete-turnbuckle-7-768x768.webp 768w, https:\/\/qingdaohf.com\/wp-content\/uploads\/2025\/03\/concrete-turnbuckle-7-12x12.webp 12w, https:\/\/qingdaohf.com\/wp-content\/uploads\/2025\/03\/concrete-turnbuckle-7-500x500.webp 500w, https:\/\/qingdaohf.com\/wp-content\/uploads\/2025\/03\/concrete-turnbuckle-7-100x100.webp 100w, https:\/\/qingdaohf.com\/wp-content\/uploads\/2025\/03\/concrete-turnbuckle-7.webp 1000w\" sizes=\"(max-width: 300px) 100vw, 300px\" \/> <img decoding=\"async\" class=\"alignnone size-medium wp-image-9131\" src=\"http:\/\/qingdaohf.com\/wp-content\/uploads\/2025\/03\/concrete-turnbuckle-3-300x300.webp\" alt=\"betonov\u00fd nap\u00edn\u00e1k\" width=\"300\" height=\"300\" srcset=\"https:\/\/qingdaohf.com\/wp-content\/uploads\/2025\/03\/concrete-turnbuckle-3-300x300.webp 300w, https:\/\/qingdaohf.com\/wp-content\/uploads\/2025\/03\/concrete-turnbuckle-3-150x150.webp 150w, https:\/\/qingdaohf.com\/wp-content\/uploads\/2025\/03\/concrete-turnbuckle-3-768x768.webp 768w, https:\/\/qingdaohf.com\/wp-content\/uploads\/2025\/03\/concrete-turnbuckle-3-12x12.webp 12w, https:\/\/qingdaohf.com\/wp-content\/uploads\/2025\/03\/concrete-turnbuckle-3-500x500.webp 500w, https:\/\/qingdaohf.com\/wp-content\/uploads\/2025\/03\/concrete-turnbuckle-3-100x100.webp 100w, https:\/\/qingdaohf.com\/wp-content\/uploads\/2025\/03\/concrete-turnbuckle-3.webp 1000w\" sizes=\"(max-width: 300px) 100vw, 300px\" \/><\/p>\n<p class=\"whitespace-pre-wrap break-words\">Ve spole\u010dnosti H&amp;F v\u00e1m kryjeme z\u00e1da \u0159e\u0161en\u00edmi pro nap\u00ednac\u00ed prvky, kter\u00e1 nejen spl\u0148uj\u00ed o\u010dek\u00e1v\u00e1n\u00ed, ale tak\u00e9 je p\u0159ekon\u00e1vaj\u00ed. A\u0165 u\u017e pracujete na rozs\u00e1hl\u00e9m infrastrukturn\u00edm projektu, nebo na precizn\u00ed bytov\u00e9 stavb\u011b, m\u00e1me n\u00e1stroje, kter\u00e9 pot\u0159ebujete k tomu, abyste v\u0161e provedli spr\u00e1vn\u011b.<\/p>\n<div class=\"ast-oembed-container\" style=\"height: 100%;\"><iframe title=\"Zarovn\u00e1va\u010d betonov\u00fdch tvarovek s nap\u00ednac\u00edmi kle\u0161t\u011bmi\" width=\"500\" height=\"281\" src=\"https:\/\/www.youtube.com\/embed\/1guP_DQRF1o?feature=oembed\" frameborder=\"0\" allow=\"accelerometer; autoplay; clipboard-write; encrypted-media; gyroscope; picture-in-picture; web-share\" referrerpolicy=\"strict-origin-when-cross-origin\" allowfullscreen><\/iframe><\/div>\n<h2 class=\"text-xl font-bold text-text-200 mt-1 -mb-0.5\">Ploch\u00e9 deskov\u00e9 nap\u00edn\u00e1ky: P\u0159esnost a jednoduchost<\/h2>\n<p><img decoding=\"async\" class=\"alignnone wp-image-8766 size-medium\" src=\"http:\/\/qingdaohf.com\/wp-content\/uploads\/2025\/01\/flat-plate-turnbuckle-10-300x300.jpg\" alt=\"ploch\u00e1 deska nap\u00edn\u00e1ku\" width=\"300\" height=\"300\" srcset=\"https:\/\/qingdaohf.com\/wp-content\/uploads\/2025\/01\/flat-plate-turnbuckle-10-300x300.jpg 300w, https:\/\/qingdaohf.com\/wp-content\/uploads\/2025\/01\/flat-plate-turnbuckle-10-150x150.jpg 150w, https:\/\/qingdaohf.com\/wp-content\/uploads\/2025\/01\/flat-plate-turnbuckle-10-768x768.jpg 768w, https:\/\/qingdaohf.com\/wp-content\/uploads\/2025\/01\/flat-plate-turnbuckle-10-12x12.jpg 12w, https:\/\/qingdaohf.com\/wp-content\/uploads\/2025\/01\/flat-plate-turnbuckle-10-500x500.jpg 500w, https:\/\/qingdaohf.com\/wp-content\/uploads\/2025\/01\/flat-plate-turnbuckle-10-100x100.jpg 100w, https:\/\/qingdaohf.com\/wp-content\/uploads\/2025\/01\/flat-plate-turnbuckle-10.jpg 1000w\" sizes=\"(max-width: 300px) 100vw, 300px\" \/><\/p>\n<p class=\"whitespace-pre-wrap break-words\">P\u0159edstavte si to: nap\u00edn\u00e1k, kter\u00fd je \u010dist\u00fd a jednoduch\u00fd, s ploch\u00fdmi deskami na obou konc\u00edch, kter\u00e9 dokonale lad\u00ed s bedn\u011bn\u00edm. To je to, co z\u00edsk\u00e1te s na\u0161\u00ed konstrukc\u00ed s ploch\u00fdmi deskami. Nejsou obl\u00edben\u00e9 jen proto, \u017ee vypadaj\u00ed elegantn\u011b - jsou to pracovn\u00ed kon\u011b, kte\u0159\u00ed rovnom\u011brn\u011b rozkl\u00e1daj\u00ed zat\u00ed\u017een\u00ed v p\u0159ipojovac\u00edch bodech, \u010d\u00edm\u017e sni\u017euj\u00ed opot\u0159eben\u00ed va\u0161eho bedn\u011bn\u00ed.<\/p>\n<p class=\"whitespace-pre-wrap break-words\">Tito krasavci se vyzna\u010duj\u00ed t\u00edm, jak jednodu\u0161e se s nimi pracuje. Kdy\u017e z\u00e1vod\u00edte s \u010dasem na projektu, kde z\u00e1le\u017e\u00ed na ka\u017ed\u00e9m milimetru, ocen\u00edte jejich nen\u00e1ro\u010dnou instalaci. A proto\u017ee t\u011bsn\u011b p\u0159il\u00e9haj\u00ed k form\u011b, nemus\u00edte se ob\u00e1vat probl\u00e9m\u016f s v\u016fl\u00ed.<\/p>\n<p class=\"whitespace-pre-wrap break-words\">Ve spole\u010dnosti H&amp;F se s materi\u00e1ly nema\u017eeme. Ka\u017ed\u00fd nap\u00edn\u00e1k Flat Plate, kter\u00fd dod\u00e1v\u00e1me, je vyroben z opravdu odoln\u00e9ho materi\u00e1lu, kter\u00fd je navr\u017een tak, aby odol\u00e1val korozi a ka\u017edodenn\u00edmu zneu\u017e\u00edv\u00e1n\u00ed na staveni\u0161ti.<\/p>\n<h2 class=\"text-xl font-bold text-text-200 mt-1 -mb-0.5\">Nap\u00edn\u00e1ky s ohnutou deskou: P\u0159izp\u016fsobivost a lep\u0161\u00ed \u00fachop<\/h2>\n<p><img loading=\"lazy\" decoding=\"async\" class=\"alignnone size-medium wp-image-8814\" src=\"http:\/\/qingdaohf.com\/wp-content\/uploads\/2025\/01\/bent-plate-turnbuckle-17-300x300.jpg\" alt=\"ohnut\u00e1 deska nap\u00edn\u00e1ku\" width=\"300\" height=\"300\" srcset=\"https:\/\/qingdaohf.com\/wp-content\/uploads\/2025\/01\/bent-plate-turnbuckle-17-300x300.jpg 300w, https:\/\/qingdaohf.com\/wp-content\/uploads\/2025\/01\/bent-plate-turnbuckle-17-150x150.jpg 150w, https:\/\/qingdaohf.com\/wp-content\/uploads\/2025\/01\/bent-plate-turnbuckle-17-768x768.jpg 768w, https:\/\/qingdaohf.com\/wp-content\/uploads\/2025\/01\/bent-plate-turnbuckle-17-12x12.jpg 12w, https:\/\/qingdaohf.com\/wp-content\/uploads\/2025\/01\/bent-plate-turnbuckle-17-500x500.jpg 500w, https:\/\/qingdaohf.com\/wp-content\/uploads\/2025\/01\/bent-plate-turnbuckle-17-100x100.jpg 100w, https:\/\/qingdaohf.com\/wp-content\/uploads\/2025\/01\/bent-plate-turnbuckle-17.jpg 1000w\" sizes=\"(max-width: 300px) 100vw, 300px\" \/><\/p>\n<p class=\"whitespace-pre-wrap break-words\">Nyn\u00ed si pov\u00edme o \u0159e\u0161itel\u00edch probl\u00e9m\u016f ve sv\u011bt\u011b nap\u00edn\u00e1k\u016f - na\u0161ich modelech Bent Plate. Tito drs\u0148\u00e1ci jsou vybaveni \u0161ikm\u00fdmi koncov\u00fdmi deskami, kter\u00e9 dr\u017e\u00ed, jako by to myslely v\u00e1\u017en\u011b. Pokud se pot\u00fdk\u00e1te se slo\u017eit\u00fdmi \u00fahly nebo povrchy, kter\u00e9 nejsou zrovna u\u010debnicov\u011b dokonal\u00e9, jsou tyto obj\u00edmky va\u0161\u00edm \u0159e\u0161en\u00edm.<\/p>\n<p class=\"whitespace-pre-wrap break-words\">Genialita konstrukce oh\u00fdban\u00fdch desek se projev\u00ed, kdy\u017e \u0159e\u0161\u00edte situace, kdy standardn\u00ed \u0159e\u0161en\u00ed nesta\u010d\u00ed. M\u00e1te neobvyklou z\u00e1t\u011b\u017eovou situaci? \u0158e\u0161\u00edte probl\u00e9my s tvarovkami, kter\u00e9 se krout\u00ed a ot\u00e1\u010dej\u00ed? Zde si nap\u00edn\u00e1ky s ohnutou deskou zaslou\u017e\u00ed sv\u00e9 m\u00edsto.<\/p>\n<p class=\"whitespace-pre-wrap break-words\">Stejn\u011b jako jejich p\u0159\u00edbuzn\u00ed s plochou deskou jsou i na\u0161e nap\u00edn\u00e1ky s oh\u00fdbanou deskou odoln\u00e9. Testujeme je jako o \u017eivot, proto\u017ee v\u00edme, \u017ee v re\u00e1ln\u00e9m sv\u011bt\u011b budou \u010delit v\u00e1\u017en\u00fdm v\u00fdzv\u00e1m.<\/p>\n<h2 class=\"text-xl font-bold text-text-200 mt-1 -mb-0.5\">Pro\u010d si vybrat spole\u010dnost H&amp;F pro betonov\u00e1 \u0159e\u0161en\u00ed s nap\u00edn\u00e1ky?<\/h2>\n<p class=\"whitespace-pre-wrap break-words\">Nalezen\u00edm spr\u00e1vn\u00e9ho nap\u00edn\u00e1ku to teprve za\u010d\u00edn\u00e1 - pot\u0159ebujete dodavatele, kter\u00fd v\u00e1m bude kr\u00fdt z\u00e1da, kdy\u017e p\u016fjde do tuh\u00e9ho. V tom je spole\u010dnost H&amp;F nejlep\u0161\u00ed. Neprod\u00e1v\u00e1me jen hardware, ale dod\u00e1v\u00e1me klid v du\u0161i zabalen\u00fd do oceli.<\/p>\n<p class=\"whitespace-pre-wrap break-words\">P\u0159esko\u010dte automatick\u00e9 telefonn\u00ed bludi\u0161t\u011b - s n\u00e1mi dostanete skute\u010dn\u00e9ho \u010dlov\u011bka, kter\u00fd zn\u00e1 stavebnictv\u00ed zevnit\u0159 i zven\u010d\u00ed. V\u00e1\u0161 specializovan\u00fd z\u00e1stupce s v\u00e1mi bude spolupracovat od prvn\u00edho kontaktu a\u017e po fin\u00e1ln\u00ed dod\u00e1vku a d\u00e1le a zajist\u00ed, abyste dostali p\u0159esn\u011b to, co v\u00e1\u0161 projekt vy\u017eaduje.<\/p>\n<p class=\"whitespace-pre-wrap break-words\">V\u00edme, \u017ee \u010das jsou v tomto oboru pen\u00edze. Proto jsme zefektivnili n\u00e1\u0161 proces dod\u00e1vek, abychom v\u00e1m dodali to, co pot\u0159ebujete, kdy to pot\u0159ebujete. \u017d\u00e1dn\u00e9 v\u00fdmluvy, \u017e\u00e1dn\u00e1 zpo\u017ed\u011bn\u00ed - jen spolehliv\u00e9 slu\u017eby, na kter\u00e9 se m\u016f\u017eete spolehnout.<\/p>\n<p class=\"whitespace-pre-wrap break-words\">Ke ka\u017ed\u00e9mu nap\u00edn\u00e1ku, kter\u00fd odes\u00edl\u00e1me, jsou p\u0159ilo\u017eena tvrd\u00e1 data potvrzuj\u00edc\u00ed jeho v\u00fdkonnost. V\u0161e d\u016fkladn\u011b testujeme a d\u00e1v\u00e1me v\u00e1m k dispozici dokumenty, kter\u00e9 to dokazuj\u00ed. Proto\u017ee v tomto oboru je d\u016fv\u011bra dobr\u00e1, ale ov\u011b\u0159en\u00ed je je\u0161t\u011b lep\u0161\u00ed.<\/p>\n<p class=\"whitespace-pre-wrap break-words\">A tady je to hlavn\u00ed - poskytujeme ve\u0161kerou tuto kvalitu a slu\u017eby, ani\u017e bychom p\u0159i\u0161li o pen\u00edze. P\u0159i\u0161li jsme na to, jak udr\u017eet na\u0161e ceny konkurenceschopn\u00e9 p\u0159i zachov\u00e1n\u00ed standard\u016f, d\u00edky nim\u017e jsou nap\u00edn\u00e1ky H&amp;F volbou pro seri\u00f3zn\u00ed stavitele.<\/p>\n<h2 class=\"text-xl font-bold text-text-200 mt-1 -mb-0.5\">Z\u00e1v\u011br: \u0158e\u0161en\u00ed na m\u00edru pro pot\u0159eby modern\u00ed v\u00fdstavby<\/h2>\n<p class=\"whitespace-pre-wrap break-words\">A\u0165 u\u017e s\u00e1hnete po p\u0159esn\u00e9 jednoduchosti nap\u00edn\u00e1ku Flat Plate, nebo se spolehnete na p\u0159ilnavost a p\u0159izp\u016fsobivost modelu Bent Plate, tyto n\u00e1stroje jsou v dne\u0161n\u00ed stavebn\u00ed h\u0159e nepostradateln\u00fdmi hr\u00e1\u010di. Ka\u017ed\u00fd typ p\u0159in\u00e1\u0161\u00ed sv\u00e9 vlastn\u00ed siln\u00e9 str\u00e1nky a je p\u0159ipraven vypo\u0159\u00e1dat se s jak\u00fdmikoliv v\u00fdzvami, kter\u00e9 p\u0159ed n\u011bj v\u00e1\u0161 projekt postav\u00ed.<\/p>\n<p class=\"whitespace-pre-wrap break-words\">Ve spole\u010dnosti H&amp;F jsme hrd\u00ed na to, \u017ee m\u016f\u017eeme tyto n\u00e1stroje podpo\u0159it servisem, kter\u00fd odpov\u00edd\u00e1 jejich kvalit\u011b. Od na\u0161eho pohotov\u00e9ho t\u00fdmu p\u0159es rychl\u00e9 dodac\u00ed lh\u016fty a\u017e po nepr\u016fst\u0159eln\u00e9 testov\u00e1n\u00ed kvality - jsme tu, abychom se ujistili, \u017ee m\u00e1te v\u0161e, co pot\u0159ebujete k \u00fasp\u011bchu.<\/p>\n<p class=\"whitespace-pre-wrap break-words\">Spolupracujte s H&amp;F a z\u00edsk\u00e1te v\u00edc ne\u017e jen nap\u00edn\u00e1ky - z\u00edsk\u00e1te t\u00fdm, kter\u00fd rozum\u00ed tomu, co je ve va\u0161\u00ed pr\u00e1ci v s\u00e1zce. Poj\u010fme spole\u010dn\u011b vytvo\u0159it n\u011bco skv\u011bl\u00e9ho.<\/p>","protected":false},"excerpt":{"rendered":"<p>Nap\u00ednac\u00ed beton je kl\u00ed\u010dov\u00fdm dopl\u0148kem v\u011bt\u0161iny stavebn\u00edch projekt\u016f a pou\u017e\u00edv\u00e1 se hlavn\u011b u bednic\u00edch syst\u00e9m\u016f pro zaji\u0161t\u011bn\u00ed stability a vyrovn\u00e1n\u00ed. Ve spole\u010dnosti H&amp;F ch\u00e1peme, \u017ee pro kupuj\u00edc\u00ed jsou nejd\u016fle\u017eit\u011bj\u0161\u00ed kvalita, trvanlivost a snadn\u00e9 pou\u017eit\u00ed. Abychom tomuto z\u00e1vazku k dokonalosti vyhov\u011bli, poskytujeme u na\u0161ich nap\u00ednac\u00edch betonov\u00fdch dopl\u0148k\u016f individu\u00e1ln\u00ed z\u00e1kaznick\u00fd servis, rychl\u00fd dodac\u00ed cyklus a komplexn\u00ed zpr\u00e1vu o kontrole kvality. M\u016f\u017eete si b\u00fdt jisti, \u017ee na\u0161e v\u00fdrobky spl\u0148uj\u00ed nejn\u00e1ro\u010dn\u011bj\u0161\u00ed pr\u016fmyslov\u00e9 normy a z\u00e1rove\u0148 nab\u00edzej\u00ed vynikaj\u00edc\u00ed hodnotu.<\/p>","protected":false},"featured_media":8746,"comment_status":"open","ping_status":"closed","template":"","meta":{"site-sidebar-layout":"default","site-content-layout":"","ast-site-content-layout":"default","site-content-style":"default","site-sidebar-style":"default","ast-global-header-display":"","ast-banner-title-visibility":"","ast-main-header-display":"","ast-hfb-above-header-display":"","ast-hfb-below-header-display":"","ast-hfb-mobile-header-display":"","site-post-title":"","ast-breadcrumbs-content":"","ast-featured-img":"","footer-sml-layout":"","theme-transparent-header-meta":"default","adv-header-id-meta":"","stick-header-meta":"default","header-above-stick-meta":"","header-main-stick-meta":"","header-below-stick-meta":"","astra-migrate-meta-layouts":"set","ast-page-background-enabled":"default","ast-page-background-meta":{"desktop":{"background-color":"","background-image":"","background-repeat":"repeat","background-position":"center center","background-size":"auto","background-attachment":"scroll","background-type":"","background-media":"","overlay-type":"","overlay-color":"","overlay-opacity":"","overlay-gradient":""},"tablet":{"background-color":"","background-image":"","background-repeat":"repeat","background-position":"center center","background-size":"auto","background-attachment":"scroll","background-type":"","background-media":"","overlay-type":"","overlay-color":"","overlay-opacity":"","overlay-gradient":""},"mobile":{"background-color":"","background-image":"","background-repeat":"repeat","background-position":"center center","background-size":"auto","background-attachment":"scroll","background-type":"","background-media":"","overlay-type":"","overlay-color":"","overlay-opacity":"","overlay-gradient":""}},"ast-content-background-meta":{"desktop":{"background-color":"var(--ast-global-color-5)","background-image":"","background-repeat":"repeat","background-position":"center center","background-size":"auto","background-attachment":"scroll","background-type":"","background-media":"","overlay-type":"","overlay-color":"","overlay-opacity":"","overlay-gradient":""},"tablet":{"background-color":"var(--ast-global-color-5)","background-image":"","background-repeat":"repeat","background-position":"center center","background-size":"auto","background-attachment":"scroll","background-type":"","background-media":"","overlay-type":"","overlay-color":"","overlay-opacity":"","overlay-gradient":""},"mobile":{"background-color":"var(--ast-global-color-5)","background-image":"","background-repeat":"repeat","background-position":"center center","background-size":"auto","background-attachment":"scroll","background-type":"","background-media":"","overlay-type":"","overlay-color":"","overlay-opacity":"","overlay-gradient":""}}},"product_brand":[],"product_cat":[28],"product_tag":[],"class_list":{"0":"post-8745","1":"product","2":"type-product","3":"status-publish","4":"has-post-thumbnail","6":"product_cat-concrete-forming","7":"desktop-align-left","8":"tablet-align-left","9":"mobile-align-left","10":"ast-product-gallery-layout-horizontal-slider","11":"ast-product-tabs-layout-horizontal","13":"first","14":"instock","15":"shipping-taxable","16":"purchasable","17":"product-type-simple"},"yoast_head":"<!-- This site is optimized with the Yoast SEO plugin v25.2 - https:\/\/yoast.com\/wordpress\/plugins\/seo\/ -->\n<title>Turnbuckle Concrete<\/title>\n<meta name=\"description\" content=\"Turnbuckle concrete is a key accessory in most construction projects and is chiefly applied with formwork systems to make provision for stability and alignment.\" \/>\n<meta name=\"robots\" content=\"index, follow, max-snippet:-1, max-image-preview:large, max-video-preview:-1\" \/>\n<link rel=\"canonical\" href=\"https:\/\/qingdaohf.com\/cs\/produkt\/napinaci-beton\/\" \/>\n<meta property=\"og:locale\" content=\"cs_CZ\" \/>\n<meta property=\"og:type\" content=\"article\" \/>\n<meta property=\"og:title\" content=\"Turnbuckle Concrete\" \/>\n<meta property=\"og:description\" content=\"Turnbuckle concrete is a key accessory in most construction projects and is chiefly applied with formwork systems to make provision for stability and alignment.\" \/>\n<meta property=\"og:url\" content=\"https:\/\/qingdaohf.com\/cs\/produkt\/napinaci-beton\/\" \/>\n<meta property=\"og:site_name\" content=\"Concrete Form &amp; Rigging Hardware Supplier\" \/>\n<meta property=\"article:publisher\" content=\"https:\/\/www.facebook.com\/qingdaohf\" \/>\n<meta property=\"article:modified_time\" content=\"2025-11-13T01:02:20+00:00\" \/>\n<meta property=\"og:image\" content=\"https:\/\/qingdaohf.com\/wp-content\/uploads\/2025\/01\/concrete-turnbuckle.jpg\" \/>\n\t<meta property=\"og:image:width\" content=\"1000\" \/>\n\t<meta property=\"og:image:height\" content=\"1000\" \/>\n\t<meta property=\"og:image:type\" content=\"image\/jpeg\" \/>\n<meta name=\"twitter:card\" content=\"summary_large_image\" \/>\n<meta name=\"twitter:label1\" content=\"Odhadovan\u00e1 doba \u010dten\u00ed\" \/>\n\t<meta name=\"twitter:data1\" content=\"5 minut\" \/>\n<script type=\"application\/ld+json\" class=\"yoast-schema-graph\">{\"@context\":\"https:\/\/schema.org\",\"@graph\":[{\"@type\":\"WebPage\",\"@id\":\"https:\/\/qingdaohf.com\/product\/turnbuckle-concrete\/\",\"url\":\"https:\/\/qingdaohf.com\/product\/turnbuckle-concrete\/\",\"name\":\"Turnbuckle Concrete\",\"isPartOf\":{\"@id\":\"https:\/\/qingdaohf.com\/bg\/#website\"},\"primaryImageOfPage\":{\"@id\":\"https:\/\/qingdaohf.com\/product\/turnbuckle-concrete\/#primaryimage\"},\"image\":{\"@id\":\"https:\/\/qingdaohf.com\/product\/turnbuckle-concrete\/#primaryimage\"},\"thumbnailUrl\":\"https:\/\/qingdaohf.com\/wp-content\/uploads\/2025\/01\/concrete-turnbuckle.jpg\",\"datePublished\":\"2025-01-18T01:22:33+00:00\",\"dateModified\":\"2025-11-13T01:02:20+00:00\",\"description\":\"Turnbuckle concrete is a key accessory in most construction projects and is chiefly applied with formwork systems to make provision for stability and alignment.\",\"breadcrumb\":{\"@id\":\"https:\/\/qingdaohf.com\/product\/turnbuckle-concrete\/#breadcrumb\"},\"inLanguage\":\"cs\",\"potentialAction\":[{\"@type\":\"ReadAction\",\"target\":[\"https:\/\/qingdaohf.com\/product\/turnbuckle-concrete\/\"]}]},{\"@type\":\"ImageObject\",\"inLanguage\":\"cs\",\"@id\":\"https:\/\/qingdaohf.com\/product\/turnbuckle-concrete\/#primaryimage\",\"url\":\"https:\/\/qingdaohf.com\/wp-content\/uploads\/2025\/01\/concrete-turnbuckle.jpg\",\"contentUrl\":\"https:\/\/qingdaohf.com\/wp-content\/uploads\/2025\/01\/concrete-turnbuckle.jpg\",\"width\":1000,\"height\":1000,\"caption\":\"concrete turnbuckle\"},{\"@type\":\"BreadcrumbList\",\"@id\":\"https:\/\/qingdaohf.com\/product\/turnbuckle-concrete\/#breadcrumb\",\"itemListElement\":[{\"@type\":\"ListItem\",\"position\":1,\"name\":\"Home\",\"item\":\"https:\/\/qingdaohf.com\/\"},{\"@type\":\"ListItem\",\"position\":2,\"name\":\"Concrete Forming Accessories and Rigging Hardware\",\"item\":\"https:\/\/qingdaohf.com\/bg\/?page_id=944\"},{\"@type\":\"ListItem\",\"position\":3,\"name\":\"Turnbuckle Concrete\"}]},{\"@type\":\"WebSite\",\"@id\":\"https:\/\/qingdaohf.com\/bg\/#website\",\"url\":\"https:\/\/qingdaohf.com\/bg\/\",\"name\":\"Concrete Form & Rigging Hardware Supplier\",\"description\":\"\",\"publisher\":{\"@id\":\"https:\/\/qingdaohf.com\/bg\/#organization\"},\"potentialAction\":[{\"@type\":\"SearchAction\",\"target\":{\"@type\":\"EntryPoint\",\"urlTemplate\":\"https:\/\/qingdaohf.com\/bg\/?s={search_term_string}\"},\"query-input\":{\"@type\":\"PropertyValueSpecification\",\"valueRequired\":true,\"valueName\":\"search_term_string\"}}],\"inLanguage\":\"cs\"},{\"@type\":\"Organization\",\"@id\":\"https:\/\/qingdaohf.com\/bg\/#organization\",\"name\":\"Qingdao H&F\",\"url\":\"https:\/\/qingdaohf.com\/bg\/\",\"logo\":{\"@type\":\"ImageObject\",\"inLanguage\":\"cs\",\"@id\":\"https:\/\/qingdaohf.com\/bg\/#\/schema\/logo\/image\/\",\"url\":\"https:\/\/qingdaohf.com\/wp-content\/uploads\/2022\/12\/cropped-HF-LOGO.png\",\"contentUrl\":\"https:\/\/qingdaohf.com\/wp-content\/uploads\/2022\/12\/cropped-HF-LOGO.png\",\"width\":391,\"height\":249,\"caption\":\"Qingdao H&F\"},\"image\":{\"@id\":\"https:\/\/qingdaohf.com\/bg\/#\/schema\/logo\/image\/\"},\"sameAs\":[\"https:\/\/www.facebook.com\/qingdaohf\"]}]}<\/script>\n<!-- \/ Yoast SEO plugin. -->","yoast_head_json":{"title":"Turnbuckle Concrete","description":"Turnbuckle concrete is a key accessory in most construction projects and is chiefly applied with formwork systems to make provision for stability and alignment.","robots":{"index":"index","follow":"follow","max-snippet":"max-snippet:-1","max-image-preview":"max-image-preview:large","max-video-preview":"max-video-preview:-1"},"canonical":"https:\/\/qingdaohf.com\/cs\/produkt\/napinaci-beton\/","og_locale":"cs_CZ","og_type":"article","og_title":"Turnbuckle Concrete","og_description":"Turnbuckle concrete is a key accessory in most construction projects and is chiefly applied with formwork systems to make provision for stability and alignment.","og_url":"https:\/\/qingdaohf.com\/cs\/produkt\/napinaci-beton\/","og_site_name":"Concrete Form &amp; Rigging Hardware Supplier","article_publisher":"https:\/\/www.facebook.com\/qingdaohf","article_modified_time":"2025-11-13T01:02:20+00:00","og_image":[{"width":1000,"height":1000,"url":"https:\/\/qingdaohf.com\/wp-content\/uploads\/2025\/01\/concrete-turnbuckle.jpg","type":"image\/jpeg"}],"twitter_card":"summary_large_image","twitter_misc":{"Odhadovan\u00e1 doba \u010dten\u00ed":"5 minut"},"schema":{"@context":"https:\/\/schema.org","@graph":[{"@type":"WebPage","@id":"https:\/\/qingdaohf.com\/product\/turnbuckle-concrete\/","url":"https:\/\/qingdaohf.com\/product\/turnbuckle-concrete\/","name":"Turnbuckle Concrete","isPartOf":{"@id":"https:\/\/qingdaohf.com\/bg\/#website"},"primaryImageOfPage":{"@id":"https:\/\/qingdaohf.com\/product\/turnbuckle-concrete\/#primaryimage"},"image":{"@id":"https:\/\/qingdaohf.com\/product\/turnbuckle-concrete\/#primaryimage"},"thumbnailUrl":"https:\/\/qingdaohf.com\/wp-content\/uploads\/2025\/01\/concrete-turnbuckle.jpg","datePublished":"2025-01-18T01:22:33+00:00","dateModified":"2025-11-13T01:02:20+00:00","description":"Turnbuckle concrete is a key accessory in most construction projects and is chiefly applied with formwork systems to make provision for stability and alignment.","breadcrumb":{"@id":"https:\/\/qingdaohf.com\/product\/turnbuckle-concrete\/#breadcrumb"},"inLanguage":"cs","potentialAction":[{"@type":"ReadAction","target":["https:\/\/qingdaohf.com\/product\/turnbuckle-concrete\/"]}]},{"@type":"ImageObject","inLanguage":"cs","@id":"https:\/\/qingdaohf.com\/product\/turnbuckle-concrete\/#primaryimage","url":"https:\/\/qingdaohf.com\/wp-content\/uploads\/2025\/01\/concrete-turnbuckle.jpg","contentUrl":"https:\/\/qingdaohf.com\/wp-content\/uploads\/2025\/01\/concrete-turnbuckle.jpg","width":1000,"height":1000,"caption":"concrete turnbuckle"},{"@type":"BreadcrumbList","@id":"https:\/\/qingdaohf.com\/product\/turnbuckle-concrete\/#breadcrumb","itemListElement":[{"@type":"ListItem","position":1,"name":"Home","item":"https:\/\/qingdaohf.com\/"},{"@type":"ListItem","position":2,"name":"Concrete Forming Accessories and Rigging Hardware","item":"https:\/\/qingdaohf.com\/bg\/?page_id=944"},{"@type":"ListItem","position":3,"name":"Turnbuckle Concrete"}]},{"@type":"WebSite","@id":"https:\/\/qingdaohf.com\/bg\/#website","url":"https:\/\/qingdaohf.com\/bg\/","name":"Concrete Form & Rigging Hardware Supplier","description":"","publisher":{"@id":"https:\/\/qingdaohf.com\/bg\/#organization"},"potentialAction":[{"@type":"SearchAction","target":{"@type":"EntryPoint","urlTemplate":"https:\/\/qingdaohf.com\/bg\/?s={search_term_string}"},"query-input":{"@type":"PropertyValueSpecification","valueRequired":true,"valueName":"search_term_string"}}],"inLanguage":"cs"},{"@type":"Organization","@id":"https:\/\/qingdaohf.com\/bg\/#organization","name":"Qingdao H&F","url":"https:\/\/qingdaohf.com\/bg\/","logo":{"@type":"ImageObject","inLanguage":"cs","@id":"https:\/\/qingdaohf.com\/bg\/#\/schema\/logo\/image\/","url":"https:\/\/qingdaohf.com\/wp-content\/uploads\/2022\/12\/cropped-HF-LOGO.png","contentUrl":"https:\/\/qingdaohf.com\/wp-content\/uploads\/2022\/12\/cropped-HF-LOGO.png","width":391,"height":249,"caption":"Qingdao H&F"},"image":{"@id":"https:\/\/qingdaohf.com\/bg\/#\/schema\/logo\/image\/"},"sameAs":["https:\/\/www.facebook.com\/qingdaohf"]}]}},"_links":{"self":[{"href":"https:\/\/qingdaohf.com\/cs\/wp-json\/wp\/v2\/product\/8745","targetHints":{"allow":["GET"]}}],"collection":[{"href":"https:\/\/qingdaohf.com\/cs\/wp-json\/wp\/v2\/product"}],"about":[{"href":"https:\/\/qingdaohf.com\/cs\/wp-json\/wp\/v2\/types\/product"}],"replies":[{"embeddable":true,"href":"https:\/\/qingdaohf.com\/cs\/wp-json\/wp\/v2\/comments?post=8745"}],"version-history":[{"count":6,"href":"https:\/\/qingdaohf.com\/cs\/wp-json\/wp\/v2\/product\/8745\/revisions"}],"predecessor-version":[{"id":9137,"href":"https:\/\/qingdaohf.com\/cs\/wp-json\/wp\/v2\/product\/8745\/revisions\/9137"}],"wp:featuredmedia":[{"embeddable":true,"href":"https:\/\/qingdaohf.com\/cs\/wp-json\/wp\/v2\/media\/8746"}],"wp:attachment":[{"href":"https:\/\/qingdaohf.com\/cs\/wp-json\/wp\/v2\/media?parent=8745"}],"wp:term":[{"taxonomy":"product_brand","embeddable":true,"href":"https:\/\/qingdaohf.com\/cs\/wp-json\/wp\/v2\/product_brand?post=8745"},{"taxonomy":"product_cat","embeddable":true,"href":"https:\/\/qingdaohf.com\/cs\/wp-json\/wp\/v2\/product_cat?post=8745"},{"taxonomy":"product_tag","embeddable":true,"href":"https:\/\/qingdaohf.com\/cs\/wp-json\/wp\/v2\/product_tag?post=8745"}],"curies":[{"name":"wp","href":"https:\/\/api.w.org\/{rel}","templated":true}]}}