{"id":8837,"date":"2025-01-18T10:11:43","date_gmt":"2025-01-18T02:11:43","guid":{"rendered":"http:\/\/qingdaohf.com\/?post_type=product&#038;p=8837"},"modified":"2025-11-13T09:02:20","modified_gmt":"2025-11-13T01:02:20","slug":"concrete-turnbuckle","status":"publish","type":"product","link":"https:\/\/qingdaohf.com\/cs\/produkt\/betonovy-napinak\/","title":{"rendered":"Betonov\u00fd nap\u00edn\u00e1k"},"content":{"rendered":"<h2 class=\"text-xl font-bold text-text-200 mt-1 -mb-0.5\">Porozum\u011bn\u00ed betonov\u00fdm nap\u00edn\u00e1k\u016fm<\/h2>\n<p class=\"whitespace-pre-wrap break-words\">U stavebn\u00edch projekt\u016f hraj\u00ed betonov\u00e9 nap\u00edn\u00e1ky kl\u00ed\u010dovou roli p\u0159i udr\u017eov\u00e1n\u00ed stability a p\u0159esnosti. Tyto z\u00e1kladn\u00ed sou\u010d\u00e1sti umo\u017e\u0148uj\u00ed dodavatel\u016fm upravovat nap\u011bt\u00ed v bedn\u011bn\u00ed, co\u017e umo\u017e\u0148uje dos\u00e1hnout p\u0159esn\u00e9ho vyrovn\u00e1n\u00ed p\u0159i beton\u00e1\u017ei. Ve spole\u010dnosti H&amp;F v\u00edme, jak d\u016fle\u017eit\u00e1 jsou tato zd\u00e1nliv\u011b jednoduch\u00e1 za\u0159\u00edzen\u00ed - mohou rozhodnout o \u00fasp\u011bchu projektu.<\/p>\n<p class=\"whitespace-pre-wrap break-words\">Ve stavebnictv\u00ed se pou\u017e\u00edvaj\u00ed p\u0159edev\u0161\u00edm dv\u011b varianty betonov\u00fdch nap\u00edn\u00e1k\u016f: oh\u00fdban\u00e1 deska a ploch\u00e1 deska. Ka\u017ed\u00e1 z nich m\u00e1 sv\u00e9 vlastn\u00ed v\u00fdhody, d\u00edky nim\u017e jsou vhodn\u00e9 pro r\u016fzn\u00e9 typy projekt\u016f a aplikac\u00ed.<\/p>\n<div class=\"ast-oembed-container\" style=\"height: 100%;\"><iframe title=\"Zarovn\u00e1va\u010d betonov\u00fdch tvarovek s nap\u00ednac\u00edmi kle\u0161t\u011bmi\" width=\"500\" height=\"281\" src=\"https:\/\/www.youtube.com\/embed\/1guP_DQRF1o?feature=oembed\" frameborder=\"0\" allow=\"accelerometer; autoplay; clipboard-write; encrypted-media; gyroscope; picture-in-picture; web-share\" referrerpolicy=\"strict-origin-when-cross-origin\" allowfullscreen><\/iframe><\/div>\n<h2 class=\"text-xl font-bold text-text-200 mt-1 -mb-0.5\">Nap\u00edn\u00e1ky s ohnutou deskou<\/h2>\n<p><img fetchpriority=\"high\" decoding=\"async\" class=\"alignnone size-medium wp-image-8806\" src=\"http:\/\/qingdaohf.com\/wp-content\/uploads\/2025\/01\/bent-plate-turnbuckle-9-300x300.jpg\" alt=\"ohnut\u00e1 deska nap\u00edn\u00e1ku\" width=\"300\" height=\"300\" srcset=\"https:\/\/qingdaohf.com\/wp-content\/uploads\/2025\/01\/bent-plate-turnbuckle-9-300x300.jpg 300w, https:\/\/qingdaohf.com\/wp-content\/uploads\/2025\/01\/bent-plate-turnbuckle-9-150x150.jpg 150w, https:\/\/qingdaohf.com\/wp-content\/uploads\/2025\/01\/bent-plate-turnbuckle-9-768x768.jpg 768w, https:\/\/qingdaohf.com\/wp-content\/uploads\/2025\/01\/bent-plate-turnbuckle-9-12x12.jpg 12w, https:\/\/qingdaohf.com\/wp-content\/uploads\/2025\/01\/bent-plate-turnbuckle-9-500x500.jpg 500w, https:\/\/qingdaohf.com\/wp-content\/uploads\/2025\/01\/bent-plate-turnbuckle-9-100x100.jpg 100w, https:\/\/qingdaohf.com\/wp-content\/uploads\/2025\/01\/bent-plate-turnbuckle-9.jpg 1000w\" sizes=\"(max-width: 300px) 100vw, 300px\" \/><\/p>\n<p class=\"whitespace-pre-wrap break-words\">Oh\u00fdban\u00e9 deskov\u00e9 nap\u00edn\u00e1ky maj\u00ed v\u00fdraznou zak\u0159ivenou konstrukci, kter\u00e1 jim v ur\u010dit\u00fdch aplikac\u00edch poskytuje v\u00fdhodu. Jejich tvar nen\u00ed jen na okrasu - pom\u00e1h\u00e1 rovnom\u011brn\u011bji rozlo\u017eit s\u00edlu, co\u017e je obzvl\u00e1\u0161t\u011b cenn\u00e9 p\u0159i \u0159e\u0161en\u00ed pohybliv\u00fdch zat\u00ed\u017een\u00ed nebo neobvykl\u00fdch vzorc\u016f nap\u011bt\u00ed. Stavebn\u00ed t\u00fdmy \u010dasto d\u00e1vaj\u00ed p\u0159ednost t\u011bmto model\u016fm, kdy\u017e pot\u0159ebuj\u00ed prov\u00e1d\u011bt \u010dast\u00e9 \u00fapravy, proto\u017ee se s nimi obvykle l\u00e9pe manipuluje a nastavuj\u00ed se za chodu.<\/p>\n<p class=\"whitespace-pre-wrap break-words\">My ve spole\u010dnosti H&amp;F vyr\u00e1b\u00edme na\u0161e oh\u00fdban\u00e9 deskov\u00e9 nap\u00edn\u00e1ky z prvot\u0159\u00eddn\u00edch materi\u00e1l\u016f a ka\u017edou jednotku podrobujeme p\u0159\u00edsn\u00fdm test\u016fm. Ke ka\u017ed\u00e9mu nap\u00edn\u00e1ku jsou p\u0159ilo\u017eeny podrobn\u00e9 zpr\u00e1vy o kvalit\u011b, tak\u017ee p\u0159esn\u011b v\u00edte, co dost\u00e1v\u00e1te.<\/p>\n<h2 class=\"text-xl font-bold text-text-200 mt-1 -mb-0.5\">Ploch\u00e9 nap\u00edn\u00e1ky<\/h2>\n<p><img decoding=\"async\" class=\"alignnone size-medium wp-image-8772\" src=\"http:\/\/qingdaohf.com\/wp-content\/uploads\/2025\/01\/flat-plate-turnbuckle-17-300x300.jpg\" alt=\"ploch\u00e1 deska nap\u00edn\u00e1ku \" width=\"300\" height=\"300\" srcset=\"https:\/\/qingdaohf.com\/wp-content\/uploads\/2025\/01\/flat-plate-turnbuckle-17-300x300.jpg 300w, https:\/\/qingdaohf.com\/wp-content\/uploads\/2025\/01\/flat-plate-turnbuckle-17-150x150.jpg 150w, https:\/\/qingdaohf.com\/wp-content\/uploads\/2025\/01\/flat-plate-turnbuckle-17-768x768.jpg 768w, https:\/\/qingdaohf.com\/wp-content\/uploads\/2025\/01\/flat-plate-turnbuckle-17-12x12.jpg 12w, https:\/\/qingdaohf.com\/wp-content\/uploads\/2025\/01\/flat-plate-turnbuckle-17-500x500.jpg 500w, https:\/\/qingdaohf.com\/wp-content\/uploads\/2025\/01\/flat-plate-turnbuckle-17-100x100.jpg 100w, https:\/\/qingdaohf.com\/wp-content\/uploads\/2025\/01\/flat-plate-turnbuckle-17.jpg 1000w\" sizes=\"(max-width: 300px) 100vw, 300px\" \/><\/p>\n<p class=\"whitespace-pre-wrap break-words\">Pokud hled\u00e1te n\u011bco jednodu\u0161\u0161\u00edho, mohou b\u00fdt nejlep\u0161\u00ed volbou ploch\u00e9 nap\u00edn\u00e1ky. Jejich jednoduch\u00e1 konstrukce umo\u017e\u0148uje snadnou instalaci a bezprobl\u00e9movou integraci s v\u011bt\u0161inou bednic\u00edch syst\u00e9m\u016f. Mnoho dodavatel\u016f vol\u00ed tyto modely, kdy\u017e pot\u0159ebuj\u00ed spolehliv\u00fd v\u00fdkon, ani\u017e by museli rozb\u00edt banku.<\/p>\n<p class=\"whitespace-pre-wrap break-words\">Na\u0161e ploch\u00e9 nap\u00edn\u00e1ky jsou vyr\u00e1b\u011bny se stejn\u00fdm d\u016frazem na detail jako jejich p\u0159\u00edbuzn\u00e9 oh\u00fdban\u00e9 desky. Pracujeme p\u0159\u00edmo s na\u0161imi klienty, abychom porozum\u011bli jejich specifick\u00fdm po\u017eadavk\u016fm a zajistili, \u017ee dostanou p\u0159esn\u011b to, co jejich projekt pot\u0159ebuje.<\/p>\n<h2 class=\"text-xl font-bold text-text-200 mt-1 -mb-0.5\">Pro\u010d si pro sv\u00e9 betonov\u00e9 nap\u00edn\u00e1ky vybrat spole\u010dnost H&amp;F?<\/h2>\n<p class=\"whitespace-pre-wrap break-words\">Na v\u00fdb\u011bru spr\u00e1vn\u00e9ho dodavatele z\u00e1le\u017e\u00ed stejn\u011b jako na v\u00fdb\u011bru spr\u00e1vn\u00e9ho produktu. Ve spole\u010dnosti H&amp;F se nespokoj\u00edme jen s prodejem nap\u00edn\u00e1k\u016f - budujeme partnerstv\u00ed. N\u00e1\u0161 osobn\u00ed p\u0159\u00edstup znamen\u00e1, \u017ee budete pracovat se specializovan\u00fdm z\u00e1stupcem, kter\u00fd rozum\u00ed jedine\u010dn\u00fdm v\u00fdzv\u00e1m a po\u017eadavk\u016fm va\u0161eho projektu.<\/p>\n<p class=\"whitespace-pre-wrap break-words\">V\u00edme, \u017ee stavebn\u00ed lh\u016fty jsou napjat\u00e9, a proto jsme zefektivnili n\u00e1\u0161 proces dod\u00e1vek, abyste dostali to, co pot\u0159ebujete, kdykoli to pot\u0159ebujete. Zpo\u017ed\u011bn\u00ed stoj\u00ed pen\u00edze a my se sna\u017e\u00edme, aby v\u00e1\u0161 projekt prob\u00edhal podle pl\u00e1nu.<\/p>\n<p class=\"whitespace-pre-wrap break-words\">Kvalita pro n\u00e1s nen\u00ed jen m\u00f3dn\u00ed slovo - je sou\u010d\u00e1st\u00ed v\u0161eho, co d\u011bl\u00e1me. Ka\u017ed\u00fd nap\u00edn\u00e1k proch\u00e1z\u00ed komplexn\u00edm testov\u00e1n\u00edm, ne\u017e opust\u00ed n\u00e1\u0161 z\u00e1vod. Poskytujeme podrobnou kontroln\u00ed dokumentaci, abyste si mohli ov\u011b\u0159it, \u017ee ka\u017ed\u00fd v\u00fdrobek spl\u0148uje nebo p\u0159ekra\u010duje pr\u016fmyslov\u00e9 normy.<\/p>\n<p class=\"whitespace-pre-wrap break-words\">A\u0165 u\u017e pot\u0159ebujete oh\u00fdban\u00e9 nebo ploch\u00e9 deskov\u00e9 nap\u00edn\u00e1ky, nab\u00edz\u00edme r\u016fzn\u00e9 velikosti a konfigurace, kter\u00e9 odpov\u00eddaj\u00ed va\u0161\u00ed konkr\u00e9tn\u00ed aplikaci. N\u00e1\u0161 t\u00fdm je v\u017edy p\u0159ipraven pomoci v\u00e1m s v\u00fdb\u011brem spr\u00e1vn\u00e9 varianty nebo s v\u00fdvojem vlastn\u00edho \u0159e\u0161en\u00ed pro va\u0161e jedine\u010dn\u00e9 v\u00fdzvy. Ch\u00e1peme, \u017ee \u017e\u00e1dn\u00e9 dva stavebn\u00ed projekty nejsou \u00fapln\u011b stejn\u00e9, a jsme zde, abychom v\u00e1m poskytli nap\u00edn\u00e1ky, kter\u00e9 budou fungovat ve va\u0161\u00ed konkr\u00e9tn\u00ed situaci.<\/p>","protected":false},"excerpt":{"rendered":"<p>Beton\u00e1\u0159sk\u00e9 nap\u00edn\u00e1ky jsou ve stavebnictv\u00ed ji\u017e del\u0161\u00ed dobu z\u00e1kladem a zaji\u0161\u0165uj\u00ed p\u0159esnost nap\u00edn\u00e1n\u00ed a vyrovn\u00e1v\u00e1n\u00ed p\u0159i bedn\u011bn\u00ed. V\u011bt\u0161ina kupuj\u00edc\u00edch t\u011bchto nap\u00edn\u00e1k\u016f zohled\u0148uje aspekty trvanlivosti, snadn\u00e9 obsluhy a optim\u00e1ln\u00edho v\u00fdkonu. Spole\u010dnost H&amp;F vych\u00e1z\u00ed vst\u0159\u00edc r\u016fznorod\u00fdm projekt\u016fm t\u00edm, \u017ee nab\u00edz\u00ed r\u016fzn\u00e9 v\u00fdrobky: oh\u00fdban\u00e9 plechov\u00e9 a ploch\u00e9 varianty, se zaji\u0161t\u011bn\u00fdm individu\u00e1ln\u00edm z\u00e1kaznick\u00fdm servisem, kter\u00fd umo\u017e\u0148uje p\u0159izp\u016fsoben\u00ed v\u00fdrobk\u016f na m\u00edru, rychl\u00fdmi dodac\u00edmi cykly a kompletn\u00edmi zpr\u00e1vami o kontrole kvality, kter\u00e9 na konci poskytuj\u00ed jistotu.<\/p>","protected":false},"featured_media":9146,"comment_status":"open","ping_status":"closed","template":"","meta":{"site-sidebar-layout":"default","site-content-layout":"","ast-site-content-layout":"default","site-content-style":"default","site-sidebar-style":"default","ast-global-header-display":"","ast-banner-title-visibility":"","ast-main-header-display":"","ast-hfb-above-header-display":"","ast-hfb-below-header-display":"","ast-hfb-mobile-header-display":"","site-post-title":"","ast-breadcrumbs-content":"","ast-featured-img":"","footer-sml-layout":"","theme-transparent-header-meta":"default","adv-header-id-meta":"","stick-header-meta":"default","header-above-stick-meta":"","header-main-stick-meta":"","header-below-stick-meta":"","astra-migrate-meta-layouts":"set","ast-page-background-enabled":"default","ast-page-background-meta":{"desktop":{"background-color":"","background-image":"","background-repeat":"repeat","background-position":"center center","background-size":"auto","background-attachment":"scroll","background-type":"","background-media":"","overlay-type":"","overlay-color":"","overlay-opacity":"","overlay-gradient":""},"tablet":{"background-color":"","background-image":"","background-repeat":"repeat","background-position":"center center","background-size":"auto","background-attachment":"scroll","background-type":"","background-media":"","overlay-type":"","overlay-color":"","overlay-opacity":"","overlay-gradient":""},"mobile":{"background-color":"","background-image":"","background-repeat":"repeat","background-position":"center center","background-size":"auto","background-attachment":"scroll","background-type":"","background-media":"","overlay-type":"","overlay-color":"","overlay-opacity":"","overlay-gradient":""}},"ast-content-background-meta":{"desktop":{"background-color":"var(--ast-global-color-5)","background-image":"","background-repeat":"repeat","background-position":"center center","background-size":"auto","background-attachment":"scroll","background-type":"","background-media":"","overlay-type":"","overlay-color":"","overlay-opacity":"","overlay-gradient":""},"tablet":{"background-color":"var(--ast-global-color-5)","background-image":"","background-repeat":"repeat","background-position":"center center","background-size":"auto","background-attachment":"scroll","background-type":"","background-media":"","overlay-type":"","overlay-color":"","overlay-opacity":"","overlay-gradient":""},"mobile":{"background-color":"var(--ast-global-color-5)","background-image":"","background-repeat":"repeat","background-position":"center center","background-size":"auto","background-attachment":"scroll","background-type":"","background-media":"","overlay-type":"","overlay-color":"","overlay-opacity":"","overlay-gradient":""}}},"product_brand":[],"product_cat":[28],"product_tag":[],"class_list":{"0":"post-8837","1":"product","2":"type-product","3":"status-publish","4":"has-post-thumbnail","6":"product_cat-concrete-forming","7":"desktop-align-left","8":"tablet-align-left","9":"mobile-align-left","10":"ast-product-gallery-layout-horizontal-slider","11":"ast-product-tabs-layout-horizontal","13":"first","14":"instock","15":"shipping-taxable","16":"purchasable","17":"product-type-simple"},"yoast_head":"<!-- This site is optimized with the Yoast SEO plugin v25.2 - https:\/\/yoast.com\/wordpress\/plugins\/seo\/ -->\n<title>Concrete Turnbuckle<\/title>\n<meta name=\"description\" content=\"Concrete turnbuckles have been a mainstay in the construction industry for quite some time and ensure accuracy in tensioning and alignment during formwork.\" \/>\n<meta name=\"robots\" content=\"index, follow, max-snippet:-1, max-image-preview:large, max-video-preview:-1\" \/>\n<link rel=\"canonical\" href=\"https:\/\/qingdaohf.com\/cs\/produkt\/betonovy-napinak\/\" \/>\n<meta property=\"og:locale\" content=\"cs_CZ\" \/>\n<meta property=\"og:type\" content=\"article\" \/>\n<meta property=\"og:title\" content=\"Concrete Turnbuckle\" \/>\n<meta property=\"og:description\" content=\"Concrete turnbuckles have been a mainstay in the construction industry for quite some time and ensure accuracy in tensioning and alignment during formwork.\" \/>\n<meta property=\"og:url\" content=\"https:\/\/qingdaohf.com\/cs\/produkt\/betonovy-napinak\/\" \/>\n<meta property=\"og:site_name\" content=\"Concrete Form &amp; Rigging Hardware Supplier\" \/>\n<meta property=\"article:publisher\" content=\"https:\/\/www.facebook.com\/qingdaohf\" \/>\n<meta property=\"article:modified_time\" content=\"2025-11-13T01:02:20+00:00\" \/>\n<meta property=\"og:image\" content=\"https:\/\/qingdaohf.com\/wp-content\/uploads\/2025\/01\/turnbuckle-form-aligner.jpg\" \/>\n\t<meta property=\"og:image:width\" content=\"1000\" \/>\n\t<meta property=\"og:image:height\" content=\"1000\" \/>\n\t<meta property=\"og:image:type\" content=\"image\/jpeg\" \/>\n<meta name=\"twitter:card\" content=\"summary_large_image\" \/>\n<meta name=\"twitter:label1\" content=\"Odhadovan\u00e1 doba \u010dten\u00ed\" \/>\n\t<meta name=\"twitter:data1\" content=\"3 minuty\" \/>\n<script type=\"application\/ld+json\" class=\"yoast-schema-graph\">{\"@context\":\"https:\/\/schema.org\",\"@graph\":[{\"@type\":\"WebPage\",\"@id\":\"https:\/\/qingdaohf.com\/product\/concrete-turnbuckle\/\",\"url\":\"https:\/\/qingdaohf.com\/product\/concrete-turnbuckle\/\",\"name\":\"Concrete Turnbuckle\",\"isPartOf\":{\"@id\":\"https:\/\/qingdaohf.com\/bg\/#website\"},\"primaryImageOfPage\":{\"@id\":\"https:\/\/qingdaohf.com\/product\/concrete-turnbuckle\/#primaryimage\"},\"image\":{\"@id\":\"https:\/\/qingdaohf.com\/product\/concrete-turnbuckle\/#primaryimage\"},\"thumbnailUrl\":\"https:\/\/qingdaohf.com\/wp-content\/uploads\/2025\/01\/turnbuckle-form-aligner.jpg\",\"datePublished\":\"2025-01-18T02:11:43+00:00\",\"dateModified\":\"2025-11-13T01:02:20+00:00\",\"description\":\"Concrete turnbuckles have been a mainstay in the construction industry for quite some time and ensure accuracy in tensioning and alignment during formwork.\",\"breadcrumb\":{\"@id\":\"https:\/\/qingdaohf.com\/product\/concrete-turnbuckle\/#breadcrumb\"},\"inLanguage\":\"cs\",\"potentialAction\":[{\"@type\":\"ReadAction\",\"target\":[\"https:\/\/qingdaohf.com\/product\/concrete-turnbuckle\/\"]}]},{\"@type\":\"ImageObject\",\"inLanguage\":\"cs\",\"@id\":\"https:\/\/qingdaohf.com\/product\/concrete-turnbuckle\/#primaryimage\",\"url\":\"https:\/\/qingdaohf.com\/wp-content\/uploads\/2025\/01\/turnbuckle-form-aligner.jpg\",\"contentUrl\":\"https:\/\/qingdaohf.com\/wp-content\/uploads\/2025\/01\/turnbuckle-form-aligner.jpg\",\"width\":1000,\"height\":1000,\"caption\":\"turnbuckle form aligner\"},{\"@type\":\"BreadcrumbList\",\"@id\":\"https:\/\/qingdaohf.com\/product\/concrete-turnbuckle\/#breadcrumb\",\"itemListElement\":[{\"@type\":\"ListItem\",\"position\":1,\"name\":\"Home\",\"item\":\"https:\/\/qingdaohf.com\/\"},{\"@type\":\"ListItem\",\"position\":2,\"name\":\"Concrete Forming Accessories and Rigging Hardware\",\"item\":\"https:\/\/qingdaohf.com\/bg\/?page_id=944\"},{\"@type\":\"ListItem\",\"position\":3,\"name\":\"Concrete Turnbuckle\"}]},{\"@type\":\"WebSite\",\"@id\":\"https:\/\/qingdaohf.com\/bg\/#website\",\"url\":\"https:\/\/qingdaohf.com\/bg\/\",\"name\":\"Concrete Form & Rigging Hardware Supplier\",\"description\":\"\",\"publisher\":{\"@id\":\"https:\/\/qingdaohf.com\/bg\/#organization\"},\"potentialAction\":[{\"@type\":\"SearchAction\",\"target\":{\"@type\":\"EntryPoint\",\"urlTemplate\":\"https:\/\/qingdaohf.com\/bg\/?s={search_term_string}\"},\"query-input\":{\"@type\":\"PropertyValueSpecification\",\"valueRequired\":true,\"valueName\":\"search_term_string\"}}],\"inLanguage\":\"cs\"},{\"@type\":\"Organization\",\"@id\":\"https:\/\/qingdaohf.com\/bg\/#organization\",\"name\":\"Qingdao H&F\",\"url\":\"https:\/\/qingdaohf.com\/bg\/\",\"logo\":{\"@type\":\"ImageObject\",\"inLanguage\":\"cs\",\"@id\":\"https:\/\/qingdaohf.com\/bg\/#\/schema\/logo\/image\/\",\"url\":\"https:\/\/qingdaohf.com\/wp-content\/uploads\/2022\/12\/cropped-HF-LOGO.png\",\"contentUrl\":\"https:\/\/qingdaohf.com\/wp-content\/uploads\/2022\/12\/cropped-HF-LOGO.png\",\"width\":391,\"height\":249,\"caption\":\"Qingdao H&F\"},\"image\":{\"@id\":\"https:\/\/qingdaohf.com\/bg\/#\/schema\/logo\/image\/\"},\"sameAs\":[\"https:\/\/www.facebook.com\/qingdaohf\"]}]}<\/script>\n<!-- \/ Yoast SEO plugin. -->","yoast_head_json":{"title":"Concrete Turnbuckle","description":"Concrete turnbuckles have been a mainstay in the construction industry for quite some time and ensure accuracy in tensioning and alignment during formwork.","robots":{"index":"index","follow":"follow","max-snippet":"max-snippet:-1","max-image-preview":"max-image-preview:large","max-video-preview":"max-video-preview:-1"},"canonical":"https:\/\/qingdaohf.com\/cs\/produkt\/betonovy-napinak\/","og_locale":"cs_CZ","og_type":"article","og_title":"Concrete Turnbuckle","og_description":"Concrete turnbuckles have been a mainstay in the construction industry for quite some time and ensure accuracy in tensioning and alignment during formwork.","og_url":"https:\/\/qingdaohf.com\/cs\/produkt\/betonovy-napinak\/","og_site_name":"Concrete Form &amp; Rigging Hardware Supplier","article_publisher":"https:\/\/www.facebook.com\/qingdaohf","article_modified_time":"2025-11-13T01:02:20+00:00","og_image":[{"width":1000,"height":1000,"url":"https:\/\/qingdaohf.com\/wp-content\/uploads\/2025\/01\/turnbuckle-form-aligner.jpg","type":"image\/jpeg"}],"twitter_card":"summary_large_image","twitter_misc":{"Odhadovan\u00e1 doba \u010dten\u00ed":"3 minuty"},"schema":{"@context":"https:\/\/schema.org","@graph":[{"@type":"WebPage","@id":"https:\/\/qingdaohf.com\/product\/concrete-turnbuckle\/","url":"https:\/\/qingdaohf.com\/product\/concrete-turnbuckle\/","name":"Concrete Turnbuckle","isPartOf":{"@id":"https:\/\/qingdaohf.com\/bg\/#website"},"primaryImageOfPage":{"@id":"https:\/\/qingdaohf.com\/product\/concrete-turnbuckle\/#primaryimage"},"image":{"@id":"https:\/\/qingdaohf.com\/product\/concrete-turnbuckle\/#primaryimage"},"thumbnailUrl":"https:\/\/qingdaohf.com\/wp-content\/uploads\/2025\/01\/turnbuckle-form-aligner.jpg","datePublished":"2025-01-18T02:11:43+00:00","dateModified":"2025-11-13T01:02:20+00:00","description":"Concrete turnbuckles have been a mainstay in the construction industry for quite some time and ensure accuracy in tensioning and alignment during formwork.","breadcrumb":{"@id":"https:\/\/qingdaohf.com\/product\/concrete-turnbuckle\/#breadcrumb"},"inLanguage":"cs","potentialAction":[{"@type":"ReadAction","target":["https:\/\/qingdaohf.com\/product\/concrete-turnbuckle\/"]}]},{"@type":"ImageObject","inLanguage":"cs","@id":"https:\/\/qingdaohf.com\/product\/concrete-turnbuckle\/#primaryimage","url":"https:\/\/qingdaohf.com\/wp-content\/uploads\/2025\/01\/turnbuckle-form-aligner.jpg","contentUrl":"https:\/\/qingdaohf.com\/wp-content\/uploads\/2025\/01\/turnbuckle-form-aligner.jpg","width":1000,"height":1000,"caption":"turnbuckle form aligner"},{"@type":"BreadcrumbList","@id":"https:\/\/qingdaohf.com\/product\/concrete-turnbuckle\/#breadcrumb","itemListElement":[{"@type":"ListItem","position":1,"name":"Home","item":"https:\/\/qingdaohf.com\/"},{"@type":"ListItem","position":2,"name":"Concrete Forming Accessories and Rigging Hardware","item":"https:\/\/qingdaohf.com\/bg\/?page_id=944"},{"@type":"ListItem","position":3,"name":"Concrete Turnbuckle"}]},{"@type":"WebSite","@id":"https:\/\/qingdaohf.com\/bg\/#website","url":"https:\/\/qingdaohf.com\/bg\/","name":"Concrete Form & Rigging Hardware Supplier","description":"","publisher":{"@id":"https:\/\/qingdaohf.com\/bg\/#organization"},"potentialAction":[{"@type":"SearchAction","target":{"@type":"EntryPoint","urlTemplate":"https:\/\/qingdaohf.com\/bg\/?s={search_term_string}"},"query-input":{"@type":"PropertyValueSpecification","valueRequired":true,"valueName":"search_term_string"}}],"inLanguage":"cs"},{"@type":"Organization","@id":"https:\/\/qingdaohf.com\/bg\/#organization","name":"Qingdao H&F","url":"https:\/\/qingdaohf.com\/bg\/","logo":{"@type":"ImageObject","inLanguage":"cs","@id":"https:\/\/qingdaohf.com\/bg\/#\/schema\/logo\/image\/","url":"https:\/\/qingdaohf.com\/wp-content\/uploads\/2022\/12\/cropped-HF-LOGO.png","contentUrl":"https:\/\/qingdaohf.com\/wp-content\/uploads\/2022\/12\/cropped-HF-LOGO.png","width":391,"height":249,"caption":"Qingdao H&F"},"image":{"@id":"https:\/\/qingdaohf.com\/bg\/#\/schema\/logo\/image\/"},"sameAs":["https:\/\/www.facebook.com\/qingdaohf"]}]}},"_links":{"self":[{"href":"https:\/\/qingdaohf.com\/cs\/wp-json\/wp\/v2\/product\/8837","targetHints":{"allow":["GET"]}}],"collection":[{"href":"https:\/\/qingdaohf.com\/cs\/wp-json\/wp\/v2\/product"}],"about":[{"href":"https:\/\/qingdaohf.com\/cs\/wp-json\/wp\/v2\/types\/product"}],"replies":[{"embeddable":true,"href":"https:\/\/qingdaohf.com\/cs\/wp-json\/wp\/v2\/comments?post=8837"}],"version-history":[{"count":4,"href":"https:\/\/qingdaohf.com\/cs\/wp-json\/wp\/v2\/product\/8837\/revisions"}],"predecessor-version":[{"id":9147,"href":"https:\/\/qingdaohf.com\/cs\/wp-json\/wp\/v2\/product\/8837\/revisions\/9147"}],"wp:featuredmedia":[{"embeddable":true,"href":"https:\/\/qingdaohf.com\/cs\/wp-json\/wp\/v2\/media\/9146"}],"wp:attachment":[{"href":"https:\/\/qingdaohf.com\/cs\/wp-json\/wp\/v2\/media?parent=8837"}],"wp:term":[{"taxonomy":"product_brand","embeddable":true,"href":"https:\/\/qingdaohf.com\/cs\/wp-json\/wp\/v2\/product_brand?post=8837"},{"taxonomy":"product_cat","embeddable":true,"href":"https:\/\/qingdaohf.com\/cs\/wp-json\/wp\/v2\/product_cat?post=8837"},{"taxonomy":"product_tag","embeddable":true,"href":"https:\/\/qingdaohf.com\/cs\/wp-json\/wp\/v2\/product_tag?post=8837"}],"curies":[{"name":"wp","href":"https:\/\/api.w.org\/{rel}","templated":true}]}}