{"id":8858,"date":"2025-01-21T15:05:09","date_gmt":"2025-01-21T07:05:09","guid":{"rendered":"http:\/\/qingdaohf.com\/?post_type=product&#038;p=8858"},"modified":"2025-11-13T09:02:20","modified_gmt":"2025-11-13T01:02:20","slug":"anchor-bolt-concrete","status":"publish","type":"product","link":"https:\/\/qingdaohf.com\/cs\/produkt\/kotevni-sroub-do-betonu\/","title":{"rendered":"Kotevn\u00ed \u0161roub do betonu"},"content":{"rendered":"<h2 class=\"whitespace-pre-wrap break-words\">Porozum\u011bn\u00ed aplikac\u00edm kotevn\u00edch \u0161roub\u016f do betonu<\/h2>\n<p class=\"whitespace-pre-wrap break-words\">Kotevn\u00ed \u0161rouby, zn\u00e1m\u00e9 tak\u00e9 jako z\u00e1kladov\u00e9 \u0161rouby nebo L \u0161rouby, slou\u017e\u00ed jako z\u00e1klad stability konstrukce v r\u016fzn\u00fdch stavebn\u00edch aplikac\u00edch. Na ka\u017ed\u00e9m v\u011bt\u0161\u00edm staveni\u0161ti je uvid\u00edte, jak dr\u017e\u00ed ocelov\u00e9 sloupy, kotv\u00ed t\u011b\u017ek\u00e9 stroje nebo upev\u0148uj\u00ed konstruk\u010dn\u00ed r\u00e1my k betonov\u00fdm z\u00e1klad\u016fm. Nejedn\u00e1 se o oby\u010dejn\u00e9 spojovac\u00ed prvky - jsou to kritick\u00e9 komponenty, kter\u00e9 zaji\u0161\u0165uj\u00ed pevnost a spolehlivost, kterou in\u017een\u00fd\u0159i a dodavatel\u00e9 v ter\u00e9nu vy\u017eaduj\u00ed. Sezn\u00e1mit se s t\u00edm, jak tyto \u0161rouby pracuj\u00ed s betonem, nen\u00ed jen u\u017eite\u010dn\u00e9 - je to nezbytn\u00e9 pro v\u00fdb\u011br spr\u00e1vn\u00e9ho typu a zaji\u0161t\u011bn\u00ed jejich dlouhodob\u00e9 funk\u010dnosti.<\/p>\n<p><img fetchpriority=\"high\" decoding=\"async\" class=\"alignnone wp-image-9149 size-large\" src=\"http:\/\/qingdaohf.com\/wp-content\/uploads\/2025\/03\/foundation-bolt-1-1024x768.webp\" alt=\"z\u00e1kladov\u00fd \u0161roub\" width=\"1024\" height=\"768\" srcset=\"https:\/\/qingdaohf.com\/wp-content\/uploads\/2025\/03\/foundation-bolt-1-1024x768.webp 1024w, https:\/\/qingdaohf.com\/wp-content\/uploads\/2025\/03\/foundation-bolt-1-300x225.webp 300w, https:\/\/qingdaohf.com\/wp-content\/uploads\/2025\/03\/foundation-bolt-1-768x576.webp 768w, https:\/\/qingdaohf.com\/wp-content\/uploads\/2025\/03\/foundation-bolt-1-16x12.webp 16w, https:\/\/qingdaohf.com\/wp-content\/uploads\/2025\/03\/foundation-bolt-1-1000x750.webp 1000w, https:\/\/qingdaohf.com\/wp-content\/uploads\/2025\/03\/foundation-bolt-1.webp 1200w\" sizes=\"(max-width: 1024px) 100vw, 1024px\" \/><\/p>\n<p class=\"whitespace-pre-wrap break-words\">Pod\u00edvejte se na jak\u00e9koliv \u0159e\u0161en\u00ed kotevn\u00edch \u0161roub\u016f do betonu a uvid\u00edte, \u017ee je od z\u00e1kladu konstruov\u00e1no tvrd\u011b. Nejsou navr\u017eeny jen k tomu, aby dr\u017eely v\u011bci na m\u00edst\u011b - jsou konstruov\u00e1ny tak, aby zvl\u00e1dly v\u00e1\u017en\u00e9 \u00farovn\u011b nam\u00e1h\u00e1n\u00ed a brut\u00e1ln\u00ed podm\u00ednky prost\u0159ed\u00ed a z\u00e1rove\u0148 rovnom\u011brn\u011b rozlo\u017eily zat\u00ed\u017een\u00ed, aby se eliminovala slab\u00e1 m\u00edsta. Kdy\u017e zku\u0161en\u00ed in\u017een\u00fd\u0159i vyb\u00edraj\u00ed z\u00e1kladov\u00e9 \u0161rouby a L \u0161rouby, sleduj\u00ed t\u0159i hlavn\u00ed v\u011bci: pevnost v tahu, jak dob\u0159e se br\u00e1n\u00ed korozi a zda je lze nainstalovat s p\u0159esnost\u00ed. N\u00e1\u0161 v\u00fdrobn\u00ed proces jsme postavili p\u0159esn\u011b na t\u011bchto po\u017eadavc\u00edch, abychom zajistili, \u017ee na\u0161e v\u00fdrobky zvl\u00e1dnou v\u0161e, co na n\u011b v\u00e1\u0161 projekt klade.<\/p>\n<p><strong>Povlak\/materi\u00e1l:<\/strong> \u017d\u00e1rov\u011b pozinkovan\u00e1 nebo nepota\u017een\u00e1 ocel<\/p>\n<h3>Velikost z\u00e1kladov\u00fdch \u0161roub\u016f:<\/h3>\n\n<table id=\"tablepress-2\" class=\"tablepress tablepress-id-2\">\n<thead>\n<tr class=\"row-1\">\n\t<th class=\"column-1\">Pr\u016fm\u011br (palce)<\/th><th class=\"column-2\">D\u00e9lka (palce)<\/th>\n<\/tr>\n<\/thead>\n<tbody class=\"row-striping row-hover\">\n<tr class=\"row-2\">\n\t<td class=\"column-1\">1\/2\u2033<\/td><td class=\"column-2\">6\u2033<\/td>\n<\/tr>\n<tr class=\"row-3\">\n\t<td class=\"column-1\">1\/2\u2033<\/td><td class=\"column-2\">8\u2033<\/td>\n<\/tr>\n<tr class=\"row-4\">\n\t<td class=\"column-1\">1\/2\u2033<\/td><td class=\"column-2\">10\u2033<\/td>\n<\/tr>\n<tr class=\"row-5\">\n\t<td class=\"column-1\">1\/2\u2033<\/td><td class=\"column-2\">12\u2033<\/td>\n<\/tr>\n<tr class=\"row-6\">\n\t<td class=\"column-1\">1\/2\u2033<\/td><td class=\"column-2\">14\u2033<\/td>\n<\/tr>\n<tr class=\"row-7\">\n\t<td class=\"column-1\">1\/2\u2033<\/td><td class=\"column-2\">16\u2033<\/td>\n<\/tr>\n<tr class=\"row-8\">\n\t<td class=\"column-1\">1\/2\u2033<\/td><td class=\"column-2\">18\u2033<\/td>\n<\/tr>\n<tr class=\"row-9\">\n\t<td class=\"column-1\">5\/8\u2033<\/td><td class=\"column-2\">6\u2033<\/td>\n<\/tr>\n<tr class=\"row-10\">\n\t<td class=\"column-1\">5\/8\u2033<\/td><td class=\"column-2\">8\u2033<\/td>\n<\/tr>\n<tr class=\"row-11\">\n\t<td class=\"column-1\">5\/8\u2033<\/td><td class=\"column-2\">10\u2033<\/td>\n<\/tr>\n<tr class=\"row-12\">\n\t<td class=\"column-1\">5\/8\u2033<\/td><td class=\"column-2\">12\u2033<\/td>\n<\/tr>\n<tr class=\"row-13\">\n\t<td class=\"column-1\">5\/8\u2033<\/td><td class=\"column-2\">14\u2033<\/td>\n<\/tr>\n<tr class=\"row-14\">\n\t<td class=\"column-1\">5\/8\u2033<\/td><td class=\"column-2\">16\u2033<\/td>\n<\/tr>\n<tr class=\"row-15\">\n\t<td class=\"column-1\">5\/8\u2033<\/td><td class=\"column-2\">18\u2033<\/td>\n<\/tr>\n<tr class=\"row-16\">\n\t<td class=\"column-1\">3\/4\u2033<\/td><td class=\"column-2\">6\u2033<\/td>\n<\/tr>\n<tr class=\"row-17\">\n\t<td class=\"column-1\">3\/4\u2033<\/td><td class=\"column-2\">8\u2033<\/td>\n<\/tr>\n<tr class=\"row-18\">\n\t<td class=\"column-1\">3\/4\u2033<\/td><td class=\"column-2\">10\u2033<\/td>\n<\/tr>\n<tr class=\"row-19\">\n\t<td class=\"column-1\">3\/4\u2033<\/td><td class=\"column-2\">12\u2033<\/td>\n<\/tr>\n<tr class=\"row-20\">\n\t<td class=\"column-1\">3\/4\u2033<\/td><td class=\"column-2\">14\u2033<\/td>\n<\/tr>\n<tr class=\"row-21\">\n\t<td class=\"column-1\">3\/4\u2033<\/td><td class=\"column-2\">16\u2033<\/td>\n<\/tr>\n<tr class=\"row-22\">\n\t<td class=\"column-1\">3\/4\u2033<\/td><td class=\"column-2\">18\u2033<\/td>\n<\/tr>\n<\/tbody>\n<\/table>\n<!-- #tablepress-2 from cache -->\n<h2 class=\"whitespace-pre-wrap break-words\">Kl\u00ed\u010dov\u00e9 faktory p\u0159i v\u00fdb\u011bru z\u00e1kladov\u00fdch \u0161roub\u016f<\/h2>\n<p class=\"whitespace-pre-wrap break-words\">Volba materi\u00e1lu m\u016f\u017ee rozhodnout o tom, zda z\u00e1kladov\u00e9 \u0161rouby a L \u0161rouby pou\u017eijete. M\u00e1te na v\u00fdb\u011br: vysokopevnostn\u00ed ocelov\u00e9 slitiny, kdy\u017e pot\u0159ebujete surovou s\u00edlu, pozinkovan\u00e9 povlaky pro dodate\u010dnou ochranu nebo nerezovou ocel, kdy\u017e je prost\u0159ed\u00ed obzvl\u00e1\u0161t\u011b drsn\u00e9. M\u00e1te projekt, p\u0159i kter\u00e9m budou tyto \u0161rouby vystaveny vlhkosti, chemik\u00e1li\u00edm nebo extr\u00e9mn\u00edm teplot\u00e1m? Pro ka\u017ed\u00fd sc\u00e9n\u00e1\u0159 m\u00e1me specializovan\u00e9 materi\u00e1ly. Ka\u017ed\u00fd \u0161roub proch\u00e1z\u00ed p\u0159\u00edsn\u00fdmi testy kontroly kvality, kter\u00e9 jsou podlo\u017eeny podrobn\u00fdmi kontroln\u00edmi zpr\u00e1vami, d\u00edky nim\u017e m\u00e1te skute\u010dnou jistotu, \u017ee si kupujete to, co kupujete.<\/p>\n<p class=\"whitespace-pre-wrap break-words\">P\u0159esnost instalace se nejen doporu\u010duje, ale je rozhoduj\u00edc\u00ed pro dosa\u017een\u00ed maxim\u00e1ln\u00edho v\u00fdkonu z\u00e1kladov\u00fdch \u0161roub\u016f a L \u0161roub\u016f. Mus\u00edte dodr\u017eet hloubku zapu\u0161t\u011bn\u00ed, p\u0159esn\u00e9 specifikace kroutic\u00edho momentu a spr\u00e1vn\u00e9 zarovn\u00e1n\u00ed. Tyto detaily maj\u00ed p\u0159\u00edm\u00fd vliv na to, jak dob\u0159e bude va\u0161e konstrukce dr\u017eet pohromad\u011b. Proto je technick\u00fd t\u00fdm spole\u010dnosti H&amp;F v\u017edy p\u0159ipraven v\u00e1s prov\u00e9st osv\u011bd\u010den\u00fdmi postupy a zajistit, aby va\u0161e instalace nejen spl\u0148ovala pr\u016fmyslov\u00e9 normy, ale i je p\u0159ekra\u010dovala. Jsme zde, abychom v\u00e1m pomohli prov\u00e9st ji spr\u00e1vn\u011b hned napoprv\u00e9.<\/p>\n<div class=\"ast-oembed-container\" style=\"height: 100%;\"><iframe title=\"Z\u00e1kladov\u00fd \u0161roub\" width=\"500\" height=\"281\" src=\"https:\/\/www.youtube.com\/embed\/3M-AW45tVRI?feature=oembed\" frameborder=\"0\" allow=\"accelerometer; autoplay; clipboard-write; encrypted-media; gyroscope; picture-in-picture; web-share\" referrerpolicy=\"strict-origin-when-cross-origin\" allowfullscreen><\/iframe><\/div>\n<h2 class=\"whitespace-pre-wrap break-words\">Pro\u010d si pro sv\u00e9 pot\u0159eby L \u0161roub\u016f vybrat spole\u010dnost H&amp;F?<\/h2>\n<p class=\"whitespace-pre-wrap break-words\">N\u011bkdy prost\u011b nesta\u010d\u00ed standardn\u00ed - tehdy p\u0159ich\u00e1z\u00ed na \u0159adu p\u0159izp\u016fsoben\u00ed. R\u016fzn\u00e9 \u00falohy vy\u017eaduj\u00ed r\u016fzn\u00e9 pr\u016fm\u011bry \u0161roub\u016f, typy z\u00e1vit\u016f a d\u00e9lky. N\u00e1\u0161 sortiment je dostate\u010dn\u011b \u0161irok\u00fd, abyste na\u0161li p\u0159esn\u011b to, co pot\u0159ebujete, ani\u017e byste museli cokoli upravovat na m\u00edst\u011b. A\u0165 u\u017e pot\u0159ebujete z\u00e1kladn\u00ed L \u0161rouby pro standardn\u00ed pr\u00e1ce, nebo \u0159e\u0161en\u00ed na m\u00edru pro jedine\u010dn\u00e9 v\u00fdzvy, n\u00e1\u0161 t\u00fdm v\u00ed, jak v\u00e1m naj\u00edt ten spr\u00e1vn\u00fd hardware.<\/p>\n<p class=\"whitespace-pre-wrap break-words\">\u010cas jsou p\u0159i stavebn\u00edch projektech pen\u00edze a \u010dek\u00e1n\u00ed na d\u00edly m\u016f\u017ee naru\u0161it v\u00e1\u0161 harmonogram i rozpo\u010det. Proto jsme si dali z\u00e1le\u017eet na tom, aby n\u00e1\u0161 dodavatelsk\u00fd \u0159et\u011bzec byl \u0161t\u00edhl\u00fd a efektivn\u00ed. Zbavili jsme se byrokracie a zefektivnili jsme na\u0161i logistiku, abychom v\u00e1m dodali to, co pot\u0159ebujete, kdy to pot\u0159ebujete, a zajistili tak, \u017ee v\u00e1\u0161 projekt bude pokra\u010dovat bez n\u00e1kladn\u00fdch zpo\u017ed\u011bn\u00ed.<\/p>\n<p class=\"whitespace-pre-wrap break-words\">Kvalita u n\u00e1s nen\u00ed jen m\u00f3dn\u00ed slovo - je sou\u010d\u00e1st\u00ed v\u0161eho, co d\u011bl\u00e1me. Ka\u017ed\u00e1 \u0161ar\u017ee z\u00e1kladov\u00fdch a L \u0161roub\u016f je d\u016fkladn\u011b testov\u00e1na podle mezin\u00e1rodn\u00edch norem. Od kontroly slo\u017een\u00ed materi\u00e1lu a\u017e po zat\u011b\u017eovac\u00ed zkou\u0161ky v\u0161e dokumentujeme v podrobn\u00fdch kontroln\u00edch zpr\u00e1v\u00e1ch. D\u00edky t\u00e9to posedlosti kvalitou jsme se stali partnerem pro seri\u00f3zn\u00ed dodavatele a in\u017een\u00fdry.<\/p>\n<p class=\"whitespace-pre-wrap break-words\">V\u00fdstavba se nezpomaluje, stejn\u011b jako pot\u0159eba spolehliv\u00fdch kotevn\u00edch \u0159e\u0161en\u00ed. A\u0165 u\u017e stav\u00edte konstrukce, infrastrukturu nebo pr\u016fmyslov\u00e1 za\u0159\u00edzen\u00ed, pot\u0159ebujete z\u00e1kladov\u00e9 \u0161rouby a L \u0161rouby, kter\u00e9 v\u00e1s nezklamou. Ve spole\u010dnosti H&amp;F neprod\u00e1v\u00e1me pouze hardware - poskytujeme jistotu, \u017ee m\u016f\u017eete stav\u011bt odv\u00e1\u017en\u011b a spr\u00e1vn\u011b.<\/p>","protected":false},"excerpt":{"rendered":"<p>\u0158e\u0161en\u00ed kotevn\u00edch \u0161roub\u016f do betonu, zn\u00e1m\u00e9 tak\u00e9 jako z\u00e1kladov\u00e9 \u0161rouby nebo L \u0161rouby, p\u0159edstavuj\u00ed z\u00e1kladn\u00ed upevn\u011bn\u00ed konstrukce k betonov\u00e9mu povrchu. Tyto v\u00fdrobky jsou pro z\u00e1kazn\u00edky hlavn\u00edm z\u00e1jmem s ohledem na jejich trvanlivost, nosnost a odolnost v\u016f\u010di \u017eivotn\u00edmu prost\u0159ed\u00ed. Ve spole\u010dnosti H&amp;F t\u011bmto po\u017eadavk\u016fm rozum\u00edme a dod\u00e1v\u00e1me z\u00e1kladov\u00e9 \u0161rouby a L \u0161rouby, kter\u00e9 byly zkontrolov\u00e1ny z hlediska zaji\u0161t\u011bn\u00ed kvality a shody s normami v oboru. N\u00e1\u0161 individu\u00e1ln\u00ed z\u00e1kaznick\u00fd servis zaji\u0161\u0165uje osobn\u00ed p\u0159\u00edstup k cel\u00e9mu procesu n\u00e1kupu a efektivn\u00ed logistika zaru\u010duje rychl\u00e9 dodac\u00ed cykly, kter\u00e9 odpov\u00eddaj\u00ed \u010dasov\u00e9mu pl\u00e1nu projektu.<\/p>","protected":false},"featured_media":7000,"comment_status":"open","ping_status":"closed","template":"","meta":{"site-sidebar-layout":"default","site-content-layout":"","ast-site-content-layout":"default","site-content-style":"default","site-sidebar-style":"default","ast-global-header-display":"","ast-banner-title-visibility":"","ast-main-header-display":"","ast-hfb-above-header-display":"","ast-hfb-below-header-display":"","ast-hfb-mobile-header-display":"","site-post-title":"","ast-breadcrumbs-content":"","ast-featured-img":"","footer-sml-layout":"","theme-transparent-header-meta":"default","adv-header-id-meta":"","stick-header-meta":"default","header-above-stick-meta":"","header-main-stick-meta":"","header-below-stick-meta":"","astra-migrate-meta-layouts":"set","ast-page-background-enabled":"default","ast-page-background-meta":{"desktop":{"background-color":"","background-image":"","background-repeat":"repeat","background-position":"center center","background-size":"auto","background-attachment":"scroll","background-type":"","background-media":"","overlay-type":"","overlay-color":"","overlay-opacity":"","overlay-gradient":""},"tablet":{"background-color":"","background-image":"","background-repeat":"repeat","background-position":"center center","background-size":"auto","background-attachment":"scroll","background-type":"","background-media":"","overlay-type":"","overlay-color":"","overlay-opacity":"","overlay-gradient":""},"mobile":{"background-color":"","background-image":"","background-repeat":"repeat","background-position":"center center","background-size":"auto","background-attachment":"scroll","background-type":"","background-media":"","overlay-type":"","overlay-color":"","overlay-opacity":"","overlay-gradient":""}},"ast-content-background-meta":{"desktop":{"background-color":"var(--ast-global-color-5)","background-image":"","background-repeat":"repeat","background-position":"center center","background-size":"auto","background-attachment":"scroll","background-type":"","background-media":"","overlay-type":"","overlay-color":"","overlay-opacity":"","overlay-gradient":""},"tablet":{"background-color":"var(--ast-global-color-5)","background-image":"","background-repeat":"repeat","background-position":"center center","background-size":"auto","background-attachment":"scroll","background-type":"","background-media":"","overlay-type":"","overlay-color":"","overlay-opacity":"","overlay-gradient":""},"mobile":{"background-color":"var(--ast-global-color-5)","background-image":"","background-repeat":"repeat","background-position":"center center","background-size":"auto","background-attachment":"scroll","background-type":"","background-media":"","overlay-type":"","overlay-color":"","overlay-opacity":"","overlay-gradient":""}}},"product_brand":[],"product_cat":[28],"product_tag":[],"class_list":{"0":"post-8858","1":"product","2":"type-product","3":"status-publish","4":"has-post-thumbnail","6":"product_cat-concrete-forming","7":"desktop-align-left","8":"tablet-align-left","9":"mobile-align-left","10":"ast-product-gallery-layout-horizontal-slider","11":"ast-product-tabs-layout-horizontal","13":"first","14":"instock","15":"shipping-taxable","16":"purchasable","17":"product-type-simple"},"yoast_head":"<!-- This site is optimized with the Yoast SEO plugin v25.2 - https:\/\/yoast.com\/wordpress\/plugins\/seo\/ -->\n<title>Anchor Bolt Concrete<\/title>\n<meta name=\"description\" content=\"Anchor bolt concrete solutions, also known as foundation bolts or L bolts, are the fundamental fastening of a structure to concrete surfaces.\" \/>\n<meta name=\"robots\" content=\"index, follow, max-snippet:-1, max-image-preview:large, max-video-preview:-1\" \/>\n<link rel=\"canonical\" href=\"https:\/\/qingdaohf.com\/cs\/produkt\/kotevni-sroub-do-betonu\/\" \/>\n<meta property=\"og:locale\" content=\"cs_CZ\" \/>\n<meta property=\"og:type\" content=\"article\" \/>\n<meta property=\"og:title\" content=\"Anchor Bolt Concrete\" \/>\n<meta property=\"og:description\" content=\"Anchor bolt concrete solutions, also known as foundation bolts or L bolts, are the fundamental fastening of a structure to concrete surfaces.\" \/>\n<meta property=\"og:url\" content=\"https:\/\/qingdaohf.com\/cs\/produkt\/kotevni-sroub-do-betonu\/\" \/>\n<meta property=\"og:site_name\" content=\"Concrete Form &amp; Rigging Hardware Supplier\" \/>\n<meta property=\"article:publisher\" content=\"https:\/\/www.facebook.com\/qingdaohf\" \/>\n<meta property=\"article:modified_time\" content=\"2025-11-13T01:02:20+00:00\" \/>\n<meta property=\"og:image\" content=\"https:\/\/qingdaohf.com\/wp-content\/uploads\/2024\/05\/J-bolt-6.jpg\" \/>\n\t<meta property=\"og:image:width\" content=\"1000\" \/>\n\t<meta property=\"og:image:height\" content=\"1000\" \/>\n\t<meta property=\"og:image:type\" content=\"image\/jpeg\" \/>\n<meta name=\"twitter:card\" content=\"summary_large_image\" \/>\n<meta name=\"twitter:label1\" content=\"Odhadovan\u00e1 doba \u010dten\u00ed\" \/>\n\t<meta name=\"twitter:data1\" content=\"4 minuty\" \/>\n<script type=\"application\/ld+json\" class=\"yoast-schema-graph\">{\"@context\":\"https:\/\/schema.org\",\"@graph\":[{\"@type\":\"WebPage\",\"@id\":\"https:\/\/qingdaohf.com\/product\/anchor-bolt-concrete\/\",\"url\":\"https:\/\/qingdaohf.com\/product\/anchor-bolt-concrete\/\",\"name\":\"Anchor Bolt Concrete\",\"isPartOf\":{\"@id\":\"https:\/\/qingdaohf.com\/bg\/#website\"},\"primaryImageOfPage\":{\"@id\":\"https:\/\/qingdaohf.com\/product\/anchor-bolt-concrete\/#primaryimage\"},\"image\":{\"@id\":\"https:\/\/qingdaohf.com\/product\/anchor-bolt-concrete\/#primaryimage\"},\"thumbnailUrl\":\"https:\/\/qingdaohf.com\/wp-content\/uploads\/2024\/05\/J-bolt-6.jpg\",\"datePublished\":\"2025-01-21T07:05:09+00:00\",\"dateModified\":\"2025-11-13T01:02:20+00:00\",\"description\":\"Anchor bolt concrete solutions, also known as foundation bolts or L bolts, are the fundamental fastening of a structure to concrete surfaces.\",\"breadcrumb\":{\"@id\":\"https:\/\/qingdaohf.com\/product\/anchor-bolt-concrete\/#breadcrumb\"},\"inLanguage\":\"cs\",\"potentialAction\":[{\"@type\":\"ReadAction\",\"target\":[\"https:\/\/qingdaohf.com\/product\/anchor-bolt-concrete\/\"]}]},{\"@type\":\"ImageObject\",\"inLanguage\":\"cs\",\"@id\":\"https:\/\/qingdaohf.com\/product\/anchor-bolt-concrete\/#primaryimage\",\"url\":\"https:\/\/qingdaohf.com\/wp-content\/uploads\/2024\/05\/J-bolt-6.jpg\",\"contentUrl\":\"https:\/\/qingdaohf.com\/wp-content\/uploads\/2024\/05\/J-bolt-6.jpg\",\"width\":1000,\"height\":1000},{\"@type\":\"BreadcrumbList\",\"@id\":\"https:\/\/qingdaohf.com\/product\/anchor-bolt-concrete\/#breadcrumb\",\"itemListElement\":[{\"@type\":\"ListItem\",\"position\":1,\"name\":\"Home\",\"item\":\"https:\/\/qingdaohf.com\/\"},{\"@type\":\"ListItem\",\"position\":2,\"name\":\"Concrete Forming Accessories and Rigging Hardware\",\"item\":\"https:\/\/qingdaohf.com\/bg\/?page_id=944\"},{\"@type\":\"ListItem\",\"position\":3,\"name\":\"Anchor Bolt Concrete\"}]},{\"@type\":\"WebSite\",\"@id\":\"https:\/\/qingdaohf.com\/bg\/#website\",\"url\":\"https:\/\/qingdaohf.com\/bg\/\",\"name\":\"Concrete Form & Rigging Hardware Supplier\",\"description\":\"\",\"publisher\":{\"@id\":\"https:\/\/qingdaohf.com\/bg\/#organization\"},\"potentialAction\":[{\"@type\":\"SearchAction\",\"target\":{\"@type\":\"EntryPoint\",\"urlTemplate\":\"https:\/\/qingdaohf.com\/bg\/?s={search_term_string}\"},\"query-input\":{\"@type\":\"PropertyValueSpecification\",\"valueRequired\":true,\"valueName\":\"search_term_string\"}}],\"inLanguage\":\"cs\"},{\"@type\":\"Organization\",\"@id\":\"https:\/\/qingdaohf.com\/bg\/#organization\",\"name\":\"Qingdao H&F\",\"url\":\"https:\/\/qingdaohf.com\/bg\/\",\"logo\":{\"@type\":\"ImageObject\",\"inLanguage\":\"cs\",\"@id\":\"https:\/\/qingdaohf.com\/bg\/#\/schema\/logo\/image\/\",\"url\":\"https:\/\/qingdaohf.com\/wp-content\/uploads\/2022\/12\/cropped-HF-LOGO.png\",\"contentUrl\":\"https:\/\/qingdaohf.com\/wp-content\/uploads\/2022\/12\/cropped-HF-LOGO.png\",\"width\":391,\"height\":249,\"caption\":\"Qingdao H&F\"},\"image\":{\"@id\":\"https:\/\/qingdaohf.com\/bg\/#\/schema\/logo\/image\/\"},\"sameAs\":[\"https:\/\/www.facebook.com\/qingdaohf\"]}]}<\/script>\n<!-- \/ Yoast SEO plugin. -->","yoast_head_json":{"title":"Anchor Bolt Concrete","description":"Anchor bolt concrete solutions, also known as foundation bolts or L bolts, are the fundamental fastening of a structure to concrete surfaces.","robots":{"index":"index","follow":"follow","max-snippet":"max-snippet:-1","max-image-preview":"max-image-preview:large","max-video-preview":"max-video-preview:-1"},"canonical":"https:\/\/qingdaohf.com\/cs\/produkt\/kotevni-sroub-do-betonu\/","og_locale":"cs_CZ","og_type":"article","og_title":"Anchor Bolt Concrete","og_description":"Anchor bolt concrete solutions, also known as foundation bolts or L bolts, are the fundamental fastening of a structure to concrete surfaces.","og_url":"https:\/\/qingdaohf.com\/cs\/produkt\/kotevni-sroub-do-betonu\/","og_site_name":"Concrete Form &amp; Rigging Hardware Supplier","article_publisher":"https:\/\/www.facebook.com\/qingdaohf","article_modified_time":"2025-11-13T01:02:20+00:00","og_image":[{"width":1000,"height":1000,"url":"https:\/\/qingdaohf.com\/wp-content\/uploads\/2024\/05\/J-bolt-6.jpg","type":"image\/jpeg"}],"twitter_card":"summary_large_image","twitter_misc":{"Odhadovan\u00e1 doba \u010dten\u00ed":"4 minuty"},"schema":{"@context":"https:\/\/schema.org","@graph":[{"@type":"WebPage","@id":"https:\/\/qingdaohf.com\/product\/anchor-bolt-concrete\/","url":"https:\/\/qingdaohf.com\/product\/anchor-bolt-concrete\/","name":"Anchor Bolt Concrete","isPartOf":{"@id":"https:\/\/qingdaohf.com\/bg\/#website"},"primaryImageOfPage":{"@id":"https:\/\/qingdaohf.com\/product\/anchor-bolt-concrete\/#primaryimage"},"image":{"@id":"https:\/\/qingdaohf.com\/product\/anchor-bolt-concrete\/#primaryimage"},"thumbnailUrl":"https:\/\/qingdaohf.com\/wp-content\/uploads\/2024\/05\/J-bolt-6.jpg","datePublished":"2025-01-21T07:05:09+00:00","dateModified":"2025-11-13T01:02:20+00:00","description":"Anchor bolt concrete solutions, also known as foundation bolts or L bolts, are the fundamental fastening of a structure to concrete surfaces.","breadcrumb":{"@id":"https:\/\/qingdaohf.com\/product\/anchor-bolt-concrete\/#breadcrumb"},"inLanguage":"cs","potentialAction":[{"@type":"ReadAction","target":["https:\/\/qingdaohf.com\/product\/anchor-bolt-concrete\/"]}]},{"@type":"ImageObject","inLanguage":"cs","@id":"https:\/\/qingdaohf.com\/product\/anchor-bolt-concrete\/#primaryimage","url":"https:\/\/qingdaohf.com\/wp-content\/uploads\/2024\/05\/J-bolt-6.jpg","contentUrl":"https:\/\/qingdaohf.com\/wp-content\/uploads\/2024\/05\/J-bolt-6.jpg","width":1000,"height":1000},{"@type":"BreadcrumbList","@id":"https:\/\/qingdaohf.com\/product\/anchor-bolt-concrete\/#breadcrumb","itemListElement":[{"@type":"ListItem","position":1,"name":"Home","item":"https:\/\/qingdaohf.com\/"},{"@type":"ListItem","position":2,"name":"Concrete Forming Accessories and Rigging Hardware","item":"https:\/\/qingdaohf.com\/bg\/?page_id=944"},{"@type":"ListItem","position":3,"name":"Anchor Bolt Concrete"}]},{"@type":"WebSite","@id":"https:\/\/qingdaohf.com\/bg\/#website","url":"https:\/\/qingdaohf.com\/bg\/","name":"Concrete Form & Rigging Hardware Supplier","description":"","publisher":{"@id":"https:\/\/qingdaohf.com\/bg\/#organization"},"potentialAction":[{"@type":"SearchAction","target":{"@type":"EntryPoint","urlTemplate":"https:\/\/qingdaohf.com\/bg\/?s={search_term_string}"},"query-input":{"@type":"PropertyValueSpecification","valueRequired":true,"valueName":"search_term_string"}}],"inLanguage":"cs"},{"@type":"Organization","@id":"https:\/\/qingdaohf.com\/bg\/#organization","name":"Qingdao H&F","url":"https:\/\/qingdaohf.com\/bg\/","logo":{"@type":"ImageObject","inLanguage":"cs","@id":"https:\/\/qingdaohf.com\/bg\/#\/schema\/logo\/image\/","url":"https:\/\/qingdaohf.com\/wp-content\/uploads\/2022\/12\/cropped-HF-LOGO.png","contentUrl":"https:\/\/qingdaohf.com\/wp-content\/uploads\/2022\/12\/cropped-HF-LOGO.png","width":391,"height":249,"caption":"Qingdao H&F"},"image":{"@id":"https:\/\/qingdaohf.com\/bg\/#\/schema\/logo\/image\/"},"sameAs":["https:\/\/www.facebook.com\/qingdaohf"]}]}},"_links":{"self":[{"href":"https:\/\/qingdaohf.com\/cs\/wp-json\/wp\/v2\/product\/8858","targetHints":{"allow":["GET"]}}],"collection":[{"href":"https:\/\/qingdaohf.com\/cs\/wp-json\/wp\/v2\/product"}],"about":[{"href":"https:\/\/qingdaohf.com\/cs\/wp-json\/wp\/v2\/types\/product"}],"replies":[{"embeddable":true,"href":"https:\/\/qingdaohf.com\/cs\/wp-json\/wp\/v2\/comments?post=8858"}],"version-history":[{"count":9,"href":"https:\/\/qingdaohf.com\/cs\/wp-json\/wp\/v2\/product\/8858\/revisions"}],"predecessor-version":[{"id":8862,"href":"https:\/\/qingdaohf.com\/cs\/wp-json\/wp\/v2\/product\/8858\/revisions\/8862"}],"wp:featuredmedia":[{"embeddable":true,"href":"https:\/\/qingdaohf.com\/cs\/wp-json\/wp\/v2\/media\/7000"}],"wp:attachment":[{"href":"https:\/\/qingdaohf.com\/cs\/wp-json\/wp\/v2\/media?parent=8858"}],"wp:term":[{"taxonomy":"product_brand","embeddable":true,"href":"https:\/\/qingdaohf.com\/cs\/wp-json\/wp\/v2\/product_brand?post=8858"},{"taxonomy":"product_cat","embeddable":true,"href":"https:\/\/qingdaohf.com\/cs\/wp-json\/wp\/v2\/product_cat?post=8858"},{"taxonomy":"product_tag","embeddable":true,"href":"https:\/\/qingdaohf.com\/cs\/wp-json\/wp\/v2\/product_tag?post=8858"}],"curies":[{"name":"wp","href":"https:\/\/api.w.org\/{rel}","templated":true}]}}