{"id":8903,"date":"2025-02-08T11:51:31","date_gmt":"2025-02-08T03:51:31","guid":{"rendered":"http:\/\/qingdaohf.com\/?post_type=product&#038;p=8903"},"modified":"2025-11-13T09:02:19","modified_gmt":"2025-11-13T01:02:19","slug":"rebar-osha-caps","status":"publish","type":"product","link":"https:\/\/qingdaohf.com\/cs\/produkt\/vicka-armatury-osha\/","title":{"rendered":"Krytky armatur OSHA"},"content":{"rendered":"<h2 class=\"text-2xl font-bold mt-1 text-text-200\">\u00davod do armaturn\u00edch prut\u016f OSHA Caps<\/h2>\n<p class=\"whitespace-pre-wrap break-words\">P\u0159iznejme si, \u017ee bezpe\u010dnost na staveni\u0161ti nen\u00ed nijak okouzluj\u00edc\u00ed, ale m\u00e1 z\u00e1sadn\u00ed v\u00fdznam. A pr\u00e1v\u011b zde p\u0159ich\u00e1zej\u00ed ke slovu na\u0161e kryc\u00ed \u010depice Rebar OSHA. Tyto chr\u00e1ni\u010de \u010dtvercov\u00e9ho tvaru nejsou jen plastov\u00e9 kryty - jsou va\u0161\u00ed prvn\u00ed obrannou lini\u00ed proti nebezpe\u010d\u00ed, kter\u00e9 p\u0159edstavuje obna\u017een\u00e1 v\u00fdztu\u017e. Jsou vyrobeny v tvrd\u00e9 konstrukci a jsou konstruov\u00e1ny chyt\u0159e, tak\u017ee p\u0159ekra\u010duj\u00ed z\u00e1kladn\u00ed bezpe\u010dnostn\u00ed po\u017eadavky a poskytuj\u00ed v\u00e1m skute\u010dn\u00fd klid na staveni\u0161ti.<\/p>\n<p><img fetchpriority=\"high\" decoding=\"async\" class=\"alignnone size-medium wp-image-8907\" src=\"http:\/\/qingdaohf.com\/wp-content\/uploads\/2025\/02\/rebar-cap-17-300x169.webp\" alt=\"\" width=\"300\" height=\"169\" srcset=\"https:\/\/qingdaohf.com\/wp-content\/uploads\/2025\/02\/rebar-cap-17-300x169.webp 300w, https:\/\/qingdaohf.com\/wp-content\/uploads\/2025\/02\/rebar-cap-17-1024x576.webp 1024w, https:\/\/qingdaohf.com\/wp-content\/uploads\/2025\/02\/rebar-cap-17-768x432.webp 768w, https:\/\/qingdaohf.com\/wp-content\/uploads\/2025\/02\/rebar-cap-17-1536x864.webp 1536w, https:\/\/qingdaohf.com\/wp-content\/uploads\/2025\/02\/rebar-cap-17-2048x1152.webp 2048w, https:\/\/qingdaohf.com\/wp-content\/uploads\/2025\/02\/rebar-cap-17-18x10.webp 18w, https:\/\/qingdaohf.com\/wp-content\/uploads\/2025\/02\/rebar-cap-17-1000x563.webp 1000w\" sizes=\"(max-width: 300px) 100vw, 300px\" \/> <img decoding=\"async\" class=\"alignnone size-medium wp-image-8908\" src=\"http:\/\/qingdaohf.com\/wp-content\/uploads\/2025\/02\/rebar-cap-19-300x169.webp\" alt=\"\" width=\"300\" height=\"169\" srcset=\"https:\/\/qingdaohf.com\/wp-content\/uploads\/2025\/02\/rebar-cap-19-300x169.webp 300w, https:\/\/qingdaohf.com\/wp-content\/uploads\/2025\/02\/rebar-cap-19-1024x576.webp 1024w, https:\/\/qingdaohf.com\/wp-content\/uploads\/2025\/02\/rebar-cap-19-768x432.webp 768w, https:\/\/qingdaohf.com\/wp-content\/uploads\/2025\/02\/rebar-cap-19-1536x864.webp 1536w, https:\/\/qingdaohf.com\/wp-content\/uploads\/2025\/02\/rebar-cap-19-2048x1152.webp 2048w, https:\/\/qingdaohf.com\/wp-content\/uploads\/2025\/02\/rebar-cap-19-18x10.webp 18w, https:\/\/qingdaohf.com\/wp-content\/uploads\/2025\/02\/rebar-cap-19-1000x563.webp 1000w\" sizes=\"(max-width: 300px) 100vw, 300px\" \/> <img decoding=\"async\" class=\"alignnone size-medium wp-image-8909\" src=\"http:\/\/qingdaohf.com\/wp-content\/uploads\/2025\/02\/rebar-cap-20-300x169.webp\" alt=\"\" width=\"300\" height=\"169\" srcset=\"https:\/\/qingdaohf.com\/wp-content\/uploads\/2025\/02\/rebar-cap-20-300x169.webp 300w, https:\/\/qingdaohf.com\/wp-content\/uploads\/2025\/02\/rebar-cap-20-1024x576.webp 1024w, https:\/\/qingdaohf.com\/wp-content\/uploads\/2025\/02\/rebar-cap-20-768x432.webp 768w, https:\/\/qingdaohf.com\/wp-content\/uploads\/2025\/02\/rebar-cap-20-1536x864.webp 1536w, https:\/\/qingdaohf.com\/wp-content\/uploads\/2025\/02\/rebar-cap-20-2048x1152.webp 2048w, https:\/\/qingdaohf.com\/wp-content\/uploads\/2025\/02\/rebar-cap-20-18x10.webp 18w, https:\/\/qingdaohf.com\/wp-content\/uploads\/2025\/02\/rebar-cap-20-1000x563.webp 1000w\" sizes=\"(max-width: 300px) 100vw, 300px\" \/><\/p>\n<h3 class=\"text-xl font-bold text-text-200 mt-1 -mb-0.5\">P\u0159ehled bezpe\u010dnostn\u00edch v\u00fdhod<\/h3>\n<p class=\"whitespace-pre-wrap break-words\">Matematika je jednoduch\u00e1: odkryt\u00e9 konce v\u00fdztu\u017ee jsou nebezpe\u010dn\u00e9 a k nehod\u00e1m doch\u00e1z\u00ed rychle. Na\u0161e krytky to \u0159e\u0161\u00ed p\u0159\u00edmo t\u00edm, \u017ee vytv\u00e1\u0159ej\u00ed pevnou bari\u00e9ru mezi pracovn\u00edky a ostr\u00fdmi kovov\u00fdmi konci. Kdy\u017e va\u0161e pos\u00e1dka uvid\u00ed spr\u00e1vn\u011b zakrytou v\u00fdztu\u017e, v\u00ed, \u017ee jim n\u011bkdo kryje z\u00e1da. Nejde jen o za\u0161krtnut\u00ed pol\u00ed\u010dek bezpe\u010dnostn\u00edch po\u017eadavk\u016f - jde o to, aby v\u0161ichni na konci dne ode\u0161li dom\u016f v bezpe\u010d\u00ed.<\/p>\n<p class=\"whitespace-pre-wrap break-words\">Zamyslete se nad t\u00edm, co to znamen\u00e1 pro \u010dasov\u00fd pl\u00e1n projektu. M\u00e9n\u011b nehod znamen\u00e1 m\u00e9n\u011b prostoj\u016f a plynulej\u0161\u00ed provoz. Zlep\u0161\u00ed se va\u0161e bezpe\u010dnostn\u00ed v\u00fdsledky, klesnou n\u00e1klady a produktivita z\u016fstane vysok\u00e1. Chyt\u0159\u00ed projektov\u00ed mana\u017ee\u0159i v\u011bd\u00ed, \u017ee investice do kvalitn\u00edho bezpe\u010dnostn\u00edho vybaven\u00ed se mnohon\u00e1sobn\u011b vyplat\u00ed.<\/p>\n\n<table id=\"tablepress-30\" class=\"tablepress tablepress-id-30\">\n<thead>\n<tr class=\"row-1\">\n\t<th class=\"column-1\">Produkt<\/th><th class=\"column-2\">POPIS<\/th><th class=\"column-3\">PART#<\/th><th class=\"column-4\">PCS\/CTN<\/th><th class=\"column-5\">HMOTNOST\/V\u0160ECHNY<\/th>\n<\/tr>\n<\/thead>\n<tbody class=\"row-striping row-hover\">\n<tr class=\"row-2\">\n\t<td class=\"column-1\"><img loading=\"lazy\" decoding=\"async\" src=\"http:\/\/qingdaohf.com\/wp-content\/uploads\/2023\/02\/CAP-2-1-300x300.jpg\" alt=\"Krytka OSHA\" width=\"300\" height=\"300\" class=\"alignnone size-medium wp-image-5529\" srcset=\"https:\/\/qingdaohf.com\/wp-content\/uploads\/2023\/02\/CAP-2-1-300x300.jpg 300w, https:\/\/qingdaohf.com\/wp-content\/uploads\/2023\/02\/CAP-2-1-150x150.jpg 150w, https:\/\/qingdaohf.com\/wp-content\/uploads\/2023\/02\/CAP-2-1-768x768.jpg 768w, https:\/\/qingdaohf.com\/wp-content\/uploads\/2023\/02\/CAP-2-1-500x500.jpg 500w, https:\/\/qingdaohf.com\/wp-content\/uploads\/2023\/02\/CAP-2-1-100x100.jpg 100w, https:\/\/qingdaohf.com\/wp-content\/uploads\/2023\/02\/CAP-2-1.jpg 1000w\" sizes=\"(max-width: 300px) 100vw, 300px\" \/><\/td><td class=\"column-2\">V\u00ed\u010dko v\u00fdztu\u017ee OSHA Do #8 bar\u016f<\/td><td class=\"column-3\">PC110<\/td><td class=\"column-4\">100<\/td><td class=\"column-5\">0.56<\/td>\n<\/tr>\n<tr class=\"row-3\">\n\t<td class=\"column-1\"><img loading=\"lazy\" decoding=\"async\" src=\"http:\/\/qingdaohf.com\/wp-content\/uploads\/2023\/02\/CAP-2-1-300x300.jpg\" alt=\"Krytka OSHA\" width=\"300\" height=\"300\" class=\"alignnone size-medium wp-image-5529\" srcset=\"https:\/\/qingdaohf.com\/wp-content\/uploads\/2023\/02\/CAP-2-1-300x300.jpg 300w, https:\/\/qingdaohf.com\/wp-content\/uploads\/2023\/02\/CAP-2-1-150x150.jpg 150w, https:\/\/qingdaohf.com\/wp-content\/uploads\/2023\/02\/CAP-2-1-768x768.jpg 768w, https:\/\/qingdaohf.com\/wp-content\/uploads\/2023\/02\/CAP-2-1-500x500.jpg 500w, https:\/\/qingdaohf.com\/wp-content\/uploads\/2023\/02\/CAP-2-1-100x100.jpg 100w, https:\/\/qingdaohf.com\/wp-content\/uploads\/2023\/02\/CAP-2-1.jpg 1000w\" sizes=\"(max-width: 300px) 100vw, 300px\" \/><\/td><td class=\"column-2\">V\u00ed\u010dko v\u00fdztu\u017ee OSHA #9 bar a v\u00edce<\/td><td class=\"column-3\">PC200<\/td><td class=\"column-4\">50<\/td><td class=\"column-5\">0.72<\/td>\n<\/tr>\n<tr class=\"row-4\">\n\t<td class=\"column-1\"><img loading=\"lazy\" decoding=\"async\" src=\"http:\/\/qingdaohf.com\/wp-content\/uploads\/2023\/02\/Mushroom-Rebar-Cap-7-300x300.jpg\" alt=\"H\u0159ibovit\u00fd uz\u00e1v\u011br v\u00fdztu\u017ee\" width=\"300\" height=\"300\" class=\"alignnone size-medium wp-image-3195\" srcset=\"https:\/\/qingdaohf.com\/wp-content\/uploads\/2023\/02\/Mushroom-Rebar-Cap-7-300x300.jpg 300w, https:\/\/qingdaohf.com\/wp-content\/uploads\/2023\/02\/Mushroom-Rebar-Cap-7-150x150.jpg 150w, https:\/\/qingdaohf.com\/wp-content\/uploads\/2023\/02\/Mushroom-Rebar-Cap-7-768x768.jpg 768w, https:\/\/qingdaohf.com\/wp-content\/uploads\/2023\/02\/Mushroom-Rebar-Cap-7-500x500.jpg 500w, https:\/\/qingdaohf.com\/wp-content\/uploads\/2023\/02\/Mushroom-Rebar-Cap-7-100x100.jpg 100w, https:\/\/qingdaohf.com\/wp-content\/uploads\/2023\/02\/Mushroom-Rebar-Cap-7.jpg 1000w\" sizes=\"(max-width: 300px) 100vw, 300px\" \/><\/td><td class=\"column-2\">Mal\u00fd uz\u00e1v\u011br v\u00fdztu\u017ee #3-#8<\/td><td class=\"column-3\">A10<\/td><td class=\"column-4\">100<\/td><td class=\"column-5\">7<\/td>\n<\/tr>\n<tr class=\"row-5\">\n\t<td class=\"column-1\"><img loading=\"lazy\" decoding=\"async\" src=\"http:\/\/qingdaohf.com\/wp-content\/uploads\/2023\/02\/Mushroom-Rebar-Cap-7-300x300.jpg\" alt=\"H\u0159ibovit\u00fd uz\u00e1v\u011br v\u00fdztu\u017ee\" width=\"300\" height=\"300\" class=\"alignnone size-medium wp-image-3195\" srcset=\"https:\/\/qingdaohf.com\/wp-content\/uploads\/2023\/02\/Mushroom-Rebar-Cap-7-300x300.jpg 300w, https:\/\/qingdaohf.com\/wp-content\/uploads\/2023\/02\/Mushroom-Rebar-Cap-7-150x150.jpg 150w, https:\/\/qingdaohf.com\/wp-content\/uploads\/2023\/02\/Mushroom-Rebar-Cap-7-768x768.jpg 768w, https:\/\/qingdaohf.com\/wp-content\/uploads\/2023\/02\/Mushroom-Rebar-Cap-7-500x500.jpg 500w, https:\/\/qingdaohf.com\/wp-content\/uploads\/2023\/02\/Mushroom-Rebar-Cap-7-100x100.jpg 100w, https:\/\/qingdaohf.com\/wp-content\/uploads\/2023\/02\/Mushroom-Rebar-Cap-7.jpg 1000w\" sizes=\"(max-width: 300px) 100vw, 300px\" \/><\/td><td class=\"column-2\">Velk\u00fd uz\u00e1v\u011br v\u00fdztu\u017ee #9-#18<\/td><td class=\"column-3\">A20<\/td><td class=\"column-4\">250<\/td><td class=\"column-5\">26<\/td>\n<\/tr>\n<\/tbody>\n<\/table>\n<!-- #tablepress-30 from cache -->\n<h3 class=\"text-xl font-bold text-text-200 mt-1 -mb-0.5\">In\u017een\u00fdrsk\u00e1 dokonalost a integrita materi\u00e1lu<\/h3>\n<p class=\"whitespace-pre-wrap break-words\">Tyto \u010depice jsme nedali dohromady jen tak, ale v\u011bnovali jsme se detail\u016fm. Sm\u011bs polymer\u016f, kterou pou\u017e\u00edv\u00e1me, nen\u00ed standardn\u00ed plast - je speci\u00e1ln\u011b vybr\u00e1na tak, aby zvl\u00e1dla v\u0161e, co v\u00e1s na staveni\u0161ti potk\u00e1, od spaluj\u00edc\u00edho horka a\u017e po mraziv\u00fd mr\u00e1z. Tyto \u010depice z\u016fst\u00e1vaj\u00ed na sv\u00e9m m\u00edst\u011b a jsou pevn\u00e9.<\/p>\n<p class=\"whitespace-pre-wrap break-words\">Ani \u010dtvercov\u00fd tvar nen\u00ed n\u00e1hodn\u00fd. Na\u0161i in\u017een\u00fd\u0159i str\u00e1vili nespo\u010det hodin zdokonalov\u00e1n\u00edm designu, tak\u017ee tyto krytky pevn\u011b dr\u017e\u00ed a nepohnou se, ani kdy\u017e se v\u0161e kolem nich t\u0159ese a h\u00fdbe. Jejich instalace je tak\u00e9 hra\u010dka - proto\u017ee to posledn\u00ed, co pot\u0159ebujete, je ztr\u00e1cet \u010das z\u00e1pasen\u00edm s bezpe\u010dnostn\u00edm vybaven\u00edm.<\/p>\n<div class=\"ast-oembed-container\" style=\"height: 100%;\"><iframe title=\"Zkou\u0161ka kvality uz\u00e1v\u011bru v\u00fdztu\u017ee\" width=\"500\" height=\"281\" src=\"https:\/\/www.youtube.com\/embed\/XM52zOtdu4w?feature=oembed\" frameborder=\"0\" allow=\"accelerometer; autoplay; clipboard-write; encrypted-media; gyroscope; picture-in-picture; web-share\" referrerpolicy=\"strict-origin-when-cross-origin\" allowfullscreen><\/iframe><\/div>","protected":false},"excerpt":{"rendered":"<p>Krytky OSHA jsou vynikaj\u00edc\u00edm bezpe\u010dnostn\u00edm v\u00fdrobkem, kter\u00fd se nasazuje na obna\u017een\u00e9 konce v\u00fdztu\u017ee a v\u00fdrazn\u011b sni\u017euje nebezpe\u010d\u00ed na staveni\u0161ti. Maj\u00ed \u010dtvercov\u00fd tvar a spl\u0148uj\u00ed p\u0159\u00edsn\u00e9 pr\u016fmyslov\u00e9 specifikace, nab\u00edzej\u00ed shodu s bezpe\u010dnostn\u00edmi p\u0159edpisy a z\u00e1rove\u0148 jsou mimo\u0159\u00e1dn\u011b odoln\u00e9. H\u0159ibov\u00e9 krytky v\u00fdztu\u017ee maj\u00ed kulat\u00fd tvar a nach\u00e1zej\u00ed uplatn\u011bn\u00ed ve speci\u00e1ln\u00edch aplikac\u00edch. Jako spolehliv\u00e1 obchodn\u00ed spole\u010dnost jsme hrd\u00ed na to, \u017ee nab\u00edz\u00edme individu\u00e1ln\u00ed z\u00e1kaznick\u00fd servis, rychl\u00e9 dod\u00e1n\u00ed a komplexn\u00ed zpr\u00e1vy o kontrole kvality. Ch\u00e1peme, \u017ee kupuj\u00edc\u00ed oce\u0148uj\u00ed trvanlivost, snadnou instalaci a shodu s p\u0159edpisy - na\u0161e v\u00fdrobky jsou vyrobeny s ohledem na tyto z\u00e1kladn\u00ed aspekty a poskytuj\u00ed zv\u00fd\u0161enou bezpe\u010dnost, spolehlivost a v\u00fdkonnost p\u0159i ka\u017ed\u00e9m projektu.<\/p>","protected":false},"featured_media":5529,"comment_status":"open","ping_status":"closed","template":"","meta":{"site-sidebar-layout":"default","site-content-layout":"","ast-site-content-layout":"default","site-content-style":"default","site-sidebar-style":"default","ast-global-header-display":"","ast-banner-title-visibility":"","ast-main-header-display":"","ast-hfb-above-header-display":"","ast-hfb-below-header-display":"","ast-hfb-mobile-header-display":"","site-post-title":"","ast-breadcrumbs-content":"","ast-featured-img":"","footer-sml-layout":"","theme-transparent-header-meta":"default","adv-header-id-meta":"","stick-header-meta":"default","header-above-stick-meta":"","header-main-stick-meta":"","header-below-stick-meta":"","astra-migrate-meta-layouts":"set","ast-page-background-enabled":"default","ast-page-background-meta":{"desktop":{"background-color":"","background-image":"","background-repeat":"repeat","background-position":"center center","background-size":"auto","background-attachment":"scroll","background-type":"","background-media":"","overlay-type":"","overlay-color":"","overlay-opacity":"","overlay-gradient":""},"tablet":{"background-color":"","background-image":"","background-repeat":"repeat","background-position":"center center","background-size":"auto","background-attachment":"scroll","background-type":"","background-media":"","overlay-type":"","overlay-color":"","overlay-opacity":"","overlay-gradient":""},"mobile":{"background-color":"","background-image":"","background-repeat":"repeat","background-position":"center center","background-size":"auto","background-attachment":"scroll","background-type":"","background-media":"","overlay-type":"","overlay-color":"","overlay-opacity":"","overlay-gradient":""}},"ast-content-background-meta":{"desktop":{"background-color":"var(--ast-global-color-5)","background-image":"","background-repeat":"repeat","background-position":"center center","background-size":"auto","background-attachment":"scroll","background-type":"","background-media":"","overlay-type":"","overlay-color":"","overlay-opacity":"","overlay-gradient":""},"tablet":{"background-color":"var(--ast-global-color-5)","background-image":"","background-repeat":"repeat","background-position":"center center","background-size":"auto","background-attachment":"scroll","background-type":"","background-media":"","overlay-type":"","overlay-color":"","overlay-opacity":"","overlay-gradient":""},"mobile":{"background-color":"var(--ast-global-color-5)","background-image":"","background-repeat":"repeat","background-position":"center center","background-size":"auto","background-attachment":"scroll","background-type":"","background-media":"","overlay-type":"","overlay-color":"","overlay-opacity":"","overlay-gradient":""}}},"product_brand":[],"product_cat":[35],"product_tag":[],"class_list":{"0":"post-8903","1":"product","2":"type-product","3":"status-publish","4":"has-post-thumbnail","6":"product_cat-concrete-rebar-support","7":"desktop-align-left","8":"tablet-align-left","9":"mobile-align-left","10":"ast-product-gallery-layout-horizontal-slider","11":"ast-product-tabs-layout-horizontal","13":"first","14":"instock","15":"shipping-taxable","16":"purchasable","17":"product-type-simple"},"yoast_head":"<!-- This site is optimized with the Yoast SEO plugin v25.2 - https:\/\/yoast.com\/wordpress\/plugins\/seo\/ -->\n<title>Rebar OSHA Caps<\/title>\n<meta name=\"description\" content=\"OSHA Caps are a superior safety product that slips over exposed rebar ends and significantly reduces on-site hazards.\" \/>\n<meta name=\"robots\" content=\"index, follow, max-snippet:-1, max-image-preview:large, max-video-preview:-1\" \/>\n<link rel=\"canonical\" href=\"https:\/\/qingdaohf.com\/cs\/produkt\/vicka-armatury-osha\/\" \/>\n<meta property=\"og:locale\" content=\"cs_CZ\" \/>\n<meta property=\"og:type\" content=\"article\" \/>\n<meta property=\"og:title\" content=\"Rebar OSHA Caps\" \/>\n<meta property=\"og:description\" content=\"OSHA Caps are a superior safety product that slips over exposed rebar ends and significantly reduces on-site hazards.\" \/>\n<meta property=\"og:url\" content=\"https:\/\/qingdaohf.com\/cs\/produkt\/vicka-armatury-osha\/\" \/>\n<meta property=\"og:site_name\" content=\"Concrete Form &amp; Rigging Hardware Supplier\" \/>\n<meta property=\"article:publisher\" content=\"https:\/\/www.facebook.com\/qingdaohf\" \/>\n<meta property=\"article:modified_time\" content=\"2025-11-13T01:02:19+00:00\" \/>\n<meta property=\"og:image\" content=\"https:\/\/qingdaohf.com\/wp-content\/uploads\/2023\/02\/CAP-2-1.jpg\" \/>\n\t<meta property=\"og:image:width\" content=\"1000\" \/>\n\t<meta property=\"og:image:height\" content=\"1000\" \/>\n\t<meta property=\"og:image:type\" content=\"image\/jpeg\" \/>\n<meta name=\"twitter:card\" content=\"summary_large_image\" \/>\n<meta name=\"twitter:label1\" content=\"Odhadovan\u00e1 doba \u010dten\u00ed\" \/>\n\t<meta name=\"twitter:data1\" content=\"3 minuty\" \/>\n<script type=\"application\/ld+json\" class=\"yoast-schema-graph\">{\"@context\":\"https:\/\/schema.org\",\"@graph\":[{\"@type\":\"WebPage\",\"@id\":\"https:\/\/qingdaohf.com\/product\/rebar-osha-caps\/\",\"url\":\"https:\/\/qingdaohf.com\/product\/rebar-osha-caps\/\",\"name\":\"Rebar OSHA Caps\",\"isPartOf\":{\"@id\":\"https:\/\/qingdaohf.com\/bg\/#website\"},\"primaryImageOfPage\":{\"@id\":\"https:\/\/qingdaohf.com\/product\/rebar-osha-caps\/#primaryimage\"},\"image\":{\"@id\":\"https:\/\/qingdaohf.com\/product\/rebar-osha-caps\/#primaryimage\"},\"thumbnailUrl\":\"https:\/\/qingdaohf.com\/wp-content\/uploads\/2023\/02\/CAP-2-1.jpg\",\"datePublished\":\"2025-02-08T03:51:31+00:00\",\"dateModified\":\"2025-11-13T01:02:19+00:00\",\"description\":\"OSHA Caps are a superior safety product that slips over exposed rebar ends and significantly reduces on-site hazards.\",\"breadcrumb\":{\"@id\":\"https:\/\/qingdaohf.com\/product\/rebar-osha-caps\/#breadcrumb\"},\"inLanguage\":\"cs\",\"potentialAction\":[{\"@type\":\"ReadAction\",\"target\":[\"https:\/\/qingdaohf.com\/product\/rebar-osha-caps\/\"]}]},{\"@type\":\"ImageObject\",\"inLanguage\":\"cs\",\"@id\":\"https:\/\/qingdaohf.com\/product\/rebar-osha-caps\/#primaryimage\",\"url\":\"https:\/\/qingdaohf.com\/wp-content\/uploads\/2023\/02\/CAP-2-1.jpg\",\"contentUrl\":\"https:\/\/qingdaohf.com\/wp-content\/uploads\/2023\/02\/CAP-2-1.jpg\",\"width\":1000,\"height\":1000,\"caption\":\"OSHA Cap\"},{\"@type\":\"BreadcrumbList\",\"@id\":\"https:\/\/qingdaohf.com\/product\/rebar-osha-caps\/#breadcrumb\",\"itemListElement\":[{\"@type\":\"ListItem\",\"position\":1,\"name\":\"Home\",\"item\":\"https:\/\/qingdaohf.com\/\"},{\"@type\":\"ListItem\",\"position\":2,\"name\":\"Concrete Forming Accessories and Rigging Hardware\",\"item\":\"https:\/\/qingdaohf.com\/bg\/?page_id=944\"},{\"@type\":\"ListItem\",\"position\":3,\"name\":\"Rebar OSHA Caps\"}]},{\"@type\":\"WebSite\",\"@id\":\"https:\/\/qingdaohf.com\/bg\/#website\",\"url\":\"https:\/\/qingdaohf.com\/bg\/\",\"name\":\"Concrete Form & Rigging Hardware Supplier\",\"description\":\"\",\"publisher\":{\"@id\":\"https:\/\/qingdaohf.com\/bg\/#organization\"},\"potentialAction\":[{\"@type\":\"SearchAction\",\"target\":{\"@type\":\"EntryPoint\",\"urlTemplate\":\"https:\/\/qingdaohf.com\/bg\/?s={search_term_string}\"},\"query-input\":{\"@type\":\"PropertyValueSpecification\",\"valueRequired\":true,\"valueName\":\"search_term_string\"}}],\"inLanguage\":\"cs\"},{\"@type\":\"Organization\",\"@id\":\"https:\/\/qingdaohf.com\/bg\/#organization\",\"name\":\"Qingdao H&F\",\"url\":\"https:\/\/qingdaohf.com\/bg\/\",\"logo\":{\"@type\":\"ImageObject\",\"inLanguage\":\"cs\",\"@id\":\"https:\/\/qingdaohf.com\/bg\/#\/schema\/logo\/image\/\",\"url\":\"https:\/\/qingdaohf.com\/wp-content\/uploads\/2022\/12\/cropped-HF-LOGO.png\",\"contentUrl\":\"https:\/\/qingdaohf.com\/wp-content\/uploads\/2022\/12\/cropped-HF-LOGO.png\",\"width\":391,\"height\":249,\"caption\":\"Qingdao H&F\"},\"image\":{\"@id\":\"https:\/\/qingdaohf.com\/bg\/#\/schema\/logo\/image\/\"},\"sameAs\":[\"https:\/\/www.facebook.com\/qingdaohf\"]}]}<\/script>\n<!-- \/ Yoast SEO plugin. -->","yoast_head_json":{"title":"Rebar OSHA Caps","description":"OSHA Caps are a superior safety product that slips over exposed rebar ends and significantly reduces on-site hazards.","robots":{"index":"index","follow":"follow","max-snippet":"max-snippet:-1","max-image-preview":"max-image-preview:large","max-video-preview":"max-video-preview:-1"},"canonical":"https:\/\/qingdaohf.com\/cs\/produkt\/vicka-armatury-osha\/","og_locale":"cs_CZ","og_type":"article","og_title":"Rebar OSHA Caps","og_description":"OSHA Caps are a superior safety product that slips over exposed rebar ends and significantly reduces on-site hazards.","og_url":"https:\/\/qingdaohf.com\/cs\/produkt\/vicka-armatury-osha\/","og_site_name":"Concrete Form &amp; Rigging Hardware Supplier","article_publisher":"https:\/\/www.facebook.com\/qingdaohf","article_modified_time":"2025-11-13T01:02:19+00:00","og_image":[{"width":1000,"height":1000,"url":"https:\/\/qingdaohf.com\/wp-content\/uploads\/2023\/02\/CAP-2-1.jpg","type":"image\/jpeg"}],"twitter_card":"summary_large_image","twitter_misc":{"Odhadovan\u00e1 doba \u010dten\u00ed":"3 minuty"},"schema":{"@context":"https:\/\/schema.org","@graph":[{"@type":"WebPage","@id":"https:\/\/qingdaohf.com\/product\/rebar-osha-caps\/","url":"https:\/\/qingdaohf.com\/product\/rebar-osha-caps\/","name":"Rebar OSHA Caps","isPartOf":{"@id":"https:\/\/qingdaohf.com\/bg\/#website"},"primaryImageOfPage":{"@id":"https:\/\/qingdaohf.com\/product\/rebar-osha-caps\/#primaryimage"},"image":{"@id":"https:\/\/qingdaohf.com\/product\/rebar-osha-caps\/#primaryimage"},"thumbnailUrl":"https:\/\/qingdaohf.com\/wp-content\/uploads\/2023\/02\/CAP-2-1.jpg","datePublished":"2025-02-08T03:51:31+00:00","dateModified":"2025-11-13T01:02:19+00:00","description":"OSHA Caps are a superior safety product that slips over exposed rebar ends and significantly reduces on-site hazards.","breadcrumb":{"@id":"https:\/\/qingdaohf.com\/product\/rebar-osha-caps\/#breadcrumb"},"inLanguage":"cs","potentialAction":[{"@type":"ReadAction","target":["https:\/\/qingdaohf.com\/product\/rebar-osha-caps\/"]}]},{"@type":"ImageObject","inLanguage":"cs","@id":"https:\/\/qingdaohf.com\/product\/rebar-osha-caps\/#primaryimage","url":"https:\/\/qingdaohf.com\/wp-content\/uploads\/2023\/02\/CAP-2-1.jpg","contentUrl":"https:\/\/qingdaohf.com\/wp-content\/uploads\/2023\/02\/CAP-2-1.jpg","width":1000,"height":1000,"caption":"OSHA Cap"},{"@type":"BreadcrumbList","@id":"https:\/\/qingdaohf.com\/product\/rebar-osha-caps\/#breadcrumb","itemListElement":[{"@type":"ListItem","position":1,"name":"Home","item":"https:\/\/qingdaohf.com\/"},{"@type":"ListItem","position":2,"name":"Concrete Forming Accessories and Rigging Hardware","item":"https:\/\/qingdaohf.com\/bg\/?page_id=944"},{"@type":"ListItem","position":3,"name":"Rebar OSHA Caps"}]},{"@type":"WebSite","@id":"https:\/\/qingdaohf.com\/bg\/#website","url":"https:\/\/qingdaohf.com\/bg\/","name":"Concrete Form & Rigging Hardware Supplier","description":"","publisher":{"@id":"https:\/\/qingdaohf.com\/bg\/#organization"},"potentialAction":[{"@type":"SearchAction","target":{"@type":"EntryPoint","urlTemplate":"https:\/\/qingdaohf.com\/bg\/?s={search_term_string}"},"query-input":{"@type":"PropertyValueSpecification","valueRequired":true,"valueName":"search_term_string"}}],"inLanguage":"cs"},{"@type":"Organization","@id":"https:\/\/qingdaohf.com\/bg\/#organization","name":"Qingdao H&F","url":"https:\/\/qingdaohf.com\/bg\/","logo":{"@type":"ImageObject","inLanguage":"cs","@id":"https:\/\/qingdaohf.com\/bg\/#\/schema\/logo\/image\/","url":"https:\/\/qingdaohf.com\/wp-content\/uploads\/2022\/12\/cropped-HF-LOGO.png","contentUrl":"https:\/\/qingdaohf.com\/wp-content\/uploads\/2022\/12\/cropped-HF-LOGO.png","width":391,"height":249,"caption":"Qingdao H&F"},"image":{"@id":"https:\/\/qingdaohf.com\/bg\/#\/schema\/logo\/image\/"},"sameAs":["https:\/\/www.facebook.com\/qingdaohf"]}]}},"_links":{"self":[{"href":"https:\/\/qingdaohf.com\/cs\/wp-json\/wp\/v2\/product\/8903","targetHints":{"allow":["GET"]}}],"collection":[{"href":"https:\/\/qingdaohf.com\/cs\/wp-json\/wp\/v2\/product"}],"about":[{"href":"https:\/\/qingdaohf.com\/cs\/wp-json\/wp\/v2\/types\/product"}],"replies":[{"embeddable":true,"href":"https:\/\/qingdaohf.com\/cs\/wp-json\/wp\/v2\/comments?post=8903"}],"version-history":[{"count":3,"href":"https:\/\/qingdaohf.com\/cs\/wp-json\/wp\/v2\/product\/8903\/revisions"}],"predecessor-version":[{"id":8911,"href":"https:\/\/qingdaohf.com\/cs\/wp-json\/wp\/v2\/product\/8903\/revisions\/8911"}],"wp:featuredmedia":[{"embeddable":true,"href":"https:\/\/qingdaohf.com\/cs\/wp-json\/wp\/v2\/media\/5529"}],"wp:attachment":[{"href":"https:\/\/qingdaohf.com\/cs\/wp-json\/wp\/v2\/media?parent=8903"}],"wp:term":[{"taxonomy":"product_brand","embeddable":true,"href":"https:\/\/qingdaohf.com\/cs\/wp-json\/wp\/v2\/product_brand?post=8903"},{"taxonomy":"product_cat","embeddable":true,"href":"https:\/\/qingdaohf.com\/cs\/wp-json\/wp\/v2\/product_cat?post=8903"},{"taxonomy":"product_tag","embeddable":true,"href":"https:\/\/qingdaohf.com\/cs\/wp-json\/wp\/v2\/product_tag?post=8903"}],"curies":[{"name":"wp","href":"https:\/\/api.w.org\/{rel}","templated":true}]}}