{"id":1634,"date":"2023-01-11T15:47:11","date_gmt":"2023-01-11T07:47:11","guid":{"rendered":"http:\/\/qingdaohf.com\/?post_type=product&#038;p=1634"},"modified":"2025-11-13T09:06:58","modified_gmt":"2025-11-13T01:06:58","slug":"expanded-coil-ferrule-insert","status":"publish","type":"product","link":"https:\/\/qingdaohf.com\/da\/vare\/ekspanderet-spolehylseindsats\/","title":{"rendered":"Indsats til ekspanderet spole"},"content":{"rendered":"<p>Expanded Coil Ferrule Insert er en type betonbeslag, der bruges i byggeriet til at skabe et sikkert og p\u00e5lideligt ankerpunkt for forskellige typer udstyr, inventar og beslag. Den best\u00e5r af en spiraltr\u00e5d, der indst\u00f8bes i betonkonstruktionen under st\u00f8beprocessen, hvilket skaber et st\u00e6rkt og holdbart ankerpunkt, der kan modst\u00e5 tunge belastninger og ekstreme forhold.<\/p>\n<p>Expanded Coil Ferrule Insert er typisk fremstillet af korrosionsbestandigt h\u00f8jstyrkest\u00e5l eller rustfrit st\u00e5l og er designet til at give maksimal styrke og holdbarhed. Den bruges ofte i applikationer som betonforme, vippev\u00e6gge, pr\u00e6fabrikerede paneler, brod\u00e6k og andre strukturelle komponenter.<\/p>\n<p>En af de vigtigste fordele ved Expanded Coil Ferrule Insert er dens unikke design, som g\u00f8r det muligt for den at udvide sig og gribe fat i den omgivende beton, n\u00e5r den installeres. Det skaber et sikkert og p\u00e5lideligt ankerpunkt, der er mindre tilb\u00f8jeligt til at tr\u00e6kke sig ud eller svigte under tunge belastninger. Desuden g\u00f8r det lave design det til et ideelt valg, hvor der er begr\u00e6nset plads.<\/p>\n<div class=\"ast-oembed-container\" style=\"height: 100%;\"><iframe title=\"\u00d8vre pladebolt, sp\u00e6ndeb\u00e5nd til betonform, Jahn A-beslag, Waler-beslag i \u00e9t stykke, ferrule-indsatser\" width=\"500\" height=\"281\" src=\"https:\/\/www.youtube.com\/embed\/5dO-Mhkmne0?feature=oembed\" frameborder=\"0\" allow=\"accelerometer; autoplay; clipboard-write; encrypted-media; gyroscope; picture-in-picture; web-share\" referrerpolicy=\"strict-origin-when-cross-origin\" allowfullscreen><\/iframe><\/div>\n<p>&nbsp;<\/p>\n<p><img fetchpriority=\"high\" decoding=\"async\" class=\"alignnone size-full wp-image-2734\" src=\"http:\/\/qingdaohf.com\/wp-content\/uploads\/2023\/01\/Expanded-Coil-Ferrule-Insert-8-1.jpg\" alt=\"Indsats til ekspanderet spole\" width=\"1200\" height=\"424\" srcset=\"https:\/\/qingdaohf.com\/wp-content\/uploads\/2023\/01\/Expanded-Coil-Ferrule-Insert-8-1.jpg 1200w, https:\/\/qingdaohf.com\/wp-content\/uploads\/2023\/01\/Expanded-Coil-Ferrule-Insert-8-1-1000x353.jpg 1000w, https:\/\/qingdaohf.com\/wp-content\/uploads\/2023\/01\/Expanded-Coil-Ferrule-Insert-8-1-300x106.jpg 300w, https:\/\/qingdaohf.com\/wp-content\/uploads\/2023\/01\/Expanded-Coil-Ferrule-Insert-8-1-1024x362.jpg 1024w, https:\/\/qingdaohf.com\/wp-content\/uploads\/2023\/01\/Expanded-Coil-Ferrule-Insert-8-1-768x271.jpg 768w\" sizes=\"(max-width: 1200px) 100vw, 1200px\" \/> <img decoding=\"async\" class=\"alignnone size-full wp-image-2735\" src=\"http:\/\/qingdaohf.com\/wp-content\/uploads\/2023\/01\/Expanded-Coil-Ferrule-Insert-9.jpg\" alt=\"Indsats til ekspanderet spole\" width=\"1200\" height=\"516\" srcset=\"https:\/\/qingdaohf.com\/wp-content\/uploads\/2023\/01\/Expanded-Coil-Ferrule-Insert-9.jpg 1200w, https:\/\/qingdaohf.com\/wp-content\/uploads\/2023\/01\/Expanded-Coil-Ferrule-Insert-9-1000x430.jpg 1000w, https:\/\/qingdaohf.com\/wp-content\/uploads\/2023\/01\/Expanded-Coil-Ferrule-Insert-9-300x129.jpg 300w, https:\/\/qingdaohf.com\/wp-content\/uploads\/2023\/01\/Expanded-Coil-Ferrule-Insert-9-1024x440.jpg 1024w, https:\/\/qingdaohf.com\/wp-content\/uploads\/2023\/01\/Expanded-Coil-Ferrule-Insert-9-768x330.jpg 768w\" sizes=\"(max-width: 1200px) 100vw, 1200px\" \/> <img decoding=\"async\" class=\"alignnone size-full wp-image-2736\" src=\"http:\/\/qingdaohf.com\/wp-content\/uploads\/2023\/01\/Expanded-Coil-Ferrule-Insert-7-1.jpg\" alt=\"Indsats til ekspanderet spole\" width=\"1200\" height=\"372\" srcset=\"https:\/\/qingdaohf.com\/wp-content\/uploads\/2023\/01\/Expanded-Coil-Ferrule-Insert-7-1.jpg 1200w, https:\/\/qingdaohf.com\/wp-content\/uploads\/2023\/01\/Expanded-Coil-Ferrule-Insert-7-1-1000x310.jpg 1000w, https:\/\/qingdaohf.com\/wp-content\/uploads\/2023\/01\/Expanded-Coil-Ferrule-Insert-7-1-300x93.jpg 300w, https:\/\/qingdaohf.com\/wp-content\/uploads\/2023\/01\/Expanded-Coil-Ferrule-Insert-7-1-1024x317.jpg 1024w, https:\/\/qingdaohf.com\/wp-content\/uploads\/2023\/01\/Expanded-Coil-Ferrule-Insert-7-1-768x238.jpg 768w\" sizes=\"(max-width: 1200px) 100vw, 1200px\" \/><\/p>\n<p>&nbsp;<\/p>\n<p>&nbsp;<\/p>","protected":false},"excerpt":{"rendered":"<p>En Expanded Coil Ferrule Insert er en type fitting, der bruges i r\u00f8rsystemer, og som hj\u00e6lper med at forbinde to r\u00f8r med hinanden. Den best\u00e5r af et lille, konisk metalr\u00f8r med en r\u00e6kke spiraler eller riller p\u00e5 ydersiden. Spolerne g\u00f8r det muligt for indsatsen at gribe sikkert fat i r\u00f8rets inderside og skabe en t\u00e6t forsegling.<\/p>","protected":false},"featured_media":2737,"comment_status":"open","ping_status":"closed","template":"","meta":{"site-sidebar-layout":"default","site-content-layout":"default","ast-site-content-layout":"","site-content-style":"default","site-sidebar-style":"default","ast-global-header-display":"","ast-banner-title-visibility":"","ast-main-header-display":"","ast-hfb-above-header-display":"","ast-hfb-below-header-display":"","ast-hfb-mobile-header-display":"","site-post-title":"","ast-breadcrumbs-content":"","ast-featured-img":"","footer-sml-layout":"","theme-transparent-header-meta":"default","adv-header-id-meta":"","stick-header-meta":"default","header-above-stick-meta":"","header-main-stick-meta":"","header-below-stick-meta":"","astra-migrate-meta-layouts":"default","ast-page-background-enabled":"default","ast-page-background-meta":{"desktop":{"background-color":"","background-image":"","background-repeat":"repeat","background-position":"center center","background-size":"auto","background-attachment":"scroll","background-type":"","background-media":"","overlay-type":"","overlay-color":"","overlay-opacity":"","overlay-gradient":""},"tablet":{"background-color":"","background-image":"","background-repeat":"repeat","background-position":"center center","background-size":"auto","background-attachment":"scroll","background-type":"","background-media":"","overlay-type":"","overlay-color":"","overlay-opacity":"","overlay-gradient":""},"mobile":{"background-color":"","background-image":"","background-repeat":"repeat","background-position":"center center","background-size":"auto","background-attachment":"scroll","background-type":"","background-media":"","overlay-type":"","overlay-color":"","overlay-opacity":"","overlay-gradient":""}},"ast-content-background-meta":{"desktop":{"background-color":"var(--ast-global-color-5)","background-image":"","background-repeat":"repeat","background-position":"center center","background-size":"auto","background-attachment":"scroll","background-type":"","background-media":"","overlay-type":"","overlay-color":"","overlay-opacity":"","overlay-gradient":""},"tablet":{"background-color":"var(--ast-global-color-5)","background-image":"","background-repeat":"repeat","background-position":"center center","background-size":"auto","background-attachment":"scroll","background-type":"","background-media":"","overlay-type":"","overlay-color":"","overlay-opacity":"","overlay-gradient":""},"mobile":{"background-color":"var(--ast-global-color-5)","background-image":"","background-repeat":"repeat","background-position":"center center","background-size":"auto","background-attachment":"scroll","background-type":"","background-media":"","overlay-type":"","overlay-color":"","overlay-opacity":"","overlay-gradient":""}}},"product_brand":[],"product_cat":[28],"product_tag":[],"class_list":{"0":"post-1634","1":"product","2":"type-product","3":"status-publish","4":"has-post-thumbnail","6":"product_cat-concrete-forming","7":"desktop-align-left","8":"tablet-align-left","9":"mobile-align-left","10":"ast-product-gallery-layout-horizontal-slider","11":"ast-product-tabs-layout-horizontal","13":"first","14":"instock","15":"shipping-taxable","16":"purchasable","17":"product-type-simple"},"yoast_head":"<!-- This site is optimized with the Yoast SEO plugin v25.2 - https:\/\/yoast.com\/wordpress\/plugins\/seo\/ -->\n<title>Expanded Coil Ferrule Insert<\/title>\n<meta name=\"description\" content=\"The Expanded Coil Ferrule Insert is a high-strength, highly versatile insert available for numerous precast applications.\" \/>\n<meta name=\"robots\" content=\"index, follow, max-snippet:-1, max-image-preview:large, max-video-preview:-1\" \/>\n<link rel=\"canonical\" href=\"https:\/\/qingdaohf.com\/da\/vare\/ekspanderet-spolehylseindsats\/\" \/>\n<meta property=\"og:locale\" content=\"da_DK\" \/>\n<meta property=\"og:type\" content=\"article\" \/>\n<meta property=\"og:title\" content=\"Expanded Coil Ferrule Insert\" \/>\n<meta property=\"og:description\" content=\"The Expanded Coil Ferrule Insert is a high-strength, highly versatile insert available for numerous precast applications.\" \/>\n<meta property=\"og:url\" content=\"https:\/\/qingdaohf.com\/da\/vare\/ekspanderet-spolehylseindsats\/\" \/>\n<meta property=\"og:site_name\" content=\"Concrete Form &amp; Rigging Hardware Supplier\" \/>\n<meta property=\"article:publisher\" content=\"https:\/\/www.facebook.com\/qingdaohf\" \/>\n<meta property=\"article:modified_time\" content=\"2025-11-13T01:06:58+00:00\" \/>\n<meta property=\"og:image\" content=\"https:\/\/qingdaohf.com\/wp-content\/uploads\/2023\/01\/Expanded-Coil-Ferrule-Insert-10.jpg\" \/>\n\t<meta property=\"og:image:width\" content=\"1000\" \/>\n\t<meta property=\"og:image:height\" content=\"1000\" \/>\n\t<meta property=\"og:image:type\" content=\"image\/jpeg\" \/>\n<meta name=\"twitter:card\" content=\"summary_large_image\" \/>\n<meta name=\"twitter:label1\" content=\"Estimeret l\u00e6setid\" \/>\n\t<meta name=\"twitter:data1\" content=\"1 minut\" \/>\n<script type=\"application\/ld+json\" class=\"yoast-schema-graph\">{\"@context\":\"https:\/\/schema.org\",\"@graph\":[{\"@type\":\"WebPage\",\"@id\":\"https:\/\/qingdaohf.com\/product\/expanded-coil-ferrule-insert\/\",\"url\":\"https:\/\/qingdaohf.com\/product\/expanded-coil-ferrule-insert\/\",\"name\":\"Expanded Coil Ferrule Insert\",\"isPartOf\":{\"@id\":\"https:\/\/qingdaohf.com\/bg\/#website\"},\"primaryImageOfPage\":{\"@id\":\"https:\/\/qingdaohf.com\/product\/expanded-coil-ferrule-insert\/#primaryimage\"},\"image\":{\"@id\":\"https:\/\/qingdaohf.com\/product\/expanded-coil-ferrule-insert\/#primaryimage\"},\"thumbnailUrl\":\"https:\/\/qingdaohf.com\/wp-content\/uploads\/2023\/01\/Expanded-Coil-Ferrule-Insert-10.jpg\",\"datePublished\":\"2023-01-11T07:47:11+00:00\",\"dateModified\":\"2025-11-13T01:06:58+00:00\",\"description\":\"The Expanded Coil Ferrule Insert is a high-strength, highly versatile insert available for numerous precast applications.\",\"breadcrumb\":{\"@id\":\"https:\/\/qingdaohf.com\/product\/expanded-coil-ferrule-insert\/#breadcrumb\"},\"inLanguage\":\"da-DK\",\"potentialAction\":[{\"@type\":\"ReadAction\",\"target\":[\"https:\/\/qingdaohf.com\/product\/expanded-coil-ferrule-insert\/\"]}]},{\"@type\":\"ImageObject\",\"inLanguage\":\"da-DK\",\"@id\":\"https:\/\/qingdaohf.com\/product\/expanded-coil-ferrule-insert\/#primaryimage\",\"url\":\"https:\/\/qingdaohf.com\/wp-content\/uploads\/2023\/01\/Expanded-Coil-Ferrule-Insert-10.jpg\",\"contentUrl\":\"https:\/\/qingdaohf.com\/wp-content\/uploads\/2023\/01\/Expanded-Coil-Ferrule-Insert-10.jpg\",\"width\":1000,\"height\":1000,\"caption\":\"Expanded Coil Ferrule Insert\"},{\"@type\":\"BreadcrumbList\",\"@id\":\"https:\/\/qingdaohf.com\/product\/expanded-coil-ferrule-insert\/#breadcrumb\",\"itemListElement\":[{\"@type\":\"ListItem\",\"position\":1,\"name\":\"Home\",\"item\":\"https:\/\/qingdaohf.com\/\"},{\"@type\":\"ListItem\",\"position\":2,\"name\":\"Concrete Forming Accessories and Rigging Hardware\",\"item\":\"https:\/\/qingdaohf.com\/bg\/?page_id=944\"},{\"@type\":\"ListItem\",\"position\":3,\"name\":\"Expanded Coil Ferrule Insert\"}]},{\"@type\":\"WebSite\",\"@id\":\"https:\/\/qingdaohf.com\/bg\/#website\",\"url\":\"https:\/\/qingdaohf.com\/bg\/\",\"name\":\"Concrete Form & Rigging Hardware Supplier\",\"description\":\"\",\"publisher\":{\"@id\":\"https:\/\/qingdaohf.com\/bg\/#organization\"},\"potentialAction\":[{\"@type\":\"SearchAction\",\"target\":{\"@type\":\"EntryPoint\",\"urlTemplate\":\"https:\/\/qingdaohf.com\/bg\/?s={search_term_string}\"},\"query-input\":{\"@type\":\"PropertyValueSpecification\",\"valueRequired\":true,\"valueName\":\"search_term_string\"}}],\"inLanguage\":\"da-DK\"},{\"@type\":\"Organization\",\"@id\":\"https:\/\/qingdaohf.com\/bg\/#organization\",\"name\":\"Qingdao H&F\",\"url\":\"https:\/\/qingdaohf.com\/bg\/\",\"logo\":{\"@type\":\"ImageObject\",\"inLanguage\":\"da-DK\",\"@id\":\"https:\/\/qingdaohf.com\/bg\/#\/schema\/logo\/image\/\",\"url\":\"https:\/\/qingdaohf.com\/wp-content\/uploads\/2022\/12\/cropped-HF-LOGO.png\",\"contentUrl\":\"https:\/\/qingdaohf.com\/wp-content\/uploads\/2022\/12\/cropped-HF-LOGO.png\",\"width\":391,\"height\":249,\"caption\":\"Qingdao H&F\"},\"image\":{\"@id\":\"https:\/\/qingdaohf.com\/bg\/#\/schema\/logo\/image\/\"},\"sameAs\":[\"https:\/\/www.facebook.com\/qingdaohf\"]}]}<\/script>\n<!-- \/ Yoast SEO plugin. -->","yoast_head_json":{"title":"Expanded Coil Ferrule Insert","description":"The Expanded Coil Ferrule Insert is a high-strength, highly versatile insert available for numerous precast applications.","robots":{"index":"index","follow":"follow","max-snippet":"max-snippet:-1","max-image-preview":"max-image-preview:large","max-video-preview":"max-video-preview:-1"},"canonical":"https:\/\/qingdaohf.com\/da\/vare\/ekspanderet-spolehylseindsats\/","og_locale":"da_DK","og_type":"article","og_title":"Expanded Coil Ferrule Insert","og_description":"The Expanded Coil Ferrule Insert is a high-strength, highly versatile insert available for numerous precast applications.","og_url":"https:\/\/qingdaohf.com\/da\/vare\/ekspanderet-spolehylseindsats\/","og_site_name":"Concrete Form &amp; Rigging Hardware Supplier","article_publisher":"https:\/\/www.facebook.com\/qingdaohf","article_modified_time":"2025-11-13T01:06:58+00:00","og_image":[{"width":1000,"height":1000,"url":"https:\/\/qingdaohf.com\/wp-content\/uploads\/2023\/01\/Expanded-Coil-Ferrule-Insert-10.jpg","type":"image\/jpeg"}],"twitter_card":"summary_large_image","twitter_misc":{"Estimeret l\u00e6setid":"1 minut"},"schema":{"@context":"https:\/\/schema.org","@graph":[{"@type":"WebPage","@id":"https:\/\/qingdaohf.com\/product\/expanded-coil-ferrule-insert\/","url":"https:\/\/qingdaohf.com\/product\/expanded-coil-ferrule-insert\/","name":"Expanded Coil Ferrule Insert","isPartOf":{"@id":"https:\/\/qingdaohf.com\/bg\/#website"},"primaryImageOfPage":{"@id":"https:\/\/qingdaohf.com\/product\/expanded-coil-ferrule-insert\/#primaryimage"},"image":{"@id":"https:\/\/qingdaohf.com\/product\/expanded-coil-ferrule-insert\/#primaryimage"},"thumbnailUrl":"https:\/\/qingdaohf.com\/wp-content\/uploads\/2023\/01\/Expanded-Coil-Ferrule-Insert-10.jpg","datePublished":"2023-01-11T07:47:11+00:00","dateModified":"2025-11-13T01:06:58+00:00","description":"The Expanded Coil Ferrule Insert is a high-strength, highly versatile insert available for numerous precast applications.","breadcrumb":{"@id":"https:\/\/qingdaohf.com\/product\/expanded-coil-ferrule-insert\/#breadcrumb"},"inLanguage":"da-DK","potentialAction":[{"@type":"ReadAction","target":["https:\/\/qingdaohf.com\/product\/expanded-coil-ferrule-insert\/"]}]},{"@type":"ImageObject","inLanguage":"da-DK","@id":"https:\/\/qingdaohf.com\/product\/expanded-coil-ferrule-insert\/#primaryimage","url":"https:\/\/qingdaohf.com\/wp-content\/uploads\/2023\/01\/Expanded-Coil-Ferrule-Insert-10.jpg","contentUrl":"https:\/\/qingdaohf.com\/wp-content\/uploads\/2023\/01\/Expanded-Coil-Ferrule-Insert-10.jpg","width":1000,"height":1000,"caption":"Expanded Coil Ferrule Insert"},{"@type":"BreadcrumbList","@id":"https:\/\/qingdaohf.com\/product\/expanded-coil-ferrule-insert\/#breadcrumb","itemListElement":[{"@type":"ListItem","position":1,"name":"Home","item":"https:\/\/qingdaohf.com\/"},{"@type":"ListItem","position":2,"name":"Concrete Forming Accessories and Rigging Hardware","item":"https:\/\/qingdaohf.com\/bg\/?page_id=944"},{"@type":"ListItem","position":3,"name":"Expanded Coil Ferrule Insert"}]},{"@type":"WebSite","@id":"https:\/\/qingdaohf.com\/bg\/#website","url":"https:\/\/qingdaohf.com\/bg\/","name":"Concrete Form & Rigging Hardware Supplier","description":"","publisher":{"@id":"https:\/\/qingdaohf.com\/bg\/#organization"},"potentialAction":[{"@type":"SearchAction","target":{"@type":"EntryPoint","urlTemplate":"https:\/\/qingdaohf.com\/bg\/?s={search_term_string}"},"query-input":{"@type":"PropertyValueSpecification","valueRequired":true,"valueName":"search_term_string"}}],"inLanguage":"da-DK"},{"@type":"Organization","@id":"https:\/\/qingdaohf.com\/bg\/#organization","name":"Qingdao H&F","url":"https:\/\/qingdaohf.com\/bg\/","logo":{"@type":"ImageObject","inLanguage":"da-DK","@id":"https:\/\/qingdaohf.com\/bg\/#\/schema\/logo\/image\/","url":"https:\/\/qingdaohf.com\/wp-content\/uploads\/2022\/12\/cropped-HF-LOGO.png","contentUrl":"https:\/\/qingdaohf.com\/wp-content\/uploads\/2022\/12\/cropped-HF-LOGO.png","width":391,"height":249,"caption":"Qingdao H&F"},"image":{"@id":"https:\/\/qingdaohf.com\/bg\/#\/schema\/logo\/image\/"},"sameAs":["https:\/\/www.facebook.com\/qingdaohf"]}]}},"_links":{"self":[{"href":"https:\/\/qingdaohf.com\/da\/wp-json\/wp\/v2\/product\/1634","targetHints":{"allow":["GET"]}}],"collection":[{"href":"https:\/\/qingdaohf.com\/da\/wp-json\/wp\/v2\/product"}],"about":[{"href":"https:\/\/qingdaohf.com\/da\/wp-json\/wp\/v2\/types\/product"}],"replies":[{"embeddable":true,"href":"https:\/\/qingdaohf.com\/da\/wp-json\/wp\/v2\/comments?post=1634"}],"version-history":[{"count":2,"href":"https:\/\/qingdaohf.com\/da\/wp-json\/wp\/v2\/product\/1634\/revisions"}],"predecessor-version":[{"id":10472,"href":"https:\/\/qingdaohf.com\/da\/wp-json\/wp\/v2\/product\/1634\/revisions\/10472"}],"wp:featuredmedia":[{"embeddable":true,"href":"https:\/\/qingdaohf.com\/da\/wp-json\/wp\/v2\/media\/2737"}],"wp:attachment":[{"href":"https:\/\/qingdaohf.com\/da\/wp-json\/wp\/v2\/media?parent=1634"}],"wp:term":[{"taxonomy":"product_brand","embeddable":true,"href":"https:\/\/qingdaohf.com\/da\/wp-json\/wp\/v2\/product_brand?post=1634"},{"taxonomy":"product_cat","embeddable":true,"href":"https:\/\/qingdaohf.com\/da\/wp-json\/wp\/v2\/product_cat?post=1634"},{"taxonomy":"product_tag","embeddable":true,"href":"https:\/\/qingdaohf.com\/da\/wp-json\/wp\/v2\/product_tag?post=1634"}],"curies":[{"name":"wp","href":"https:\/\/api.w.org\/{rel}","templated":true}]}}