{"id":1664,"date":"2023-01-11T17:57:31","date_gmt":"2023-01-11T09:57:31","guid":{"rendered":"http:\/\/qingdaohf.com\/?post_type=product&#038;p=1664"},"modified":"2025-11-13T09:06:58","modified_gmt":"2025-11-13T01:06:58","slug":"coil-nails","status":"publish","type":"product","link":"https:\/\/qingdaohf.com\/da\/vare\/spiralformede-som\/","title":{"rendered":"Tagd\u00e6kningss\u00f8m med rundt hoved i galvaniseret coil"},"content":{"rendered":"<table class=\"all magic-5\">\n<tbody>\n<tr>\n<td colspan=\"2\" rowspan=\"1\">\n<div class=\"magic-6\"><span class=\"magic-7\"><b class=\"magic-8\" data-spm-anchor-id=\"a2700.pc-decorate.0.i105.54f63333wFyEq8\">Produktets navn<\/b><\/span><\/div>\n<\/td>\n<td colspan=\"3\" rowspan=\"1\">\n<div class=\"magic-11\"><span class=\"magic-7\">CRN tagd\u00e6kningss\u00f8m p\u00e5 spole<\/span><\/div>\n<\/td>\n<\/tr>\n<tr>\n<td colspan=\"2\" rowspan=\"1\">\n<div class=\"magic-14\"><span class=\"magic-7\"><b data-spm-anchor-id=\"a2700.pc-decorate.0.i126.5c413333tS4c02\">L\u00e6ngde<\/b><\/span><\/div>\n<\/td>\n<td colspan=\"3\" rowspan=\"1\">\n<div class=\"magic-16\"><span class=\"magic-7\">3\/4\u2033 til 2\u2033<\/span><\/div>\n<\/td>\n<\/tr>\n<tr>\n<td colspan=\"2\" rowspan=\"1\">\n<div class=\"magic-14\"><span class=\"magic-7\"><b>Skaftets diameter<\/b><\/span><\/div>\n<\/td>\n<td colspan=\"3\" rowspan=\"1\">\n<div class=\"magic-16\"><span class=\"magic-7\">2,95mm-3,05mm 0,12\u2033<\/span><\/div>\n<\/td>\n<\/tr>\n<tr>\n<td colspan=\"2\" rowspan=\"1\">\n<div class=\"magic-6\"><span class=\"magic-7\"><b data-spm-anchor-id=\"a2700.pc-decorate.0.i130.5c413333tS4c02\">Materiale\u00a0<\/b><\/span><\/div>\n<\/td>\n<td colspan=\"3\" rowspan=\"1\">\n<div class=\"magic-11\"><span class=\"magic-7\">Q195 valsetr\u00e5d af st\u00e5l<\/span><\/div>\n<\/td>\n<\/tr>\n<tr>\n<td colspan=\"2\" rowspan=\"1\">\n<div class=\"magic-14\"><span class=\"magic-7\"><b>Punkt<\/b><\/span><\/div>\n<\/td>\n<td colspan=\"3\" rowspan=\"1\">\n<div class=\"magic-16\"><span class=\"magic-7\">Diamantspids<\/span><\/div>\n<\/td>\n<\/tr>\n<tr>\n<td colspan=\"2\" rowspan=\"1\">\n<div class=\"magic-14\"><span class=\"magic-7\"><b>Overfladebehandling<\/b><\/span><\/div>\n<\/td>\n<td colspan=\"3\" rowspan=\"1\">\n<div class=\"magic-16\"><span class=\"magic-7\">elektrogalvaniseret, varmgalvaniseret<\/span><\/div>\n<\/td>\n<\/tr>\n<tr>\n<td colspan=\"2\" rowspan=\"1\">\n<div class=\"magic-14\"><span class=\"magic-7\"><b>Type skaft<\/b><\/span><\/div>\n<\/td>\n<td colspan=\"3\" rowspan=\"1\">\n<div class=\"magic-16\" data-spm-anchor-id=\"a2700.details.0.i88.15e27bf9PjMKFX\"><span class=\"magic-7\">glat skaft, ringformet skaft<\/span><\/div>\n<\/td>\n<\/tr>\n<tr>\n<td colspan=\"2\" rowspan=\"1\">\n<div class=\"magic-14\"><b><span class=\"magic-7\">Pakke<\/span><\/b><\/div>\n<\/td>\n<td colspan=\"3\" rowspan=\"1\">\n<div class=\"magic-16\" data-spm-anchor-id=\"a2700.details.0.i93.15e27bf9PjMKFX\"><span class=\"magic-7\">120 stk\/spole, 60 spoler\/karton<\/span><\/div>\n<\/td>\n<\/tr>\n<\/tbody>\n<\/table>\n<p>Rundt hoved: S\u00f8mmene har et rundt hoved, som giver bedre holdekraft og forhindrer, at s\u00f8mmene tr\u00e6kker sig gennem tagmaterialerne.<\/p>\n<p>Galvaniseret: S\u00f8mmene er belagt med et lag zink for at beskytte dem mod korrosion og rust, hvilket g\u00f8r dem meget holdbare og velegnede til udend\u00f8rs brug.<\/p>\n<p>Spoleform: S\u00f8mmene leveres i spoleform, hvilket giver en lettere og mere effektiv h\u00e5ndtering og reducerer behovet for hyppige omladninger under tagprojekter.<\/p>\n<p>Flere st\u00f8rrelser: Dit produktsortiment omfatter sandsynligvis tagd\u00e6kningss\u00f8m i forskellige l\u00e6ngder og tykkelser for at im\u00f8dekomme forskellige tagmaterialer og projektkrav.<\/p>\n<p>Materialer af h\u00f8j kvalitet: Dine tags\u00f8m er fremstillet af materialer af h\u00f8j kvalitet, hvilket sikrer, at de er p\u00e5lidelige og holder l\u00e6nge.<\/p>\n<p><img fetchpriority=\"high\" decoding=\"async\" class=\"alignnone size-full wp-image-2811\" src=\"http:\/\/qingdaohf.com\/wp-content\/uploads\/2023\/01\/coil-nail-9.jpg\" alt=\"spiralformet s\u00f8m\" width=\"1200\" height=\"1164\" srcset=\"https:\/\/qingdaohf.com\/wp-content\/uploads\/2023\/01\/coil-nail-9.jpg 1200w, https:\/\/qingdaohf.com\/wp-content\/uploads\/2023\/01\/coil-nail-9-300x291.jpg 300w, https:\/\/qingdaohf.com\/wp-content\/uploads\/2023\/01\/coil-nail-9-1024x993.jpg 1024w, https:\/\/qingdaohf.com\/wp-content\/uploads\/2023\/01\/coil-nail-9-768x745.jpg 768w, https:\/\/qingdaohf.com\/wp-content\/uploads\/2023\/01\/coil-nail-9-1000x970.jpg 1000w\" sizes=\"(max-width: 1200px) 100vw, 1200px\" \/><\/p>\n<p>Vores fordele:<\/p>\n<p>Erfaring og lang levetid: Med 20 \u00e5rs erfaring i branchen har din virksomhed opbygget et st\u00e6rkt omd\u00f8mme og en dyb forst\u00e5else af kundernes behov og pr\u00e6ferencer. Denne erfaring giver sig udslag i bedre produktkvalitet og kundeservice.<\/p>\n<p>Omfattende tjenester: Som one-stop-shop for rigning og tags\u00f8m leverer din virksomhed omfattende tjenester, herunder produktion, distribution og engroshandel, hvilket sikrer bekvemmelighed og effektivitet for dine kunder.<\/p>\n<p>En-til-en kundeservice: Din v\u00e6gt p\u00e5 en-til-en kundeservice adskiller dig fra konkurrenterne. Denne personlige tilgang giver dig mulighed for bedre at forst\u00e5 dine kunders behov og levere skr\u00e6ddersyede l\u00f8sninger.<\/p>\n<p>Bedste eftersalgsservice: Ved at prioritere eftersalgsservice sikrer din virksomhed, at kunderne f\u00e5r hj\u00e6lp, st\u00f8tte og l\u00f8sninger selv efter k\u00f8bet. Denne forpligtelse til kundetilfredshed fremmer loyalitet og tillid.<\/p>\n<p>Konkurrencedygtige priser: Samtidig med at produktkvaliteten opretholdes, str\u00e6ber din virksomhed efter at give k\u00f8berne st\u00f8rre fortjenstmargener. Denne konkurrencedygtige prisstrategi appellerer til omkostningsbevidste kunder uden at g\u00e5 p\u00e5 kompromis med dine produkters kvalitet.<\/p>\n<p>Ekspertise i tagd\u00e6kningss\u00f8m: Specialisering i galvaniserede tagd\u00e6kningss\u00f8m med runde hoveder viser din virksomheds ekspertise inden for denne specifikke produktniche. Kunderne er mere tilb\u00f8jelige til at stole p\u00e5 en leverand\u00f8r med fokuseret viden og erfaring inden for omr\u00e5det.<\/p>\n<p>Galvaniseret bel\u00e6gning af h\u00f8j kvalitet: Brugen af galvaniseret bel\u00e6gning p\u00e5 dine tags\u00f8m understreger dit engagement i holdbarhed og lang levetid og sikrer, at dine produkter kan modst\u00e5 barske vejrforhold og langvarig eksponering for elementerne.<\/p>\n<div class=\"ast-oembed-container\" style=\"height: 100%;\"><iframe title=\"tr\u00e5dspirals\u00f8m 1-1\/4 tommer glatte galvaniserede spirals\u00f8m til tagd\u00e6kning\" width=\"500\" height=\"375\" src=\"https:\/\/www.youtube.com\/embed\/47fOopwDCJY?feature=oembed\" frameborder=\"0\" allow=\"accelerometer; autoplay; clipboard-write; encrypted-media; gyroscope; picture-in-picture; web-share\" referrerpolicy=\"strict-origin-when-cross-origin\" allowfullscreen><\/iframe><\/div>","protected":false},"excerpt":{"rendered":"<p>Disse s\u00f8m p\u00e5 spole er ideelle til alle former for indramning og bekl\u00e6dning. Kvalitetsfremstillingsprocesser sikrer korrekt fremf\u00f8ring.<\/p>\n<p>3\/4\u2033-2\u2033 galvaniserede tagd\u00e6kningss\u00f8m med rundt hoved.<\/p>","protected":false},"featured_media":2504,"comment_status":"open","ping_status":"closed","template":"","meta":{"site-sidebar-layout":"default","site-content-layout":"default","ast-site-content-layout":"default","site-content-style":"default","site-sidebar-style":"default","ast-global-header-display":"","ast-banner-title-visibility":"","ast-main-header-display":"","ast-hfb-above-header-display":"","ast-hfb-below-header-display":"","ast-hfb-mobile-header-display":"","site-post-title":"","ast-breadcrumbs-content":"","ast-featured-img":"","footer-sml-layout":"","theme-transparent-header-meta":"default","adv-header-id-meta":"","stick-header-meta":"default","header-above-stick-meta":"","header-main-stick-meta":"","header-below-stick-meta":"","astra-migrate-meta-layouts":"set","ast-page-background-enabled":"default","ast-page-background-meta":{"desktop":{"background-color":"","background-image":"","background-repeat":"repeat","background-position":"center center","background-size":"auto","background-attachment":"scroll","background-type":"","background-media":"","overlay-type":"","overlay-color":"","overlay-opacity":"","overlay-gradient":""},"tablet":{"background-color":"","background-image":"","background-repeat":"repeat","background-position":"center center","background-size":"auto","background-attachment":"scroll","background-type":"","background-media":"","overlay-type":"","overlay-color":"","overlay-opacity":"","overlay-gradient":""},"mobile":{"background-color":"","background-image":"","background-repeat":"repeat","background-position":"center center","background-size":"auto","background-attachment":"scroll","background-type":"","background-media":"","overlay-type":"","overlay-color":"","overlay-opacity":"","overlay-gradient":""}},"ast-content-background-meta":{"desktop":{"background-color":"var(--ast-global-color-5)","background-image":"","background-repeat":"repeat","background-position":"center center","background-size":"auto","background-attachment":"scroll","background-type":"","background-media":"","overlay-type":"","overlay-color":"","overlay-opacity":"","overlay-gradient":""},"tablet":{"background-color":"var(--ast-global-color-5)","background-image":"","background-repeat":"repeat","background-position":"center center","background-size":"auto","background-attachment":"scroll","background-type":"","background-media":"","overlay-type":"","overlay-color":"","overlay-opacity":"","overlay-gradient":""},"mobile":{"background-color":"var(--ast-global-color-5)","background-image":"","background-repeat":"repeat","background-position":"center center","background-size":"auto","background-attachment":"scroll","background-type":"","background-media":"","overlay-type":"","overlay-color":"","overlay-opacity":"","overlay-gradient":""}}},"product_brand":[],"product_cat":[34],"product_tag":[],"class_list":{"0":"post-1664","1":"product","2":"type-product","3":"status-publish","4":"has-post-thumbnail","6":"product_cat-nail","7":"desktop-align-left","8":"tablet-align-left","9":"mobile-align-left","10":"ast-product-gallery-layout-horizontal-slider","11":"ast-product-tabs-layout-horizontal","13":"first","14":"instock","15":"shipping-taxable","16":"purchasable","17":"product-type-simple"},"yoast_head":"<!-- This site is optimized with the Yoast SEO plugin v25.2 - https:\/\/yoast.com\/wordpress\/plugins\/seo\/ -->\n<title>Round Head Galvanized Coil Roofing Nails<\/title>\n<meta name=\"description\" content=\"These Coil Framing nails are ideal for all Framing and sheathing applications. Quality manufacturing processes ensure proper feeding.\" \/>\n<meta name=\"robots\" content=\"index, follow, max-snippet:-1, max-image-preview:large, max-video-preview:-1\" \/>\n<link rel=\"canonical\" href=\"https:\/\/qingdaohf.com\/da\/vare\/spiralformede-som\/\" \/>\n<meta property=\"og:locale\" content=\"da_DK\" \/>\n<meta property=\"og:type\" content=\"article\" \/>\n<meta property=\"og:title\" content=\"Round Head Galvanized Coil Roofing Nails\" \/>\n<meta property=\"og:description\" content=\"These Coil Framing nails are ideal for all Framing and sheathing applications. Quality manufacturing processes ensure proper feeding.\" \/>\n<meta property=\"og:url\" content=\"https:\/\/qingdaohf.com\/da\/vare\/spiralformede-som\/\" \/>\n<meta property=\"og:site_name\" content=\"Concrete Form &amp; Rigging Hardware Supplier\" \/>\n<meta property=\"article:publisher\" content=\"https:\/\/www.facebook.com\/qingdaohf\" \/>\n<meta property=\"article:modified_time\" content=\"2025-11-13T01:06:58+00:00\" \/>\n<meta property=\"og:image\" content=\"https:\/\/qingdaohf.com\/wp-content\/uploads\/2023\/01\/coil-nail-6.jpg\" \/>\n\t<meta property=\"og:image:width\" content=\"1000\" \/>\n\t<meta property=\"og:image:height\" content=\"1000\" \/>\n\t<meta property=\"og:image:type\" content=\"image\/jpeg\" \/>\n<meta name=\"twitter:card\" content=\"summary_large_image\" \/>\n<meta name=\"twitter:label1\" content=\"Estimeret l\u00e6setid\" \/>\n\t<meta name=\"twitter:data1\" content=\"2 minutter\" \/>\n<script type=\"application\/ld+json\" class=\"yoast-schema-graph\">{\"@context\":\"https:\/\/schema.org\",\"@graph\":[{\"@type\":\"WebPage\",\"@id\":\"https:\/\/qingdaohf.com\/product\/coil-nails\/\",\"url\":\"https:\/\/qingdaohf.com\/product\/coil-nails\/\",\"name\":\"Round Head Galvanized Coil Roofing Nails\",\"isPartOf\":{\"@id\":\"https:\/\/qingdaohf.com\/bg\/#website\"},\"primaryImageOfPage\":{\"@id\":\"https:\/\/qingdaohf.com\/product\/coil-nails\/#primaryimage\"},\"image\":{\"@id\":\"https:\/\/qingdaohf.com\/product\/coil-nails\/#primaryimage\"},\"thumbnailUrl\":\"https:\/\/qingdaohf.com\/wp-content\/uploads\/2023\/01\/coil-nail-6.jpg\",\"datePublished\":\"2023-01-11T09:57:31+00:00\",\"dateModified\":\"2025-11-13T01:06:58+00:00\",\"description\":\"These Coil Framing nails are ideal for all Framing and sheathing applications. Quality manufacturing processes ensure proper feeding.\",\"breadcrumb\":{\"@id\":\"https:\/\/qingdaohf.com\/product\/coil-nails\/#breadcrumb\"},\"inLanguage\":\"da-DK\",\"potentialAction\":[{\"@type\":\"ReadAction\",\"target\":[\"https:\/\/qingdaohf.com\/product\/coil-nails\/\"]}]},{\"@type\":\"ImageObject\",\"inLanguage\":\"da-DK\",\"@id\":\"https:\/\/qingdaohf.com\/product\/coil-nails\/#primaryimage\",\"url\":\"https:\/\/qingdaohf.com\/wp-content\/uploads\/2023\/01\/coil-nail-6.jpg\",\"contentUrl\":\"https:\/\/qingdaohf.com\/wp-content\/uploads\/2023\/01\/coil-nail-6.jpg\",\"width\":1000,\"height\":1000,\"caption\":\"coil nail\"},{\"@type\":\"BreadcrumbList\",\"@id\":\"https:\/\/qingdaohf.com\/product\/coil-nails\/#breadcrumb\",\"itemListElement\":[{\"@type\":\"ListItem\",\"position\":1,\"name\":\"Home\",\"item\":\"https:\/\/qingdaohf.com\/\"},{\"@type\":\"ListItem\",\"position\":2,\"name\":\"Concrete Forming Accessories and Rigging Hardware\",\"item\":\"https:\/\/qingdaohf.com\/bg\/?page_id=944\"},{\"@type\":\"ListItem\",\"position\":3,\"name\":\"Round Head Galvanized Coil Roofing Nails\"}]},{\"@type\":\"WebSite\",\"@id\":\"https:\/\/qingdaohf.com\/bg\/#website\",\"url\":\"https:\/\/qingdaohf.com\/bg\/\",\"name\":\"Concrete Form & Rigging Hardware Supplier\",\"description\":\"\",\"publisher\":{\"@id\":\"https:\/\/qingdaohf.com\/bg\/#organization\"},\"potentialAction\":[{\"@type\":\"SearchAction\",\"target\":{\"@type\":\"EntryPoint\",\"urlTemplate\":\"https:\/\/qingdaohf.com\/bg\/?s={search_term_string}\"},\"query-input\":{\"@type\":\"PropertyValueSpecification\",\"valueRequired\":true,\"valueName\":\"search_term_string\"}}],\"inLanguage\":\"da-DK\"},{\"@type\":\"Organization\",\"@id\":\"https:\/\/qingdaohf.com\/bg\/#organization\",\"name\":\"Qingdao H&F\",\"url\":\"https:\/\/qingdaohf.com\/bg\/\",\"logo\":{\"@type\":\"ImageObject\",\"inLanguage\":\"da-DK\",\"@id\":\"https:\/\/qingdaohf.com\/bg\/#\/schema\/logo\/image\/\",\"url\":\"https:\/\/qingdaohf.com\/wp-content\/uploads\/2022\/12\/cropped-HF-LOGO.png\",\"contentUrl\":\"https:\/\/qingdaohf.com\/wp-content\/uploads\/2022\/12\/cropped-HF-LOGO.png\",\"width\":391,\"height\":249,\"caption\":\"Qingdao H&F\"},\"image\":{\"@id\":\"https:\/\/qingdaohf.com\/bg\/#\/schema\/logo\/image\/\"},\"sameAs\":[\"https:\/\/www.facebook.com\/qingdaohf\"]}]}<\/script>\n<!-- \/ Yoast SEO plugin. -->","yoast_head_json":{"title":"Round Head Galvanized Coil Roofing Nails","description":"These Coil Framing nails are ideal for all Framing and sheathing applications. Quality manufacturing processes ensure proper feeding.","robots":{"index":"index","follow":"follow","max-snippet":"max-snippet:-1","max-image-preview":"max-image-preview:large","max-video-preview":"max-video-preview:-1"},"canonical":"https:\/\/qingdaohf.com\/da\/vare\/spiralformede-som\/","og_locale":"da_DK","og_type":"article","og_title":"Round Head Galvanized Coil Roofing Nails","og_description":"These Coil Framing nails are ideal for all Framing and sheathing applications. Quality manufacturing processes ensure proper feeding.","og_url":"https:\/\/qingdaohf.com\/da\/vare\/spiralformede-som\/","og_site_name":"Concrete Form &amp; Rigging Hardware Supplier","article_publisher":"https:\/\/www.facebook.com\/qingdaohf","article_modified_time":"2025-11-13T01:06:58+00:00","og_image":[{"width":1000,"height":1000,"url":"https:\/\/qingdaohf.com\/wp-content\/uploads\/2023\/01\/coil-nail-6.jpg","type":"image\/jpeg"}],"twitter_card":"summary_large_image","twitter_misc":{"Estimeret l\u00e6setid":"2 minutter"},"schema":{"@context":"https:\/\/schema.org","@graph":[{"@type":"WebPage","@id":"https:\/\/qingdaohf.com\/product\/coil-nails\/","url":"https:\/\/qingdaohf.com\/product\/coil-nails\/","name":"Round Head Galvanized Coil Roofing Nails","isPartOf":{"@id":"https:\/\/qingdaohf.com\/bg\/#website"},"primaryImageOfPage":{"@id":"https:\/\/qingdaohf.com\/product\/coil-nails\/#primaryimage"},"image":{"@id":"https:\/\/qingdaohf.com\/product\/coil-nails\/#primaryimage"},"thumbnailUrl":"https:\/\/qingdaohf.com\/wp-content\/uploads\/2023\/01\/coil-nail-6.jpg","datePublished":"2023-01-11T09:57:31+00:00","dateModified":"2025-11-13T01:06:58+00:00","description":"These Coil Framing nails are ideal for all Framing and sheathing applications. Quality manufacturing processes ensure proper feeding.","breadcrumb":{"@id":"https:\/\/qingdaohf.com\/product\/coil-nails\/#breadcrumb"},"inLanguage":"da-DK","potentialAction":[{"@type":"ReadAction","target":["https:\/\/qingdaohf.com\/product\/coil-nails\/"]}]},{"@type":"ImageObject","inLanguage":"da-DK","@id":"https:\/\/qingdaohf.com\/product\/coil-nails\/#primaryimage","url":"https:\/\/qingdaohf.com\/wp-content\/uploads\/2023\/01\/coil-nail-6.jpg","contentUrl":"https:\/\/qingdaohf.com\/wp-content\/uploads\/2023\/01\/coil-nail-6.jpg","width":1000,"height":1000,"caption":"coil nail"},{"@type":"BreadcrumbList","@id":"https:\/\/qingdaohf.com\/product\/coil-nails\/#breadcrumb","itemListElement":[{"@type":"ListItem","position":1,"name":"Home","item":"https:\/\/qingdaohf.com\/"},{"@type":"ListItem","position":2,"name":"Concrete Forming Accessories and Rigging Hardware","item":"https:\/\/qingdaohf.com\/bg\/?page_id=944"},{"@type":"ListItem","position":3,"name":"Round Head Galvanized Coil Roofing Nails"}]},{"@type":"WebSite","@id":"https:\/\/qingdaohf.com\/bg\/#website","url":"https:\/\/qingdaohf.com\/bg\/","name":"Concrete Form & Rigging Hardware Supplier","description":"","publisher":{"@id":"https:\/\/qingdaohf.com\/bg\/#organization"},"potentialAction":[{"@type":"SearchAction","target":{"@type":"EntryPoint","urlTemplate":"https:\/\/qingdaohf.com\/bg\/?s={search_term_string}"},"query-input":{"@type":"PropertyValueSpecification","valueRequired":true,"valueName":"search_term_string"}}],"inLanguage":"da-DK"},{"@type":"Organization","@id":"https:\/\/qingdaohf.com\/bg\/#organization","name":"Qingdao H&F","url":"https:\/\/qingdaohf.com\/bg\/","logo":{"@type":"ImageObject","inLanguage":"da-DK","@id":"https:\/\/qingdaohf.com\/bg\/#\/schema\/logo\/image\/","url":"https:\/\/qingdaohf.com\/wp-content\/uploads\/2022\/12\/cropped-HF-LOGO.png","contentUrl":"https:\/\/qingdaohf.com\/wp-content\/uploads\/2022\/12\/cropped-HF-LOGO.png","width":391,"height":249,"caption":"Qingdao H&F"},"image":{"@id":"https:\/\/qingdaohf.com\/bg\/#\/schema\/logo\/image\/"},"sameAs":["https:\/\/www.facebook.com\/qingdaohf"]}]}},"_links":{"self":[{"href":"https:\/\/qingdaohf.com\/da\/wp-json\/wp\/v2\/product\/1664","targetHints":{"allow":["GET"]}}],"collection":[{"href":"https:\/\/qingdaohf.com\/da\/wp-json\/wp\/v2\/product"}],"about":[{"href":"https:\/\/qingdaohf.com\/da\/wp-json\/wp\/v2\/types\/product"}],"replies":[{"embeddable":true,"href":"https:\/\/qingdaohf.com\/da\/wp-json\/wp\/v2\/comments?post=1664"}],"version-history":[{"count":5,"href":"https:\/\/qingdaohf.com\/da\/wp-json\/wp\/v2\/product\/1664\/revisions"}],"predecessor-version":[{"id":6011,"href":"https:\/\/qingdaohf.com\/da\/wp-json\/wp\/v2\/product\/1664\/revisions\/6011"}],"wp:featuredmedia":[{"embeddable":true,"href":"https:\/\/qingdaohf.com\/da\/wp-json\/wp\/v2\/media\/2504"}],"wp:attachment":[{"href":"https:\/\/qingdaohf.com\/da\/wp-json\/wp\/v2\/media?parent=1664"}],"wp:term":[{"taxonomy":"product_brand","embeddable":true,"href":"https:\/\/qingdaohf.com\/da\/wp-json\/wp\/v2\/product_brand?post=1664"},{"taxonomy":"product_cat","embeddable":true,"href":"https:\/\/qingdaohf.com\/da\/wp-json\/wp\/v2\/product_cat?post=1664"},{"taxonomy":"product_tag","embeddable":true,"href":"https:\/\/qingdaohf.com\/da\/wp-json\/wp\/v2\/product_tag?post=1664"}],"curies":[{"name":"wp","href":"https:\/\/api.w.org\/{rel}","templated":true}]}}