{"id":1685,"date":"2023-01-12T11:46:18","date_gmt":"2023-01-12T03:46:18","guid":{"rendered":"http:\/\/qingdaohf.com\/?post_type=product&#038;p=1685"},"modified":"2025-11-13T09:06:58","modified_gmt":"2025-11-13T01:06:58","slug":"x-flat-tie","status":"publish","type":"product","link":"https:\/\/qingdaohf.com\/da\/vare\/x-fladt-slips\/","title":{"rendered":"Kraftig betonforskalling X Flat Ties"},"content":{"rendered":"<h2>X FLAT Tie<\/h2>\n<p><strong>Pr\u00e6cision og p\u00e5lidelighed: Det centrale krav<\/strong><\/p>\n<p><strong>Forskallingens stabilitet:<\/strong> Du har brug for tilbeh\u00f8r til betonforskalling, der fastg\u00f8r forskallingskonstruktioner og sikrer, at de forbliver stabile under betonst\u00f8bning.<\/p>\n<p><strong>Ensartede betonoverflader:<\/strong> Det er altafg\u00f8rende at opn\u00e5 glatte og ensartede betonoverflader. X FLAT Tie udm\u00e6rker sig ved at holde forskallingen p\u00e5 linje og garanterer en up\u00e5klagelig betonfinish uden uj\u00e6vnheder.<\/p>\n<p><strong>Alsidig anvendelse:<\/strong> Dine projekter varierer i omfang og kompleksitet. X FLAT Tie's tilpasningsevne og brugervenlighed g\u00f8r den til et alsidigt valg, der passer til en bred vifte af byggescenarier.<\/p>\n<h3>Heavy duty x flat tie<\/h3>\n<h3>Standard x flat tie<\/h3>\n<h3>Kile-bolt<\/h3>\n<h3>Buede kiler traight Wedge<\/h3>\n<h3>Qingdao H&amp;F: Din partner i pr\u00e6cision<\/h3>\n<p><strong>Fremragende opfyldelse af k\u00f8bernes behov<\/strong><\/p>\n<p>Qingdao H&amp;F st\u00e5r som et bevis p\u00e5 pr\u00e6cision og kvalitet inden for tilbeh\u00f8r til betonformning og rigging hardware. Vores virksomheds fordele passer perfekt til dine krav:<\/p>\n<p><strong>Bredt st\u00f8rrelsesomr\u00e5de:<\/strong> Vi er stolte af at kunne tilbyde X FLAT Ties i st\u00f8rrelser fra 4 tommer til imponerende 48 tommer. Vores omfattende st\u00f8rrelsesmuligheder im\u00f8dekommer de forskellige behov i byggeprojekter og sikrer, at du finder den perfekte l\u00f8sning til dine krav.<\/p>\n<p><strong>St\u00f8tte til tilpasning:<\/strong> Vi forst\u00e5r, at ikke to projekter er ens. Vores tilpasningsmuligheder giver dig mulighed for at skr\u00e6ddersy vores produkter pr\u00e6cist efter dine specifikationer og sikre, at de opfylder dine unikke behov.<\/p>\n<p><strong>Produktets tilg\u00e6ngelighed:<\/strong> Med vores produkter altid p\u00e5 lager har du de v\u00e6rkt\u00f8jer, du har brug for, n\u00e5r tiden er knap, s\u00e5 du kan sikre, at dine projekter holder sig p\u00e5 sporet.<\/p>\n<p><strong>Konkurrencedygtige priser:<\/strong> Vi tror fuldt og fast p\u00e5, at kvalitet ikke beh\u00f8ver at koste noget. Vores forpligtelse til konkurrencedygtige priser betyder, at du f\u00e5r enest\u00e5ende v\u00e6rdi for din investering.<\/p>\n<p><strong>Kvalitetssikring:<\/strong> Hver X FLAT Tie leveres med en QC-inspektionsrapport, der giver et ubestrideligt bevis p\u00e5 kvalitet og ydeevne, s\u00e5 du kan f\u00e5 ro i sindet.<\/p>\n<p><strong>Tilg\u00e6ngelighed af pr\u00f8ver:<\/strong> Vores tillid til kvaliteten af vores produkter f\u00e5r os til at tilbyde gratis pr\u00f8ver, s\u00e5 du p\u00e5 f\u00f8rste h\u00e5nd kan opleve X FLAT-slipsets fortr\u00e6ffeligheder.<\/p>\n<p><strong>Personlig service:<\/strong> Vi er mere end en leverand\u00f8r; vi er din dedikerede partner. Vores team yder en-til-en-service og guider dig gennem alle faser, fra produktvalg til support efter k\u00f8bet.<\/p>\n<p>&nbsp;<\/p>\n<div class=\"ast-oembed-container\" style=\"height: 100%;\"><iframe title=\"X Flad slips, standard kilebolt, kombinationsn\u00e5l, rundhovedn\u00e5l buet kile og lige kile\" width=\"500\" height=\"281\" src=\"https:\/\/www.youtube.com\/embed\/RafUudL8gBk?feature=oembed\" frameborder=\"0\" allow=\"accelerometer; autoplay; clipboard-write; encrypted-media; gyroscope; picture-in-picture; web-share\" referrerpolicy=\"strict-origin-when-cross-origin\" allowfullscreen><\/iframe><\/div>","protected":false},"excerpt":{"rendered":"<p>The X Flat Tie is a high-performance, durable, and easy-to-use concrete form accessory. Engineered for precision, it ensures reliable alignment and secure fastening in formwork.<\/p>\n<p>The X Flat Tie has strong tensile strength and a smooth surface for better connection, making it perfect for a wide range of residential and commercial applications.<\/p>\n<p>You can place complete trust in our product, X Flat Tie from Qingdao H&amp;F, for its excellence, longevity, quality inspection report, and timely delivery.<\/p>","protected":false},"featured_media":4700,"comment_status":"open","ping_status":"closed","template":"","meta":{"site-sidebar-layout":"default","site-content-layout":"default","ast-site-content-layout":"default","site-content-style":"default","site-sidebar-style":"default","ast-global-header-display":"","ast-banner-title-visibility":"","ast-main-header-display":"","ast-hfb-above-header-display":"","ast-hfb-below-header-display":"","ast-hfb-mobile-header-display":"","site-post-title":"","ast-breadcrumbs-content":"","ast-featured-img":"","footer-sml-layout":"","theme-transparent-header-meta":"default","adv-header-id-meta":"","stick-header-meta":"default","header-above-stick-meta":"","header-main-stick-meta":"","header-below-stick-meta":"","astra-migrate-meta-layouts":"set","ast-page-background-enabled":"default","ast-page-background-meta":{"desktop":{"background-color":"","background-image":"","background-repeat":"repeat","background-position":"center center","background-size":"auto","background-attachment":"scroll","background-type":"","background-media":"","overlay-type":"","overlay-color":"","overlay-opacity":"","overlay-gradient":""},"tablet":{"background-color":"","background-image":"","background-repeat":"repeat","background-position":"center center","background-size":"auto","background-attachment":"scroll","background-type":"","background-media":"","overlay-type":"","overlay-color":"","overlay-opacity":"","overlay-gradient":""},"mobile":{"background-color":"","background-image":"","background-repeat":"repeat","background-position":"center center","background-size":"auto","background-attachment":"scroll","background-type":"","background-media":"","overlay-type":"","overlay-color":"","overlay-opacity":"","overlay-gradient":""}},"ast-content-background-meta":{"desktop":{"background-color":"var(--ast-global-color-5)","background-image":"","background-repeat":"repeat","background-position":"center center","background-size":"auto","background-attachment":"scroll","background-type":"","background-media":"","overlay-type":"","overlay-color":"","overlay-opacity":"","overlay-gradient":""},"tablet":{"background-color":"var(--ast-global-color-5)","background-image":"","background-repeat":"repeat","background-position":"center center","background-size":"auto","background-attachment":"scroll","background-type":"","background-media":"","overlay-type":"","overlay-color":"","overlay-opacity":"","overlay-gradient":""},"mobile":{"background-color":"var(--ast-global-color-5)","background-image":"","background-repeat":"repeat","background-position":"center center","background-size":"auto","background-attachment":"scroll","background-type":"","background-media":"","overlay-type":"","overlay-color":"","overlay-opacity":"","overlay-gradient":""}}},"product_brand":[],"product_cat":[50,20,64,28],"product_tag":[],"class_list":{"0":"post-1685","1":"product","2":"type-product","3":"status-publish","4":"has-post-thumbnail","6":"product_cat-concrete-form-accessories","7":"product_cat-concrete-wall-tie","8":"product_cat-concrete-flat-tie","9":"product_cat-concrete-forming","10":"desktop-align-left","11":"tablet-align-left","12":"mobile-align-left","13":"ast-product-gallery-layout-horizontal-slider","14":"ast-product-tabs-layout-horizontal","16":"first","17":"instock","18":"shipping-taxable","19":"purchasable","20":"product-type-simple"},"yoast_head":"<!-- This site is optimized with the Yoast SEO plugin v25.2 - https:\/\/yoast.com\/wordpress\/plugins\/seo\/ -->\n<title>Heavy Duty Concrete Forming X Flat Ties<\/title>\n<meta name=\"description\" content=\"X Flat Tie is a vital component in modern construction, offering improved strength, stability, and ease of use in concrete formwork.\" \/>\n<meta name=\"robots\" content=\"index, follow, max-snippet:-1, max-image-preview:large, max-video-preview:-1\" \/>\n<link rel=\"canonical\" href=\"https:\/\/qingdaohf.com\/da\/vare\/x-fladt-slips\/\" \/>\n<meta property=\"og:locale\" content=\"da_DK\" \/>\n<meta property=\"og:type\" content=\"article\" \/>\n<meta property=\"og:title\" content=\"Heavy Duty Concrete Forming X Flat Ties\" \/>\n<meta property=\"og:description\" content=\"X Flat Tie is a vital component in modern construction, offering improved strength, stability, and ease of use in concrete formwork.\" \/>\n<meta property=\"og:url\" content=\"https:\/\/qingdaohf.com\/da\/vare\/x-fladt-slips\/\" \/>\n<meta property=\"og:site_name\" content=\"Concrete Form &amp; Rigging Hardware Supplier\" \/>\n<meta property=\"article:publisher\" content=\"https:\/\/www.facebook.com\/qingdaohf\" \/>\n<meta property=\"article:modified_time\" content=\"2025-11-13T01:06:58+00:00\" \/>\n<meta property=\"og:image\" content=\"https:\/\/qingdaohf.com\/wp-content\/uploads\/2023\/01\/X-FLAT-TIE-5.jpg\" \/>\n\t<meta property=\"og:image:width\" content=\"1000\" \/>\n\t<meta property=\"og:image:height\" content=\"1000\" \/>\n\t<meta property=\"og:image:type\" content=\"image\/jpeg\" \/>\n<meta name=\"twitter:card\" content=\"summary_large_image\" \/>\n<meta name=\"twitter:label1\" content=\"Estimeret l\u00e6setid\" \/>\n\t<meta name=\"twitter:data1\" content=\"2 minutter\" \/>\n<script type=\"application\/ld+json\" class=\"yoast-schema-graph\">{\"@context\":\"https:\/\/schema.org\",\"@graph\":[{\"@type\":\"WebPage\",\"@id\":\"https:\/\/qingdaohf.com\/product\/x-flat-tie\/\",\"url\":\"https:\/\/qingdaohf.com\/product\/x-flat-tie\/\",\"name\":\"Heavy Duty Concrete Forming X Flat Ties\",\"isPartOf\":{\"@id\":\"https:\/\/qingdaohf.com\/bg\/#website\"},\"primaryImageOfPage\":{\"@id\":\"https:\/\/qingdaohf.com\/product\/x-flat-tie\/#primaryimage\"},\"image\":{\"@id\":\"https:\/\/qingdaohf.com\/product\/x-flat-tie\/#primaryimage\"},\"thumbnailUrl\":\"https:\/\/qingdaohf.com\/wp-content\/uploads\/2023\/01\/X-FLAT-TIE-5.jpg\",\"datePublished\":\"2023-01-12T03:46:18+00:00\",\"dateModified\":\"2025-11-13T01:06:58+00:00\",\"description\":\"X Flat Tie is a vital component in modern construction, offering improved strength, stability, and ease of use in concrete formwork.\",\"breadcrumb\":{\"@id\":\"https:\/\/qingdaohf.com\/product\/x-flat-tie\/#breadcrumb\"},\"inLanguage\":\"da-DK\",\"potentialAction\":[{\"@type\":\"ReadAction\",\"target\":[\"https:\/\/qingdaohf.com\/product\/x-flat-tie\/\"]}]},{\"@type\":\"ImageObject\",\"inLanguage\":\"da-DK\",\"@id\":\"https:\/\/qingdaohf.com\/product\/x-flat-tie\/#primaryimage\",\"url\":\"https:\/\/qingdaohf.com\/wp-content\/uploads\/2023\/01\/X-FLAT-TIE-5.jpg\",\"contentUrl\":\"https:\/\/qingdaohf.com\/wp-content\/uploads\/2023\/01\/X-FLAT-TIE-5.jpg\",\"width\":1000,\"height\":1000,\"caption\":\"X FLAT TIE\"},{\"@type\":\"BreadcrumbList\",\"@id\":\"https:\/\/qingdaohf.com\/product\/x-flat-tie\/#breadcrumb\",\"itemListElement\":[{\"@type\":\"ListItem\",\"position\":1,\"name\":\"Home\",\"item\":\"https:\/\/qingdaohf.com\/\"},{\"@type\":\"ListItem\",\"position\":2,\"name\":\"Concrete Forming Accessories and Rigging Hardware\",\"item\":\"https:\/\/qingdaohf.com\/bg\/?page_id=944\"},{\"@type\":\"ListItem\",\"position\":3,\"name\":\"Heavy Duty Concrete Forming X Flat Ties\"}]},{\"@type\":\"WebSite\",\"@id\":\"https:\/\/qingdaohf.com\/bg\/#website\",\"url\":\"https:\/\/qingdaohf.com\/bg\/\",\"name\":\"Concrete Form & Rigging Hardware Supplier\",\"description\":\"\",\"publisher\":{\"@id\":\"https:\/\/qingdaohf.com\/bg\/#organization\"},\"potentialAction\":[{\"@type\":\"SearchAction\",\"target\":{\"@type\":\"EntryPoint\",\"urlTemplate\":\"https:\/\/qingdaohf.com\/bg\/?s={search_term_string}\"},\"query-input\":{\"@type\":\"PropertyValueSpecification\",\"valueRequired\":true,\"valueName\":\"search_term_string\"}}],\"inLanguage\":\"da-DK\"},{\"@type\":\"Organization\",\"@id\":\"https:\/\/qingdaohf.com\/bg\/#organization\",\"name\":\"Qingdao H&F\",\"url\":\"https:\/\/qingdaohf.com\/bg\/\",\"logo\":{\"@type\":\"ImageObject\",\"inLanguage\":\"da-DK\",\"@id\":\"https:\/\/qingdaohf.com\/bg\/#\/schema\/logo\/image\/\",\"url\":\"https:\/\/qingdaohf.com\/wp-content\/uploads\/2022\/12\/cropped-HF-LOGO.png\",\"contentUrl\":\"https:\/\/qingdaohf.com\/wp-content\/uploads\/2022\/12\/cropped-HF-LOGO.png\",\"width\":391,\"height\":249,\"caption\":\"Qingdao H&F\"},\"image\":{\"@id\":\"https:\/\/qingdaohf.com\/bg\/#\/schema\/logo\/image\/\"},\"sameAs\":[\"https:\/\/www.facebook.com\/qingdaohf\"]}]}<\/script>\n<!-- \/ Yoast SEO plugin. -->","yoast_head_json":{"title":"Heavy Duty Concrete Forming X Flat Ties","description":"X Flat Tie is a vital component in modern construction, offering improved strength, stability, and ease of use in concrete formwork.","robots":{"index":"index","follow":"follow","max-snippet":"max-snippet:-1","max-image-preview":"max-image-preview:large","max-video-preview":"max-video-preview:-1"},"canonical":"https:\/\/qingdaohf.com\/da\/vare\/x-fladt-slips\/","og_locale":"da_DK","og_type":"article","og_title":"Heavy Duty Concrete Forming X Flat Ties","og_description":"X Flat Tie is a vital component in modern construction, offering improved strength, stability, and ease of use in concrete formwork.","og_url":"https:\/\/qingdaohf.com\/da\/vare\/x-fladt-slips\/","og_site_name":"Concrete Form &amp; Rigging Hardware Supplier","article_publisher":"https:\/\/www.facebook.com\/qingdaohf","article_modified_time":"2025-11-13T01:06:58+00:00","og_image":[{"width":1000,"height":1000,"url":"https:\/\/qingdaohf.com\/wp-content\/uploads\/2023\/01\/X-FLAT-TIE-5.jpg","type":"image\/jpeg"}],"twitter_card":"summary_large_image","twitter_misc":{"Estimeret l\u00e6setid":"2 minutter"},"schema":{"@context":"https:\/\/schema.org","@graph":[{"@type":"WebPage","@id":"https:\/\/qingdaohf.com\/product\/x-flat-tie\/","url":"https:\/\/qingdaohf.com\/product\/x-flat-tie\/","name":"Heavy Duty Concrete Forming X Flat Ties","isPartOf":{"@id":"https:\/\/qingdaohf.com\/bg\/#website"},"primaryImageOfPage":{"@id":"https:\/\/qingdaohf.com\/product\/x-flat-tie\/#primaryimage"},"image":{"@id":"https:\/\/qingdaohf.com\/product\/x-flat-tie\/#primaryimage"},"thumbnailUrl":"https:\/\/qingdaohf.com\/wp-content\/uploads\/2023\/01\/X-FLAT-TIE-5.jpg","datePublished":"2023-01-12T03:46:18+00:00","dateModified":"2025-11-13T01:06:58+00:00","description":"X Flat Tie is a vital component in modern construction, offering improved strength, stability, and ease of use in concrete formwork.","breadcrumb":{"@id":"https:\/\/qingdaohf.com\/product\/x-flat-tie\/#breadcrumb"},"inLanguage":"da-DK","potentialAction":[{"@type":"ReadAction","target":["https:\/\/qingdaohf.com\/product\/x-flat-tie\/"]}]},{"@type":"ImageObject","inLanguage":"da-DK","@id":"https:\/\/qingdaohf.com\/product\/x-flat-tie\/#primaryimage","url":"https:\/\/qingdaohf.com\/wp-content\/uploads\/2023\/01\/X-FLAT-TIE-5.jpg","contentUrl":"https:\/\/qingdaohf.com\/wp-content\/uploads\/2023\/01\/X-FLAT-TIE-5.jpg","width":1000,"height":1000,"caption":"X FLAT TIE"},{"@type":"BreadcrumbList","@id":"https:\/\/qingdaohf.com\/product\/x-flat-tie\/#breadcrumb","itemListElement":[{"@type":"ListItem","position":1,"name":"Home","item":"https:\/\/qingdaohf.com\/"},{"@type":"ListItem","position":2,"name":"Concrete Forming Accessories and Rigging Hardware","item":"https:\/\/qingdaohf.com\/bg\/?page_id=944"},{"@type":"ListItem","position":3,"name":"Heavy Duty Concrete Forming X Flat Ties"}]},{"@type":"WebSite","@id":"https:\/\/qingdaohf.com\/bg\/#website","url":"https:\/\/qingdaohf.com\/bg\/","name":"Concrete Form & Rigging Hardware Supplier","description":"","publisher":{"@id":"https:\/\/qingdaohf.com\/bg\/#organization"},"potentialAction":[{"@type":"SearchAction","target":{"@type":"EntryPoint","urlTemplate":"https:\/\/qingdaohf.com\/bg\/?s={search_term_string}"},"query-input":{"@type":"PropertyValueSpecification","valueRequired":true,"valueName":"search_term_string"}}],"inLanguage":"da-DK"},{"@type":"Organization","@id":"https:\/\/qingdaohf.com\/bg\/#organization","name":"Qingdao H&F","url":"https:\/\/qingdaohf.com\/bg\/","logo":{"@type":"ImageObject","inLanguage":"da-DK","@id":"https:\/\/qingdaohf.com\/bg\/#\/schema\/logo\/image\/","url":"https:\/\/qingdaohf.com\/wp-content\/uploads\/2022\/12\/cropped-HF-LOGO.png","contentUrl":"https:\/\/qingdaohf.com\/wp-content\/uploads\/2022\/12\/cropped-HF-LOGO.png","width":391,"height":249,"caption":"Qingdao H&F"},"image":{"@id":"https:\/\/qingdaohf.com\/bg\/#\/schema\/logo\/image\/"},"sameAs":["https:\/\/www.facebook.com\/qingdaohf"]}]}},"_links":{"self":[{"href":"https:\/\/qingdaohf.com\/da\/wp-json\/wp\/v2\/product\/1685","targetHints":{"allow":["GET"]}}],"collection":[{"href":"https:\/\/qingdaohf.com\/da\/wp-json\/wp\/v2\/product"}],"about":[{"href":"https:\/\/qingdaohf.com\/da\/wp-json\/wp\/v2\/types\/product"}],"replies":[{"embeddable":true,"href":"https:\/\/qingdaohf.com\/da\/wp-json\/wp\/v2\/comments?post=1685"}],"version-history":[{"count":25,"href":"https:\/\/qingdaohf.com\/da\/wp-json\/wp\/v2\/product\/1685\/revisions"}],"predecessor-version":[{"id":10249,"href":"https:\/\/qingdaohf.com\/da\/wp-json\/wp\/v2\/product\/1685\/revisions\/10249"}],"wp:featuredmedia":[{"embeddable":true,"href":"https:\/\/qingdaohf.com\/da\/wp-json\/wp\/v2\/media\/4700"}],"wp:attachment":[{"href":"https:\/\/qingdaohf.com\/da\/wp-json\/wp\/v2\/media?parent=1685"}],"wp:term":[{"taxonomy":"product_brand","embeddable":true,"href":"https:\/\/qingdaohf.com\/da\/wp-json\/wp\/v2\/product_brand?post=1685"},{"taxonomy":"product_cat","embeddable":true,"href":"https:\/\/qingdaohf.com\/da\/wp-json\/wp\/v2\/product_cat?post=1685"},{"taxonomy":"product_tag","embeddable":true,"href":"https:\/\/qingdaohf.com\/da\/wp-json\/wp\/v2\/product_tag?post=1685"}],"curies":[{"name":"wp","href":"https:\/\/api.w.org\/{rel}","templated":true}]}}