{"id":1731,"date":"2024-06-24T14:06:56","date_gmt":"2024-06-24T06:06:56","guid":{"rendered":"http:\/\/qingdaohf.com\/?post_type=product&#038;p=1731"},"modified":"2025-11-13T09:03:15","modified_gmt":"2025-11-13T01:03:15","slug":"spreader-cleats","status":"publish","type":"product","link":"https:\/\/qingdaohf.com\/da\/vare\/afstandsstykke-i-lag\/","title":{"rendered":"Afstandsklodser til betonplader"},"content":{"rendered":"<h2 data-pm-slice=\"1 1 []\">Betydningen af afstandsklodser til betonlag i byggeriet<\/h2>\n<p>I den kr\u00e6vende verden af betonbyggeri er pr\u00e6cision og stabilitet afg\u00f8rende for at opn\u00e5 resultater af h\u00f8j kvalitet. Concrete Ply Spacer Spreader Cleats spiller en central rolle i at opretholde en ensartet afstand mellem forskallingspaneler og sikre, at den endelige struktur opfylder de kr\u00e6vede dimensioner og styrkestandarder. Disse klodser giver vigtig st\u00f8tte ved at sikre krydsfinerforskallingen p\u00e5 plads, forhindre deformation og give mulighed for en j\u00e6vn betonst\u00f8bning. Uanset om de bruges i store infrastrukturprojekter eller mindre boligbyggerier, kan de rigtige spredeklodser forbedre betonoverfladernes holdbarhed og finish betydeligt.<\/p>\n<p>Hos Qingdao H&amp;F forst\u00e5r vi de udfordringer, som fagfolk i byggebranchen st\u00e5r over for, og derfor tilbyder vi en r\u00e6kke h\u00f8jtydende spredeklodser, der er designet til at opfylde de h\u00e5rdeste projektkrav. Med vores engagement i kvalitet, hurtige leveringscyklusser og dedikerede kundeservice leverer vi en uovertruffen kombination af p\u00e5lidelighed og effektivitet til dine byggebehov.<\/p>\n<p><img fetchpriority=\"high\" decoding=\"async\" class=\"alignnone wp-image-1732 size-full\" src=\"http:\/\/qingdaohf.com\/wp-content\/uploads\/2023\/01\/PLY-SPACER.png\" alt=\"PLY SPACER\" width=\"650\" height=\"458\" srcset=\"https:\/\/qingdaohf.com\/wp-content\/uploads\/2023\/01\/PLY-SPACER.png 650w, https:\/\/qingdaohf.com\/wp-content\/uploads\/2023\/01\/PLY-SPACER-300x211.png 300w, https:\/\/qingdaohf.com\/wp-content\/uploads\/2023\/01\/PLY-SPACER-600x423.png 600w\" sizes=\"(max-width: 650px) 100vw, 650px\" \/><\/p>\n<h2>Funktioner og fordele ved spredeklodser til betonlag<\/h2>\n<p>At v\u00e6lge de rigtige spredeklodser er afg\u00f8rende for at optimere forskallingens effektivitet og sikre en fejlfri betonfinish. Vores Concrete Ply Spacer Spreader Cleats har en r\u00e6kke funktioner, der g\u00f8r dem uundv\u00e6rlige i moderne byggeprojekter.<\/p>\n<p>Holdbarhed er en af de vigtigste egenskaber ved vores klamper. De er fremstillet af h\u00f8jstyrkematerialer som galvaniseret st\u00e5l eller armeret plast og er modstandsdygtige over for korrosion, deformation og de barske forhold ved betonarbejde. Det sikrer lang levetid og ensartet ydeevne p\u00e5 tv\u00e6rs af flere anvendelser, hvilket g\u00f8r dem til en omkostningseffektiv l\u00f8sning for entrepren\u00f8rer.<\/p>\n<p>En anden stor fordel er den pr\u00e6cise afstand, de giver. Uj\u00e6vn eller forkert justeret forskalling kan f\u00f8re til strukturelle svagheder og d\u00e5rlig \u00e6stetik i den f\u00e6rdige beton. Vores spredeklodser garanterer en ensartet adskillelse mellem forskallingspanelerne, hvilket eliminerer variationer og sikrer glatte, ensartede overflader.<\/p>\n<p>Nem installation er ogs\u00e5 en bem\u00e6rkelsesv\u00e6rdig fordel. Vores klodser er designet til hurtig og problemfri anvendelse og g\u00f8r det muligt for arbejderne at s\u00e6tte forskallingen op med minimal indsats, hvilket reducerer arbejdstiden og omkostningerne. Deres brugervenlige design sikrer, at selv mindre erfarne medarbejdere kan opn\u00e5 professionelle resultater uden brug af specialv\u00e6rkt\u00f8j eller -udstyr.<\/p>\n<h2>V\u00e6lg de rigtige spredeklodser til dit projekt<\/h2>\n<p>Der findes forskellige st\u00f8rrelser og materialer, og valget af de rette spredeklodser afh\u00e6nger af de specifikke krav til dit projekt. Til tunge opgaver, som f.eks. bro- eller h\u00f8jhusbyggeri, er st\u00e5lklodser ofte det foretrukne valg p\u00e5 grund af deres enest\u00e5ende b\u00e6reevne og slidstyrke. P\u00e5 den anden side er plastklodser et let og omkostningseffektivt alternativ til projekter, der ikke kr\u00e6ver ekstrem styrke.<\/p>\n<p>Specifikationer for tykkelse og bredde er ogs\u00e5 vigtige overvejelser. Vores spredeklodser f\u00e5s i forskellige dimensioner, s\u00e5 de passer til forskellige forskallingsops\u00e6tninger og sikrer kompatibilitet med forskellige krydsfinertyper og betontykkelser. Vores team hos Qingdao H&amp;F giver ekspertvejledning for at hj\u00e6lpe dig med at finde de bedste klodser til dine unikke byggebehov.<\/p>\n<p>Derudover er overholdelse af industristandarder en kritisk faktor. Alle vores Concrete Ply Spacer Spreader Cleats gennemg\u00e5r strenge kvalitetstest og leveres med detaljerede inspektionsrapporter. Det sikrer, at du f\u00e5r produkter, der opfylder sikkerhedsforskrifterne og leverer en ensartet ydelse, hvilket reducerer risikoen for forskallingsfejl og forsinkelser i byggeriet.<\/p>\n<h2>Hvorfor v\u00e6lge Qingdao H&amp;F til dit tilbeh\u00f8r til betonforskalling?<\/h2>\n<p>Hos Qingdao H&amp;F g\u00f8r vi mere end blot at levere byggematerialer - vi er dedikerede til at levere l\u00f8sninger, der tilf\u00f8rer v\u00e6rdi til dine projekter. Vores personlige kundeservice sikrer, at du f\u00e5r personlig assistance gennem hele indk\u00f8bsprocessen, fra produktvalg til eftersalgssupport. I mods\u00e6tning til andre leverand\u00f8rer, der m\u00e5ske prioriterer volumen frem for kvalitet, fokuserer vi p\u00e5 at levere produkter, der lever op til strenge kvalitetsstandarder.<\/p>\n<p>Hastighed er en anden fordel, vi tilbyder. Vi ved, at tid er en kritisk faktor i byggeriet, og at forsinkelser kan f\u00f8re til \u00f8gede omkostninger. Derfor garanterer vi hurtige leveringscyklusser og sikrer, at du modtager dine spredeklodser, pr\u00e6cis n\u00e5r du har brug for dem. Vores p\u00e5lidelige logistiknetv\u00e6rk giver os mulighed for at udf\u00f8re ordrer effektivt, minimere nedetid og holde dine projekter p\u00e5 tidsplanen.<\/p>\n<p>Desuden adskiller vi os ved vores engagement i gennemsigtighed og tillid. Hvert parti af Concrete Ply Spacer Spreader Cleats ledsages af omfattende kvalitetsinspektionsrapporter, hvilket giver dig fuld tillid til de materialer, du bruger. Dette niveau af ansvarlighed sikrer, at du kan opfylde projektspecifikationerne uden at bekymre dig om produktets ydeevne.<\/p>\n<h2>Konklusion<\/h2>\n<p>Spredeklodser til betonelementer er uundv\u00e6rlige komponenter til at opn\u00e5 pr\u00e6cision og stabilitet i betonforskallingen. De forbedrer projekternes strukturelle integritet ved at opretholde en ensartet afstand, forhindre deformation af forskallingen og muligg\u00f8re en j\u00e6vn betonst\u00f8bning. N\u00e5r du v\u00e6lger spredeklodser af h\u00f8j kvalitet fra Qingdao H&amp;F, f\u00e5r du fordel af holdbarhed, nem installation og overholdelse af branchekrav.<\/p>\n<p>Vores dedikation til kvalitet, hurtige leverancer og personlig service g\u00f8r os til den ideelle partner til dine behov for byggematerialer. Uanset om du har brug for standardst\u00f8rrelser eller tilpassede specifikationer, har vi ekspertisen og ressourcerne til at opfylde dine krav. Kontakt os i dag for at f\u00e5 mere at vide om vores udvalg af afstandsklodser til beton, og hvordan de kan forbedre effektiviteten og p\u00e5lideligheden af dine byggeprojekter.<\/p>\n<div class=\"ast-oembed-container\" style=\"height: 100%;\"><iframe title=\"HF V\u00e6gbindesystem til beton\" width=\"500\" height=\"281\" src=\"https:\/\/www.youtube.com\/embed\/KNe3GjndsAs?feature=oembed\" frameborder=\"0\" allow=\"accelerometer; autoplay; clipboard-write; encrypted-media; gyroscope; picture-in-picture; web-share\" referrerpolicy=\"strict-origin-when-cross-origin\" allowfullscreen><\/iframe><\/div>\n<p>&nbsp;<\/p>","protected":false},"excerpt":{"rendered":"<p>Concrete Ply Spacer Spreader Cleats spiller en vigtig rolle i at fremme n\u00f8jagtig justering og stabilitet i forskallingssystemer, is\u00e6r i betonbyggeprojekter. Klodserne er effektive afstandsstykker, der forhindrer krydsfiner i at vride sig eller bev\u00e6ge sig under st\u00f8bning, hvilket f\u00f8rer til strukturelt solide og j\u00e6vne betonoverflader. Hos Qingdao H&amp;F leverer vi spredeklodser af h\u00f8j kvalitet i forskellige materialer og dimensioner, der passer til forskellige projektspecifikationer. Vores personlige kundeservice, rimelige priser og leveringstider garanterer dig den bedste l\u00f8sning, der passer til dine behov. Vi leverer ogs\u00e5 en grundig kvalitetsinspektionsrapport for vores varer, hvilket giver dig tillid til hver forsendelse.<\/p>","protected":false},"featured_media":2918,"comment_status":"open","ping_status":"closed","template":"","meta":{"site-sidebar-layout":"default","site-content-layout":"default","ast-site-content-layout":"default","site-content-style":"default","site-sidebar-style":"default","ast-global-header-display":"","ast-banner-title-visibility":"","ast-main-header-display":"","ast-hfb-above-header-display":"","ast-hfb-below-header-display":"","ast-hfb-mobile-header-display":"","site-post-title":"","ast-breadcrumbs-content":"","ast-featured-img":"","footer-sml-layout":"","theme-transparent-header-meta":"default","adv-header-id-meta":"","stick-header-meta":"default","header-above-stick-meta":"","header-main-stick-meta":"","header-below-stick-meta":"","astra-migrate-meta-layouts":"set","ast-page-background-enabled":"default","ast-page-background-meta":{"desktop":{"background-color":"","background-image":"","background-repeat":"repeat","background-position":"center center","background-size":"auto","background-attachment":"scroll","background-type":"","background-media":"","overlay-type":"","overlay-color":"","overlay-opacity":"","overlay-gradient":""},"tablet":{"background-color":"","background-image":"","background-repeat":"repeat","background-position":"center center","background-size":"auto","background-attachment":"scroll","background-type":"","background-media":"","overlay-type":"","overlay-color":"","overlay-opacity":"","overlay-gradient":""},"mobile":{"background-color":"","background-image":"","background-repeat":"repeat","background-position":"center center","background-size":"auto","background-attachment":"scroll","background-type":"","background-media":"","overlay-type":"","overlay-color":"","overlay-opacity":"","overlay-gradient":""}},"ast-content-background-meta":{"desktop":{"background-color":"var(--ast-global-color-5)","background-image":"","background-repeat":"repeat","background-position":"center center","background-size":"auto","background-attachment":"scroll","background-type":"","background-media":"","overlay-type":"","overlay-color":"","overlay-opacity":"","overlay-gradient":""},"tablet":{"background-color":"var(--ast-global-color-5)","background-image":"","background-repeat":"repeat","background-position":"center center","background-size":"auto","background-attachment":"scroll","background-type":"","background-media":"","overlay-type":"","overlay-color":"","overlay-opacity":"","overlay-gradient":""},"mobile":{"background-color":"var(--ast-global-color-5)","background-image":"","background-repeat":"repeat","background-position":"center center","background-size":"auto","background-attachment":"scroll","background-type":"","background-media":"","overlay-type":"","overlay-color":"","overlay-opacity":"","overlay-gradient":""}}},"product_brand":[],"product_cat":[28],"product_tag":[],"class_list":{"0":"post-1731","1":"product","2":"type-product","3":"status-publish","4":"has-post-thumbnail","6":"product_cat-concrete-forming","7":"desktop-align-left","8":"tablet-align-left","9":"mobile-align-left","10":"ast-product-gallery-layout-horizontal-slider","11":"ast-product-tabs-layout-horizontal","13":"first","14":"instock","15":"shipping-taxable","16":"purchasable","17":"product-type-simple"},"yoast_head":"<!-- This site is optimized with the Yoast SEO plugin v25.2 - https:\/\/yoast.com\/wordpress\/plugins\/seo\/ -->\n<title>Concrete Ply Spacer Spreader Cleats<\/title>\n<meta name=\"description\" content=\"Plywood form concrete ply spacer.3\/4&quot; ply spacer,1-1\/8&quot; ply spacer.\" \/>\n<meta name=\"robots\" content=\"index, follow, max-snippet:-1, max-image-preview:large, max-video-preview:-1\" \/>\n<link rel=\"canonical\" href=\"https:\/\/qingdaohf.com\/da\/vare\/afstandsstykke-i-lag\/\" \/>\n<meta property=\"og:locale\" content=\"da_DK\" \/>\n<meta property=\"og:type\" content=\"article\" \/>\n<meta property=\"og:title\" content=\"Concrete Ply Spacer Spreader Cleats\" \/>\n<meta property=\"og:description\" content=\"Plywood form concrete ply spacer.3\/4&quot; ply spacer,1-1\/8&quot; ply spacer.\" \/>\n<meta property=\"og:url\" content=\"https:\/\/qingdaohf.com\/da\/vare\/afstandsstykke-i-lag\/\" \/>\n<meta property=\"og:site_name\" content=\"Concrete Form &amp; Rigging Hardware Supplier\" \/>\n<meta property=\"article:publisher\" content=\"https:\/\/www.facebook.com\/qingdaohf\" \/>\n<meta property=\"article:modified_time\" content=\"2025-11-13T01:03:15+00:00\" \/>\n<meta property=\"og:image\" content=\"https:\/\/qingdaohf.com\/wp-content\/uploads\/2023\/01\/PLY-SPACER-3.jpg\" \/>\n\t<meta property=\"og:image:width\" content=\"1000\" \/>\n\t<meta property=\"og:image:height\" content=\"1000\" \/>\n\t<meta property=\"og:image:type\" content=\"image\/jpeg\" \/>\n<meta name=\"twitter:card\" content=\"summary_large_image\" \/>\n<meta name=\"twitter:label1\" content=\"Estimeret l\u00e6setid\" \/>\n\t<meta name=\"twitter:data1\" content=\"4 minutter\" \/>\n<script type=\"application\/ld+json\" class=\"yoast-schema-graph\">{\"@context\":\"https:\/\/schema.org\",\"@graph\":[{\"@type\":\"WebPage\",\"@id\":\"https:\/\/qingdaohf.com\/product\/spreader-cleats\/\",\"url\":\"https:\/\/qingdaohf.com\/product\/spreader-cleats\/\",\"name\":\"Concrete Ply Spacer Spreader Cleats\",\"isPartOf\":{\"@id\":\"https:\/\/qingdaohf.com\/bg\/#website\"},\"primaryImageOfPage\":{\"@id\":\"https:\/\/qingdaohf.com\/product\/spreader-cleats\/#primaryimage\"},\"image\":{\"@id\":\"https:\/\/qingdaohf.com\/product\/spreader-cleats\/#primaryimage\"},\"thumbnailUrl\":\"https:\/\/qingdaohf.com\/wp-content\/uploads\/2023\/01\/PLY-SPACER-3.jpg\",\"datePublished\":\"2024-06-24T06:06:56+00:00\",\"dateModified\":\"2025-11-13T01:03:15+00:00\",\"description\":\"Plywood form concrete ply spacer.3\/4\\\" ply spacer,1-1\/8\\\" ply spacer.\",\"breadcrumb\":{\"@id\":\"https:\/\/qingdaohf.com\/product\/spreader-cleats\/#breadcrumb\"},\"inLanguage\":\"da-DK\",\"potentialAction\":[{\"@type\":\"ReadAction\",\"target\":[\"https:\/\/qingdaohf.com\/product\/spreader-cleats\/\"]}]},{\"@type\":\"ImageObject\",\"inLanguage\":\"da-DK\",\"@id\":\"https:\/\/qingdaohf.com\/product\/spreader-cleats\/#primaryimage\",\"url\":\"https:\/\/qingdaohf.com\/wp-content\/uploads\/2023\/01\/PLY-SPACER-3.jpg\",\"contentUrl\":\"https:\/\/qingdaohf.com\/wp-content\/uploads\/2023\/01\/PLY-SPACER-3.jpg\",\"width\":1000,\"height\":1000,\"caption\":\"PLY SPACER\"},{\"@type\":\"BreadcrumbList\",\"@id\":\"https:\/\/qingdaohf.com\/product\/spreader-cleats\/#breadcrumb\",\"itemListElement\":[{\"@type\":\"ListItem\",\"position\":1,\"name\":\"Home\",\"item\":\"https:\/\/qingdaohf.com\/\"},{\"@type\":\"ListItem\",\"position\":2,\"name\":\"Concrete Forming Accessories and Rigging Hardware\",\"item\":\"https:\/\/qingdaohf.com\/bg\/?page_id=944\"},{\"@type\":\"ListItem\",\"position\":3,\"name\":\"Concrete Ply Spacer Spreader Cleats\"}]},{\"@type\":\"WebSite\",\"@id\":\"https:\/\/qingdaohf.com\/bg\/#website\",\"url\":\"https:\/\/qingdaohf.com\/bg\/\",\"name\":\"Concrete Form & Rigging Hardware Supplier\",\"description\":\"\",\"publisher\":{\"@id\":\"https:\/\/qingdaohf.com\/bg\/#organization\"},\"potentialAction\":[{\"@type\":\"SearchAction\",\"target\":{\"@type\":\"EntryPoint\",\"urlTemplate\":\"https:\/\/qingdaohf.com\/bg\/?s={search_term_string}\"},\"query-input\":{\"@type\":\"PropertyValueSpecification\",\"valueRequired\":true,\"valueName\":\"search_term_string\"}}],\"inLanguage\":\"da-DK\"},{\"@type\":\"Organization\",\"@id\":\"https:\/\/qingdaohf.com\/bg\/#organization\",\"name\":\"Qingdao H&F\",\"url\":\"https:\/\/qingdaohf.com\/bg\/\",\"logo\":{\"@type\":\"ImageObject\",\"inLanguage\":\"da-DK\",\"@id\":\"https:\/\/qingdaohf.com\/bg\/#\/schema\/logo\/image\/\",\"url\":\"https:\/\/qingdaohf.com\/wp-content\/uploads\/2022\/12\/cropped-HF-LOGO.png\",\"contentUrl\":\"https:\/\/qingdaohf.com\/wp-content\/uploads\/2022\/12\/cropped-HF-LOGO.png\",\"width\":391,\"height\":249,\"caption\":\"Qingdao H&F\"},\"image\":{\"@id\":\"https:\/\/qingdaohf.com\/bg\/#\/schema\/logo\/image\/\"},\"sameAs\":[\"https:\/\/www.facebook.com\/qingdaohf\"]}]}<\/script>\n<!-- \/ Yoast SEO plugin. -->","yoast_head_json":{"title":"Concrete Ply Spacer Spreader Cleats","description":"Plywood form concrete ply spacer.3\/4\" ply spacer,1-1\/8\" ply spacer.","robots":{"index":"index","follow":"follow","max-snippet":"max-snippet:-1","max-image-preview":"max-image-preview:large","max-video-preview":"max-video-preview:-1"},"canonical":"https:\/\/qingdaohf.com\/da\/vare\/afstandsstykke-i-lag\/","og_locale":"da_DK","og_type":"article","og_title":"Concrete Ply Spacer Spreader Cleats","og_description":"Plywood form concrete ply spacer.3\/4\" ply spacer,1-1\/8\" ply spacer.","og_url":"https:\/\/qingdaohf.com\/da\/vare\/afstandsstykke-i-lag\/","og_site_name":"Concrete Form &amp; Rigging Hardware Supplier","article_publisher":"https:\/\/www.facebook.com\/qingdaohf","article_modified_time":"2025-11-13T01:03:15+00:00","og_image":[{"width":1000,"height":1000,"url":"https:\/\/qingdaohf.com\/wp-content\/uploads\/2023\/01\/PLY-SPACER-3.jpg","type":"image\/jpeg"}],"twitter_card":"summary_large_image","twitter_misc":{"Estimeret l\u00e6setid":"4 minutter"},"schema":{"@context":"https:\/\/schema.org","@graph":[{"@type":"WebPage","@id":"https:\/\/qingdaohf.com\/product\/spreader-cleats\/","url":"https:\/\/qingdaohf.com\/product\/spreader-cleats\/","name":"Concrete Ply Spacer Spreader Cleats","isPartOf":{"@id":"https:\/\/qingdaohf.com\/bg\/#website"},"primaryImageOfPage":{"@id":"https:\/\/qingdaohf.com\/product\/spreader-cleats\/#primaryimage"},"image":{"@id":"https:\/\/qingdaohf.com\/product\/spreader-cleats\/#primaryimage"},"thumbnailUrl":"https:\/\/qingdaohf.com\/wp-content\/uploads\/2023\/01\/PLY-SPACER-3.jpg","datePublished":"2024-06-24T06:06:56+00:00","dateModified":"2025-11-13T01:03:15+00:00","description":"Plywood form concrete ply spacer.3\/4\" ply spacer,1-1\/8\" ply spacer.","breadcrumb":{"@id":"https:\/\/qingdaohf.com\/product\/spreader-cleats\/#breadcrumb"},"inLanguage":"da-DK","potentialAction":[{"@type":"ReadAction","target":["https:\/\/qingdaohf.com\/product\/spreader-cleats\/"]}]},{"@type":"ImageObject","inLanguage":"da-DK","@id":"https:\/\/qingdaohf.com\/product\/spreader-cleats\/#primaryimage","url":"https:\/\/qingdaohf.com\/wp-content\/uploads\/2023\/01\/PLY-SPACER-3.jpg","contentUrl":"https:\/\/qingdaohf.com\/wp-content\/uploads\/2023\/01\/PLY-SPACER-3.jpg","width":1000,"height":1000,"caption":"PLY SPACER"},{"@type":"BreadcrumbList","@id":"https:\/\/qingdaohf.com\/product\/spreader-cleats\/#breadcrumb","itemListElement":[{"@type":"ListItem","position":1,"name":"Home","item":"https:\/\/qingdaohf.com\/"},{"@type":"ListItem","position":2,"name":"Concrete Forming Accessories and Rigging Hardware","item":"https:\/\/qingdaohf.com\/bg\/?page_id=944"},{"@type":"ListItem","position":3,"name":"Concrete Ply Spacer Spreader Cleats"}]},{"@type":"WebSite","@id":"https:\/\/qingdaohf.com\/bg\/#website","url":"https:\/\/qingdaohf.com\/bg\/","name":"Concrete Form & Rigging Hardware Supplier","description":"","publisher":{"@id":"https:\/\/qingdaohf.com\/bg\/#organization"},"potentialAction":[{"@type":"SearchAction","target":{"@type":"EntryPoint","urlTemplate":"https:\/\/qingdaohf.com\/bg\/?s={search_term_string}"},"query-input":{"@type":"PropertyValueSpecification","valueRequired":true,"valueName":"search_term_string"}}],"inLanguage":"da-DK"},{"@type":"Organization","@id":"https:\/\/qingdaohf.com\/bg\/#organization","name":"Qingdao H&F","url":"https:\/\/qingdaohf.com\/bg\/","logo":{"@type":"ImageObject","inLanguage":"da-DK","@id":"https:\/\/qingdaohf.com\/bg\/#\/schema\/logo\/image\/","url":"https:\/\/qingdaohf.com\/wp-content\/uploads\/2022\/12\/cropped-HF-LOGO.png","contentUrl":"https:\/\/qingdaohf.com\/wp-content\/uploads\/2022\/12\/cropped-HF-LOGO.png","width":391,"height":249,"caption":"Qingdao H&F"},"image":{"@id":"https:\/\/qingdaohf.com\/bg\/#\/schema\/logo\/image\/"},"sameAs":["https:\/\/www.facebook.com\/qingdaohf"]}]}},"_links":{"self":[{"href":"https:\/\/qingdaohf.com\/da\/wp-json\/wp\/v2\/product\/1731","targetHints":{"allow":["GET"]}}],"collection":[{"href":"https:\/\/qingdaohf.com\/da\/wp-json\/wp\/v2\/product"}],"about":[{"href":"https:\/\/qingdaohf.com\/da\/wp-json\/wp\/v2\/types\/product"}],"replies":[{"embeddable":true,"href":"https:\/\/qingdaohf.com\/da\/wp-json\/wp\/v2\/comments?post=1731"}],"version-history":[{"count":5,"href":"https:\/\/qingdaohf.com\/da\/wp-json\/wp\/v2\/product\/1731\/revisions"}],"predecessor-version":[{"id":9012,"href":"https:\/\/qingdaohf.com\/da\/wp-json\/wp\/v2\/product\/1731\/revisions\/9012"}],"wp:featuredmedia":[{"embeddable":true,"href":"https:\/\/qingdaohf.com\/da\/wp-json\/wp\/v2\/media\/2918"}],"wp:attachment":[{"href":"https:\/\/qingdaohf.com\/da\/wp-json\/wp\/v2\/media?parent=1731"}],"wp:term":[{"taxonomy":"product_brand","embeddable":true,"href":"https:\/\/qingdaohf.com\/da\/wp-json\/wp\/v2\/product_brand?post=1731"},{"taxonomy":"product_cat","embeddable":true,"href":"https:\/\/qingdaohf.com\/da\/wp-json\/wp\/v2\/product_cat?post=1731"},{"taxonomy":"product_tag","embeddable":true,"href":"https:\/\/qingdaohf.com\/da\/wp-json\/wp\/v2\/product_tag?post=1731"}],"curies":[{"name":"wp","href":"https:\/\/api.w.org\/{rel}","templated":true}]}}