{"id":2127,"date":"2023-02-10T11:45:19","date_gmt":"2023-02-10T03:45:19","guid":{"rendered":"http:\/\/qingdaohf.com\/?post_type=product&#038;p=2127"},"modified":"2025-11-13T09:06:36","modified_gmt":"2025-11-13T01:06:36","slug":"brick-tie","status":"publish","type":"product","link":"https:\/\/qingdaohf.com\/da\/vare\/murstensband\/","title":{"rendered":"Murstensbindere i rustfrit st\u00e5l til bygningsformning"},"content":{"rendered":"<p>&nbsp;<\/p>\n<p><img fetchpriority=\"high\" decoding=\"async\" class=\"alignnone size-full wp-image-2732\" src=\"http:\/\/qingdaohf.com\/wp-content\/uploads\/2023\/02\/brick-tie-1.jpg\" alt=\"murstensb\u00e5nd\" width=\"1200\" height=\"648\" srcset=\"https:\/\/qingdaohf.com\/wp-content\/uploads\/2023\/02\/brick-tie-1.jpg 1200w, https:\/\/qingdaohf.com\/wp-content\/uploads\/2023\/02\/brick-tie-1-1000x540.jpg 1000w, https:\/\/qingdaohf.com\/wp-content\/uploads\/2023\/02\/brick-tie-1-300x162.jpg 300w, https:\/\/qingdaohf.com\/wp-content\/uploads\/2023\/02\/brick-tie-1-1024x553.jpg 1024w, https:\/\/qingdaohf.com\/wp-content\/uploads\/2023\/02\/brick-tie-1-768x415.jpg 768w\" sizes=\"(max-width: 1200px) 100vw, 1200px\" \/><\/p>\n<p>Velkommen til Qingdao H&amp;F, et veletableret B2B-handelsselskab med over 20 \u00e5rs erfaring, der stolt fungerer som en f\u00f8rende producent, leverand\u00f8r og distribut\u00f8r af tilbeh\u00f8r til betonformning og rigging hardware. Vores fabrik i Kina sikrer f\u00f8rsteklasses murstensb\u00e5nd i rustfrit st\u00e5l, herunder murstensstropper og murstensb\u00e5nd, der er let tilg\u00e6ngelige i bulk til konkurrencedygtige engrospriser. Med et st\u00e6rkt engagement i kvalitet og kundetilfredshed tilbyder vi tilpasningsmuligheder, gratis pr\u00f8ver og fremragende en-til-en-service for at im\u00f8dekomme dine unikke byggebehov.<\/p>\n<div class=\"ast-oembed-container\" style=\"height: 100%;\"><iframe title=\"Murstensbindere til formning af konstruktioner\" width=\"500\" height=\"281\" src=\"https:\/\/www.youtube.com\/embed\/73JqOQyHVuM?feature=oembed\" frameborder=\"0\" allow=\"accelerometer; autoplay; clipboard-write; encrypted-media; gyroscope; picture-in-picture; web-share\" referrerpolicy=\"strict-origin-when-cross-origin\" allowfullscreen><\/iframe><\/div>\n<h2>Hvorfor v\u00e6lge os?<\/h2>\n<h3>Betroet producent med kooperativ fabrik:<\/h3>\n<p>Hos Qingdao H&amp;F stammer vores st\u00e6rke omd\u00f8mme som en p\u00e5lidelig producent fra vores to \u00e5rtiers erfaring og st\u00f8tten fra vores samarbejdsfabrik. Vi sikrer, at hvert eneste murstensb\u00e5nd er fremstillet med pr\u00e6cision og overholder de h\u00f8jeste industristandarder.<\/p>\n<h3>Bredt udvalg af produkter:<\/h3>\n<p>Som f\u00f8rende leverand\u00f8r og forhandler i branchen tilbyder vi et omfattende udvalg af tilbeh\u00f8r til betonformning og rigging hardware med s\u00e6rligt fokus p\u00e5 murstensb\u00e5nd i rustfrit st\u00e5l. Fra murstensb\u00e5nd til murstensb\u00e5nd, vores produkter im\u00f8dekommer forskellige byggekrav.<\/p>\n<h3>Grossist- og distribut\u00f8rservice:<\/h3>\n<p>Vi er stolte af at v\u00e6re en p\u00e5lidelig grossist og distribut\u00f8r, der tilbyder store m\u00e6ngder murstensbindere til betonv\u00e6gge til virksomheder og entrepren\u00f8rer. Vores s\u00f8ml\u00f8se distributionsnetv\u00e6rk sikrer hurtig levering til dit projektsted.<\/p>\n<h3>Kvalitetssikring og bulktilg\u00e6ngelighed:<\/h3>\n<p>Vi prioriterer kvalitet i hvert trin og udf\u00f8rer grundige kvalitetskontroller for at give dig de bedste produkter. Vores murstensbindere er let tilg\u00e6ngelige i bulk, hvilket sikrer uafbrudt forsyning til store projekter.<\/p>\n<h3>Tilpasningsmuligheder og gratis pr\u00f8ver:<\/h3>\n<p>I erkendelse af vores kunders forskellige behov tilbyder vi tilpasningsmuligheder for at skr\u00e6ddersy murstensb\u00e5nd til dine specifikke projektkrav. Bed om gratis pr\u00f8ver for at vurdere vores produkters kvalitet og egnethed, f\u00f8r du k\u00f8ber.<\/p>\n<h3>Effektiv sourcing og en-til-en-service:<\/h3>\n<p>Med vores st\u00e6rke indk\u00f8bskapacitet skaffer vi f\u00f8rsteklasses materialer til at skabe holdbare murstensb\u00e5nd i rustfrit st\u00e5l. Vores dedikerede team yder personlig en-til-en-service og guider dig gennem udv\u00e6lgelses- og tilpasningsprocessen.<\/p>\n<h2>Konklusion om murstensb\u00e5nd<\/h2>\n<p>N\u00e5r det g\u00e6lder indk\u00f8b af murstensb\u00e5nd i rustfrit st\u00e5l af h\u00f8j kvalitet til betonv\u00e6gge, st\u00e5r Qingdao H&amp;F som en p\u00e5lidelig virksomhed med stor erfaring i branchen. Som producent, fabrik, leverand\u00f8r, grossist, forhandler og distribut\u00f8r er vi stolte af at kunne tilbyde produkter, der kan tilpasses, til konkurrencedygtige engrospriser. Med et st\u00e6rkt fokus p\u00e5 kundetilfredshed inviterer vi dig til at opleve vores dedikation til ekspertise gennem gratis pr\u00f8ver og effektiv en-til-en-service. Lad os v\u00e6re din foretrukne partner, n\u00e5r det g\u00e6lder f\u00f8rsteklasses murstensb\u00e5nd til dine byggeprojekter. Kontakt os i dag for at udforske vores omfattende sortiment og finde de perfekte l\u00f8sninger til dine behov.<\/p>\n<p>&nbsp;<\/p>","protected":false},"excerpt":{"rendered":"<p>Murstensb\u00e5nd er sm\u00e5 arkitektoniske elementer, der bruges til at forbinde to murstensv\u00e6gge p\u00e5 tv\u00e6rs af et smalt hulrum eller til at binde en murstensv\u00e6g til en tr\u00e6- eller st\u00e5lramme.<\/p>","protected":false},"featured_media":2483,"comment_status":"open","ping_status":"closed","template":"","meta":{"site-sidebar-layout":"default","site-content-layout":"default","ast-site-content-layout":"","site-content-style":"default","site-sidebar-style":"default","ast-global-header-display":"","ast-banner-title-visibility":"","ast-main-header-display":"","ast-hfb-above-header-display":"","ast-hfb-below-header-display":"","ast-hfb-mobile-header-display":"","site-post-title":"","ast-breadcrumbs-content":"","ast-featured-img":"","footer-sml-layout":"","theme-transparent-header-meta":"default","adv-header-id-meta":"","stick-header-meta":"default","header-above-stick-meta":"","header-main-stick-meta":"","header-below-stick-meta":"","astra-migrate-meta-layouts":"default","ast-page-background-enabled":"default","ast-page-background-meta":{"desktop":{"background-color":"","background-image":"","background-repeat":"repeat","background-position":"center center","background-size":"auto","background-attachment":"scroll","background-type":"","background-media":"","overlay-type":"","overlay-color":"","overlay-opacity":"","overlay-gradient":""},"tablet":{"background-color":"","background-image":"","background-repeat":"repeat","background-position":"center center","background-size":"auto","background-attachment":"scroll","background-type":"","background-media":"","overlay-type":"","overlay-color":"","overlay-opacity":"","overlay-gradient":""},"mobile":{"background-color":"","background-image":"","background-repeat":"repeat","background-position":"center center","background-size":"auto","background-attachment":"scroll","background-type":"","background-media":"","overlay-type":"","overlay-color":"","overlay-opacity":"","overlay-gradient":""}},"ast-content-background-meta":{"desktop":{"background-color":"var(--ast-global-color-5)","background-image":"","background-repeat":"repeat","background-position":"center center","background-size":"auto","background-attachment":"scroll","background-type":"","background-media":"","overlay-type":"","overlay-color":"","overlay-opacity":"","overlay-gradient":""},"tablet":{"background-color":"var(--ast-global-color-5)","background-image":"","background-repeat":"repeat","background-position":"center center","background-size":"auto","background-attachment":"scroll","background-type":"","background-media":"","overlay-type":"","overlay-color":"","overlay-opacity":"","overlay-gradient":""},"mobile":{"background-color":"var(--ast-global-color-5)","background-image":"","background-repeat":"repeat","background-position":"center center","background-size":"auto","background-attachment":"scroll","background-type":"","background-media":"","overlay-type":"","overlay-color":"","overlay-opacity":"","overlay-gradient":""}}},"product_brand":[],"product_cat":[20,29],"product_tag":[],"class_list":{"0":"post-2127","1":"product","2":"type-product","3":"status-publish","4":"has-post-thumbnail","6":"product_cat-concrete-wall-tie","7":"product_cat-formwork-system","8":"desktop-align-left","9":"tablet-align-left","10":"mobile-align-left","11":"ast-product-gallery-layout-horizontal-slider","12":"ast-product-tabs-layout-horizontal","14":"first","15":"instock","16":"shipping-taxable","17":"purchasable","18":"product-type-simple"},"yoast_head":"<!-- This site is optimized with the Yoast SEO plugin v25.2 - https:\/\/yoast.com\/wordpress\/plugins\/seo\/ -->\n<title>Stainless Steel Brick Wall Ties for Construction Forming<\/title>\n<meta name=\"description\" content=\"Brick ties are small architectural elements that are used to connect two brick walls across a narrow cavity or to bind a brick wall to a wood or steel frame.\" \/>\n<meta name=\"robots\" content=\"index, follow, max-snippet:-1, max-image-preview:large, max-video-preview:-1\" \/>\n<link rel=\"canonical\" href=\"https:\/\/qingdaohf.com\/da\/vare\/murstensband\/\" \/>\n<meta property=\"og:locale\" content=\"da_DK\" \/>\n<meta property=\"og:type\" content=\"article\" \/>\n<meta property=\"og:title\" content=\"Stainless Steel Brick Wall Ties for Construction Forming\" \/>\n<meta property=\"og:description\" content=\"Brick ties are small architectural elements that are used to connect two brick walls across a narrow cavity or to bind a brick wall to a wood or steel frame.\" \/>\n<meta property=\"og:url\" content=\"https:\/\/qingdaohf.com\/da\/vare\/murstensband\/\" \/>\n<meta property=\"og:site_name\" content=\"Concrete Form &amp; Rigging Hardware Supplier\" \/>\n<meta property=\"article:publisher\" content=\"https:\/\/www.facebook.com\/qingdaohf\" \/>\n<meta property=\"article:modified_time\" content=\"2025-11-13T01:06:36+00:00\" \/>\n<meta property=\"og:image\" content=\"https:\/\/qingdaohf.com\/wp-content\/uploads\/2023\/02\/\u767d\u5e95\u56fe5.jpg\" \/>\n\t<meta property=\"og:image:width\" content=\"1000\" \/>\n\t<meta property=\"og:image:height\" content=\"1000\" \/>\n\t<meta property=\"og:image:type\" content=\"image\/jpeg\" \/>\n<meta name=\"twitter:card\" content=\"summary_large_image\" \/>\n<meta name=\"twitter:label1\" content=\"Estimeret l\u00e6setid\" \/>\n\t<meta name=\"twitter:data1\" content=\"3 minutter\" \/>\n<script type=\"application\/ld+json\" class=\"yoast-schema-graph\">{\"@context\":\"https:\/\/schema.org\",\"@graph\":[{\"@type\":\"WebPage\",\"@id\":\"https:\/\/qingdaohf.com\/product\/brick-tie\/\",\"url\":\"https:\/\/qingdaohf.com\/product\/brick-tie\/\",\"name\":\"Stainless Steel Brick Wall Ties for Construction Forming\",\"isPartOf\":{\"@id\":\"https:\/\/qingdaohf.com\/bg\/#website\"},\"primaryImageOfPage\":{\"@id\":\"https:\/\/qingdaohf.com\/product\/brick-tie\/#primaryimage\"},\"image\":{\"@id\":\"https:\/\/qingdaohf.com\/product\/brick-tie\/#primaryimage\"},\"thumbnailUrl\":\"https:\/\/qingdaohf.com\/wp-content\/uploads\/2023\/02\/\u767d\u5e95\u56fe5.jpg\",\"datePublished\":\"2023-02-10T03:45:19+00:00\",\"dateModified\":\"2025-11-13T01:06:36+00:00\",\"description\":\"Brick ties are small architectural elements that are used to connect two brick walls across a narrow cavity or to bind a brick wall to a wood or steel frame.\",\"breadcrumb\":{\"@id\":\"https:\/\/qingdaohf.com\/product\/brick-tie\/#breadcrumb\"},\"inLanguage\":\"da-DK\",\"potentialAction\":[{\"@type\":\"ReadAction\",\"target\":[\"https:\/\/qingdaohf.com\/product\/brick-tie\/\"]}]},{\"@type\":\"ImageObject\",\"inLanguage\":\"da-DK\",\"@id\":\"https:\/\/qingdaohf.com\/product\/brick-tie\/#primaryimage\",\"url\":\"https:\/\/qingdaohf.com\/wp-content\/uploads\/2023\/02\/\u767d\u5e95\u56fe5.jpg\",\"contentUrl\":\"https:\/\/qingdaohf.com\/wp-content\/uploads\/2023\/02\/\u767d\u5e95\u56fe5.jpg\",\"width\":1000,\"height\":1000},{\"@type\":\"BreadcrumbList\",\"@id\":\"https:\/\/qingdaohf.com\/product\/brick-tie\/#breadcrumb\",\"itemListElement\":[{\"@type\":\"ListItem\",\"position\":1,\"name\":\"Home\",\"item\":\"https:\/\/qingdaohf.com\/\"},{\"@type\":\"ListItem\",\"position\":2,\"name\":\"Concrete Forming Accessories and Rigging Hardware\",\"item\":\"https:\/\/qingdaohf.com\/bg\/?page_id=944\"},{\"@type\":\"ListItem\",\"position\":3,\"name\":\"Stainless Steel Brick Wall Ties for Construction Forming\"}]},{\"@type\":\"WebSite\",\"@id\":\"https:\/\/qingdaohf.com\/bg\/#website\",\"url\":\"https:\/\/qingdaohf.com\/bg\/\",\"name\":\"Concrete Form & Rigging Hardware Supplier\",\"description\":\"\",\"publisher\":{\"@id\":\"https:\/\/qingdaohf.com\/bg\/#organization\"},\"potentialAction\":[{\"@type\":\"SearchAction\",\"target\":{\"@type\":\"EntryPoint\",\"urlTemplate\":\"https:\/\/qingdaohf.com\/bg\/?s={search_term_string}\"},\"query-input\":{\"@type\":\"PropertyValueSpecification\",\"valueRequired\":true,\"valueName\":\"search_term_string\"}}],\"inLanguage\":\"da-DK\"},{\"@type\":\"Organization\",\"@id\":\"https:\/\/qingdaohf.com\/bg\/#organization\",\"name\":\"Qingdao H&F\",\"url\":\"https:\/\/qingdaohf.com\/bg\/\",\"logo\":{\"@type\":\"ImageObject\",\"inLanguage\":\"da-DK\",\"@id\":\"https:\/\/qingdaohf.com\/bg\/#\/schema\/logo\/image\/\",\"url\":\"https:\/\/qingdaohf.com\/wp-content\/uploads\/2022\/12\/cropped-HF-LOGO.png\",\"contentUrl\":\"https:\/\/qingdaohf.com\/wp-content\/uploads\/2022\/12\/cropped-HF-LOGO.png\",\"width\":391,\"height\":249,\"caption\":\"Qingdao H&F\"},\"image\":{\"@id\":\"https:\/\/qingdaohf.com\/bg\/#\/schema\/logo\/image\/\"},\"sameAs\":[\"https:\/\/www.facebook.com\/qingdaohf\"]}]}<\/script>\n<!-- \/ Yoast SEO plugin. -->","yoast_head_json":{"title":"Stainless Steel Brick Wall Ties for Construction Forming","description":"Brick ties are small architectural elements that are used to connect two brick walls across a narrow cavity or to bind a brick wall to a wood or steel frame.","robots":{"index":"index","follow":"follow","max-snippet":"max-snippet:-1","max-image-preview":"max-image-preview:large","max-video-preview":"max-video-preview:-1"},"canonical":"https:\/\/qingdaohf.com\/da\/vare\/murstensband\/","og_locale":"da_DK","og_type":"article","og_title":"Stainless Steel Brick Wall Ties for Construction Forming","og_description":"Brick ties are small architectural elements that are used to connect two brick walls across a narrow cavity or to bind a brick wall to a wood or steel frame.","og_url":"https:\/\/qingdaohf.com\/da\/vare\/murstensband\/","og_site_name":"Concrete Form &amp; Rigging Hardware Supplier","article_publisher":"https:\/\/www.facebook.com\/qingdaohf","article_modified_time":"2025-11-13T01:06:36+00:00","og_image":[{"width":1000,"height":1000,"url":"https:\/\/qingdaohf.com\/wp-content\/uploads\/2023\/02\/\u767d\u5e95\u56fe5.jpg","type":"image\/jpeg"}],"twitter_card":"summary_large_image","twitter_misc":{"Estimeret l\u00e6setid":"3 minutter"},"schema":{"@context":"https:\/\/schema.org","@graph":[{"@type":"WebPage","@id":"https:\/\/qingdaohf.com\/product\/brick-tie\/","url":"https:\/\/qingdaohf.com\/product\/brick-tie\/","name":"Stainless Steel Brick Wall Ties for Construction Forming","isPartOf":{"@id":"https:\/\/qingdaohf.com\/bg\/#website"},"primaryImageOfPage":{"@id":"https:\/\/qingdaohf.com\/product\/brick-tie\/#primaryimage"},"image":{"@id":"https:\/\/qingdaohf.com\/product\/brick-tie\/#primaryimage"},"thumbnailUrl":"https:\/\/qingdaohf.com\/wp-content\/uploads\/2023\/02\/\u767d\u5e95\u56fe5.jpg","datePublished":"2023-02-10T03:45:19+00:00","dateModified":"2025-11-13T01:06:36+00:00","description":"Brick ties are small architectural elements that are used to connect two brick walls across a narrow cavity or to bind a brick wall to a wood or steel frame.","breadcrumb":{"@id":"https:\/\/qingdaohf.com\/product\/brick-tie\/#breadcrumb"},"inLanguage":"da-DK","potentialAction":[{"@type":"ReadAction","target":["https:\/\/qingdaohf.com\/product\/brick-tie\/"]}]},{"@type":"ImageObject","inLanguage":"da-DK","@id":"https:\/\/qingdaohf.com\/product\/brick-tie\/#primaryimage","url":"https:\/\/qingdaohf.com\/wp-content\/uploads\/2023\/02\/\u767d\u5e95\u56fe5.jpg","contentUrl":"https:\/\/qingdaohf.com\/wp-content\/uploads\/2023\/02\/\u767d\u5e95\u56fe5.jpg","width":1000,"height":1000},{"@type":"BreadcrumbList","@id":"https:\/\/qingdaohf.com\/product\/brick-tie\/#breadcrumb","itemListElement":[{"@type":"ListItem","position":1,"name":"Home","item":"https:\/\/qingdaohf.com\/"},{"@type":"ListItem","position":2,"name":"Concrete Forming Accessories and Rigging Hardware","item":"https:\/\/qingdaohf.com\/bg\/?page_id=944"},{"@type":"ListItem","position":3,"name":"Stainless Steel Brick Wall Ties for Construction Forming"}]},{"@type":"WebSite","@id":"https:\/\/qingdaohf.com\/bg\/#website","url":"https:\/\/qingdaohf.com\/bg\/","name":"Concrete Form & Rigging Hardware Supplier","description":"","publisher":{"@id":"https:\/\/qingdaohf.com\/bg\/#organization"},"potentialAction":[{"@type":"SearchAction","target":{"@type":"EntryPoint","urlTemplate":"https:\/\/qingdaohf.com\/bg\/?s={search_term_string}"},"query-input":{"@type":"PropertyValueSpecification","valueRequired":true,"valueName":"search_term_string"}}],"inLanguage":"da-DK"},{"@type":"Organization","@id":"https:\/\/qingdaohf.com\/bg\/#organization","name":"Qingdao H&F","url":"https:\/\/qingdaohf.com\/bg\/","logo":{"@type":"ImageObject","inLanguage":"da-DK","@id":"https:\/\/qingdaohf.com\/bg\/#\/schema\/logo\/image\/","url":"https:\/\/qingdaohf.com\/wp-content\/uploads\/2022\/12\/cropped-HF-LOGO.png","contentUrl":"https:\/\/qingdaohf.com\/wp-content\/uploads\/2022\/12\/cropped-HF-LOGO.png","width":391,"height":249,"caption":"Qingdao H&F"},"image":{"@id":"https:\/\/qingdaohf.com\/bg\/#\/schema\/logo\/image\/"},"sameAs":["https:\/\/www.facebook.com\/qingdaohf"]}]}},"_links":{"self":[{"href":"https:\/\/qingdaohf.com\/da\/wp-json\/wp\/v2\/product\/2127","targetHints":{"allow":["GET"]}}],"collection":[{"href":"https:\/\/qingdaohf.com\/da\/wp-json\/wp\/v2\/product"}],"about":[{"href":"https:\/\/qingdaohf.com\/da\/wp-json\/wp\/v2\/types\/product"}],"replies":[{"embeddable":true,"href":"https:\/\/qingdaohf.com\/da\/wp-json\/wp\/v2\/comments?post=2127"}],"version-history":[{"count":2,"href":"https:\/\/qingdaohf.com\/da\/wp-json\/wp\/v2\/product\/2127\/revisions"}],"predecessor-version":[{"id":10459,"href":"https:\/\/qingdaohf.com\/da\/wp-json\/wp\/v2\/product\/2127\/revisions\/10459"}],"wp:featuredmedia":[{"embeddable":true,"href":"https:\/\/qingdaohf.com\/da\/wp-json\/wp\/v2\/media\/2483"}],"wp:attachment":[{"href":"https:\/\/qingdaohf.com\/da\/wp-json\/wp\/v2\/media?parent=2127"}],"wp:term":[{"taxonomy":"product_brand","embeddable":true,"href":"https:\/\/qingdaohf.com\/da\/wp-json\/wp\/v2\/product_brand?post=2127"},{"taxonomy":"product_cat","embeddable":true,"href":"https:\/\/qingdaohf.com\/da\/wp-json\/wp\/v2\/product_cat?post=2127"},{"taxonomy":"product_tag","embeddable":true,"href":"https:\/\/qingdaohf.com\/da\/wp-json\/wp\/v2\/product_tag?post=2127"}],"curies":[{"name":"wp","href":"https:\/\/api.w.org\/{rel}","templated":true}]}}