{"id":2646,"date":"2023-03-02T15:27:12","date_gmt":"2023-03-02T07:27:12","guid":{"rendered":"http:\/\/qingdaohf.com\/?post_type=product&#038;p=2646"},"modified":"2025-11-13T09:05:52","modified_gmt":"2025-11-13T01:05:52","slug":"elephant-foot-ferrule","status":"publish","type":"product","link":"https:\/\/qingdaohf.com\/da\/vare\/rudehylster-elefantfodhylster\/","title":{"rendered":"Elefantfod-ring"},"content":{"rendered":"<h2 class=\"text-2xl font-bold mt-1 text-text-200\">Hvad er elefantfodshylstre, og hvorfor er de vigtige?<\/h2>\n<p class=\"whitespace-pre-wrap break-words\">Har du nogensinde undret dig over, hvorfor de kaldes \"elefantfod\"-hylstre? Kig p\u00e5 en af dem, og du vil se det - disse vigtige rigningskomponenter har en karakteristisk udvidet base, der afspejler en elefantfod. Men deres unikke form er ikke kun for syns skyld. Disse specialiserede hylstre er riggeverdenens ubesungne helte, der skaber bundsolide forbindelser mellem st\u00e5lwirer og l\u00f8ftesystemer. Deres smarte design fordeler trykket j\u00e6vnt over tovets tr\u00e5de, holder flosser i skak og opretholder kablets styrke, n\u00e5r det betyder mest.<\/p>\n<p class=\"whitespace-pre-wrap break-words\">Lad os v\u00e6re \u00e6rlige - at v\u00e6lge den rigtige ferrule er ikke noget, man tager let p\u00e5. N\u00e5r du har at g\u00f8re med tunge l\u00f8ft, marinearbejde eller andre rigningsopgaver, hvor sp\u00e6ndingen er enorm, kan dit valg af ferrule v\u00e6re afg\u00f8rende for en operation - nogle gange bogstaveligt talt. Derfor er det ikke bare nyttigt at forst\u00e5 disse komponenter indefra og ud - det er afg\u00f8rende for alle i branchen.<\/p>\n<p><img fetchpriority=\"high\" decoding=\"async\" class=\"alignnone size-full wp-image-3403\" src=\"http:\/\/qingdaohf.com\/wp-content\/uploads\/2023\/03\/50-3.jpg\" alt=\"faneblad\" width=\"1200\" height=\"412\" srcset=\"https:\/\/qingdaohf.com\/wp-content\/uploads\/2023\/03\/50-3.jpg 1200w, https:\/\/qingdaohf.com\/wp-content\/uploads\/2023\/03\/50-3-300x103.jpg 300w, https:\/\/qingdaohf.com\/wp-content\/uploads\/2023\/03\/50-3-1024x352.jpg 1024w, https:\/\/qingdaohf.com\/wp-content\/uploads\/2023\/03\/50-3-768x264.jpg 768w, https:\/\/qingdaohf.com\/wp-content\/uploads\/2023\/03\/50-3-1000x343.jpg 1000w\" sizes=\"(max-width: 1200px) 100vw, 1200px\" \/><\/p>\n<h2 class=\"text-2xl font-bold mt-1 text-text-200\">Hvorfor v\u00e6lge Qingdao H&amp;F til dine elefantfodsindl\u00e6g?<\/h2>\n<p class=\"whitespace-pre-wrap break-words\">Vi hos Qingdao H&amp;F forst\u00e5r det godt - n\u00e5r du skal k\u00f8be riggerhardware, har du brug for en partner, der leverer mere end bare dele. P\u00e5 baggrund af mange \u00e5rs international handelserfaring har vi opbygget vores omd\u00f8mme p\u00e5 at lave f\u00f8rsteklasses hylstre, der holder hele vejen. Men vi ved, at gode produkter kun er udgangspunktet.<\/p>\n<p class=\"whitespace-pre-wrap break-words\">Hvad adskiller os fra andre? For det f\u00f8rste arbejder du direkte med en dedikeret supportperson, der ved, hvad han taler om. Ingen telefontr\u00e6er, ingen omsv\u00f8b - bare \u00e6rlig snak og l\u00f8sninger, der er skr\u00e6ddersyet til dit projekts krav. Brug for tilpassede specifikationer? S\u00e6rlige certificeringer? Vi har styr p\u00e5 det. Og fordi tid er penge, har vi str\u00f8mlinet vores leveringsproces for at holde din virksomhed i gang.<\/p>\n<p class=\"whitespace-pre-wrap break-words\">Kvalitet er ikke bare et buzzword her. Hver ferrule gennemg\u00e5r omfattende test - vi taler om materialestyrke, korrosionsbestandighed, dimensionsn\u00f8jagtighed, hele molevitten. Hver ordre, uanset om det er et enkelt stykke eller tusind, underst\u00f8ttes af detaljerede inspektionsrapporter. For n\u00e5r sikkerheden st\u00e5r p\u00e5 spil, er \"godt nok\" bare ikke godt nok.<\/p>\n<h2 class=\"text-2xl font-bold mt-1 text-text-200\">Forst\u00e5else af design og anvendelse af elefantfodshylstre<\/h2>\n<p class=\"whitespace-pre-wrap break-words\">Det geniale ved disse wireskruer er deres karakteristiske form. Den bredere base er ikke kun for udseendets skyld - den skaber ekstra kompressionsoverflade og griber mere effektivt fat i st\u00e5ltovet, end standardhylstre nogensinde ville kunne. N\u00e5r der l\u00e6gges pres p\u00e5, spredes belastningen j\u00e6vnt over tovets tr\u00e5de, hvilket forhindrer stress-hotspots, der kan f\u00f8re til fejl. Dette smarte design reducerer ogs\u00e5 friktionen, hvor det er vigtigt, og forl\u00e6nger levetiden for b\u00e5de hylster og reb.<\/p>\n<p class=\"whitespace-pre-wrap break-words\">Fra offshore-rigge til byggepladser - overalt, hvor der foreg\u00e5r seri\u00f8se l\u00f8fteoperationer, vil du finde disse hylstre p\u00e5 h\u00e5rdt arbejde. Deres virkelige styrke? Tilpasningsevne. Uanset om du arbejder med rustfrit st\u00e5l, galvaniseret st\u00e5l eller tovv\u00e6rk i speciallegeringer, kan elefantfodsringene klare det. Denne alsidighed g\u00f8r dem ideelle til b\u00e5de permanente installationer og midlertidige ops\u00e6tninger, hvor der ikke m\u00e5 g\u00e5s p\u00e5 kompromis med p\u00e5lideligheden.<\/p>\n<h2 class=\"text-2xl font-bold mt-1 text-text-200\">S\u00e5dan bidrager Elephant Foot Ferrules til sikkerhed og ydeevne<\/h2>\n<p class=\"whitespace-pre-wrap break-words\">I en verden af tungt maskineri og l\u00f8fteudstyr er der ikke noget, der hedder en \"mindre\" komponent. Hver eneste del er vigtig, og disse hylstre spiller en afg\u00f8rende rolle i at forhindre mareridtsscenarier - at rebet glider, flosser eller g\u00e5r i stykker p\u00e5 en katastrofal m\u00e5de. N\u00e5r du l\u00f8fter byrder, der kan for\u00e5rsage alvorlig skade eller personskade, hvis noget g\u00e5r galt, har du brug for hardware, du kan stole p\u00e5.<\/p>\n<p class=\"whitespace-pre-wrap break-words\">Det er ikke almindelige hylstre. De er bygget af f\u00f8rsteklasses materialer og fremstillet med pr\u00e6cision og er konstrueret til at modst\u00e5 stormen - bogstaveligt talt. Fra \u00e6tsende milj\u00f8er til ekstreme temperaturer og h\u00f8jbelastningsapplikationer bliver de ved med at fungere, n\u00e5r mindre hardware ville svigte. Kombiner det med vores strenge kvalitetskontrol, og du har ro i sindet, som du kan regne med.<\/p>\n<h2 class=\"text-2xl font-bold mt-1 text-text-200\">Qingdao H&amp;F's fordel<\/h2>\n<p><img decoding=\"async\" class=\"alignnone wp-image-8732 size-full\" src=\"http:\/\/qingdaohf.com\/wp-content\/uploads\/2023\/03\/HF-packing-5-1.webp\" alt=\"HF-pakning\" width=\"1920\" height=\"1080\" srcset=\"https:\/\/qingdaohf.com\/wp-content\/uploads\/2023\/03\/HF-packing-5-1.webp 1920w, https:\/\/qingdaohf.com\/wp-content\/uploads\/2023\/03\/HF-packing-5-1-300x169.webp 300w, https:\/\/qingdaohf.com\/wp-content\/uploads\/2023\/03\/HF-packing-5-1-1024x576.webp 1024w, https:\/\/qingdaohf.com\/wp-content\/uploads\/2023\/03\/HF-packing-5-1-768x432.webp 768w, https:\/\/qingdaohf.com\/wp-content\/uploads\/2023\/03\/HF-packing-5-1-1536x864.webp 1536w, https:\/\/qingdaohf.com\/wp-content\/uploads\/2023\/03\/HF-packing-5-1-18x10.webp 18w, https:\/\/qingdaohf.com\/wp-content\/uploads\/2023\/03\/HF-packing-5-1-1000x563.webp 1000w\" sizes=\"(max-width: 1920px) 100vw, 1920px\" \/><\/p>\n<p class=\"whitespace-pre-wrap break-words\">At v\u00e6lge Qingdao H&amp;F betyder mere end bare at k\u00f8be ferruler - du f\u00e5r en partner, der investerer i din succes. Vores team lever og \u00e5nder for riggerindustrien, og vi er her for at hj\u00e6lpe dig med at n\u00e5 b\u00e5de umiddelbare udfordringer og langsigtede m\u00e5l.<\/p>\n<p class=\"whitespace-pre-wrap break-words\">Vi har gjort os fortjent til vores ry p\u00e5 den h\u00e5rde m\u00e5de - ved konsekvent at levere kvalitetsprodukter, hurtig levering og support, du rent faktisk kan regne med. Vil du teste, f\u00f8r du investerer? Vi sender dig gratis pr\u00f8ver af vores wireprodukter. Denne praktiske tilgang giver dig mulighed for at kontrollere kompatibilitet og ydeevne, f\u00f8r du tr\u00e6ffer store beslutninger.<\/p>\n<h2 class=\"text-2xl font-bold mt-1 text-text-200\">Konklusion<\/h2>\n<p class=\"whitespace-pre-wrap break-words\">N\u00e5r det drejer sig om l\u00f8fteoperationer, er elefantfodsringe ikke bare endnu en del - de er ro i sindet lavet af metal. Hos Qingdao H&amp;F kombinerer vi f\u00f8rsteklasses produkter med den ekspertise og service, du har brug for, for at holde tingene k\u00f8rende. Uanset om du arbejder inden for byggeri, s\u00f8fart eller andre omr\u00e5der, der kr\u00e6ver skudsikre rigningskomponenter, s\u00e5 leverer vores hylstre. Med omfattende test, personlig support og hurtige leveringstider er vi klar til at v\u00e6re din foretrukne partner inden for rigning og l\u00f8fteudstyr. Er du klar til at l\u00e6re mere? Lad os tale om, hvordan vores elefantfodsringe kan l\u00f8fte dit n\u00e6ste projekt.<\/p>","protected":false},"excerpt":{"rendered":"<p>Elephant Foot Ferrules er af stor betydning i rignings- og l\u00f8fteindustrien, hvor de tjener til at etablere en st\u00e6rk og sikker forbindelse mellem st\u00e5ltove for at opn\u00e5 bedre ydeevne, n\u00e5r de uds\u00e6ttes for tunge belastninger. Kvalitet, n\u00f8jagtighed og kompatibilitet er s\u00e6dvanlige bekymringer for enhver k\u00f8ber; med Qingdao H&amp;F's Elephant Foot Ferrules kan du v\u00e6re sikker p\u00e5 en l\u00f8sning af h\u00f8j kvalitet, der vil opfylde selv de mest kr\u00e6vende krav. Individuel kundeservice, hurtige leveringscyklusser og omfattende kvalitetsinspektionsrapporter er blot nogle af de fordele, der sikrer, at du f\u00e5r det bedste produkt, der er skr\u00e6ddersyet til dine behov, hver gang. Uanset om det er specialst\u00f8rrelser eller en hurtig l\u00f8sning, du har brug for, kan vi hj\u00e6lpe dit projekt hele vejen.<\/p>","protected":false},"featured_media":3398,"comment_status":"open","ping_status":"closed","template":"","meta":{"site-sidebar-layout":"default","site-content-layout":"default","ast-site-content-layout":"default","site-content-style":"default","site-sidebar-style":"default","ast-global-header-display":"","ast-banner-title-visibility":"","ast-main-header-display":"","ast-hfb-above-header-display":"","ast-hfb-below-header-display":"","ast-hfb-mobile-header-display":"","site-post-title":"","ast-breadcrumbs-content":"","ast-featured-img":"","footer-sml-layout":"","theme-transparent-header-meta":"default","adv-header-id-meta":"","stick-header-meta":"default","header-above-stick-meta":"","header-main-stick-meta":"","header-below-stick-meta":"","astra-migrate-meta-layouts":"set","ast-page-background-enabled":"default","ast-page-background-meta":{"desktop":{"background-color":"","background-image":"","background-repeat":"repeat","background-position":"center center","background-size":"auto","background-attachment":"scroll","background-type":"","background-media":"","overlay-type":"","overlay-color":"","overlay-opacity":"","overlay-gradient":""},"tablet":{"background-color":"","background-image":"","background-repeat":"repeat","background-position":"center center","background-size":"auto","background-attachment":"scroll","background-type":"","background-media":"","overlay-type":"","overlay-color":"","overlay-opacity":"","overlay-gradient":""},"mobile":{"background-color":"","background-image":"","background-repeat":"repeat","background-position":"center center","background-size":"auto","background-attachment":"scroll","background-type":"","background-media":"","overlay-type":"","overlay-color":"","overlay-opacity":"","overlay-gradient":""}},"ast-content-background-meta":{"desktop":{"background-color":"var(--ast-global-color-5)","background-image":"","background-repeat":"repeat","background-position":"center center","background-size":"auto","background-attachment":"scroll","background-type":"","background-media":"","overlay-type":"","overlay-color":"","overlay-opacity":"","overlay-gradient":""},"tablet":{"background-color":"var(--ast-global-color-5)","background-image":"","background-repeat":"repeat","background-position":"center center","background-size":"auto","background-attachment":"scroll","background-type":"","background-media":"","overlay-type":"","overlay-color":"","overlay-opacity":"","overlay-gradient":""},"mobile":{"background-color":"var(--ast-global-color-5)","background-image":"","background-repeat":"repeat","background-position":"center center","background-size":"auto","background-attachment":"scroll","background-type":"","background-media":"","overlay-type":"","overlay-color":"","overlay-opacity":"","overlay-gradient":""}}},"product_brand":[],"product_cat":[50,30],"product_tag":[],"class_list":{"0":"post-2646","1":"product","2":"type-product","3":"status-publish","4":"has-post-thumbnail","6":"product_cat-concrete-form-accessories","7":"product_cat-lifting-anchor","8":"desktop-align-left","9":"tablet-align-left","10":"mobile-align-left","11":"ast-product-gallery-layout-horizontal-slider","12":"ast-product-tabs-layout-horizontal","14":"first","15":"instock","16":"shipping-taxable","17":"purchasable","18":"product-type-simple"},"yoast_head":"<!-- This site is optimized with the Yoast SEO plugin v25.2 - https:\/\/yoast.com\/wordpress\/plugins\/seo\/ -->\n<title>Elephant Foot Ferrule<\/title>\n<meta name=\"description\" content=\"Roud Ferrule and Elephant Foot Ferrule it helps to ensure the integrity and longevity of the structures we build.\" \/>\n<meta name=\"robots\" content=\"index, follow, max-snippet:-1, max-image-preview:large, max-video-preview:-1\" \/>\n<link rel=\"canonical\" href=\"https:\/\/qingdaohf.com\/da\/vare\/rudehylster-elefantfodhylster\/\" \/>\n<meta property=\"og:locale\" content=\"da_DK\" \/>\n<meta property=\"og:type\" content=\"article\" \/>\n<meta property=\"og:title\" content=\"Elephant Foot Ferrule\" \/>\n<meta property=\"og:description\" content=\"Roud Ferrule and Elephant Foot Ferrule it helps to ensure the integrity and longevity of the structures we build.\" \/>\n<meta property=\"og:url\" content=\"https:\/\/qingdaohf.com\/da\/vare\/rudehylster-elefantfodhylster\/\" \/>\n<meta property=\"og:site_name\" content=\"Concrete Form &amp; Rigging Hardware Supplier\" \/>\n<meta property=\"article:publisher\" content=\"https:\/\/www.facebook.com\/qingdaohf\" \/>\n<meta property=\"article:modified_time\" content=\"2025-11-13T01:05:52+00:00\" \/>\n<meta property=\"og:image\" content=\"https:\/\/qingdaohf.com\/wp-content\/uploads\/2023\/03\/roud-ferrule-elephant-foot-ferrule-4-1.jpg\" \/>\n\t<meta property=\"og:image:width\" content=\"1000\" \/>\n\t<meta property=\"og:image:height\" content=\"1000\" \/>\n\t<meta property=\"og:image:type\" content=\"image\/jpeg\" \/>\n<meta name=\"twitter:card\" content=\"summary_large_image\" \/>\n<meta name=\"twitter:label1\" content=\"Estimeret l\u00e6setid\" \/>\n\t<meta name=\"twitter:data1\" content=\"4 minutter\" \/>\n<script type=\"application\/ld+json\" class=\"yoast-schema-graph\">{\"@context\":\"https:\/\/schema.org\",\"@graph\":[{\"@type\":\"WebPage\",\"@id\":\"https:\/\/qingdaohf.com\/product\/elephant-foot-ferrule\/\",\"url\":\"https:\/\/qingdaohf.com\/product\/elephant-foot-ferrule\/\",\"name\":\"Elephant Foot Ferrule\",\"isPartOf\":{\"@id\":\"https:\/\/qingdaohf.com\/bg\/#website\"},\"primaryImageOfPage\":{\"@id\":\"https:\/\/qingdaohf.com\/product\/elephant-foot-ferrule\/#primaryimage\"},\"image\":{\"@id\":\"https:\/\/qingdaohf.com\/product\/elephant-foot-ferrule\/#primaryimage\"},\"thumbnailUrl\":\"https:\/\/qingdaohf.com\/wp-content\/uploads\/2023\/03\/roud-ferrule-elephant-foot-ferrule-4-1.jpg\",\"datePublished\":\"2023-03-02T07:27:12+00:00\",\"dateModified\":\"2025-11-13T01:05:52+00:00\",\"description\":\"Roud Ferrule and Elephant Foot Ferrule it helps to ensure the integrity and longevity of the structures we build.\",\"breadcrumb\":{\"@id\":\"https:\/\/qingdaohf.com\/product\/elephant-foot-ferrule\/#breadcrumb\"},\"inLanguage\":\"da-DK\",\"potentialAction\":[{\"@type\":\"ReadAction\",\"target\":[\"https:\/\/qingdaohf.com\/product\/elephant-foot-ferrule\/\"]}]},{\"@type\":\"ImageObject\",\"inLanguage\":\"da-DK\",\"@id\":\"https:\/\/qingdaohf.com\/product\/elephant-foot-ferrule\/#primaryimage\",\"url\":\"https:\/\/qingdaohf.com\/wp-content\/uploads\/2023\/03\/roud-ferrule-elephant-foot-ferrule-4-1.jpg\",\"contentUrl\":\"https:\/\/qingdaohf.com\/wp-content\/uploads\/2023\/03\/roud-ferrule-elephant-foot-ferrule-4-1.jpg\",\"width\":1000,\"height\":1000,\"caption\":\"roud ferrule elephant foot ferrule\"},{\"@type\":\"BreadcrumbList\",\"@id\":\"https:\/\/qingdaohf.com\/product\/elephant-foot-ferrule\/#breadcrumb\",\"itemListElement\":[{\"@type\":\"ListItem\",\"position\":1,\"name\":\"Home\",\"item\":\"https:\/\/qingdaohf.com\/\"},{\"@type\":\"ListItem\",\"position\":2,\"name\":\"Concrete Forming Accessories and Rigging Hardware\",\"item\":\"https:\/\/qingdaohf.com\/bg\/?page_id=944\"},{\"@type\":\"ListItem\",\"position\":3,\"name\":\"Elephant Foot Ferrule\"}]},{\"@type\":\"WebSite\",\"@id\":\"https:\/\/qingdaohf.com\/bg\/#website\",\"url\":\"https:\/\/qingdaohf.com\/bg\/\",\"name\":\"Concrete Form & Rigging Hardware Supplier\",\"description\":\"\",\"publisher\":{\"@id\":\"https:\/\/qingdaohf.com\/bg\/#organization\"},\"potentialAction\":[{\"@type\":\"SearchAction\",\"target\":{\"@type\":\"EntryPoint\",\"urlTemplate\":\"https:\/\/qingdaohf.com\/bg\/?s={search_term_string}\"},\"query-input\":{\"@type\":\"PropertyValueSpecification\",\"valueRequired\":true,\"valueName\":\"search_term_string\"}}],\"inLanguage\":\"da-DK\"},{\"@type\":\"Organization\",\"@id\":\"https:\/\/qingdaohf.com\/bg\/#organization\",\"name\":\"Qingdao H&F\",\"url\":\"https:\/\/qingdaohf.com\/bg\/\",\"logo\":{\"@type\":\"ImageObject\",\"inLanguage\":\"da-DK\",\"@id\":\"https:\/\/qingdaohf.com\/bg\/#\/schema\/logo\/image\/\",\"url\":\"https:\/\/qingdaohf.com\/wp-content\/uploads\/2022\/12\/cropped-HF-LOGO.png\",\"contentUrl\":\"https:\/\/qingdaohf.com\/wp-content\/uploads\/2022\/12\/cropped-HF-LOGO.png\",\"width\":391,\"height\":249,\"caption\":\"Qingdao H&F\"},\"image\":{\"@id\":\"https:\/\/qingdaohf.com\/bg\/#\/schema\/logo\/image\/\"},\"sameAs\":[\"https:\/\/www.facebook.com\/qingdaohf\"]}]}<\/script>\n<!-- \/ Yoast SEO plugin. -->","yoast_head_json":{"title":"Elephant Foot Ferrule","description":"Roud Ferrule and Elephant Foot Ferrule it helps to ensure the integrity and longevity of the structures we build.","robots":{"index":"index","follow":"follow","max-snippet":"max-snippet:-1","max-image-preview":"max-image-preview:large","max-video-preview":"max-video-preview:-1"},"canonical":"https:\/\/qingdaohf.com\/da\/vare\/rudehylster-elefantfodhylster\/","og_locale":"da_DK","og_type":"article","og_title":"Elephant Foot Ferrule","og_description":"Roud Ferrule and Elephant Foot Ferrule it helps to ensure the integrity and longevity of the structures we build.","og_url":"https:\/\/qingdaohf.com\/da\/vare\/rudehylster-elefantfodhylster\/","og_site_name":"Concrete Form &amp; Rigging Hardware Supplier","article_publisher":"https:\/\/www.facebook.com\/qingdaohf","article_modified_time":"2025-11-13T01:05:52+00:00","og_image":[{"width":1000,"height":1000,"url":"https:\/\/qingdaohf.com\/wp-content\/uploads\/2023\/03\/roud-ferrule-elephant-foot-ferrule-4-1.jpg","type":"image\/jpeg"}],"twitter_card":"summary_large_image","twitter_misc":{"Estimeret l\u00e6setid":"4 minutter"},"schema":{"@context":"https:\/\/schema.org","@graph":[{"@type":"WebPage","@id":"https:\/\/qingdaohf.com\/product\/elephant-foot-ferrule\/","url":"https:\/\/qingdaohf.com\/product\/elephant-foot-ferrule\/","name":"Elephant Foot Ferrule","isPartOf":{"@id":"https:\/\/qingdaohf.com\/bg\/#website"},"primaryImageOfPage":{"@id":"https:\/\/qingdaohf.com\/product\/elephant-foot-ferrule\/#primaryimage"},"image":{"@id":"https:\/\/qingdaohf.com\/product\/elephant-foot-ferrule\/#primaryimage"},"thumbnailUrl":"https:\/\/qingdaohf.com\/wp-content\/uploads\/2023\/03\/roud-ferrule-elephant-foot-ferrule-4-1.jpg","datePublished":"2023-03-02T07:27:12+00:00","dateModified":"2025-11-13T01:05:52+00:00","description":"Roud Ferrule and Elephant Foot Ferrule it helps to ensure the integrity and longevity of the structures we build.","breadcrumb":{"@id":"https:\/\/qingdaohf.com\/product\/elephant-foot-ferrule\/#breadcrumb"},"inLanguage":"da-DK","potentialAction":[{"@type":"ReadAction","target":["https:\/\/qingdaohf.com\/product\/elephant-foot-ferrule\/"]}]},{"@type":"ImageObject","inLanguage":"da-DK","@id":"https:\/\/qingdaohf.com\/product\/elephant-foot-ferrule\/#primaryimage","url":"https:\/\/qingdaohf.com\/wp-content\/uploads\/2023\/03\/roud-ferrule-elephant-foot-ferrule-4-1.jpg","contentUrl":"https:\/\/qingdaohf.com\/wp-content\/uploads\/2023\/03\/roud-ferrule-elephant-foot-ferrule-4-1.jpg","width":1000,"height":1000,"caption":"roud ferrule elephant foot ferrule"},{"@type":"BreadcrumbList","@id":"https:\/\/qingdaohf.com\/product\/elephant-foot-ferrule\/#breadcrumb","itemListElement":[{"@type":"ListItem","position":1,"name":"Home","item":"https:\/\/qingdaohf.com\/"},{"@type":"ListItem","position":2,"name":"Concrete Forming Accessories and Rigging Hardware","item":"https:\/\/qingdaohf.com\/bg\/?page_id=944"},{"@type":"ListItem","position":3,"name":"Elephant Foot Ferrule"}]},{"@type":"WebSite","@id":"https:\/\/qingdaohf.com\/bg\/#website","url":"https:\/\/qingdaohf.com\/bg\/","name":"Concrete Form & Rigging Hardware Supplier","description":"","publisher":{"@id":"https:\/\/qingdaohf.com\/bg\/#organization"},"potentialAction":[{"@type":"SearchAction","target":{"@type":"EntryPoint","urlTemplate":"https:\/\/qingdaohf.com\/bg\/?s={search_term_string}"},"query-input":{"@type":"PropertyValueSpecification","valueRequired":true,"valueName":"search_term_string"}}],"inLanguage":"da-DK"},{"@type":"Organization","@id":"https:\/\/qingdaohf.com\/bg\/#organization","name":"Qingdao H&F","url":"https:\/\/qingdaohf.com\/bg\/","logo":{"@type":"ImageObject","inLanguage":"da-DK","@id":"https:\/\/qingdaohf.com\/bg\/#\/schema\/logo\/image\/","url":"https:\/\/qingdaohf.com\/wp-content\/uploads\/2022\/12\/cropped-HF-LOGO.png","contentUrl":"https:\/\/qingdaohf.com\/wp-content\/uploads\/2022\/12\/cropped-HF-LOGO.png","width":391,"height":249,"caption":"Qingdao H&F"},"image":{"@id":"https:\/\/qingdaohf.com\/bg\/#\/schema\/logo\/image\/"},"sameAs":["https:\/\/www.facebook.com\/qingdaohf"]}]}},"_links":{"self":[{"href":"https:\/\/qingdaohf.com\/da\/wp-json\/wp\/v2\/product\/2646","targetHints":{"allow":["GET"]}}],"collection":[{"href":"https:\/\/qingdaohf.com\/da\/wp-json\/wp\/v2\/product"}],"about":[{"href":"https:\/\/qingdaohf.com\/da\/wp-json\/wp\/v2\/types\/product"}],"replies":[{"embeddable":true,"href":"https:\/\/qingdaohf.com\/da\/wp-json\/wp\/v2\/comments?post=2646"}],"version-history":[{"count":4,"href":"https:\/\/qingdaohf.com\/da\/wp-json\/wp\/v2\/product\/2646\/revisions"}],"predecessor-version":[{"id":8734,"href":"https:\/\/qingdaohf.com\/da\/wp-json\/wp\/v2\/product\/2646\/revisions\/8734"}],"wp:featuredmedia":[{"embeddable":true,"href":"https:\/\/qingdaohf.com\/da\/wp-json\/wp\/v2\/media\/3398"}],"wp:attachment":[{"href":"https:\/\/qingdaohf.com\/da\/wp-json\/wp\/v2\/media?parent=2646"}],"wp:term":[{"taxonomy":"product_brand","embeddable":true,"href":"https:\/\/qingdaohf.com\/da\/wp-json\/wp\/v2\/product_brand?post=2646"},{"taxonomy":"product_cat","embeddable":true,"href":"https:\/\/qingdaohf.com\/da\/wp-json\/wp\/v2\/product_cat?post=2646"},{"taxonomy":"product_tag","embeddable":true,"href":"https:\/\/qingdaohf.com\/da\/wp-json\/wp\/v2\/product_tag?post=2646"}],"curies":[{"name":"wp","href":"https:\/\/api.w.org\/{rel}","templated":true}]}}