{"id":3549,"date":"2023-04-10T18:57:14","date_gmt":"2023-04-10T10:57:14","guid":{"rendered":"http:\/\/qingdaohf.com\/?post_type=product&#038;p=3549"},"modified":"2025-11-13T09:05:13","modified_gmt":"2025-11-13T01:05:13","slug":"anchor-chain","status":"publish","type":"product","link":"https:\/\/qingdaohf.com\/da\/vare\/ankerkaede\/","title":{"rendered":"Marine ankerk\u00e6de Fort\u00f8jningsk\u00e6de"},"content":{"rendered":"<h3><strong>Introduktion til marine ankerk\u00e6der<\/strong><\/h3>\n<p>I en verden af skibsudstyr er ankerk\u00e6der vigtige komponenter, der bruges til at stabilisere og sikre fart\u00f8jer under dokning eller fort\u00f8jning. Disse k\u00e6der er et vigtigt bindeled mellem et fart\u00f8j og dets forankringssystem og giver stabilitet selv under turbulente havforhold. I betragtning af ankerk\u00e6dernes betydning, is\u00e6r i forbindelse med fort\u00f8jning, er det afg\u00f8rende for k\u00f8bere at forst\u00e5 de forskellige typer og fordele, de giver. Marine ankerk\u00e6der, ogs\u00e5 kendt som fort\u00f8jningsk\u00e6der, kategoriseres prim\u00e6rt i to typer: ankerk\u00e6der med knopper og ankerk\u00e6der uden knopper. Disse typer varierer p\u00e5 grund af deres design, holdbarhed og anvendelsesmuligheder, og de giver hver is\u00e6r forskellige fordele i fort\u00f8jningsl\u00f8sninger.<\/p>\n<h3><strong>Stud Link Anchor Chains: Opbygning og anvendelse<\/strong><\/h3>\n<p><img fetchpriority=\"high\" decoding=\"async\" class=\"alignnone size-full wp-image-8170\" src=\"http:\/\/qingdaohf.com\/wp-content\/uploads\/2024\/10\/stud-link-anchor-chain_2.webp\" alt=\"ankerk\u00e6de med knopper\" width=\"842\" height=\"1091\" srcset=\"https:\/\/qingdaohf.com\/wp-content\/uploads\/2024\/10\/stud-link-anchor-chain_2.webp 842w, https:\/\/qingdaohf.com\/wp-content\/uploads\/2024\/10\/stud-link-anchor-chain_2-232x300.webp 232w, https:\/\/qingdaohf.com\/wp-content\/uploads\/2024\/10\/stud-link-anchor-chain_2-790x1024.webp 790w, https:\/\/qingdaohf.com\/wp-content\/uploads\/2024\/10\/stud-link-anchor-chain_2-768x995.webp 768w, https:\/\/qingdaohf.com\/wp-content\/uploads\/2024\/10\/stud-link-anchor-chain_2-9x12.webp 9w\" sizes=\"(max-width: 842px) 100vw, 842px\" \/><\/p>\n<p>Stud link-ankerk\u00e6der er bredt anerkendt i den maritime industri for deres robusthed og b\u00e6reevne. De har en metalstang, eller stud, p\u00e5 tv\u00e6rs af hvert k\u00e6deled, som giver ekstra stabilitet. Dette design minimerer deformation af k\u00e6deleddene under belastning og forbedrer k\u00e6dens modstandsdygtighed over for vridninger, selv under h\u00f8j sp\u00e6nding. Denne holdbarhed g\u00f8r stud link-k\u00e6der til et foretrukket valg til kr\u00e6vende marineopgaver, is\u00e6r p\u00e5 st\u00f8rre fart\u00f8jer, der kr\u00e6ver stor holdekraft.<\/p>\n<p>Strukturen i en stud link-ankerk\u00e6de \u00f8ger ikke kun dens levetid, men forbedrer ogs\u00e5 forholdet mellem styrke og v\u00e6gt. Mange k\u00f8bere prioriterer denne type ankerk\u00e6de p\u00e5 grund af dens evne til at modst\u00e5 intense havmilj\u00f8er, herunder fort\u00f8jningsforhold p\u00e5 dybt vand. K\u00f8bere, der overvejer stud link-k\u00e6der, prioriterer ofte produkttest, ydeevne under ekstreme forhold og overholdelse af maritime sikkerhedsstandarder. Hos Qingdao H&amp;F forst\u00e5r vi disse bekymringer og im\u00f8dekommer dem ved at udf\u00f8re grundige kvalitetsinspektioner, verificere bevisbelastninger og levere certificerede testrapporter.<\/p>\n<p>F.eks. gennemg\u00e5r vores ankerk\u00e6der strenge tests, der opfylder eller overg\u00e5r marine certificeringsstandarder. Denne proces forsikrer vores k\u00f8bere om, at hver k\u00e6de er b\u00e5de holdbar og p\u00e5lidelig, hvilket i sidste ende \u00f8ger skibets sikkerhed. Med vores dedikerede one-to-one kundeservice sikrer vi, at vores kunder forst\u00e5r de tekniske specifikationer fuldt ud og v\u00e6lger den k\u00e6detype, der passer bedst til deres behov.<\/p>\n<h3><strong>Ankerk\u00e6der uden pigge: En fleksibel og let l\u00f8sning<\/strong><\/h3>\n<p><img fetchpriority=\"high\" decoding=\"async\" class=\"alignnone size-full wp-image-8170\" src=\"http:\/\/qingdaohf.com\/wp-content\/uploads\/2024\/10\/stud-link-anchor-chain_2.webp\" alt=\"ankerk\u00e6de med knopper\" width=\"842\" height=\"1091\" srcset=\"https:\/\/qingdaohf.com\/wp-content\/uploads\/2024\/10\/stud-link-anchor-chain_2.webp 842w, https:\/\/qingdaohf.com\/wp-content\/uploads\/2024\/10\/stud-link-anchor-chain_2-232x300.webp 232w, https:\/\/qingdaohf.com\/wp-content\/uploads\/2024\/10\/stud-link-anchor-chain_2-790x1024.webp 790w, https:\/\/qingdaohf.com\/wp-content\/uploads\/2024\/10\/stud-link-anchor-chain_2-768x995.webp 768w, https:\/\/qingdaohf.com\/wp-content\/uploads\/2024\/10\/stud-link-anchor-chain_2-9x12.webp 9w\" sizes=\"(max-width: 842px) 100vw, 842px\" \/><\/p>\n<p>Ankerk\u00e6der uden knopper er en anden popul\u00e6r l\u00f8sning til fort\u00f8jning og v\u00e6rds\u00e6ttes for deres fleksibilitet og reducerede v\u00e6gt. Disse k\u00e6der mangler en tap p\u00e5 tv\u00e6rs af hvert led, hvilket giver et enklere og mere smidigt design. Mens ankerk\u00e6der med knopper er kendt for deres styrke, giver ankerk\u00e6der uden knopper st\u00f8rre tilpasningsevne, hvilket g\u00f8r dem ideelle til anvendelser, hvor v\u00e6gten er altafg\u00f8rende, f.eks. p\u00e5 mindre fart\u00f8jer eller installationer, hvor reduceret k\u00e6dev\u00e6gt giver funktionelle fordele.<\/p>\n<p>Frav\u00e6ret af en knop i hvert led g\u00f8r, at k\u00e6den bev\u00e6ger sig med mindre modstand og giver overlegen fleksibilitet under varierende havforhold. For mange k\u00f8bere er denne fleksibilitet en afg\u00f8rende faktor, is\u00e6r ved ankring af mindre b\u00e5de, hvor en tilpasningsdygtig ankerk\u00e6de er en stor fordel. En anden v\u00e6sentlig fordel ved knopl\u00f8se ankerk\u00e6der er deres reducerede vedligeholdelsesbehov. Med f\u00e6rre strukturelle komponenter kr\u00e6ver de mindre hyppige inspektioner og reparationer sammenlignet med knopk\u00e6der, hvilket g\u00f8r dem til en omkostningseffektiv l\u00f8sning over tid.<\/p>\n<p>Hos Qingdao H&amp;F anerkender vi, at ankerk\u00e6der uden bolte kan appellere til k\u00f8bere, der \u00f8nsker effektivitet i b\u00e5de ydelse og vedligeholdelse. Vores engagement i hurtige leveringscyklusser sikrer, at disse k\u00e6der er let tilg\u00e6ngelige, og vores omfattende kvalitetsinspektionsrapporter giver k\u00f8berne alle de n\u00f8dvendige oplysninger om holdbarhed, belastning og strukturel integritet. Ved at v\u00e6lge en boltl\u00f8s ankerk\u00e6de fra os kan k\u00f8bere trygt investere i en k\u00e6del\u00f8sning, der afbalancerer v\u00e6gt, fleksibilitet og omkostningseffektivitet.<\/p>\n<h3><strong>V\u00e6lg den rigtige ankerk\u00e6de til dine behov<\/strong><\/h3>\n<p>N\u00e5r man skal v\u00e6lge mellem ankerk\u00e6der med og uden pigge, skal man tage h\u00f8jde for forskellige faktorer, herunder fart\u00f8jets st\u00f8rrelse, anvendelsesform\u00e5l og milj\u00f8forhold. Hver type har unikke fordele, der g\u00f8r den velegnet til specifikke scenarier. St\u00f8rre fart\u00f8jer har ofte brug for stud link-ankerk\u00e6der p\u00e5 grund af deres styrke og stabilitet, mens mindre fart\u00f8jer eller dem, der har brug for letv\u00e6gtsk\u00e6der, m\u00e5ske har mere gavn af en studless k\u00e6de.<\/p>\n<p>Begge typer k\u00e6der f\u00e5s i forskellige specifikationer, der passer til forskellige skibsst\u00f8rrelser og fort\u00f8jningskrav. For eksempel er diameteren en afg\u00f8rende faktor for en k\u00e6des b\u00e6reevne og holdbarhed. Et typisk sortiment kan omfatte k\u00e6der med diametre, der passer til forskellige fart\u00f8jsklasser, hvilket sikrer kompatibilitet og optimal ydeevne. Hos Qingdao H&amp;F er vores udvalg af ankerk\u00e6der designet til at im\u00f8dekomme forskellige k\u00f8beres behov med muligheder for tilpasning til specifikke fart\u00f8jskrav.<\/p>\n<p>Ud over k\u00e6detype og -st\u00f8rrelse prioriterer indk\u00f8berne ogs\u00e5 yderligere tjenester, der kan lette deres indk\u00f8bsproces. Hos Qingdao H&amp;F adskiller vi os ved at tilbyde en-til-en-support, der er skr\u00e6ddersyet til hver kundes unikke behov. Denne personlige service str\u00e6kker sig fra den f\u00f8rste konsultation til hj\u00e6lp efter k\u00f8bet og giver k\u00f8berne indsigt i k\u00e6despecifikationer, belastningstest og g\u00e6ldende certificeringer. Vores kunder kan stole p\u00e5 vores engagement i kvalitet, da hvert produkt testes og verificeres grundigt inden afsendelse, hvilket sikrer overholdelse af internationale standarder og ro i sindet for vores k\u00f8bere.<\/p>\n<h3><strong>Konklusion<\/strong><\/h3>\n<p>Marine ankerk\u00e6der, uanset om de er med eller uden pigge, er uundv\u00e6rlige for at sikre skibets stabilitet under fort\u00f8jning. Boltk\u00e6der er med deres ekstra stabilitet og modstandsdygtighed over for deformation ideelle til st\u00f8rre fart\u00f8jer og kr\u00e6vende havmilj\u00f8er. I mods\u00e6tning hertil tilbyder knopl\u00f8se ankerk\u00e6der fleksibilitet, lavere v\u00e6gt og mindre vedligeholdelse, hvilket g\u00f8r dem velegnede til forskellige anvendelser, is\u00e6r med mindre fart\u00f8jer.<\/p>\n<p>Qingdao H&amp;F, et betroet navn inden for handel med marineudstyr, bringer to \u00e5rtiers ekspertise til bordet og tilbyder p\u00e5lidelige k\u00e6der af h\u00f8j kvalitet, der er designet til at opfylde de forskellige krav fra k\u00f8bere i marineindustrien. Vores engagement i kundeservice, hurtige leveringscyklusser og omfattende kvalitetsinspektioner er kernen i vores tjenester og sikrer, at hver kunde f\u00e5r en k\u00e6del\u00f8sning, der opfylder deres specifikke behov.<\/p>\n<p>I en marineindustri i hastig forandring er det uvurderligt at have en p\u00e5lidelig handelspartner, der kan forudse og opfylde kundernes behov. Ved at v\u00e6lge Qingdao H&amp;F f\u00e5r k\u00f8berne ikke kun kvalitetsprodukter, men ogs\u00e5 et partnerskab, der prioriterer deres succes og tilfredshed.<\/p>","protected":false},"excerpt":{"rendered":"<div class=\"flex-shrink-0 flex flex-col relative items-end\">\n<div class=\"pt-0\">\n<div class=\"gizmo-bot-avatar flex h-8 w-8 items-center justify-center overflow-hidden rounded-full\">\n<div class=\"relative p-1 rounded-sm flex items-center justify-center bg-token-main-surface-primary text-token-text-primary h-8 w-8\">Marine ankerk\u00e6der, ofte kaldet fort\u00f8jningsk\u00e6der, spiller en afg\u00f8rende rolle for sikker fastg\u00f8relse af fart\u00f8jer under fort\u00f8jning. De findes i to hovedtyper: ankerk\u00e6der med pigge og ankerk\u00e6der uden pigge. Qingdao H&amp;F har over 20 \u00e5rs ekspertise inden for international handel og forst\u00e5r behovene og prioriteterne hos k\u00f8bere af marineudstyr. Vores personlige kundeservice sikrer skr\u00e6ddersyet support, og vores str\u00f8mlinede processer garanterer hurtige leveringscyklusser. Med en r\u00e6kke kvalitetsinspektionsrapporter for alle vores k\u00e6der hj\u00e6lper vi kunderne med at tr\u00e6ffe velinformerede k\u00f8bsbeslutninger, da de ved, at de produkter, de modtager, er testet og verificeret med hensyn til kvalitet og ydeevne.<\/div>\n<\/div>\n<\/div>\n<\/div>","protected":false},"featured_media":4709,"comment_status":"open","ping_status":"closed","template":"","meta":{"site-sidebar-layout":"default","site-content-layout":"default","ast-site-content-layout":"default","site-content-style":"default","site-sidebar-style":"default","ast-global-header-display":"","ast-banner-title-visibility":"","ast-main-header-display":"","ast-hfb-above-header-display":"","ast-hfb-below-header-display":"","ast-hfb-mobile-header-display":"","site-post-title":"","ast-breadcrumbs-content":"","ast-featured-img":"","footer-sml-layout":"","theme-transparent-header-meta":"default","adv-header-id-meta":"","stick-header-meta":"default","header-above-stick-meta":"","header-main-stick-meta":"","header-below-stick-meta":"","astra-migrate-meta-layouts":"set","ast-page-background-enabled":"default","ast-page-background-meta":{"desktop":{"background-color":"","background-image":"","background-repeat":"repeat","background-position":"center center","background-size":"auto","background-attachment":"scroll","background-type":"","background-media":"","overlay-type":"","overlay-color":"","overlay-opacity":"","overlay-gradient":""},"tablet":{"background-color":"","background-image":"","background-repeat":"repeat","background-position":"center center","background-size":"auto","background-attachment":"scroll","background-type":"","background-media":"","overlay-type":"","overlay-color":"","overlay-opacity":"","overlay-gradient":""},"mobile":{"background-color":"","background-image":"","background-repeat":"repeat","background-position":"center center","background-size":"auto","background-attachment":"scroll","background-type":"","background-media":"","overlay-type":"","overlay-color":"","overlay-opacity":"","overlay-gradient":""}},"ast-content-background-meta":{"desktop":{"background-color":"var(--ast-global-color-5)","background-image":"","background-repeat":"repeat","background-position":"center center","background-size":"auto","background-attachment":"scroll","background-type":"","background-media":"","overlay-type":"","overlay-color":"","overlay-opacity":"","overlay-gradient":""},"tablet":{"background-color":"var(--ast-global-color-5)","background-image":"","background-repeat":"repeat","background-position":"center center","background-size":"auto","background-attachment":"scroll","background-type":"","background-media":"","overlay-type":"","overlay-color":"","overlay-opacity":"","overlay-gradient":""},"mobile":{"background-color":"var(--ast-global-color-5)","background-image":"","background-repeat":"repeat","background-position":"center center","background-size":"auto","background-attachment":"scroll","background-type":"","background-media":"","overlay-type":"","overlay-color":"","overlay-opacity":"","overlay-gradient":""}}},"product_brand":[],"product_cat":[43,38],"product_tag":[],"class_list":{"0":"post-3549","1":"product","2":"type-product","3":"status-publish","4":"has-post-thumbnail","6":"product_cat-rigging-hardware","7":"product_cat-chain","8":"desktop-align-left","9":"tablet-align-left","10":"mobile-align-left","11":"ast-product-gallery-layout-horizontal-slider","12":"ast-product-tabs-layout-horizontal","14":"first","15":"instock","16":"shipping-taxable","17":"purchasable","18":"product-type-simple"},"yoast_head":"<!-- This site is optimized with the Yoast SEO plugin v25.2 - https:\/\/yoast.com\/wordpress\/plugins\/seo\/ -->\n<title>Marine Anchor Chain Mooring Chain<\/title>\n<meta name=\"description\" content=\"The anchor chain is an essential component of maritime equipment used in anchoring and securing a vessel.\" \/>\n<meta name=\"robots\" content=\"index, follow, max-snippet:-1, max-image-preview:large, max-video-preview:-1\" \/>\n<link rel=\"canonical\" href=\"https:\/\/qingdaohf.com\/da\/vare\/ankerkaede\/\" \/>\n<meta property=\"og:locale\" content=\"da_DK\" \/>\n<meta property=\"og:type\" content=\"article\" \/>\n<meta property=\"og:title\" content=\"Marine Anchor Chain Mooring Chain\" \/>\n<meta property=\"og:description\" content=\"The anchor chain is an essential component of maritime equipment used in anchoring and securing a vessel.\" \/>\n<meta property=\"og:url\" content=\"https:\/\/qingdaohf.com\/da\/vare\/ankerkaede\/\" \/>\n<meta property=\"og:site_name\" content=\"Concrete Form &amp; Rigging Hardware Supplier\" \/>\n<meta property=\"article:publisher\" content=\"https:\/\/www.facebook.com\/qingdaohf\" \/>\n<meta property=\"article:modified_time\" content=\"2025-11-13T01:05:13+00:00\" \/>\n<meta property=\"og:image\" content=\"https:\/\/qingdaohf.com\/wp-content\/uploads\/2023\/04\/anchor-chain-2-2.jpg\" \/>\n\t<meta property=\"og:image:width\" content=\"1000\" \/>\n\t<meta property=\"og:image:height\" content=\"1000\" \/>\n\t<meta property=\"og:image:type\" content=\"image\/jpeg\" \/>\n<meta name=\"twitter:card\" content=\"summary_large_image\" \/>\n<meta name=\"twitter:label1\" content=\"Estimeret l\u00e6setid\" \/>\n\t<meta name=\"twitter:data1\" content=\"5 minutter\" \/>\n<script type=\"application\/ld+json\" class=\"yoast-schema-graph\">{\"@context\":\"https:\/\/schema.org\",\"@graph\":[{\"@type\":\"WebPage\",\"@id\":\"https:\/\/qingdaohf.com\/product\/anchor-chain\/\",\"url\":\"https:\/\/qingdaohf.com\/product\/anchor-chain\/\",\"name\":\"Marine Anchor Chain Mooring Chain\",\"isPartOf\":{\"@id\":\"https:\/\/qingdaohf.com\/bg\/#website\"},\"primaryImageOfPage\":{\"@id\":\"https:\/\/qingdaohf.com\/product\/anchor-chain\/#primaryimage\"},\"image\":{\"@id\":\"https:\/\/qingdaohf.com\/product\/anchor-chain\/#primaryimage\"},\"thumbnailUrl\":\"https:\/\/qingdaohf.com\/wp-content\/uploads\/2023\/04\/anchor-chain-2-2.jpg\",\"datePublished\":\"2023-04-10T10:57:14+00:00\",\"dateModified\":\"2025-11-13T01:05:13+00:00\",\"description\":\"The anchor chain is an essential component of maritime equipment used in anchoring and securing a vessel.\",\"breadcrumb\":{\"@id\":\"https:\/\/qingdaohf.com\/product\/anchor-chain\/#breadcrumb\"},\"inLanguage\":\"da-DK\",\"potentialAction\":[{\"@type\":\"ReadAction\",\"target\":[\"https:\/\/qingdaohf.com\/product\/anchor-chain\/\"]}]},{\"@type\":\"ImageObject\",\"inLanguage\":\"da-DK\",\"@id\":\"https:\/\/qingdaohf.com\/product\/anchor-chain\/#primaryimage\",\"url\":\"https:\/\/qingdaohf.com\/wp-content\/uploads\/2023\/04\/anchor-chain-2-2.jpg\",\"contentUrl\":\"https:\/\/qingdaohf.com\/wp-content\/uploads\/2023\/04\/anchor-chain-2-2.jpg\",\"width\":1000,\"height\":1000,\"caption\":\"anchor chain\"},{\"@type\":\"BreadcrumbList\",\"@id\":\"https:\/\/qingdaohf.com\/product\/anchor-chain\/#breadcrumb\",\"itemListElement\":[{\"@type\":\"ListItem\",\"position\":1,\"name\":\"Home\",\"item\":\"https:\/\/qingdaohf.com\/\"},{\"@type\":\"ListItem\",\"position\":2,\"name\":\"Concrete Forming Accessories and Rigging Hardware\",\"item\":\"https:\/\/qingdaohf.com\/bg\/?page_id=944\"},{\"@type\":\"ListItem\",\"position\":3,\"name\":\"Marine Anchor Chain Mooring Chain\"}]},{\"@type\":\"WebSite\",\"@id\":\"https:\/\/qingdaohf.com\/bg\/#website\",\"url\":\"https:\/\/qingdaohf.com\/bg\/\",\"name\":\"Concrete Form & Rigging Hardware Supplier\",\"description\":\"\",\"publisher\":{\"@id\":\"https:\/\/qingdaohf.com\/bg\/#organization\"},\"potentialAction\":[{\"@type\":\"SearchAction\",\"target\":{\"@type\":\"EntryPoint\",\"urlTemplate\":\"https:\/\/qingdaohf.com\/bg\/?s={search_term_string}\"},\"query-input\":{\"@type\":\"PropertyValueSpecification\",\"valueRequired\":true,\"valueName\":\"search_term_string\"}}],\"inLanguage\":\"da-DK\"},{\"@type\":\"Organization\",\"@id\":\"https:\/\/qingdaohf.com\/bg\/#organization\",\"name\":\"Qingdao H&F\",\"url\":\"https:\/\/qingdaohf.com\/bg\/\",\"logo\":{\"@type\":\"ImageObject\",\"inLanguage\":\"da-DK\",\"@id\":\"https:\/\/qingdaohf.com\/bg\/#\/schema\/logo\/image\/\",\"url\":\"https:\/\/qingdaohf.com\/wp-content\/uploads\/2022\/12\/cropped-HF-LOGO.png\",\"contentUrl\":\"https:\/\/qingdaohf.com\/wp-content\/uploads\/2022\/12\/cropped-HF-LOGO.png\",\"width\":391,\"height\":249,\"caption\":\"Qingdao H&F\"},\"image\":{\"@id\":\"https:\/\/qingdaohf.com\/bg\/#\/schema\/logo\/image\/\"},\"sameAs\":[\"https:\/\/www.facebook.com\/qingdaohf\"]}]}<\/script>\n<!-- \/ Yoast SEO plugin. -->","yoast_head_json":{"title":"Marine Anchor Chain Mooring Chain","description":"The anchor chain is an essential component of maritime equipment used in anchoring and securing a vessel.","robots":{"index":"index","follow":"follow","max-snippet":"max-snippet:-1","max-image-preview":"max-image-preview:large","max-video-preview":"max-video-preview:-1"},"canonical":"https:\/\/qingdaohf.com\/da\/vare\/ankerkaede\/","og_locale":"da_DK","og_type":"article","og_title":"Marine Anchor Chain Mooring Chain","og_description":"The anchor chain is an essential component of maritime equipment used in anchoring and securing a vessel.","og_url":"https:\/\/qingdaohf.com\/da\/vare\/ankerkaede\/","og_site_name":"Concrete Form &amp; Rigging Hardware Supplier","article_publisher":"https:\/\/www.facebook.com\/qingdaohf","article_modified_time":"2025-11-13T01:05:13+00:00","og_image":[{"width":1000,"height":1000,"url":"https:\/\/qingdaohf.com\/wp-content\/uploads\/2023\/04\/anchor-chain-2-2.jpg","type":"image\/jpeg"}],"twitter_card":"summary_large_image","twitter_misc":{"Estimeret l\u00e6setid":"5 minutter"},"schema":{"@context":"https:\/\/schema.org","@graph":[{"@type":"WebPage","@id":"https:\/\/qingdaohf.com\/product\/anchor-chain\/","url":"https:\/\/qingdaohf.com\/product\/anchor-chain\/","name":"Marine Anchor Chain Mooring Chain","isPartOf":{"@id":"https:\/\/qingdaohf.com\/bg\/#website"},"primaryImageOfPage":{"@id":"https:\/\/qingdaohf.com\/product\/anchor-chain\/#primaryimage"},"image":{"@id":"https:\/\/qingdaohf.com\/product\/anchor-chain\/#primaryimage"},"thumbnailUrl":"https:\/\/qingdaohf.com\/wp-content\/uploads\/2023\/04\/anchor-chain-2-2.jpg","datePublished":"2023-04-10T10:57:14+00:00","dateModified":"2025-11-13T01:05:13+00:00","description":"The anchor chain is an essential component of maritime equipment used in anchoring and securing a vessel.","breadcrumb":{"@id":"https:\/\/qingdaohf.com\/product\/anchor-chain\/#breadcrumb"},"inLanguage":"da-DK","potentialAction":[{"@type":"ReadAction","target":["https:\/\/qingdaohf.com\/product\/anchor-chain\/"]}]},{"@type":"ImageObject","inLanguage":"da-DK","@id":"https:\/\/qingdaohf.com\/product\/anchor-chain\/#primaryimage","url":"https:\/\/qingdaohf.com\/wp-content\/uploads\/2023\/04\/anchor-chain-2-2.jpg","contentUrl":"https:\/\/qingdaohf.com\/wp-content\/uploads\/2023\/04\/anchor-chain-2-2.jpg","width":1000,"height":1000,"caption":"anchor chain"},{"@type":"BreadcrumbList","@id":"https:\/\/qingdaohf.com\/product\/anchor-chain\/#breadcrumb","itemListElement":[{"@type":"ListItem","position":1,"name":"Home","item":"https:\/\/qingdaohf.com\/"},{"@type":"ListItem","position":2,"name":"Concrete Forming Accessories and Rigging Hardware","item":"https:\/\/qingdaohf.com\/bg\/?page_id=944"},{"@type":"ListItem","position":3,"name":"Marine Anchor Chain Mooring Chain"}]},{"@type":"WebSite","@id":"https:\/\/qingdaohf.com\/bg\/#website","url":"https:\/\/qingdaohf.com\/bg\/","name":"Concrete Form & Rigging Hardware Supplier","description":"","publisher":{"@id":"https:\/\/qingdaohf.com\/bg\/#organization"},"potentialAction":[{"@type":"SearchAction","target":{"@type":"EntryPoint","urlTemplate":"https:\/\/qingdaohf.com\/bg\/?s={search_term_string}"},"query-input":{"@type":"PropertyValueSpecification","valueRequired":true,"valueName":"search_term_string"}}],"inLanguage":"da-DK"},{"@type":"Organization","@id":"https:\/\/qingdaohf.com\/bg\/#organization","name":"Qingdao H&F","url":"https:\/\/qingdaohf.com\/bg\/","logo":{"@type":"ImageObject","inLanguage":"da-DK","@id":"https:\/\/qingdaohf.com\/bg\/#\/schema\/logo\/image\/","url":"https:\/\/qingdaohf.com\/wp-content\/uploads\/2022\/12\/cropped-HF-LOGO.png","contentUrl":"https:\/\/qingdaohf.com\/wp-content\/uploads\/2022\/12\/cropped-HF-LOGO.png","width":391,"height":249,"caption":"Qingdao H&F"},"image":{"@id":"https:\/\/qingdaohf.com\/bg\/#\/schema\/logo\/image\/"},"sameAs":["https:\/\/www.facebook.com\/qingdaohf"]}]}},"_links":{"self":[{"href":"https:\/\/qingdaohf.com\/da\/wp-json\/wp\/v2\/product\/3549","targetHints":{"allow":["GET"]}}],"collection":[{"href":"https:\/\/qingdaohf.com\/da\/wp-json\/wp\/v2\/product"}],"about":[{"href":"https:\/\/qingdaohf.com\/da\/wp-json\/wp\/v2\/types\/product"}],"replies":[{"embeddable":true,"href":"https:\/\/qingdaohf.com\/da\/wp-json\/wp\/v2\/comments?post=3549"}],"version-history":[{"count":8,"href":"https:\/\/qingdaohf.com\/da\/wp-json\/wp\/v2\/product\/3549\/revisions"}],"predecessor-version":[{"id":8096,"href":"https:\/\/qingdaohf.com\/da\/wp-json\/wp\/v2\/product\/3549\/revisions\/8096"}],"wp:featuredmedia":[{"embeddable":true,"href":"https:\/\/qingdaohf.com\/da\/wp-json\/wp\/v2\/media\/4709"}],"wp:attachment":[{"href":"https:\/\/qingdaohf.com\/da\/wp-json\/wp\/v2\/media?parent=3549"}],"wp:term":[{"taxonomy":"product_brand","embeddable":true,"href":"https:\/\/qingdaohf.com\/da\/wp-json\/wp\/v2\/product_brand?post=3549"},{"taxonomy":"product_cat","embeddable":true,"href":"https:\/\/qingdaohf.com\/da\/wp-json\/wp\/v2\/product_cat?post=3549"},{"taxonomy":"product_tag","embeddable":true,"href":"https:\/\/qingdaohf.com\/da\/wp-json\/wp\/v2\/product_tag?post=3549"}],"curies":[{"name":"wp","href":"https:\/\/api.w.org\/{rel}","templated":true}]}}