{"id":3822,"date":"2023-05-19T16:36:58","date_gmt":"2023-05-19T08:36:58","guid":{"rendered":"http:\/\/qingdaohf.com\/?post_type=product&#038;p=3822"},"modified":"2025-11-13T09:05:11","modified_gmt":"2025-11-13T01:05:11","slug":"g215-shackle","status":"publish","type":"product","link":"https:\/\/qingdaohf.com\/da\/vare\/g213-g215-galvaniseret-sjaekel\/","title":{"rendered":"G215 Galvaniseret sj\u00e6kel"},"content":{"rendered":"<p class=\"\" data-start=\"525\" data-end=\"1183\">G215 Shackle er en blanding af robust teknik og raffineret h\u00e5ndv\u00e6rk, der er skr\u00e6ddersyet til en lang r\u00e6kke industrielle anvendelser. Dette produkt er fremstillet med omhyggelig opm\u00e6rksomhed p\u00e5 detaljer og er udviklet til at opfylde strenge standarder for kvalitetskontrol, samtidig med at det tilbyder en praktisk l\u00f8sning til komplekse rigningsbehov. G215 Shackle er konstrueret til at v\u00e6re modstandsdygtig og har en enest\u00e5ende balance mellem b\u00e6restyrke og driftseffektivitet, der im\u00f8dekommer de forskellige udfordringer, man m\u00f8der i forbindelse med tunge opgaver. Konstruktionen afspejler de seneste fremskridt inden for materialevidenskab og sikrer, at hver enhed fungerer p\u00e5lideligt under ugunstige forhold.<\/p>\n<h2 class=\"\" data-start=\"1185\" data-end=\"1223\">Specifikationer og designdetaljer<\/h2>\n<p class=\"\" data-start=\"1224\" data-end=\"1898\">Dette rigningstilbeh\u00f8r er prim\u00e6rt konstrueret af f\u00f8rsteklasses legeret st\u00e5l, som ikke kun garanterer et fremragende styrke-til-v\u00e6gt-forhold, men ogs\u00e5 giver overlegen modstandsdygtighed over for slid og korrosion. G215 Shackle er designet med pr\u00e6cision til at kunne klare specifikke belastningskapaciteter, der passer til forskellige driftskrav. Dens dimensioner og tolerancer er blevet grundigt testet og forfinet for at sikre, at sj\u00e6klen fungerer optimalt, selv n\u00e5r den uds\u00e6ttes for gentagne og store belastninger. Teknikken bag dette produkt indeholder avancerede designelementer, der minimerer enhver potentiel deformation under belastning og dermed forbedrer den overordnede sikkerhed og driftskonsistens.<\/p>\n<h2 class=\"\" data-start=\"1900\" data-end=\"1940\">Materialesammens\u00e6tning og holdbarhed<\/h2>\n<p class=\"\" data-start=\"1941\" data-end=\"2764\">Kernen i G215 Sj\u00e6klens ydeevne er dens overlegne materialesammens\u00e6tning. Det legerede st\u00e5l af h\u00f8j kvalitet, der bruges til fremstillingen, er valgt p\u00e5 grund af dets enest\u00e5ende mekaniske egenskaber, herunder h\u00f8j tr\u00e6kstyrke og modstandsdygtighed over for milj\u00f8m\u00e6ssig nedbrydning. Dette materialevalg bidrager til sj\u00e6kelens imponerende holdbarhed og lange levetid, selv under skiftende vejrforhold og uds\u00e6ttelse for barske industrielle milj\u00f8er. Takket v\u00e6re moderne metallurgiske teknikker lever materialet ikke bare op til, men overg\u00e5r internationale standarder, hvilket har givet sj\u00e6klen adskillige certificeringer, der vidner om dens kvalitet og p\u00e5lidelighed. De strenge kvalitetskontroltests, der udf\u00f8res af akkrediterede organer, validerer yderligere sj\u00e6kelens evne til at opretholde ydeevneintegriteten over l\u00e6ngere brugsperioder.<\/p>\n<h2 class=\"\" data-start=\"2766\" data-end=\"2799\">Anvendelse og brug i industrien<\/h2>\n<p class=\"\" data-start=\"2800\" data-end=\"3604\">G215 Shackle's alsidighed er tydelig i dens brede vifte af anvendelser p\u00e5 tv\u00e6rs af forskellige brancher. Professionelle inden for byggeri, skibsfart og tunge maskiner har fundet ud af, at det innovative design effektivt im\u00f8dekommer kritiske sikkerhedsproblemer og driftskrav. Den pr\u00e6cise konstruktion muligg\u00f8r problemfri integration med andre rigningskomponenter og str\u00f8mliner dermed processer og reducerer risikoen for fejl under intensive opgaver. I scenarier, hvor p\u00e5lidelighed er altafg\u00f8rende, skiller G215 Shackle sig ud som et produkt, der sikrer b\u00e5de sikkerhed og effektivitet. Produktets robuste konstruktion og overholdelse af globale standarder giver brugerne sikkerhed for, at det kan h\u00e5ndtere forskellige udfordringer, fra rutinem\u00e6ssige operationer til de mest kr\u00e6vende industriprojekter.<\/p>\n<p><img fetchpriority=\"high\" decoding=\"async\" class=\"alignnone size-full wp-image-3828\" src=\"http:\/\/qingdaohf.com\/wp-content\/uploads\/2023\/05\/G213-G215.jpg\" alt=\"G213 G215 b\u00f8jle\" width=\"1000\" height=\"1281\" srcset=\"https:\/\/qingdaohf.com\/wp-content\/uploads\/2023\/05\/G213-G215.jpg 1000w, https:\/\/qingdaohf.com\/wp-content\/uploads\/2023\/05\/G213-G215-234x300.jpg 234w, https:\/\/qingdaohf.com\/wp-content\/uploads\/2023\/05\/G213-G215-799x1024.jpg 799w, https:\/\/qingdaohf.com\/wp-content\/uploads\/2023\/05\/G213-G215-768x984.jpg 768w\" sizes=\"(max-width: 1000px) 100vw, 1000px\" \/><\/p>\n<h2 class=\"\" data-start=\"3606\" data-end=\"3644\">Fordele ved at samarbejde med H&amp;F<\/h2>\n<p class=\"\" data-start=\"3645\" data-end=\"4834\">N\u00e5r det g\u00e6lder indk\u00f8b af p\u00e5lideligt riggeudstyr, giver et samarbejde med H&amp;F klare fordele, som adskiller virksomheden fra andre. K\u00f8bere s\u00e6tter pris p\u00e5 den omfattende support, der ydes, lige fra gratis pr\u00f8ver til personlig kundeservice, der im\u00f8dekommer individuelle behov. H&amp;F's engagement i kvalitet og service er tydeligt i muligheden for d\u00f8r-til-d\u00f8r-levering, der sikrer rettidig og sikker ankomst af produkterne. Selv om mange produkter kommer fra eksterne udviklere, opretholder H&amp;F en streng inspektionsproces og kvalitetskontrol, der garanterer, at hver enhed opfylder de n\u00f8dvendige certificeringer. Virksomhedens proaktive tilgang til kundeservice og dens dedikation til at facilitere skr\u00e6ddersyede l\u00f8sninger er med til at opbygge varige relationer baseret p\u00e5 tillid og gensidig succes. Kunderne inviteres til at opleve en blanding af ekspertvejledning og innovative produkter, der forenkler kompleksiteten i industriel rigning. Denne dedikation til ekspertise afspejles i alle aspekter af servicen og sikrer, at kunderne ikke kun f\u00e5r et produkt af h\u00f8j kvalitet som G215 Shackle, men ogs\u00e5 et omfattende supportsystem, der forbedrer den samlede driftseffektivitet.<\/p>\n<p class=\"\" data-start=\"4836\" data-end=\"5432\">Den detaljerede analyse af G215 Shackle fremh\u00e6ver dens overlegne teknik, enest\u00e5ende materialekvalitet og overholdelse af strenge kvalitetsstandarder. Dens pr\u00e6cise design g\u00f8r den til et foretrukket valg for fagfolk i sektorer, der kr\u00e6ver p\u00e5lidelighed og ydeevne. Desuden forst\u00e6rker de strategiske fordele, som H&amp;F tilbyder, herunder personlig kundeservice og effektive leveringssystemer, v\u00e6rdien af at v\u00e6lge dette produkt. Med v\u00e6gt p\u00e5 sikkerhed, holdbarhed og kundeorienteret support repr\u00e6senterer G215 Shackle en p\u00e5lidelig l\u00f8sning til det moderne industrilandskab.<\/p>","protected":false},"excerpt":{"rendered":"<p>G215 Shackle er et pr\u00e6cisionskonstrueret tilbeh\u00f8r til rigning, omhyggeligt designet til kr\u00e6vende opgaver. Denne sj\u00e6kel er fremstillet af legeret st\u00e5l af h\u00f8j kvalitet og grundigt testet for kvalitet og sikkerhed, og den har en enest\u00e5ende holdbarhed og p\u00e5lidelighed i kr\u00e6vende industrielle milj\u00f8er. Dens alsidige design og strenge overholdelse af internationale certificeringer g\u00f8r den til et ideelt valg for fagfolk, der s\u00f8ger p\u00e5lidelig ydeevne og tilpassede l\u00f8sninger.<\/p>","protected":false},"featured_media":6333,"comment_status":"open","ping_status":"closed","template":"","meta":{"site-sidebar-layout":"default","site-content-layout":"default","ast-site-content-layout":"default","site-content-style":"default","site-sidebar-style":"default","ast-global-header-display":"","ast-banner-title-visibility":"","ast-main-header-display":"","ast-hfb-above-header-display":"","ast-hfb-below-header-display":"","ast-hfb-mobile-header-display":"","site-post-title":"","ast-breadcrumbs-content":"","ast-featured-img":"","footer-sml-layout":"","theme-transparent-header-meta":"default","adv-header-id-meta":"","stick-header-meta":"default","header-above-stick-meta":"","header-main-stick-meta":"","header-below-stick-meta":"","astra-migrate-meta-layouts":"set","ast-page-background-enabled":"default","ast-page-background-meta":{"desktop":{"background-color":"","background-image":"","background-repeat":"repeat","background-position":"center center","background-size":"auto","background-attachment":"scroll","background-type":"","background-media":"","overlay-type":"","overlay-color":"","overlay-opacity":"","overlay-gradient":""},"tablet":{"background-color":"","background-image":"","background-repeat":"repeat","background-position":"center center","background-size":"auto","background-attachment":"scroll","background-type":"","background-media":"","overlay-type":"","overlay-color":"","overlay-opacity":"","overlay-gradient":""},"mobile":{"background-color":"","background-image":"","background-repeat":"repeat","background-position":"center center","background-size":"auto","background-attachment":"scroll","background-type":"","background-media":"","overlay-type":"","overlay-color":"","overlay-opacity":"","overlay-gradient":""}},"ast-content-background-meta":{"desktop":{"background-color":"var(--ast-global-color-5)","background-image":"","background-repeat":"repeat","background-position":"center center","background-size":"auto","background-attachment":"scroll","background-type":"","background-media":"","overlay-type":"","overlay-color":"","overlay-opacity":"","overlay-gradient":""},"tablet":{"background-color":"var(--ast-global-color-5)","background-image":"","background-repeat":"repeat","background-position":"center center","background-size":"auto","background-attachment":"scroll","background-type":"","background-media":"","overlay-type":"","overlay-color":"","overlay-opacity":"","overlay-gradient":""},"mobile":{"background-color":"var(--ast-global-color-5)","background-image":"","background-repeat":"repeat","background-position":"center center","background-size":"auto","background-attachment":"scroll","background-type":"","background-media":"","overlay-type":"","overlay-color":"","overlay-opacity":"","overlay-gradient":""}}},"product_brand":[],"product_cat":[43,54],"product_tag":[],"class_list":{"0":"post-3822","1":"product","2":"type-product","3":"status-publish","4":"has-post-thumbnail","6":"product_cat-rigging-hardware","7":"product_cat-shackle","8":"desktop-align-left","9":"tablet-align-left","10":"mobile-align-left","11":"ast-product-gallery-layout-horizontal-slider","12":"ast-product-gallery-with-no-image","13":"ast-product-tabs-layout-horizontal","15":"first","16":"instock","17":"shipping-taxable","18":"purchasable","19":"product-type-simple"},"yoast_head":"<!-- This site is optimized with the Yoast SEO plugin v25.2 - https:\/\/yoast.com\/wordpress\/plugins\/seo\/ -->\n<title>G215 Galvanized Shackle<\/title>\n<meta name=\"description\" content=\"The G213 Galvanized Shackle and G215 Galvanized Shackle are two types of shackles commonly used in rigging and lifting operations. These shackles provide a secure connection point between various components such as chains, slings, and wire ropes.\" \/>\n<meta name=\"robots\" content=\"index, follow, max-snippet:-1, max-image-preview:large, max-video-preview:-1\" \/>\n<link rel=\"canonical\" href=\"https:\/\/qingdaohf.com\/da\/vare\/g213-g215-galvaniseret-sjaekel\/\" \/>\n<meta property=\"og:locale\" content=\"da_DK\" \/>\n<meta property=\"og:type\" content=\"article\" \/>\n<meta property=\"og:title\" content=\"G215 Galvanized Shackle\" \/>\n<meta property=\"og:description\" content=\"The G213 Galvanized Shackle and G215 Galvanized Shackle are two types of shackles commonly used in rigging and lifting operations. These shackles provide a secure connection point between various components such as chains, slings, and wire ropes.\" \/>\n<meta property=\"og:url\" content=\"https:\/\/qingdaohf.com\/da\/vare\/g213-g215-galvaniseret-sjaekel\/\" \/>\n<meta property=\"og:site_name\" content=\"Concrete Form &amp; Rigging Hardware Supplier\" \/>\n<meta property=\"article:publisher\" content=\"https:\/\/www.facebook.com\/qingdaohf\" \/>\n<meta property=\"article:modified_time\" content=\"2025-11-13T01:05:11+00:00\" \/>\n<meta property=\"og:image\" content=\"https:\/\/qingdaohf.com\/wp-content\/uploads\/2023\/05\/shackle-G215.jpg\" \/>\n\t<meta property=\"og:image:width\" content=\"1000\" \/>\n\t<meta property=\"og:image:height\" content=\"1000\" \/>\n\t<meta property=\"og:image:type\" content=\"image\/jpeg\" \/>\n<meta name=\"twitter:card\" content=\"summary_large_image\" \/>\n<meta name=\"twitter:label1\" content=\"Estimeret l\u00e6setid\" \/>\n\t<meta name=\"twitter:data1\" content=\"4 minutter\" \/>\n<script type=\"application\/ld+json\" class=\"yoast-schema-graph\">{\"@context\":\"https:\/\/schema.org\",\"@graph\":[{\"@type\":\"WebPage\",\"@id\":\"https:\/\/qingdaohf.com\/product\/g215-shackle\/\",\"url\":\"https:\/\/qingdaohf.com\/product\/g215-shackle\/\",\"name\":\"G215 Galvanized Shackle\",\"isPartOf\":{\"@id\":\"https:\/\/qingdaohf.com\/bg\/#website\"},\"primaryImageOfPage\":{\"@id\":\"https:\/\/qingdaohf.com\/product\/g215-shackle\/#primaryimage\"},\"image\":{\"@id\":\"https:\/\/qingdaohf.com\/product\/g215-shackle\/#primaryimage\"},\"thumbnailUrl\":\"https:\/\/qingdaohf.com\/wp-content\/uploads\/2023\/05\/shackle-G215.jpg\",\"datePublished\":\"2023-05-19T08:36:58+00:00\",\"dateModified\":\"2025-11-13T01:05:11+00:00\",\"description\":\"The G213 Galvanized Shackle and G215 Galvanized Shackle are two types of shackles commonly used in rigging and lifting operations. These shackles provide a secure connection point between various components such as chains, slings, and wire ropes.\",\"breadcrumb\":{\"@id\":\"https:\/\/qingdaohf.com\/product\/g215-shackle\/#breadcrumb\"},\"inLanguage\":\"da-DK\",\"potentialAction\":[{\"@type\":\"ReadAction\",\"target\":[\"https:\/\/qingdaohf.com\/product\/g215-shackle\/\"]}]},{\"@type\":\"ImageObject\",\"inLanguage\":\"da-DK\",\"@id\":\"https:\/\/qingdaohf.com\/product\/g215-shackle\/#primaryimage\",\"url\":\"https:\/\/qingdaohf.com\/wp-content\/uploads\/2023\/05\/shackle-G215.jpg\",\"contentUrl\":\"https:\/\/qingdaohf.com\/wp-content\/uploads\/2023\/05\/shackle-G215.jpg\",\"width\":1000,\"height\":1000,\"caption\":\"shackle G215\"},{\"@type\":\"BreadcrumbList\",\"@id\":\"https:\/\/qingdaohf.com\/product\/g215-shackle\/#breadcrumb\",\"itemListElement\":[{\"@type\":\"ListItem\",\"position\":1,\"name\":\"Home\",\"item\":\"https:\/\/qingdaohf.com\/\"},{\"@type\":\"ListItem\",\"position\":2,\"name\":\"Concrete Forming Accessories and Rigging Hardware\",\"item\":\"https:\/\/qingdaohf.com\/bg\/?page_id=944\"},{\"@type\":\"ListItem\",\"position\":3,\"name\":\"G215 Galvanized Shackle\"}]},{\"@type\":\"WebSite\",\"@id\":\"https:\/\/qingdaohf.com\/bg\/#website\",\"url\":\"https:\/\/qingdaohf.com\/bg\/\",\"name\":\"Concrete Form & Rigging Hardware Supplier\",\"description\":\"\",\"publisher\":{\"@id\":\"https:\/\/qingdaohf.com\/bg\/#organization\"},\"potentialAction\":[{\"@type\":\"SearchAction\",\"target\":{\"@type\":\"EntryPoint\",\"urlTemplate\":\"https:\/\/qingdaohf.com\/bg\/?s={search_term_string}\"},\"query-input\":{\"@type\":\"PropertyValueSpecification\",\"valueRequired\":true,\"valueName\":\"search_term_string\"}}],\"inLanguage\":\"da-DK\"},{\"@type\":\"Organization\",\"@id\":\"https:\/\/qingdaohf.com\/bg\/#organization\",\"name\":\"Qingdao H&F\",\"url\":\"https:\/\/qingdaohf.com\/bg\/\",\"logo\":{\"@type\":\"ImageObject\",\"inLanguage\":\"da-DK\",\"@id\":\"https:\/\/qingdaohf.com\/bg\/#\/schema\/logo\/image\/\",\"url\":\"https:\/\/qingdaohf.com\/wp-content\/uploads\/2022\/12\/cropped-HF-LOGO.png\",\"contentUrl\":\"https:\/\/qingdaohf.com\/wp-content\/uploads\/2022\/12\/cropped-HF-LOGO.png\",\"width\":391,\"height\":249,\"caption\":\"Qingdao H&F\"},\"image\":{\"@id\":\"https:\/\/qingdaohf.com\/bg\/#\/schema\/logo\/image\/\"},\"sameAs\":[\"https:\/\/www.facebook.com\/qingdaohf\"]}]}<\/script>\n<!-- \/ Yoast SEO plugin. -->","yoast_head_json":{"title":"G215 Galvanized Shackle","description":"The G213 Galvanized Shackle and G215 Galvanized Shackle are two types of shackles commonly used in rigging and lifting operations. These shackles provide a secure connection point between various components such as chains, slings, and wire ropes.","robots":{"index":"index","follow":"follow","max-snippet":"max-snippet:-1","max-image-preview":"max-image-preview:large","max-video-preview":"max-video-preview:-1"},"canonical":"https:\/\/qingdaohf.com\/da\/vare\/g213-g215-galvaniseret-sjaekel\/","og_locale":"da_DK","og_type":"article","og_title":"G215 Galvanized Shackle","og_description":"The G213 Galvanized Shackle and G215 Galvanized Shackle are two types of shackles commonly used in rigging and lifting operations. These shackles provide a secure connection point between various components such as chains, slings, and wire ropes.","og_url":"https:\/\/qingdaohf.com\/da\/vare\/g213-g215-galvaniseret-sjaekel\/","og_site_name":"Concrete Form &amp; Rigging Hardware Supplier","article_publisher":"https:\/\/www.facebook.com\/qingdaohf","article_modified_time":"2025-11-13T01:05:11+00:00","og_image":[{"width":1000,"height":1000,"url":"https:\/\/qingdaohf.com\/wp-content\/uploads\/2023\/05\/shackle-G215.jpg","type":"image\/jpeg"}],"twitter_card":"summary_large_image","twitter_misc":{"Estimeret l\u00e6setid":"4 minutter"},"schema":{"@context":"https:\/\/schema.org","@graph":[{"@type":"WebPage","@id":"https:\/\/qingdaohf.com\/product\/g215-shackle\/","url":"https:\/\/qingdaohf.com\/product\/g215-shackle\/","name":"G215 Galvanized Shackle","isPartOf":{"@id":"https:\/\/qingdaohf.com\/bg\/#website"},"primaryImageOfPage":{"@id":"https:\/\/qingdaohf.com\/product\/g215-shackle\/#primaryimage"},"image":{"@id":"https:\/\/qingdaohf.com\/product\/g215-shackle\/#primaryimage"},"thumbnailUrl":"https:\/\/qingdaohf.com\/wp-content\/uploads\/2023\/05\/shackle-G215.jpg","datePublished":"2023-05-19T08:36:58+00:00","dateModified":"2025-11-13T01:05:11+00:00","description":"The G213 Galvanized Shackle and G215 Galvanized Shackle are two types of shackles commonly used in rigging and lifting operations. These shackles provide a secure connection point between various components such as chains, slings, and wire ropes.","breadcrumb":{"@id":"https:\/\/qingdaohf.com\/product\/g215-shackle\/#breadcrumb"},"inLanguage":"da-DK","potentialAction":[{"@type":"ReadAction","target":["https:\/\/qingdaohf.com\/product\/g215-shackle\/"]}]},{"@type":"ImageObject","inLanguage":"da-DK","@id":"https:\/\/qingdaohf.com\/product\/g215-shackle\/#primaryimage","url":"https:\/\/qingdaohf.com\/wp-content\/uploads\/2023\/05\/shackle-G215.jpg","contentUrl":"https:\/\/qingdaohf.com\/wp-content\/uploads\/2023\/05\/shackle-G215.jpg","width":1000,"height":1000,"caption":"shackle G215"},{"@type":"BreadcrumbList","@id":"https:\/\/qingdaohf.com\/product\/g215-shackle\/#breadcrumb","itemListElement":[{"@type":"ListItem","position":1,"name":"Home","item":"https:\/\/qingdaohf.com\/"},{"@type":"ListItem","position":2,"name":"Concrete Forming Accessories and Rigging Hardware","item":"https:\/\/qingdaohf.com\/bg\/?page_id=944"},{"@type":"ListItem","position":3,"name":"G215 Galvanized Shackle"}]},{"@type":"WebSite","@id":"https:\/\/qingdaohf.com\/bg\/#website","url":"https:\/\/qingdaohf.com\/bg\/","name":"Concrete Form & Rigging Hardware Supplier","description":"","publisher":{"@id":"https:\/\/qingdaohf.com\/bg\/#organization"},"potentialAction":[{"@type":"SearchAction","target":{"@type":"EntryPoint","urlTemplate":"https:\/\/qingdaohf.com\/bg\/?s={search_term_string}"},"query-input":{"@type":"PropertyValueSpecification","valueRequired":true,"valueName":"search_term_string"}}],"inLanguage":"da-DK"},{"@type":"Organization","@id":"https:\/\/qingdaohf.com\/bg\/#organization","name":"Qingdao H&F","url":"https:\/\/qingdaohf.com\/bg\/","logo":{"@type":"ImageObject","inLanguage":"da-DK","@id":"https:\/\/qingdaohf.com\/bg\/#\/schema\/logo\/image\/","url":"https:\/\/qingdaohf.com\/wp-content\/uploads\/2022\/12\/cropped-HF-LOGO.png","contentUrl":"https:\/\/qingdaohf.com\/wp-content\/uploads\/2022\/12\/cropped-HF-LOGO.png","width":391,"height":249,"caption":"Qingdao H&F"},"image":{"@id":"https:\/\/qingdaohf.com\/bg\/#\/schema\/logo\/image\/"},"sameAs":["https:\/\/www.facebook.com\/qingdaohf"]}]}},"_links":{"self":[{"href":"https:\/\/qingdaohf.com\/da\/wp-json\/wp\/v2\/product\/3822","targetHints":{"allow":["GET"]}}],"collection":[{"href":"https:\/\/qingdaohf.com\/da\/wp-json\/wp\/v2\/product"}],"about":[{"href":"https:\/\/qingdaohf.com\/da\/wp-json\/wp\/v2\/types\/product"}],"replies":[{"embeddable":true,"href":"https:\/\/qingdaohf.com\/da\/wp-json\/wp\/v2\/comments?post=3822"}],"version-history":[{"count":2,"href":"https:\/\/qingdaohf.com\/da\/wp-json\/wp\/v2\/product\/3822\/revisions"}],"predecessor-version":[{"id":9455,"href":"https:\/\/qingdaohf.com\/da\/wp-json\/wp\/v2\/product\/3822\/revisions\/9455"}],"wp:featuredmedia":[{"embeddable":true,"href":"https:\/\/qingdaohf.com\/da\/wp-json\/wp\/v2\/media\/6333"}],"wp:attachment":[{"href":"https:\/\/qingdaohf.com\/da\/wp-json\/wp\/v2\/media?parent=3822"}],"wp:term":[{"taxonomy":"product_brand","embeddable":true,"href":"https:\/\/qingdaohf.com\/da\/wp-json\/wp\/v2\/product_brand?post=3822"},{"taxonomy":"product_cat","embeddable":true,"href":"https:\/\/qingdaohf.com\/da\/wp-json\/wp\/v2\/product_cat?post=3822"},{"taxonomy":"product_tag","embeddable":true,"href":"https:\/\/qingdaohf.com\/da\/wp-json\/wp\/v2\/product_tag?post=3822"}],"curies":[{"name":"wp","href":"https:\/\/api.w.org\/{rel}","templated":true}]}}