{"id":3986,"date":"2023-05-25T14:53:08","date_gmt":"2023-05-25T06:53:08","guid":{"rendered":"http:\/\/qingdaohf.com\/?post_type=product&#038;p=3986"},"modified":"2025-11-13T09:04:46","modified_gmt":"2025-11-13T01:04:46","slug":"eye-jaw-swivel","status":"publish","type":"product","link":"https:\/\/qingdaohf.com\/da\/vare\/oje-kaebe-drejelig\/","title":{"rendered":"Drejeligt \u00f8je og k\u00e6be"},"content":{"rendered":"<p>Eye &amp; Jawivel best\u00e5r af to hoveddele: et \u00f8je og en k\u00e6be. \u00d8jet er en metalsl\u00f8jfe eller -ring med et hul eller en \u00e5bning til fastg\u00f8relse af forskellige genstande eller l\u00f8fteudstyr. K\u00e6ben er en h\u00e6ngslet komponent, der kan \u00e5bnes og lukkes ved hj\u00e6lp af en stift- eller boltmekanisme. K\u00e6ben er designet til at sikre fastg\u00f8relsespunktet og give en p\u00e5lidelig og sikker forbindelse.<\/p>\n<p>En af de prim\u00e6re funktioner ved Eye &amp; Jaw Swivel er at give mulighed for j\u00e6vn rotation og leddeling af last, samtidig med at der opretholdes en sikker forbindelse. \u00d8jets drejeevne g\u00f8r det muligt for de fastgjorte liner, reb, kabler eller k\u00e6der at rotere frit, hvilket reducerer risikoen for sammenfiltring, vridning eller overdreven belastning.<\/p>\n<p>Konstruktionen af Eye &amp; Jaw Swivel involverer robuste materialer som rustfrit st\u00e5l eller legeret st\u00e5l med h\u00f8j styrke for at sikre dens holdbarhed og evne til at modst\u00e5 tunge belastninger og barske milj\u00f8er. Den f\u00e5s i forskellige st\u00f8rrelser og v\u00e6gtkapaciteter for at im\u00f8dekomme forskellige anvendelser og krav.<\/p>\n<p><img fetchpriority=\"high\" decoding=\"async\" class=\"alignnone size-full wp-image-3977\" src=\"http:\/\/qingdaohf.com\/wp-content\/uploads\/2023\/05\/Qingdao-HLM-Industry-Rigging-Hardware_8511_1-e1684997286919.webp\" alt=\"drejelig\" width=\"1000\" height=\"312\" srcset=\"https:\/\/qingdaohf.com\/wp-content\/uploads\/2023\/05\/Qingdao-HLM-Industry-Rigging-Hardware_8511_1-e1684997286919.webp 1000w, https:\/\/qingdaohf.com\/wp-content\/uploads\/2023\/05\/Qingdao-HLM-Industry-Rigging-Hardware_8511_1-e1684997286919-300x94.webp 300w, https:\/\/qingdaohf.com\/wp-content\/uploads\/2023\/05\/Qingdao-HLM-Industry-Rigging-Hardware_8511_1-e1684997286919-768x240.webp 768w\" sizes=\"(max-width: 1000px) 100vw, 1000px\" \/><\/p>","protected":false},"excerpt":{"rendered":"<p>Eye &amp; Jaw Swivel er en alsidig hardwarekomponent, der ofte bruges i brancher som marine, byggeri og rigning. Den er designet til at give fleksibilitet, rotation og b\u00e6reevne i en lang r\u00e6kke anvendelser, ligesom Eye &amp; Eye Swivel.<\/p>","protected":false},"featured_media":3987,"comment_status":"open","ping_status":"closed","template":"","meta":{"site-sidebar-layout":"default","site-content-layout":"default","ast-site-content-layout":"","site-content-style":"default","site-sidebar-style":"default","ast-global-header-display":"","ast-banner-title-visibility":"","ast-main-header-display":"","ast-hfb-above-header-display":"","ast-hfb-below-header-display":"","ast-hfb-mobile-header-display":"","site-post-title":"","ast-breadcrumbs-content":"","ast-featured-img":"","footer-sml-layout":"","theme-transparent-header-meta":"default","adv-header-id-meta":"","stick-header-meta":"default","header-above-stick-meta":"","header-main-stick-meta":"","header-below-stick-meta":"","astra-migrate-meta-layouts":"default","ast-page-background-enabled":"default","ast-page-background-meta":{"desktop":{"background-color":"","background-image":"","background-repeat":"repeat","background-position":"center center","background-size":"auto","background-attachment":"scroll","background-type":"","background-media":"","overlay-type":"","overlay-color":"","overlay-opacity":"","overlay-gradient":""},"tablet":{"background-color":"","background-image":"","background-repeat":"repeat","background-position":"center center","background-size":"auto","background-attachment":"scroll","background-type":"","background-media":"","overlay-type":"","overlay-color":"","overlay-opacity":"","overlay-gradient":""},"mobile":{"background-color":"","background-image":"","background-repeat":"repeat","background-position":"center center","background-size":"auto","background-attachment":"scroll","background-type":"","background-media":"","overlay-type":"","overlay-color":"","overlay-opacity":"","overlay-gradient":""}},"ast-content-background-meta":{"desktop":{"background-color":"var(--ast-global-color-5)","background-image":"","background-repeat":"repeat","background-position":"center center","background-size":"auto","background-attachment":"scroll","background-type":"","background-media":"","overlay-type":"","overlay-color":"","overlay-opacity":"","overlay-gradient":""},"tablet":{"background-color":"var(--ast-global-color-5)","background-image":"","background-repeat":"repeat","background-position":"center center","background-size":"auto","background-attachment":"scroll","background-type":"","background-media":"","overlay-type":"","overlay-color":"","overlay-opacity":"","overlay-gradient":""},"mobile":{"background-color":"var(--ast-global-color-5)","background-image":"","background-repeat":"repeat","background-position":"center center","background-size":"auto","background-attachment":"scroll","background-type":"","background-media":"","overlay-type":"","overlay-color":"","overlay-opacity":"","overlay-gradient":""}}},"product_brand":[],"product_cat":[43,44],"product_tag":[],"class_list":{"0":"post-3986","1":"product","2":"type-product","3":"status-publish","4":"has-post-thumbnail","6":"product_cat-rigging-hardware","7":"product_cat-stainless-steel-poduct","8":"desktop-align-left","9":"tablet-align-left","10":"mobile-align-left","11":"ast-product-gallery-layout-horizontal-slider","12":"ast-product-tabs-layout-horizontal","14":"first","15":"instock","16":"shipping-taxable","17":"purchasable","18":"product-type-simple"},"yoast_head":"<!-- This site is optimized with the Yoast SEO plugin v25.2 - https:\/\/yoast.com\/wordpress\/plugins\/seo\/ -->\n<title>Eye &amp; Jaw Swivel<\/title>\n<meta name=\"description\" content=\"The Eye &amp; Jaw Swivel is a versatile hardware component commonly used in industries such as marine, construction, and rigging.\" \/>\n<meta name=\"robots\" content=\"index, follow, max-snippet:-1, max-image-preview:large, max-video-preview:-1\" \/>\n<link rel=\"canonical\" href=\"https:\/\/qingdaohf.com\/da\/vare\/oje-kaebe-drejelig\/\" \/>\n<meta property=\"og:locale\" content=\"da_DK\" \/>\n<meta property=\"og:type\" content=\"article\" \/>\n<meta property=\"og:title\" content=\"Eye &amp; Jaw Swivel\" \/>\n<meta property=\"og:description\" content=\"The Eye &amp; Jaw Swivel is a versatile hardware component commonly used in industries such as marine, construction, and rigging.\" \/>\n<meta property=\"og:url\" content=\"https:\/\/qingdaohf.com\/da\/vare\/oje-kaebe-drejelig\/\" \/>\n<meta property=\"og:site_name\" content=\"Concrete Form &amp; Rigging Hardware Supplier\" \/>\n<meta property=\"article:publisher\" content=\"https:\/\/www.facebook.com\/qingdaohf\" \/>\n<meta property=\"article:modified_time\" content=\"2025-11-13T01:04:46+00:00\" \/>\n<meta property=\"og:image\" content=\"https:\/\/qingdaohf.com\/wp-content\/uploads\/2023\/05\/swivel-1.jpg\" \/>\n\t<meta property=\"og:image:width\" content=\"1000\" \/>\n\t<meta property=\"og:image:height\" content=\"1000\" \/>\n\t<meta property=\"og:image:type\" content=\"image\/jpeg\" \/>\n<meta name=\"twitter:card\" content=\"summary_large_image\" \/>\n<meta name=\"twitter:label1\" content=\"Estimeret l\u00e6setid\" \/>\n\t<meta name=\"twitter:data1\" content=\"1 minut\" \/>\n<script type=\"application\/ld+json\" class=\"yoast-schema-graph\">{\"@context\":\"https:\/\/schema.org\",\"@graph\":[{\"@type\":\"WebPage\",\"@id\":\"https:\/\/qingdaohf.com\/product\/eye-jaw-swivel\/\",\"url\":\"https:\/\/qingdaohf.com\/product\/eye-jaw-swivel\/\",\"name\":\"Eye & Jaw Swivel\",\"isPartOf\":{\"@id\":\"https:\/\/qingdaohf.com\/bg\/#website\"},\"primaryImageOfPage\":{\"@id\":\"https:\/\/qingdaohf.com\/product\/eye-jaw-swivel\/#primaryimage\"},\"image\":{\"@id\":\"https:\/\/qingdaohf.com\/product\/eye-jaw-swivel\/#primaryimage\"},\"thumbnailUrl\":\"https:\/\/qingdaohf.com\/wp-content\/uploads\/2023\/05\/swivel-1.jpg\",\"datePublished\":\"2023-05-25T06:53:08+00:00\",\"dateModified\":\"2025-11-13T01:04:46+00:00\",\"description\":\"The Eye & Jaw Swivel is a versatile hardware component commonly used in industries such as marine, construction, and rigging.\",\"breadcrumb\":{\"@id\":\"https:\/\/qingdaohf.com\/product\/eye-jaw-swivel\/#breadcrumb\"},\"inLanguage\":\"da-DK\",\"potentialAction\":[{\"@type\":\"ReadAction\",\"target\":[\"https:\/\/qingdaohf.com\/product\/eye-jaw-swivel\/\"]}]},{\"@type\":\"ImageObject\",\"inLanguage\":\"da-DK\",\"@id\":\"https:\/\/qingdaohf.com\/product\/eye-jaw-swivel\/#primaryimage\",\"url\":\"https:\/\/qingdaohf.com\/wp-content\/uploads\/2023\/05\/swivel-1.jpg\",\"contentUrl\":\"https:\/\/qingdaohf.com\/wp-content\/uploads\/2023\/05\/swivel-1.jpg\",\"width\":1000,\"height\":1000,\"caption\":\"swivel\"},{\"@type\":\"BreadcrumbList\",\"@id\":\"https:\/\/qingdaohf.com\/product\/eye-jaw-swivel\/#breadcrumb\",\"itemListElement\":[{\"@type\":\"ListItem\",\"position\":1,\"name\":\"Home\",\"item\":\"https:\/\/qingdaohf.com\/\"},{\"@type\":\"ListItem\",\"position\":2,\"name\":\"Concrete Forming Accessories and Rigging Hardware\",\"item\":\"https:\/\/qingdaohf.com\/bg\/?page_id=944\"},{\"@type\":\"ListItem\",\"position\":3,\"name\":\"Eye &#038; Jaw Swivel\"}]},{\"@type\":\"WebSite\",\"@id\":\"https:\/\/qingdaohf.com\/bg\/#website\",\"url\":\"https:\/\/qingdaohf.com\/bg\/\",\"name\":\"Concrete Form & Rigging Hardware Supplier\",\"description\":\"\",\"publisher\":{\"@id\":\"https:\/\/qingdaohf.com\/bg\/#organization\"},\"potentialAction\":[{\"@type\":\"SearchAction\",\"target\":{\"@type\":\"EntryPoint\",\"urlTemplate\":\"https:\/\/qingdaohf.com\/bg\/?s={search_term_string}\"},\"query-input\":{\"@type\":\"PropertyValueSpecification\",\"valueRequired\":true,\"valueName\":\"search_term_string\"}}],\"inLanguage\":\"da-DK\"},{\"@type\":\"Organization\",\"@id\":\"https:\/\/qingdaohf.com\/bg\/#organization\",\"name\":\"Qingdao H&F\",\"url\":\"https:\/\/qingdaohf.com\/bg\/\",\"logo\":{\"@type\":\"ImageObject\",\"inLanguage\":\"da-DK\",\"@id\":\"https:\/\/qingdaohf.com\/bg\/#\/schema\/logo\/image\/\",\"url\":\"https:\/\/qingdaohf.com\/wp-content\/uploads\/2022\/12\/cropped-HF-LOGO.png\",\"contentUrl\":\"https:\/\/qingdaohf.com\/wp-content\/uploads\/2022\/12\/cropped-HF-LOGO.png\",\"width\":391,\"height\":249,\"caption\":\"Qingdao H&F\"},\"image\":{\"@id\":\"https:\/\/qingdaohf.com\/bg\/#\/schema\/logo\/image\/\"},\"sameAs\":[\"https:\/\/www.facebook.com\/qingdaohf\"]}]}<\/script>\n<!-- \/ Yoast SEO plugin. -->","yoast_head_json":{"title":"Eye & Jaw Swivel","description":"The Eye & Jaw Swivel is a versatile hardware component commonly used in industries such as marine, construction, and rigging.","robots":{"index":"index","follow":"follow","max-snippet":"max-snippet:-1","max-image-preview":"max-image-preview:large","max-video-preview":"max-video-preview:-1"},"canonical":"https:\/\/qingdaohf.com\/da\/vare\/oje-kaebe-drejelig\/","og_locale":"da_DK","og_type":"article","og_title":"Eye & Jaw Swivel","og_description":"The Eye & Jaw Swivel is a versatile hardware component commonly used in industries such as marine, construction, and rigging.","og_url":"https:\/\/qingdaohf.com\/da\/vare\/oje-kaebe-drejelig\/","og_site_name":"Concrete Form &amp; Rigging Hardware Supplier","article_publisher":"https:\/\/www.facebook.com\/qingdaohf","article_modified_time":"2025-11-13T01:04:46+00:00","og_image":[{"width":1000,"height":1000,"url":"https:\/\/qingdaohf.com\/wp-content\/uploads\/2023\/05\/swivel-1.jpg","type":"image\/jpeg"}],"twitter_card":"summary_large_image","twitter_misc":{"Estimeret l\u00e6setid":"1 minut"},"schema":{"@context":"https:\/\/schema.org","@graph":[{"@type":"WebPage","@id":"https:\/\/qingdaohf.com\/product\/eye-jaw-swivel\/","url":"https:\/\/qingdaohf.com\/product\/eye-jaw-swivel\/","name":"Eye & Jaw Swivel","isPartOf":{"@id":"https:\/\/qingdaohf.com\/bg\/#website"},"primaryImageOfPage":{"@id":"https:\/\/qingdaohf.com\/product\/eye-jaw-swivel\/#primaryimage"},"image":{"@id":"https:\/\/qingdaohf.com\/product\/eye-jaw-swivel\/#primaryimage"},"thumbnailUrl":"https:\/\/qingdaohf.com\/wp-content\/uploads\/2023\/05\/swivel-1.jpg","datePublished":"2023-05-25T06:53:08+00:00","dateModified":"2025-11-13T01:04:46+00:00","description":"The Eye & Jaw Swivel is a versatile hardware component commonly used in industries such as marine, construction, and rigging.","breadcrumb":{"@id":"https:\/\/qingdaohf.com\/product\/eye-jaw-swivel\/#breadcrumb"},"inLanguage":"da-DK","potentialAction":[{"@type":"ReadAction","target":["https:\/\/qingdaohf.com\/product\/eye-jaw-swivel\/"]}]},{"@type":"ImageObject","inLanguage":"da-DK","@id":"https:\/\/qingdaohf.com\/product\/eye-jaw-swivel\/#primaryimage","url":"https:\/\/qingdaohf.com\/wp-content\/uploads\/2023\/05\/swivel-1.jpg","contentUrl":"https:\/\/qingdaohf.com\/wp-content\/uploads\/2023\/05\/swivel-1.jpg","width":1000,"height":1000,"caption":"swivel"},{"@type":"BreadcrumbList","@id":"https:\/\/qingdaohf.com\/product\/eye-jaw-swivel\/#breadcrumb","itemListElement":[{"@type":"ListItem","position":1,"name":"Home","item":"https:\/\/qingdaohf.com\/"},{"@type":"ListItem","position":2,"name":"Concrete Forming Accessories and Rigging Hardware","item":"https:\/\/qingdaohf.com\/bg\/?page_id=944"},{"@type":"ListItem","position":3,"name":"Eye &#038; Jaw Swivel"}]},{"@type":"WebSite","@id":"https:\/\/qingdaohf.com\/bg\/#website","url":"https:\/\/qingdaohf.com\/bg\/","name":"Concrete Form & Rigging Hardware Supplier","description":"","publisher":{"@id":"https:\/\/qingdaohf.com\/bg\/#organization"},"potentialAction":[{"@type":"SearchAction","target":{"@type":"EntryPoint","urlTemplate":"https:\/\/qingdaohf.com\/bg\/?s={search_term_string}"},"query-input":{"@type":"PropertyValueSpecification","valueRequired":true,"valueName":"search_term_string"}}],"inLanguage":"da-DK"},{"@type":"Organization","@id":"https:\/\/qingdaohf.com\/bg\/#organization","name":"Qingdao H&F","url":"https:\/\/qingdaohf.com\/bg\/","logo":{"@type":"ImageObject","inLanguage":"da-DK","@id":"https:\/\/qingdaohf.com\/bg\/#\/schema\/logo\/image\/","url":"https:\/\/qingdaohf.com\/wp-content\/uploads\/2022\/12\/cropped-HF-LOGO.png","contentUrl":"https:\/\/qingdaohf.com\/wp-content\/uploads\/2022\/12\/cropped-HF-LOGO.png","width":391,"height":249,"caption":"Qingdao H&F"},"image":{"@id":"https:\/\/qingdaohf.com\/bg\/#\/schema\/logo\/image\/"},"sameAs":["https:\/\/www.facebook.com\/qingdaohf"]}]}},"_links":{"self":[{"href":"https:\/\/qingdaohf.com\/da\/wp-json\/wp\/v2\/product\/3986","targetHints":{"allow":["GET"]}}],"collection":[{"href":"https:\/\/qingdaohf.com\/da\/wp-json\/wp\/v2\/product"}],"about":[{"href":"https:\/\/qingdaohf.com\/da\/wp-json\/wp\/v2\/types\/product"}],"replies":[{"embeddable":true,"href":"https:\/\/qingdaohf.com\/da\/wp-json\/wp\/v2\/comments?post=3986"}],"version-history":[{"count":1,"href":"https:\/\/qingdaohf.com\/da\/wp-json\/wp\/v2\/product\/3986\/revisions"}],"predecessor-version":[{"id":10428,"href":"https:\/\/qingdaohf.com\/da\/wp-json\/wp\/v2\/product\/3986\/revisions\/10428"}],"wp:featuredmedia":[{"embeddable":true,"href":"https:\/\/qingdaohf.com\/da\/wp-json\/wp\/v2\/media\/3987"}],"wp:attachment":[{"href":"https:\/\/qingdaohf.com\/da\/wp-json\/wp\/v2\/media?parent=3986"}],"wp:term":[{"taxonomy":"product_brand","embeddable":true,"href":"https:\/\/qingdaohf.com\/da\/wp-json\/wp\/v2\/product_brand?post=3986"},{"taxonomy":"product_cat","embeddable":true,"href":"https:\/\/qingdaohf.com\/da\/wp-json\/wp\/v2\/product_cat?post=3986"},{"taxonomy":"product_tag","embeddable":true,"href":"https:\/\/qingdaohf.com\/da\/wp-json\/wp\/v2\/product_tag?post=3986"}],"curies":[{"name":"wp","href":"https:\/\/api.w.org\/{rel}","templated":true}]}}