{"id":4005,"date":"2023-05-25T17:04:40","date_gmt":"2023-05-25T09:04:40","guid":{"rendered":"http:\/\/qingdaohf.com\/?post_type=product&#038;p=4005"},"modified":"2025-11-13T09:04:44","modified_gmt":"2025-11-13T01:04:44","slug":"wire-rope-clip","status":"publish","type":"product","link":"https:\/\/qingdaohf.com\/da\/vare\/wireklemme\/","title":{"rendered":"Wire Rope Clip St\u00e5lkabelklemmer"},"content":{"rendered":"<p><img fetchpriority=\"high\" decoding=\"async\" class=\"alignnone wp-image-9488 size-full\" src=\"http:\/\/qingdaohf.com\/wp-content\/uploads\/2025\/04\/Wire-Rope-Clips-2.jpg\" alt=\"Wire-Rope-Clips\" width=\"700\" height=\"364\" srcset=\"https:\/\/qingdaohf.com\/wp-content\/uploads\/2025\/04\/Wire-Rope-Clips-2.jpg 700w, https:\/\/qingdaohf.com\/wp-content\/uploads\/2025\/04\/Wire-Rope-Clips-2-300x156.jpg 300w, https:\/\/qingdaohf.com\/wp-content\/uploads\/2025\/04\/Wire-Rope-Clips-2-18x9.jpg 18w\" sizes=\"(max-width: 700px) 100vw, 700px\" \/><\/p>\n<div class=\"ast-oembed-container\" style=\"height: 100%;\"><iframe title=\"Wire Rope Clip\" width=\"500\" height=\"281\" src=\"https:\/\/www.youtube.com\/embed\/ddJITaY1-Fc?feature=oembed\" frameborder=\"0\" allow=\"accelerometer; autoplay; clipboard-write; encrypted-media; gyroscope; picture-in-picture; web-share\" referrerpolicy=\"strict-origin-when-cross-origin\" allowfullscreen><\/iframe><\/div>\n<h3 data-sourcepos=\"7:1-7:61\"><strong>Kompromisl\u00f8s kvalitet til ut\u00e6mmede industrielle udfordringer:<\/strong><\/h3>\n<ul data-sourcepos=\"7:1-10:0\">\n<li data-sourcepos=\"7:1-7:249\"><strong>Galvaniseret Styrke:<\/strong>\u00a0Vores galvaniserede clips giver robust korrosionsbestandighed til almindelig udend\u00f8rs brug og er ideelle til l\u00f8ft, rigning og sikring. De er omkostningseffektive og alsidige og giver enest\u00e5ende v\u00e6rdi i hverdagen.<\/li>\n<li data-sourcepos=\"8:1-8:322\"><strong>Rustfrit st\u00e5l St\u00e5lfasthed:<\/strong> Til milj\u00f8er med barske kemikalier, saltvandseksponering eller kr\u00e6vende sikkerhedskrav tilbyder H&amp;F's rustfri st\u00e5lclips uovertruffen korrosionsbestandighed og urokkelig styrke. De er bygget til at modst\u00e5 de mest kr\u00e6vende industrielle omgivelser og garanterer langvarig p\u00e5lidelighed.<\/li>\n<li data-sourcepos=\"9:1-10:0\"><strong><a class=\"row-title\" href=\"http:\/\/qingdaohf.com\/wp-admin\/post.php?post=4018&amp;action=edit\">Duplex Wire Rope Clip<\/a>:<\/strong> N\u00e5r overlegen holdekraft og udmattelsesmodstand er altafg\u00f8rende, tager H&amp;F duplex wireklemmer udfordringen op. Deres design med dobbeltbolte giver et enest\u00e5ende greb, hvilket g\u00f8r dem ideelle til kritiske l\u00f8fteopgaver, dynamiske belastninger og opgaver, der kr\u00e6ver ekstra sikkerhed.<\/li>\n<\/ul>\n<h3>Parametre for wireklemmer<\/h3>\n<p><img decoding=\"async\" class=\"alignnone size-full wp-image-4016\" src=\"http:\/\/qingdaohf.com\/wp-content\/uploads\/2023\/05\/wire-rope-clip-1.webp\" alt=\"wireklemme\" width=\"982\" height=\"368\" srcset=\"https:\/\/qingdaohf.com\/wp-content\/uploads\/2023\/05\/wire-rope-clip-1.webp 982w, https:\/\/qingdaohf.com\/wp-content\/uploads\/2023\/05\/wire-rope-clip-1-300x112.webp 300w, https:\/\/qingdaohf.com\/wp-content\/uploads\/2023\/05\/wire-rope-clip-1-768x288.webp 768w\" sizes=\"(max-width: 982px) 100vw, 982px\" \/>\u00a0<img decoding=\"async\" class=\"alignnone size-full wp-image-4017\" src=\"http:\/\/qingdaohf.com\/wp-content\/uploads\/2023\/05\/wire-rope-clip-1.jpg\" alt=\"wireklemme\" width=\"1000\" height=\"1082\" srcset=\"https:\/\/qingdaohf.com\/wp-content\/uploads\/2023\/05\/wire-rope-clip-1.jpg 1000w, https:\/\/qingdaohf.com\/wp-content\/uploads\/2023\/05\/wire-rope-clip-1-277x300.jpg 277w, https:\/\/qingdaohf.com\/wp-content\/uploads\/2023\/05\/wire-rope-clip-1-946x1024.jpg 946w, https:\/\/qingdaohf.com\/wp-content\/uploads\/2023\/05\/wire-rope-clip-1-768x831.jpg 768w\" sizes=\"(max-width: 1000px) 100vw, 1000px\" \/> <img loading=\"lazy\" decoding=\"async\" class=\"alignnone size-full wp-image-4014\" src=\"http:\/\/qingdaohf.com\/wp-content\/uploads\/2023\/05\/wire-rope-clip-2.jpg\" alt=\"wireklemme\" width=\"1000\" height=\"817\" srcset=\"https:\/\/qingdaohf.com\/wp-content\/uploads\/2023\/05\/wire-rope-clip-2.jpg 1000w, https:\/\/qingdaohf.com\/wp-content\/uploads\/2023\/05\/wire-rope-clip-2-300x245.jpg 300w, https:\/\/qingdaohf.com\/wp-content\/uploads\/2023\/05\/wire-rope-clip-2-768x627.jpg 768w\" sizes=\"(max-width: 1000px) 100vw, 1000px\" \/><\/p>\n<h3>Hvorfor v\u00e6lge os?<\/h3>\n<p>F\u00f8rsteklasses kvalitet: Vores wireklemmer er omhyggeligt fremstillet af de fineste materialer, hvilket sikrer holdbarhed, p\u00e5lidelighed og sikkerhed. Vi overholder strenge standarder for kvalitetskontrol og garanterer, at hvert produkt opfylder eller overg\u00e5r branchens regler.<\/p>\n<p>Alsidige anvendelsesmuligheder: Uanset om det drejer sig om byggeri, s\u00f8fart, rumfart eller industri, er vores wireklemmer designet til at h\u00e5ndtere en bred vifte af opgaver og giver sikre og effektive rigningsl\u00f8sninger.<\/p>\n<p>Et p\u00e5lideligt omd\u00f8mme: I \u00e5renes l\u00f8b har vi opn\u00e5et tillid og loyalitet fra utallige kunder, som stoler p\u00e5 vores wireklemmer til deres kritiske opgaver. Vores omd\u00f8mme taler sit tydelige sprog om vores produkters kvalitet og p\u00e5lidelighed.<\/p>\n<p>Sikkerhed f\u00f8rst: Sikkerhed er vores topprioritet. Vores wireklemmer gennemg\u00e5r strenge tests og overholder branchens sikkerhedsstandarder for at give vores kunder ro i sindet.<\/p>\n<p>Skr\u00e6ddersyede l\u00f8sninger: Vi forst\u00e5r, at hvert projekt har unikke krav. Vores team arbejder t\u00e6t sammen med dig for at levere skr\u00e6ddersyede l\u00f8sninger, der passer bedst til din specifikke anvendelse og sikrer optimale resultater.<\/p>\n<p>Kundecentreret tilgang: Vores kunder er kernen i alt, hvad vi g\u00f8r. Vi er stolte af vores enest\u00e5ende kundeservice, gennemsigtige kommunikation og vilje til at g\u00e5 en ekstra mil for at opfylde dine behov.<\/p>","protected":false},"excerpt":{"rendered":"<p>Wireclips og -klemmer er en almindeligt anvendt hardwareenhed til at fastg\u00f8re enderne af wirer eller kabler. Det giver en st\u00e6rk og p\u00e5lidelig forbindelse, der forhindrer st\u00e5ltovet i at glide eller blive trevlet op.<\/p>\n<p data-sourcepos=\"5:1-5:289\">H&amp;F er din p\u00e5lidelige partner inden for h\u00f8jtydende wireklemmer, der sikrer sikre og p\u00e5lidelige forbindelser i kr\u00e6vende industrielle anvendelser. Vi tilbyder et omfattende udvalg af galvaniserede og rustfri st\u00e5lclips, der er omhyggeligt konstrueret til at opfylde B2B-sektorens forskellige behov.<\/p>","protected":false},"featured_media":4006,"comment_status":"open","ping_status":"closed","template":"","meta":{"site-sidebar-layout":"default","site-content-layout":"default","ast-site-content-layout":"default","site-content-style":"default","site-sidebar-style":"default","ast-global-header-display":"","ast-banner-title-visibility":"","ast-main-header-display":"","ast-hfb-above-header-display":"","ast-hfb-below-header-display":"","ast-hfb-mobile-header-display":"","site-post-title":"","ast-breadcrumbs-content":"","ast-featured-img":"","footer-sml-layout":"","theme-transparent-header-meta":"default","adv-header-id-meta":"","stick-header-meta":"default","header-above-stick-meta":"","header-main-stick-meta":"","header-below-stick-meta":"","astra-migrate-meta-layouts":"set","ast-page-background-enabled":"default","ast-page-background-meta":{"desktop":{"background-color":"","background-image":"","background-repeat":"repeat","background-position":"center center","background-size":"auto","background-attachment":"scroll","background-type":"","background-media":"","overlay-type":"","overlay-color":"","overlay-opacity":"","overlay-gradient":""},"tablet":{"background-color":"","background-image":"","background-repeat":"repeat","background-position":"center center","background-size":"auto","background-attachment":"scroll","background-type":"","background-media":"","overlay-type":"","overlay-color":"","overlay-opacity":"","overlay-gradient":""},"mobile":{"background-color":"","background-image":"","background-repeat":"repeat","background-position":"center center","background-size":"auto","background-attachment":"scroll","background-type":"","background-media":"","overlay-type":"","overlay-color":"","overlay-opacity":"","overlay-gradient":""}},"ast-content-background-meta":{"desktop":{"background-color":"var(--ast-global-color-5)","background-image":"","background-repeat":"repeat","background-position":"center center","background-size":"auto","background-attachment":"scroll","background-type":"","background-media":"","overlay-type":"","overlay-color":"","overlay-opacity":"","overlay-gradient":""},"tablet":{"background-color":"var(--ast-global-color-5)","background-image":"","background-repeat":"repeat","background-position":"center center","background-size":"auto","background-attachment":"scroll","background-type":"","background-media":"","overlay-type":"","overlay-color":"","overlay-opacity":"","overlay-gradient":""},"mobile":{"background-color":"var(--ast-global-color-5)","background-image":"","background-repeat":"repeat","background-position":"center center","background-size":"auto","background-attachment":"scroll","background-type":"","background-media":"","overlay-type":"","overlay-color":"","overlay-opacity":"","overlay-gradient":""}}},"product_brand":[],"product_cat":[37,43],"product_tag":[],"class_list":{"0":"post-4005","1":"product","2":"type-product","3":"status-publish","4":"has-post-thumbnail","6":"product_cat-wire-rope","7":"product_cat-rigging-hardware","8":"desktop-align-left","9":"tablet-align-left","10":"mobile-align-left","11":"ast-product-gallery-layout-horizontal-slider","12":"ast-product-tabs-layout-horizontal","14":"first","15":"instock","16":"shipping-taxable","17":"purchasable","18":"product-type-simple"},"yoast_head":"<!-- This site is optimized with the Yoast SEO plugin v25.2 - https:\/\/yoast.com\/wordpress\/plugins\/seo\/ -->\n<title>Wire Rope Clip Steel Cable Clamps<\/title>\n<meta name=\"description\" content=\"A wire rope clip, also known as a cable clamp or wire rope clamp, is a commonly used hardware device for securing the ends of wire ropes or cables.\" \/>\n<meta name=\"robots\" content=\"index, follow, max-snippet:-1, max-image-preview:large, max-video-preview:-1\" \/>\n<link rel=\"canonical\" href=\"https:\/\/qingdaohf.com\/da\/vare\/wireklemme\/\" \/>\n<meta property=\"og:locale\" content=\"da_DK\" \/>\n<meta property=\"og:type\" content=\"article\" \/>\n<meta property=\"og:title\" content=\"Wire Rope Clip Steel Cable Clamps\" \/>\n<meta property=\"og:description\" content=\"A wire rope clip, also known as a cable clamp or wire rope clamp, is a commonly used hardware device for securing the ends of wire ropes or cables.\" \/>\n<meta property=\"og:url\" content=\"https:\/\/qingdaohf.com\/da\/vare\/wireklemme\/\" \/>\n<meta property=\"og:site_name\" content=\"Concrete Form &amp; Rigging Hardware Supplier\" \/>\n<meta property=\"article:publisher\" content=\"https:\/\/www.facebook.com\/qingdaohf\" \/>\n<meta property=\"article:modified_time\" content=\"2025-11-13T01:04:44+00:00\" \/>\n<meta property=\"og:image\" content=\"https:\/\/qingdaohf.com\/wp-content\/uploads\/2023\/05\/wire-rope-clip-7.jpg\" \/>\n\t<meta property=\"og:image:width\" content=\"1000\" \/>\n\t<meta property=\"og:image:height\" content=\"1000\" \/>\n\t<meta property=\"og:image:type\" content=\"image\/jpeg\" \/>\n<meta name=\"twitter:card\" content=\"summary_large_image\" \/>\n<meta name=\"twitter:label1\" content=\"Estimeret l\u00e6setid\" \/>\n\t<meta name=\"twitter:data1\" content=\"3 minutter\" \/>\n<script type=\"application\/ld+json\" class=\"yoast-schema-graph\">{\"@context\":\"https:\/\/schema.org\",\"@graph\":[{\"@type\":\"WebPage\",\"@id\":\"https:\/\/qingdaohf.com\/product\/wire-rope-clip\/\",\"url\":\"https:\/\/qingdaohf.com\/product\/wire-rope-clip\/\",\"name\":\"Wire Rope Clip Steel Cable Clamps\",\"isPartOf\":{\"@id\":\"https:\/\/qingdaohf.com\/bg\/#website\"},\"primaryImageOfPage\":{\"@id\":\"https:\/\/qingdaohf.com\/product\/wire-rope-clip\/#primaryimage\"},\"image\":{\"@id\":\"https:\/\/qingdaohf.com\/product\/wire-rope-clip\/#primaryimage\"},\"thumbnailUrl\":\"https:\/\/qingdaohf.com\/wp-content\/uploads\/2023\/05\/wire-rope-clip-7.jpg\",\"datePublished\":\"2023-05-25T09:04:40+00:00\",\"dateModified\":\"2025-11-13T01:04:44+00:00\",\"description\":\"A wire rope clip, also known as a cable clamp or wire rope clamp, is a commonly used hardware device for securing the ends of wire ropes or cables.\",\"breadcrumb\":{\"@id\":\"https:\/\/qingdaohf.com\/product\/wire-rope-clip\/#breadcrumb\"},\"inLanguage\":\"da-DK\",\"potentialAction\":[{\"@type\":\"ReadAction\",\"target\":[\"https:\/\/qingdaohf.com\/product\/wire-rope-clip\/\"]}]},{\"@type\":\"ImageObject\",\"inLanguage\":\"da-DK\",\"@id\":\"https:\/\/qingdaohf.com\/product\/wire-rope-clip\/#primaryimage\",\"url\":\"https:\/\/qingdaohf.com\/wp-content\/uploads\/2023\/05\/wire-rope-clip-7.jpg\",\"contentUrl\":\"https:\/\/qingdaohf.com\/wp-content\/uploads\/2023\/05\/wire-rope-clip-7.jpg\",\"width\":1000,\"height\":1000,\"caption\":\"wire rope clip\"},{\"@type\":\"BreadcrumbList\",\"@id\":\"https:\/\/qingdaohf.com\/product\/wire-rope-clip\/#breadcrumb\",\"itemListElement\":[{\"@type\":\"ListItem\",\"position\":1,\"name\":\"Home\",\"item\":\"https:\/\/qingdaohf.com\/\"},{\"@type\":\"ListItem\",\"position\":2,\"name\":\"Concrete Forming Accessories and Rigging Hardware\",\"item\":\"https:\/\/qingdaohf.com\/bg\/?page_id=944\"},{\"@type\":\"ListItem\",\"position\":3,\"name\":\"Wire Rope Clip Steel Cable Clamps\"}]},{\"@type\":\"WebSite\",\"@id\":\"https:\/\/qingdaohf.com\/bg\/#website\",\"url\":\"https:\/\/qingdaohf.com\/bg\/\",\"name\":\"Concrete Form & Rigging Hardware Supplier\",\"description\":\"\",\"publisher\":{\"@id\":\"https:\/\/qingdaohf.com\/bg\/#organization\"},\"potentialAction\":[{\"@type\":\"SearchAction\",\"target\":{\"@type\":\"EntryPoint\",\"urlTemplate\":\"https:\/\/qingdaohf.com\/bg\/?s={search_term_string}\"},\"query-input\":{\"@type\":\"PropertyValueSpecification\",\"valueRequired\":true,\"valueName\":\"search_term_string\"}}],\"inLanguage\":\"da-DK\"},{\"@type\":\"Organization\",\"@id\":\"https:\/\/qingdaohf.com\/bg\/#organization\",\"name\":\"Qingdao H&F\",\"url\":\"https:\/\/qingdaohf.com\/bg\/\",\"logo\":{\"@type\":\"ImageObject\",\"inLanguage\":\"da-DK\",\"@id\":\"https:\/\/qingdaohf.com\/bg\/#\/schema\/logo\/image\/\",\"url\":\"https:\/\/qingdaohf.com\/wp-content\/uploads\/2022\/12\/cropped-HF-LOGO.png\",\"contentUrl\":\"https:\/\/qingdaohf.com\/wp-content\/uploads\/2022\/12\/cropped-HF-LOGO.png\",\"width\":391,\"height\":249,\"caption\":\"Qingdao H&F\"},\"image\":{\"@id\":\"https:\/\/qingdaohf.com\/bg\/#\/schema\/logo\/image\/\"},\"sameAs\":[\"https:\/\/www.facebook.com\/qingdaohf\"]}]}<\/script>\n<!-- \/ Yoast SEO plugin. -->","yoast_head_json":{"title":"Wire Rope Clip Steel Cable Clamps","description":"A wire rope clip, also known as a cable clamp or wire rope clamp, is a commonly used hardware device for securing the ends of wire ropes or cables.","robots":{"index":"index","follow":"follow","max-snippet":"max-snippet:-1","max-image-preview":"max-image-preview:large","max-video-preview":"max-video-preview:-1"},"canonical":"https:\/\/qingdaohf.com\/da\/vare\/wireklemme\/","og_locale":"da_DK","og_type":"article","og_title":"Wire Rope Clip Steel Cable Clamps","og_description":"A wire rope clip, also known as a cable clamp or wire rope clamp, is a commonly used hardware device for securing the ends of wire ropes or cables.","og_url":"https:\/\/qingdaohf.com\/da\/vare\/wireklemme\/","og_site_name":"Concrete Form &amp; Rigging Hardware Supplier","article_publisher":"https:\/\/www.facebook.com\/qingdaohf","article_modified_time":"2025-11-13T01:04:44+00:00","og_image":[{"width":1000,"height":1000,"url":"https:\/\/qingdaohf.com\/wp-content\/uploads\/2023\/05\/wire-rope-clip-7.jpg","type":"image\/jpeg"}],"twitter_card":"summary_large_image","twitter_misc":{"Estimeret l\u00e6setid":"3 minutter"},"schema":{"@context":"https:\/\/schema.org","@graph":[{"@type":"WebPage","@id":"https:\/\/qingdaohf.com\/product\/wire-rope-clip\/","url":"https:\/\/qingdaohf.com\/product\/wire-rope-clip\/","name":"Wire Rope Clip Steel Cable Clamps","isPartOf":{"@id":"https:\/\/qingdaohf.com\/bg\/#website"},"primaryImageOfPage":{"@id":"https:\/\/qingdaohf.com\/product\/wire-rope-clip\/#primaryimage"},"image":{"@id":"https:\/\/qingdaohf.com\/product\/wire-rope-clip\/#primaryimage"},"thumbnailUrl":"https:\/\/qingdaohf.com\/wp-content\/uploads\/2023\/05\/wire-rope-clip-7.jpg","datePublished":"2023-05-25T09:04:40+00:00","dateModified":"2025-11-13T01:04:44+00:00","description":"A wire rope clip, also known as a cable clamp or wire rope clamp, is a commonly used hardware device for securing the ends of wire ropes or cables.","breadcrumb":{"@id":"https:\/\/qingdaohf.com\/product\/wire-rope-clip\/#breadcrumb"},"inLanguage":"da-DK","potentialAction":[{"@type":"ReadAction","target":["https:\/\/qingdaohf.com\/product\/wire-rope-clip\/"]}]},{"@type":"ImageObject","inLanguage":"da-DK","@id":"https:\/\/qingdaohf.com\/product\/wire-rope-clip\/#primaryimage","url":"https:\/\/qingdaohf.com\/wp-content\/uploads\/2023\/05\/wire-rope-clip-7.jpg","contentUrl":"https:\/\/qingdaohf.com\/wp-content\/uploads\/2023\/05\/wire-rope-clip-7.jpg","width":1000,"height":1000,"caption":"wire rope clip"},{"@type":"BreadcrumbList","@id":"https:\/\/qingdaohf.com\/product\/wire-rope-clip\/#breadcrumb","itemListElement":[{"@type":"ListItem","position":1,"name":"Home","item":"https:\/\/qingdaohf.com\/"},{"@type":"ListItem","position":2,"name":"Concrete Forming Accessories and Rigging Hardware","item":"https:\/\/qingdaohf.com\/bg\/?page_id=944"},{"@type":"ListItem","position":3,"name":"Wire Rope Clip Steel Cable Clamps"}]},{"@type":"WebSite","@id":"https:\/\/qingdaohf.com\/bg\/#website","url":"https:\/\/qingdaohf.com\/bg\/","name":"Concrete Form & Rigging Hardware Supplier","description":"","publisher":{"@id":"https:\/\/qingdaohf.com\/bg\/#organization"},"potentialAction":[{"@type":"SearchAction","target":{"@type":"EntryPoint","urlTemplate":"https:\/\/qingdaohf.com\/bg\/?s={search_term_string}"},"query-input":{"@type":"PropertyValueSpecification","valueRequired":true,"valueName":"search_term_string"}}],"inLanguage":"da-DK"},{"@type":"Organization","@id":"https:\/\/qingdaohf.com\/bg\/#organization","name":"Qingdao H&F","url":"https:\/\/qingdaohf.com\/bg\/","logo":{"@type":"ImageObject","inLanguage":"da-DK","@id":"https:\/\/qingdaohf.com\/bg\/#\/schema\/logo\/image\/","url":"https:\/\/qingdaohf.com\/wp-content\/uploads\/2022\/12\/cropped-HF-LOGO.png","contentUrl":"https:\/\/qingdaohf.com\/wp-content\/uploads\/2022\/12\/cropped-HF-LOGO.png","width":391,"height":249,"caption":"Qingdao H&F"},"image":{"@id":"https:\/\/qingdaohf.com\/bg\/#\/schema\/logo\/image\/"},"sameAs":["https:\/\/www.facebook.com\/qingdaohf"]}]}},"_links":{"self":[{"href":"https:\/\/qingdaohf.com\/da\/wp-json\/wp\/v2\/product\/4005","targetHints":{"allow":["GET"]}}],"collection":[{"href":"https:\/\/qingdaohf.com\/da\/wp-json\/wp\/v2\/product"}],"about":[{"href":"https:\/\/qingdaohf.com\/da\/wp-json\/wp\/v2\/types\/product"}],"replies":[{"embeddable":true,"href":"https:\/\/qingdaohf.com\/da\/wp-json\/wp\/v2\/comments?post=4005"}],"version-history":[{"count":10,"href":"https:\/\/qingdaohf.com\/da\/wp-json\/wp\/v2\/product\/4005\/revisions"}],"predecessor-version":[{"id":9490,"href":"https:\/\/qingdaohf.com\/da\/wp-json\/wp\/v2\/product\/4005\/revisions\/9490"}],"wp:featuredmedia":[{"embeddable":true,"href":"https:\/\/qingdaohf.com\/da\/wp-json\/wp\/v2\/media\/4006"}],"wp:attachment":[{"href":"https:\/\/qingdaohf.com\/da\/wp-json\/wp\/v2\/media?parent=4005"}],"wp:term":[{"taxonomy":"product_brand","embeddable":true,"href":"https:\/\/qingdaohf.com\/da\/wp-json\/wp\/v2\/product_brand?post=4005"},{"taxonomy":"product_cat","embeddable":true,"href":"https:\/\/qingdaohf.com\/da\/wp-json\/wp\/v2\/product_cat?post=4005"},{"taxonomy":"product_tag","embeddable":true,"href":"https:\/\/qingdaohf.com\/da\/wp-json\/wp\/v2\/product_tag?post=4005"}],"curies":[{"name":"wp","href":"https:\/\/api.w.org\/{rel}","templated":true}]}}