{"id":4018,"date":"2023-05-25T17:17:08","date_gmt":"2023-05-25T09:17:08","guid":{"rendered":"http:\/\/qingdaohf.com\/?post_type=product&#038;p=4018"},"modified":"2025-11-13T09:04:44","modified_gmt":"2025-11-13T01:04:44","slug":"duplex-wire-rope-clip","status":"publish","type":"product","link":"https:\/\/qingdaohf.com\/da\/vare\/duplex-wireklemme\/","title":{"rendered":"Rustfrit st\u00e5l Duplex Wire Rope Clip"},"content":{"rendered":"<div class=\"ast-oembed-container\" style=\"height: 100%;\"><iframe title=\"Duplex Wire Rope Clip\" width=\"500\" height=\"375\" src=\"https:\/\/www.youtube.com\/embed\/zOdHzdudyVo?feature=oembed\" frameborder=\"0\" allow=\"accelerometer; autoplay; clipboard-write; encrypted-media; gyroscope; picture-in-picture; web-share\" referrerpolicy=\"strict-origin-when-cross-origin\" allowfullscreen><\/iframe><\/div>\n<p>Duplex Wire Rope Clip Excellence: Vores Duplex Wire Rope Clips er konstrueret til perfektion ved hj\u00e6lp af f\u00f8rsteklasses materialer, der sikrer overlegen styrke, holdbarhed og sikkerhed. Hver klemme gennemg\u00e5r strenge tests for at opfylde og overg\u00e5 industristandarder, hvilket sikrer p\u00e5lidelig ydeevne i de mest kr\u00e6vende milj\u00f8er.<\/p>\n<p>Alsidige anvendelsesmuligheder: Vores Duplex Wire Rope Clips er designet til at udm\u00e6rke sig i en bred vifte af anvendelser og er ideelle til byggeri, s\u00f8fart, olie og gas og forskellige industrisektorer. De giver en sikker og effektiv rigningsl\u00f8sning til forskellige projekter.<\/p>\n<p>Personlig kundeservice: I vores kerne prioriterer vi en-til-en kundeservice. Vores h\u00f8jt kvalificerede team arbejder t\u00e6t sammen med hver enkelt kunde for at forst\u00e5 deres specifikke behov og anbefale de bedst egnede Duplex Wire Rope Clips til deres applikationer.<\/p>\n<p>Uovertruffen eftersalgssupport: Vores forpligtelse over for dig slutter ikke med et salg. Vi s\u00e6tter en \u00e6re i at tilbyde omfattende eftersalgssupport, hvor vi straks tager os af eventuelle foresp\u00f8rgsler eller bekymringer, du m\u00e5tte have. Din tilfredshed er vores h\u00f8jeste prioritet.<\/p>\n<p>Konkurrencedygtige priser, forst\u00e6rkede besparelser: Samtidig med at vi opretholder en kompromisl\u00f8s produktkvalitet, tror vi p\u00e5 at give vores v\u00e6rdsatte kunder st\u00f8rre fortjenstmargener. Vores effektive produktionsprocesser og st\u00e6rke leverand\u00f8rrelationer giver os mulighed for at tilbyde konkurrencedygtige priser uden at g\u00e5 p\u00e5 kompromis med kvaliteten.<\/p>\n<p>\u00c5rtiers ekspertise: Med 20 \u00e5rs erfaring i riggerbranchen har vores team omfattende viden og ekspertise. Vi holder os ajour med de seneste fremskridt og branchetrends for at kunne levere banebrydende l\u00f8sninger til vores kunder.<\/p>\n<p>P\u00e5lideligt distributionsnetv\u00e6rk: Som en velrenommeret distribut\u00f8r og grossist har vi et robust distributionsnetv\u00e6rk, der sikrer hurtig og p\u00e5lidelig levering af dine Duplex Wire Rope Clips, uanset hvor du befinder dig.<\/p>\n<h3>Hvorfor v\u00e6lge os?<\/h3>\n<p>Dokumenterede resultater: I \u00e5renes l\u00f8b har vi opbygget et solidt omd\u00f8mme baseret p\u00e5 utallige tilfredse kunders tillid og loyalitet. Vores konsekvente dedikation til kvalitet og p\u00e5lidelighed er hj\u00f8rnestenen i vores succes.<\/p>\n<p>Sikkerhed som prioritet: Sikkerhed er altafg\u00f8rende for os. Vores Duplex Wire Rope Clips gennemg\u00e5r strenge tests og overholder branchens sikkerhedsstandarder, hvilket giver dig den tillid og sikkerhed, du har brug for til dine kritiske anvendelser.<\/p>\n<p>Skr\u00e6ddersyede l\u00f8sninger: Vi anerkender, at hvert projekt er unikt. Vores team samarbejder med dig om at levere skr\u00e6ddersyede l\u00f8sninger, der passer bedst til dine specifikke krav og sikrer optimale resultater hver gang.<\/p>\n<p>Kundecentreret tilgang: Vores kunder er kernen i alt, hvad vi g\u00f8r. Vi er stolte af vores enest\u00e5ende kundeservice, gennemsigtige kommunikation og vilje til at g\u00e5 en ekstra mil for at sikre din tilfredshed.<\/p>","protected":false},"excerpt":{"rendered":"<p>Som direkte producent og grossist tilbyder vi konkurrencedygtige priser uden at g\u00e5 p\u00e5 kompromis med produktkvaliteten. Vores Duplex Wire Rope Clips tilbyder enest\u00e5ende p\u00e5lidelighed og sikre fastg\u00f8relsesl\u00f8sninger til forskellige anvendelser, hvilket g\u00f8r dem til et ideelt valg til dine forskellige behov.<\/p>","protected":false},"featured_media":4020,"comment_status":"open","ping_status":"closed","template":"","meta":{"site-sidebar-layout":"default","site-content-layout":"default","ast-site-content-layout":"default","site-content-style":"default","site-sidebar-style":"default","ast-global-header-display":"","ast-banner-title-visibility":"","ast-main-header-display":"","ast-hfb-above-header-display":"","ast-hfb-below-header-display":"","ast-hfb-mobile-header-display":"","site-post-title":"","ast-breadcrumbs-content":"","ast-featured-img":"","footer-sml-layout":"","theme-transparent-header-meta":"default","adv-header-id-meta":"","stick-header-meta":"default","header-above-stick-meta":"","header-main-stick-meta":"","header-below-stick-meta":"","astra-migrate-meta-layouts":"set","ast-page-background-enabled":"default","ast-page-background-meta":{"desktop":{"background-color":"","background-image":"","background-repeat":"repeat","background-position":"center center","background-size":"auto","background-attachment":"scroll","background-type":"","background-media":"","overlay-type":"","overlay-color":"","overlay-opacity":"","overlay-gradient":""},"tablet":{"background-color":"","background-image":"","background-repeat":"repeat","background-position":"center center","background-size":"auto","background-attachment":"scroll","background-type":"","background-media":"","overlay-type":"","overlay-color":"","overlay-opacity":"","overlay-gradient":""},"mobile":{"background-color":"","background-image":"","background-repeat":"repeat","background-position":"center center","background-size":"auto","background-attachment":"scroll","background-type":"","background-media":"","overlay-type":"","overlay-color":"","overlay-opacity":"","overlay-gradient":""}},"ast-content-background-meta":{"desktop":{"background-color":"var(--ast-global-color-5)","background-image":"","background-repeat":"repeat","background-position":"center center","background-size":"auto","background-attachment":"scroll","background-type":"","background-media":"","overlay-type":"","overlay-color":"","overlay-opacity":"","overlay-gradient":""},"tablet":{"background-color":"var(--ast-global-color-5)","background-image":"","background-repeat":"repeat","background-position":"center center","background-size":"auto","background-attachment":"scroll","background-type":"","background-media":"","overlay-type":"","overlay-color":"","overlay-opacity":"","overlay-gradient":""},"mobile":{"background-color":"var(--ast-global-color-5)","background-image":"","background-repeat":"repeat","background-position":"center center","background-size":"auto","background-attachment":"scroll","background-type":"","background-media":"","overlay-type":"","overlay-color":"","overlay-opacity":"","overlay-gradient":""}}},"product_brand":[],"product_cat":[51,37,43],"product_tag":[],"class_list":{"0":"post-4018","1":"product","2":"type-product","3":"status-publish","4":"has-post-thumbnail","6":"product_cat-riggging-hardware","7":"product_cat-wire-rope","8":"product_cat-rigging-hardware","9":"desktop-align-left","10":"tablet-align-left","11":"mobile-align-left","12":"ast-product-gallery-layout-horizontal-slider","13":"ast-product-tabs-layout-horizontal","15":"first","16":"instock","17":"shipping-taxable","18":"purchasable","19":"product-type-simple"},"yoast_head":"<!-- This site is optimized with the Yoast SEO plugin v25.2 - https:\/\/yoast.com\/wordpress\/plugins\/seo\/ -->\n<title>Stainless Steel Duplex Wire Rope Clip<\/title>\n<meta name=\"description\" content=\"As a direct manufacturer and wholesaler, we offer competitive pricing without compromising on product quality.\" \/>\n<meta name=\"robots\" content=\"index, follow, max-snippet:-1, max-image-preview:large, max-video-preview:-1\" \/>\n<link rel=\"canonical\" href=\"https:\/\/qingdaohf.com\/da\/vare\/duplex-wireklemme\/\" \/>\n<meta property=\"og:locale\" content=\"da_DK\" \/>\n<meta property=\"og:type\" content=\"article\" \/>\n<meta property=\"og:title\" content=\"Stainless Steel Duplex Wire Rope Clip\" \/>\n<meta property=\"og:description\" content=\"As a direct manufacturer and wholesaler, we offer competitive pricing without compromising on product quality.\" \/>\n<meta property=\"og:url\" content=\"https:\/\/qingdaohf.com\/da\/vare\/duplex-wireklemme\/\" \/>\n<meta property=\"og:site_name\" content=\"Concrete Form &amp; Rigging Hardware Supplier\" \/>\n<meta property=\"article:publisher\" content=\"https:\/\/www.facebook.com\/qingdaohf\" \/>\n<meta property=\"article:modified_time\" content=\"2025-11-13T01:04:44+00:00\" \/>\n<meta property=\"og:image\" content=\"https:\/\/qingdaohf.com\/wp-content\/uploads\/2023\/05\/duplex-wire-rope-clip-11.jpg\" \/>\n\t<meta property=\"og:image:width\" content=\"1000\" \/>\n\t<meta property=\"og:image:height\" content=\"1000\" \/>\n\t<meta property=\"og:image:type\" content=\"image\/jpeg\" \/>\n<meta name=\"twitter:card\" content=\"summary_large_image\" \/>\n<meta name=\"twitter:label1\" content=\"Estimeret l\u00e6setid\" \/>\n\t<meta name=\"twitter:data1\" content=\"2 minutter\" \/>\n<script type=\"application\/ld+json\" class=\"yoast-schema-graph\">{\"@context\":\"https:\/\/schema.org\",\"@graph\":[{\"@type\":\"WebPage\",\"@id\":\"https:\/\/qingdaohf.com\/product\/duplex-wire-rope-clip\/\",\"url\":\"https:\/\/qingdaohf.com\/product\/duplex-wire-rope-clip\/\",\"name\":\"Stainless Steel Duplex Wire Rope Clip\",\"isPartOf\":{\"@id\":\"https:\/\/qingdaohf.com\/bg\/#website\"},\"primaryImageOfPage\":{\"@id\":\"https:\/\/qingdaohf.com\/product\/duplex-wire-rope-clip\/#primaryimage\"},\"image\":{\"@id\":\"https:\/\/qingdaohf.com\/product\/duplex-wire-rope-clip\/#primaryimage\"},\"thumbnailUrl\":\"https:\/\/qingdaohf.com\/wp-content\/uploads\/2023\/05\/duplex-wire-rope-clip-11.jpg\",\"datePublished\":\"2023-05-25T09:17:08+00:00\",\"dateModified\":\"2025-11-13T01:04:44+00:00\",\"description\":\"As a direct manufacturer and wholesaler, we offer competitive pricing without compromising on product quality.\",\"breadcrumb\":{\"@id\":\"https:\/\/qingdaohf.com\/product\/duplex-wire-rope-clip\/#breadcrumb\"},\"inLanguage\":\"da-DK\",\"potentialAction\":[{\"@type\":\"ReadAction\",\"target\":[\"https:\/\/qingdaohf.com\/product\/duplex-wire-rope-clip\/\"]}]},{\"@type\":\"ImageObject\",\"inLanguage\":\"da-DK\",\"@id\":\"https:\/\/qingdaohf.com\/product\/duplex-wire-rope-clip\/#primaryimage\",\"url\":\"https:\/\/qingdaohf.com\/wp-content\/uploads\/2023\/05\/duplex-wire-rope-clip-11.jpg\",\"contentUrl\":\"https:\/\/qingdaohf.com\/wp-content\/uploads\/2023\/05\/duplex-wire-rope-clip-11.jpg\",\"width\":1000,\"height\":1000,\"caption\":\"duplex wire rope clip\"},{\"@type\":\"BreadcrumbList\",\"@id\":\"https:\/\/qingdaohf.com\/product\/duplex-wire-rope-clip\/#breadcrumb\",\"itemListElement\":[{\"@type\":\"ListItem\",\"position\":1,\"name\":\"Home\",\"item\":\"https:\/\/qingdaohf.com\/\"},{\"@type\":\"ListItem\",\"position\":2,\"name\":\"Concrete Forming Accessories and Rigging Hardware\",\"item\":\"https:\/\/qingdaohf.com\/bg\/?page_id=944\"},{\"@type\":\"ListItem\",\"position\":3,\"name\":\"Stainless Steel Duplex Wire Rope Clip\"}]},{\"@type\":\"WebSite\",\"@id\":\"https:\/\/qingdaohf.com\/bg\/#website\",\"url\":\"https:\/\/qingdaohf.com\/bg\/\",\"name\":\"Concrete Form & Rigging Hardware Supplier\",\"description\":\"\",\"publisher\":{\"@id\":\"https:\/\/qingdaohf.com\/bg\/#organization\"},\"potentialAction\":[{\"@type\":\"SearchAction\",\"target\":{\"@type\":\"EntryPoint\",\"urlTemplate\":\"https:\/\/qingdaohf.com\/bg\/?s={search_term_string}\"},\"query-input\":{\"@type\":\"PropertyValueSpecification\",\"valueRequired\":true,\"valueName\":\"search_term_string\"}}],\"inLanguage\":\"da-DK\"},{\"@type\":\"Organization\",\"@id\":\"https:\/\/qingdaohf.com\/bg\/#organization\",\"name\":\"Qingdao H&F\",\"url\":\"https:\/\/qingdaohf.com\/bg\/\",\"logo\":{\"@type\":\"ImageObject\",\"inLanguage\":\"da-DK\",\"@id\":\"https:\/\/qingdaohf.com\/bg\/#\/schema\/logo\/image\/\",\"url\":\"https:\/\/qingdaohf.com\/wp-content\/uploads\/2022\/12\/cropped-HF-LOGO.png\",\"contentUrl\":\"https:\/\/qingdaohf.com\/wp-content\/uploads\/2022\/12\/cropped-HF-LOGO.png\",\"width\":391,\"height\":249,\"caption\":\"Qingdao H&F\"},\"image\":{\"@id\":\"https:\/\/qingdaohf.com\/bg\/#\/schema\/logo\/image\/\"},\"sameAs\":[\"https:\/\/www.facebook.com\/qingdaohf\"]}]}<\/script>\n<!-- \/ Yoast SEO plugin. -->","yoast_head_json":{"title":"Stainless Steel Duplex Wire Rope Clip","description":"As a direct manufacturer and wholesaler, we offer competitive pricing without compromising on product quality.","robots":{"index":"index","follow":"follow","max-snippet":"max-snippet:-1","max-image-preview":"max-image-preview:large","max-video-preview":"max-video-preview:-1"},"canonical":"https:\/\/qingdaohf.com\/da\/vare\/duplex-wireklemme\/","og_locale":"da_DK","og_type":"article","og_title":"Stainless Steel Duplex Wire Rope Clip","og_description":"As a direct manufacturer and wholesaler, we offer competitive pricing without compromising on product quality.","og_url":"https:\/\/qingdaohf.com\/da\/vare\/duplex-wireklemme\/","og_site_name":"Concrete Form &amp; Rigging Hardware Supplier","article_publisher":"https:\/\/www.facebook.com\/qingdaohf","article_modified_time":"2025-11-13T01:04:44+00:00","og_image":[{"width":1000,"height":1000,"url":"https:\/\/qingdaohf.com\/wp-content\/uploads\/2023\/05\/duplex-wire-rope-clip-11.jpg","type":"image\/jpeg"}],"twitter_card":"summary_large_image","twitter_misc":{"Estimeret l\u00e6setid":"2 minutter"},"schema":{"@context":"https:\/\/schema.org","@graph":[{"@type":"WebPage","@id":"https:\/\/qingdaohf.com\/product\/duplex-wire-rope-clip\/","url":"https:\/\/qingdaohf.com\/product\/duplex-wire-rope-clip\/","name":"Stainless Steel Duplex Wire Rope Clip","isPartOf":{"@id":"https:\/\/qingdaohf.com\/bg\/#website"},"primaryImageOfPage":{"@id":"https:\/\/qingdaohf.com\/product\/duplex-wire-rope-clip\/#primaryimage"},"image":{"@id":"https:\/\/qingdaohf.com\/product\/duplex-wire-rope-clip\/#primaryimage"},"thumbnailUrl":"https:\/\/qingdaohf.com\/wp-content\/uploads\/2023\/05\/duplex-wire-rope-clip-11.jpg","datePublished":"2023-05-25T09:17:08+00:00","dateModified":"2025-11-13T01:04:44+00:00","description":"As a direct manufacturer and wholesaler, we offer competitive pricing without compromising on product quality.","breadcrumb":{"@id":"https:\/\/qingdaohf.com\/product\/duplex-wire-rope-clip\/#breadcrumb"},"inLanguage":"da-DK","potentialAction":[{"@type":"ReadAction","target":["https:\/\/qingdaohf.com\/product\/duplex-wire-rope-clip\/"]}]},{"@type":"ImageObject","inLanguage":"da-DK","@id":"https:\/\/qingdaohf.com\/product\/duplex-wire-rope-clip\/#primaryimage","url":"https:\/\/qingdaohf.com\/wp-content\/uploads\/2023\/05\/duplex-wire-rope-clip-11.jpg","contentUrl":"https:\/\/qingdaohf.com\/wp-content\/uploads\/2023\/05\/duplex-wire-rope-clip-11.jpg","width":1000,"height":1000,"caption":"duplex wire rope clip"},{"@type":"BreadcrumbList","@id":"https:\/\/qingdaohf.com\/product\/duplex-wire-rope-clip\/#breadcrumb","itemListElement":[{"@type":"ListItem","position":1,"name":"Home","item":"https:\/\/qingdaohf.com\/"},{"@type":"ListItem","position":2,"name":"Concrete Forming Accessories and Rigging Hardware","item":"https:\/\/qingdaohf.com\/bg\/?page_id=944"},{"@type":"ListItem","position":3,"name":"Stainless Steel Duplex Wire Rope Clip"}]},{"@type":"WebSite","@id":"https:\/\/qingdaohf.com\/bg\/#website","url":"https:\/\/qingdaohf.com\/bg\/","name":"Concrete Form & Rigging Hardware Supplier","description":"","publisher":{"@id":"https:\/\/qingdaohf.com\/bg\/#organization"},"potentialAction":[{"@type":"SearchAction","target":{"@type":"EntryPoint","urlTemplate":"https:\/\/qingdaohf.com\/bg\/?s={search_term_string}"},"query-input":{"@type":"PropertyValueSpecification","valueRequired":true,"valueName":"search_term_string"}}],"inLanguage":"da-DK"},{"@type":"Organization","@id":"https:\/\/qingdaohf.com\/bg\/#organization","name":"Qingdao H&F","url":"https:\/\/qingdaohf.com\/bg\/","logo":{"@type":"ImageObject","inLanguage":"da-DK","@id":"https:\/\/qingdaohf.com\/bg\/#\/schema\/logo\/image\/","url":"https:\/\/qingdaohf.com\/wp-content\/uploads\/2022\/12\/cropped-HF-LOGO.png","contentUrl":"https:\/\/qingdaohf.com\/wp-content\/uploads\/2022\/12\/cropped-HF-LOGO.png","width":391,"height":249,"caption":"Qingdao H&F"},"image":{"@id":"https:\/\/qingdaohf.com\/bg\/#\/schema\/logo\/image\/"},"sameAs":["https:\/\/www.facebook.com\/qingdaohf"]}]}},"_links":{"self":[{"href":"https:\/\/qingdaohf.com\/da\/wp-json\/wp\/v2\/product\/4018","targetHints":{"allow":["GET"]}}],"collection":[{"href":"https:\/\/qingdaohf.com\/da\/wp-json\/wp\/v2\/product"}],"about":[{"href":"https:\/\/qingdaohf.com\/da\/wp-json\/wp\/v2\/types\/product"}],"replies":[{"embeddable":true,"href":"https:\/\/qingdaohf.com\/da\/wp-json\/wp\/v2\/comments?post=4018"}],"version-history":[{"count":2,"href":"https:\/\/qingdaohf.com\/da\/wp-json\/wp\/v2\/product\/4018\/revisions"}],"predecessor-version":[{"id":6105,"href":"https:\/\/qingdaohf.com\/da\/wp-json\/wp\/v2\/product\/4018\/revisions\/6105"}],"wp:featuredmedia":[{"embeddable":true,"href":"https:\/\/qingdaohf.com\/da\/wp-json\/wp\/v2\/media\/4020"}],"wp:attachment":[{"href":"https:\/\/qingdaohf.com\/da\/wp-json\/wp\/v2\/media?parent=4018"}],"wp:term":[{"taxonomy":"product_brand","embeddable":true,"href":"https:\/\/qingdaohf.com\/da\/wp-json\/wp\/v2\/product_brand?post=4018"},{"taxonomy":"product_cat","embeddable":true,"href":"https:\/\/qingdaohf.com\/da\/wp-json\/wp\/v2\/product_cat?post=4018"},{"taxonomy":"product_tag","embeddable":true,"href":"https:\/\/qingdaohf.com\/da\/wp-json\/wp\/v2\/product_tag?post=4018"}],"curies":[{"name":"wp","href":"https:\/\/api.w.org\/{rel}","templated":true}]}}