{"id":4275,"date":"2023-06-01T18:03:32","date_gmt":"2023-06-01T10:03:32","guid":{"rendered":"http:\/\/qingdaohf.com\/?post_type=product&#038;p=4275"},"modified":"2025-11-13T09:04:04","modified_gmt":"2025-11-13T01:04:04","slug":"plastic-strip-nail","status":"publish","type":"product","link":"https:\/\/qingdaohf.com\/da\/vare\/som-af-plaststrimmel\/","title":{"rendered":"Plastikstrimmel-s\u00f8m"},"content":{"rendered":"<ol>\n<li>Materiale: S\u00f8m i plastb\u00e5nd er typisk fremstillet af holdbare plastmaterialer af h\u00f8j kvalitet som polyethylen eller polykarbonat. Disse materialer har flere fordele, bl.a. modstandsdygtighed over for rust, korrosion og kemikalier. Strips\u00f8m i plast er s\u00e6rligt velegnede til anvendelser, hvor metals\u00f8m kan for\u00e5rsage pletter eller reagere med visse materialer.<\/li>\n<li>Konfiguration af strimler: I mods\u00e6tning til individuelle s\u00f8m i l\u00f8s v\u00e6gt eller s\u00f8m p\u00e5 spole er plasts\u00f8m i strimler forbundet med hinanden i en strimmel- eller b\u00e5ndformation. Denne strimmelkonfiguration g\u00f8r det nemt at fylde s\u00f8mpistolen med s\u00f8m og muligg\u00f8r hurtig og kontinuerlig affyring, hvilket reducerer nedetid til genindl\u00e6sning. S\u00f8mmene er j\u00e6vnt fordelt p\u00e5 strimlen og holdes sammen af en fleksibel plaststrimmel eller kl\u00e6bemiddel.<\/li>\n<li>Spids og skaft: S\u00f8m i plastb\u00e5nd har typisk en skarp diamant- eller mejselspids til pr\u00e6cis indf\u00f8ring i forskellige materialer. S\u00f8mets skaft (krop) er normalt glat eller let struktureret for at give tilstr\u00e6kkeligt greb og holdekraft.<\/li>\n<li>St\u00f8rrelser og anvendelser: S\u00f8m i plastb\u00e5nd f\u00e5s i forskellige l\u00e6ngder, diametre og tykkelser til forskellige form\u00e5l. De bruges ofte i byggeriet til indramning, bekl\u00e6dning, terrassebord, facadebekl\u00e6dning og almindeligt t\u00f8mrerarbejde. S\u00f8m i plastb\u00e5nd er ogs\u00e5 velegnede til opgaver, hvor der er brug for ikke-metalliske fastg\u00f8relsesmidler, f.eks. i el- og vvs-installationer.<\/li>\n<li>Alsidighed: Strip-s\u00f8m i plast kan bruges med de fleste pneumatiske eller batteridrevne s\u00f8mpistoler, der er kompatible med strip-s\u00f8m. Disse s\u00f8mpistoler er designet til effektivt at drive s\u00f8mmene ind i materialet, hvilket g\u00f8r dem ideelle til projekter med store m\u00e6ngder og reducerer den manuelle indsats.<\/li>\n<li>Reduceret opsplitning og skader: Det plastmateriale, der bruges i strips\u00f8m, giver nogle fordele i forhold til metals\u00f8m, is\u00e6r i sarte eller skr\u00f8belige materialer. Der er mindre sandsynlighed for, at plasts\u00f8m fl\u00e6kker, revner eller beskadiger det materiale, der fastg\u00f8res, hvilket g\u00f8r dem til et foretrukket valg til opgaver, hvor det er afg\u00f8rende at bevare emnets integritet.<\/li>\n<li>Milj\u00f8venligt: S\u00f8m i plast betragtes ofte som mere milj\u00f8venlige end s\u00f8m i metal. Plast er genanvendeligt og kan genbruges eller genanvendes, hvilket giver et b\u00e6redygtigt alternativ til traditionelle metalbeslag.\n<div class=\"ast-oembed-container\" style=\"height: 100%;\"><iframe title=\"hardware rammes\u00f8m 21 grader plastb\u00e5ndss\u00f8m\" width=\"500\" height=\"281\" src=\"https:\/\/www.youtube.com\/embed\/Y3yTImnWLqU?feature=oembed\" frameborder=\"0\" allow=\"accelerometer; autoplay; clipboard-write; encrypted-media; gyroscope; picture-in-picture; web-share\" referrerpolicy=\"strict-origin-when-cross-origin\" allowfullscreen><\/iframe><\/div>\n<\/li>\n<\/ol>","protected":false},"excerpt":{"rendered":"<p>Plastikstrips\u00f8m er en p\u00e5lidelig og praktisk fastg\u00f8relsesl\u00f8sning til en lang r\u00e6kke anvendelser. Deres strimmelkonfiguration, kompatibilitet med s\u00f8mpistoler og alsidighed g\u00f8r dem popul\u00e6re blandt fagfolk i bygge- og tr\u00e6bearbejdningsindustrien. Derudover g\u00f8r deres ikke-metalliske sammens\u00e6tning og reducerede risiko for skader p\u00e5 materialer dem velegnede til specialiserede anvendelser, hvor metals\u00f8m m\u00e5ske ikke er ideelle.<\/p>","protected":false},"featured_media":4276,"comment_status":"open","ping_status":"closed","template":"","meta":{"site-sidebar-layout":"default","site-content-layout":"default","ast-site-content-layout":"","site-content-style":"default","site-sidebar-style":"default","ast-global-header-display":"","ast-banner-title-visibility":"","ast-main-header-display":"","ast-hfb-above-header-display":"","ast-hfb-below-header-display":"","ast-hfb-mobile-header-display":"","site-post-title":"","ast-breadcrumbs-content":"","ast-featured-img":"","footer-sml-layout":"","theme-transparent-header-meta":"default","adv-header-id-meta":"","stick-header-meta":"default","header-above-stick-meta":"","header-main-stick-meta":"","header-below-stick-meta":"","astra-migrate-meta-layouts":"default","ast-page-background-enabled":"default","ast-page-background-meta":{"desktop":{"background-color":"","background-image":"","background-repeat":"repeat","background-position":"center center","background-size":"auto","background-attachment":"scroll","background-type":"","background-media":"","overlay-type":"","overlay-color":"","overlay-opacity":"","overlay-gradient":""},"tablet":{"background-color":"","background-image":"","background-repeat":"repeat","background-position":"center center","background-size":"auto","background-attachment":"scroll","background-type":"","background-media":"","overlay-type":"","overlay-color":"","overlay-opacity":"","overlay-gradient":""},"mobile":{"background-color":"","background-image":"","background-repeat":"repeat","background-position":"center center","background-size":"auto","background-attachment":"scroll","background-type":"","background-media":"","overlay-type":"","overlay-color":"","overlay-opacity":"","overlay-gradient":""}},"ast-content-background-meta":{"desktop":{"background-color":"var(--ast-global-color-5)","background-image":"","background-repeat":"repeat","background-position":"center center","background-size":"auto","background-attachment":"scroll","background-type":"","background-media":"","overlay-type":"","overlay-color":"","overlay-opacity":"","overlay-gradient":""},"tablet":{"background-color":"var(--ast-global-color-5)","background-image":"","background-repeat":"repeat","background-position":"center center","background-size":"auto","background-attachment":"scroll","background-type":"","background-media":"","overlay-type":"","overlay-color":"","overlay-opacity":"","overlay-gradient":""},"mobile":{"background-color":"var(--ast-global-color-5)","background-image":"","background-repeat":"repeat","background-position":"center center","background-size":"auto","background-attachment":"scroll","background-type":"","background-media":"","overlay-type":"","overlay-color":"","overlay-opacity":"","overlay-gradient":""}}},"product_brand":[],"product_cat":[34,43],"product_tag":[],"class_list":{"0":"post-4275","1":"product","2":"type-product","3":"status-publish","4":"has-post-thumbnail","6":"product_cat-nail","7":"product_cat-rigging-hardware","8":"desktop-align-left","9":"tablet-align-left","10":"mobile-align-left","11":"ast-product-gallery-layout-horizontal-slider","12":"ast-product-tabs-layout-horizontal","14":"first","15":"instock","16":"shipping-taxable","17":"purchasable","18":"product-type-simple"},"yoast_head":"<!-- This site is optimized with the Yoast SEO plugin v25.2 - https:\/\/yoast.com\/wordpress\/plugins\/seo\/ -->\n<title>Plastic Strip Nail<\/title>\n<meta name=\"description\" content=\"Plastic strip nails provide a reliable and convenient fastening solution for a wide range of applications.\" \/>\n<meta name=\"robots\" content=\"index, follow, max-snippet:-1, max-image-preview:large, max-video-preview:-1\" \/>\n<link rel=\"canonical\" href=\"https:\/\/qingdaohf.com\/da\/vare\/som-af-plaststrimmel\/\" \/>\n<meta property=\"og:locale\" content=\"da_DK\" \/>\n<meta property=\"og:type\" content=\"article\" \/>\n<meta property=\"og:title\" content=\"Plastic Strip Nail\" \/>\n<meta property=\"og:description\" content=\"Plastic strip nails provide a reliable and convenient fastening solution for a wide range of applications.\" \/>\n<meta property=\"og:url\" content=\"https:\/\/qingdaohf.com\/da\/vare\/som-af-plaststrimmel\/\" \/>\n<meta property=\"og:site_name\" content=\"Concrete Form &amp; Rigging Hardware Supplier\" \/>\n<meta property=\"article:publisher\" content=\"https:\/\/www.facebook.com\/qingdaohf\" \/>\n<meta property=\"article:modified_time\" content=\"2025-11-13T01:04:04+00:00\" \/>\n<meta property=\"og:image\" content=\"https:\/\/qingdaohf.com\/wp-content\/uploads\/2023\/06\/plastic-nail-1.jpg\" \/>\n\t<meta property=\"og:image:width\" content=\"1000\" \/>\n\t<meta property=\"og:image:height\" content=\"1000\" \/>\n\t<meta property=\"og:image:type\" content=\"image\/jpeg\" \/>\n<meta name=\"twitter:card\" content=\"summary_large_image\" \/>\n<meta name=\"twitter:label1\" content=\"Estimeret l\u00e6setid\" \/>\n\t<meta name=\"twitter:data1\" content=\"2 minutter\" \/>\n<script type=\"application\/ld+json\" class=\"yoast-schema-graph\">{\"@context\":\"https:\/\/schema.org\",\"@graph\":[{\"@type\":\"WebPage\",\"@id\":\"https:\/\/qingdaohf.com\/product\/plastic-strip-nail\/\",\"url\":\"https:\/\/qingdaohf.com\/product\/plastic-strip-nail\/\",\"name\":\"Plastic Strip Nail\",\"isPartOf\":{\"@id\":\"https:\/\/qingdaohf.com\/bg\/#website\"},\"primaryImageOfPage\":{\"@id\":\"https:\/\/qingdaohf.com\/product\/plastic-strip-nail\/#primaryimage\"},\"image\":{\"@id\":\"https:\/\/qingdaohf.com\/product\/plastic-strip-nail\/#primaryimage\"},\"thumbnailUrl\":\"https:\/\/qingdaohf.com\/wp-content\/uploads\/2023\/06\/plastic-nail-1.jpg\",\"datePublished\":\"2023-06-01T10:03:32+00:00\",\"dateModified\":\"2025-11-13T01:04:04+00:00\",\"description\":\"Plastic strip nails provide a reliable and convenient fastening solution for a wide range of applications.\",\"breadcrumb\":{\"@id\":\"https:\/\/qingdaohf.com\/product\/plastic-strip-nail\/#breadcrumb\"},\"inLanguage\":\"da-DK\",\"potentialAction\":[{\"@type\":\"ReadAction\",\"target\":[\"https:\/\/qingdaohf.com\/product\/plastic-strip-nail\/\"]}]},{\"@type\":\"ImageObject\",\"inLanguage\":\"da-DK\",\"@id\":\"https:\/\/qingdaohf.com\/product\/plastic-strip-nail\/#primaryimage\",\"url\":\"https:\/\/qingdaohf.com\/wp-content\/uploads\/2023\/06\/plastic-nail-1.jpg\",\"contentUrl\":\"https:\/\/qingdaohf.com\/wp-content\/uploads\/2023\/06\/plastic-nail-1.jpg\",\"width\":1000,\"height\":1000,\"caption\":\"plastic strip nail\"},{\"@type\":\"BreadcrumbList\",\"@id\":\"https:\/\/qingdaohf.com\/product\/plastic-strip-nail\/#breadcrumb\",\"itemListElement\":[{\"@type\":\"ListItem\",\"position\":1,\"name\":\"Home\",\"item\":\"https:\/\/qingdaohf.com\/\"},{\"@type\":\"ListItem\",\"position\":2,\"name\":\"Concrete Forming Accessories and Rigging Hardware\",\"item\":\"https:\/\/qingdaohf.com\/bg\/?page_id=944\"},{\"@type\":\"ListItem\",\"position\":3,\"name\":\"Plastic Strip Nail\"}]},{\"@type\":\"WebSite\",\"@id\":\"https:\/\/qingdaohf.com\/bg\/#website\",\"url\":\"https:\/\/qingdaohf.com\/bg\/\",\"name\":\"Concrete Form & Rigging Hardware Supplier\",\"description\":\"\",\"publisher\":{\"@id\":\"https:\/\/qingdaohf.com\/bg\/#organization\"},\"potentialAction\":[{\"@type\":\"SearchAction\",\"target\":{\"@type\":\"EntryPoint\",\"urlTemplate\":\"https:\/\/qingdaohf.com\/bg\/?s={search_term_string}\"},\"query-input\":{\"@type\":\"PropertyValueSpecification\",\"valueRequired\":true,\"valueName\":\"search_term_string\"}}],\"inLanguage\":\"da-DK\"},{\"@type\":\"Organization\",\"@id\":\"https:\/\/qingdaohf.com\/bg\/#organization\",\"name\":\"Qingdao H&F\",\"url\":\"https:\/\/qingdaohf.com\/bg\/\",\"logo\":{\"@type\":\"ImageObject\",\"inLanguage\":\"da-DK\",\"@id\":\"https:\/\/qingdaohf.com\/bg\/#\/schema\/logo\/image\/\",\"url\":\"https:\/\/qingdaohf.com\/wp-content\/uploads\/2022\/12\/cropped-HF-LOGO.png\",\"contentUrl\":\"https:\/\/qingdaohf.com\/wp-content\/uploads\/2022\/12\/cropped-HF-LOGO.png\",\"width\":391,\"height\":249,\"caption\":\"Qingdao H&F\"},\"image\":{\"@id\":\"https:\/\/qingdaohf.com\/bg\/#\/schema\/logo\/image\/\"},\"sameAs\":[\"https:\/\/www.facebook.com\/qingdaohf\"]}]}<\/script>\n<!-- \/ Yoast SEO plugin. -->","yoast_head_json":{"title":"Plastic Strip Nail","description":"Plastic strip nails provide a reliable and convenient fastening solution for a wide range of applications.","robots":{"index":"index","follow":"follow","max-snippet":"max-snippet:-1","max-image-preview":"max-image-preview:large","max-video-preview":"max-video-preview:-1"},"canonical":"https:\/\/qingdaohf.com\/da\/vare\/som-af-plaststrimmel\/","og_locale":"da_DK","og_type":"article","og_title":"Plastic Strip Nail","og_description":"Plastic strip nails provide a reliable and convenient fastening solution for a wide range of applications.","og_url":"https:\/\/qingdaohf.com\/da\/vare\/som-af-plaststrimmel\/","og_site_name":"Concrete Form &amp; Rigging Hardware Supplier","article_publisher":"https:\/\/www.facebook.com\/qingdaohf","article_modified_time":"2025-11-13T01:04:04+00:00","og_image":[{"width":1000,"height":1000,"url":"https:\/\/qingdaohf.com\/wp-content\/uploads\/2023\/06\/plastic-nail-1.jpg","type":"image\/jpeg"}],"twitter_card":"summary_large_image","twitter_misc":{"Estimeret l\u00e6setid":"2 minutter"},"schema":{"@context":"https:\/\/schema.org","@graph":[{"@type":"WebPage","@id":"https:\/\/qingdaohf.com\/product\/plastic-strip-nail\/","url":"https:\/\/qingdaohf.com\/product\/plastic-strip-nail\/","name":"Plastic Strip Nail","isPartOf":{"@id":"https:\/\/qingdaohf.com\/bg\/#website"},"primaryImageOfPage":{"@id":"https:\/\/qingdaohf.com\/product\/plastic-strip-nail\/#primaryimage"},"image":{"@id":"https:\/\/qingdaohf.com\/product\/plastic-strip-nail\/#primaryimage"},"thumbnailUrl":"https:\/\/qingdaohf.com\/wp-content\/uploads\/2023\/06\/plastic-nail-1.jpg","datePublished":"2023-06-01T10:03:32+00:00","dateModified":"2025-11-13T01:04:04+00:00","description":"Plastic strip nails provide a reliable and convenient fastening solution for a wide range of applications.","breadcrumb":{"@id":"https:\/\/qingdaohf.com\/product\/plastic-strip-nail\/#breadcrumb"},"inLanguage":"da-DK","potentialAction":[{"@type":"ReadAction","target":["https:\/\/qingdaohf.com\/product\/plastic-strip-nail\/"]}]},{"@type":"ImageObject","inLanguage":"da-DK","@id":"https:\/\/qingdaohf.com\/product\/plastic-strip-nail\/#primaryimage","url":"https:\/\/qingdaohf.com\/wp-content\/uploads\/2023\/06\/plastic-nail-1.jpg","contentUrl":"https:\/\/qingdaohf.com\/wp-content\/uploads\/2023\/06\/plastic-nail-1.jpg","width":1000,"height":1000,"caption":"plastic strip nail"},{"@type":"BreadcrumbList","@id":"https:\/\/qingdaohf.com\/product\/plastic-strip-nail\/#breadcrumb","itemListElement":[{"@type":"ListItem","position":1,"name":"Home","item":"https:\/\/qingdaohf.com\/"},{"@type":"ListItem","position":2,"name":"Concrete Forming Accessories and Rigging Hardware","item":"https:\/\/qingdaohf.com\/bg\/?page_id=944"},{"@type":"ListItem","position":3,"name":"Plastic Strip Nail"}]},{"@type":"WebSite","@id":"https:\/\/qingdaohf.com\/bg\/#website","url":"https:\/\/qingdaohf.com\/bg\/","name":"Concrete Form & Rigging Hardware Supplier","description":"","publisher":{"@id":"https:\/\/qingdaohf.com\/bg\/#organization"},"potentialAction":[{"@type":"SearchAction","target":{"@type":"EntryPoint","urlTemplate":"https:\/\/qingdaohf.com\/bg\/?s={search_term_string}"},"query-input":{"@type":"PropertyValueSpecification","valueRequired":true,"valueName":"search_term_string"}}],"inLanguage":"da-DK"},{"@type":"Organization","@id":"https:\/\/qingdaohf.com\/bg\/#organization","name":"Qingdao H&F","url":"https:\/\/qingdaohf.com\/bg\/","logo":{"@type":"ImageObject","inLanguage":"da-DK","@id":"https:\/\/qingdaohf.com\/bg\/#\/schema\/logo\/image\/","url":"https:\/\/qingdaohf.com\/wp-content\/uploads\/2022\/12\/cropped-HF-LOGO.png","contentUrl":"https:\/\/qingdaohf.com\/wp-content\/uploads\/2022\/12\/cropped-HF-LOGO.png","width":391,"height":249,"caption":"Qingdao H&F"},"image":{"@id":"https:\/\/qingdaohf.com\/bg\/#\/schema\/logo\/image\/"},"sameAs":["https:\/\/www.facebook.com\/qingdaohf"]}]}},"_links":{"self":[{"href":"https:\/\/qingdaohf.com\/da\/wp-json\/wp\/v2\/product\/4275","targetHints":{"allow":["GET"]}}],"collection":[{"href":"https:\/\/qingdaohf.com\/da\/wp-json\/wp\/v2\/product"}],"about":[{"href":"https:\/\/qingdaohf.com\/da\/wp-json\/wp\/v2\/types\/product"}],"replies":[{"embeddable":true,"href":"https:\/\/qingdaohf.com\/da\/wp-json\/wp\/v2\/comments?post=4275"}],"version-history":[{"count":1,"href":"https:\/\/qingdaohf.com\/da\/wp-json\/wp\/v2\/product\/4275\/revisions"}],"predecessor-version":[{"id":10417,"href":"https:\/\/qingdaohf.com\/da\/wp-json\/wp\/v2\/product\/4275\/revisions\/10417"}],"wp:featuredmedia":[{"embeddable":true,"href":"https:\/\/qingdaohf.com\/da\/wp-json\/wp\/v2\/media\/4276"}],"wp:attachment":[{"href":"https:\/\/qingdaohf.com\/da\/wp-json\/wp\/v2\/media?parent=4275"}],"wp:term":[{"taxonomy":"product_brand","embeddable":true,"href":"https:\/\/qingdaohf.com\/da\/wp-json\/wp\/v2\/product_brand?post=4275"},{"taxonomy":"product_cat","embeddable":true,"href":"https:\/\/qingdaohf.com\/da\/wp-json\/wp\/v2\/product_cat?post=4275"},{"taxonomy":"product_tag","embeddable":true,"href":"https:\/\/qingdaohf.com\/da\/wp-json\/wp\/v2\/product_tag?post=4275"}],"curies":[{"name":"wp","href":"https:\/\/api.w.org\/{rel}","templated":true}]}}