{"id":4285,"date":"2023-06-01T18:22:11","date_gmt":"2023-06-01T10:22:11","guid":{"rendered":"http:\/\/qingdaohf.com\/?post_type=product&#038;p=4285"},"modified":"2025-11-13T09:04:04","modified_gmt":"2025-11-13T01:04:04","slug":"plastic-coil-nail-plastic-collated-coil-nails","status":"publish","type":"product","link":"https:\/\/qingdaohf.com\/da\/vare\/plastsom-i-spiralform-plastsom-i-spiralform-med-band\/","title":{"rendered":"Plastic Coil Nail Plastic-Collated Coil Nails"},"content":{"rendered":"<ol>\n<li>Konstruktion: Plastrullede s\u00f8m best\u00e5r af en kontinuerlig spole af s\u00f8m, der er forbundet med en fleksibel plaststrimmel. Plaststrimlen fungerer som b\u00e6rer for s\u00f8mmene, hvilket giver mulighed for effektiv il\u00e6gning i s\u00f8mpistoler, der er designet til coils\u00f8m.<\/li>\n<li>Samling af plastik: Plaststrimlen holder s\u00f8mmene sammen i et line\u00e6rt arrangement, hvilket sikrer en j\u00e6vn og ensartet indf\u00f8ring i s\u00f8mpistolen. B\u00e5ndet er typisk lavet af holdbart plastmateriale af h\u00f8j kvalitet, som giver fordele som modstandsdygtighed over for rust, korrosion og fugt.<\/li>\n<li>Spoleform: Plastrullede s\u00f8m er formet som en spole, hvilket giver en h\u00f8j s\u00f8mkapacitet i en kompakt indpakning. Det giver mulighed for at fastg\u00f8re i l\u00e6ngere perioder uden behov for hyppig genindl\u00e6sning, hvilket resulterer i forbedret produktivitet og reduceret nedetid.<\/li>\n<li>Kompatibilitet: Plastrullede s\u00f8m er kompatible med pneumatiske s\u00f8mpistoler, der er specielt designet til denne type bef\u00e6stelse. Disse s\u00f8mpistoler bruger trykluft til at drive s\u00f8mmene hurtigt og effektivt ind i materialet.<\/li>\n<li>Anvendelsesomr\u00e5der: Plastrullede s\u00f8m bruges ofte i forskellige byggeprojekter, herunder indramning, bekl\u00e6dning, terrassebord, facadebekl\u00e6dning og almindeligt t\u00f8mrerarbejde. De har en fremragende holdekraft og er velegnede til projekter med store m\u00e6ngder, hvor der er behov for effektiv og p\u00e5lidelig fastg\u00f8relse.<\/li>\n<li>Reduceret fastklemning: Plastiksamlingen minimerer risikoen for, at s\u00f8mmet s\u00e6tter sig fast eller skyder forkert i s\u00f8mpistolen, hvilket giver en mere j\u00e6vn drift og \u00f8get produktivitet.<\/li>\n<li>Alsidighed: Plastrullede s\u00f8m f\u00e5s i forskellige l\u00e6ngder, diametre og tykkelser for at im\u00f8dekomme forskellige anvendelser. De kan bruges til b\u00e5de indvendige og udvendige projekter og er velegnede til en lang r\u00e6kke materialer, herunder tr\u00e6, krydsfiner og visse typer kompositmaterialer.<\/li>\n<\/ol>\n<div class=\"ast-oembed-container\" style=\"height: 100%;\"><iframe title=\"Plastic Coil Nail Plastic-Collated Coil Nails\" width=\"500\" height=\"281\" src=\"https:\/\/www.youtube.com\/embed\/KI31oh39oO8?feature=oembed\" frameborder=\"0\" allow=\"accelerometer; autoplay; clipboard-write; encrypted-media; gyroscope; picture-in-picture; web-share\" referrerpolicy=\"strict-origin-when-cross-origin\" allowfullscreen><\/iframe><\/div>","protected":false},"excerpt":{"rendered":"<p>Plastrullede s\u00f8m giver en balance mellem bekvemmeligheden ved plastsamling og ydeevnen ved rulles\u00f8m. Deres plastb\u00e5nd giver effektiv il\u00e6gning og ensartet fremf\u00f8ring, mens spiralformen giver \u00f8get s\u00f8mkapacitet. Det g\u00f8r dem til et popul\u00e6rt valg for fagfolk i bygge- og t\u00f8mrerbranchen, som har brug for p\u00e5lidelige og effektive fastg\u00f8relsesl\u00f8sninger.<\/p>","protected":false},"featured_media":4286,"comment_status":"open","ping_status":"closed","template":"","meta":{"site-sidebar-layout":"default","site-content-layout":"default","ast-site-content-layout":"","site-content-style":"default","site-sidebar-style":"default","ast-global-header-display":"","ast-banner-title-visibility":"","ast-main-header-display":"","ast-hfb-above-header-display":"","ast-hfb-below-header-display":"","ast-hfb-mobile-header-display":"","site-post-title":"","ast-breadcrumbs-content":"","ast-featured-img":"","footer-sml-layout":"","theme-transparent-header-meta":"default","adv-header-id-meta":"","stick-header-meta":"default","header-above-stick-meta":"","header-main-stick-meta":"","header-below-stick-meta":"","astra-migrate-meta-layouts":"default","ast-page-background-enabled":"default","ast-page-background-meta":{"desktop":{"background-color":"","background-image":"","background-repeat":"repeat","background-position":"center center","background-size":"auto","background-attachment":"scroll","background-type":"","background-media":"","overlay-type":"","overlay-color":"","overlay-opacity":"","overlay-gradient":""},"tablet":{"background-color":"","background-image":"","background-repeat":"repeat","background-position":"center center","background-size":"auto","background-attachment":"scroll","background-type":"","background-media":"","overlay-type":"","overlay-color":"","overlay-opacity":"","overlay-gradient":""},"mobile":{"background-color":"","background-image":"","background-repeat":"repeat","background-position":"center center","background-size":"auto","background-attachment":"scroll","background-type":"","background-media":"","overlay-type":"","overlay-color":"","overlay-opacity":"","overlay-gradient":""}},"ast-content-background-meta":{"desktop":{"background-color":"var(--ast-global-color-5)","background-image":"","background-repeat":"repeat","background-position":"center center","background-size":"auto","background-attachment":"scroll","background-type":"","background-media":"","overlay-type":"","overlay-color":"","overlay-opacity":"","overlay-gradient":""},"tablet":{"background-color":"var(--ast-global-color-5)","background-image":"","background-repeat":"repeat","background-position":"center center","background-size":"auto","background-attachment":"scroll","background-type":"","background-media":"","overlay-type":"","overlay-color":"","overlay-opacity":"","overlay-gradient":""},"mobile":{"background-color":"var(--ast-global-color-5)","background-image":"","background-repeat":"repeat","background-position":"center center","background-size":"auto","background-attachment":"scroll","background-type":"","background-media":"","overlay-type":"","overlay-color":"","overlay-opacity":"","overlay-gradient":""}}},"product_brand":[],"product_cat":[34,43],"product_tag":[],"class_list":{"0":"post-4285","1":"product","2":"type-product","3":"status-publish","4":"has-post-thumbnail","6":"product_cat-nail","7":"product_cat-rigging-hardware","8":"desktop-align-left","9":"tablet-align-left","10":"mobile-align-left","11":"ast-product-gallery-layout-horizontal-slider","12":"ast-product-tabs-layout-horizontal","14":"first","15":"instock","16":"shipping-taxable","17":"purchasable","18":"product-type-simple"},"yoast_head":"<!-- This site is optimized with the Yoast SEO plugin v25.2 - https:\/\/yoast.com\/wordpress\/plugins\/seo\/ -->\n<title>Plastic Coil Nail Plastic-Collated Coil Nails<\/title>\n<meta name=\"description\" content=\"Plastic-collated coil nails provide a balance between the convenience of plastic collation and the performance of coil nails.\" \/>\n<meta name=\"robots\" content=\"index, follow, max-snippet:-1, max-image-preview:large, max-video-preview:-1\" \/>\n<link rel=\"canonical\" href=\"https:\/\/qingdaohf.com\/da\/vare\/plastsom-i-spiralform-plastsom-i-spiralform-med-band\/\" \/>\n<meta property=\"og:locale\" content=\"da_DK\" \/>\n<meta property=\"og:type\" content=\"article\" \/>\n<meta property=\"og:title\" content=\"Plastic Coil Nail Plastic-Collated Coil Nails\" \/>\n<meta property=\"og:description\" content=\"Plastic-collated coil nails provide a balance between the convenience of plastic collation and the performance of coil nails.\" \/>\n<meta property=\"og:url\" content=\"https:\/\/qingdaohf.com\/da\/vare\/plastsom-i-spiralform-plastsom-i-spiralform-med-band\/\" \/>\n<meta property=\"og:site_name\" content=\"Concrete Form &amp; Rigging Hardware Supplier\" \/>\n<meta property=\"article:publisher\" content=\"https:\/\/www.facebook.com\/qingdaohf\" \/>\n<meta property=\"article:modified_time\" content=\"2025-11-13T01:04:04+00:00\" \/>\n<meta property=\"og:image\" content=\"https:\/\/qingdaohf.com\/wp-content\/uploads\/2023\/06\/plastic-coil-nail-2.jpg\" \/>\n\t<meta property=\"og:image:width\" content=\"1000\" \/>\n\t<meta property=\"og:image:height\" content=\"1000\" \/>\n\t<meta property=\"og:image:type\" content=\"image\/jpeg\" \/>\n<meta name=\"twitter:card\" content=\"summary_large_image\" \/>\n<meta name=\"twitter:label1\" content=\"Estimeret l\u00e6setid\" \/>\n\t<meta name=\"twitter:data1\" content=\"2 minutter\" \/>\n<script type=\"application\/ld+json\" class=\"yoast-schema-graph\">{\"@context\":\"https:\/\/schema.org\",\"@graph\":[{\"@type\":\"WebPage\",\"@id\":\"https:\/\/qingdaohf.com\/product\/plastic-coil-nail-plastic-collated-coil-nails\/\",\"url\":\"https:\/\/qingdaohf.com\/product\/plastic-coil-nail-plastic-collated-coil-nails\/\",\"name\":\"Plastic Coil Nail Plastic-Collated Coil Nails\",\"isPartOf\":{\"@id\":\"https:\/\/qingdaohf.com\/bg\/#website\"},\"primaryImageOfPage\":{\"@id\":\"https:\/\/qingdaohf.com\/product\/plastic-coil-nail-plastic-collated-coil-nails\/#primaryimage\"},\"image\":{\"@id\":\"https:\/\/qingdaohf.com\/product\/plastic-coil-nail-plastic-collated-coil-nails\/#primaryimage\"},\"thumbnailUrl\":\"https:\/\/qingdaohf.com\/wp-content\/uploads\/2023\/06\/plastic-coil-nail-2.jpg\",\"datePublished\":\"2023-06-01T10:22:11+00:00\",\"dateModified\":\"2025-11-13T01:04:04+00:00\",\"description\":\"Plastic-collated coil nails provide a balance between the convenience of plastic collation and the performance of coil nails.\",\"breadcrumb\":{\"@id\":\"https:\/\/qingdaohf.com\/product\/plastic-coil-nail-plastic-collated-coil-nails\/#breadcrumb\"},\"inLanguage\":\"da-DK\",\"potentialAction\":[{\"@type\":\"ReadAction\",\"target\":[\"https:\/\/qingdaohf.com\/product\/plastic-coil-nail-plastic-collated-coil-nails\/\"]}]},{\"@type\":\"ImageObject\",\"inLanguage\":\"da-DK\",\"@id\":\"https:\/\/qingdaohf.com\/product\/plastic-coil-nail-plastic-collated-coil-nails\/#primaryimage\",\"url\":\"https:\/\/qingdaohf.com\/wp-content\/uploads\/2023\/06\/plastic-coil-nail-2.jpg\",\"contentUrl\":\"https:\/\/qingdaohf.com\/wp-content\/uploads\/2023\/06\/plastic-coil-nail-2.jpg\",\"width\":1000,\"height\":1000,\"caption\":\"plastic coil nail\"},{\"@type\":\"BreadcrumbList\",\"@id\":\"https:\/\/qingdaohf.com\/product\/plastic-coil-nail-plastic-collated-coil-nails\/#breadcrumb\",\"itemListElement\":[{\"@type\":\"ListItem\",\"position\":1,\"name\":\"Home\",\"item\":\"https:\/\/qingdaohf.com\/\"},{\"@type\":\"ListItem\",\"position\":2,\"name\":\"Concrete Forming Accessories and Rigging Hardware\",\"item\":\"https:\/\/qingdaohf.com\/bg\/?page_id=944\"},{\"@type\":\"ListItem\",\"position\":3,\"name\":\"Plastic Coil Nail Plastic-Collated Coil Nails\"}]},{\"@type\":\"WebSite\",\"@id\":\"https:\/\/qingdaohf.com\/bg\/#website\",\"url\":\"https:\/\/qingdaohf.com\/bg\/\",\"name\":\"Concrete Form & Rigging Hardware Supplier\",\"description\":\"\",\"publisher\":{\"@id\":\"https:\/\/qingdaohf.com\/bg\/#organization\"},\"potentialAction\":[{\"@type\":\"SearchAction\",\"target\":{\"@type\":\"EntryPoint\",\"urlTemplate\":\"https:\/\/qingdaohf.com\/bg\/?s={search_term_string}\"},\"query-input\":{\"@type\":\"PropertyValueSpecification\",\"valueRequired\":true,\"valueName\":\"search_term_string\"}}],\"inLanguage\":\"da-DK\"},{\"@type\":\"Organization\",\"@id\":\"https:\/\/qingdaohf.com\/bg\/#organization\",\"name\":\"Qingdao H&F\",\"url\":\"https:\/\/qingdaohf.com\/bg\/\",\"logo\":{\"@type\":\"ImageObject\",\"inLanguage\":\"da-DK\",\"@id\":\"https:\/\/qingdaohf.com\/bg\/#\/schema\/logo\/image\/\",\"url\":\"https:\/\/qingdaohf.com\/wp-content\/uploads\/2022\/12\/cropped-HF-LOGO.png\",\"contentUrl\":\"https:\/\/qingdaohf.com\/wp-content\/uploads\/2022\/12\/cropped-HF-LOGO.png\",\"width\":391,\"height\":249,\"caption\":\"Qingdao H&F\"},\"image\":{\"@id\":\"https:\/\/qingdaohf.com\/bg\/#\/schema\/logo\/image\/\"},\"sameAs\":[\"https:\/\/www.facebook.com\/qingdaohf\"]}]}<\/script>\n<!-- \/ Yoast SEO plugin. -->","yoast_head_json":{"title":"Plastic Coil Nail Plastic-Collated Coil Nails","description":"Plastic-collated coil nails provide a balance between the convenience of plastic collation and the performance of coil nails.","robots":{"index":"index","follow":"follow","max-snippet":"max-snippet:-1","max-image-preview":"max-image-preview:large","max-video-preview":"max-video-preview:-1"},"canonical":"https:\/\/qingdaohf.com\/da\/vare\/plastsom-i-spiralform-plastsom-i-spiralform-med-band\/","og_locale":"da_DK","og_type":"article","og_title":"Plastic Coil Nail Plastic-Collated Coil Nails","og_description":"Plastic-collated coil nails provide a balance between the convenience of plastic collation and the performance of coil nails.","og_url":"https:\/\/qingdaohf.com\/da\/vare\/plastsom-i-spiralform-plastsom-i-spiralform-med-band\/","og_site_name":"Concrete Form &amp; Rigging Hardware Supplier","article_publisher":"https:\/\/www.facebook.com\/qingdaohf","article_modified_time":"2025-11-13T01:04:04+00:00","og_image":[{"width":1000,"height":1000,"url":"https:\/\/qingdaohf.com\/wp-content\/uploads\/2023\/06\/plastic-coil-nail-2.jpg","type":"image\/jpeg"}],"twitter_card":"summary_large_image","twitter_misc":{"Estimeret l\u00e6setid":"2 minutter"},"schema":{"@context":"https:\/\/schema.org","@graph":[{"@type":"WebPage","@id":"https:\/\/qingdaohf.com\/product\/plastic-coil-nail-plastic-collated-coil-nails\/","url":"https:\/\/qingdaohf.com\/product\/plastic-coil-nail-plastic-collated-coil-nails\/","name":"Plastic Coil Nail Plastic-Collated Coil Nails","isPartOf":{"@id":"https:\/\/qingdaohf.com\/bg\/#website"},"primaryImageOfPage":{"@id":"https:\/\/qingdaohf.com\/product\/plastic-coil-nail-plastic-collated-coil-nails\/#primaryimage"},"image":{"@id":"https:\/\/qingdaohf.com\/product\/plastic-coil-nail-plastic-collated-coil-nails\/#primaryimage"},"thumbnailUrl":"https:\/\/qingdaohf.com\/wp-content\/uploads\/2023\/06\/plastic-coil-nail-2.jpg","datePublished":"2023-06-01T10:22:11+00:00","dateModified":"2025-11-13T01:04:04+00:00","description":"Plastic-collated coil nails provide a balance between the convenience of plastic collation and the performance of coil nails.","breadcrumb":{"@id":"https:\/\/qingdaohf.com\/product\/plastic-coil-nail-plastic-collated-coil-nails\/#breadcrumb"},"inLanguage":"da-DK","potentialAction":[{"@type":"ReadAction","target":["https:\/\/qingdaohf.com\/product\/plastic-coil-nail-plastic-collated-coil-nails\/"]}]},{"@type":"ImageObject","inLanguage":"da-DK","@id":"https:\/\/qingdaohf.com\/product\/plastic-coil-nail-plastic-collated-coil-nails\/#primaryimage","url":"https:\/\/qingdaohf.com\/wp-content\/uploads\/2023\/06\/plastic-coil-nail-2.jpg","contentUrl":"https:\/\/qingdaohf.com\/wp-content\/uploads\/2023\/06\/plastic-coil-nail-2.jpg","width":1000,"height":1000,"caption":"plastic coil nail"},{"@type":"BreadcrumbList","@id":"https:\/\/qingdaohf.com\/product\/plastic-coil-nail-plastic-collated-coil-nails\/#breadcrumb","itemListElement":[{"@type":"ListItem","position":1,"name":"Home","item":"https:\/\/qingdaohf.com\/"},{"@type":"ListItem","position":2,"name":"Concrete Forming Accessories and Rigging Hardware","item":"https:\/\/qingdaohf.com\/bg\/?page_id=944"},{"@type":"ListItem","position":3,"name":"Plastic Coil Nail Plastic-Collated Coil Nails"}]},{"@type":"WebSite","@id":"https:\/\/qingdaohf.com\/bg\/#website","url":"https:\/\/qingdaohf.com\/bg\/","name":"Concrete Form & Rigging Hardware Supplier","description":"","publisher":{"@id":"https:\/\/qingdaohf.com\/bg\/#organization"},"potentialAction":[{"@type":"SearchAction","target":{"@type":"EntryPoint","urlTemplate":"https:\/\/qingdaohf.com\/bg\/?s={search_term_string}"},"query-input":{"@type":"PropertyValueSpecification","valueRequired":true,"valueName":"search_term_string"}}],"inLanguage":"da-DK"},{"@type":"Organization","@id":"https:\/\/qingdaohf.com\/bg\/#organization","name":"Qingdao H&F","url":"https:\/\/qingdaohf.com\/bg\/","logo":{"@type":"ImageObject","inLanguage":"da-DK","@id":"https:\/\/qingdaohf.com\/bg\/#\/schema\/logo\/image\/","url":"https:\/\/qingdaohf.com\/wp-content\/uploads\/2022\/12\/cropped-HF-LOGO.png","contentUrl":"https:\/\/qingdaohf.com\/wp-content\/uploads\/2022\/12\/cropped-HF-LOGO.png","width":391,"height":249,"caption":"Qingdao H&F"},"image":{"@id":"https:\/\/qingdaohf.com\/bg\/#\/schema\/logo\/image\/"},"sameAs":["https:\/\/www.facebook.com\/qingdaohf"]}]}},"_links":{"self":[{"href":"https:\/\/qingdaohf.com\/da\/wp-json\/wp\/v2\/product\/4285","targetHints":{"allow":["GET"]}}],"collection":[{"href":"https:\/\/qingdaohf.com\/da\/wp-json\/wp\/v2\/product"}],"about":[{"href":"https:\/\/qingdaohf.com\/da\/wp-json\/wp\/v2\/types\/product"}],"replies":[{"embeddable":true,"href":"https:\/\/qingdaohf.com\/da\/wp-json\/wp\/v2\/comments?post=4285"}],"version-history":[{"count":2,"href":"https:\/\/qingdaohf.com\/da\/wp-json\/wp\/v2\/product\/4285\/revisions"}],"predecessor-version":[{"id":10416,"href":"https:\/\/qingdaohf.com\/da\/wp-json\/wp\/v2\/product\/4285\/revisions\/10416"}],"wp:featuredmedia":[{"embeddable":true,"href":"https:\/\/qingdaohf.com\/da\/wp-json\/wp\/v2\/media\/4286"}],"wp:attachment":[{"href":"https:\/\/qingdaohf.com\/da\/wp-json\/wp\/v2\/media?parent=4285"}],"wp:term":[{"taxonomy":"product_brand","embeddable":true,"href":"https:\/\/qingdaohf.com\/da\/wp-json\/wp\/v2\/product_brand?post=4285"},{"taxonomy":"product_cat","embeddable":true,"href":"https:\/\/qingdaohf.com\/da\/wp-json\/wp\/v2\/product_cat?post=4285"},{"taxonomy":"product_tag","embeddable":true,"href":"https:\/\/qingdaohf.com\/da\/wp-json\/wp\/v2\/product_tag?post=4285"}],"curies":[{"name":"wp","href":"https:\/\/api.w.org\/{rel}","templated":true}]}}