{"id":4534,"date":"2023-06-20T14:39:39","date_gmt":"2023-06-20T06:39:39","guid":{"rendered":"http:\/\/qingdaohf.com\/?post_type=product&#038;p=4534"},"modified":"2025-11-13T09:04:03","modified_gmt":"2025-11-13T01:04:03","slug":"steel-studded-t-post","status":"publish","type":"product","link":"https:\/\/qingdaohf.com\/da\/vare\/t-stolpe-med-stalknopper\/","title":{"rendered":"T-stolpe med st\u00e5lnitter"},"content":{"rendered":"<div class=\"ast-oembed-container\" style=\"height: 100%;\"><iframe title=\"Amerikansk st\u00e5lstolpe med nitter\" width=\"500\" height=\"281\" src=\"https:\/\/www.youtube.com\/embed\/irpqY2CorrA?feature=oembed\" frameborder=\"0\" allow=\"accelerometer; autoplay; clipboard-write; encrypted-media; gyroscope; picture-in-picture; web-share\" referrerpolicy=\"strict-origin-when-cross-origin\" allowfullscreen><\/iframe><\/div>\n<p>Disse stolper er typisk lavet af st\u00e5l af h\u00f8j kvalitet, hvilket sikrer holdbarhed og lang levetid i udend\u00f8rs milj\u00f8er. St\u00e5lkonstruktionen g\u00f8r dem modstandsdygtige over for rust, korrosion og andre former for vejrlig, hvilket g\u00f8r dem velegnede til brug i forskellige klimaer.<\/p>\n<p>T-p\u00e6len med st\u00e5lknopper har knopper eller riller i l\u00e6ngden, strategisk placeret for at \u00f8ge stolpens styrke og give ekstra greb, n\u00e5r den sl\u00e5s ned i jorden. Piggene forhindrer stolpen i at rotere eller forskubbe sig, n\u00e5r den er sat op, hvilket giver et sikkert og p\u00e5lideligt hegn eller en p\u00e5lidelig st\u00f8ttestruktur.<\/p>\n<p>En af de vigtigste anvendelser af T-p\u00e6le med st\u00e5lnitter er i hegnssystemer. De bruges ofte til at underst\u00f8tte tr\u00e5dnet, pigtr\u00e5d, elektriske hegn og andre typer hegnsmaterialer. Det T-formede design g\u00f8r dem nemme at installere ved blot at sl\u00e5 dem ned i jorden med manuelt eller mekanisk v\u00e6rkt\u00f8j. De giver fremragende stabilitet og hj\u00e6lper med at bevare hegnets integritet, selv under sp\u00e6nding eller tryk.<\/p>\n<p>T-stolper med st\u00e5lpigge bruges ogs\u00e5 i landbruget til en r\u00e6kke forskellige form\u00e5l. De bruges ofte som st\u00f8ttep\u00e6le til espalierer, plantetr\u00e6ningssystemer og vinmarker. Derudover kan de fungere som mark\u00f8rer for afgr\u00f8der\u00e6kker, s\u00e5 landm\u00e6ndene kan opretholde den rette afstand og organisation.<\/p>\n<p>Stolperne findes i forskellige st\u00f8rrelser og l\u00e6ngder for at im\u00f8dekomme forskellige anvendelser og installationskrav. Almindelige st\u00f8rrelser varierer fra 1,5 til 2,5 meter i l\u00e6ngden, hvor piggene typisk optager den \u00f8verste del af stolpen. Den nederste ende er normalt designet med en spids spids eller en plade, der g\u00f8r det lettere at tr\u00e6nge ned i jorden.<\/p>\n<h2>FAQ om T-stolpe med st\u00e5lnitter<\/h2>\n<p>Q1: Hvor lang tid tager det at modtage gratis pr\u00f8ver af T-stolpen med st\u00e5lnitter?<\/p>\n<p>A1: Vi tilbyder gratis pr\u00f8ver af vores T-stolpe med st\u00e5lnitter og tilstr\u00e6ber at sende dem inden for 7 dage efter modtagelse af anmodningen.<\/p>\n<p>Q2: Kan T-stolpen med st\u00e5lnitter tilpasses, s\u00e5 den opfylder specifikke krav?<\/p>\n<p>A2: Ja, vores T-stolpe med st\u00e5lnitter kan tilpasses. Vi kan im\u00f8dekomme specifikke \u00f8nsker om st\u00f8rrelse, l\u00e6ngde eller andre tilpasninger baseret p\u00e5 dine behov.<\/p>\n<p>Q3: Hvordan kan jeg komme i kontakt med jeres kundeserviceteam?<\/p>\n<p>A3: Vi tilbyder en-til-en kundeservice. Du kan til enhver tid kontakte os via e-mail eller telefon, og vores dedikerede team vil med gl\u00e6de hj\u00e6lpe dig.<\/p>\n<p>Q4: Har I en mindste ordrem\u00e6ngde (MOQ) for T-stolper med st\u00e5lnitter?<\/p>\n<p>A4: Vi har ikke en specifik MOQ for T-stolper med st\u00e5lnitter. Du kan afgive en ordre i henhold til dine krav, uanset om det drejer sig om en lille eller stor m\u00e6ngde.<\/p>\n<p>Q5: Hvilke materialer er brugt i konstruktionen af T-stolpen med st\u00e5lpigge?<\/p>\n<p>A5: T-stolpen med st\u00e5lnitter er fremstillet af st\u00e5l af h\u00f8j kvalitet, hvilket sikrer holdbarhed, styrke og modstandsdygtighed over for rust og korrosion.<\/p>\n<p>&nbsp;<\/p>","protected":false},"excerpt":{"rendered":"<p>T-p\u00e6len med st\u00e5lnitter er et almindeligt anvendt landbrugs- og hegnsprodukt, der er designet til at give robust st\u00f8tte og stabilitet til forskellige anvendelser. Den er opkaldt efter sin karakteristiske \"T\"-form, som ligner bogstavet T.<\/p>","protected":false},"featured_media":4535,"comment_status":"open","ping_status":"closed","template":"","meta":{"site-sidebar-layout":"default","site-content-layout":"default","ast-site-content-layout":"","site-content-style":"default","site-sidebar-style":"default","ast-global-header-display":"","ast-banner-title-visibility":"","ast-main-header-display":"","ast-hfb-above-header-display":"","ast-hfb-below-header-display":"","ast-hfb-mobile-header-display":"","site-post-title":"","ast-breadcrumbs-content":"","ast-featured-img":"","footer-sml-layout":"","theme-transparent-header-meta":"default","adv-header-id-meta":"","stick-header-meta":"default","header-above-stick-meta":"","header-main-stick-meta":"","header-below-stick-meta":"","astra-migrate-meta-layouts":"default","ast-page-background-enabled":"default","ast-page-background-meta":{"desktop":{"background-color":"","background-image":"","background-repeat":"repeat","background-position":"center center","background-size":"auto","background-attachment":"scroll","background-type":"","background-media":"","overlay-type":"","overlay-color":"","overlay-opacity":"","overlay-gradient":""},"tablet":{"background-color":"","background-image":"","background-repeat":"repeat","background-position":"center center","background-size":"auto","background-attachment":"scroll","background-type":"","background-media":"","overlay-type":"","overlay-color":"","overlay-opacity":"","overlay-gradient":""},"mobile":{"background-color":"","background-image":"","background-repeat":"repeat","background-position":"center center","background-size":"auto","background-attachment":"scroll","background-type":"","background-media":"","overlay-type":"","overlay-color":"","overlay-opacity":"","overlay-gradient":""}},"ast-content-background-meta":{"desktop":{"background-color":"var(--ast-global-color-5)","background-image":"","background-repeat":"repeat","background-position":"center center","background-size":"auto","background-attachment":"scroll","background-type":"","background-media":"","overlay-type":"","overlay-color":"","overlay-opacity":"","overlay-gradient":""},"tablet":{"background-color":"var(--ast-global-color-5)","background-image":"","background-repeat":"repeat","background-position":"center center","background-size":"auto","background-attachment":"scroll","background-type":"","background-media":"","overlay-type":"","overlay-color":"","overlay-opacity":"","overlay-gradient":""},"mobile":{"background-color":"var(--ast-global-color-5)","background-image":"","background-repeat":"repeat","background-position":"center center","background-size":"auto","background-attachment":"scroll","background-type":"","background-media":"","overlay-type":"","overlay-color":"","overlay-opacity":"","overlay-gradient":""}}},"product_brand":[],"product_cat":[50],"product_tag":[],"class_list":{"0":"post-4534","1":"product","2":"type-product","3":"status-publish","4":"has-post-thumbnail","6":"product_cat-concrete-form-accessories","7":"desktop-align-left","8":"tablet-align-left","9":"mobile-align-left","10":"ast-product-gallery-layout-horizontal-slider","11":"ast-product-tabs-layout-horizontal","13":"first","14":"instock","15":"shipping-taxable","16":"purchasable","17":"product-type-simple"},"yoast_head":"<!-- This site is optimized with the Yoast SEO plugin v25.2 - https:\/\/yoast.com\/wordpress\/plugins\/seo\/ -->\n<title>Steel Studded T Post<\/title>\n<meta name=\"description\" content=\"The Steel Studded T Post is a commonly used agricultural and fencing product designed to provide sturdy support and stability for various applications.\" \/>\n<meta name=\"robots\" content=\"index, follow, max-snippet:-1, max-image-preview:large, max-video-preview:-1\" \/>\n<link rel=\"canonical\" href=\"https:\/\/qingdaohf.com\/da\/vare\/t-stolpe-med-stalknopper\/\" \/>\n<meta property=\"og:locale\" content=\"da_DK\" \/>\n<meta property=\"og:type\" content=\"article\" \/>\n<meta property=\"og:title\" content=\"Steel Studded T Post\" \/>\n<meta property=\"og:description\" content=\"The Steel Studded T Post is a commonly used agricultural and fencing product designed to provide sturdy support and stability for various applications.\" \/>\n<meta property=\"og:url\" content=\"https:\/\/qingdaohf.com\/da\/vare\/t-stolpe-med-stalknopper\/\" \/>\n<meta property=\"og:site_name\" content=\"Concrete Form &amp; Rigging Hardware Supplier\" \/>\n<meta property=\"article:publisher\" content=\"https:\/\/www.facebook.com\/qingdaohf\" \/>\n<meta property=\"article:modified_time\" content=\"2025-11-13T01:04:03+00:00\" \/>\n<meta property=\"og:image\" content=\"https:\/\/qingdaohf.com\/wp-content\/uploads\/2023\/06\/Studded-T-Post-6.jpg\" \/>\n\t<meta property=\"og:image:width\" content=\"1000\" \/>\n\t<meta property=\"og:image:height\" content=\"1000\" \/>\n\t<meta property=\"og:image:type\" content=\"image\/jpeg\" \/>\n<meta name=\"twitter:card\" content=\"summary_large_image\" \/>\n<meta name=\"twitter:label1\" content=\"Estimeret l\u00e6setid\" \/>\n\t<meta name=\"twitter:data1\" content=\"3 minutter\" \/>\n<script type=\"application\/ld+json\" class=\"yoast-schema-graph\">{\"@context\":\"https:\/\/schema.org\",\"@graph\":[{\"@type\":\"WebPage\",\"@id\":\"https:\/\/qingdaohf.com\/product\/steel-studded-t-post\/\",\"url\":\"https:\/\/qingdaohf.com\/product\/steel-studded-t-post\/\",\"name\":\"Steel Studded T Post\",\"isPartOf\":{\"@id\":\"https:\/\/qingdaohf.com\/bg\/#website\"},\"primaryImageOfPage\":{\"@id\":\"https:\/\/qingdaohf.com\/product\/steel-studded-t-post\/#primaryimage\"},\"image\":{\"@id\":\"https:\/\/qingdaohf.com\/product\/steel-studded-t-post\/#primaryimage\"},\"thumbnailUrl\":\"https:\/\/qingdaohf.com\/wp-content\/uploads\/2023\/06\/Studded-T-Post-6.jpg\",\"datePublished\":\"2023-06-20T06:39:39+00:00\",\"dateModified\":\"2025-11-13T01:04:03+00:00\",\"description\":\"The Steel Studded T Post is a commonly used agricultural and fencing product designed to provide sturdy support and stability for various applications.\",\"breadcrumb\":{\"@id\":\"https:\/\/qingdaohf.com\/product\/steel-studded-t-post\/#breadcrumb\"},\"inLanguage\":\"da-DK\",\"potentialAction\":[{\"@type\":\"ReadAction\",\"target\":[\"https:\/\/qingdaohf.com\/product\/steel-studded-t-post\/\"]}]},{\"@type\":\"ImageObject\",\"inLanguage\":\"da-DK\",\"@id\":\"https:\/\/qingdaohf.com\/product\/steel-studded-t-post\/#primaryimage\",\"url\":\"https:\/\/qingdaohf.com\/wp-content\/uploads\/2023\/06\/Studded-T-Post-6.jpg\",\"contentUrl\":\"https:\/\/qingdaohf.com\/wp-content\/uploads\/2023\/06\/Studded-T-Post-6.jpg\",\"width\":1000,\"height\":1000,\"caption\":\"Studded T Post\"},{\"@type\":\"BreadcrumbList\",\"@id\":\"https:\/\/qingdaohf.com\/product\/steel-studded-t-post\/#breadcrumb\",\"itemListElement\":[{\"@type\":\"ListItem\",\"position\":1,\"name\":\"Home\",\"item\":\"https:\/\/qingdaohf.com\/\"},{\"@type\":\"ListItem\",\"position\":2,\"name\":\"Concrete Forming Accessories and Rigging Hardware\",\"item\":\"https:\/\/qingdaohf.com\/bg\/?page_id=944\"},{\"@type\":\"ListItem\",\"position\":3,\"name\":\"Steel Studded T Post\"}]},{\"@type\":\"WebSite\",\"@id\":\"https:\/\/qingdaohf.com\/bg\/#website\",\"url\":\"https:\/\/qingdaohf.com\/bg\/\",\"name\":\"Concrete Form & Rigging Hardware Supplier\",\"description\":\"\",\"publisher\":{\"@id\":\"https:\/\/qingdaohf.com\/bg\/#organization\"},\"potentialAction\":[{\"@type\":\"SearchAction\",\"target\":{\"@type\":\"EntryPoint\",\"urlTemplate\":\"https:\/\/qingdaohf.com\/bg\/?s={search_term_string}\"},\"query-input\":{\"@type\":\"PropertyValueSpecification\",\"valueRequired\":true,\"valueName\":\"search_term_string\"}}],\"inLanguage\":\"da-DK\"},{\"@type\":\"Organization\",\"@id\":\"https:\/\/qingdaohf.com\/bg\/#organization\",\"name\":\"Qingdao H&F\",\"url\":\"https:\/\/qingdaohf.com\/bg\/\",\"logo\":{\"@type\":\"ImageObject\",\"inLanguage\":\"da-DK\",\"@id\":\"https:\/\/qingdaohf.com\/bg\/#\/schema\/logo\/image\/\",\"url\":\"https:\/\/qingdaohf.com\/wp-content\/uploads\/2022\/12\/cropped-HF-LOGO.png\",\"contentUrl\":\"https:\/\/qingdaohf.com\/wp-content\/uploads\/2022\/12\/cropped-HF-LOGO.png\",\"width\":391,\"height\":249,\"caption\":\"Qingdao H&F\"},\"image\":{\"@id\":\"https:\/\/qingdaohf.com\/bg\/#\/schema\/logo\/image\/\"},\"sameAs\":[\"https:\/\/www.facebook.com\/qingdaohf\"]}]}<\/script>\n<!-- \/ Yoast SEO plugin. -->","yoast_head_json":{"title":"Steel Studded T Post","description":"The Steel Studded T Post is a commonly used agricultural and fencing product designed to provide sturdy support and stability for various applications.","robots":{"index":"index","follow":"follow","max-snippet":"max-snippet:-1","max-image-preview":"max-image-preview:large","max-video-preview":"max-video-preview:-1"},"canonical":"https:\/\/qingdaohf.com\/da\/vare\/t-stolpe-med-stalknopper\/","og_locale":"da_DK","og_type":"article","og_title":"Steel Studded T Post","og_description":"The Steel Studded T Post is a commonly used agricultural and fencing product designed to provide sturdy support and stability for various applications.","og_url":"https:\/\/qingdaohf.com\/da\/vare\/t-stolpe-med-stalknopper\/","og_site_name":"Concrete Form &amp; Rigging Hardware Supplier","article_publisher":"https:\/\/www.facebook.com\/qingdaohf","article_modified_time":"2025-11-13T01:04:03+00:00","og_image":[{"width":1000,"height":1000,"url":"https:\/\/qingdaohf.com\/wp-content\/uploads\/2023\/06\/Studded-T-Post-6.jpg","type":"image\/jpeg"}],"twitter_card":"summary_large_image","twitter_misc":{"Estimeret l\u00e6setid":"3 minutter"},"schema":{"@context":"https:\/\/schema.org","@graph":[{"@type":"WebPage","@id":"https:\/\/qingdaohf.com\/product\/steel-studded-t-post\/","url":"https:\/\/qingdaohf.com\/product\/steel-studded-t-post\/","name":"Steel Studded T Post","isPartOf":{"@id":"https:\/\/qingdaohf.com\/bg\/#website"},"primaryImageOfPage":{"@id":"https:\/\/qingdaohf.com\/product\/steel-studded-t-post\/#primaryimage"},"image":{"@id":"https:\/\/qingdaohf.com\/product\/steel-studded-t-post\/#primaryimage"},"thumbnailUrl":"https:\/\/qingdaohf.com\/wp-content\/uploads\/2023\/06\/Studded-T-Post-6.jpg","datePublished":"2023-06-20T06:39:39+00:00","dateModified":"2025-11-13T01:04:03+00:00","description":"The Steel Studded T Post is a commonly used agricultural and fencing product designed to provide sturdy support and stability for various applications.","breadcrumb":{"@id":"https:\/\/qingdaohf.com\/product\/steel-studded-t-post\/#breadcrumb"},"inLanguage":"da-DK","potentialAction":[{"@type":"ReadAction","target":["https:\/\/qingdaohf.com\/product\/steel-studded-t-post\/"]}]},{"@type":"ImageObject","inLanguage":"da-DK","@id":"https:\/\/qingdaohf.com\/product\/steel-studded-t-post\/#primaryimage","url":"https:\/\/qingdaohf.com\/wp-content\/uploads\/2023\/06\/Studded-T-Post-6.jpg","contentUrl":"https:\/\/qingdaohf.com\/wp-content\/uploads\/2023\/06\/Studded-T-Post-6.jpg","width":1000,"height":1000,"caption":"Studded T Post"},{"@type":"BreadcrumbList","@id":"https:\/\/qingdaohf.com\/product\/steel-studded-t-post\/#breadcrumb","itemListElement":[{"@type":"ListItem","position":1,"name":"Home","item":"https:\/\/qingdaohf.com\/"},{"@type":"ListItem","position":2,"name":"Concrete Forming Accessories and Rigging Hardware","item":"https:\/\/qingdaohf.com\/bg\/?page_id=944"},{"@type":"ListItem","position":3,"name":"Steel Studded T Post"}]},{"@type":"WebSite","@id":"https:\/\/qingdaohf.com\/bg\/#website","url":"https:\/\/qingdaohf.com\/bg\/","name":"Concrete Form & Rigging Hardware Supplier","description":"","publisher":{"@id":"https:\/\/qingdaohf.com\/bg\/#organization"},"potentialAction":[{"@type":"SearchAction","target":{"@type":"EntryPoint","urlTemplate":"https:\/\/qingdaohf.com\/bg\/?s={search_term_string}"},"query-input":{"@type":"PropertyValueSpecification","valueRequired":true,"valueName":"search_term_string"}}],"inLanguage":"da-DK"},{"@type":"Organization","@id":"https:\/\/qingdaohf.com\/bg\/#organization","name":"Qingdao H&F","url":"https:\/\/qingdaohf.com\/bg\/","logo":{"@type":"ImageObject","inLanguage":"da-DK","@id":"https:\/\/qingdaohf.com\/bg\/#\/schema\/logo\/image\/","url":"https:\/\/qingdaohf.com\/wp-content\/uploads\/2022\/12\/cropped-HF-LOGO.png","contentUrl":"https:\/\/qingdaohf.com\/wp-content\/uploads\/2022\/12\/cropped-HF-LOGO.png","width":391,"height":249,"caption":"Qingdao H&F"},"image":{"@id":"https:\/\/qingdaohf.com\/bg\/#\/schema\/logo\/image\/"},"sameAs":["https:\/\/www.facebook.com\/qingdaohf"]}]}},"_links":{"self":[{"href":"https:\/\/qingdaohf.com\/da\/wp-json\/wp\/v2\/product\/4534","targetHints":{"allow":["GET"]}}],"collection":[{"href":"https:\/\/qingdaohf.com\/da\/wp-json\/wp\/v2\/product"}],"about":[{"href":"https:\/\/qingdaohf.com\/da\/wp-json\/wp\/v2\/types\/product"}],"replies":[{"embeddable":true,"href":"https:\/\/qingdaohf.com\/da\/wp-json\/wp\/v2\/comments?post=4534"}],"version-history":[{"count":2,"href":"https:\/\/qingdaohf.com\/da\/wp-json\/wp\/v2\/product\/4534\/revisions"}],"predecessor-version":[{"id":10415,"href":"https:\/\/qingdaohf.com\/da\/wp-json\/wp\/v2\/product\/4534\/revisions\/10415"}],"wp:featuredmedia":[{"embeddable":true,"href":"https:\/\/qingdaohf.com\/da\/wp-json\/wp\/v2\/media\/4535"}],"wp:attachment":[{"href":"https:\/\/qingdaohf.com\/da\/wp-json\/wp\/v2\/media?parent=4534"}],"wp:term":[{"taxonomy":"product_brand","embeddable":true,"href":"https:\/\/qingdaohf.com\/da\/wp-json\/wp\/v2\/product_brand?post=4534"},{"taxonomy":"product_cat","embeddable":true,"href":"https:\/\/qingdaohf.com\/da\/wp-json\/wp\/v2\/product_cat?post=4534"},{"taxonomy":"product_tag","embeddable":true,"href":"https:\/\/qingdaohf.com\/da\/wp-json\/wp\/v2\/product_tag?post=4534"}],"curies":[{"name":"wp","href":"https:\/\/api.w.org\/{rel}","templated":true}]}}