{"id":4551,"date":"2023-06-25T17:55:26","date_gmt":"2023-06-25T09:55:26","guid":{"rendered":"http:\/\/qingdaohf.com\/?post_type=product&#038;p=4551"},"modified":"2025-11-13T09:04:03","modified_gmt":"2025-11-13T01:04:03","slug":"closed-body-turnbuckle","status":"publish","type":"product","link":"https:\/\/qingdaohf.com\/da\/vare\/lukket-kropssvingbojle\/","title":{"rendered":"Sp\u00e6ndeb\u00e5nd med lukket krop"},"content":{"rendered":"<h2 class=\"text-2xl font-bold mt-1 text-text-200\">Introduktion til Closed Body Turnbuckle<\/h2>\n<p class=\"whitespace-pre-wrap break-words\">Lad os tale om sp\u00e6ndeb\u00e5nd med lukket krop - de vigtige mekaniske enheder, du finder overalt, hvor sp\u00e6ndingen skal justeres pr\u00e6cist. T\u00e6nk p\u00e5 dem som de ubesungne helte i kabel- og wiresystemer. I mods\u00e6tning til deres enklere f\u00e6tre har disse vantskruer et helt lukket design, der beskytter deres arbejdsdele mod elementerne, hvilket g\u00f8r dem utroligt p\u00e5lidelige til alt fra byggepladser til sejlskibe.<\/p>\n<p class=\"whitespace-pre-wrap break-words\">Genialiteten ligger i det enkle, men effektive design: to gevindsk\u00e5rne ender, der er forbundet med en beskyttet intern mekanisme. Denne ops\u00e6tning giver dig mulighed for at indstille den helt rigtige sp\u00e6nding, samtidig med at alle de vigtige komponenter er beskyttet mod vejr og slitage. For professionelle, der ikke har r\u00e5d til udstyrssvigt, er denne ekstra beskyttelse ikke bare rar at have - den er afg\u00f8rende.<\/p>\n<h2 class=\"text-xl font-bold text-text-200 mt-1 -mb-0.5\">Fordele ved at bruge en Closed Body Turnbuckle<\/h2>\n<p class=\"whitespace-pre-wrap break-words\">Du undrer dig m\u00e5ske over, hvorfor lukkede vantskruer er blevet det foretrukne valg i kr\u00e6vende applikationer. For det f\u00f8rste er de bygget som kampvogne. De er lavet af robuste materialer som rustfrit st\u00e5l eller kulstofst\u00e5l og kan klare h\u00e5rdt vejr og store belastninger. Det er den slags v\u00e6rkt\u00f8j, der bliver ved med at fungere, l\u00e6nge efter at andre har givet op.<\/p>\n<p class=\"whitespace-pre-wrap break-words\">Det, der virkelig skiller dem ud, er, hvor brugervenlige de er. Har du brug for at justere sp\u00e6ndingen? Det er s\u00e5 enkelt som at dreje kroppen, indtil du rammer det helt rigtige sted. Det har stor betydning, n\u00e5r man har med noget at g\u00f8re som en sejlb\u00e5ds rigning, hvor det kan v\u00e6re n\u00f8dvendigt at justere sp\u00e6ndingen i farten.<\/p>\n<p class=\"whitespace-pre-wrap break-words\">Det lukkede design er heller ikke kun for syns skyld. Ved at beskytte gevindet forl\u00e6nger du i bund og grund sp\u00e6ndeb\u00e5ndets levetid med flere \u00e5r. N\u00e5r du sammenligner dem med \u00e5bne versioner, er det som at v\u00e6lge mellem et vandt\u00e6t ur og et almindeligt ur - begge kan vise tiden, men du ved, hvilket du helst vil have med i en storm.<\/p>\n<h2 class=\"text-xl font-bold text-text-200 mt-1 -mb-0.5\">Anvendelser af sp\u00e6ndeb\u00e5nd med lukket krop<\/h2>\n<p class=\"whitespace-pre-wrap break-words\">Disse alsidige v\u00e6rkt\u00f8jer har fundet vej til n\u00e6sten alle brancher, hvor sp\u00e6nding er vigtig. Byggebranchen bruger dem til at holde kablerne i broer og t\u00e5rne sp\u00e6ndt, s\u00e5 de massive konstruktioner forbliver klippefaste. Ude p\u00e5 vandet stoler sejlere p\u00e5, at de kan holde deres rigning stram og responsiv og justere den, n\u00e5r vejrforholdene kr\u00e6ver det.<\/p>\n<p class=\"whitespace-pre-wrap break-words\">Selv inden for h\u00f8jteknologiske omr\u00e5der som bil- og rumfartsproduktion spiller sp\u00e6ndeb\u00e5nd med lukket krop en afg\u00f8rende rolle. De er afg\u00f8rende for at fastg\u00f8re komponenter og opretholde en pr\u00e6cis sp\u00e6nding i forskellige mekaniske systemer.<\/p>\n<p class=\"whitespace-pre-wrap break-words\">G\u00f8r-det-selv-folket har ogs\u00e5 taget dem til sig. Uanset om du s\u00e6tter et tr\u00e5dgel\u00e6nder op p\u00e5 din terrasse eller installerer et espaliersystem i haven, giver disse vantskruer den professionelle p\u00e5lidelighed, der sikrer, at dit projekt holder i l\u00e6ngden.<\/p>\n<h2 class=\"text-xl font-bold text-text-200 mt-1 -mb-0.5\">Hvorfor v\u00e6lge os<\/h2>\n<p class=\"whitespace-pre-wrap break-words\">Vi har opbygget vores ry p\u00e5 at levere vantskruer, der konsekvent overg\u00e5r forventningerne. Vores produktlinje d\u00e6kker alle t\u00e6nkelige specifikationer og sikrer, at du finder pr\u00e6cis det, dit projekt kr\u00e6ver. Men det, der virkelig skiller os ud, er vores praktiske tilgang til kundeservice.<\/p>\n<p class=\"whitespace-pre-wrap break-words\">N\u00e5r du arbejder sammen med os, f\u00e5r du mere end bare sp\u00e6ndeb\u00e5nd af h\u00f8j kvalitet. Du f\u00e5r en partner, der forst\u00e5r dine behov og reagerer hurtigt p\u00e5 dine anmodninger. Vi ved, at ventetid p\u00e5 dele kan f\u00e5 et projekt til at g\u00e5 i st\u00e5, s\u00e5 vi har optimeret vores leveringssystem, s\u00e5 du f\u00e5r det, du har brug for, n\u00e5r du har brug for det.<\/p>\n<p class=\"whitespace-pre-wrap break-words\">Hver eneste vantskrue, vi sender ud, underst\u00f8ttes af omfattende kvalitetsinspektionsrapporter. Vi lader vores produkter gennemg\u00e5 strenge tests, fordi vi forst\u00e5r, at i dit arbejde er fejl ikke en mulighed.<\/p>\n<h2 class=\"text-2xl font-bold mt-1 text-text-200\">Konklusion<\/h2>\n<p class=\"whitespace-pre-wrap break-words\">At v\u00e6lge den rigtige vantskrue kan v\u00e6re afg\u00f8rende for et projekt. Det lukkede design giver et ekstra niveau af beskyttelse og p\u00e5lidelighed, som g\u00f8r det v\u00e6rd at investere i. Uanset om du skal rejse en bygning eller rigge en sejlb\u00e5d til, har du brug for udstyr, du kan regne med. Hvis du samarbejder med os, f\u00e5r du ikke bare f\u00f8rsteklasses produkter, men ogs\u00e5 den n\u00f8dvendige support og service. G\u00e5 ikke p\u00e5 kompromis med kvaliteten - v\u00e6lg vantskruer, der er bygget til at levere.<\/p>","protected":false},"excerpt":{"rendered":"<p>Closed Body Turnbuckle er et st\u00e6rkt og fleksibelt stykke udstyr, der bruges til at justere sp\u00e6ndingen i kabler, tovv\u00e6rk eller rigningskonfigurationer. Denne vantskrue er konstrueret med henblik p\u00e5 styrke og pr\u00e6cision og kan bruges til mange form\u00e5l, lige fra g\u00f8r-det-selv til industrielle anvendelser. Vores organisation giver en uovertruffen fordel med personlig en-til-en kundeservice, hurtige leveringscyklusser og detaljerede kvalitetsinspektionsrapporter for at garantere, at hvert produkt er af den h\u00f8jest mulige kvalitet. Stol p\u00e5 os for at f\u00e5 p\u00e5lidelige l\u00f8sninger p\u00e5 dine krav til vantskruer med uovertruffen effektivitet og kvalitet.<\/p>","protected":false},"featured_media":4552,"comment_status":"open","ping_status":"closed","template":"","meta":{"site-sidebar-layout":"default","site-content-layout":"default","ast-site-content-layout":"default","site-content-style":"default","site-sidebar-style":"default","ast-global-header-display":"","ast-banner-title-visibility":"","ast-main-header-display":"","ast-hfb-above-header-display":"","ast-hfb-below-header-display":"","ast-hfb-mobile-header-display":"","site-post-title":"","ast-breadcrumbs-content":"","ast-featured-img":"","footer-sml-layout":"","theme-transparent-header-meta":"default","adv-header-id-meta":"","stick-header-meta":"default","header-above-stick-meta":"","header-main-stick-meta":"","header-below-stick-meta":"","astra-migrate-meta-layouts":"set","ast-page-background-enabled":"default","ast-page-background-meta":{"desktop":{"background-color":"","background-image":"","background-repeat":"repeat","background-position":"center center","background-size":"auto","background-attachment":"scroll","background-type":"","background-media":"","overlay-type":"","overlay-color":"","overlay-opacity":"","overlay-gradient":""},"tablet":{"background-color":"","background-image":"","background-repeat":"repeat","background-position":"center center","background-size":"auto","background-attachment":"scroll","background-type":"","background-media":"","overlay-type":"","overlay-color":"","overlay-opacity":"","overlay-gradient":""},"mobile":{"background-color":"","background-image":"","background-repeat":"repeat","background-position":"center center","background-size":"auto","background-attachment":"scroll","background-type":"","background-media":"","overlay-type":"","overlay-color":"","overlay-opacity":"","overlay-gradient":""}},"ast-content-background-meta":{"desktop":{"background-color":"var(--ast-global-color-5)","background-image":"","background-repeat":"repeat","background-position":"center center","background-size":"auto","background-attachment":"scroll","background-type":"","background-media":"","overlay-type":"","overlay-color":"","overlay-opacity":"","overlay-gradient":""},"tablet":{"background-color":"var(--ast-global-color-5)","background-image":"","background-repeat":"repeat","background-position":"center center","background-size":"auto","background-attachment":"scroll","background-type":"","background-media":"","overlay-type":"","overlay-color":"","overlay-opacity":"","overlay-gradient":""},"mobile":{"background-color":"var(--ast-global-color-5)","background-image":"","background-repeat":"repeat","background-position":"center center","background-size":"auto","background-attachment":"scroll","background-type":"","background-media":"","overlay-type":"","overlay-color":"","overlay-opacity":"","overlay-gradient":""}}},"product_brand":[],"product_cat":[56,43,44],"product_tag":[],"class_list":{"0":"post-4551","1":"product","2":"type-product","3":"status-publish","4":"has-post-thumbnail","6":"product_cat-turnbuckle","7":"product_cat-rigging-hardware","8":"product_cat-stainless-steel-poduct","9":"desktop-align-left","10":"tablet-align-left","11":"mobile-align-left","12":"ast-product-gallery-layout-horizontal-slider","13":"ast-product-tabs-layout-horizontal","15":"first","16":"instock","17":"shipping-taxable","18":"purchasable","19":"product-type-simple"},"yoast_head":"<!-- This site is optimized with the Yoast SEO plugin v25.2 - https:\/\/yoast.com\/wordpress\/plugins\/seo\/ -->\n<title>Closed Body Turnbuckle<\/title>\n<meta name=\"description\" content=\"A closed body turnbuckle is a mechanical device used to adjust tension or length in a system by utilizing the principle of a screw mechanism.\" \/>\n<meta name=\"robots\" content=\"index, follow, max-snippet:-1, max-image-preview:large, max-video-preview:-1\" \/>\n<link rel=\"canonical\" href=\"https:\/\/qingdaohf.com\/da\/vare\/lukket-kropssvingbojle\/\" \/>\n<meta property=\"og:locale\" content=\"da_DK\" \/>\n<meta property=\"og:type\" content=\"article\" \/>\n<meta property=\"og:title\" content=\"Closed Body Turnbuckle\" \/>\n<meta property=\"og:description\" content=\"A closed body turnbuckle is a mechanical device used to adjust tension or length in a system by utilizing the principle of a screw mechanism.\" \/>\n<meta property=\"og:url\" content=\"https:\/\/qingdaohf.com\/da\/vare\/lukket-kropssvingbojle\/\" \/>\n<meta property=\"og:site_name\" content=\"Concrete Form &amp; Rigging Hardware Supplier\" \/>\n<meta property=\"article:publisher\" content=\"https:\/\/www.facebook.com\/qingdaohf\" \/>\n<meta property=\"article:modified_time\" content=\"2025-11-13T01:04:03+00:00\" \/>\n<meta property=\"og:image\" content=\"https:\/\/qingdaohf.com\/wp-content\/uploads\/2023\/06\/turnbuckle-9.jpg\" \/>\n\t<meta property=\"og:image:width\" content=\"1000\" \/>\n\t<meta property=\"og:image:height\" content=\"1000\" \/>\n\t<meta property=\"og:image:type\" content=\"image\/jpeg\" \/>\n<meta name=\"twitter:card\" content=\"summary_large_image\" \/>\n<meta name=\"twitter:label1\" content=\"Estimeret l\u00e6setid\" \/>\n\t<meta name=\"twitter:data1\" content=\"3 minutter\" \/>\n<script type=\"application\/ld+json\" class=\"yoast-schema-graph\">{\"@context\":\"https:\/\/schema.org\",\"@graph\":[{\"@type\":\"WebPage\",\"@id\":\"https:\/\/qingdaohf.com\/product\/closed-body-turnbuckle\/\",\"url\":\"https:\/\/qingdaohf.com\/product\/closed-body-turnbuckle\/\",\"name\":\"Closed Body Turnbuckle\",\"isPartOf\":{\"@id\":\"https:\/\/qingdaohf.com\/bg\/#website\"},\"primaryImageOfPage\":{\"@id\":\"https:\/\/qingdaohf.com\/product\/closed-body-turnbuckle\/#primaryimage\"},\"image\":{\"@id\":\"https:\/\/qingdaohf.com\/product\/closed-body-turnbuckle\/#primaryimage\"},\"thumbnailUrl\":\"https:\/\/qingdaohf.com\/wp-content\/uploads\/2023\/06\/turnbuckle-9.jpg\",\"datePublished\":\"2023-06-25T09:55:26+00:00\",\"dateModified\":\"2025-11-13T01:04:03+00:00\",\"description\":\"A closed body turnbuckle is a mechanical device used to adjust tension or length in a system by utilizing the principle of a screw mechanism.\",\"breadcrumb\":{\"@id\":\"https:\/\/qingdaohf.com\/product\/closed-body-turnbuckle\/#breadcrumb\"},\"inLanguage\":\"da-DK\",\"potentialAction\":[{\"@type\":\"ReadAction\",\"target\":[\"https:\/\/qingdaohf.com\/product\/closed-body-turnbuckle\/\"]}]},{\"@type\":\"ImageObject\",\"inLanguage\":\"da-DK\",\"@id\":\"https:\/\/qingdaohf.com\/product\/closed-body-turnbuckle\/#primaryimage\",\"url\":\"https:\/\/qingdaohf.com\/wp-content\/uploads\/2023\/06\/turnbuckle-9.jpg\",\"contentUrl\":\"https:\/\/qingdaohf.com\/wp-content\/uploads\/2023\/06\/turnbuckle-9.jpg\",\"width\":1000,\"height\":1000,\"caption\":\"turnbuckle\"},{\"@type\":\"BreadcrumbList\",\"@id\":\"https:\/\/qingdaohf.com\/product\/closed-body-turnbuckle\/#breadcrumb\",\"itemListElement\":[{\"@type\":\"ListItem\",\"position\":1,\"name\":\"Home\",\"item\":\"https:\/\/qingdaohf.com\/\"},{\"@type\":\"ListItem\",\"position\":2,\"name\":\"Concrete Forming Accessories and Rigging Hardware\",\"item\":\"https:\/\/qingdaohf.com\/bg\/?page_id=944\"},{\"@type\":\"ListItem\",\"position\":3,\"name\":\"Closed Body Turnbuckle\"}]},{\"@type\":\"WebSite\",\"@id\":\"https:\/\/qingdaohf.com\/bg\/#website\",\"url\":\"https:\/\/qingdaohf.com\/bg\/\",\"name\":\"Concrete Form & Rigging Hardware Supplier\",\"description\":\"\",\"publisher\":{\"@id\":\"https:\/\/qingdaohf.com\/bg\/#organization\"},\"potentialAction\":[{\"@type\":\"SearchAction\",\"target\":{\"@type\":\"EntryPoint\",\"urlTemplate\":\"https:\/\/qingdaohf.com\/bg\/?s={search_term_string}\"},\"query-input\":{\"@type\":\"PropertyValueSpecification\",\"valueRequired\":true,\"valueName\":\"search_term_string\"}}],\"inLanguage\":\"da-DK\"},{\"@type\":\"Organization\",\"@id\":\"https:\/\/qingdaohf.com\/bg\/#organization\",\"name\":\"Qingdao H&F\",\"url\":\"https:\/\/qingdaohf.com\/bg\/\",\"logo\":{\"@type\":\"ImageObject\",\"inLanguage\":\"da-DK\",\"@id\":\"https:\/\/qingdaohf.com\/bg\/#\/schema\/logo\/image\/\",\"url\":\"https:\/\/qingdaohf.com\/wp-content\/uploads\/2022\/12\/cropped-HF-LOGO.png\",\"contentUrl\":\"https:\/\/qingdaohf.com\/wp-content\/uploads\/2022\/12\/cropped-HF-LOGO.png\",\"width\":391,\"height\":249,\"caption\":\"Qingdao H&F\"},\"image\":{\"@id\":\"https:\/\/qingdaohf.com\/bg\/#\/schema\/logo\/image\/\"},\"sameAs\":[\"https:\/\/www.facebook.com\/qingdaohf\"]}]}<\/script>\n<!-- \/ Yoast SEO plugin. -->","yoast_head_json":{"title":"Closed Body Turnbuckle","description":"A closed body turnbuckle is a mechanical device used to adjust tension or length in a system by utilizing the principle of a screw mechanism.","robots":{"index":"index","follow":"follow","max-snippet":"max-snippet:-1","max-image-preview":"max-image-preview:large","max-video-preview":"max-video-preview:-1"},"canonical":"https:\/\/qingdaohf.com\/da\/vare\/lukket-kropssvingbojle\/","og_locale":"da_DK","og_type":"article","og_title":"Closed Body Turnbuckle","og_description":"A closed body turnbuckle is a mechanical device used to adjust tension or length in a system by utilizing the principle of a screw mechanism.","og_url":"https:\/\/qingdaohf.com\/da\/vare\/lukket-kropssvingbojle\/","og_site_name":"Concrete Form &amp; Rigging Hardware Supplier","article_publisher":"https:\/\/www.facebook.com\/qingdaohf","article_modified_time":"2025-11-13T01:04:03+00:00","og_image":[{"width":1000,"height":1000,"url":"https:\/\/qingdaohf.com\/wp-content\/uploads\/2023\/06\/turnbuckle-9.jpg","type":"image\/jpeg"}],"twitter_card":"summary_large_image","twitter_misc":{"Estimeret l\u00e6setid":"3 minutter"},"schema":{"@context":"https:\/\/schema.org","@graph":[{"@type":"WebPage","@id":"https:\/\/qingdaohf.com\/product\/closed-body-turnbuckle\/","url":"https:\/\/qingdaohf.com\/product\/closed-body-turnbuckle\/","name":"Closed Body Turnbuckle","isPartOf":{"@id":"https:\/\/qingdaohf.com\/bg\/#website"},"primaryImageOfPage":{"@id":"https:\/\/qingdaohf.com\/product\/closed-body-turnbuckle\/#primaryimage"},"image":{"@id":"https:\/\/qingdaohf.com\/product\/closed-body-turnbuckle\/#primaryimage"},"thumbnailUrl":"https:\/\/qingdaohf.com\/wp-content\/uploads\/2023\/06\/turnbuckle-9.jpg","datePublished":"2023-06-25T09:55:26+00:00","dateModified":"2025-11-13T01:04:03+00:00","description":"A closed body turnbuckle is a mechanical device used to adjust tension or length in a system by utilizing the principle of a screw mechanism.","breadcrumb":{"@id":"https:\/\/qingdaohf.com\/product\/closed-body-turnbuckle\/#breadcrumb"},"inLanguage":"da-DK","potentialAction":[{"@type":"ReadAction","target":["https:\/\/qingdaohf.com\/product\/closed-body-turnbuckle\/"]}]},{"@type":"ImageObject","inLanguage":"da-DK","@id":"https:\/\/qingdaohf.com\/product\/closed-body-turnbuckle\/#primaryimage","url":"https:\/\/qingdaohf.com\/wp-content\/uploads\/2023\/06\/turnbuckle-9.jpg","contentUrl":"https:\/\/qingdaohf.com\/wp-content\/uploads\/2023\/06\/turnbuckle-9.jpg","width":1000,"height":1000,"caption":"turnbuckle"},{"@type":"BreadcrumbList","@id":"https:\/\/qingdaohf.com\/product\/closed-body-turnbuckle\/#breadcrumb","itemListElement":[{"@type":"ListItem","position":1,"name":"Home","item":"https:\/\/qingdaohf.com\/"},{"@type":"ListItem","position":2,"name":"Concrete Forming Accessories and Rigging Hardware","item":"https:\/\/qingdaohf.com\/bg\/?page_id=944"},{"@type":"ListItem","position":3,"name":"Closed Body Turnbuckle"}]},{"@type":"WebSite","@id":"https:\/\/qingdaohf.com\/bg\/#website","url":"https:\/\/qingdaohf.com\/bg\/","name":"Concrete Form & Rigging Hardware Supplier","description":"","publisher":{"@id":"https:\/\/qingdaohf.com\/bg\/#organization"},"potentialAction":[{"@type":"SearchAction","target":{"@type":"EntryPoint","urlTemplate":"https:\/\/qingdaohf.com\/bg\/?s={search_term_string}"},"query-input":{"@type":"PropertyValueSpecification","valueRequired":true,"valueName":"search_term_string"}}],"inLanguage":"da-DK"},{"@type":"Organization","@id":"https:\/\/qingdaohf.com\/bg\/#organization","name":"Qingdao H&F","url":"https:\/\/qingdaohf.com\/bg\/","logo":{"@type":"ImageObject","inLanguage":"da-DK","@id":"https:\/\/qingdaohf.com\/bg\/#\/schema\/logo\/image\/","url":"https:\/\/qingdaohf.com\/wp-content\/uploads\/2022\/12\/cropped-HF-LOGO.png","contentUrl":"https:\/\/qingdaohf.com\/wp-content\/uploads\/2022\/12\/cropped-HF-LOGO.png","width":391,"height":249,"caption":"Qingdao H&F"},"image":{"@id":"https:\/\/qingdaohf.com\/bg\/#\/schema\/logo\/image\/"},"sameAs":["https:\/\/www.facebook.com\/qingdaohf"]}]}},"_links":{"self":[{"href":"https:\/\/qingdaohf.com\/da\/wp-json\/wp\/v2\/product\/4551","targetHints":{"allow":["GET"]}}],"collection":[{"href":"https:\/\/qingdaohf.com\/da\/wp-json\/wp\/v2\/product"}],"about":[{"href":"https:\/\/qingdaohf.com\/da\/wp-json\/wp\/v2\/types\/product"}],"replies":[{"embeddable":true,"href":"https:\/\/qingdaohf.com\/da\/wp-json\/wp\/v2\/comments?post=4551"}],"version-history":[{"count":4,"href":"https:\/\/qingdaohf.com\/da\/wp-json\/wp\/v2\/product\/4551\/revisions"}],"predecessor-version":[{"id":8981,"href":"https:\/\/qingdaohf.com\/da\/wp-json\/wp\/v2\/product\/4551\/revisions\/8981"}],"wp:featuredmedia":[{"embeddable":true,"href":"https:\/\/qingdaohf.com\/da\/wp-json\/wp\/v2\/media\/4552"}],"wp:attachment":[{"href":"https:\/\/qingdaohf.com\/da\/wp-json\/wp\/v2\/media?parent=4551"}],"wp:term":[{"taxonomy":"product_brand","embeddable":true,"href":"https:\/\/qingdaohf.com\/da\/wp-json\/wp\/v2\/product_brand?post=4551"},{"taxonomy":"product_cat","embeddable":true,"href":"https:\/\/qingdaohf.com\/da\/wp-json\/wp\/v2\/product_cat?post=4551"},{"taxonomy":"product_tag","embeddable":true,"href":"https:\/\/qingdaohf.com\/da\/wp-json\/wp\/v2\/product_tag?post=4551"}],"curies":[{"name":"wp","href":"https:\/\/api.w.org\/{rel}","templated":true}]}}