{"id":4622,"date":"2023-07-05T17:16:50","date_gmt":"2023-07-05T09:16:50","guid":{"rendered":"http:\/\/qingdaohf.com\/?post_type=product&#038;p=4622"},"modified":"2025-11-13T09:04:03","modified_gmt":"2025-11-13T01:04:03","slug":"g209-shackle","status":"publish","type":"product","link":"https:\/\/qingdaohf.com\/da\/vare\/g209-sjaekkel\/","title":{"rendered":"G209 Bow Shackle S209 Screw Pin Ancho Shackle"},"content":{"rendered":"<p>Vi pr\u00e6senterer G209 Galvanized Shackle fra vores velrenommerede B2B-handelsselskab! Med over 20 \u00e5rs historie har vi specialiseret os i at fremstille og s\u00e6lge betonformningstilbeh\u00f8r og rigging hardware i topkvalitet. Vores engagement i kvalitet har gjort det muligt for os at etablere en kooperativ fabrik, der sikrer, at vores produkter lever op til de h\u00f8jeste industristandarder. Her er grunden til, at du skal v\u00e6lge vores G209 galvaniserede sj\u00e6kkel:<\/p>\n<p>Omfattende erfaring: Med to \u00e5rtiers erfaring i branchen har vi finpudset vores ekspertise i at producere p\u00e5lidelige og holdbare produkter. Vores mange\u00e5rige tilstedev\u00e6relse er et vidnesbyrd om vores engagement i kundetilfredshed.<\/p>\n<p>Bredt produktsortiment: Ud over G209 Galvanized Shackle tilbyder vi et omfattende udvalg af tilbeh\u00f8r til betonforskalling og rigging hardware. Uanset om du har brug for klemmer, beslag, kroge eller andre relaterede produkter, s\u00e5 er du d\u00e6kket ind.<\/p>\n<p>Fremragende tilg\u00e6ngelighed p\u00e5 lager: Vi forst\u00e5r vigtigheden af rettidig levering. Derfor har vi et velassorteret lager, der sikrer, at vores produkter er let tilg\u00e6ngelige, s\u00e5 vi kan opfylde dine projektbehov hurtigt.<\/p>\n<p>Konkurrencedygtige priser: Vores st\u00e6rke produktionskapacitet og direkte indk\u00f8b giver os mulighed for at tilbyde konkurrencedygtige priser uden at g\u00e5 p\u00e5 kompromis med kvaliteten. Vi bestr\u00e6ber os p\u00e5 at levere omkostningseffektive l\u00f8sninger til din virksomhed.<\/p>\n<p>Kvalitetssikring: Vi tager kvalitet alvorligt og prioriterer din tilfredshed. Hver G209 galvaniseret sj\u00e6kkel gennemg\u00e5r grundige kvalitetskontrolinspektioner, og vi leverer en omfattende QC-inspektionsrapport for at give dig ro i sindet.<\/p>\n<p>Muligheder for tilpasning: Vi forst\u00e5r, at forskellige projekter kan kr\u00e6ve specifikke produktspecifikationer. Derfor tilbyder vi tilpasningstjenester, der skr\u00e6ddersyr vores produkter til at opfylde dine unikke krav.<\/p>\n<p>Gratis pr\u00f8ver: For at sikre, at du har fuld tillid til vores produkter, leverer vi gratis pr\u00f8ver efter anmodning. Du kan evaluere kvaliteten og egnetheden af vores G209 galvaniserede sj\u00e6kler p\u00e5 f\u00f8rste h\u00e5nd, f\u00f8r du foretager et k\u00f8b.<\/p>\n<p>Dedikeret kundeservice: Vi tror p\u00e5 at opbygge langsigtede relationer med vores kunder. Vores en-til-en-service sikrer, at du f\u00e5r personlig opm\u00e6rksomhed og hj\u00e6lp gennem hele transaktionsprocessen.<\/p>\n<p>Forpligtelse til tilfredshed: Din tilfredshed er vores ultimative m\u00e5l. Vi vil g\u00e5 den ekstra mil for at sikre, at du er helt tilfreds med dit k\u00f8b, fra den f\u00f8rste foresp\u00f8rgsel til den endelige levering.<\/p>\n<p>V\u00e6lg vores B2B-handelsvirksomhed som din betroede partner for betonformtilbeh\u00f8r og rigging hardware af h\u00f8j kvalitet. Kontakt os i dag for at anmode om dine gratis pr\u00f8ver og opleve vores ekstraordin\u00e6re produkter og tjenester p\u00e5 f\u00f8rste h\u00e5nd. Vi ser frem til at betjene dig og im\u00f8dekomme dine forretningsbehov med vores G209 Galvanized Shackle og andre p\u00e5lidelige l\u00f8sninger.<\/p>\n<p>Model:1018473, 1018491, 1018455, 1019490, 1018419, 1018507, 1018570, 1017582, 1017516, 1018428, 1018437, 1018525, 1018632, 1017450, 1017494, 1018393, 1018543, 1018552, 1018598, 1018641<\/p>\n<p><img fetchpriority=\"high\" decoding=\"async\" class=\"alignnone size-full wp-image-3813\" src=\"http:\/\/qingdaohf.com\/wp-content\/uploads\/2023\/05\/G209-G210-shackle.jpg\" alt=\"G209 G210 b\u00f8jle\" width=\"1000\" height=\"1296\" srcset=\"https:\/\/qingdaohf.com\/wp-content\/uploads\/2023\/05\/G209-G210-shackle.jpg 1000w, https:\/\/qingdaohf.com\/wp-content\/uploads\/2023\/05\/G209-G210-shackle-231x300.jpg 231w, https:\/\/qingdaohf.com\/wp-content\/uploads\/2023\/05\/G209-G210-shackle-790x1024.jpg 790w, https:\/\/qingdaohf.com\/wp-content\/uploads\/2023\/05\/G209-G210-shackle-768x995.jpg 768w\" sizes=\"(max-width: 1000px) 100vw, 1000px\" \/> <img decoding=\"async\" class=\"alignnone size-full wp-image-3814\" src=\"http:\/\/qingdaohf.com\/wp-content\/uploads\/2023\/05\/S209-T.jpg\" alt=\"S209T\" width=\"1000\" height=\"638\" srcset=\"https:\/\/qingdaohf.com\/wp-content\/uploads\/2023\/05\/S209-T.jpg 1000w, https:\/\/qingdaohf.com\/wp-content\/uploads\/2023\/05\/S209-T-300x191.jpg 300w, https:\/\/qingdaohf.com\/wp-content\/uploads\/2023\/05\/S209-T-768x490.jpg 768w\" sizes=\"(max-width: 1000px) 100vw, 1000px\" \/><\/p>","protected":false},"excerpt":{"rendered":"<p>G209-b\u00f8jlen er kendt for sin holdbarhed, styrke og brugervenlighed, hvilket g\u00f8r den til det foretrukne valg til forskellige anvendelser p\u00e5 tv\u00e6rs af brancher.<\/p>\n<p>H\u00f8j styrke: G209-b\u00f8jlen er konstrueret af f\u00f8rsteklasses materialer og har en enest\u00e5ende styrke til at modst\u00e5 tunge belastninger og barske forhold.<\/p>\n<p>Alsidigt design: Med forskellige st\u00f8rrelser og konfigurationer kan G209-sj\u00e6klen tilpasses en lang r\u00e6kke rigningsopgaver, hvilket giver fleksibilitet og bekvemmelighed.<\/p>\n<p>Holdbar konstruktion: Hver G209-b\u00f8jle er bygget til at holde og gennemg\u00e5r strenge tests for at sikre langvarig holdbarhed og p\u00e5lidelighed, hvilket minimerer nedetid og vedligeholdelsesomkostninger.<\/p>","protected":false},"featured_media":6311,"comment_status":"open","ping_status":"closed","template":"","meta":{"site-sidebar-layout":"default","site-content-layout":"default","ast-site-content-layout":"default","site-content-style":"default","site-sidebar-style":"default","ast-global-header-display":"","ast-banner-title-visibility":"","ast-main-header-display":"","ast-hfb-above-header-display":"","ast-hfb-below-header-display":"","ast-hfb-mobile-header-display":"","site-post-title":"","ast-breadcrumbs-content":"","ast-featured-img":"","footer-sml-layout":"","theme-transparent-header-meta":"default","adv-header-id-meta":"","stick-header-meta":"default","header-above-stick-meta":"","header-main-stick-meta":"","header-below-stick-meta":"","astra-migrate-meta-layouts":"set","ast-page-background-enabled":"default","ast-page-background-meta":{"desktop":{"background-color":"","background-image":"","background-repeat":"repeat","background-position":"center center","background-size":"auto","background-attachment":"scroll","background-type":"","background-media":"","overlay-type":"","overlay-color":"","overlay-opacity":"","overlay-gradient":""},"tablet":{"background-color":"","background-image":"","background-repeat":"repeat","background-position":"center center","background-size":"auto","background-attachment":"scroll","background-type":"","background-media":"","overlay-type":"","overlay-color":"","overlay-opacity":"","overlay-gradient":""},"mobile":{"background-color":"","background-image":"","background-repeat":"repeat","background-position":"center center","background-size":"auto","background-attachment":"scroll","background-type":"","background-media":"","overlay-type":"","overlay-color":"","overlay-opacity":"","overlay-gradient":""}},"ast-content-background-meta":{"desktop":{"background-color":"var(--ast-global-color-5)","background-image":"","background-repeat":"repeat","background-position":"center center","background-size":"auto","background-attachment":"scroll","background-type":"","background-media":"","overlay-type":"","overlay-color":"","overlay-opacity":"","overlay-gradient":""},"tablet":{"background-color":"var(--ast-global-color-5)","background-image":"","background-repeat":"repeat","background-position":"center center","background-size":"auto","background-attachment":"scroll","background-type":"","background-media":"","overlay-type":"","overlay-color":"","overlay-opacity":"","overlay-gradient":""},"mobile":{"background-color":"var(--ast-global-color-5)","background-image":"","background-repeat":"repeat","background-position":"center center","background-size":"auto","background-attachment":"scroll","background-type":"","background-media":"","overlay-type":"","overlay-color":"","overlay-opacity":"","overlay-gradient":""}}},"product_brand":[],"product_cat":[43,54],"product_tag":[],"class_list":{"0":"post-4622","1":"product","2":"type-product","3":"status-publish","4":"has-post-thumbnail","6":"product_cat-rigging-hardware","7":"product_cat-shackle","8":"desktop-align-left","9":"tablet-align-left","10":"mobile-align-left","11":"ast-product-gallery-layout-horizontal-slider","12":"ast-product-tabs-layout-horizontal","14":"first","15":"instock","16":"shipping-taxable","17":"purchasable","18":"product-type-simple"},"yoast_head":"<!-- This site is optimized with the Yoast SEO plugin v25.2 - https:\/\/yoast.com\/wordpress\/plugins\/seo\/ -->\n<title>G209 Bow Shackle S209 Screw Pin Ancho Shackle<\/title>\n<meta name=\"description\" content=\"The G209 Galvanized Shackle is an essential and reliable hardware component widely used in various industries and applications.\" \/>\n<meta name=\"robots\" content=\"index, follow, max-snippet:-1, max-image-preview:large, max-video-preview:-1\" \/>\n<link rel=\"canonical\" href=\"https:\/\/qingdaohf.com\/da\/vare\/g209-sjaekkel\/\" \/>\n<meta property=\"og:locale\" content=\"da_DK\" \/>\n<meta property=\"og:type\" content=\"article\" \/>\n<meta property=\"og:title\" content=\"G209 Bow Shackle S209 Screw Pin Ancho Shackle\" \/>\n<meta property=\"og:description\" content=\"The G209 Galvanized Shackle is an essential and reliable hardware component widely used in various industries and applications.\" \/>\n<meta property=\"og:url\" content=\"https:\/\/qingdaohf.com\/da\/vare\/g209-sjaekkel\/\" \/>\n<meta property=\"og:site_name\" content=\"Concrete Form &amp; Rigging Hardware Supplier\" \/>\n<meta property=\"article:publisher\" content=\"https:\/\/www.facebook.com\/qingdaohf\" \/>\n<meta property=\"article:modified_time\" content=\"2025-11-13T01:04:03+00:00\" \/>\n<meta property=\"og:image\" content=\"https:\/\/qingdaohf.com\/wp-content\/uploads\/2023\/07\/209-shackle-2.jpg\" \/>\n\t<meta property=\"og:image:width\" content=\"1000\" \/>\n\t<meta property=\"og:image:height\" content=\"1000\" \/>\n\t<meta property=\"og:image:type\" content=\"image\/jpeg\" \/>\n<meta name=\"twitter:card\" content=\"summary_large_image\" \/>\n<meta name=\"twitter:label1\" content=\"Estimeret l\u00e6setid\" \/>\n\t<meta name=\"twitter:data1\" content=\"3 minutter\" \/>\n<script type=\"application\/ld+json\" class=\"yoast-schema-graph\">{\"@context\":\"https:\/\/schema.org\",\"@graph\":[{\"@type\":\"WebPage\",\"@id\":\"https:\/\/qingdaohf.com\/product\/g209-shackle\/\",\"url\":\"https:\/\/qingdaohf.com\/product\/g209-shackle\/\",\"name\":\"G209 Bow Shackle S209 Screw Pin Ancho Shackle\",\"isPartOf\":{\"@id\":\"https:\/\/qingdaohf.com\/bg\/#website\"},\"primaryImageOfPage\":{\"@id\":\"https:\/\/qingdaohf.com\/product\/g209-shackle\/#primaryimage\"},\"image\":{\"@id\":\"https:\/\/qingdaohf.com\/product\/g209-shackle\/#primaryimage\"},\"thumbnailUrl\":\"https:\/\/qingdaohf.com\/wp-content\/uploads\/2023\/07\/209-shackle-2.jpg\",\"datePublished\":\"2023-07-05T09:16:50+00:00\",\"dateModified\":\"2025-11-13T01:04:03+00:00\",\"description\":\"The G209 Galvanized Shackle is an essential and reliable hardware component widely used in various industries and applications.\",\"breadcrumb\":{\"@id\":\"https:\/\/qingdaohf.com\/product\/g209-shackle\/#breadcrumb\"},\"inLanguage\":\"da-DK\",\"potentialAction\":[{\"@type\":\"ReadAction\",\"target\":[\"https:\/\/qingdaohf.com\/product\/g209-shackle\/\"]}]},{\"@type\":\"ImageObject\",\"inLanguage\":\"da-DK\",\"@id\":\"https:\/\/qingdaohf.com\/product\/g209-shackle\/#primaryimage\",\"url\":\"https:\/\/qingdaohf.com\/wp-content\/uploads\/2023\/07\/209-shackle-2.jpg\",\"contentUrl\":\"https:\/\/qingdaohf.com\/wp-content\/uploads\/2023\/07\/209-shackle-2.jpg\",\"width\":1000,\"height\":1000,\"caption\":\"209 shackle\"},{\"@type\":\"BreadcrumbList\",\"@id\":\"https:\/\/qingdaohf.com\/product\/g209-shackle\/#breadcrumb\",\"itemListElement\":[{\"@type\":\"ListItem\",\"position\":1,\"name\":\"Home\",\"item\":\"https:\/\/qingdaohf.com\/\"},{\"@type\":\"ListItem\",\"position\":2,\"name\":\"Concrete Forming Accessories and Rigging Hardware\",\"item\":\"https:\/\/qingdaohf.com\/bg\/?page_id=944\"},{\"@type\":\"ListItem\",\"position\":3,\"name\":\"G209 Bow Shackle S209 Screw Pin Ancho Shackle\"}]},{\"@type\":\"WebSite\",\"@id\":\"https:\/\/qingdaohf.com\/bg\/#website\",\"url\":\"https:\/\/qingdaohf.com\/bg\/\",\"name\":\"Concrete Form & Rigging Hardware Supplier\",\"description\":\"\",\"publisher\":{\"@id\":\"https:\/\/qingdaohf.com\/bg\/#organization\"},\"potentialAction\":[{\"@type\":\"SearchAction\",\"target\":{\"@type\":\"EntryPoint\",\"urlTemplate\":\"https:\/\/qingdaohf.com\/bg\/?s={search_term_string}\"},\"query-input\":{\"@type\":\"PropertyValueSpecification\",\"valueRequired\":true,\"valueName\":\"search_term_string\"}}],\"inLanguage\":\"da-DK\"},{\"@type\":\"Organization\",\"@id\":\"https:\/\/qingdaohf.com\/bg\/#organization\",\"name\":\"Qingdao H&F\",\"url\":\"https:\/\/qingdaohf.com\/bg\/\",\"logo\":{\"@type\":\"ImageObject\",\"inLanguage\":\"da-DK\",\"@id\":\"https:\/\/qingdaohf.com\/bg\/#\/schema\/logo\/image\/\",\"url\":\"https:\/\/qingdaohf.com\/wp-content\/uploads\/2022\/12\/cropped-HF-LOGO.png\",\"contentUrl\":\"https:\/\/qingdaohf.com\/wp-content\/uploads\/2022\/12\/cropped-HF-LOGO.png\",\"width\":391,\"height\":249,\"caption\":\"Qingdao H&F\"},\"image\":{\"@id\":\"https:\/\/qingdaohf.com\/bg\/#\/schema\/logo\/image\/\"},\"sameAs\":[\"https:\/\/www.facebook.com\/qingdaohf\"]}]}<\/script>\n<!-- \/ Yoast SEO plugin. -->","yoast_head_json":{"title":"G209 Bow Shackle S209 Screw Pin Ancho Shackle","description":"The G209 Galvanized Shackle is an essential and reliable hardware component widely used in various industries and applications.","robots":{"index":"index","follow":"follow","max-snippet":"max-snippet:-1","max-image-preview":"max-image-preview:large","max-video-preview":"max-video-preview:-1"},"canonical":"https:\/\/qingdaohf.com\/da\/vare\/g209-sjaekkel\/","og_locale":"da_DK","og_type":"article","og_title":"G209 Bow Shackle S209 Screw Pin Ancho Shackle","og_description":"The G209 Galvanized Shackle is an essential and reliable hardware component widely used in various industries and applications.","og_url":"https:\/\/qingdaohf.com\/da\/vare\/g209-sjaekkel\/","og_site_name":"Concrete Form &amp; Rigging Hardware Supplier","article_publisher":"https:\/\/www.facebook.com\/qingdaohf","article_modified_time":"2025-11-13T01:04:03+00:00","og_image":[{"width":1000,"height":1000,"url":"https:\/\/qingdaohf.com\/wp-content\/uploads\/2023\/07\/209-shackle-2.jpg","type":"image\/jpeg"}],"twitter_card":"summary_large_image","twitter_misc":{"Estimeret l\u00e6setid":"3 minutter"},"schema":{"@context":"https:\/\/schema.org","@graph":[{"@type":"WebPage","@id":"https:\/\/qingdaohf.com\/product\/g209-shackle\/","url":"https:\/\/qingdaohf.com\/product\/g209-shackle\/","name":"G209 Bow Shackle S209 Screw Pin Ancho Shackle","isPartOf":{"@id":"https:\/\/qingdaohf.com\/bg\/#website"},"primaryImageOfPage":{"@id":"https:\/\/qingdaohf.com\/product\/g209-shackle\/#primaryimage"},"image":{"@id":"https:\/\/qingdaohf.com\/product\/g209-shackle\/#primaryimage"},"thumbnailUrl":"https:\/\/qingdaohf.com\/wp-content\/uploads\/2023\/07\/209-shackle-2.jpg","datePublished":"2023-07-05T09:16:50+00:00","dateModified":"2025-11-13T01:04:03+00:00","description":"The G209 Galvanized Shackle is an essential and reliable hardware component widely used in various industries and applications.","breadcrumb":{"@id":"https:\/\/qingdaohf.com\/product\/g209-shackle\/#breadcrumb"},"inLanguage":"da-DK","potentialAction":[{"@type":"ReadAction","target":["https:\/\/qingdaohf.com\/product\/g209-shackle\/"]}]},{"@type":"ImageObject","inLanguage":"da-DK","@id":"https:\/\/qingdaohf.com\/product\/g209-shackle\/#primaryimage","url":"https:\/\/qingdaohf.com\/wp-content\/uploads\/2023\/07\/209-shackle-2.jpg","contentUrl":"https:\/\/qingdaohf.com\/wp-content\/uploads\/2023\/07\/209-shackle-2.jpg","width":1000,"height":1000,"caption":"209 shackle"},{"@type":"BreadcrumbList","@id":"https:\/\/qingdaohf.com\/product\/g209-shackle\/#breadcrumb","itemListElement":[{"@type":"ListItem","position":1,"name":"Home","item":"https:\/\/qingdaohf.com\/"},{"@type":"ListItem","position":2,"name":"Concrete Forming Accessories and Rigging Hardware","item":"https:\/\/qingdaohf.com\/bg\/?page_id=944"},{"@type":"ListItem","position":3,"name":"G209 Bow Shackle S209 Screw Pin Ancho Shackle"}]},{"@type":"WebSite","@id":"https:\/\/qingdaohf.com\/bg\/#website","url":"https:\/\/qingdaohf.com\/bg\/","name":"Concrete Form & Rigging Hardware Supplier","description":"","publisher":{"@id":"https:\/\/qingdaohf.com\/bg\/#organization"},"potentialAction":[{"@type":"SearchAction","target":{"@type":"EntryPoint","urlTemplate":"https:\/\/qingdaohf.com\/bg\/?s={search_term_string}"},"query-input":{"@type":"PropertyValueSpecification","valueRequired":true,"valueName":"search_term_string"}}],"inLanguage":"da-DK"},{"@type":"Organization","@id":"https:\/\/qingdaohf.com\/bg\/#organization","name":"Qingdao H&F","url":"https:\/\/qingdaohf.com\/bg\/","logo":{"@type":"ImageObject","inLanguage":"da-DK","@id":"https:\/\/qingdaohf.com\/bg\/#\/schema\/logo\/image\/","url":"https:\/\/qingdaohf.com\/wp-content\/uploads\/2022\/12\/cropped-HF-LOGO.png","contentUrl":"https:\/\/qingdaohf.com\/wp-content\/uploads\/2022\/12\/cropped-HF-LOGO.png","width":391,"height":249,"caption":"Qingdao H&F"},"image":{"@id":"https:\/\/qingdaohf.com\/bg\/#\/schema\/logo\/image\/"},"sameAs":["https:\/\/www.facebook.com\/qingdaohf"]}]}},"_links":{"self":[{"href":"https:\/\/qingdaohf.com\/da\/wp-json\/wp\/v2\/product\/4622","targetHints":{"allow":["GET"]}}],"collection":[{"href":"https:\/\/qingdaohf.com\/da\/wp-json\/wp\/v2\/product"}],"about":[{"href":"https:\/\/qingdaohf.com\/da\/wp-json\/wp\/v2\/types\/product"}],"replies":[{"embeddable":true,"href":"https:\/\/qingdaohf.com\/da\/wp-json\/wp\/v2\/comments?post=4622"}],"version-history":[{"count":7,"href":"https:\/\/qingdaohf.com\/da\/wp-json\/wp\/v2\/product\/4622\/revisions"}],"predecessor-version":[{"id":6301,"href":"https:\/\/qingdaohf.com\/da\/wp-json\/wp\/v2\/product\/4622\/revisions\/6301"}],"wp:featuredmedia":[{"embeddable":true,"href":"https:\/\/qingdaohf.com\/da\/wp-json\/wp\/v2\/media\/6311"}],"wp:attachment":[{"href":"https:\/\/qingdaohf.com\/da\/wp-json\/wp\/v2\/media?parent=4622"}],"wp:term":[{"taxonomy":"product_brand","embeddable":true,"href":"https:\/\/qingdaohf.com\/da\/wp-json\/wp\/v2\/product_brand?post=4622"},{"taxonomy":"product_cat","embeddable":true,"href":"https:\/\/qingdaohf.com\/da\/wp-json\/wp\/v2\/product_cat?post=4622"},{"taxonomy":"product_tag","embeddable":true,"href":"https:\/\/qingdaohf.com\/da\/wp-json\/wp\/v2\/product_tag?post=4622"}],"curies":[{"name":"wp","href":"https:\/\/api.w.org\/{rel}","templated":true}]}}