{"id":4645,"date":"2023-07-10T11:50:56","date_gmt":"2023-07-10T03:50:56","guid":{"rendered":"http:\/\/qingdaohf.com\/?post_type=product&#038;p=4645"},"modified":"2025-11-13T09:04:02","modified_gmt":"2025-11-13T01:04:02","slug":"snap-tie-with-washer","status":"publish","type":"product","link":"https:\/\/qingdaohf.com\/da\/vare\/snap-tie-med-skive\/","title":{"rendered":"Snap Ties til betonformning"},"content":{"rendered":"<div class=\"ast-oembed-container\" style=\"height: 100%;\"><iframe title=\"H&amp;F Snap Tie &amp; Wedge &amp; Jahn A-beslag\" width=\"500\" height=\"281\" src=\"https:\/\/www.youtube.com\/embed\/kFK9tFUhXA4?feature=oembed\" frameborder=\"0\" allow=\"accelerometer; autoplay; clipboard-write; encrypted-media; gyroscope; picture-in-picture; web-share\" referrerpolicy=\"strict-origin-when-cross-origin\" allowfullscreen><\/iframe><\/div>\n<p>I din s\u00f8gen efter betonklammer med skiver forst\u00e5r vi, at dine forventninger er urokkelige. Dit prim\u00e6re fokus er at sikre et produkt, der er kendetegnet ved enest\u00e5ende kvalitet, holdbarhed, p\u00e5lidelighed og tilpasningsmuligheder. Vi vil belyse, hvordan Qingdao H&amp;F med over to \u00e5rtiers brancheerfaring og et v\u00e6ld af unikke fordele er ideelt positioneret til at opfylde og overg\u00e5 disse krav.<\/p>\n<h3 class=\"product_title entry-title elementor-heading-title elementor-size-default\"><a href=\"https:\/\/qingdaohf.com\/da\/vare\/snap-slips\/\">Snap Ties til beton med plastkegle<\/a><\/h3>\n<p>Betonsn\u00f8reb\u00e5nd med plastkegle bruges i forbindelse med betonforskalling. Forskalling er den midlertidige struktur eller form, der holder og former nyst\u00f8bt beton, indtil den h\u00e6rder og f\u00e5r styrke nok til at b\u00e6re sig selv. Trykknapper med plastkegler er en integreret del af dette forskallingssystem.<\/p>\n<div class=\"ast-oembed-container\" style=\"height: 100%;\"><iframe title=\"Betonform snap tie, wegd og bracket-Qingadao H&amp;F\" width=\"500\" height=\"281\" src=\"https:\/\/www.youtube.com\/embed\/mISMbzcUcWg?feature=oembed\" frameborder=\"0\" allow=\"accelerometer; autoplay; clipboard-write; encrypted-media; gyroscope; picture-in-picture; web-share\" referrerpolicy=\"strict-origin-when-cross-origin\" allowfullscreen><\/iframe><\/div>\n<p>&nbsp;<\/p>","protected":false},"excerpt":{"rendered":"<p>H\u00f8j kvalitet og holdbarhed<strong>\u00a0<\/strong>6\u2033-12\u2033 Snap Ties til betonforskalling til krydsfinerforskalling.<\/p>\n<p>Snap Tie med skive er et innovativt fastg\u00f8relsessystem, der bruges i byggeriet, specielt til betonforskalling. Det er designet til sikkert at forbinde og justere forskallingspaneler under st\u00f8bning og h\u00e6rdning af betonkonstruktioner. Snap Tie med skive best\u00e5r af to hovedkomponenter: snap tie og skive.<\/p>","protected":false},"featured_media":4646,"comment_status":"open","ping_status":"closed","template":"","meta":{"site-sidebar-layout":"default","site-content-layout":"default","ast-site-content-layout":"default","site-content-style":"default","site-sidebar-style":"default","ast-global-header-display":"","ast-banner-title-visibility":"","ast-main-header-display":"","ast-hfb-above-header-display":"","ast-hfb-below-header-display":"","ast-hfb-mobile-header-display":"","site-post-title":"","ast-breadcrumbs-content":"","ast-featured-img":"","footer-sml-layout":"","theme-transparent-header-meta":"default","adv-header-id-meta":"","stick-header-meta":"default","header-above-stick-meta":"","header-main-stick-meta":"","header-below-stick-meta":"","astra-migrate-meta-layouts":"set","ast-page-background-enabled":"default","ast-page-background-meta":{"desktop":{"background-color":"","background-image":"","background-repeat":"repeat","background-position":"center center","background-size":"auto","background-attachment":"scroll","background-type":"","background-media":"","overlay-type":"","overlay-color":"","overlay-opacity":"","overlay-gradient":""},"tablet":{"background-color":"","background-image":"","background-repeat":"repeat","background-position":"center center","background-size":"auto","background-attachment":"scroll","background-type":"","background-media":"","overlay-type":"","overlay-color":"","overlay-opacity":"","overlay-gradient":""},"mobile":{"background-color":"","background-image":"","background-repeat":"repeat","background-position":"center center","background-size":"auto","background-attachment":"scroll","background-type":"","background-media":"","overlay-type":"","overlay-color":"","overlay-opacity":"","overlay-gradient":""}},"ast-content-background-meta":{"desktop":{"background-color":"var(--ast-global-color-5)","background-image":"","background-repeat":"repeat","background-position":"center center","background-size":"auto","background-attachment":"scroll","background-type":"","background-media":"","overlay-type":"","overlay-color":"","overlay-opacity":"","overlay-gradient":""},"tablet":{"background-color":"var(--ast-global-color-5)","background-image":"","background-repeat":"repeat","background-position":"center center","background-size":"auto","background-attachment":"scroll","background-type":"","background-media":"","overlay-type":"","overlay-color":"","overlay-opacity":"","overlay-gradient":""},"mobile":{"background-color":"var(--ast-global-color-5)","background-image":"","background-repeat":"repeat","background-position":"center center","background-size":"auto","background-attachment":"scroll","background-type":"","background-media":"","overlay-type":"","overlay-color":"","overlay-opacity":"","overlay-gradient":""}}},"product_brand":[],"product_cat":[50,20,63],"product_tag":[],"class_list":{"0":"post-4645","1":"product","2":"type-product","3":"status-publish","4":"has-post-thumbnail","6":"product_cat-concrete-form-accessories","7":"product_cat-concrete-wall-tie","8":"product_cat-concrete-snap-tie","9":"desktop-align-left","10":"tablet-align-left","11":"mobile-align-left","12":"ast-product-gallery-layout-horizontal-slider","13":"ast-product-tabs-layout-horizontal","15":"first","16":"instock","17":"shipping-taxable","18":"purchasable","19":"product-type-simple"},"yoast_head":"<!-- This site is optimized with the Yoast SEO plugin v25.2 - https:\/\/yoast.com\/wordpress\/plugins\/seo\/ -->\n<title>Concrete Forming Snap Ties<\/title>\n<meta name=\"description\" content=\"Snap Tie with Washer is an innovative fastening system used in construction, specifically for concrete formwork.\" \/>\n<meta name=\"robots\" content=\"index, follow, max-snippet:-1, max-image-preview:large, max-video-preview:-1\" \/>\n<link rel=\"canonical\" href=\"https:\/\/qingdaohf.com\/da\/vare\/snap-tie-med-skive\/\" \/>\n<meta property=\"og:locale\" content=\"da_DK\" \/>\n<meta property=\"og:type\" content=\"article\" \/>\n<meta property=\"og:title\" content=\"Concrete Forming Snap Ties\" \/>\n<meta property=\"og:description\" content=\"Snap Tie with Washer is an innovative fastening system used in construction, specifically for concrete formwork.\" \/>\n<meta property=\"og:url\" content=\"https:\/\/qingdaohf.com\/da\/vare\/snap-tie-med-skive\/\" \/>\n<meta property=\"og:site_name\" content=\"Concrete Form &amp; Rigging Hardware Supplier\" \/>\n<meta property=\"article:publisher\" content=\"https:\/\/www.facebook.com\/qingdaohf\" \/>\n<meta property=\"article:modified_time\" content=\"2025-11-13T01:04:02+00:00\" \/>\n<meta property=\"og:image\" content=\"https:\/\/qingdaohf.com\/wp-content\/uploads\/2023\/07\/Snap-Tie-with-Steel-Washer-10.jpg\" \/>\n\t<meta property=\"og:image:width\" content=\"1000\" \/>\n\t<meta property=\"og:image:height\" content=\"1000\" \/>\n\t<meta property=\"og:image:type\" content=\"image\/jpeg\" \/>\n<meta name=\"twitter:card\" content=\"summary_large_image\" \/>\n<meta name=\"twitter:label1\" content=\"Estimeret l\u00e6setid\" \/>\n\t<meta name=\"twitter:data1\" content=\"1 minut\" \/>\n<script type=\"application\/ld+json\" class=\"yoast-schema-graph\">{\"@context\":\"https:\/\/schema.org\",\"@graph\":[{\"@type\":\"WebPage\",\"@id\":\"https:\/\/qingdaohf.com\/product\/snap-tie-with-washer\/\",\"url\":\"https:\/\/qingdaohf.com\/product\/snap-tie-with-washer\/\",\"name\":\"Concrete Forming Snap Ties\",\"isPartOf\":{\"@id\":\"https:\/\/qingdaohf.com\/bg\/#website\"},\"primaryImageOfPage\":{\"@id\":\"https:\/\/qingdaohf.com\/product\/snap-tie-with-washer\/#primaryimage\"},\"image\":{\"@id\":\"https:\/\/qingdaohf.com\/product\/snap-tie-with-washer\/#primaryimage\"},\"thumbnailUrl\":\"https:\/\/qingdaohf.com\/wp-content\/uploads\/2023\/07\/Snap-Tie-with-Steel-Washer-10.jpg\",\"datePublished\":\"2023-07-10T03:50:56+00:00\",\"dateModified\":\"2025-11-13T01:04:02+00:00\",\"description\":\"Snap Tie with Washer is an innovative fastening system used in construction, specifically for concrete formwork.\",\"breadcrumb\":{\"@id\":\"https:\/\/qingdaohf.com\/product\/snap-tie-with-washer\/#breadcrumb\"},\"inLanguage\":\"da-DK\",\"potentialAction\":[{\"@type\":\"ReadAction\",\"target\":[\"https:\/\/qingdaohf.com\/product\/snap-tie-with-washer\/\"]}]},{\"@type\":\"ImageObject\",\"inLanguage\":\"da-DK\",\"@id\":\"https:\/\/qingdaohf.com\/product\/snap-tie-with-washer\/#primaryimage\",\"url\":\"https:\/\/qingdaohf.com\/wp-content\/uploads\/2023\/07\/Snap-Tie-with-Steel-Washer-10.jpg\",\"contentUrl\":\"https:\/\/qingdaohf.com\/wp-content\/uploads\/2023\/07\/Snap-Tie-with-Steel-Washer-10.jpg\",\"width\":1000,\"height\":1000,\"caption\":\"Snap Tie with Steel Washer\"},{\"@type\":\"BreadcrumbList\",\"@id\":\"https:\/\/qingdaohf.com\/product\/snap-tie-with-washer\/#breadcrumb\",\"itemListElement\":[{\"@type\":\"ListItem\",\"position\":1,\"name\":\"Home\",\"item\":\"https:\/\/qingdaohf.com\/\"},{\"@type\":\"ListItem\",\"position\":2,\"name\":\"Concrete Forming Accessories and Rigging Hardware\",\"item\":\"https:\/\/qingdaohf.com\/bg\/?page_id=944\"},{\"@type\":\"ListItem\",\"position\":3,\"name\":\"Concrete Forming Snap Ties\"}]},{\"@type\":\"WebSite\",\"@id\":\"https:\/\/qingdaohf.com\/bg\/#website\",\"url\":\"https:\/\/qingdaohf.com\/bg\/\",\"name\":\"Concrete Form & Rigging Hardware Supplier\",\"description\":\"\",\"publisher\":{\"@id\":\"https:\/\/qingdaohf.com\/bg\/#organization\"},\"potentialAction\":[{\"@type\":\"SearchAction\",\"target\":{\"@type\":\"EntryPoint\",\"urlTemplate\":\"https:\/\/qingdaohf.com\/bg\/?s={search_term_string}\"},\"query-input\":{\"@type\":\"PropertyValueSpecification\",\"valueRequired\":true,\"valueName\":\"search_term_string\"}}],\"inLanguage\":\"da-DK\"},{\"@type\":\"Organization\",\"@id\":\"https:\/\/qingdaohf.com\/bg\/#organization\",\"name\":\"Qingdao H&F\",\"url\":\"https:\/\/qingdaohf.com\/bg\/\",\"logo\":{\"@type\":\"ImageObject\",\"inLanguage\":\"da-DK\",\"@id\":\"https:\/\/qingdaohf.com\/bg\/#\/schema\/logo\/image\/\",\"url\":\"https:\/\/qingdaohf.com\/wp-content\/uploads\/2022\/12\/cropped-HF-LOGO.png\",\"contentUrl\":\"https:\/\/qingdaohf.com\/wp-content\/uploads\/2022\/12\/cropped-HF-LOGO.png\",\"width\":391,\"height\":249,\"caption\":\"Qingdao H&F\"},\"image\":{\"@id\":\"https:\/\/qingdaohf.com\/bg\/#\/schema\/logo\/image\/\"},\"sameAs\":[\"https:\/\/www.facebook.com\/qingdaohf\"]}]}<\/script>\n<!-- \/ Yoast SEO plugin. -->","yoast_head_json":{"title":"Concrete Forming Snap Ties","description":"Snap Tie with Washer is an innovative fastening system used in construction, specifically for concrete formwork.","robots":{"index":"index","follow":"follow","max-snippet":"max-snippet:-1","max-image-preview":"max-image-preview:large","max-video-preview":"max-video-preview:-1"},"canonical":"https:\/\/qingdaohf.com\/da\/vare\/snap-tie-med-skive\/","og_locale":"da_DK","og_type":"article","og_title":"Concrete Forming Snap Ties","og_description":"Snap Tie with Washer is an innovative fastening system used in construction, specifically for concrete formwork.","og_url":"https:\/\/qingdaohf.com\/da\/vare\/snap-tie-med-skive\/","og_site_name":"Concrete Form &amp; Rigging Hardware Supplier","article_publisher":"https:\/\/www.facebook.com\/qingdaohf","article_modified_time":"2025-11-13T01:04:02+00:00","og_image":[{"width":1000,"height":1000,"url":"https:\/\/qingdaohf.com\/wp-content\/uploads\/2023\/07\/Snap-Tie-with-Steel-Washer-10.jpg","type":"image\/jpeg"}],"twitter_card":"summary_large_image","twitter_misc":{"Estimeret l\u00e6setid":"1 minut"},"schema":{"@context":"https:\/\/schema.org","@graph":[{"@type":"WebPage","@id":"https:\/\/qingdaohf.com\/product\/snap-tie-with-washer\/","url":"https:\/\/qingdaohf.com\/product\/snap-tie-with-washer\/","name":"Concrete Forming Snap Ties","isPartOf":{"@id":"https:\/\/qingdaohf.com\/bg\/#website"},"primaryImageOfPage":{"@id":"https:\/\/qingdaohf.com\/product\/snap-tie-with-washer\/#primaryimage"},"image":{"@id":"https:\/\/qingdaohf.com\/product\/snap-tie-with-washer\/#primaryimage"},"thumbnailUrl":"https:\/\/qingdaohf.com\/wp-content\/uploads\/2023\/07\/Snap-Tie-with-Steel-Washer-10.jpg","datePublished":"2023-07-10T03:50:56+00:00","dateModified":"2025-11-13T01:04:02+00:00","description":"Snap Tie with Washer is an innovative fastening system used in construction, specifically for concrete formwork.","breadcrumb":{"@id":"https:\/\/qingdaohf.com\/product\/snap-tie-with-washer\/#breadcrumb"},"inLanguage":"da-DK","potentialAction":[{"@type":"ReadAction","target":["https:\/\/qingdaohf.com\/product\/snap-tie-with-washer\/"]}]},{"@type":"ImageObject","inLanguage":"da-DK","@id":"https:\/\/qingdaohf.com\/product\/snap-tie-with-washer\/#primaryimage","url":"https:\/\/qingdaohf.com\/wp-content\/uploads\/2023\/07\/Snap-Tie-with-Steel-Washer-10.jpg","contentUrl":"https:\/\/qingdaohf.com\/wp-content\/uploads\/2023\/07\/Snap-Tie-with-Steel-Washer-10.jpg","width":1000,"height":1000,"caption":"Snap Tie with Steel Washer"},{"@type":"BreadcrumbList","@id":"https:\/\/qingdaohf.com\/product\/snap-tie-with-washer\/#breadcrumb","itemListElement":[{"@type":"ListItem","position":1,"name":"Home","item":"https:\/\/qingdaohf.com\/"},{"@type":"ListItem","position":2,"name":"Concrete Forming Accessories and Rigging Hardware","item":"https:\/\/qingdaohf.com\/bg\/?page_id=944"},{"@type":"ListItem","position":3,"name":"Concrete Forming Snap Ties"}]},{"@type":"WebSite","@id":"https:\/\/qingdaohf.com\/bg\/#website","url":"https:\/\/qingdaohf.com\/bg\/","name":"Concrete Form & Rigging Hardware Supplier","description":"","publisher":{"@id":"https:\/\/qingdaohf.com\/bg\/#organization"},"potentialAction":[{"@type":"SearchAction","target":{"@type":"EntryPoint","urlTemplate":"https:\/\/qingdaohf.com\/bg\/?s={search_term_string}"},"query-input":{"@type":"PropertyValueSpecification","valueRequired":true,"valueName":"search_term_string"}}],"inLanguage":"da-DK"},{"@type":"Organization","@id":"https:\/\/qingdaohf.com\/bg\/#organization","name":"Qingdao H&F","url":"https:\/\/qingdaohf.com\/bg\/","logo":{"@type":"ImageObject","inLanguage":"da-DK","@id":"https:\/\/qingdaohf.com\/bg\/#\/schema\/logo\/image\/","url":"https:\/\/qingdaohf.com\/wp-content\/uploads\/2022\/12\/cropped-HF-LOGO.png","contentUrl":"https:\/\/qingdaohf.com\/wp-content\/uploads\/2022\/12\/cropped-HF-LOGO.png","width":391,"height":249,"caption":"Qingdao H&F"},"image":{"@id":"https:\/\/qingdaohf.com\/bg\/#\/schema\/logo\/image\/"},"sameAs":["https:\/\/www.facebook.com\/qingdaohf"]}]}},"_links":{"self":[{"href":"https:\/\/qingdaohf.com\/da\/wp-json\/wp\/v2\/product\/4645","targetHints":{"allow":["GET"]}}],"collection":[{"href":"https:\/\/qingdaohf.com\/da\/wp-json\/wp\/v2\/product"}],"about":[{"href":"https:\/\/qingdaohf.com\/da\/wp-json\/wp\/v2\/types\/product"}],"replies":[{"embeddable":true,"href":"https:\/\/qingdaohf.com\/da\/wp-json\/wp\/v2\/comments?post=4645"}],"version-history":[{"count":31,"href":"https:\/\/qingdaohf.com\/da\/wp-json\/wp\/v2\/product\/4645\/revisions"}],"predecessor-version":[{"id":10241,"href":"https:\/\/qingdaohf.com\/da\/wp-json\/wp\/v2\/product\/4645\/revisions\/10241"}],"wp:featuredmedia":[{"embeddable":true,"href":"https:\/\/qingdaohf.com\/da\/wp-json\/wp\/v2\/media\/4646"}],"wp:attachment":[{"href":"https:\/\/qingdaohf.com\/da\/wp-json\/wp\/v2\/media?parent=4645"}],"wp:term":[{"taxonomy":"product_brand","embeddable":true,"href":"https:\/\/qingdaohf.com\/da\/wp-json\/wp\/v2\/product_brand?post=4645"},{"taxonomy":"product_cat","embeddable":true,"href":"https:\/\/qingdaohf.com\/da\/wp-json\/wp\/v2\/product_cat?post=4645"},{"taxonomy":"product_tag","embeddable":true,"href":"https:\/\/qingdaohf.com\/da\/wp-json\/wp\/v2\/product_tag?post=4645"}],"curies":[{"name":"wp","href":"https:\/\/api.w.org\/{rel}","templated":true}]}}