{"id":6226,"date":"2024-01-03T15:51:23","date_gmt":"2024-01-03T07:51:23","guid":{"rendered":"http:\/\/qingdaohf.com\/?post_type=product&#038;p=6226"},"modified":"2025-11-13T09:03:39","modified_gmt":"2025-11-13T01:03:39","slug":"woven-cord-strap","status":"publish","type":"product","link":"https:\/\/qingdaohf.com\/da\/vare\/omsnoring\/","title":{"rendered":"V\u00e6vet polyestersnorb\u00e5nd til emballage"},"content":{"rendered":"<div class=\"ast-oembed-container\" style=\"height: 100%;\"><iframe title=\"Omsn\u00f8ring af polypropylen\" width=\"500\" height=\"281\" src=\"https:\/\/www.youtube.com\/embed\/Bi0Ct6OI134?feature=oembed\" frameborder=\"0\" allow=\"accelerometer; autoplay; clipboard-write; encrypted-media; gyroscope; picture-in-picture; web-share\" referrerpolicy=\"strict-origin-when-cross-origin\" allowfullscreen><\/iframe><\/div>\n<h3>Kendskab til de kritiske egenskaber ved omsn\u00f8ringsb\u00e5nd af v\u00e6vet polyestersnor<\/h3>\n<p>V\u00e6vede polyesterb\u00e5nd er grundlaget for enhver sikker emballagel\u00f8sning. Industrier, der har brug for p\u00e5lidelig omsn\u00f8ring af enten tunge laster eller laster med uregelm\u00e6ssige former, kender deres styrke og alsidighed og finder mange anvendelsesmuligheder for disse b\u00e5nd. B\u00e5ndene, der er lavet af t\u00e6tv\u00e6vede polyesterfibre, leverer imponerende tr\u00e6kstyrke, samtidig med at de bevarer fleksibiliteten. I mods\u00e6tning til traditionelle st\u00e5lb\u00e5nd, som kan v\u00e6re tilb\u00f8jelige til at ruste eller endda skade f\u00f8lsomme overflader, leverer denne type polyesterb\u00e5nd et glat, men st\u00e6rkt alternativ, der udm\u00e6rker sig ved at holde varernes integritet sikker.<\/p>\n<p>Materialet er blevet en favorit i flere f\u00f8rende industrier, herunder logistik, byggeri og produktion, hvor produkter uds\u00e6ttes for h\u00e5rdh\u00e6ndet h\u00e5ndtering uden at g\u00e5 p\u00e5 kompromis med sikkerhed eller stabilitet. K\u00f8bere v\u00e6rds\u00e6tter deres investering i emballage og har derfor brug for omsn\u00f8ringsb\u00e5nd, der passer n\u00f8jagtigt til deres driftskrav, samtidig med at de er effektive og omkostningseffektive.<\/p>\n<h3>Fordele ved h\u00f8jstyrke polyestersnorb\u00e5nd<\/h3>\n<p>De v\u00e6vede polyesterkordelb\u00e5nd er de bedste med hensyn til holdbarhed og derfor perfekt egnede til sikring af last under dynamiske forhold. Deres s\u00e6rlige v\u00e6vede struktur betyder, at de er i stand til at absorbere st\u00f8d og vibrationer, hvilket er meget vigtigt, n\u00e5r man transporterer skr\u00f8beligt eller tungt gods over lange afstande. B\u00e5ndene er ogs\u00e5 elastiske; det er vigtigt, for selv om lasten har bev\u00e6get sig lidt under transporten, vil den stadig v\u00e6re godt fastgjort.<\/p>\n<p>Desuden g\u00f8r polyesterb\u00e5ndets lette natur h\u00e5ndteringen nem. Det er meget lettere at h\u00e5ndtere end tilsvarende st\u00e5lb\u00e5nd, og h\u00e5ndteringen resulterer derfor ikke i en ekstrem arbejdsbelastning og \u00f8ger effektiviteten i driften. En anden vigtig fordel er dens milj\u00f8bestandighed; polyesterb\u00e5ndene modst\u00e5r nedbrydning ved uds\u00e6ttelse for fugt, UV-str\u00e5ler eller skiftende temperaturer - og giver derfor fremragende resultater, n\u00e5r de bruges til udend\u00f8rs opbevaring eller transport.<br \/>\nHos Qingdao H&amp;F inspicerer vi n\u00f8je vores polyesterb\u00e5nd for at leve op til den h\u00f8jeste standard i branchen. K\u00f8bere kan forvente detaljerede kvalitetsinspektionsrapporter for hvert parti og dermed fuld gennemsigtighed i forhold til produkternes p\u00e5lidelighed. Med dette kombineret med hurtige leveringstider sikrer vi, at dine forretningsaktiviteter forl\u00f8ber uden forsinkelser.<\/p>\n<h3>Hvorfor v\u00e6lge Qingdao H&amp;F til dine behov for polyesterb\u00e5nd?<\/h3>\n<p>Den rigtige leverand\u00f8r er lige s\u00e5 vigtig som valget af selve produktet. I denne henseende er Qingdao H&amp;F uovertruffen og matcher perfekt k\u00f8bernes behov. Med 20 \u00e5rs erfaring med udenrigshandel anerkender vi de kritiske faktorer, der driver k\u00f8bsbeslutninger: fra produktholdbarhed og omkostningseffektivitet til rettidig levering og skr\u00e6ddersyet support, ekspertise i hver eneste lille detalje. Forpligtelsen til en-til-en kundeservice adskiller os fra andre. Hver kunde f\u00e5r et enkelt kontaktpunkt, der hj\u00e6lper med at l\u00f8se eventuelle foresp\u00f8rgsler eller giver opdateringshj\u00e6lp til at skr\u00e6ddersy l\u00f8sninger til de s\u00e6rlige krav. Denne personlige tilgang sikrer, at k\u00f8bet foreg\u00e5r problemfrit. Derudover g\u00f8r vores st\u00e6rke system til styring af forsyningsk\u00e6den os i stand til at levere til tiden, selv p\u00e5 projekter med strenge tidsfrister, uden at g\u00e5 p\u00e5 kompromis med kvaliteten. Til den kvalitetsbevidste k\u00f8ber leverer vi detaljerede inspektionsrapporter, s\u00e5 de er sikre p\u00e5, at hvert produktparti opfylder de specificerede standarder. Rapporten opbygger tillid og giver kunderne mulighed for at tr\u00e6ffe sikre, informerede beslutninger.<\/p>\n<p>Det beviser, at h\u00f8jstyrkeb\u00e5nd af v\u00e6vet polyestersnor bestemt er et innovativt produkt til industrier, der har brug for p\u00e5lidelige emballagematerialer. Der l\u00e6gges v\u00e6gt p\u00e5 styrke, modstandsdygtighed og tilpasningsevne i disse b\u00e5nd til deres mange form\u00e5l, samtidig med at risikoen i forbindelse med lastsikring minimeres. Sammen med Qingdao H&amp;F kan vi sikre k\u00f8bere af overlegne produkter, der underst\u00f8ttes af brancheekspertise, hurtige leveringscyklusser og uforanderlig kundesupport. Uanset om du arbejder med kompleks logistik eller fors\u00f8ger at l\u00f8se s\u00e6rlige driftsm\u00e6ssige udfordringer, er vores skr\u00e6ddersyede l\u00f8sninger og dybe indsigt det fundament, som din emballagesucces er bygget p\u00e5.<\/p>","protected":false},"excerpt":{"rendered":"<p>V\u00e6vede polyesterb\u00e5nd med h\u00f8j styrke giver industrien effektive og p\u00e5lidelige emballagel\u00f8sninger. Disse b\u00e5nd er kendt for deres holdbarhed og giver mulighed for effektiv sikring af tunge laster og har en h\u00f8j modstandsdygtighed over for brud og udstr\u00e6kning under transport. N\u00e5r de fleste k\u00f8bere har k\u00f8bt p\u00e5lidelige emballagematerialer, tager de hensyn til produktets ydeevne, kompatibilitet med alle typer omsn\u00f8ringsv\u00e6rkt\u00f8jer og evnen til at modst\u00e5 milj\u00f8faktorer som fugt. Vi har v\u00e6ret et p\u00e5lideligt handelsselskab i 20 \u00e5r. Qingdao H&amp;F har skilt sig ud ved at tilbyde kunderne skr\u00e6ddersyet en-til-en-service, som garanterer, at hver kunde f\u00e5r den rette tid. Hurtige leveringscyklusser og omfattende kvalitetsinspektionsrapporter vil \u00f8ge din tillid til at v\u00e6lge os til dine emballagel\u00f8sninger.<\/p>","protected":false},"featured_media":6225,"comment_status":"open","ping_status":"closed","template":"","meta":{"site-sidebar-layout":"default","site-content-layout":"","ast-site-content-layout":"default","site-content-style":"default","site-sidebar-style":"default","ast-global-header-display":"","ast-banner-title-visibility":"","ast-main-header-display":"","ast-hfb-above-header-display":"","ast-hfb-below-header-display":"","ast-hfb-mobile-header-display":"","site-post-title":"","ast-breadcrumbs-content":"","ast-featured-img":"","footer-sml-layout":"","theme-transparent-header-meta":"default","adv-header-id-meta":"","stick-header-meta":"default","header-above-stick-meta":"","header-main-stick-meta":"","header-below-stick-meta":"","astra-migrate-meta-layouts":"set","ast-page-background-enabled":"default","ast-page-background-meta":{"desktop":{"background-color":"","background-image":"","background-repeat":"repeat","background-position":"center center","background-size":"auto","background-attachment":"scroll","background-type":"","background-media":"","overlay-type":"","overlay-color":"","overlay-opacity":"","overlay-gradient":""},"tablet":{"background-color":"","background-image":"","background-repeat":"repeat","background-position":"center center","background-size":"auto","background-attachment":"scroll","background-type":"","background-media":"","overlay-type":"","overlay-color":"","overlay-opacity":"","overlay-gradient":""},"mobile":{"background-color":"","background-image":"","background-repeat":"repeat","background-position":"center center","background-size":"auto","background-attachment":"scroll","background-type":"","background-media":"","overlay-type":"","overlay-color":"","overlay-opacity":"","overlay-gradient":""}},"ast-content-background-meta":{"desktop":{"background-color":"var(--ast-global-color-5)","background-image":"","background-repeat":"repeat","background-position":"center center","background-size":"auto","background-attachment":"scroll","background-type":"","background-media":"","overlay-type":"","overlay-color":"","overlay-opacity":"","overlay-gradient":""},"tablet":{"background-color":"var(--ast-global-color-5)","background-image":"","background-repeat":"repeat","background-position":"center center","background-size":"auto","background-attachment":"scroll","background-type":"","background-media":"","overlay-type":"","overlay-color":"","overlay-opacity":"","overlay-gradient":""},"mobile":{"background-color":"var(--ast-global-color-5)","background-image":"","background-repeat":"repeat","background-position":"center center","background-size":"auto","background-attachment":"scroll","background-type":"","background-media":"","overlay-type":"","overlay-color":"","overlay-opacity":"","overlay-gradient":""}}},"product_brand":[],"product_cat":[51,69],"product_tag":[],"class_list":{"0":"post-6226","1":"product","2":"type-product","3":"status-publish","4":"has-post-thumbnail","6":"product_cat-riggging-hardware","7":"product_cat-strapping","8":"desktop-align-left","9":"tablet-align-left","10":"mobile-align-left","11":"ast-product-gallery-layout-horizontal-slider","12":"ast-product-tabs-layout-horizontal","14":"first","15":"instock","16":"shipping-taxable","17":"purchasable","18":"product-type-simple"},"yoast_head":"<!-- This site is optimized with the Yoast SEO plugin v25.2 - https:\/\/yoast.com\/wordpress\/plugins\/seo\/ -->\n<title>Woven Polyester Cord Strapping Band for Packaging<\/title>\n<meta name=\"description\" content=\"High-strength woven polyester cord strapping bands provide industries with efficient and trustworthy packaging solutions.\" \/>\n<meta name=\"robots\" content=\"index, follow, max-snippet:-1, max-image-preview:large, max-video-preview:-1\" \/>\n<link rel=\"canonical\" href=\"https:\/\/qingdaohf.com\/da\/vare\/omsnoring\/\" \/>\n<meta property=\"og:locale\" content=\"da_DK\" \/>\n<meta property=\"og:type\" content=\"article\" \/>\n<meta property=\"og:title\" content=\"Woven Polyester Cord Strapping Band for Packaging\" \/>\n<meta property=\"og:description\" content=\"High-strength woven polyester cord strapping bands provide industries with efficient and trustworthy packaging solutions.\" \/>\n<meta property=\"og:url\" content=\"https:\/\/qingdaohf.com\/da\/vare\/omsnoring\/\" \/>\n<meta property=\"og:site_name\" content=\"Concrete Form &amp; Rigging Hardware Supplier\" \/>\n<meta property=\"article:publisher\" content=\"https:\/\/www.facebook.com\/qingdaohf\" \/>\n<meta property=\"article:modified_time\" content=\"2025-11-13T01:03:39+00:00\" \/>\n<meta property=\"og:image\" content=\"https:\/\/qingdaohf.com\/wp-content\/uploads\/2024\/01\/strapping-roll-2.webp\" \/>\n\t<meta property=\"og:image:width\" content=\"1000\" \/>\n\t<meta property=\"og:image:height\" content=\"1000\" \/>\n\t<meta property=\"og:image:type\" content=\"image\/webp\" \/>\n<meta name=\"twitter:card\" content=\"summary_large_image\" \/>\n<meta name=\"twitter:label1\" content=\"Estimeret l\u00e6setid\" \/>\n\t<meta name=\"twitter:data1\" content=\"3 minutter\" \/>\n<script type=\"application\/ld+json\" class=\"yoast-schema-graph\">{\"@context\":\"https:\/\/schema.org\",\"@graph\":[{\"@type\":\"WebPage\",\"@id\":\"https:\/\/qingdaohf.com\/product\/woven-cord-strap\/\",\"url\":\"https:\/\/qingdaohf.com\/product\/woven-cord-strap\/\",\"name\":\"Woven Polyester Cord Strapping Band for Packaging\",\"isPartOf\":{\"@id\":\"https:\/\/qingdaohf.com\/bg\/#website\"},\"primaryImageOfPage\":{\"@id\":\"https:\/\/qingdaohf.com\/product\/woven-cord-strap\/#primaryimage\"},\"image\":{\"@id\":\"https:\/\/qingdaohf.com\/product\/woven-cord-strap\/#primaryimage\"},\"thumbnailUrl\":\"https:\/\/qingdaohf.com\/wp-content\/uploads\/2024\/01\/strapping-roll-2.webp\",\"datePublished\":\"2024-01-03T07:51:23+00:00\",\"dateModified\":\"2025-11-13T01:03:39+00:00\",\"description\":\"High-strength woven polyester cord strapping bands provide industries with efficient and trustworthy packaging solutions.\",\"breadcrumb\":{\"@id\":\"https:\/\/qingdaohf.com\/product\/woven-cord-strap\/#breadcrumb\"},\"inLanguage\":\"da-DK\",\"potentialAction\":[{\"@type\":\"ReadAction\",\"target\":[\"https:\/\/qingdaohf.com\/product\/woven-cord-strap\/\"]}]},{\"@type\":\"ImageObject\",\"inLanguage\":\"da-DK\",\"@id\":\"https:\/\/qingdaohf.com\/product\/woven-cord-strap\/#primaryimage\",\"url\":\"https:\/\/qingdaohf.com\/wp-content\/uploads\/2024\/01\/strapping-roll-2.webp\",\"contentUrl\":\"https:\/\/qingdaohf.com\/wp-content\/uploads\/2024\/01\/strapping-roll-2.webp\",\"width\":1000,\"height\":1000,\"caption\":\"strapping roll\"},{\"@type\":\"BreadcrumbList\",\"@id\":\"https:\/\/qingdaohf.com\/product\/woven-cord-strap\/#breadcrumb\",\"itemListElement\":[{\"@type\":\"ListItem\",\"position\":1,\"name\":\"Home\",\"item\":\"https:\/\/qingdaohf.com\/\"},{\"@type\":\"ListItem\",\"position\":2,\"name\":\"Concrete Forming Accessories and Rigging Hardware\",\"item\":\"https:\/\/qingdaohf.com\/bg\/?page_id=944\"},{\"@type\":\"ListItem\",\"position\":3,\"name\":\"Woven Polyester Cord Strapping Band for Packaging\"}]},{\"@type\":\"WebSite\",\"@id\":\"https:\/\/qingdaohf.com\/bg\/#website\",\"url\":\"https:\/\/qingdaohf.com\/bg\/\",\"name\":\"Concrete Form & Rigging Hardware Supplier\",\"description\":\"\",\"publisher\":{\"@id\":\"https:\/\/qingdaohf.com\/bg\/#organization\"},\"potentialAction\":[{\"@type\":\"SearchAction\",\"target\":{\"@type\":\"EntryPoint\",\"urlTemplate\":\"https:\/\/qingdaohf.com\/bg\/?s={search_term_string}\"},\"query-input\":{\"@type\":\"PropertyValueSpecification\",\"valueRequired\":true,\"valueName\":\"search_term_string\"}}],\"inLanguage\":\"da-DK\"},{\"@type\":\"Organization\",\"@id\":\"https:\/\/qingdaohf.com\/bg\/#organization\",\"name\":\"Qingdao H&F\",\"url\":\"https:\/\/qingdaohf.com\/bg\/\",\"logo\":{\"@type\":\"ImageObject\",\"inLanguage\":\"da-DK\",\"@id\":\"https:\/\/qingdaohf.com\/bg\/#\/schema\/logo\/image\/\",\"url\":\"https:\/\/qingdaohf.com\/wp-content\/uploads\/2022\/12\/cropped-HF-LOGO.png\",\"contentUrl\":\"https:\/\/qingdaohf.com\/wp-content\/uploads\/2022\/12\/cropped-HF-LOGO.png\",\"width\":391,\"height\":249,\"caption\":\"Qingdao H&F\"},\"image\":{\"@id\":\"https:\/\/qingdaohf.com\/bg\/#\/schema\/logo\/image\/\"},\"sameAs\":[\"https:\/\/www.facebook.com\/qingdaohf\"]}]}<\/script>\n<!-- \/ Yoast SEO plugin. -->","yoast_head_json":{"title":"Woven Polyester Cord Strapping Band for Packaging","description":"High-strength woven polyester cord strapping bands provide industries with efficient and trustworthy packaging solutions.","robots":{"index":"index","follow":"follow","max-snippet":"max-snippet:-1","max-image-preview":"max-image-preview:large","max-video-preview":"max-video-preview:-1"},"canonical":"https:\/\/qingdaohf.com\/da\/vare\/omsnoring\/","og_locale":"da_DK","og_type":"article","og_title":"Woven Polyester Cord Strapping Band for Packaging","og_description":"High-strength woven polyester cord strapping bands provide industries with efficient and trustworthy packaging solutions.","og_url":"https:\/\/qingdaohf.com\/da\/vare\/omsnoring\/","og_site_name":"Concrete Form &amp; Rigging Hardware Supplier","article_publisher":"https:\/\/www.facebook.com\/qingdaohf","article_modified_time":"2025-11-13T01:03:39+00:00","og_image":[{"width":1000,"height":1000,"url":"https:\/\/qingdaohf.com\/wp-content\/uploads\/2024\/01\/strapping-roll-2.webp","type":"image\/webp"}],"twitter_card":"summary_large_image","twitter_misc":{"Estimeret l\u00e6setid":"3 minutter"},"schema":{"@context":"https:\/\/schema.org","@graph":[{"@type":"WebPage","@id":"https:\/\/qingdaohf.com\/product\/woven-cord-strap\/","url":"https:\/\/qingdaohf.com\/product\/woven-cord-strap\/","name":"Woven Polyester Cord Strapping Band for Packaging","isPartOf":{"@id":"https:\/\/qingdaohf.com\/bg\/#website"},"primaryImageOfPage":{"@id":"https:\/\/qingdaohf.com\/product\/woven-cord-strap\/#primaryimage"},"image":{"@id":"https:\/\/qingdaohf.com\/product\/woven-cord-strap\/#primaryimage"},"thumbnailUrl":"https:\/\/qingdaohf.com\/wp-content\/uploads\/2024\/01\/strapping-roll-2.webp","datePublished":"2024-01-03T07:51:23+00:00","dateModified":"2025-11-13T01:03:39+00:00","description":"High-strength woven polyester cord strapping bands provide industries with efficient and trustworthy packaging solutions.","breadcrumb":{"@id":"https:\/\/qingdaohf.com\/product\/woven-cord-strap\/#breadcrumb"},"inLanguage":"da-DK","potentialAction":[{"@type":"ReadAction","target":["https:\/\/qingdaohf.com\/product\/woven-cord-strap\/"]}]},{"@type":"ImageObject","inLanguage":"da-DK","@id":"https:\/\/qingdaohf.com\/product\/woven-cord-strap\/#primaryimage","url":"https:\/\/qingdaohf.com\/wp-content\/uploads\/2024\/01\/strapping-roll-2.webp","contentUrl":"https:\/\/qingdaohf.com\/wp-content\/uploads\/2024\/01\/strapping-roll-2.webp","width":1000,"height":1000,"caption":"strapping roll"},{"@type":"BreadcrumbList","@id":"https:\/\/qingdaohf.com\/product\/woven-cord-strap\/#breadcrumb","itemListElement":[{"@type":"ListItem","position":1,"name":"Home","item":"https:\/\/qingdaohf.com\/"},{"@type":"ListItem","position":2,"name":"Concrete Forming Accessories and Rigging Hardware","item":"https:\/\/qingdaohf.com\/bg\/?page_id=944"},{"@type":"ListItem","position":3,"name":"Woven Polyester Cord Strapping Band for Packaging"}]},{"@type":"WebSite","@id":"https:\/\/qingdaohf.com\/bg\/#website","url":"https:\/\/qingdaohf.com\/bg\/","name":"Concrete Form & Rigging Hardware Supplier","description":"","publisher":{"@id":"https:\/\/qingdaohf.com\/bg\/#organization"},"potentialAction":[{"@type":"SearchAction","target":{"@type":"EntryPoint","urlTemplate":"https:\/\/qingdaohf.com\/bg\/?s={search_term_string}"},"query-input":{"@type":"PropertyValueSpecification","valueRequired":true,"valueName":"search_term_string"}}],"inLanguage":"da-DK"},{"@type":"Organization","@id":"https:\/\/qingdaohf.com\/bg\/#organization","name":"Qingdao H&F","url":"https:\/\/qingdaohf.com\/bg\/","logo":{"@type":"ImageObject","inLanguage":"da-DK","@id":"https:\/\/qingdaohf.com\/bg\/#\/schema\/logo\/image\/","url":"https:\/\/qingdaohf.com\/wp-content\/uploads\/2022\/12\/cropped-HF-LOGO.png","contentUrl":"https:\/\/qingdaohf.com\/wp-content\/uploads\/2022\/12\/cropped-HF-LOGO.png","width":391,"height":249,"caption":"Qingdao H&F"},"image":{"@id":"https:\/\/qingdaohf.com\/bg\/#\/schema\/logo\/image\/"},"sameAs":["https:\/\/www.facebook.com\/qingdaohf"]}]}},"_links":{"self":[{"href":"https:\/\/qingdaohf.com\/da\/wp-json\/wp\/v2\/product\/6226","targetHints":{"allow":["GET"]}}],"collection":[{"href":"https:\/\/qingdaohf.com\/da\/wp-json\/wp\/v2\/product"}],"about":[{"href":"https:\/\/qingdaohf.com\/da\/wp-json\/wp\/v2\/types\/product"}],"replies":[{"embeddable":true,"href":"https:\/\/qingdaohf.com\/da\/wp-json\/wp\/v2\/comments?post=6226"}],"version-history":[{"count":11,"href":"https:\/\/qingdaohf.com\/da\/wp-json\/wp\/v2\/product\/6226\/revisions"}],"predecessor-version":[{"id":8881,"href":"https:\/\/qingdaohf.com\/da\/wp-json\/wp\/v2\/product\/6226\/revisions\/8881"}],"wp:featuredmedia":[{"embeddable":true,"href":"https:\/\/qingdaohf.com\/da\/wp-json\/wp\/v2\/media\/6225"}],"wp:attachment":[{"href":"https:\/\/qingdaohf.com\/da\/wp-json\/wp\/v2\/media?parent=6226"}],"wp:term":[{"taxonomy":"product_brand","embeddable":true,"href":"https:\/\/qingdaohf.com\/da\/wp-json\/wp\/v2\/product_brand?post=6226"},{"taxonomy":"product_cat","embeddable":true,"href":"https:\/\/qingdaohf.com\/da\/wp-json\/wp\/v2\/product_cat?post=6226"},{"taxonomy":"product_tag","embeddable":true,"href":"https:\/\/qingdaohf.com\/da\/wp-json\/wp\/v2\/product_tag?post=6226"}],"curies":[{"name":"wp","href":"https:\/\/api.w.org\/{rel}","templated":true}]}}