{"id":6357,"date":"2024-01-22T14:18:41","date_gmt":"2024-01-22T06:18:41","guid":{"rendered":"http:\/\/qingdaohf.com\/?post_type=product&#038;p=6357"},"modified":"2025-11-13T09:03:39","modified_gmt":"2025-11-13T01:03:39","slug":"polyester-strapping","status":"publish","type":"product","link":"https:\/\/qingdaohf.com\/da\/vare\/polyesterband\/","title":{"rendered":"Stropper af polyester"},"content":{"rendered":"<div class=\"ast-oembed-container\" style=\"height: 100%;\"><iframe title=\"Stropper af polyester\" width=\"500\" height=\"281\" src=\"https:\/\/www.youtube.com\/embed\/kUQ_vY_B6Zc?feature=oembed\" frameborder=\"0\" allow=\"accelerometer; autoplay; clipboard-write; encrypted-media; gyroscope; picture-in-picture; web-share\" referrerpolicy=\"strict-origin-when-cross-origin\" allowfullscreen><\/iframe><\/div>\n<p data-sourcepos=\"7:1-7:343\"><strong>1. Brudstyrke:<\/strong> \ufe0f\u200dDet handler om holdekraft! S\u00f8rg for, at det b\u00e5nd, du v\u00e6lger, har en brudstyrke, der overstiger dine forventede belastningskrav. Vi tilbyder polyesterb\u00e5nd med forskellige brudstyrker, fra lette (500 lbs) til tunge (5.000+ lbs), s\u00e5 du kan finde det perfekte match til din anvendelse.<\/p>\n<p data-sourcepos=\"9:1-9:326\"><strong>2. Specifikationer for materiale:<\/strong> Ikke alle polyesterb\u00e5nd er skabt ens. Overvej faktorer som tykkelse, bredde og forl\u00e6ngelsesprocent for at sikre kompatibilitet med dine specifikke behov. Vi tilbyder detaljerede produktspecifikationer p\u00e5 vores hjemmeside, herunder datablade til download, for at hj\u00e6lpe dig med at tr\u00e6ffe informerede beslutninger.<\/p>\n<p data-sourcepos=\"11:1-11:310\"><strong>3. Modstandsdygtighed over for vejrlig:<\/strong> \ufe0f Dit gods b\u00f8r ikke v\u00e6re prisgivet elementerne. V\u00e6lg omsn\u00f8ringsb\u00e5nd med UV-bestandighed og vandt\u00e6tning for at beskytte dine forsendelser mod sol, regn og andre barske forhold. Vores polyesterb\u00e5nd er specielt behandlet for at v\u00e6re vejrbestandige og sikre en langvarig ydeevne.<\/p>\n<p data-sourcepos=\"13:1-13:309\"><strong>4. Omkostningseffektivitet:<\/strong> Lad os se det i \u00f8jnene, budgettet betyder noget. Selvom kvalitet er altafg\u00f8rende, fortjener du konkurrencedygtige priser. Vi tilbyder konkurrencedygtige priser p\u00e5 alle vores polyesterb\u00e5nd uden at g\u00e5 p\u00e5 kompromis med kvalitet eller ydeevne. Vi har ogs\u00e5 m\u00e6ngderabatter, s\u00e5 du kan opn\u00e5 endnu st\u00f8rre besparelser.<\/p>\n<p data-sourcepos=\"15:1-15:247\"><strong>5. Kundeservice:<\/strong> I denne branche er tillid og st\u00f8tte afg\u00f8rende. Vi er stolte af vores enest\u00e5ende kundeservice med dedikerede account managers og teknisk support, der kan besvare dine sp\u00f8rgsm\u00e5l og guide dig gennem udv\u00e6lgelsesprocessen.<\/p>\n<p data-sourcepos=\"15:1-15:76\"><strong>Polyesterb\u00e5nd er perfekte til en lang r\u00e6kke anvendelser, bl.a:<\/strong><\/p>\n<ul data-sourcepos=\"17:1-21:0\">\n<li data-sourcepos=\"17:1-17:29\">Pakning af paller og kasser<\/li>\n<li data-sourcepos=\"18:1-18:34\">Sikring af maskiner og udstyr<\/li>\n<li data-sourcepos=\"19:1-19:35\">Indpakning af m\u00f8bler og apparater<\/li>\n<li data-sourcepos=\"20:1-21:0\">Og meget mere!<\/li>\n<\/ul>","protected":false},"excerpt":{"rendered":"<p><strong>St\u00e6rk og p\u00e5lidelig:<\/strong>\u00a0Holder tunge laster sikkert fast med h\u00f8j brudstyrke.<\/p>\n<p><strong>Let og fleksibel:<\/strong>\u00a0Nemmere at bruge og man\u00f8vrere end st\u00e5lb\u00e5nd.<\/p>\n<p><strong>Rustfri og vejrbestandig:<\/strong>\u00a0Beskadiger ikke dine varer eller efterlader rustne pletter.<\/p>\n<p><strong>Omkostningseffektivt:<\/strong>\u00a0Ofte billigere end st\u00e5lb\u00e5nd og mindre tilb\u00f8jelige til at g\u00e5 i stykker.<\/p>\n<p><strong>Milj\u00f8venlig:<\/strong>\u00a0Genanvendelig og et mere b\u00e6redygtigt valg end st\u00e5l.<\/p>\n<p>&nbsp;<\/p>","protected":false},"featured_media":6363,"comment_status":"open","ping_status":"closed","template":"","meta":{"site-sidebar-layout":"default","site-content-layout":"","ast-site-content-layout":"default","site-content-style":"default","site-sidebar-style":"default","ast-global-header-display":"","ast-banner-title-visibility":"","ast-main-header-display":"","ast-hfb-above-header-display":"","ast-hfb-below-header-display":"","ast-hfb-mobile-header-display":"","site-post-title":"","ast-breadcrumbs-content":"","ast-featured-img":"","footer-sml-layout":"","theme-transparent-header-meta":"default","adv-header-id-meta":"","stick-header-meta":"default","header-above-stick-meta":"","header-main-stick-meta":"","header-below-stick-meta":"","astra-migrate-meta-layouts":"set","ast-page-background-enabled":"default","ast-page-background-meta":{"desktop":{"background-color":"","background-image":"","background-repeat":"repeat","background-position":"center center","background-size":"auto","background-attachment":"scroll","background-type":"","background-media":"","overlay-type":"","overlay-color":"","overlay-opacity":"","overlay-gradient":""},"tablet":{"background-color":"","background-image":"","background-repeat":"repeat","background-position":"center center","background-size":"auto","background-attachment":"scroll","background-type":"","background-media":"","overlay-type":"","overlay-color":"","overlay-opacity":"","overlay-gradient":""},"mobile":{"background-color":"","background-image":"","background-repeat":"repeat","background-position":"center center","background-size":"auto","background-attachment":"scroll","background-type":"","background-media":"","overlay-type":"","overlay-color":"","overlay-opacity":"","overlay-gradient":""}},"ast-content-background-meta":{"desktop":{"background-color":"var(--ast-global-color-5)","background-image":"","background-repeat":"repeat","background-position":"center center","background-size":"auto","background-attachment":"scroll","background-type":"","background-media":"","overlay-type":"","overlay-color":"","overlay-opacity":"","overlay-gradient":""},"tablet":{"background-color":"var(--ast-global-color-5)","background-image":"","background-repeat":"repeat","background-position":"center center","background-size":"auto","background-attachment":"scroll","background-type":"","background-media":"","overlay-type":"","overlay-color":"","overlay-opacity":"","overlay-gradient":""},"mobile":{"background-color":"var(--ast-global-color-5)","background-image":"","background-repeat":"repeat","background-position":"center center","background-size":"auto","background-attachment":"scroll","background-type":"","background-media":"","overlay-type":"","overlay-color":"","overlay-opacity":"","overlay-gradient":""}}},"product_brand":[],"product_cat":[69],"product_tag":[],"class_list":{"0":"post-6357","1":"product","2":"type-product","3":"status-publish","4":"has-post-thumbnail","6":"product_cat-strapping","7":"desktop-align-left","8":"tablet-align-left","9":"mobile-align-left","10":"ast-product-gallery-layout-horizontal-slider","11":"ast-product-tabs-layout-horizontal","13":"first","14":"instock","15":"shipping-taxable","16":"purchasable","17":"product-type-simple"},"yoast_head":"<!-- This site is optimized with the Yoast SEO plugin v25.2 - https:\/\/yoast.com\/wordpress\/plugins\/seo\/ -->\n<title>Polyester Strapping<\/title>\n<meta name=\"robots\" content=\"index, follow, max-snippet:-1, max-image-preview:large, max-video-preview:-1\" \/>\n<link rel=\"canonical\" href=\"https:\/\/qingdaohf.com\/da\/vare\/polyesterband\/\" \/>\n<meta property=\"og:locale\" content=\"da_DK\" \/>\n<meta property=\"og:type\" content=\"article\" \/>\n<meta property=\"og:title\" content=\"Polyester Strapping\" \/>\n<meta property=\"og:description\" content=\"Strong and reliable:\u00a0Holds heavy loads securely with high break strength.  Lightweight and flexible:\u00a0Easier to use and maneuver than steel strapping.  Rustproof and weatherproof:\u00a0Won&#039;t damage your goods or leave behind rusty stains.  Cost-effective:\u00a0Often cheaper than steel strapping, and less prone to breakage.  Eco-friendly:\u00a0Recyclable and a more sustainable choice than steel.  &nbsp;\" \/>\n<meta property=\"og:url\" content=\"https:\/\/qingdaohf.com\/da\/vare\/polyesterband\/\" \/>\n<meta property=\"og:site_name\" content=\"Concrete Form &amp; Rigging Hardware Supplier\" \/>\n<meta property=\"article:publisher\" content=\"https:\/\/www.facebook.com\/qingdaohf\" \/>\n<meta property=\"article:modified_time\" content=\"2025-11-13T01:03:39+00:00\" \/>\n<meta property=\"og:image\" content=\"https:\/\/qingdaohf.com\/wp-content\/uploads\/2024\/01\/Polyester-strapping-6.jpg\" \/>\n\t<meta property=\"og:image:width\" content=\"1000\" \/>\n\t<meta property=\"og:image:height\" content=\"1000\" \/>\n\t<meta property=\"og:image:type\" content=\"image\/jpeg\" \/>\n<meta name=\"twitter:card\" content=\"summary_large_image\" \/>\n<meta name=\"twitter:label1\" content=\"Estimeret l\u00e6setid\" \/>\n\t<meta name=\"twitter:data1\" content=\"2 minutter\" \/>\n<script type=\"application\/ld+json\" class=\"yoast-schema-graph\">{\"@context\":\"https:\/\/schema.org\",\"@graph\":[{\"@type\":\"WebPage\",\"@id\":\"https:\/\/qingdaohf.com\/product\/polyester-strapping\/\",\"url\":\"https:\/\/qingdaohf.com\/product\/polyester-strapping\/\",\"name\":\"Polyester Strapping\",\"isPartOf\":{\"@id\":\"https:\/\/qingdaohf.com\/bg\/#website\"},\"primaryImageOfPage\":{\"@id\":\"https:\/\/qingdaohf.com\/product\/polyester-strapping\/#primaryimage\"},\"image\":{\"@id\":\"https:\/\/qingdaohf.com\/product\/polyester-strapping\/#primaryimage\"},\"thumbnailUrl\":\"https:\/\/qingdaohf.com\/wp-content\/uploads\/2024\/01\/Polyester-strapping-6.jpg\",\"datePublished\":\"2024-01-22T06:18:41+00:00\",\"dateModified\":\"2025-11-13T01:03:39+00:00\",\"breadcrumb\":{\"@id\":\"https:\/\/qingdaohf.com\/product\/polyester-strapping\/#breadcrumb\"},\"inLanguage\":\"da-DK\",\"potentialAction\":[{\"@type\":\"ReadAction\",\"target\":[\"https:\/\/qingdaohf.com\/product\/polyester-strapping\/\"]}]},{\"@type\":\"ImageObject\",\"inLanguage\":\"da-DK\",\"@id\":\"https:\/\/qingdaohf.com\/product\/polyester-strapping\/#primaryimage\",\"url\":\"https:\/\/qingdaohf.com\/wp-content\/uploads\/2024\/01\/Polyester-strapping-6.jpg\",\"contentUrl\":\"https:\/\/qingdaohf.com\/wp-content\/uploads\/2024\/01\/Polyester-strapping-6.jpg\",\"width\":1000,\"height\":1000,\"caption\":\"Polyester strapping\"},{\"@type\":\"BreadcrumbList\",\"@id\":\"https:\/\/qingdaohf.com\/product\/polyester-strapping\/#breadcrumb\",\"itemListElement\":[{\"@type\":\"ListItem\",\"position\":1,\"name\":\"Home\",\"item\":\"https:\/\/qingdaohf.com\/\"},{\"@type\":\"ListItem\",\"position\":2,\"name\":\"Concrete Forming Accessories and Rigging Hardware\",\"item\":\"https:\/\/qingdaohf.com\/bg\/?page_id=944\"},{\"@type\":\"ListItem\",\"position\":3,\"name\":\"Polyester Strapping\"}]},{\"@type\":\"WebSite\",\"@id\":\"https:\/\/qingdaohf.com\/bg\/#website\",\"url\":\"https:\/\/qingdaohf.com\/bg\/\",\"name\":\"Concrete Form & Rigging Hardware Supplier\",\"description\":\"\",\"publisher\":{\"@id\":\"https:\/\/qingdaohf.com\/bg\/#organization\"},\"potentialAction\":[{\"@type\":\"SearchAction\",\"target\":{\"@type\":\"EntryPoint\",\"urlTemplate\":\"https:\/\/qingdaohf.com\/bg\/?s={search_term_string}\"},\"query-input\":{\"@type\":\"PropertyValueSpecification\",\"valueRequired\":true,\"valueName\":\"search_term_string\"}}],\"inLanguage\":\"da-DK\"},{\"@type\":\"Organization\",\"@id\":\"https:\/\/qingdaohf.com\/bg\/#organization\",\"name\":\"Qingdao H&F\",\"url\":\"https:\/\/qingdaohf.com\/bg\/\",\"logo\":{\"@type\":\"ImageObject\",\"inLanguage\":\"da-DK\",\"@id\":\"https:\/\/qingdaohf.com\/bg\/#\/schema\/logo\/image\/\",\"url\":\"https:\/\/qingdaohf.com\/wp-content\/uploads\/2022\/12\/cropped-HF-LOGO.png\",\"contentUrl\":\"https:\/\/qingdaohf.com\/wp-content\/uploads\/2022\/12\/cropped-HF-LOGO.png\",\"width\":391,\"height\":249,\"caption\":\"Qingdao H&F\"},\"image\":{\"@id\":\"https:\/\/qingdaohf.com\/bg\/#\/schema\/logo\/image\/\"},\"sameAs\":[\"https:\/\/www.facebook.com\/qingdaohf\"]}]}<\/script>\n<!-- \/ Yoast SEO plugin. -->","yoast_head_json":{"title":"Polyester Strapping","robots":{"index":"index","follow":"follow","max-snippet":"max-snippet:-1","max-image-preview":"max-image-preview:large","max-video-preview":"max-video-preview:-1"},"canonical":"https:\/\/qingdaohf.com\/da\/vare\/polyesterband\/","og_locale":"da_DK","og_type":"article","og_title":"Polyester Strapping","og_description":"Strong and reliable:\u00a0Holds heavy loads securely with high break strength.  Lightweight and flexible:\u00a0Easier to use and maneuver than steel strapping.  Rustproof and weatherproof:\u00a0Won't damage your goods or leave behind rusty stains.  Cost-effective:\u00a0Often cheaper than steel strapping, and less prone to breakage.  Eco-friendly:\u00a0Recyclable and a more sustainable choice than steel.  &nbsp;","og_url":"https:\/\/qingdaohf.com\/da\/vare\/polyesterband\/","og_site_name":"Concrete Form &amp; Rigging Hardware Supplier","article_publisher":"https:\/\/www.facebook.com\/qingdaohf","article_modified_time":"2025-11-13T01:03:39+00:00","og_image":[{"width":1000,"height":1000,"url":"https:\/\/qingdaohf.com\/wp-content\/uploads\/2024\/01\/Polyester-strapping-6.jpg","type":"image\/jpeg"}],"twitter_card":"summary_large_image","twitter_misc":{"Estimeret l\u00e6setid":"2 minutter"},"schema":{"@context":"https:\/\/schema.org","@graph":[{"@type":"WebPage","@id":"https:\/\/qingdaohf.com\/product\/polyester-strapping\/","url":"https:\/\/qingdaohf.com\/product\/polyester-strapping\/","name":"Polyester Strapping","isPartOf":{"@id":"https:\/\/qingdaohf.com\/bg\/#website"},"primaryImageOfPage":{"@id":"https:\/\/qingdaohf.com\/product\/polyester-strapping\/#primaryimage"},"image":{"@id":"https:\/\/qingdaohf.com\/product\/polyester-strapping\/#primaryimage"},"thumbnailUrl":"https:\/\/qingdaohf.com\/wp-content\/uploads\/2024\/01\/Polyester-strapping-6.jpg","datePublished":"2024-01-22T06:18:41+00:00","dateModified":"2025-11-13T01:03:39+00:00","breadcrumb":{"@id":"https:\/\/qingdaohf.com\/product\/polyester-strapping\/#breadcrumb"},"inLanguage":"da-DK","potentialAction":[{"@type":"ReadAction","target":["https:\/\/qingdaohf.com\/product\/polyester-strapping\/"]}]},{"@type":"ImageObject","inLanguage":"da-DK","@id":"https:\/\/qingdaohf.com\/product\/polyester-strapping\/#primaryimage","url":"https:\/\/qingdaohf.com\/wp-content\/uploads\/2024\/01\/Polyester-strapping-6.jpg","contentUrl":"https:\/\/qingdaohf.com\/wp-content\/uploads\/2024\/01\/Polyester-strapping-6.jpg","width":1000,"height":1000,"caption":"Polyester strapping"},{"@type":"BreadcrumbList","@id":"https:\/\/qingdaohf.com\/product\/polyester-strapping\/#breadcrumb","itemListElement":[{"@type":"ListItem","position":1,"name":"Home","item":"https:\/\/qingdaohf.com\/"},{"@type":"ListItem","position":2,"name":"Concrete Forming Accessories and Rigging Hardware","item":"https:\/\/qingdaohf.com\/bg\/?page_id=944"},{"@type":"ListItem","position":3,"name":"Polyester Strapping"}]},{"@type":"WebSite","@id":"https:\/\/qingdaohf.com\/bg\/#website","url":"https:\/\/qingdaohf.com\/bg\/","name":"Concrete Form & Rigging Hardware Supplier","description":"","publisher":{"@id":"https:\/\/qingdaohf.com\/bg\/#organization"},"potentialAction":[{"@type":"SearchAction","target":{"@type":"EntryPoint","urlTemplate":"https:\/\/qingdaohf.com\/bg\/?s={search_term_string}"},"query-input":{"@type":"PropertyValueSpecification","valueRequired":true,"valueName":"search_term_string"}}],"inLanguage":"da-DK"},{"@type":"Organization","@id":"https:\/\/qingdaohf.com\/bg\/#organization","name":"Qingdao H&F","url":"https:\/\/qingdaohf.com\/bg\/","logo":{"@type":"ImageObject","inLanguage":"da-DK","@id":"https:\/\/qingdaohf.com\/bg\/#\/schema\/logo\/image\/","url":"https:\/\/qingdaohf.com\/wp-content\/uploads\/2022\/12\/cropped-HF-LOGO.png","contentUrl":"https:\/\/qingdaohf.com\/wp-content\/uploads\/2022\/12\/cropped-HF-LOGO.png","width":391,"height":249,"caption":"Qingdao H&F"},"image":{"@id":"https:\/\/qingdaohf.com\/bg\/#\/schema\/logo\/image\/"},"sameAs":["https:\/\/www.facebook.com\/qingdaohf"]}]}},"_links":{"self":[{"href":"https:\/\/qingdaohf.com\/da\/wp-json\/wp\/v2\/product\/6357","targetHints":{"allow":["GET"]}}],"collection":[{"href":"https:\/\/qingdaohf.com\/da\/wp-json\/wp\/v2\/product"}],"about":[{"href":"https:\/\/qingdaohf.com\/da\/wp-json\/wp\/v2\/types\/product"}],"replies":[{"embeddable":true,"href":"https:\/\/qingdaohf.com\/da\/wp-json\/wp\/v2\/comments?post=6357"}],"version-history":[{"count":4,"href":"https:\/\/qingdaohf.com\/da\/wp-json\/wp\/v2\/product\/6357\/revisions"}],"predecessor-version":[{"id":6375,"href":"https:\/\/qingdaohf.com\/da\/wp-json\/wp\/v2\/product\/6357\/revisions\/6375"}],"wp:featuredmedia":[{"embeddable":true,"href":"https:\/\/qingdaohf.com\/da\/wp-json\/wp\/v2\/media\/6363"}],"wp:attachment":[{"href":"https:\/\/qingdaohf.com\/da\/wp-json\/wp\/v2\/media?parent=6357"}],"wp:term":[{"taxonomy":"product_brand","embeddable":true,"href":"https:\/\/qingdaohf.com\/da\/wp-json\/wp\/v2\/product_brand?post=6357"},{"taxonomy":"product_cat","embeddable":true,"href":"https:\/\/qingdaohf.com\/da\/wp-json\/wp\/v2\/product_cat?post=6357"},{"taxonomy":"product_tag","embeddable":true,"href":"https:\/\/qingdaohf.com\/da\/wp-json\/wp\/v2\/product_tag?post=6357"}],"curies":[{"name":"wp","href":"https:\/\/api.w.org\/{rel}","templated":true}]}}