{"id":6443,"date":"2024-02-02T14:30:53","date_gmt":"2024-02-02T06:30:53","guid":{"rendered":"http:\/\/qingdaohf.com\/?post_type=product&#038;p=6443"},"modified":"2025-11-13T09:03:39","modified_gmt":"2025-11-13T01:03:39","slug":"wholesale-d-shackle-chain-shackle-for-lifting","status":"publish","type":"product","link":"https:\/\/qingdaohf.com\/da\/vare\/engros-d-sjaekel-kaedesjaekel-til-loft\/","title":{"rendered":"Engros D-sjakkel k\u00e6desjakkel til l\u00f8ft"},"content":{"rendered":"<p>D-sj\u00e6kler er vigtige komponenter i rigge- og l\u00f8fteindustrien, v\u00e6rdsat for deres stabilitet og styrke i h\u00f8jsp\u00e6ndte applikationer. Med deres karakteristiske U-form og sikre pin-lukning giver D-sjakler en p\u00e5lidelig forbindelse til en lang r\u00e6kke l\u00f8fte-, hejse- og bugseringsopgaver. Qingdao H&amp;F's G210 og G2150 D-sjakler er nogle af de mest popul\u00e6re modeller p\u00e5 markedet og foretr\u00e6kkes af fagfolk p\u00e5 tv\u00e6rs af sektorer p\u00e5 grund af deres styrke, holdbarhed og tilpasningsevne.<\/p>\n<p>G210- og G2150-modellerne er konstrueret til at h\u00e5ndtere tunge belastninger og samtidig opretholde et h\u00f8jt niveau af sikkerhed og stabilitet. G210-modellen, der er kendt for sin alsidighed og sit afrundede design, bruges ofte i ops\u00e6tninger, der kr\u00e6ver fleksibilitet. I mods\u00e6tning hertil er G2150 med sin ekstra kraftige konstruktion designet til at modst\u00e5 mere ekstreme anvendelser og tilbyder forbedret b\u00e6reevne til h\u00f8jere arbejdsbelastningsgr\u00e6nser (WLL). Hver model er fremstillet efter pr\u00e6cise specifikationer, hvilket sikrer kompatibilitet med forskellige rigningssystemer og et h\u00f8jt pr\u00e6stationsniveau under pres.<\/p>\n<p>Som en p\u00e5lidelig grossist af D-sjakler er Qingdao H&amp;F forpligtet til at levere produkter i topkvalitet, der opfylder de strenge krav fra fagfolk inden for l\u00f8ft og rigning. Med en r\u00e6kke forskellige st\u00f8rrelser og WLL'er, fra 0,33 tons til 150 tons og st\u00f8rrelser fra 1\/4 tomme til 3 tommer, er vores lager designet til at betjene k\u00f8bere, der s\u00f8ger p\u00e5lidelige l\u00f8sninger til projekter i enhver skala.<\/p>\n<h3>Fordele ved at v\u00e6lge Qingdao H&amp;F: Skr\u00e6ddersyet service og effektiv levering<\/h3>\n<p>Hos Qingdao H&amp;F forst\u00e5r vi vigtigheden af en problemfri og effektiv indk\u00f8bsoplevelse. Indk\u00f8bere prioriterer kvalitet, hastighed og tillid til deres leverand\u00f8rer, og derfor har vi opbygget en kundecentreret tilgang til service. Alle kunder nyder godt af vores individuelle kundeservice, hvor dedikeret support sikrer, at de finder den bedst egnede sj\u00e6kkelmodel til deres specifikke behov. Vi arbejder t\u00e6t sammen med k\u00f8berne for at forst\u00e5 deres projektkrav og hj\u00e6lper dem med at v\u00e6lge mellem den alsidige G210 eller den kraftige G2150, som begge er bredt anerkendt for deres p\u00e5lidelighed i udfordrende milj\u00f8er.<\/p>\n<p>Ud over produktkvalitet l\u00e6gger vores servicemodel v\u00e6gt p\u00e5 hurtige leveringscyklusser og fuldst\u00e6ndig gennemsigtighed, idet vi leverer kvalitetsinspektionsrapporter med hver forsendelse. Disse rapporter beskriver specifikationerne, ydeevnen og sikkerhedsstandarderne for vores sj\u00e6kler, s\u00e5 k\u00f8berne kan f\u00f8le sig trygge ved deres k\u00f8b og sikre sig, at produktet er klar til \u00f8jeblikkelig brug. Ved at sikre effektiv logistik og en str\u00f8mlinet serviceproces minimerer Qingdao H&amp;F forsinkelser og hj\u00e6lper kunderne med at bevare fremdriften i deres projekter.<\/p>\n<p>Vores kunders tillid bygger p\u00e5 vores engagement i at levere produkter af h\u00f8j kvalitet, st\u00f8ttet af et lydh\u00f8rt team, der forst\u00e5r, hvad der st\u00e5r p\u00e5 spil i forbindelse med tunge l\u00f8ft. Med Qingdao H&amp;F oplever k\u00f8berne en proaktiv tilgang til rigningsl\u00f8sninger med fokus p\u00e5 effektivitet, kvalitet og p\u00e5lidelighed.<\/p>\n<h3>G210 og G2150 D sj\u00e6kler: En r\u00e6kke arbejdsbelastningsgr\u00e6nser og st\u00f8rrelser<\/h3>\n<p>Forskellige projektbehov kr\u00e6ver et bredt udvalg af st\u00f8rrelser og arbejdsbelastningsgr\u00e6nser (WLL), og vores G210 og G2150 sj\u00e6kler tilbyder netop denne fleksibilitet. Hver model f\u00e5s med WLL'er fra 0,33 ton op til 150 ton, s\u00e5 k\u00f8berne kan v\u00e6lge sj\u00e6kler, der bedst matcher de specifikke krav i deres applikationer. Dette omfattende sortiment g\u00f8r vores sj\u00e6kler ideelle til b\u00e5de lettere rigningsopgaver og de mest kr\u00e6vende b\u00e6rende opgaver, hvilket sikrer tilpasningsevne uden at g\u00e5 p\u00e5 kompromis med ydeevnen.<\/p>\n<p>Vores sj\u00e6kler G210 og G2150 f\u00e5s ogs\u00e5 i en r\u00e6kke forskellige st\u00f8rrelser, fra 1\/4 tomme til 3 tommer. G210-modellen, der er kendetegnet ved et mere kompakt design, er velegnet til moderate l\u00f8fteopgaver, hvor der kr\u00e6ves fleksibilitet. I mellemtiden er G2150-modellen konstrueret til anvendelser med h\u00f8jere styrke og ekstra holdbarhed til at modst\u00e5 de mest intensive l\u00f8fteforhold. Hver sj\u00e6kkelst\u00f8rrelse gennemg\u00e5r en omhyggelig kalibreringsproces for at sikre ensartet kvalitet og ydeevne, s\u00e5 k\u00f8berne kan stole p\u00e5 ensartede resultater uanset projektets krav.<\/p>\n<p>Med G210 og G2150 har k\u00f8bere adgang til sj\u00e6kler, der kan h\u00e5ndtere forskellige rigningsudfordringer og give p\u00e5lidelig st\u00f8tte til komplekse projekter. Disse modeller har f\u00e5et ry for at levere en enest\u00e5ende ydeevne, hvilket g\u00f8r dem til det foretrukne valg for professionelle riggere.<\/p>\n<p><strong>G210 sj\u00e6kkel<\/strong><\/p>\n<p><img fetchpriority=\"high\" decoding=\"async\" class=\"alignnone size-full wp-image-3813\" src=\"http:\/\/qingdaohf.com\/wp-content\/uploads\/2023\/05\/G209-G210-shackle.jpg\" alt=\"G209 G210 b\u00f8jle\" width=\"1000\" height=\"1296\" srcset=\"https:\/\/qingdaohf.com\/wp-content\/uploads\/2023\/05\/G209-G210-shackle.jpg 1000w, https:\/\/qingdaohf.com\/wp-content\/uploads\/2023\/05\/G209-G210-shackle-231x300.jpg 231w, https:\/\/qingdaohf.com\/wp-content\/uploads\/2023\/05\/G209-G210-shackle-790x1024.jpg 790w, https:\/\/qingdaohf.com\/wp-content\/uploads\/2023\/05\/G209-G210-shackle-768x995.jpg 768w\" sizes=\"(max-width: 1000px) 100vw, 1000px\" \/><\/p>\n<p><strong>G2150 b\u00f8jle<\/strong><\/p>\n<p>&nbsp;<\/p>\n<p><img decoding=\"async\" class=\"alignnone size-full wp-image-3817\" src=\"http:\/\/qingdaohf.com\/wp-content\/uploads\/2023\/05\/2150.jpg\" alt=\"2150 b\u00f8jle\" width=\"1000\" height=\"950\" srcset=\"https:\/\/qingdaohf.com\/wp-content\/uploads\/2023\/05\/2150.jpg 1000w, https:\/\/qingdaohf.com\/wp-content\/uploads\/2023\/05\/2150-300x285.jpg 300w, https:\/\/qingdaohf.com\/wp-content\/uploads\/2023\/05\/2150-768x730.jpg 768w\" sizes=\"(max-width: 1000px) 100vw, 1000px\" \/><\/p>\n<h3>Kvalitets- og sikkerhedsstandarder: Grundig testning for p\u00e5lidelig ydeevne<\/h3>\n<p>Sikkerhed og kvalitet er grundl\u00e6ggende aspekter af vores produktionsproces hos Qingdao H&amp;F. Hver G210 og G2150 D-sj\u00e6kel gennemg\u00e5r streng kvalitetskontrol for at sikre, at de lever op til internationale sikkerhedsstandarder. Vi ved, at D-sj\u00e6kler spiller en afg\u00f8rende rolle i b\u00e6rende operationer, og derfor testes vores produkter for at sikre en ensartet ydeevne under pres. Fra den indledende produktion til den endelige inspektion opretholder vi en grundig tilgang til kvalitetssikring, hvilket resulterer i produkter, som k\u00f8berne kan stole p\u00e5.<\/p>\n<p>Vores D-sj\u00e6kler er bygget til at modst\u00e5 slid, korrosion og andre faktorer, der kan kompromittere ydeevnen i barske milj\u00f8er. Uanset om de bruges i byggeriet, til industrielle l\u00f8ft eller til s\u00f8s, er vores G210- og G2150-modeller konstrueret til at holde og giver p\u00e5lidelig styrke ved langvarig brug. Vores engagement i kvalitet str\u00e6kker sig ud over selve produktet, da vi tilbyder detaljerede kvalitetsinspektionsrapporter med hver forsendelse, hvilket giver k\u00f8bere fuld gennemsigtighed i specifikationerne og sikkerhedsstandarderne for hver sj\u00e6kkel, de k\u00f8ber.<\/p>\n<p>Ved at opretholde h\u00f8je standarder i hele vores produktionsproces og tilbyde klar, tilg\u00e6ngelig produktinformation forts\u00e6tter Qingdao H&amp;F med at s\u00e6tte en h\u00f8j standard for kvalitet og sikkerhed i riggerindustrien.<\/p>\n<h3>Konklusion om D Shackle<\/h3>\n<p>Qingdao H&amp;F's G210 og G2150 D sj\u00e6kler tilbyder k\u00f8bere robuste l\u00f8sninger til deres l\u00f8fte- og rigningsbehov. Disse modeller er designet med alsidighed og styrke og opfylder kravene i forskellige brancher, fra byggeri til s\u00f8fart. K\u00f8bere stoler p\u00e5, at vores D-sj\u00e6kler leverer en ensartet ydeevne, underst\u00f8ttet af vores engagement i kundefokuseret service, hurtig levering og gennemsigtig kvalitetsrapportering. Med Qingdao H&amp;F investerer k\u00f8berne ikke kun i holdbart, h\u00f8jtydende hardware, men ogs\u00e5 i et partnerskab, der bygger p\u00e5 tillid, ekspertise og en dedikation til kundesucces. Vi inviterer indk\u00f8bere til at opdage den forskel, som vores produkter og service kan g\u00f8re for at opn\u00e5 sikre og p\u00e5lidelige rigningsoperationer.<\/p>","protected":false},"excerpt":{"rendered":"<p>Vores D-sj\u00e6kler f\u00e5s med en r\u00e6kke arbejdsbelastningsgr\u00e6nser (WLL) fra 0,33 til 150 tons og st\u00f8rrelser fra 1\/4 tomme til 3 tommer, hvilket g\u00f8r dem velegnede til anvendelse inden for byggeri, s\u00f8fart og industri. Vi anerkender k\u00f8bernes kernebekymringer og sikrer en problemfri k\u00f8bsoplevelse med personlig kundeservice, en hurtig leveringscyklus og detaljerede kvalitetsinspektionsrapporter for hvert produkt. Vores forpligtelse er at st\u00f8tte k\u00f8bere med de p\u00e5lidelige, h\u00f8jtydende produkter, de har brug for til kr\u00e6vende milj\u00f8er.<\/p>","protected":false},"featured_media":6470,"comment_status":"open","ping_status":"closed","template":"","meta":{"site-sidebar-layout":"default","site-content-layout":"","ast-site-content-layout":"default","site-content-style":"default","site-sidebar-style":"default","ast-global-header-display":"","ast-banner-title-visibility":"","ast-main-header-display":"","ast-hfb-above-header-display":"","ast-hfb-below-header-display":"","ast-hfb-mobile-header-display":"","site-post-title":"","ast-breadcrumbs-content":"","ast-featured-img":"","footer-sml-layout":"","theme-transparent-header-meta":"default","adv-header-id-meta":"","stick-header-meta":"default","header-above-stick-meta":"","header-main-stick-meta":"","header-below-stick-meta":"","astra-migrate-meta-layouts":"set","ast-page-background-enabled":"default","ast-page-background-meta":{"desktop":{"background-color":"","background-image":"","background-repeat":"repeat","background-position":"center center","background-size":"auto","background-attachment":"scroll","background-type":"","background-media":"","overlay-type":"","overlay-color":"","overlay-opacity":"","overlay-gradient":""},"tablet":{"background-color":"","background-image":"","background-repeat":"repeat","background-position":"center center","background-size":"auto","background-attachment":"scroll","background-type":"","background-media":"","overlay-type":"","overlay-color":"","overlay-opacity":"","overlay-gradient":""},"mobile":{"background-color":"","background-image":"","background-repeat":"repeat","background-position":"center center","background-size":"auto","background-attachment":"scroll","background-type":"","background-media":"","overlay-type":"","overlay-color":"","overlay-opacity":"","overlay-gradient":""}},"ast-content-background-meta":{"desktop":{"background-color":"var(--ast-global-color-5)","background-image":"","background-repeat":"repeat","background-position":"center center","background-size":"auto","background-attachment":"scroll","background-type":"","background-media":"","overlay-type":"","overlay-color":"","overlay-opacity":"","overlay-gradient":""},"tablet":{"background-color":"var(--ast-global-color-5)","background-image":"","background-repeat":"repeat","background-position":"center center","background-size":"auto","background-attachment":"scroll","background-type":"","background-media":"","overlay-type":"","overlay-color":"","overlay-opacity":"","overlay-gradient":""},"mobile":{"background-color":"var(--ast-global-color-5)","background-image":"","background-repeat":"repeat","background-position":"center center","background-size":"auto","background-attachment":"scroll","background-type":"","background-media":"","overlay-type":"","overlay-color":"","overlay-opacity":"","overlay-gradient":""}}},"product_brand":[],"product_cat":[51,54],"product_tag":[],"class_list":{"0":"post-6443","1":"product","2":"type-product","3":"status-publish","4":"has-post-thumbnail","6":"product_cat-riggging-hardware","7":"product_cat-shackle","8":"desktop-align-left","9":"tablet-align-left","10":"mobile-align-left","11":"ast-product-gallery-layout-horizontal-slider","12":"ast-product-tabs-layout-horizontal","14":"first","15":"instock","16":"shipping-taxable","17":"purchasable","18":"product-type-simple"},"yoast_head":"<!-- This site is optimized with the Yoast SEO plugin v25.2 - https:\/\/yoast.com\/wordpress\/plugins\/seo\/ -->\n<title>Wholesale D Shackle Chain Shackle for Lifting<\/title>\n<meta name=\"description\" content=\"Dee shackles, are engineered for durability and strength, ensuring dependable performance in diverse environments.\" \/>\n<meta name=\"robots\" content=\"index, follow, max-snippet:-1, max-image-preview:large, max-video-preview:-1\" \/>\n<link rel=\"canonical\" href=\"https:\/\/qingdaohf.com\/da\/vare\/engros-d-sjaekel-kaedesjaekel-til-loft\/\" \/>\n<meta property=\"og:locale\" content=\"da_DK\" \/>\n<meta property=\"og:type\" content=\"article\" \/>\n<meta property=\"og:title\" content=\"Wholesale D Shackle Chain Shackle for Lifting\" \/>\n<meta property=\"og:description\" content=\"Dee shackles, are engineered for durability and strength, ensuring dependable performance in diverse environments.\" \/>\n<meta property=\"og:url\" content=\"https:\/\/qingdaohf.com\/da\/vare\/engros-d-sjaekel-kaedesjaekel-til-loft\/\" \/>\n<meta property=\"og:site_name\" content=\"Concrete Form &amp; Rigging Hardware Supplier\" \/>\n<meta property=\"article:publisher\" content=\"https:\/\/www.facebook.com\/qingdaohf\" \/>\n<meta property=\"article:modified_time\" content=\"2025-11-13T01:03:39+00:00\" \/>\n<meta property=\"og:image\" content=\"https:\/\/qingdaohf.com\/wp-content\/uploads\/2024\/02\/HF-SHACKLE-6.jpg\" \/>\n\t<meta property=\"og:image:width\" content=\"1000\" \/>\n\t<meta property=\"og:image:height\" content=\"1000\" \/>\n\t<meta property=\"og:image:type\" content=\"image\/jpeg\" \/>\n<meta name=\"twitter:card\" content=\"summary_large_image\" \/>\n<meta name=\"twitter:label1\" content=\"Estimeret l\u00e6setid\" \/>\n\t<meta name=\"twitter:data1\" content=\"5 minutter\" \/>\n<script type=\"application\/ld+json\" class=\"yoast-schema-graph\">{\"@context\":\"https:\/\/schema.org\",\"@graph\":[{\"@type\":\"WebPage\",\"@id\":\"https:\/\/qingdaohf.com\/product\/wholesale-d-shackle-chain-shackle-for-lifting\/\",\"url\":\"https:\/\/qingdaohf.com\/product\/wholesale-d-shackle-chain-shackle-for-lifting\/\",\"name\":\"Wholesale D Shackle Chain Shackle for Lifting\",\"isPartOf\":{\"@id\":\"https:\/\/qingdaohf.com\/bg\/#website\"},\"primaryImageOfPage\":{\"@id\":\"https:\/\/qingdaohf.com\/product\/wholesale-d-shackle-chain-shackle-for-lifting\/#primaryimage\"},\"image\":{\"@id\":\"https:\/\/qingdaohf.com\/product\/wholesale-d-shackle-chain-shackle-for-lifting\/#primaryimage\"},\"thumbnailUrl\":\"https:\/\/qingdaohf.com\/wp-content\/uploads\/2024\/02\/HF-SHACKLE-6.jpg\",\"datePublished\":\"2024-02-02T06:30:53+00:00\",\"dateModified\":\"2025-11-13T01:03:39+00:00\",\"description\":\"Dee shackles, are engineered for durability and strength, ensuring dependable performance in diverse environments.\",\"breadcrumb\":{\"@id\":\"https:\/\/qingdaohf.com\/product\/wholesale-d-shackle-chain-shackle-for-lifting\/#breadcrumb\"},\"inLanguage\":\"da-DK\",\"potentialAction\":[{\"@type\":\"ReadAction\",\"target\":[\"https:\/\/qingdaohf.com\/product\/wholesale-d-shackle-chain-shackle-for-lifting\/\"]}]},{\"@type\":\"ImageObject\",\"inLanguage\":\"da-DK\",\"@id\":\"https:\/\/qingdaohf.com\/product\/wholesale-d-shackle-chain-shackle-for-lifting\/#primaryimage\",\"url\":\"https:\/\/qingdaohf.com\/wp-content\/uploads\/2024\/02\/HF-SHACKLE-6.jpg\",\"contentUrl\":\"https:\/\/qingdaohf.com\/wp-content\/uploads\/2024\/02\/HF-SHACKLE-6.jpg\",\"width\":1000,\"height\":1000,\"caption\":\"D SHACKLE\"},{\"@type\":\"BreadcrumbList\",\"@id\":\"https:\/\/qingdaohf.com\/product\/wholesale-d-shackle-chain-shackle-for-lifting\/#breadcrumb\",\"itemListElement\":[{\"@type\":\"ListItem\",\"position\":1,\"name\":\"Home\",\"item\":\"https:\/\/qingdaohf.com\/\"},{\"@type\":\"ListItem\",\"position\":2,\"name\":\"Concrete Forming Accessories and Rigging Hardware\",\"item\":\"https:\/\/qingdaohf.com\/bg\/?page_id=944\"},{\"@type\":\"ListItem\",\"position\":3,\"name\":\"Wholesale D Shackle Chain Shackle for Lifting\"}]},{\"@type\":\"WebSite\",\"@id\":\"https:\/\/qingdaohf.com\/bg\/#website\",\"url\":\"https:\/\/qingdaohf.com\/bg\/\",\"name\":\"Concrete Form & Rigging Hardware Supplier\",\"description\":\"\",\"publisher\":{\"@id\":\"https:\/\/qingdaohf.com\/bg\/#organization\"},\"potentialAction\":[{\"@type\":\"SearchAction\",\"target\":{\"@type\":\"EntryPoint\",\"urlTemplate\":\"https:\/\/qingdaohf.com\/bg\/?s={search_term_string}\"},\"query-input\":{\"@type\":\"PropertyValueSpecification\",\"valueRequired\":true,\"valueName\":\"search_term_string\"}}],\"inLanguage\":\"da-DK\"},{\"@type\":\"Organization\",\"@id\":\"https:\/\/qingdaohf.com\/bg\/#organization\",\"name\":\"Qingdao H&F\",\"url\":\"https:\/\/qingdaohf.com\/bg\/\",\"logo\":{\"@type\":\"ImageObject\",\"inLanguage\":\"da-DK\",\"@id\":\"https:\/\/qingdaohf.com\/bg\/#\/schema\/logo\/image\/\",\"url\":\"https:\/\/qingdaohf.com\/wp-content\/uploads\/2022\/12\/cropped-HF-LOGO.png\",\"contentUrl\":\"https:\/\/qingdaohf.com\/wp-content\/uploads\/2022\/12\/cropped-HF-LOGO.png\",\"width\":391,\"height\":249,\"caption\":\"Qingdao H&F\"},\"image\":{\"@id\":\"https:\/\/qingdaohf.com\/bg\/#\/schema\/logo\/image\/\"},\"sameAs\":[\"https:\/\/www.facebook.com\/qingdaohf\"]}]}<\/script>\n<!-- \/ Yoast SEO plugin. -->","yoast_head_json":{"title":"Wholesale D Shackle Chain Shackle for Lifting","description":"Dee shackles, are engineered for durability and strength, ensuring dependable performance in diverse environments.","robots":{"index":"index","follow":"follow","max-snippet":"max-snippet:-1","max-image-preview":"max-image-preview:large","max-video-preview":"max-video-preview:-1"},"canonical":"https:\/\/qingdaohf.com\/da\/vare\/engros-d-sjaekel-kaedesjaekel-til-loft\/","og_locale":"da_DK","og_type":"article","og_title":"Wholesale D Shackle Chain Shackle for Lifting","og_description":"Dee shackles, are engineered for durability and strength, ensuring dependable performance in diverse environments.","og_url":"https:\/\/qingdaohf.com\/da\/vare\/engros-d-sjaekel-kaedesjaekel-til-loft\/","og_site_name":"Concrete Form &amp; Rigging Hardware Supplier","article_publisher":"https:\/\/www.facebook.com\/qingdaohf","article_modified_time":"2025-11-13T01:03:39+00:00","og_image":[{"width":1000,"height":1000,"url":"https:\/\/qingdaohf.com\/wp-content\/uploads\/2024\/02\/HF-SHACKLE-6.jpg","type":"image\/jpeg"}],"twitter_card":"summary_large_image","twitter_misc":{"Estimeret l\u00e6setid":"5 minutter"},"schema":{"@context":"https:\/\/schema.org","@graph":[{"@type":"WebPage","@id":"https:\/\/qingdaohf.com\/product\/wholesale-d-shackle-chain-shackle-for-lifting\/","url":"https:\/\/qingdaohf.com\/product\/wholesale-d-shackle-chain-shackle-for-lifting\/","name":"Wholesale D Shackle Chain Shackle for Lifting","isPartOf":{"@id":"https:\/\/qingdaohf.com\/bg\/#website"},"primaryImageOfPage":{"@id":"https:\/\/qingdaohf.com\/product\/wholesale-d-shackle-chain-shackle-for-lifting\/#primaryimage"},"image":{"@id":"https:\/\/qingdaohf.com\/product\/wholesale-d-shackle-chain-shackle-for-lifting\/#primaryimage"},"thumbnailUrl":"https:\/\/qingdaohf.com\/wp-content\/uploads\/2024\/02\/HF-SHACKLE-6.jpg","datePublished":"2024-02-02T06:30:53+00:00","dateModified":"2025-11-13T01:03:39+00:00","description":"Dee shackles, are engineered for durability and strength, ensuring dependable performance in diverse environments.","breadcrumb":{"@id":"https:\/\/qingdaohf.com\/product\/wholesale-d-shackle-chain-shackle-for-lifting\/#breadcrumb"},"inLanguage":"da-DK","potentialAction":[{"@type":"ReadAction","target":["https:\/\/qingdaohf.com\/product\/wholesale-d-shackle-chain-shackle-for-lifting\/"]}]},{"@type":"ImageObject","inLanguage":"da-DK","@id":"https:\/\/qingdaohf.com\/product\/wholesale-d-shackle-chain-shackle-for-lifting\/#primaryimage","url":"https:\/\/qingdaohf.com\/wp-content\/uploads\/2024\/02\/HF-SHACKLE-6.jpg","contentUrl":"https:\/\/qingdaohf.com\/wp-content\/uploads\/2024\/02\/HF-SHACKLE-6.jpg","width":1000,"height":1000,"caption":"D SHACKLE"},{"@type":"BreadcrumbList","@id":"https:\/\/qingdaohf.com\/product\/wholesale-d-shackle-chain-shackle-for-lifting\/#breadcrumb","itemListElement":[{"@type":"ListItem","position":1,"name":"Home","item":"https:\/\/qingdaohf.com\/"},{"@type":"ListItem","position":2,"name":"Concrete Forming Accessories and Rigging Hardware","item":"https:\/\/qingdaohf.com\/bg\/?page_id=944"},{"@type":"ListItem","position":3,"name":"Wholesale D Shackle Chain Shackle for Lifting"}]},{"@type":"WebSite","@id":"https:\/\/qingdaohf.com\/bg\/#website","url":"https:\/\/qingdaohf.com\/bg\/","name":"Concrete Form & Rigging Hardware Supplier","description":"","publisher":{"@id":"https:\/\/qingdaohf.com\/bg\/#organization"},"potentialAction":[{"@type":"SearchAction","target":{"@type":"EntryPoint","urlTemplate":"https:\/\/qingdaohf.com\/bg\/?s={search_term_string}"},"query-input":{"@type":"PropertyValueSpecification","valueRequired":true,"valueName":"search_term_string"}}],"inLanguage":"da-DK"},{"@type":"Organization","@id":"https:\/\/qingdaohf.com\/bg\/#organization","name":"Qingdao H&F","url":"https:\/\/qingdaohf.com\/bg\/","logo":{"@type":"ImageObject","inLanguage":"da-DK","@id":"https:\/\/qingdaohf.com\/bg\/#\/schema\/logo\/image\/","url":"https:\/\/qingdaohf.com\/wp-content\/uploads\/2022\/12\/cropped-HF-LOGO.png","contentUrl":"https:\/\/qingdaohf.com\/wp-content\/uploads\/2022\/12\/cropped-HF-LOGO.png","width":391,"height":249,"caption":"Qingdao H&F"},"image":{"@id":"https:\/\/qingdaohf.com\/bg\/#\/schema\/logo\/image\/"},"sameAs":["https:\/\/www.facebook.com\/qingdaohf"]}]}},"_links":{"self":[{"href":"https:\/\/qingdaohf.com\/da\/wp-json\/wp\/v2\/product\/6443","targetHints":{"allow":["GET"]}}],"collection":[{"href":"https:\/\/qingdaohf.com\/da\/wp-json\/wp\/v2\/product"}],"about":[{"href":"https:\/\/qingdaohf.com\/da\/wp-json\/wp\/v2\/types\/product"}],"replies":[{"embeddable":true,"href":"https:\/\/qingdaohf.com\/da\/wp-json\/wp\/v2\/comments?post=6443"}],"version-history":[{"count":10,"href":"https:\/\/qingdaohf.com\/da\/wp-json\/wp\/v2\/product\/6443\/revisions"}],"predecessor-version":[{"id":8212,"href":"https:\/\/qingdaohf.com\/da\/wp-json\/wp\/v2\/product\/6443\/revisions\/8212"}],"wp:featuredmedia":[{"embeddable":true,"href":"https:\/\/qingdaohf.com\/da\/wp-json\/wp\/v2\/media\/6470"}],"wp:attachment":[{"href":"https:\/\/qingdaohf.com\/da\/wp-json\/wp\/v2\/media?parent=6443"}],"wp:term":[{"taxonomy":"product_brand","embeddable":true,"href":"https:\/\/qingdaohf.com\/da\/wp-json\/wp\/v2\/product_brand?post=6443"},{"taxonomy":"product_cat","embeddable":true,"href":"https:\/\/qingdaohf.com\/da\/wp-json\/wp\/v2\/product_cat?post=6443"},{"taxonomy":"product_tag","embeddable":true,"href":"https:\/\/qingdaohf.com\/da\/wp-json\/wp\/v2\/product_tag?post=6443"}],"curies":[{"name":"wp","href":"https:\/\/api.w.org\/{rel}","templated":true}]}}