{"id":6496,"date":"2024-02-02T16:55:13","date_gmt":"2024-02-02T08:55:13","guid":{"rendered":"http:\/\/qingdaohf.com\/?post_type=product&#038;p=6496"},"modified":"2025-11-13T09:03:38","modified_gmt":"2025-11-13T01:03:38","slug":"round-pin-shackle","status":"publish","type":"product","link":"https:\/\/qingdaohf.com\/da\/vare\/sjaekkel-med-rund-stift\/","title":{"rendered":"Sj\u00e6kel med rund stift"},"content":{"rendered":"<p>Velkommen til vores engrosleverand\u00f8r af sj\u00e6kler, din ultimative destination for sj\u00e6kler med runde stifter i topkvalitet, fremstillet af f\u00f8rsteklasses galvaniseret og rustfrit st\u00e5l. Som f\u00f8rende i branchen har vi specialiseret os i at levere holdbare sj\u00e6kler, der er designet til l\u00f8ft, bugsering og rigning.<\/p>\n<p>Vores sj\u00e6kler med runde stifter er omhyggeligt udformet til at opfylde strenge kvalitetsstandarder, hvilket sikrer p\u00e5lidelighed og sikkerhed ved enhver brug. Uanset om du arbejder i byggeriet, p\u00e5 havet eller i industrien, giver vores sj\u00e6kler den styrke og holdbarhed, der kr\u00e6ves til kr\u00e6vende opgaver.<\/p>\n<p>En almindelig bekymring hos k\u00f8bere er at sikre, at sj\u00e6kelens materiale og konstruktion opfylder deres specifikke behov. Med vores valgmuligheder i galvaniseret og rustfrit st\u00e5l kan du stole p\u00e5, at vores sj\u00e6kler er korrosionsbestandige og bygget til at modst\u00e5 barske milj\u00f8er, hvilket giver en langvarig ydeevne.<\/p>\n<p>Derudover er det afg\u00f8rende for sikker drift at bestemme den rette st\u00f8rrelse og arbejdsbelastningsgr\u00e6nse (WLL). Vores ekspertteam er dedikeret til at hj\u00e6lpe dig med at v\u00e6lge den rigtige sj\u00e6kkelst\u00f8rrelse og WLL, der passer til dine l\u00f8fte- og rigningskrav, og som sikrer optimal ydeevne og sikkerhed p\u00e5 jobbet.<\/p>\n<p>De mest almindelige arbejdsbelastningsgr\u00e6nser (WLL) og st\u00f8rrelser p\u00e5 sj\u00e6kler med runde stifter:<\/p>\n<p><strong>WLL'er<\/strong>: 0,33 tons, 0,5 tons, 0,75 tons, 1 tons, 1,5 tons, 2 tons, 3,25 tons, 4,75 tons, 6,5 tons, 8,5 tons, 9,5 tons, 12 tons, 13,5 tons, 17 tons, 25 tons, 35 tons, 55 tons, 85 tons, 120 tons, 150 tons<\/p>\n<p><strong>St\u00f8rrelser<\/strong>: 1\/4 tomme, 3\/8 tomme, 1\/2 tomme, 5\/8 tomme, 3\/4 tomme, 7\/8 tomme, 1 tomme, 1-1\/4 tomme, 1-1\/2 tomme, 1-3\/4 tomme, 2 tomme, 2-1\/2 tomme, 3 tomme<\/p>\n<p>Samarbejd med os om alle dine engrosbehov for sj\u00e6kler, og oplev uovertruffen kvalitet, p\u00e5lidelighed og kundeservice. Gennemse vores omfattende udvalg i dag, og l\u00f8ft dine l\u00f8fte-, bugserings- og rigningsopgaver med selvtillid.<\/p>\n<p>Model: <a href=\"http:\/\/qingdaohf.com\/da\/product\/g213-g215-galvanized-shackle\/\">G213<\/a> <a href=\"http:\/\/qingdaohf.com\/da\/product\/g213-g215-galvanized-shackle\/\">G215<\/a><\/p>","protected":false},"excerpt":{"rendered":"<p>En sj\u00e6kkel med rund stift er en hardwarekomponent, der bruges til at forbinde k\u00e6der, wirer, tovv\u00e6rk og andre rigningsmaterialer. Den best\u00e5r af en U-formet krop med to \u00f8jne i enderne og en rund stift, der g\u00e5r gennem begge \u00f8jne. Stiften er sikret med en splint eller en gevindprop.<\/p>\n<p>Sj\u00e6kler med runde stifter f\u00e5s i mange forskellige st\u00f8rrelser og materialer med arbejdsbelastninger fra nogle f\u00e5 hundrede pund til flere hundrede tons.<\/p>","protected":false},"featured_media":6497,"comment_status":"open","ping_status":"closed","template":"","meta":{"site-sidebar-layout":"default","site-content-layout":"","ast-site-content-layout":"default","site-content-style":"default","site-sidebar-style":"default","ast-global-header-display":"","ast-banner-title-visibility":"","ast-main-header-display":"","ast-hfb-above-header-display":"","ast-hfb-below-header-display":"","ast-hfb-mobile-header-display":"","site-post-title":"","ast-breadcrumbs-content":"","ast-featured-img":"","footer-sml-layout":"","theme-transparent-header-meta":"default","adv-header-id-meta":"","stick-header-meta":"default","header-above-stick-meta":"","header-main-stick-meta":"","header-below-stick-meta":"","astra-migrate-meta-layouts":"set","ast-page-background-enabled":"default","ast-page-background-meta":{"desktop":{"background-color":"","background-image":"","background-repeat":"repeat","background-position":"center center","background-size":"auto","background-attachment":"scroll","background-type":"","background-media":"","overlay-type":"","overlay-color":"","overlay-opacity":"","overlay-gradient":""},"tablet":{"background-color":"","background-image":"","background-repeat":"repeat","background-position":"center center","background-size":"auto","background-attachment":"scroll","background-type":"","background-media":"","overlay-type":"","overlay-color":"","overlay-opacity":"","overlay-gradient":""},"mobile":{"background-color":"","background-image":"","background-repeat":"repeat","background-position":"center center","background-size":"auto","background-attachment":"scroll","background-type":"","background-media":"","overlay-type":"","overlay-color":"","overlay-opacity":"","overlay-gradient":""}},"ast-content-background-meta":{"desktop":{"background-color":"var(--ast-global-color-5)","background-image":"","background-repeat":"repeat","background-position":"center center","background-size":"auto","background-attachment":"scroll","background-type":"","background-media":"","overlay-type":"","overlay-color":"","overlay-opacity":"","overlay-gradient":""},"tablet":{"background-color":"var(--ast-global-color-5)","background-image":"","background-repeat":"repeat","background-position":"center center","background-size":"auto","background-attachment":"scroll","background-type":"","background-media":"","overlay-type":"","overlay-color":"","overlay-opacity":"","overlay-gradient":""},"mobile":{"background-color":"var(--ast-global-color-5)","background-image":"","background-repeat":"repeat","background-position":"center center","background-size":"auto","background-attachment":"scroll","background-type":"","background-media":"","overlay-type":"","overlay-color":"","overlay-opacity":"","overlay-gradient":""}}},"product_brand":[],"product_cat":[51,54],"product_tag":[],"class_list":{"0":"post-6496","1":"product","2":"type-product","3":"status-publish","4":"has-post-thumbnail","6":"product_cat-riggging-hardware","7":"product_cat-shackle","8":"desktop-align-left","9":"tablet-align-left","10":"mobile-align-left","11":"ast-product-gallery-layout-horizontal-slider","12":"ast-product-tabs-layout-horizontal","14":"first","15":"instock","16":"shipping-taxable","17":"purchasable","18":"product-type-simple"},"yoast_head":"<!-- This site is optimized with the Yoast SEO plugin v25.2 - https:\/\/yoast.com\/wordpress\/plugins\/seo\/ -->\n<title>Round Pin Shackle<\/title>\n<meta name=\"description\" content=\"Round pin shackles are available in a variety of sizes and materials, with working load limits ranging from a few hundred pounds to hundreds of tons.\" \/>\n<meta name=\"robots\" content=\"index, follow, max-snippet:-1, max-image-preview:large, max-video-preview:-1\" \/>\n<link rel=\"canonical\" href=\"https:\/\/qingdaohf.com\/da\/vare\/sjaekkel-med-rund-stift\/\" \/>\n<meta property=\"og:locale\" content=\"da_DK\" \/>\n<meta property=\"og:type\" content=\"article\" \/>\n<meta property=\"og:title\" content=\"Round Pin Shackle\" \/>\n<meta property=\"og:description\" content=\"Round pin shackles are available in a variety of sizes and materials, with working load limits ranging from a few hundred pounds to hundreds of tons.\" \/>\n<meta property=\"og:url\" content=\"https:\/\/qingdaohf.com\/da\/vare\/sjaekkel-med-rund-stift\/\" \/>\n<meta property=\"og:site_name\" content=\"Concrete Form &amp; Rigging Hardware Supplier\" \/>\n<meta property=\"article:publisher\" content=\"https:\/\/www.facebook.com\/qingdaohf\" \/>\n<meta property=\"article:modified_time\" content=\"2025-11-13T01:03:38+00:00\" \/>\n<meta property=\"og:image\" content=\"https:\/\/qingdaohf.com\/wp-content\/uploads\/2024\/02\/Round-Pin-Shackle.jpg\" \/>\n\t<meta property=\"og:image:width\" content=\"1000\" \/>\n\t<meta property=\"og:image:height\" content=\"1000\" \/>\n\t<meta property=\"og:image:type\" content=\"image\/jpeg\" \/>\n<meta name=\"twitter:card\" content=\"summary_large_image\" \/>\n<meta name=\"twitter:label1\" content=\"Estimeret l\u00e6setid\" \/>\n\t<meta name=\"twitter:data1\" content=\"2 minutter\" \/>\n<script type=\"application\/ld+json\" class=\"yoast-schema-graph\">{\"@context\":\"https:\/\/schema.org\",\"@graph\":[{\"@type\":\"WebPage\",\"@id\":\"https:\/\/qingdaohf.com\/product\/round-pin-shackle\/\",\"url\":\"https:\/\/qingdaohf.com\/product\/round-pin-shackle\/\",\"name\":\"Round Pin Shackle\",\"isPartOf\":{\"@id\":\"https:\/\/qingdaohf.com\/bg\/#website\"},\"primaryImageOfPage\":{\"@id\":\"https:\/\/qingdaohf.com\/product\/round-pin-shackle\/#primaryimage\"},\"image\":{\"@id\":\"https:\/\/qingdaohf.com\/product\/round-pin-shackle\/#primaryimage\"},\"thumbnailUrl\":\"https:\/\/qingdaohf.com\/wp-content\/uploads\/2024\/02\/Round-Pin-Shackle.jpg\",\"datePublished\":\"2024-02-02T08:55:13+00:00\",\"dateModified\":\"2025-11-13T01:03:38+00:00\",\"description\":\"Round pin shackles are available in a variety of sizes and materials, with working load limits ranging from a few hundred pounds to hundreds of tons.\",\"breadcrumb\":{\"@id\":\"https:\/\/qingdaohf.com\/product\/round-pin-shackle\/#breadcrumb\"},\"inLanguage\":\"da-DK\",\"potentialAction\":[{\"@type\":\"ReadAction\",\"target\":[\"https:\/\/qingdaohf.com\/product\/round-pin-shackle\/\"]}]},{\"@type\":\"ImageObject\",\"inLanguage\":\"da-DK\",\"@id\":\"https:\/\/qingdaohf.com\/product\/round-pin-shackle\/#primaryimage\",\"url\":\"https:\/\/qingdaohf.com\/wp-content\/uploads\/2024\/02\/Round-Pin-Shackle.jpg\",\"contentUrl\":\"https:\/\/qingdaohf.com\/wp-content\/uploads\/2024\/02\/Round-Pin-Shackle.jpg\",\"width\":1000,\"height\":1000,\"caption\":\"Round Pin Shackle\"},{\"@type\":\"BreadcrumbList\",\"@id\":\"https:\/\/qingdaohf.com\/product\/round-pin-shackle\/#breadcrumb\",\"itemListElement\":[{\"@type\":\"ListItem\",\"position\":1,\"name\":\"Home\",\"item\":\"https:\/\/qingdaohf.com\/\"},{\"@type\":\"ListItem\",\"position\":2,\"name\":\"Concrete Forming Accessories and Rigging Hardware\",\"item\":\"https:\/\/qingdaohf.com\/bg\/?page_id=944\"},{\"@type\":\"ListItem\",\"position\":3,\"name\":\"Round Pin Shackle\"}]},{\"@type\":\"WebSite\",\"@id\":\"https:\/\/qingdaohf.com\/bg\/#website\",\"url\":\"https:\/\/qingdaohf.com\/bg\/\",\"name\":\"Concrete Form & Rigging Hardware Supplier\",\"description\":\"\",\"publisher\":{\"@id\":\"https:\/\/qingdaohf.com\/bg\/#organization\"},\"potentialAction\":[{\"@type\":\"SearchAction\",\"target\":{\"@type\":\"EntryPoint\",\"urlTemplate\":\"https:\/\/qingdaohf.com\/bg\/?s={search_term_string}\"},\"query-input\":{\"@type\":\"PropertyValueSpecification\",\"valueRequired\":true,\"valueName\":\"search_term_string\"}}],\"inLanguage\":\"da-DK\"},{\"@type\":\"Organization\",\"@id\":\"https:\/\/qingdaohf.com\/bg\/#organization\",\"name\":\"Qingdao H&F\",\"url\":\"https:\/\/qingdaohf.com\/bg\/\",\"logo\":{\"@type\":\"ImageObject\",\"inLanguage\":\"da-DK\",\"@id\":\"https:\/\/qingdaohf.com\/bg\/#\/schema\/logo\/image\/\",\"url\":\"https:\/\/qingdaohf.com\/wp-content\/uploads\/2022\/12\/cropped-HF-LOGO.png\",\"contentUrl\":\"https:\/\/qingdaohf.com\/wp-content\/uploads\/2022\/12\/cropped-HF-LOGO.png\",\"width\":391,\"height\":249,\"caption\":\"Qingdao H&F\"},\"image\":{\"@id\":\"https:\/\/qingdaohf.com\/bg\/#\/schema\/logo\/image\/\"},\"sameAs\":[\"https:\/\/www.facebook.com\/qingdaohf\"]}]}<\/script>\n<!-- \/ Yoast SEO plugin. -->","yoast_head_json":{"title":"Round Pin Shackle","description":"Round pin shackles are available in a variety of sizes and materials, with working load limits ranging from a few hundred pounds to hundreds of tons.","robots":{"index":"index","follow":"follow","max-snippet":"max-snippet:-1","max-image-preview":"max-image-preview:large","max-video-preview":"max-video-preview:-1"},"canonical":"https:\/\/qingdaohf.com\/da\/vare\/sjaekkel-med-rund-stift\/","og_locale":"da_DK","og_type":"article","og_title":"Round Pin Shackle","og_description":"Round pin shackles are available in a variety of sizes and materials, with working load limits ranging from a few hundred pounds to hundreds of tons.","og_url":"https:\/\/qingdaohf.com\/da\/vare\/sjaekkel-med-rund-stift\/","og_site_name":"Concrete Form &amp; Rigging Hardware Supplier","article_publisher":"https:\/\/www.facebook.com\/qingdaohf","article_modified_time":"2025-11-13T01:03:38+00:00","og_image":[{"width":1000,"height":1000,"url":"https:\/\/qingdaohf.com\/wp-content\/uploads\/2024\/02\/Round-Pin-Shackle.jpg","type":"image\/jpeg"}],"twitter_card":"summary_large_image","twitter_misc":{"Estimeret l\u00e6setid":"2 minutter"},"schema":{"@context":"https:\/\/schema.org","@graph":[{"@type":"WebPage","@id":"https:\/\/qingdaohf.com\/product\/round-pin-shackle\/","url":"https:\/\/qingdaohf.com\/product\/round-pin-shackle\/","name":"Round Pin Shackle","isPartOf":{"@id":"https:\/\/qingdaohf.com\/bg\/#website"},"primaryImageOfPage":{"@id":"https:\/\/qingdaohf.com\/product\/round-pin-shackle\/#primaryimage"},"image":{"@id":"https:\/\/qingdaohf.com\/product\/round-pin-shackle\/#primaryimage"},"thumbnailUrl":"https:\/\/qingdaohf.com\/wp-content\/uploads\/2024\/02\/Round-Pin-Shackle.jpg","datePublished":"2024-02-02T08:55:13+00:00","dateModified":"2025-11-13T01:03:38+00:00","description":"Round pin shackles are available in a variety of sizes and materials, with working load limits ranging from a few hundred pounds to hundreds of tons.","breadcrumb":{"@id":"https:\/\/qingdaohf.com\/product\/round-pin-shackle\/#breadcrumb"},"inLanguage":"da-DK","potentialAction":[{"@type":"ReadAction","target":["https:\/\/qingdaohf.com\/product\/round-pin-shackle\/"]}]},{"@type":"ImageObject","inLanguage":"da-DK","@id":"https:\/\/qingdaohf.com\/product\/round-pin-shackle\/#primaryimage","url":"https:\/\/qingdaohf.com\/wp-content\/uploads\/2024\/02\/Round-Pin-Shackle.jpg","contentUrl":"https:\/\/qingdaohf.com\/wp-content\/uploads\/2024\/02\/Round-Pin-Shackle.jpg","width":1000,"height":1000,"caption":"Round Pin Shackle"},{"@type":"BreadcrumbList","@id":"https:\/\/qingdaohf.com\/product\/round-pin-shackle\/#breadcrumb","itemListElement":[{"@type":"ListItem","position":1,"name":"Home","item":"https:\/\/qingdaohf.com\/"},{"@type":"ListItem","position":2,"name":"Concrete Forming Accessories and Rigging Hardware","item":"https:\/\/qingdaohf.com\/bg\/?page_id=944"},{"@type":"ListItem","position":3,"name":"Round Pin Shackle"}]},{"@type":"WebSite","@id":"https:\/\/qingdaohf.com\/bg\/#website","url":"https:\/\/qingdaohf.com\/bg\/","name":"Concrete Form & Rigging Hardware Supplier","description":"","publisher":{"@id":"https:\/\/qingdaohf.com\/bg\/#organization"},"potentialAction":[{"@type":"SearchAction","target":{"@type":"EntryPoint","urlTemplate":"https:\/\/qingdaohf.com\/bg\/?s={search_term_string}"},"query-input":{"@type":"PropertyValueSpecification","valueRequired":true,"valueName":"search_term_string"}}],"inLanguage":"da-DK"},{"@type":"Organization","@id":"https:\/\/qingdaohf.com\/bg\/#organization","name":"Qingdao H&F","url":"https:\/\/qingdaohf.com\/bg\/","logo":{"@type":"ImageObject","inLanguage":"da-DK","@id":"https:\/\/qingdaohf.com\/bg\/#\/schema\/logo\/image\/","url":"https:\/\/qingdaohf.com\/wp-content\/uploads\/2022\/12\/cropped-HF-LOGO.png","contentUrl":"https:\/\/qingdaohf.com\/wp-content\/uploads\/2022\/12\/cropped-HF-LOGO.png","width":391,"height":249,"caption":"Qingdao H&F"},"image":{"@id":"https:\/\/qingdaohf.com\/bg\/#\/schema\/logo\/image\/"},"sameAs":["https:\/\/www.facebook.com\/qingdaohf"]}]}},"_links":{"self":[{"href":"https:\/\/qingdaohf.com\/da\/wp-json\/wp\/v2\/product\/6496","targetHints":{"allow":["GET"]}}],"collection":[{"href":"https:\/\/qingdaohf.com\/da\/wp-json\/wp\/v2\/product"}],"about":[{"href":"https:\/\/qingdaohf.com\/da\/wp-json\/wp\/v2\/types\/product"}],"replies":[{"embeddable":true,"href":"https:\/\/qingdaohf.com\/da\/wp-json\/wp\/v2\/comments?post=6496"}],"version-history":[{"count":3,"href":"https:\/\/qingdaohf.com\/da\/wp-json\/wp\/v2\/product\/6496\/revisions"}],"predecessor-version":[{"id":6500,"href":"https:\/\/qingdaohf.com\/da\/wp-json\/wp\/v2\/product\/6496\/revisions\/6500"}],"wp:featuredmedia":[{"embeddable":true,"href":"https:\/\/qingdaohf.com\/da\/wp-json\/wp\/v2\/media\/6497"}],"wp:attachment":[{"href":"https:\/\/qingdaohf.com\/da\/wp-json\/wp\/v2\/media?parent=6496"}],"wp:term":[{"taxonomy":"product_brand","embeddable":true,"href":"https:\/\/qingdaohf.com\/da\/wp-json\/wp\/v2\/product_brand?post=6496"},{"taxonomy":"product_cat","embeddable":true,"href":"https:\/\/qingdaohf.com\/da\/wp-json\/wp\/v2\/product_cat?post=6496"},{"taxonomy":"product_tag","embeddable":true,"href":"https:\/\/qingdaohf.com\/da\/wp-json\/wp\/v2\/product_tag?post=6496"}],"curies":[{"name":"wp","href":"https:\/\/api.w.org\/{rel}","templated":true}]}}