{"id":7163,"date":"2024-05-20T13:42:36","date_gmt":"2024-05-20T05:42:36","guid":{"rendered":"http:\/\/qingdaohf.com\/?post_type=product&#038;p=7163"},"modified":"2025-11-13T09:03:16","modified_gmt":"2025-11-13T01:03:16","slug":"aluminum-form-wall-ties","status":"publish","type":"product","link":"https:\/\/qingdaohf.com\/da\/vare\/aluminiumsformede-vaegbindere\/","title":{"rendered":"V\u00e6gb\u00e5nd i aluminiumsform"},"content":{"rendered":"<p>Formb\u00e5nd af aluminium spiller en afg\u00f8rende rolle i betonforskallingskonstruktion, is\u00e6r n\u00e5r pr\u00e6cision og holdbarhed er altafg\u00f8rende. Disse b\u00e5nd holder forskallingen p\u00e5 plads under betonst\u00f8bningsprocessen og sikrer, at formene bevarer deres tilsigtede form og justering. Dermed er de med til at garantere strukturel integritet og ensartethed i betonv\u00e6gge og -s\u00f8jler. Forskallingsb\u00e5nd kan variere i materiale, men aluminium skiller sig ud p\u00e5 grund af sin kombination af styrke, lav v\u00e6gt og korrosionsbestandighed. Hos Qingdao H&amp;F leverer vi aluminiumsbindere af h\u00f8j kvalitet, der er skr\u00e6ddersyet til byggebranchens behov og sikrer, at dine projekter gennemf\u00f8res effektivt og sikkert.<\/p>\n<h3><strong>Hvorfor aluminium til formbindere?<\/strong><\/h3>\n<p>Brugen af aluminium i forskallingsb\u00e5nd er steget kraftigt p\u00e5 grund af dets unikke egenskaber, der g\u00f8r det velegnet til kr\u00e6vende byggemilj\u00f8er. Aluminium er let, men alligevel st\u00e6rkt, hvilket g\u00f8r det nemt at h\u00e5ndtere p\u00e5 byggepladsen uden at g\u00e5 p\u00e5 kompromis med ydeevnen. Det er is\u00e6r en fordel, n\u00e5r der er brug for store m\u00e6ngder b\u00e5nd, eller n\u00e5r arbejderne skal h\u00e5ndtere en stor arbejdsbyrde. I mods\u00e6tning til andre materialer som f.eks. st\u00e5l reducerer aluminiums lethed belastningen under h\u00e5ndtering og installation.<\/p>\n<p>Korrosionsbestandighed er en anden v\u00e6sentlig fordel. Formb\u00e5nd uds\u00e6ttes for fugt og forskellige kemikalier i betonblandingen. Aluminium er naturligt modstandsdygtigt over for rust og andre former for korrosion, hvilket forl\u00e6nger forskallingsb\u00e5ndenes levetid og reducerer behovet for hyppige udskiftninger. Denne holdbarhed betyder langsigtede omkostningsbesparelser for virksomheder, is\u00e6r i store projekter, hvor det er afg\u00f8rende at minimere nedetid og vedligeholdelse.<\/p>\n<h3><strong>Effektivitet og omkostningseffektivitet i byggeriet<\/strong><\/h3>\n<p>Effektivitet er hj\u00f8rnestenen i vellykkede byggeprojekter, og forskallingsbindere bidrager til dette m\u00e5l ved at sikre, at forskallingen forbliver p\u00e5 plads og forhindrer dyre fejl. D\u00e5rligt justeret eller svagt fastholdt forskalling kan f\u00f8re til strukturelle problemer i betonen, hvilket resulterer i forsinkelser, spildte materialer og potentielt usikre resultater. Forskallingsbindere i aluminium sikrer ikke kun sikker forskalling, men forenkler ogs\u00e5 ops\u00e6tnings- og nedtagningsprocesserne.<\/p>\n<p>Fordi aluminiumsbindere kan genbruges, giver de betydelige omkostningsbesparelser over tid. Entrepren\u00f8rer st\u00e5r ofte over for det dilemma at skulle afveje kortsigtede omkostninger med langsigtede fordele, og ved at investere i holdbare, genanvendelige forskallingsb\u00e5nd kan man reducere behovet for hyppige udskiftninger og s\u00e6nke de samlede projektomkostninger. Og fordi aluminiumsbindere er lettere og nemmere at transportere, reducerer de de logistiske omkostninger og g\u00f8r arbejdet p\u00e5 byggepladsen mere effektivt.<\/p>\n<div class=\"ast-oembed-container\" style=\"height: 100%;\"><iframe title=\"Tilbeh\u00f8r til betonforskalling Buet kile og lige kile\" width=\"500\" height=\"281\" src=\"https:\/\/www.youtube.com\/embed\/_He4pUDjl1U?feature=oembed\" frameborder=\"0\" allow=\"accelerometer; autoplay; clipboard-write; encrypted-media; gyroscope; picture-in-picture; web-share\" referrerpolicy=\"strict-origin-when-cross-origin\" allowfullscreen><\/iframe><\/div>\n<h3><strong>B\u00e6redygtighed og milj\u00f8p\u00e5virkning<\/strong><\/h3>\n<p>I den moderne byggebranche bliver b\u00e6redygtighed stadig vigtigere, og aluminiumsformer er i overensstemmelse med milj\u00f8venlig praksis. Aluminium er meget genanvendeligt, og mange aluminiumsprodukter er fremstillet af genbrugsmaterialer. Det reducerer behovet for nye r\u00e5materialer og minimerer milj\u00f8p\u00e5virkningen. Ved slutningen af deres livscyklus kan aluminiumsb\u00e5nd smeltes om og genbruges uden at miste deres iboende egenskaber, hvilket g\u00f8r dem til et b\u00e6redygtigt valg for byggefolk med fokus p\u00e5 at reducere deres CO2-fodaftryk.<\/p>\n<p>Desuden reducerer brugen af holdbare, genanvendelige materialer som aluminium det affald, der genereres p\u00e5 byggepladsen. Entrepren\u00f8rer kan genbruge aluminiumsbindere p\u00e5 tv\u00e6rs af flere projekter, hvilket reducerer m\u00e6ngden af kasserede materialer, der ellers ville ende p\u00e5 lossepladsen. Det hj\u00e6lper byggefirmaer med at opfylde globale b\u00e6redygtighedsm\u00e5l og appellere til kunder, der prioriterer milj\u00f8ansvarlig praksis.<\/p>\n<h3><strong>Qingdao H&amp;F's forpligtelse til kvalitet og service<\/strong><\/h3>\n<p>Hos Qingdao H&amp;F forst\u00e5r vi, at byggefolk har brug for p\u00e5lidelige materialer og enest\u00e5ende service for at f\u00e6rdigg\u00f8re deres projekter til tiden og inden for budgettet. Vores aluminiumsb\u00e5nd er fremstillet efter strenge standarder for kvalitetskontrol, hvilket sikrer ensartet ydeevne og holdbarhed. Vi s\u00e6tter en \u00e6re i ikke kun at tilbyde produkter af h\u00f8j kvalitet, men ogs\u00e5 konkurrencedygtige priser, s\u00e5 vores kunder kan drage fordel af b\u00e5de overkommelige priser og ekspertise.<\/p>\n<p>Vi anerkender, at hvert projekt er unikt, og vores team yder individuel kundeservice for at sikre, at du f\u00e5r de bedste produkter til dine specifikke behov. Fra at hj\u00e6lpe dig med at v\u00e6lge den rigtige type aluminiumsformb\u00e5nd til at yde l\u00f8bende support under hele dit projekt, er vi forpligtet til at g\u00f8re din k\u00f8bsoplevelse glat og effektiv. Qingdao H&amp;F har tjent byggebranchen i 20 \u00e5r og har opn\u00e5et et ry for p\u00e5lidelighed, trov\u00e6rdighed og kundetilfredshed.<\/p>\n<h3><strong>Konklusion: Hvorfor aluminiumsb\u00e5nd fra Qingdao H&amp;F?<\/strong><\/h3>\n<p>Det er vigtigt at v\u00e6lge de rigtige formbindere for at sikre, at dine byggeprojekter bliver en succes, og formbindere i aluminium tilbyder en kombination af styrke, holdbarhed og omkostningseffektivitet, som kun f\u00e5 andre materialer kan matche. Hos Qingdao H&amp;F leverer vi f\u00f8rsteklasses aluminiumsb\u00e5nd, der opfylder behovene i moderne byggeri og sikrer, at dine projekter er bygget til at holde. Med vores fokus p\u00e5 kvalitet, konkurrencedygtige priser og uovertruffen kundeservice er vi din betroede partner, n\u00e5r det g\u00e6lder om at opn\u00e5 fremragende byggeri. Uanset om du arbejder p\u00e5 et mindre projekt eller en st\u00f8rre infrastrukturudvikling, vil vores aluminiumsb\u00e5nd hj\u00e6lpe dig med at opn\u00e5 optimale resultater hver gang.<\/p>","protected":false},"excerpt":{"rendered":"<p><strong>Opn\u00e5 pr\u00e6cise betonv\u00e6gsdimensioner og sikre strukturel integritet<\/strong> med Aluminum Form Wall Ties, en vigtig komponent i aluminiumsforskallingssystemer. Disse b\u00e5nd arbejder sammen med aluminiumsformstifter og aluminiumsformkiler for at skabe et robust og effektivt v\u00e6gforskallingssystem. <strong>St\u00f8rrelser p\u00e5 v\u00e6gtykkelse<\/strong> for at im\u00f8dekomme forskellige betonv\u00e6gsdesigns. Almindelige st\u00f8rrelser omfatter <strong>6\" - 24\"<\/strong>Det g\u00f8r det nemt at bygge v\u00e6gge i forskellige tykkelser.<\/p>","protected":false},"featured_media":7168,"comment_status":"open","ping_status":"closed","template":"","meta":{"site-sidebar-layout":"default","site-content-layout":"","ast-site-content-layout":"default","site-content-style":"default","site-sidebar-style":"default","ast-global-header-display":"","ast-banner-title-visibility":"","ast-main-header-display":"","ast-hfb-above-header-display":"","ast-hfb-below-header-display":"","ast-hfb-mobile-header-display":"","site-post-title":"","ast-breadcrumbs-content":"","ast-featured-img":"","footer-sml-layout":"","theme-transparent-header-meta":"default","adv-header-id-meta":"","stick-header-meta":"default","header-above-stick-meta":"","header-main-stick-meta":"","header-below-stick-meta":"","astra-migrate-meta-layouts":"set","ast-page-background-enabled":"default","ast-page-background-meta":{"desktop":{"background-color":"","background-image":"","background-repeat":"repeat","background-position":"center center","background-size":"auto","background-attachment":"scroll","background-type":"","background-media":"","overlay-type":"","overlay-color":"","overlay-opacity":"","overlay-gradient":""},"tablet":{"background-color":"","background-image":"","background-repeat":"repeat","background-position":"center center","background-size":"auto","background-attachment":"scroll","background-type":"","background-media":"","overlay-type":"","overlay-color":"","overlay-opacity":"","overlay-gradient":""},"mobile":{"background-color":"","background-image":"","background-repeat":"repeat","background-position":"center center","background-size":"auto","background-attachment":"scroll","background-type":"","background-media":"","overlay-type":"","overlay-color":"","overlay-opacity":"","overlay-gradient":""}},"ast-content-background-meta":{"desktop":{"background-color":"var(--ast-global-color-5)","background-image":"","background-repeat":"repeat","background-position":"center center","background-size":"auto","background-attachment":"scroll","background-type":"","background-media":"","overlay-type":"","overlay-color":"","overlay-opacity":"","overlay-gradient":""},"tablet":{"background-color":"var(--ast-global-color-5)","background-image":"","background-repeat":"repeat","background-position":"center center","background-size":"auto","background-attachment":"scroll","background-type":"","background-media":"","overlay-type":"","overlay-color":"","overlay-opacity":"","overlay-gradient":""},"mobile":{"background-color":"var(--ast-global-color-5)","background-image":"","background-repeat":"repeat","background-position":"center center","background-size":"auto","background-attachment":"scroll","background-type":"","background-media":"","overlay-type":"","overlay-color":"","overlay-opacity":"","overlay-gradient":""}}},"product_brand":[],"product_cat":[65],"product_tag":[],"class_list":{"0":"post-7163","1":"product","2":"type-product","3":"status-publish","4":"has-post-thumbnail","6":"product_cat-aluminum-form-tie","7":"desktop-align-left","8":"tablet-align-left","9":"mobile-align-left","10":"ast-product-gallery-layout-horizontal-slider","11":"ast-product-tabs-layout-horizontal","13":"first","14":"instock","15":"shipping-taxable","16":"purchasable","17":"product-type-simple"},"yoast_head":"<!-- This site is optimized with the Yoast SEO plugin v25.2 - https:\/\/yoast.com\/wordpress\/plugins\/seo\/ -->\n<title>Aluminum Form Wall Ties<\/title>\n<meta name=\"description\" content=\"Aluminum Form Wall Ties are available in a range of Wall Thickness Sizes to accommodate various concrete wall designs. Common sizes include 6\u201d - 24\u201d.\" \/>\n<meta name=\"robots\" content=\"index, follow, max-snippet:-1, max-image-preview:large, max-video-preview:-1\" \/>\n<link rel=\"canonical\" href=\"https:\/\/qingdaohf.com\/da\/vare\/aluminiumsformede-vaegbindere\/\" \/>\n<meta property=\"og:locale\" content=\"da_DK\" \/>\n<meta property=\"og:type\" content=\"article\" \/>\n<meta property=\"og:title\" content=\"Aluminum Form Wall Ties\" \/>\n<meta property=\"og:description\" content=\"Aluminum Form Wall Ties are available in a range of Wall Thickness Sizes to accommodate various concrete wall designs. Common sizes include 6\u201d - 24\u201d.\" \/>\n<meta property=\"og:url\" content=\"https:\/\/qingdaohf.com\/da\/vare\/aluminiumsformede-vaegbindere\/\" \/>\n<meta property=\"og:site_name\" content=\"Concrete Form &amp; Rigging Hardware Supplier\" \/>\n<meta property=\"article:publisher\" content=\"https:\/\/www.facebook.com\/qingdaohf\" \/>\n<meta property=\"article:modified_time\" content=\"2025-11-13T01:03:16+00:00\" \/>\n<meta property=\"og:image\" content=\"https:\/\/qingdaohf.com\/wp-content\/uploads\/2024\/05\/Aluminum-Form-Wall-Ties-1.jpg\" \/>\n\t<meta property=\"og:image:width\" content=\"1000\" \/>\n\t<meta property=\"og:image:height\" content=\"1000\" \/>\n\t<meta property=\"og:image:type\" content=\"image\/jpeg\" \/>\n<meta name=\"twitter:card\" content=\"summary_large_image\" \/>\n<meta name=\"twitter:label1\" content=\"Estimeret l\u00e6setid\" \/>\n\t<meta name=\"twitter:data1\" content=\"4 minutter\" \/>\n<script type=\"application\/ld+json\" class=\"yoast-schema-graph\">{\"@context\":\"https:\/\/schema.org\",\"@graph\":[{\"@type\":\"WebPage\",\"@id\":\"https:\/\/qingdaohf.com\/product\/aluminum-form-wall-ties\/\",\"url\":\"https:\/\/qingdaohf.com\/product\/aluminum-form-wall-ties\/\",\"name\":\"Aluminum Form Wall Ties\",\"isPartOf\":{\"@id\":\"https:\/\/qingdaohf.com\/bg\/#website\"},\"primaryImageOfPage\":{\"@id\":\"https:\/\/qingdaohf.com\/product\/aluminum-form-wall-ties\/#primaryimage\"},\"image\":{\"@id\":\"https:\/\/qingdaohf.com\/product\/aluminum-form-wall-ties\/#primaryimage\"},\"thumbnailUrl\":\"https:\/\/qingdaohf.com\/wp-content\/uploads\/2024\/05\/Aluminum-Form-Wall-Ties-1.jpg\",\"datePublished\":\"2024-05-20T05:42:36+00:00\",\"dateModified\":\"2025-11-13T01:03:16+00:00\",\"description\":\"Aluminum Form Wall Ties are available in a range of Wall Thickness Sizes to accommodate various concrete wall designs. Common sizes include 6\u201d - 24\u201d.\",\"breadcrumb\":{\"@id\":\"https:\/\/qingdaohf.com\/product\/aluminum-form-wall-ties\/#breadcrumb\"},\"inLanguage\":\"da-DK\",\"potentialAction\":[{\"@type\":\"ReadAction\",\"target\":[\"https:\/\/qingdaohf.com\/product\/aluminum-form-wall-ties\/\"]}]},{\"@type\":\"ImageObject\",\"inLanguage\":\"da-DK\",\"@id\":\"https:\/\/qingdaohf.com\/product\/aluminum-form-wall-ties\/#primaryimage\",\"url\":\"https:\/\/qingdaohf.com\/wp-content\/uploads\/2024\/05\/Aluminum-Form-Wall-Ties-1.jpg\",\"contentUrl\":\"https:\/\/qingdaohf.com\/wp-content\/uploads\/2024\/05\/Aluminum-Form-Wall-Ties-1.jpg\",\"width\":1000,\"height\":1000,\"caption\":\"Aluminum Form Wall Ties\"},{\"@type\":\"BreadcrumbList\",\"@id\":\"https:\/\/qingdaohf.com\/product\/aluminum-form-wall-ties\/#breadcrumb\",\"itemListElement\":[{\"@type\":\"ListItem\",\"position\":1,\"name\":\"Home\",\"item\":\"https:\/\/qingdaohf.com\/\"},{\"@type\":\"ListItem\",\"position\":2,\"name\":\"Concrete Forming Accessories and Rigging Hardware\",\"item\":\"https:\/\/qingdaohf.com\/bg\/?page_id=944\"},{\"@type\":\"ListItem\",\"position\":3,\"name\":\"Aluminum Form Wall Ties\"}]},{\"@type\":\"WebSite\",\"@id\":\"https:\/\/qingdaohf.com\/bg\/#website\",\"url\":\"https:\/\/qingdaohf.com\/bg\/\",\"name\":\"Concrete Form & Rigging Hardware Supplier\",\"description\":\"\",\"publisher\":{\"@id\":\"https:\/\/qingdaohf.com\/bg\/#organization\"},\"potentialAction\":[{\"@type\":\"SearchAction\",\"target\":{\"@type\":\"EntryPoint\",\"urlTemplate\":\"https:\/\/qingdaohf.com\/bg\/?s={search_term_string}\"},\"query-input\":{\"@type\":\"PropertyValueSpecification\",\"valueRequired\":true,\"valueName\":\"search_term_string\"}}],\"inLanguage\":\"da-DK\"},{\"@type\":\"Organization\",\"@id\":\"https:\/\/qingdaohf.com\/bg\/#organization\",\"name\":\"Qingdao H&F\",\"url\":\"https:\/\/qingdaohf.com\/bg\/\",\"logo\":{\"@type\":\"ImageObject\",\"inLanguage\":\"da-DK\",\"@id\":\"https:\/\/qingdaohf.com\/bg\/#\/schema\/logo\/image\/\",\"url\":\"https:\/\/qingdaohf.com\/wp-content\/uploads\/2022\/12\/cropped-HF-LOGO.png\",\"contentUrl\":\"https:\/\/qingdaohf.com\/wp-content\/uploads\/2022\/12\/cropped-HF-LOGO.png\",\"width\":391,\"height\":249,\"caption\":\"Qingdao H&F\"},\"image\":{\"@id\":\"https:\/\/qingdaohf.com\/bg\/#\/schema\/logo\/image\/\"},\"sameAs\":[\"https:\/\/www.facebook.com\/qingdaohf\"]}]}<\/script>\n<!-- \/ Yoast SEO plugin. -->","yoast_head_json":{"title":"Aluminum Form Wall Ties","description":"Aluminum Form Wall Ties are available in a range of Wall Thickness Sizes to accommodate various concrete wall designs. Common sizes include 6\u201d - 24\u201d.","robots":{"index":"index","follow":"follow","max-snippet":"max-snippet:-1","max-image-preview":"max-image-preview:large","max-video-preview":"max-video-preview:-1"},"canonical":"https:\/\/qingdaohf.com\/da\/vare\/aluminiumsformede-vaegbindere\/","og_locale":"da_DK","og_type":"article","og_title":"Aluminum Form Wall Ties","og_description":"Aluminum Form Wall Ties are available in a range of Wall Thickness Sizes to accommodate various concrete wall designs. Common sizes include 6\u201d - 24\u201d.","og_url":"https:\/\/qingdaohf.com\/da\/vare\/aluminiumsformede-vaegbindere\/","og_site_name":"Concrete Form &amp; Rigging Hardware Supplier","article_publisher":"https:\/\/www.facebook.com\/qingdaohf","article_modified_time":"2025-11-13T01:03:16+00:00","og_image":[{"width":1000,"height":1000,"url":"https:\/\/qingdaohf.com\/wp-content\/uploads\/2024\/05\/Aluminum-Form-Wall-Ties-1.jpg","type":"image\/jpeg"}],"twitter_card":"summary_large_image","twitter_misc":{"Estimeret l\u00e6setid":"4 minutter"},"schema":{"@context":"https:\/\/schema.org","@graph":[{"@type":"WebPage","@id":"https:\/\/qingdaohf.com\/product\/aluminum-form-wall-ties\/","url":"https:\/\/qingdaohf.com\/product\/aluminum-form-wall-ties\/","name":"Aluminum Form Wall Ties","isPartOf":{"@id":"https:\/\/qingdaohf.com\/bg\/#website"},"primaryImageOfPage":{"@id":"https:\/\/qingdaohf.com\/product\/aluminum-form-wall-ties\/#primaryimage"},"image":{"@id":"https:\/\/qingdaohf.com\/product\/aluminum-form-wall-ties\/#primaryimage"},"thumbnailUrl":"https:\/\/qingdaohf.com\/wp-content\/uploads\/2024\/05\/Aluminum-Form-Wall-Ties-1.jpg","datePublished":"2024-05-20T05:42:36+00:00","dateModified":"2025-11-13T01:03:16+00:00","description":"Aluminum Form Wall Ties are available in a range of Wall Thickness Sizes to accommodate various concrete wall designs. Common sizes include 6\u201d - 24\u201d.","breadcrumb":{"@id":"https:\/\/qingdaohf.com\/product\/aluminum-form-wall-ties\/#breadcrumb"},"inLanguage":"da-DK","potentialAction":[{"@type":"ReadAction","target":["https:\/\/qingdaohf.com\/product\/aluminum-form-wall-ties\/"]}]},{"@type":"ImageObject","inLanguage":"da-DK","@id":"https:\/\/qingdaohf.com\/product\/aluminum-form-wall-ties\/#primaryimage","url":"https:\/\/qingdaohf.com\/wp-content\/uploads\/2024\/05\/Aluminum-Form-Wall-Ties-1.jpg","contentUrl":"https:\/\/qingdaohf.com\/wp-content\/uploads\/2024\/05\/Aluminum-Form-Wall-Ties-1.jpg","width":1000,"height":1000,"caption":"Aluminum Form Wall Ties"},{"@type":"BreadcrumbList","@id":"https:\/\/qingdaohf.com\/product\/aluminum-form-wall-ties\/#breadcrumb","itemListElement":[{"@type":"ListItem","position":1,"name":"Home","item":"https:\/\/qingdaohf.com\/"},{"@type":"ListItem","position":2,"name":"Concrete Forming Accessories and Rigging Hardware","item":"https:\/\/qingdaohf.com\/bg\/?page_id=944"},{"@type":"ListItem","position":3,"name":"Aluminum Form Wall Ties"}]},{"@type":"WebSite","@id":"https:\/\/qingdaohf.com\/bg\/#website","url":"https:\/\/qingdaohf.com\/bg\/","name":"Concrete Form & Rigging Hardware Supplier","description":"","publisher":{"@id":"https:\/\/qingdaohf.com\/bg\/#organization"},"potentialAction":[{"@type":"SearchAction","target":{"@type":"EntryPoint","urlTemplate":"https:\/\/qingdaohf.com\/bg\/?s={search_term_string}"},"query-input":{"@type":"PropertyValueSpecification","valueRequired":true,"valueName":"search_term_string"}}],"inLanguage":"da-DK"},{"@type":"Organization","@id":"https:\/\/qingdaohf.com\/bg\/#organization","name":"Qingdao H&F","url":"https:\/\/qingdaohf.com\/bg\/","logo":{"@type":"ImageObject","inLanguage":"da-DK","@id":"https:\/\/qingdaohf.com\/bg\/#\/schema\/logo\/image\/","url":"https:\/\/qingdaohf.com\/wp-content\/uploads\/2022\/12\/cropped-HF-LOGO.png","contentUrl":"https:\/\/qingdaohf.com\/wp-content\/uploads\/2022\/12\/cropped-HF-LOGO.png","width":391,"height":249,"caption":"Qingdao H&F"},"image":{"@id":"https:\/\/qingdaohf.com\/bg\/#\/schema\/logo\/image\/"},"sameAs":["https:\/\/www.facebook.com\/qingdaohf"]}]}},"_links":{"self":[{"href":"https:\/\/qingdaohf.com\/da\/wp-json\/wp\/v2\/product\/7163","targetHints":{"allow":["GET"]}}],"collection":[{"href":"https:\/\/qingdaohf.com\/da\/wp-json\/wp\/v2\/product"}],"about":[{"href":"https:\/\/qingdaohf.com\/da\/wp-json\/wp\/v2\/types\/product"}],"replies":[{"embeddable":true,"href":"https:\/\/qingdaohf.com\/da\/wp-json\/wp\/v2\/comments?post=7163"}],"version-history":[{"count":3,"href":"https:\/\/qingdaohf.com\/da\/wp-json\/wp\/v2\/product\/7163\/revisions"}],"predecessor-version":[{"id":8094,"href":"https:\/\/qingdaohf.com\/da\/wp-json\/wp\/v2\/product\/7163\/revisions\/8094"}],"wp:featuredmedia":[{"embeddable":true,"href":"https:\/\/qingdaohf.com\/da\/wp-json\/wp\/v2\/media\/7168"}],"wp:attachment":[{"href":"https:\/\/qingdaohf.com\/da\/wp-json\/wp\/v2\/media?parent=7163"}],"wp:term":[{"taxonomy":"product_brand","embeddable":true,"href":"https:\/\/qingdaohf.com\/da\/wp-json\/wp\/v2\/product_brand?post=7163"},{"taxonomy":"product_cat","embeddable":true,"href":"https:\/\/qingdaohf.com\/da\/wp-json\/wp\/v2\/product_cat?post=7163"},{"taxonomy":"product_tag","embeddable":true,"href":"https:\/\/qingdaohf.com\/da\/wp-json\/wp\/v2\/product_tag?post=7163"}],"curies":[{"name":"wp","href":"https:\/\/api.w.org\/{rel}","templated":true}]}}