{"id":7535,"date":"2024-06-28T14:33:31","date_gmt":"2024-06-28T06:33:31","guid":{"rendered":"http:\/\/qingdaohf.com\/?post_type=product&#038;p=7535"},"modified":"2025-11-13T09:03:14","modified_gmt":"2025-11-13T01:03:14","slug":"j-hook-tow-chain","status":"publish","type":"product","link":"https:\/\/qingdaohf.com\/da\/vare\/j-krog-bugseringskaede\/","title":{"rendered":"J-krog bugseringsk\u00e6de"},"content":{"rendered":"<h3><strong>Vi pr\u00e6senterer J Hook bugseringsk\u00e6den<\/strong><\/h3>\n<p>J Hook Tow Chain er en kritisk komponent i bugserings- og bj\u00e6rgningsindustrien, kendt for sin robusthed og alsidighed. K\u00e6den er fremstillet af h\u00f8jstyrkest\u00e5l og er designet til at klare de mest kr\u00e6vende bugseringsopgaver uden problemer. Uanset om du er professionel bugseringsoperat\u00f8r eller g\u00f8r-det-selv-entusiast, er J Hook Tow Chain et vigtigt v\u00e6rkt\u00f8j til sikker og effektiv transport af k\u00f8ret\u00f8jer og tunge laster.<\/p>\n<p><img fetchpriority=\"high\" decoding=\"async\" class=\"alignnone size-full wp-image-7518\" src=\"http:\/\/qingdaohf.com\/wp-content\/uploads\/2024\/06\/G70-TOW-CHAIN-3.webp\" alt=\"K\u00e6de med J-krog\" width=\"1000\" height=\"1000\" srcset=\"https:\/\/qingdaohf.com\/wp-content\/uploads\/2024\/06\/G70-TOW-CHAIN-3.webp 1000w, https:\/\/qingdaohf.com\/wp-content\/uploads\/2024\/06\/G70-TOW-CHAIN-3-300x300.webp 300w, https:\/\/qingdaohf.com\/wp-content\/uploads\/2024\/06\/G70-TOW-CHAIN-3-150x150.webp 150w, https:\/\/qingdaohf.com\/wp-content\/uploads\/2024\/06\/G70-TOW-CHAIN-3-768x768.webp 768w, https:\/\/qingdaohf.com\/wp-content\/uploads\/2024\/06\/G70-TOW-CHAIN-3-12x12.webp 12w, https:\/\/qingdaohf.com\/wp-content\/uploads\/2024\/06\/G70-TOW-CHAIN-3-500x500.webp 500w, https:\/\/qingdaohf.com\/wp-content\/uploads\/2024\/06\/G70-TOW-CHAIN-3-100x100.webp 100w\" sizes=\"(max-width: 1000px) 100vw, 1000px\" \/><\/p>\n<h3><strong>Anvendelser af J Hook-sl\u00e6bek\u00e6den<\/strong><\/h3>\n<p>J Hook bugseringsk\u00e6den udm\u00e6rker sig ved en r\u00e6kke forskellige anvendelsesmuligheder. Den bruges ofte til bj\u00e6rgning af k\u00f8ret\u00f8jer, hvor dens styrke og p\u00e5lidelighed er altafg\u00f8rende. J Hook-designet giver mulighed for sikker fastg\u00f8relse til k\u00f8ret\u00f8jsrammer, aksler og andre ankerpunkter, hvilket sikrer, at lasten holdes godt p\u00e5 plads under transporten. K\u00e6den er ogs\u00e5 uundv\u00e6rlig til fastg\u00f8relse af last p\u00e5 trailere, hvilket giver et ekstra lag af sikkerhed under transport.<\/p>\n<p>Ud over bj\u00e6rgning af k\u00f8ret\u00f8jer er J Hook tr\u00e6kk\u00e6den ideel til en lang r\u00e6kke tunge opgaver. Byggefolk bruger den til at sikre udstyr og materialer, mens landm\u00e6nd og kv\u00e6gavlere finder den uvurderlig til at tr\u00e6kke og sikre tunge genstande. Dens alsidighed g\u00f8r den til en god l\u00f8sning til enhver opgave, der kr\u00e6ver st\u00e6rke, p\u00e5lidelige k\u00e6der.<\/p>\n<h3><strong>Funktioner og fordele<\/strong><\/h3>\n<p>En af de mest fremtr\u00e6dende egenskaber ved J Hook bugseringsk\u00e6den er dens holdbarhed. Den er fremstillet af st\u00e5l af h\u00f8j kvalitet og er designet til at modst\u00e5 ekstrem stress og tunge belastninger uden at b\u00f8je eller kn\u00e6kke. K\u00e6den er ogs\u00e5 behandlet med en korrosionsbestandig bel\u00e6gning, der sikrer lang levetid selv i barske milj\u00f8er. Denne holdbarhed betyder langsigtet p\u00e5lidelighed, hvilket g\u00f8r J Hook Tow Chain til en omkostningseffektiv investering for b\u00e5de professionelle og hobbyfolk.<\/p>\n<p>En anden vigtig fordel ved J Hook bugseringsk\u00e6den er dens brugervenlighed. J Hook-designet giver mulighed for hurtig og sikker fastg\u00f8relse til forskellige ankerpunkter, hvilket reducerer ops\u00e6tningstiden og \u00f8ger effektiviteten. K\u00e6den f\u00e5s i flere l\u00e6ngder og belastningskapaciteter, s\u00e5 brugerne kan v\u00e6lge den perfekte l\u00f8sning til deres specifikke behov. Denne fleksibilitet sikrer, at J Hook Tow Chain kan h\u00e5ndtere en bred vifte af bugserings- og fastg\u00f8relsesopgaver.<\/p>\n<h3><strong>Hvorfor v\u00e6lge en J Hook tr\u00e6kk\u00e6de?<\/strong><\/h3>\n<p>Sikkerhed er en topprioritet, n\u00e5r det drejer sig om bugsering og lastsikring, og J Hook Tow Chain leverer varen p\u00e5 denne front. Dens robuste konstruktion og sikre fastg\u00f8relsesmuligheder giver ro i sindet, fordi du ved, at din last er sikkert fastgjort. K\u00e6dens h\u00f8je belastningskapacitet betyder, at den kan h\u00e5ndtere selv de tungeste k\u00f8ret\u00f8jer og det tungeste udstyr, hvilket g\u00f8r den til et p\u00e5lideligt valg til kr\u00e6vende opgaver.<\/p>\n<p>Desuden er J Hook Tow Chain designet med alsidighed for \u00f8je. Dens evne til at tilpasse sig forskellige anvendelser g\u00f8r den til et v\u00e6rdifuldt v\u00e6rkt\u00f8j i forskellige brancher. Uanset om du er involveret i bj\u00e6rgning af k\u00f8ret\u00f8jer, byggeri, landbrug eller generelle tunge opgaver, tilbyder J Hook Tow Chain den ydeevne og p\u00e5lidelighed, du har brug for.<\/p>\n<p>Konklusionen er, at J Hook Tow Chain er et fremragende valg for alle, der har brug for en st\u00e6rk, holdbar og alsidig l\u00f8sning til bugsering og sikring. Dens konstruktion af h\u00f8j kvalitet, brugervenlighed og brede vifte af anvendelsesmuligheder g\u00f8r den til et uundv\u00e6rligt v\u00e6rkt\u00f8j for b\u00e5de professionelle og entusiaster. Invester i J Hook Tow Chain i dag, og oplev den ro i sindet, der f\u00f8lger med at vide, at dine bugserings- og fastg\u00f8relsesopgaver h\u00e5ndteres med den st\u00f8rste p\u00e5lidelighed og sikkerhed.<\/p>","protected":false},"excerpt":{"rendered":"<p>J Hook bugseringsk\u00e6den er et holdbart og alsidigt v\u00e6rkt\u00f8j, der er designet til kr\u00e6vende bugseringsopgaver. Den er fremstillet af st\u00e5l af h\u00f8j kvalitet og har en enest\u00e5ende styrke og p\u00e5lidelighed. J Hook Tow Chain er ideel til bugsering af k\u00f8ret\u00f8jer, sikring af last og meget mere og sikrer sikkerhed og effektivitet. Den f\u00e5s i forskellige l\u00e6ngder og kapaciteter og opfylder en bred vifte af bugseringsbehov.<\/p>","protected":false},"featured_media":8183,"comment_status":"open","ping_status":"closed","template":"","meta":{"site-sidebar-layout":"default","site-content-layout":"","ast-site-content-layout":"default","site-content-style":"default","site-sidebar-style":"default","ast-global-header-display":"","ast-banner-title-visibility":"","ast-main-header-display":"","ast-hfb-above-header-display":"","ast-hfb-below-header-display":"","ast-hfb-mobile-header-display":"","site-post-title":"","ast-breadcrumbs-content":"","ast-featured-img":"","footer-sml-layout":"","theme-transparent-header-meta":"default","adv-header-id-meta":"","stick-header-meta":"default","header-above-stick-meta":"","header-main-stick-meta":"","header-below-stick-meta":"","astra-migrate-meta-layouts":"set","ast-page-background-enabled":"default","ast-page-background-meta":{"desktop":{"background-color":"","background-image":"","background-repeat":"repeat","background-position":"center center","background-size":"auto","background-attachment":"scroll","background-type":"","background-media":"","overlay-type":"","overlay-color":"","overlay-opacity":"","overlay-gradient":""},"tablet":{"background-color":"","background-image":"","background-repeat":"repeat","background-position":"center center","background-size":"auto","background-attachment":"scroll","background-type":"","background-media":"","overlay-type":"","overlay-color":"","overlay-opacity":"","overlay-gradient":""},"mobile":{"background-color":"","background-image":"","background-repeat":"repeat","background-position":"center center","background-size":"auto","background-attachment":"scroll","background-type":"","background-media":"","overlay-type":"","overlay-color":"","overlay-opacity":"","overlay-gradient":""}},"ast-content-background-meta":{"desktop":{"background-color":"var(--ast-global-color-5)","background-image":"","background-repeat":"repeat","background-position":"center center","background-size":"auto","background-attachment":"scroll","background-type":"","background-media":"","overlay-type":"","overlay-color":"","overlay-opacity":"","overlay-gradient":""},"tablet":{"background-color":"var(--ast-global-color-5)","background-image":"","background-repeat":"repeat","background-position":"center center","background-size":"auto","background-attachment":"scroll","background-type":"","background-media":"","overlay-type":"","overlay-color":"","overlay-opacity":"","overlay-gradient":""},"mobile":{"background-color":"var(--ast-global-color-5)","background-image":"","background-repeat":"repeat","background-position":"center center","background-size":"auto","background-attachment":"scroll","background-type":"","background-media":"","overlay-type":"","overlay-color":"","overlay-opacity":"","overlay-gradient":""}}},"product_brand":[],"product_cat":[51,38],"product_tag":[],"class_list":{"0":"post-7535","1":"product","2":"type-product","3":"status-publish","4":"has-post-thumbnail","6":"product_cat-riggging-hardware","7":"product_cat-chain","8":"desktop-align-left","9":"tablet-align-left","10":"mobile-align-left","11":"ast-product-gallery-layout-horizontal-slider","12":"ast-product-tabs-layout-horizontal","14":"first","15":"instock","16":"shipping-taxable","17":"purchasable","18":"product-type-simple"},"yoast_head":"<!-- This site is optimized with the Yoast SEO plugin v25.2 - https:\/\/yoast.com\/wordpress\/plugins\/seo\/ -->\n<title>J Hook Tow Chain<\/title>\n<meta name=\"description\" content=\"J Hook Tow Chain is a durable and versatile tool designed for heavy-duty towing applications. Constructed from high-quality steel, it offers exceptional strength and reliability.\" \/>\n<meta name=\"robots\" content=\"index, follow, max-snippet:-1, max-image-preview:large, max-video-preview:-1\" \/>\n<link rel=\"canonical\" href=\"https:\/\/qingdaohf.com\/da\/vare\/j-krog-bugseringskaede\/\" \/>\n<meta property=\"og:locale\" content=\"da_DK\" \/>\n<meta property=\"og:type\" content=\"article\" \/>\n<meta property=\"og:title\" content=\"J Hook Tow Chain\" \/>\n<meta property=\"og:description\" content=\"J Hook Tow Chain is a durable and versatile tool designed for heavy-duty towing applications. Constructed from high-quality steel, it offers exceptional strength and reliability.\" \/>\n<meta property=\"og:url\" content=\"https:\/\/qingdaohf.com\/da\/vare\/j-krog-bugseringskaede\/\" \/>\n<meta property=\"og:site_name\" content=\"Concrete Form &amp; Rigging Hardware Supplier\" \/>\n<meta property=\"article:publisher\" content=\"https:\/\/www.facebook.com\/qingdaohf\" \/>\n<meta property=\"article:modified_time\" content=\"2025-11-13T01:03:14+00:00\" \/>\n<meta property=\"og:image\" content=\"https:\/\/qingdaohf.com\/wp-content\/uploads\/2024\/06\/J-hook-chain-5.webp\" \/>\n\t<meta property=\"og:image:width\" content=\"1000\" \/>\n\t<meta property=\"og:image:height\" content=\"1000\" \/>\n\t<meta property=\"og:image:type\" content=\"image\/webp\" \/>\n<meta name=\"twitter:card\" content=\"summary_large_image\" \/>\n<meta name=\"twitter:label1\" content=\"Estimeret l\u00e6setid\" \/>\n\t<meta name=\"twitter:data1\" content=\"3 minutter\" \/>\n<script type=\"application\/ld+json\" class=\"yoast-schema-graph\">{\"@context\":\"https:\/\/schema.org\",\"@graph\":[{\"@type\":\"WebPage\",\"@id\":\"https:\/\/qingdaohf.com\/product\/j-hook-tow-chain\/\",\"url\":\"https:\/\/qingdaohf.com\/product\/j-hook-tow-chain\/\",\"name\":\"J Hook Tow Chain\",\"isPartOf\":{\"@id\":\"https:\/\/qingdaohf.com\/bg\/#website\"},\"primaryImageOfPage\":{\"@id\":\"https:\/\/qingdaohf.com\/product\/j-hook-tow-chain\/#primaryimage\"},\"image\":{\"@id\":\"https:\/\/qingdaohf.com\/product\/j-hook-tow-chain\/#primaryimage\"},\"thumbnailUrl\":\"https:\/\/qingdaohf.com\/wp-content\/uploads\/2024\/06\/J-hook-chain-5.webp\",\"datePublished\":\"2024-06-28T06:33:31+00:00\",\"dateModified\":\"2025-11-13T01:03:14+00:00\",\"description\":\"J Hook Tow Chain is a durable and versatile tool designed for heavy-duty towing applications. Constructed from high-quality steel, it offers exceptional strength and reliability.\",\"breadcrumb\":{\"@id\":\"https:\/\/qingdaohf.com\/product\/j-hook-tow-chain\/#breadcrumb\"},\"inLanguage\":\"da-DK\",\"potentialAction\":[{\"@type\":\"ReadAction\",\"target\":[\"https:\/\/qingdaohf.com\/product\/j-hook-tow-chain\/\"]}]},{\"@type\":\"ImageObject\",\"inLanguage\":\"da-DK\",\"@id\":\"https:\/\/qingdaohf.com\/product\/j-hook-tow-chain\/#primaryimage\",\"url\":\"https:\/\/qingdaohf.com\/wp-content\/uploads\/2024\/06\/J-hook-chain-5.webp\",\"contentUrl\":\"https:\/\/qingdaohf.com\/wp-content\/uploads\/2024\/06\/J-hook-chain-5.webp\",\"width\":1000,\"height\":1000,\"caption\":\"J hook chain\"},{\"@type\":\"BreadcrumbList\",\"@id\":\"https:\/\/qingdaohf.com\/product\/j-hook-tow-chain\/#breadcrumb\",\"itemListElement\":[{\"@type\":\"ListItem\",\"position\":1,\"name\":\"Home\",\"item\":\"https:\/\/qingdaohf.com\/\"},{\"@type\":\"ListItem\",\"position\":2,\"name\":\"Concrete Forming Accessories and Rigging Hardware\",\"item\":\"https:\/\/qingdaohf.com\/bg\/?page_id=944\"},{\"@type\":\"ListItem\",\"position\":3,\"name\":\"J Hook Tow Chain\"}]},{\"@type\":\"WebSite\",\"@id\":\"https:\/\/qingdaohf.com\/bg\/#website\",\"url\":\"https:\/\/qingdaohf.com\/bg\/\",\"name\":\"Concrete Form & Rigging Hardware Supplier\",\"description\":\"\",\"publisher\":{\"@id\":\"https:\/\/qingdaohf.com\/bg\/#organization\"},\"potentialAction\":[{\"@type\":\"SearchAction\",\"target\":{\"@type\":\"EntryPoint\",\"urlTemplate\":\"https:\/\/qingdaohf.com\/bg\/?s={search_term_string}\"},\"query-input\":{\"@type\":\"PropertyValueSpecification\",\"valueRequired\":true,\"valueName\":\"search_term_string\"}}],\"inLanguage\":\"da-DK\"},{\"@type\":\"Organization\",\"@id\":\"https:\/\/qingdaohf.com\/bg\/#organization\",\"name\":\"Qingdao H&F\",\"url\":\"https:\/\/qingdaohf.com\/bg\/\",\"logo\":{\"@type\":\"ImageObject\",\"inLanguage\":\"da-DK\",\"@id\":\"https:\/\/qingdaohf.com\/bg\/#\/schema\/logo\/image\/\",\"url\":\"https:\/\/qingdaohf.com\/wp-content\/uploads\/2022\/12\/cropped-HF-LOGO.png\",\"contentUrl\":\"https:\/\/qingdaohf.com\/wp-content\/uploads\/2022\/12\/cropped-HF-LOGO.png\",\"width\":391,\"height\":249,\"caption\":\"Qingdao H&F\"},\"image\":{\"@id\":\"https:\/\/qingdaohf.com\/bg\/#\/schema\/logo\/image\/\"},\"sameAs\":[\"https:\/\/www.facebook.com\/qingdaohf\"]}]}<\/script>\n<!-- \/ Yoast SEO plugin. -->","yoast_head_json":{"title":"J Hook Tow Chain","description":"J Hook Tow Chain is a durable and versatile tool designed for heavy-duty towing applications. Constructed from high-quality steel, it offers exceptional strength and reliability.","robots":{"index":"index","follow":"follow","max-snippet":"max-snippet:-1","max-image-preview":"max-image-preview:large","max-video-preview":"max-video-preview:-1"},"canonical":"https:\/\/qingdaohf.com\/da\/vare\/j-krog-bugseringskaede\/","og_locale":"da_DK","og_type":"article","og_title":"J Hook Tow Chain","og_description":"J Hook Tow Chain is a durable and versatile tool designed for heavy-duty towing applications. Constructed from high-quality steel, it offers exceptional strength and reliability.","og_url":"https:\/\/qingdaohf.com\/da\/vare\/j-krog-bugseringskaede\/","og_site_name":"Concrete Form &amp; Rigging Hardware Supplier","article_publisher":"https:\/\/www.facebook.com\/qingdaohf","article_modified_time":"2025-11-13T01:03:14+00:00","og_image":[{"width":1000,"height":1000,"url":"https:\/\/qingdaohf.com\/wp-content\/uploads\/2024\/06\/J-hook-chain-5.webp","type":"image\/webp"}],"twitter_card":"summary_large_image","twitter_misc":{"Estimeret l\u00e6setid":"3 minutter"},"schema":{"@context":"https:\/\/schema.org","@graph":[{"@type":"WebPage","@id":"https:\/\/qingdaohf.com\/product\/j-hook-tow-chain\/","url":"https:\/\/qingdaohf.com\/product\/j-hook-tow-chain\/","name":"J Hook Tow Chain","isPartOf":{"@id":"https:\/\/qingdaohf.com\/bg\/#website"},"primaryImageOfPage":{"@id":"https:\/\/qingdaohf.com\/product\/j-hook-tow-chain\/#primaryimage"},"image":{"@id":"https:\/\/qingdaohf.com\/product\/j-hook-tow-chain\/#primaryimage"},"thumbnailUrl":"https:\/\/qingdaohf.com\/wp-content\/uploads\/2024\/06\/J-hook-chain-5.webp","datePublished":"2024-06-28T06:33:31+00:00","dateModified":"2025-11-13T01:03:14+00:00","description":"J Hook Tow Chain is a durable and versatile tool designed for heavy-duty towing applications. Constructed from high-quality steel, it offers exceptional strength and reliability.","breadcrumb":{"@id":"https:\/\/qingdaohf.com\/product\/j-hook-tow-chain\/#breadcrumb"},"inLanguage":"da-DK","potentialAction":[{"@type":"ReadAction","target":["https:\/\/qingdaohf.com\/product\/j-hook-tow-chain\/"]}]},{"@type":"ImageObject","inLanguage":"da-DK","@id":"https:\/\/qingdaohf.com\/product\/j-hook-tow-chain\/#primaryimage","url":"https:\/\/qingdaohf.com\/wp-content\/uploads\/2024\/06\/J-hook-chain-5.webp","contentUrl":"https:\/\/qingdaohf.com\/wp-content\/uploads\/2024\/06\/J-hook-chain-5.webp","width":1000,"height":1000,"caption":"J hook chain"},{"@type":"BreadcrumbList","@id":"https:\/\/qingdaohf.com\/product\/j-hook-tow-chain\/#breadcrumb","itemListElement":[{"@type":"ListItem","position":1,"name":"Home","item":"https:\/\/qingdaohf.com\/"},{"@type":"ListItem","position":2,"name":"Concrete Forming Accessories and Rigging Hardware","item":"https:\/\/qingdaohf.com\/bg\/?page_id=944"},{"@type":"ListItem","position":3,"name":"J Hook Tow Chain"}]},{"@type":"WebSite","@id":"https:\/\/qingdaohf.com\/bg\/#website","url":"https:\/\/qingdaohf.com\/bg\/","name":"Concrete Form & Rigging Hardware Supplier","description":"","publisher":{"@id":"https:\/\/qingdaohf.com\/bg\/#organization"},"potentialAction":[{"@type":"SearchAction","target":{"@type":"EntryPoint","urlTemplate":"https:\/\/qingdaohf.com\/bg\/?s={search_term_string}"},"query-input":{"@type":"PropertyValueSpecification","valueRequired":true,"valueName":"search_term_string"}}],"inLanguage":"da-DK"},{"@type":"Organization","@id":"https:\/\/qingdaohf.com\/bg\/#organization","name":"Qingdao H&F","url":"https:\/\/qingdaohf.com\/bg\/","logo":{"@type":"ImageObject","inLanguage":"da-DK","@id":"https:\/\/qingdaohf.com\/bg\/#\/schema\/logo\/image\/","url":"https:\/\/qingdaohf.com\/wp-content\/uploads\/2022\/12\/cropped-HF-LOGO.png","contentUrl":"https:\/\/qingdaohf.com\/wp-content\/uploads\/2022\/12\/cropped-HF-LOGO.png","width":391,"height":249,"caption":"Qingdao H&F"},"image":{"@id":"https:\/\/qingdaohf.com\/bg\/#\/schema\/logo\/image\/"},"sameAs":["https:\/\/www.facebook.com\/qingdaohf"]}]}},"_links":{"self":[{"href":"https:\/\/qingdaohf.com\/da\/wp-json\/wp\/v2\/product\/7535","targetHints":{"allow":["GET"]}}],"collection":[{"href":"https:\/\/qingdaohf.com\/da\/wp-json\/wp\/v2\/product"}],"about":[{"href":"https:\/\/qingdaohf.com\/da\/wp-json\/wp\/v2\/types\/product"}],"replies":[{"embeddable":true,"href":"https:\/\/qingdaohf.com\/da\/wp-json\/wp\/v2\/comments?post=7535"}],"version-history":[{"count":3,"href":"https:\/\/qingdaohf.com\/da\/wp-json\/wp\/v2\/product\/7535\/revisions"}],"predecessor-version":[{"id":7550,"href":"https:\/\/qingdaohf.com\/da\/wp-json\/wp\/v2\/product\/7535\/revisions\/7550"}],"wp:featuredmedia":[{"embeddable":true,"href":"https:\/\/qingdaohf.com\/da\/wp-json\/wp\/v2\/media\/8183"}],"wp:attachment":[{"href":"https:\/\/qingdaohf.com\/da\/wp-json\/wp\/v2\/media?parent=7535"}],"wp:term":[{"taxonomy":"product_brand","embeddable":true,"href":"https:\/\/qingdaohf.com\/da\/wp-json\/wp\/v2\/product_brand?post=7535"},{"taxonomy":"product_cat","embeddable":true,"href":"https:\/\/qingdaohf.com\/da\/wp-json\/wp\/v2\/product_cat?post=7535"},{"taxonomy":"product_tag","embeddable":true,"href":"https:\/\/qingdaohf.com\/da\/wp-json\/wp\/v2\/product_tag?post=7535"}],"curies":[{"name":"wp","href":"https:\/\/api.w.org\/{rel}","templated":true}]}}