{"id":7606,"date":"2024-07-29T17:54:40","date_gmt":"2024-07-29T09:54:40","guid":{"rendered":"http:\/\/qingdaohf.com\/?post_type=product&#038;p=7606"},"modified":"2025-11-13T09:03:14","modified_gmt":"2025-11-13T01:03:14","slug":"metal-garden-stake","status":"publish","type":"product","link":"https:\/\/qingdaohf.com\/da\/vare\/havepael-af-metal\/","title":{"rendered":"Havep\u00e6l af metal med gr\u00f8n plastbel\u00e6gning"},"content":{"rendered":"<p>Metal Garden Stake Pole med gr\u00f8n plastbel\u00e6gning er et must-have-v\u00e6rkt\u00f8j for alle, der br\u00e6nder for at holde en smukt organiseret have. Denne alsidige p\u00e6l kombinerer styrke med et slankt, praktisk design for at give uovertruffen st\u00f8tte til forskellige havebehov.<\/p>\n<p>P\u00e6lens metalkerne giver enest\u00e5ende holdbarhed, hvilket g\u00f8r den robust nok til at modst\u00e5 barske vejrforhold og kraftig brug. Den gr\u00f8nne plastbel\u00e6gning giver et ekstra lag beskyttelse mod rust og korrosion og sikrer, at p\u00e6len forbliver i fremragende stand, selv efter l\u00e6ngere tids uds\u00e6ttelse for elementerne. Bel\u00e6gningen giver ogs\u00e5 et visuelt tiltalende udseende, s\u00e5 p\u00e6len passer perfekt til de levende farver i din have.<\/p>\n<p>En af de prim\u00e6re anvendelser af Metal Garden Stake Pole er dens rolle som st\u00f8tte for planter. Uanset om du dyrker tomater, p\u00e6oner eller klatreroser, giver p\u00e6len en p\u00e5lidelig st\u00f8ttestruktur, der hj\u00e6lper dine planter med at vokse oprejst og sundt. Ved at forhindre planterne i at b\u00f8je eller kn\u00e6kke under deres egen v\u00e6gt eller p\u00e5 grund af eksterne faktorer som vind, fremmer denne p\u00e6l optimal v\u00e6kst og hj\u00e6lper med at opretholde den generelle sundhed i din have.<\/p>\n<p>Ud over at st\u00f8tte planter kan Metal Garden Stake Pole ogs\u00e5 bruges til at sikre havekonstruktioner som espalierer og net. For gartnere, der bruger espalier til at st\u00f8tte klatreplanter som b\u00f8nner eller agurker, giver denne p\u00e6l et stabilt ankerpunkt. Den st\u00e6rke metalkerne og den sikre plastbel\u00e6gning sikrer, at espalieret forbliver p\u00e5 plads, selv n\u00e5r det bl\u00e6ser eller regner kraftigt.<\/p>\n<p>Den nemme installation er en anden fordel ved Metal Garden Stake Pole. Med et enkelt skub i jorden er p\u00e6len hurtigt sat op, s\u00e5 du kan fokusere mere p\u00e5 at nyde din have i stedet for at k\u00e6mpe med komplekse ops\u00e6tninger. Den gr\u00f8nne plastbel\u00e6gning g\u00f8r det nemt at stikke p\u00e6len i jorden uden at beskadige den omkringliggende jord eller planter. Det er is\u00e6r en fordel for haveejere, der gerne vil undg\u00e5 at forstyrre eksisterende planters rodsystemer.<\/p>\n<p>Metal Garden Stake Pole er ogs\u00e5 designet med tanke p\u00e5 alsidighed. Den f\u00e5s i forskellige st\u00f8rrelser for at im\u00f8dekomme forskellige havebehov. Uanset om du har brug for en kortere p\u00e6l til sm\u00e5 potteplanter eller en h\u00f8jere til st\u00f8rre havebede, er der en st\u00f8rrelse, der opfylder dine krav. Denne fleksibilitet g\u00f8r den til et ideelt valg til b\u00e5de sm\u00e5 og store haveprojekter.<\/p>\n<p>For gartnere, der g\u00e5r op i \u00e6stetik, giver den gr\u00f8nne plastbel\u00e6gning ikke kun funktionelle fordele, men forbedrer ogs\u00e5 havens visuelle appel. Farven p\u00e5 bel\u00e6gningen smelter ubesv\u00e6ret sammen med l\u00f8vet, hvilket g\u00f8r p\u00e6len mindre i\u00f8jnefaldende og giver dine planter mulighed for at komme i centrum. Denne subtile integration i havens design sikrer, at fokus forbliver p\u00e5 dine planters naturlige sk\u00f8nhed i stedet for p\u00e5 havens st\u00f8tter og strukturer.<\/p>\n<p>Desuden er Metal Garden Stake Pole med gr\u00f8n plastbel\u00e6gning et fremragende v\u00e6rkt\u00f8j til s\u00e6sonbestemt havearbejde. I v\u00e6ksts\u00e6sonen giver den vigtig st\u00f8tte til unge planter og sikrer, at de vokser i den \u00f8nskede retning. N\u00e5r \u00e5rstiderne skifter, og planterne modnes, forts\u00e6tter p\u00e6len med at give stabilitet og hj\u00e6lper med at opretholde en organiseret og velst\u00f8ttet have hele \u00e5ret.<\/p>\n<p>Vedligeholdelsen af Metal Garden Stake Pole er minimal. Plastbel\u00e6gningen hj\u00e6lper med at forhindre ophobning af skidt og snavs, hvilket g\u00f8r den nem at reng\u00f8re. Du skal blot t\u00f8rre overfladen af med en fugtig klud for at fjerne snavs eller rester. Den lave vedligeholdelse er is\u00e6r en fordel for haveejere, der foretr\u00e6kker at bruge mere tid p\u00e5 at nyde deres have end p\u00e5 at passe haveredskaber.<\/p>\n<p>En anden vigtig egenskab ved Metal Garden Stake Pole er dens milj\u00f8venlighed. Ved at bruge denne p\u00e6l bidrager du til en b\u00e6redygtig havepraksis. Metalkernens lange levetid kombineret med den beskyttende bel\u00e6gning sikrer, at p\u00e6len forbliver i brug i mange \u00e5r, hvilket reducerer behovet for hyppige udskiftninger og minimerer affald.<\/p>\n<p>Konklusionen er, at Metal Garden Stake Pole med gr\u00f8n plastbel\u00e6gning er et vigtigt redskab for enhver gartner, der \u00f8nsker at forbedre st\u00f8tten til og organiseringen af sin have. Kombinationen af styrke, holdbarhed og \u00e6stetik g\u00f8r den til et alsidigt valg til at st\u00f8tte en bred vifte af planter og strukturer. Uanset om du er professionel gartner eller hobbyist, vil denne p\u00e6l forbedre funktionaliteten og det visuelle udtryk i din have. Invester i Metal Garden Stake Pole, og oplev fordelene ved en velunderst\u00f8ttet, smukt organiseret have.<\/p>","protected":false},"excerpt":{"rendered":"<p>L\u00f8ft din haves \u00e6stetik og funktionalitet med vores Metal Garden Stake Pole med gr\u00f8n plastbel\u00e6gning. P\u00e6len er designet med henblik p\u00e5 holdbarhed og brugervenlighed og er perfekt til at st\u00f8tte planter, blomster og havestrukturer. Den gr\u00f8nne plastbel\u00e6gning g\u00f8r ikke kun p\u00e6len mere modstandsdygtig over for vind og vejr, men passer ogs\u00e5 perfekt ind i havens naturlige omgivelser. Denne p\u00e6l er ideel til b\u00e5de professionelle gartnere og hobbyfolk og sikrer, at din have forbliver p\u00e6n og velunderst\u00f8ttet.<\/p>","protected":false},"featured_media":7792,"comment_status":"open","ping_status":"closed","template":"","meta":{"site-sidebar-layout":"default","site-content-layout":"","ast-site-content-layout":"default","site-content-style":"default","site-sidebar-style":"default","ast-global-header-display":"","ast-banner-title-visibility":"","ast-main-header-display":"","ast-hfb-above-header-display":"","ast-hfb-below-header-display":"","ast-hfb-mobile-header-display":"","site-post-title":"","ast-breadcrumbs-content":"","ast-featured-img":"","footer-sml-layout":"","theme-transparent-header-meta":"default","adv-header-id-meta":"","stick-header-meta":"default","header-above-stick-meta":"","header-main-stick-meta":"","header-below-stick-meta":"","astra-migrate-meta-layouts":"set","ast-page-background-enabled":"default","ast-page-background-meta":{"desktop":{"background-color":"","background-image":"","background-repeat":"repeat","background-position":"center center","background-size":"auto","background-attachment":"scroll","background-type":"","background-media":"","overlay-type":"","overlay-color":"","overlay-opacity":"","overlay-gradient":""},"tablet":{"background-color":"","background-image":"","background-repeat":"repeat","background-position":"center center","background-size":"auto","background-attachment":"scroll","background-type":"","background-media":"","overlay-type":"","overlay-color":"","overlay-opacity":"","overlay-gradient":""},"mobile":{"background-color":"","background-image":"","background-repeat":"repeat","background-position":"center center","background-size":"auto","background-attachment":"scroll","background-type":"","background-media":"","overlay-type":"","overlay-color":"","overlay-opacity":"","overlay-gradient":""}},"ast-content-background-meta":{"desktop":{"background-color":"var(--ast-global-color-5)","background-image":"","background-repeat":"repeat","background-position":"center center","background-size":"auto","background-attachment":"scroll","background-type":"","background-media":"","overlay-type":"","overlay-color":"","overlay-opacity":"","overlay-gradient":""},"tablet":{"background-color":"var(--ast-global-color-5)","background-image":"","background-repeat":"repeat","background-position":"center center","background-size":"auto","background-attachment":"scroll","background-type":"","background-media":"","overlay-type":"","overlay-color":"","overlay-opacity":"","overlay-gradient":""},"mobile":{"background-color":"var(--ast-global-color-5)","background-image":"","background-repeat":"repeat","background-position":"center center","background-size":"auto","background-attachment":"scroll","background-type":"","background-media":"","overlay-type":"","overlay-color":"","overlay-opacity":"","overlay-gradient":""}}},"product_brand":[],"product_cat":[50],"product_tag":[],"class_list":{"0":"post-7606","1":"product","2":"type-product","3":"status-publish","4":"has-post-thumbnail","6":"product_cat-concrete-form-accessories","7":"desktop-align-left","8":"tablet-align-left","9":"mobile-align-left","10":"ast-product-gallery-layout-horizontal-slider","11":"ast-product-tabs-layout-horizontal","13":"first","14":"instock","15":"shipping-taxable","16":"purchasable","17":"product-type-simple"},"yoast_head":"<!-- This site is optimized with the Yoast SEO plugin v25.2 - https:\/\/yoast.com\/wordpress\/plugins\/seo\/ -->\n<title>Metal Garden Stake Pole with Green Plastic Coating<\/title>\n<meta name=\"description\" content=\"Elevate your garden\u2019s aesthetic and functionality with our Metal Garden Stake Pole with Green Plastic Coating.\" \/>\n<meta name=\"robots\" content=\"index, follow, max-snippet:-1, max-image-preview:large, max-video-preview:-1\" \/>\n<link rel=\"canonical\" href=\"https:\/\/qingdaohf.com\/da\/vare\/havepael-af-metal\/\" \/>\n<meta property=\"og:locale\" content=\"da_DK\" \/>\n<meta property=\"og:type\" content=\"article\" \/>\n<meta property=\"og:title\" content=\"Metal Garden Stake Pole with Green Plastic Coating\" \/>\n<meta property=\"og:description\" content=\"Elevate your garden\u2019s aesthetic and functionality with our Metal Garden Stake Pole with Green Plastic Coating.\" \/>\n<meta property=\"og:url\" content=\"https:\/\/qingdaohf.com\/da\/vare\/havepael-af-metal\/\" \/>\n<meta property=\"og:site_name\" content=\"Concrete Form &amp; Rigging Hardware Supplier\" \/>\n<meta property=\"article:publisher\" content=\"https:\/\/www.facebook.com\/qingdaohf\" \/>\n<meta property=\"article:modified_time\" content=\"2025-11-13T01:03:14+00:00\" \/>\n<meta property=\"og:image\" content=\"https:\/\/qingdaohf.com\/wp-content\/uploads\/2024\/07\/garden-stake.jpg\" \/>\n\t<meta property=\"og:image:width\" content=\"800\" \/>\n\t<meta property=\"og:image:height\" content=\"800\" \/>\n\t<meta property=\"og:image:type\" content=\"image\/jpeg\" \/>\n<meta name=\"twitter:card\" content=\"summary_large_image\" \/>\n<meta name=\"twitter:label1\" content=\"Estimeret l\u00e6setid\" \/>\n\t<meta name=\"twitter:data1\" content=\"4 minutter\" \/>\n<script type=\"application\/ld+json\" class=\"yoast-schema-graph\">{\"@context\":\"https:\/\/schema.org\",\"@graph\":[{\"@type\":\"WebPage\",\"@id\":\"https:\/\/qingdaohf.com\/product\/metal-garden-stake\/\",\"url\":\"https:\/\/qingdaohf.com\/product\/metal-garden-stake\/\",\"name\":\"Metal Garden Stake Pole with Green Plastic Coating\",\"isPartOf\":{\"@id\":\"https:\/\/qingdaohf.com\/bg\/#website\"},\"primaryImageOfPage\":{\"@id\":\"https:\/\/qingdaohf.com\/product\/metal-garden-stake\/#primaryimage\"},\"image\":{\"@id\":\"https:\/\/qingdaohf.com\/product\/metal-garden-stake\/#primaryimage\"},\"thumbnailUrl\":\"https:\/\/qingdaohf.com\/wp-content\/uploads\/2024\/07\/garden-stake.jpg\",\"datePublished\":\"2024-07-29T09:54:40+00:00\",\"dateModified\":\"2025-11-13T01:03:14+00:00\",\"description\":\"Elevate your garden\u2019s aesthetic and functionality with our Metal Garden Stake Pole with Green Plastic Coating.\",\"breadcrumb\":{\"@id\":\"https:\/\/qingdaohf.com\/product\/metal-garden-stake\/#breadcrumb\"},\"inLanguage\":\"da-DK\",\"potentialAction\":[{\"@type\":\"ReadAction\",\"target\":[\"https:\/\/qingdaohf.com\/product\/metal-garden-stake\/\"]}]},{\"@type\":\"ImageObject\",\"inLanguage\":\"da-DK\",\"@id\":\"https:\/\/qingdaohf.com\/product\/metal-garden-stake\/#primaryimage\",\"url\":\"https:\/\/qingdaohf.com\/wp-content\/uploads\/2024\/07\/garden-stake.jpg\",\"contentUrl\":\"https:\/\/qingdaohf.com\/wp-content\/uploads\/2024\/07\/garden-stake.jpg\",\"width\":800,\"height\":800,\"caption\":\"garden stake\"},{\"@type\":\"BreadcrumbList\",\"@id\":\"https:\/\/qingdaohf.com\/product\/metal-garden-stake\/#breadcrumb\",\"itemListElement\":[{\"@type\":\"ListItem\",\"position\":1,\"name\":\"Home\",\"item\":\"https:\/\/qingdaohf.com\/\"},{\"@type\":\"ListItem\",\"position\":2,\"name\":\"Concrete Forming Accessories and Rigging Hardware\",\"item\":\"https:\/\/qingdaohf.com\/bg\/?page_id=944\"},{\"@type\":\"ListItem\",\"position\":3,\"name\":\"Metal Garden Stake Pole with Green Plastic Coating\"}]},{\"@type\":\"WebSite\",\"@id\":\"https:\/\/qingdaohf.com\/bg\/#website\",\"url\":\"https:\/\/qingdaohf.com\/bg\/\",\"name\":\"Concrete Form & Rigging Hardware Supplier\",\"description\":\"\",\"publisher\":{\"@id\":\"https:\/\/qingdaohf.com\/bg\/#organization\"},\"potentialAction\":[{\"@type\":\"SearchAction\",\"target\":{\"@type\":\"EntryPoint\",\"urlTemplate\":\"https:\/\/qingdaohf.com\/bg\/?s={search_term_string}\"},\"query-input\":{\"@type\":\"PropertyValueSpecification\",\"valueRequired\":true,\"valueName\":\"search_term_string\"}}],\"inLanguage\":\"da-DK\"},{\"@type\":\"Organization\",\"@id\":\"https:\/\/qingdaohf.com\/bg\/#organization\",\"name\":\"Qingdao H&F\",\"url\":\"https:\/\/qingdaohf.com\/bg\/\",\"logo\":{\"@type\":\"ImageObject\",\"inLanguage\":\"da-DK\",\"@id\":\"https:\/\/qingdaohf.com\/bg\/#\/schema\/logo\/image\/\",\"url\":\"https:\/\/qingdaohf.com\/wp-content\/uploads\/2022\/12\/cropped-HF-LOGO.png\",\"contentUrl\":\"https:\/\/qingdaohf.com\/wp-content\/uploads\/2022\/12\/cropped-HF-LOGO.png\",\"width\":391,\"height\":249,\"caption\":\"Qingdao H&F\"},\"image\":{\"@id\":\"https:\/\/qingdaohf.com\/bg\/#\/schema\/logo\/image\/\"},\"sameAs\":[\"https:\/\/www.facebook.com\/qingdaohf\"]}]}<\/script>\n<!-- \/ Yoast SEO plugin. -->","yoast_head_json":{"title":"Metal Garden Stake Pole with Green Plastic Coating","description":"Elevate your garden\u2019s aesthetic and functionality with our Metal Garden Stake Pole with Green Plastic Coating.","robots":{"index":"index","follow":"follow","max-snippet":"max-snippet:-1","max-image-preview":"max-image-preview:large","max-video-preview":"max-video-preview:-1"},"canonical":"https:\/\/qingdaohf.com\/da\/vare\/havepael-af-metal\/","og_locale":"da_DK","og_type":"article","og_title":"Metal Garden Stake Pole with Green Plastic Coating","og_description":"Elevate your garden\u2019s aesthetic and functionality with our Metal Garden Stake Pole with Green Plastic Coating.","og_url":"https:\/\/qingdaohf.com\/da\/vare\/havepael-af-metal\/","og_site_name":"Concrete Form &amp; Rigging Hardware Supplier","article_publisher":"https:\/\/www.facebook.com\/qingdaohf","article_modified_time":"2025-11-13T01:03:14+00:00","og_image":[{"width":800,"height":800,"url":"https:\/\/qingdaohf.com\/wp-content\/uploads\/2024\/07\/garden-stake.jpg","type":"image\/jpeg"}],"twitter_card":"summary_large_image","twitter_misc":{"Estimeret l\u00e6setid":"4 minutter"},"schema":{"@context":"https:\/\/schema.org","@graph":[{"@type":"WebPage","@id":"https:\/\/qingdaohf.com\/product\/metal-garden-stake\/","url":"https:\/\/qingdaohf.com\/product\/metal-garden-stake\/","name":"Metal Garden Stake Pole with Green Plastic Coating","isPartOf":{"@id":"https:\/\/qingdaohf.com\/bg\/#website"},"primaryImageOfPage":{"@id":"https:\/\/qingdaohf.com\/product\/metal-garden-stake\/#primaryimage"},"image":{"@id":"https:\/\/qingdaohf.com\/product\/metal-garden-stake\/#primaryimage"},"thumbnailUrl":"https:\/\/qingdaohf.com\/wp-content\/uploads\/2024\/07\/garden-stake.jpg","datePublished":"2024-07-29T09:54:40+00:00","dateModified":"2025-11-13T01:03:14+00:00","description":"Elevate your garden\u2019s aesthetic and functionality with our Metal Garden Stake Pole with Green Plastic Coating.","breadcrumb":{"@id":"https:\/\/qingdaohf.com\/product\/metal-garden-stake\/#breadcrumb"},"inLanguage":"da-DK","potentialAction":[{"@type":"ReadAction","target":["https:\/\/qingdaohf.com\/product\/metal-garden-stake\/"]}]},{"@type":"ImageObject","inLanguage":"da-DK","@id":"https:\/\/qingdaohf.com\/product\/metal-garden-stake\/#primaryimage","url":"https:\/\/qingdaohf.com\/wp-content\/uploads\/2024\/07\/garden-stake.jpg","contentUrl":"https:\/\/qingdaohf.com\/wp-content\/uploads\/2024\/07\/garden-stake.jpg","width":800,"height":800,"caption":"garden stake"},{"@type":"BreadcrumbList","@id":"https:\/\/qingdaohf.com\/product\/metal-garden-stake\/#breadcrumb","itemListElement":[{"@type":"ListItem","position":1,"name":"Home","item":"https:\/\/qingdaohf.com\/"},{"@type":"ListItem","position":2,"name":"Concrete Forming Accessories and Rigging Hardware","item":"https:\/\/qingdaohf.com\/bg\/?page_id=944"},{"@type":"ListItem","position":3,"name":"Metal Garden Stake Pole with Green Plastic Coating"}]},{"@type":"WebSite","@id":"https:\/\/qingdaohf.com\/bg\/#website","url":"https:\/\/qingdaohf.com\/bg\/","name":"Concrete Form & Rigging Hardware Supplier","description":"","publisher":{"@id":"https:\/\/qingdaohf.com\/bg\/#organization"},"potentialAction":[{"@type":"SearchAction","target":{"@type":"EntryPoint","urlTemplate":"https:\/\/qingdaohf.com\/bg\/?s={search_term_string}"},"query-input":{"@type":"PropertyValueSpecification","valueRequired":true,"valueName":"search_term_string"}}],"inLanguage":"da-DK"},{"@type":"Organization","@id":"https:\/\/qingdaohf.com\/bg\/#organization","name":"Qingdao H&F","url":"https:\/\/qingdaohf.com\/bg\/","logo":{"@type":"ImageObject","inLanguage":"da-DK","@id":"https:\/\/qingdaohf.com\/bg\/#\/schema\/logo\/image\/","url":"https:\/\/qingdaohf.com\/wp-content\/uploads\/2022\/12\/cropped-HF-LOGO.png","contentUrl":"https:\/\/qingdaohf.com\/wp-content\/uploads\/2022\/12\/cropped-HF-LOGO.png","width":391,"height":249,"caption":"Qingdao H&F"},"image":{"@id":"https:\/\/qingdaohf.com\/bg\/#\/schema\/logo\/image\/"},"sameAs":["https:\/\/www.facebook.com\/qingdaohf"]}]}},"_links":{"self":[{"href":"https:\/\/qingdaohf.com\/da\/wp-json\/wp\/v2\/product\/7606","targetHints":{"allow":["GET"]}}],"collection":[{"href":"https:\/\/qingdaohf.com\/da\/wp-json\/wp\/v2\/product"}],"about":[{"href":"https:\/\/qingdaohf.com\/da\/wp-json\/wp\/v2\/types\/product"}],"replies":[{"embeddable":true,"href":"https:\/\/qingdaohf.com\/da\/wp-json\/wp\/v2\/comments?post=7606"}],"version-history":[{"count":1,"href":"https:\/\/qingdaohf.com\/da\/wp-json\/wp\/v2\/product\/7606\/revisions"}],"predecessor-version":[{"id":7612,"href":"https:\/\/qingdaohf.com\/da\/wp-json\/wp\/v2\/product\/7606\/revisions\/7612"}],"wp:featuredmedia":[{"embeddable":true,"href":"https:\/\/qingdaohf.com\/da\/wp-json\/wp\/v2\/media\/7792"}],"wp:attachment":[{"href":"https:\/\/qingdaohf.com\/da\/wp-json\/wp\/v2\/media?parent=7606"}],"wp:term":[{"taxonomy":"product_brand","embeddable":true,"href":"https:\/\/qingdaohf.com\/da\/wp-json\/wp\/v2\/product_brand?post=7606"},{"taxonomy":"product_cat","embeddable":true,"href":"https:\/\/qingdaohf.com\/da\/wp-json\/wp\/v2\/product_cat?post=7606"},{"taxonomy":"product_tag","embeddable":true,"href":"https:\/\/qingdaohf.com\/da\/wp-json\/wp\/v2\/product_tag?post=7606"}],"curies":[{"name":"wp","href":"https:\/\/api.w.org\/{rel}","templated":true}]}}