{"id":8102,"date":"2024-10-24T16:40:15","date_gmt":"2024-10-24T08:40:15","guid":{"rendered":"http:\/\/qingdaohf.com\/?post_type=product&#038;p=8102"},"modified":"2025-11-13T09:03:13","modified_gmt":"2025-11-13T01:03:13","slug":"1x19-wire-rope","status":"publish","type":"product","link":"https:\/\/qingdaohf.com\/da\/vare\/1x19-stalwire\/","title":{"rendered":"1\u00d719 St\u00e5ltr\u00e5d"},"content":{"rendered":"<h3><strong>Omfattende oversigt over 1\u00d719 Wire Rope<\/strong><\/h3>\n<p>1\u00d719 st\u00e5lwire er et h\u00f8jt specialiseret st\u00e5lkabel, der er designet til anvendelser, der kr\u00e6ver styrke, minimal str\u00e6kning og stivhed. 1\u00d719-konstruktionen best\u00e5r af 19 individuelle tr\u00e5de, der er snoet til en enkelt streng, og den har en fremragende tr\u00e6kstyrke og lav fleksibilitet, hvilket g\u00f8r den til et optimalt valg til sp\u00e6ndingssystemer, hvor strukturel integritet er afg\u00f8rende. Denne type st\u00e5lwire anvendes i vid udstr\u00e6kning p\u00e5 tv\u00e6rs af industrier, herunder byggeri, marine og arkitektoniske sektorer, p\u00e5 grund af dens evne til at opretholde stabilitet under belastning uden v\u00e6sentlig forl\u00e6ngelse.<\/p>\n<p>Det, der kendetegner et 1\u00d719 st\u00e5ltov, er dets konstruktion. De 19 tr\u00e5de er viklet t\u00e6t sammen til en enkelt, solid streng. Denne konfiguration skaber et kabel, der udm\u00e6rker sig i statiske anvendelser, hvor stabilitet og modstandsdygtighed over for str\u00e6k er vigtigere end fleksibilitet. Derfor ses 1\u00d719 st\u00e5lwire ofte i fort\u00f8jningssystemer, yachtrigning, h\u00e6ngebroer og strukturelle underst\u00f8tninger, hvor pr\u00e6cis opsp\u00e6nding er afg\u00f8rende for systemets integritet.<\/p>\n<h3><strong>Materialets sammens\u00e6tning og dets fordele<\/strong><\/h3>\n<p>1\u00d719 st\u00e5lwire er typisk fremstillet af enten rustfrit st\u00e5l eller galvaniseret st\u00e5l, to materialer, der er valgt p\u00e5 grund af deres respektive styrke og modstandsdygtighed over for milj\u00f8m\u00e6ssige faktorer. St\u00e5lwire i rustfrit st\u00e5l er meget v\u00e6rdsat for sin overlegne korrosionsbestandighed, is\u00e6r i milj\u00f8er, hvor uds\u00e6ttelse for fugt eller saltvand er almindeligt. Det g\u00f8r 1\u00d719 st\u00e5lwire i rustfrit st\u00e5l til et godt valg i havmilj\u00f8er, hvor det ofte bruges til rigning, stag, livliner og fort\u00f8jningsliner.<\/p>\n<p>Galvaniseret st\u00e5lwire giver derimod en mere omkostningseffektiv l\u00f8sning uden at g\u00e5 for meget p\u00e5 kompromis med holdbarheden. Zinkbel\u00e6gningen p\u00e5 galvaniseret st\u00e5l hj\u00e6lper med at beskytte st\u00e5lwiren mod rust og korrosion, hvilket g\u00f8r den velegnet til industri- og byggeopgaver, hvor milj\u00f8et er mindre korrosivt, men hvor styrke stadig er altafg\u00f8rende. Selvom det ikke er s\u00e5 korrosionsbestandigt som rustfrit st\u00e5l, er galvaniseret st\u00e5lwire ideelt til brug i udend\u00f8rs omgivelser, f.eks. i bygningsst\u00f8tter, kraner og l\u00f8ftesystemer.<\/p>\n<p>B\u00e5de versioner i rustfrit st\u00e5l og galvaniseret st\u00e5l af 1\u00d719 st\u00e5lwire er designet til at fungere under h\u00f8j sp\u00e6nding, hvor varianten i rustfrit st\u00e5l er mere velegnet til barske milj\u00f8er, mens galvaniseret st\u00e5l er et prisbilligt alternativ under mindre kr\u00e6vende forhold.<\/p>\n<h3><strong>St\u00f8rrelser p\u00e5 1\u00d719 Wire Rope: Fra pr\u00e6cision til heavy-duty<\/strong><\/h3>\n<p>En af de vigtigste egenskaber ved 1\u00d719 st\u00e5lwire er den brede vifte af tilg\u00e6ngelige st\u00f8rrelser, der hver is\u00e6r er designet til at opfylde specifikke behov p\u00e5 tv\u00e6rs af forskellige applikationer. Mindre st\u00f8rrelser som 1\/16 tomme, 3\/32 tomme og 1\/8 tomme bruges ofte til opgaver, der kr\u00e6ver pr\u00e6cision, og hvor den visuelle p\u00e5virkning er minimal. I disse mindre diametre giver st\u00e5ltovet tilstr\u00e6kkelig styrke, samtidig med at det forbliver diskret, hvilket g\u00f8r det ideelt til arkitektoniske r\u00e6kv\u00e6rker, yachtrigning og andre opsp\u00e6ndingssystemer.<\/p>\n<p>For eksempel bruges 1\/16 tommer 1\u00d719 st\u00e5lwire ofte i sejlb\u00e5dsstag og andre marine rigningsopgaver p\u00e5 grund af dens h\u00f8je tr\u00e6kstyrke i forhold til dens lille st\u00f8rrelse. Dens korrosionsbestandighed, is\u00e6r i rustfrit st\u00e5l, g\u00f8r den uundv\u00e6rlig i milj\u00f8er, hvor uds\u00e6ttelse for saltvand er en konstant udfordring. P\u00e5 samme m\u00e5de findes 3\/32 tommer 1\u00d719 st\u00e5lwire ofte i sp\u00e6ndingssystemer til arkitektoniske projekter som r\u00e6kv\u00e6rk og kabelbalustrader, hvor det giver b\u00e5de strukturel integritet og et slankt, minimalistisk udseende.<\/p>\n<p>N\u00e5r man g\u00e5r op til st\u00f8rre st\u00f8rrelser som 1\/8 tomme og 5\/32 tomme, bliver wiren velegnet til mere robuste anvendelser som f.eks. strukturelle underst\u00f8tninger i bygninger eller b\u00e6rende systemer i kraner og l\u00f8fteudstyr. St\u00e5ltovet p\u00e5 1\/8 tomme 1\u00d719 har en balance mellem styrke og stivhed, der g\u00f8r det ideelt til b\u00e5de marine og industriel brug. Den tykkere diameter g\u00f8r det muligt at b\u00e6re tungere belastninger, hvilket g\u00f8r det til et p\u00e5lideligt valg til sp\u00e6ndingssystemer, der kr\u00e6ver minimal str\u00e6kning under stress.<\/p>\n<p>I den h\u00f8je ende af st\u00f8rrelsesskalaen er 3\/8\" 1\u00d719 st\u00e5ltovet designet til tunge opgaver, hvor store belastninger skal b\u00e6res uden forl\u00e6ngelse. Denne st\u00f8rrelse bruges ofte til h\u00e6ngebroer, tunge fort\u00f8jningsliner og store byggeprojekter, hvor st\u00e5ltovets styrke og holdbarhed er afg\u00f8rende for systemets sikkerhed og stabilitet. 3\/8 tommer st\u00e5ltovet kan h\u00e5ndtere ekstreme belastninger, samtidig med at det bevarer sin stivhed, hvilket g\u00f8r det uundv\u00e6rligt i h\u00f8jsp\u00e6ndingsscenarier.<\/p>\n<h3><strong>Kerner i 1\u00d719 wire: Fiber vs. st\u00e5l<\/strong><\/h3>\n<p>Kernen i et st\u00e5ltov spiller en afg\u00f8rende rolle for dets ydeevne, da den giver ekstra styrke og stabilitet til strukturen. I 1\u00d719 st\u00e5lwirer er de to mest almindelige kernetyper fiberkernen (FC) og den uafh\u00e6ngige st\u00e5lwirekerne (IWRC). Hver kernetype giver unikke fordele, afh\u00e6ngigt af de specifikke krav til anvendelsen.<\/p>\n<p>Fiberkerner (FC) er typisk lavet af syntetiske eller naturlige fibre, som giver st\u00e5ltovet en vis fleksibilitet. Selv om fiberkerner ikke er s\u00e5 almindeligt anvendt i 1\u00d719-konfigurationer, som er kendt for deres stivhed, kan de v\u00e6re gavnlige i anvendelser, hvor der er behov for let fleksibilitet, eller hvor tovet kan blive udsat for st\u00f8dbelastninger. Fiberkernen fungerer som en st\u00f8dpude, der reducerer virkningen af pludselige kr\u00e6fter og beskytter tr\u00e5dene mod overdreven slitage.<\/p>\n<p>Uafh\u00e6ngig st\u00e5lwirekerne (IWRC) er mere almindeligt anvendt i 1\u00d719 st\u00e5lwirer, is\u00e6r i st\u00f8rre st\u00f8rrelser som 1\/8 tomme, 5\/32 tomme og 3\/8 tomme. IWRC best\u00e5r af et mindre st\u00e5ltov i midten af hovedtovet, som tilf\u00f8jer betydelig styrke og holdbarhed til strukturen. Denne type kerne er is\u00e6r fordelagtig i h\u00f8jsp\u00e6ndingsapplikationer, hvor st\u00e5lwiren skal kunne modst\u00e5 knusende kr\u00e6fter eller intense belastninger uden at blive deformeret. St\u00e5lkernen supplerer den naturlige stivhed i 1\u00d719-konstruktionen og sikrer, at wiren bevarer sin form og ydeevne under ekstreme forhold.<\/p>\n<h3><strong>Anvendelser af forskellige 1\u00d719-wire-st\u00f8rrelser<\/strong><\/h3>\n<p>Alsidigheden i 1\u00d719 st\u00e5lwire afspejles i dens brede vifte af anvendelser p\u00e5 tv\u00e6rs af forskellige industrier. I marineindustrien bruges mindre st\u00f8rrelser som 1\/16 tomme og 3\/32 tomme ofte i yachtrigning og sejlb\u00e5dsstag, hvor styrke og korrosionsbestandighed er afg\u00f8rende. Udgaver i rustfrit st\u00e5l af disse st\u00f8rrelser er s\u00e6rligt v\u00e6rdsat for deres evne til at modst\u00e5 uds\u00e6ttelse for saltvand og barske havmilj\u00f8er.<\/p>\n<p>I arkitektonisk design bruges 1\/16 tommer og 1\/8 tommer 1\u00d719 st\u00e5lwire ofte i sp\u00e6ndingssystemer til kabelr\u00e6kv\u00e6rk, facader og andre strukturelle elementer, der kr\u00e6ver b\u00e5de styrke og \u00e6stetisk appel. St\u00e5ltovets rene, slanke udseende kombineret med dets evne til at b\u00e6re betydelige belastninger g\u00f8r det til et ideelt valg til moderne arkitektoniske projekter, der prioriterer b\u00e5de form og funktion.<\/p>\n<p>St\u00f8rre st\u00f8rrelser, som 1\/8 tomme, 5\/32 tomme og 3\/8 tomme, bruges i mere kr\u00e6vende applikationer, hvor h\u00f8jere belastninger skal underst\u00f8ttes. I byggeriet bruges disse st\u00e5lwirer ofte i b\u00e6rende konstruktioner, h\u00e6ngebroer og b\u00e6rende systemer, hvor deres stivhed og styrke sikrer projektets stabilitet. Is\u00e6r 3\/8\" 1\u00d719-st\u00e5ltovet bruges i vid udstr\u00e6kning til tunge opgaver, f.eks. fort\u00f8jningsliner og industrielt l\u00f8fteudstyr, hvor dets evne til at bevare formen under ekstrem sp\u00e6nding er afg\u00f8rende.<\/p>\n<p>Brugen af 1\u00d719 st\u00e5lwire i kraner og elevatorer er en anden kritisk anvendelse, is\u00e6r i st\u00f8rre diametre. St\u00e5lwirens h\u00f8je tr\u00e6kstyrke kombineret med dens lave str\u00e6k g\u00f8r den ideel til at sikre j\u00e6vne og kontrollerede l\u00f8fteoperationer. St\u00e5lkernen i st\u00f8rre st\u00e5lwirer forbedrer deres holdbarhed og modstandsdygtighed over for knusning, hvilket sikrer en lang levetid i kr\u00e6vende industrimilj\u00f8er.<\/p>\n<h3><strong>Hvorfor 1\u00d719 Wire Rope er det bedste valg til stivhed og styrke<\/strong><\/h3>\n<p>1\u00d719 st\u00e5lwire skiller sig ud i st\u00e5lkablernes verden med sin balance mellem stivhed, styrke og holdbarhed. Den t\u00e6tte konstruktion med 19 tr\u00e5de i en enkelt streng sikrer, at det bevarer sin form under belastning, hvilket g\u00f8r det ideelt til statiske anvendelser, hvor forl\u00e6ngelsen skal minimeres. Det g\u00f8r 1\u00d719 st\u00e5lwire til et foretrukket valg i brancher, der sp\u00e6nder fra marine og byggeri til arkitektur og industrielle l\u00f8ft.<\/p>\n<p>Tilg\u00e6ngeligheden af forskellige st\u00f8rrelser, fra 1\/16 tomme til 3\/8 tomme, giver brugerne mulighed for at v\u00e6lge den passende diameter til deres specifikke behov. Uanset om det drejer sig om pr\u00e6cisionsopgaver som rigning af yachter eller tunge opgaver som h\u00e6ngebroer, giver 1\u00d719 st\u00e5lwire den n\u00f8dvendige styrke og stabilitet. Dets modstandsdygtighed over for milj\u00f8faktorer, is\u00e6r i form af rustfrit st\u00e5l, sikrer langvarig ydeevne under udfordrende forhold.<\/p>\n<p>I sidste ende er 1\u00d719 st\u00e5lwire fortsat en hj\u00f8rnesten i industrier, der kr\u00e6ver h\u00f8jtydende sp\u00e6ndingssystemer. Den overlegne styrke, det lave str\u00e6k og det brede udvalg af st\u00f8rrelser g\u00f8r det til en vigtig komponent i b\u00e5de lette og tunge applikationer, hvilket giver p\u00e5lidelighed og ro i sindet i selv de mest kr\u00e6vende milj\u00f8er.<\/p>","protected":false},"excerpt":{"rendered":"<p>1\u00d719 st\u00e5lwire, som best\u00e5r af 19 individuelle st\u00e5lstrenge, der er snoet til et enkelt, st\u00e6rkt kabel, f\u00e5s i en r\u00e6kke forskellige st\u00f8rrelser, herunder 1\/16 tomme, 3\/32 tomme, 1\/8 tomme, 5\/32 tomme og op til st\u00f8rre diametre som 3\/8 tomme. Det er typisk fremstillet af rustfrit st\u00e5l eller galvaniseret st\u00e5l og er kendt for sin stivhed og h\u00f8je tr\u00e6kstyrke med minimal forl\u00e6ngelse under belastning. Dette st\u00e5ltov er ideelt til opsp\u00e6nding og b\u00e6rende opgaver i bygge-, marine- og arkitekturindustrien, og der er mulighed for b\u00e5de fiber- og st\u00e5lkerner.<\/p>","protected":false},"featured_media":8103,"comment_status":"open","ping_status":"closed","template":"","meta":{"site-sidebar-layout":"default","site-content-layout":"","ast-site-content-layout":"default","site-content-style":"default","site-sidebar-style":"default","ast-global-header-display":"","ast-banner-title-visibility":"","ast-main-header-display":"","ast-hfb-above-header-display":"","ast-hfb-below-header-display":"","ast-hfb-mobile-header-display":"","site-post-title":"","ast-breadcrumbs-content":"","ast-featured-img":"","footer-sml-layout":"","theme-transparent-header-meta":"default","adv-header-id-meta":"","stick-header-meta":"default","header-above-stick-meta":"","header-main-stick-meta":"","header-below-stick-meta":"","astra-migrate-meta-layouts":"set","ast-page-background-enabled":"default","ast-page-background-meta":{"desktop":{"background-color":"","background-image":"","background-repeat":"repeat","background-position":"center center","background-size":"auto","background-attachment":"scroll","background-type":"","background-media":"","overlay-type":"","overlay-color":"","overlay-opacity":"","overlay-gradient":""},"tablet":{"background-color":"","background-image":"","background-repeat":"repeat","background-position":"center center","background-size":"auto","background-attachment":"scroll","background-type":"","background-media":"","overlay-type":"","overlay-color":"","overlay-opacity":"","overlay-gradient":""},"mobile":{"background-color":"","background-image":"","background-repeat":"repeat","background-position":"center center","background-size":"auto","background-attachment":"scroll","background-type":"","background-media":"","overlay-type":"","overlay-color":"","overlay-opacity":"","overlay-gradient":""}},"ast-content-background-meta":{"desktop":{"background-color":"var(--ast-global-color-5)","background-image":"","background-repeat":"repeat","background-position":"center center","background-size":"auto","background-attachment":"scroll","background-type":"","background-media":"","overlay-type":"","overlay-color":"","overlay-opacity":"","overlay-gradient":""},"tablet":{"background-color":"var(--ast-global-color-5)","background-image":"","background-repeat":"repeat","background-position":"center center","background-size":"auto","background-attachment":"scroll","background-type":"","background-media":"","overlay-type":"","overlay-color":"","overlay-opacity":"","overlay-gradient":""},"mobile":{"background-color":"var(--ast-global-color-5)","background-image":"","background-repeat":"repeat","background-position":"center center","background-size":"auto","background-attachment":"scroll","background-type":"","background-media":"","overlay-type":"","overlay-color":"","overlay-opacity":"","overlay-gradient":""}}},"product_brand":[],"product_cat":[37],"product_tag":[89],"class_list":{"0":"post-8102","1":"product","2":"type-product","3":"status-publish","4":"has-post-thumbnail","6":"product_cat-wire-rope","7":"product_tag-wire-rope","8":"desktop-align-left","9":"tablet-align-left","10":"mobile-align-left","11":"ast-product-gallery-layout-horizontal-slider","12":"ast-product-gallery-with-no-image","13":"ast-product-tabs-layout-horizontal","15":"first","16":"instock","17":"shipping-taxable","18":"purchasable","19":"product-type-simple"},"yoast_head":"<!-- This site is optimized with the Yoast SEO plugin v25.2 - https:\/\/yoast.com\/wordpress\/plugins\/seo\/ -->\n<title>1x19 Wire Rope<\/title>\n<meta name=\"description\" content=\"1x19 wire rope, consisting of 19 individual steel strands twisted into a single, strong cable, is available in a variety of sizes, including 1\/16 inch, 3\/32 inch, 1\/8 inch, 5\/32 inch, and up to larger diameters like 3\/8 inch.\" \/>\n<meta name=\"robots\" content=\"index, follow, max-snippet:-1, max-image-preview:large, max-video-preview:-1\" \/>\n<link rel=\"canonical\" href=\"https:\/\/qingdaohf.com\/da\/vare\/1x19-stalwire\/\" \/>\n<meta property=\"og:locale\" content=\"da_DK\" \/>\n<meta property=\"og:type\" content=\"article\" \/>\n<meta property=\"og:title\" content=\"1x19 Wire Rope\" \/>\n<meta property=\"og:description\" content=\"1x19 wire rope, consisting of 19 individual steel strands twisted into a single, strong cable, is available in a variety of sizes, including 1\/16 inch, 3\/32 inch, 1\/8 inch, 5\/32 inch, and up to larger diameters like 3\/8 inch.\" \/>\n<meta property=\"og:url\" content=\"https:\/\/qingdaohf.com\/da\/vare\/1x19-stalwire\/\" \/>\n<meta property=\"og:site_name\" content=\"Concrete Form &amp; Rigging Hardware Supplier\" \/>\n<meta property=\"article:publisher\" content=\"https:\/\/www.facebook.com\/qingdaohf\" \/>\n<meta property=\"article:modified_time\" content=\"2025-11-13T01:03:13+00:00\" \/>\n<meta property=\"og:image\" content=\"https:\/\/qingdaohf.com\/wp-content\/uploads\/2024\/10\/1x19s_2.webp\" \/>\n\t<meta property=\"og:image:width\" content=\"787\" \/>\n\t<meta property=\"og:image:height\" content=\"787\" \/>\n\t<meta property=\"og:image:type\" content=\"image\/webp\" \/>\n<meta name=\"twitter:card\" content=\"summary_large_image\" \/>\n<meta name=\"twitter:label1\" content=\"Estimeret l\u00e6setid\" \/>\n\t<meta name=\"twitter:data1\" content=\"7 minutter\" \/>\n<script type=\"application\/ld+json\" class=\"yoast-schema-graph\">{\"@context\":\"https:\/\/schema.org\",\"@graph\":[{\"@type\":\"WebPage\",\"@id\":\"https:\/\/qingdaohf.com\/product\/1x19-wire-rope\/\",\"url\":\"https:\/\/qingdaohf.com\/product\/1x19-wire-rope\/\",\"name\":\"1x19 Wire Rope\",\"isPartOf\":{\"@id\":\"https:\/\/qingdaohf.com\/bg\/#website\"},\"primaryImageOfPage\":{\"@id\":\"https:\/\/qingdaohf.com\/product\/1x19-wire-rope\/#primaryimage\"},\"image\":{\"@id\":\"https:\/\/qingdaohf.com\/product\/1x19-wire-rope\/#primaryimage\"},\"thumbnailUrl\":\"https:\/\/qingdaohf.com\/wp-content\/uploads\/2024\/10\/1x19s_2.webp\",\"datePublished\":\"2024-10-24T08:40:15+00:00\",\"dateModified\":\"2025-11-13T01:03:13+00:00\",\"description\":\"1x19 wire rope, consisting of 19 individual steel strands twisted into a single, strong cable, is available in a variety of sizes, including 1\/16 inch, 3\/32 inch, 1\/8 inch, 5\/32 inch, and up to larger diameters like 3\/8 inch.\",\"breadcrumb\":{\"@id\":\"https:\/\/qingdaohf.com\/product\/1x19-wire-rope\/#breadcrumb\"},\"inLanguage\":\"da-DK\",\"potentialAction\":[{\"@type\":\"ReadAction\",\"target\":[\"https:\/\/qingdaohf.com\/product\/1x19-wire-rope\/\"]}]},{\"@type\":\"ImageObject\",\"inLanguage\":\"da-DK\",\"@id\":\"https:\/\/qingdaohf.com\/product\/1x19-wire-rope\/#primaryimage\",\"url\":\"https:\/\/qingdaohf.com\/wp-content\/uploads\/2024\/10\/1x19s_2.webp\",\"contentUrl\":\"https:\/\/qingdaohf.com\/wp-content\/uploads\/2024\/10\/1x19s_2.webp\",\"width\":787,\"height\":787,\"caption\":\"1x19 wire rope\"},{\"@type\":\"BreadcrumbList\",\"@id\":\"https:\/\/qingdaohf.com\/product\/1x19-wire-rope\/#breadcrumb\",\"itemListElement\":[{\"@type\":\"ListItem\",\"position\":1,\"name\":\"Home\",\"item\":\"https:\/\/qingdaohf.com\/\"},{\"@type\":\"ListItem\",\"position\":2,\"name\":\"Concrete Forming Accessories and Rigging Hardware\",\"item\":\"https:\/\/qingdaohf.com\/bg\/?page_id=944\"},{\"@type\":\"ListItem\",\"position\":3,\"name\":\"1&#215;19 Wire Rope\"}]},{\"@type\":\"WebSite\",\"@id\":\"https:\/\/qingdaohf.com\/bg\/#website\",\"url\":\"https:\/\/qingdaohf.com\/bg\/\",\"name\":\"Concrete Form & Rigging Hardware Supplier\",\"description\":\"\",\"publisher\":{\"@id\":\"https:\/\/qingdaohf.com\/bg\/#organization\"},\"potentialAction\":[{\"@type\":\"SearchAction\",\"target\":{\"@type\":\"EntryPoint\",\"urlTemplate\":\"https:\/\/qingdaohf.com\/bg\/?s={search_term_string}\"},\"query-input\":{\"@type\":\"PropertyValueSpecification\",\"valueRequired\":true,\"valueName\":\"search_term_string\"}}],\"inLanguage\":\"da-DK\"},{\"@type\":\"Organization\",\"@id\":\"https:\/\/qingdaohf.com\/bg\/#organization\",\"name\":\"Qingdao H&F\",\"url\":\"https:\/\/qingdaohf.com\/bg\/\",\"logo\":{\"@type\":\"ImageObject\",\"inLanguage\":\"da-DK\",\"@id\":\"https:\/\/qingdaohf.com\/bg\/#\/schema\/logo\/image\/\",\"url\":\"https:\/\/qingdaohf.com\/wp-content\/uploads\/2022\/12\/cropped-HF-LOGO.png\",\"contentUrl\":\"https:\/\/qingdaohf.com\/wp-content\/uploads\/2022\/12\/cropped-HF-LOGO.png\",\"width\":391,\"height\":249,\"caption\":\"Qingdao H&F\"},\"image\":{\"@id\":\"https:\/\/qingdaohf.com\/bg\/#\/schema\/logo\/image\/\"},\"sameAs\":[\"https:\/\/www.facebook.com\/qingdaohf\"]}]}<\/script>\n<!-- \/ Yoast SEO plugin. -->","yoast_head_json":{"title":"1x19 Wire Rope","description":"1x19 wire rope, consisting of 19 individual steel strands twisted into a single, strong cable, is available in a variety of sizes, including 1\/16 inch, 3\/32 inch, 1\/8 inch, 5\/32 inch, and up to larger diameters like 3\/8 inch.","robots":{"index":"index","follow":"follow","max-snippet":"max-snippet:-1","max-image-preview":"max-image-preview:large","max-video-preview":"max-video-preview:-1"},"canonical":"https:\/\/qingdaohf.com\/da\/vare\/1x19-stalwire\/","og_locale":"da_DK","og_type":"article","og_title":"1x19 Wire Rope","og_description":"1x19 wire rope, consisting of 19 individual steel strands twisted into a single, strong cable, is available in a variety of sizes, including 1\/16 inch, 3\/32 inch, 1\/8 inch, 5\/32 inch, and up to larger diameters like 3\/8 inch.","og_url":"https:\/\/qingdaohf.com\/da\/vare\/1x19-stalwire\/","og_site_name":"Concrete Form &amp; Rigging Hardware Supplier","article_publisher":"https:\/\/www.facebook.com\/qingdaohf","article_modified_time":"2025-11-13T01:03:13+00:00","og_image":[{"width":787,"height":787,"url":"https:\/\/qingdaohf.com\/wp-content\/uploads\/2024\/10\/1x19s_2.webp","type":"image\/webp"}],"twitter_card":"summary_large_image","twitter_misc":{"Estimeret l\u00e6setid":"7 minutter"},"schema":{"@context":"https:\/\/schema.org","@graph":[{"@type":"WebPage","@id":"https:\/\/qingdaohf.com\/product\/1x19-wire-rope\/","url":"https:\/\/qingdaohf.com\/product\/1x19-wire-rope\/","name":"1x19 Wire Rope","isPartOf":{"@id":"https:\/\/qingdaohf.com\/bg\/#website"},"primaryImageOfPage":{"@id":"https:\/\/qingdaohf.com\/product\/1x19-wire-rope\/#primaryimage"},"image":{"@id":"https:\/\/qingdaohf.com\/product\/1x19-wire-rope\/#primaryimage"},"thumbnailUrl":"https:\/\/qingdaohf.com\/wp-content\/uploads\/2024\/10\/1x19s_2.webp","datePublished":"2024-10-24T08:40:15+00:00","dateModified":"2025-11-13T01:03:13+00:00","description":"1x19 wire rope, consisting of 19 individual steel strands twisted into a single, strong cable, is available in a variety of sizes, including 1\/16 inch, 3\/32 inch, 1\/8 inch, 5\/32 inch, and up to larger diameters like 3\/8 inch.","breadcrumb":{"@id":"https:\/\/qingdaohf.com\/product\/1x19-wire-rope\/#breadcrumb"},"inLanguage":"da-DK","potentialAction":[{"@type":"ReadAction","target":["https:\/\/qingdaohf.com\/product\/1x19-wire-rope\/"]}]},{"@type":"ImageObject","inLanguage":"da-DK","@id":"https:\/\/qingdaohf.com\/product\/1x19-wire-rope\/#primaryimage","url":"https:\/\/qingdaohf.com\/wp-content\/uploads\/2024\/10\/1x19s_2.webp","contentUrl":"https:\/\/qingdaohf.com\/wp-content\/uploads\/2024\/10\/1x19s_2.webp","width":787,"height":787,"caption":"1x19 wire rope"},{"@type":"BreadcrumbList","@id":"https:\/\/qingdaohf.com\/product\/1x19-wire-rope\/#breadcrumb","itemListElement":[{"@type":"ListItem","position":1,"name":"Home","item":"https:\/\/qingdaohf.com\/"},{"@type":"ListItem","position":2,"name":"Concrete Forming Accessories and Rigging Hardware","item":"https:\/\/qingdaohf.com\/bg\/?page_id=944"},{"@type":"ListItem","position":3,"name":"1&#215;19 Wire Rope"}]},{"@type":"WebSite","@id":"https:\/\/qingdaohf.com\/bg\/#website","url":"https:\/\/qingdaohf.com\/bg\/","name":"Concrete Form & Rigging Hardware Supplier","description":"","publisher":{"@id":"https:\/\/qingdaohf.com\/bg\/#organization"},"potentialAction":[{"@type":"SearchAction","target":{"@type":"EntryPoint","urlTemplate":"https:\/\/qingdaohf.com\/bg\/?s={search_term_string}"},"query-input":{"@type":"PropertyValueSpecification","valueRequired":true,"valueName":"search_term_string"}}],"inLanguage":"da-DK"},{"@type":"Organization","@id":"https:\/\/qingdaohf.com\/bg\/#organization","name":"Qingdao H&F","url":"https:\/\/qingdaohf.com\/bg\/","logo":{"@type":"ImageObject","inLanguage":"da-DK","@id":"https:\/\/qingdaohf.com\/bg\/#\/schema\/logo\/image\/","url":"https:\/\/qingdaohf.com\/wp-content\/uploads\/2022\/12\/cropped-HF-LOGO.png","contentUrl":"https:\/\/qingdaohf.com\/wp-content\/uploads\/2022\/12\/cropped-HF-LOGO.png","width":391,"height":249,"caption":"Qingdao H&F"},"image":{"@id":"https:\/\/qingdaohf.com\/bg\/#\/schema\/logo\/image\/"},"sameAs":["https:\/\/www.facebook.com\/qingdaohf"]}]}},"_links":{"self":[{"href":"https:\/\/qingdaohf.com\/da\/wp-json\/wp\/v2\/product\/8102","targetHints":{"allow":["GET"]}}],"collection":[{"href":"https:\/\/qingdaohf.com\/da\/wp-json\/wp\/v2\/product"}],"about":[{"href":"https:\/\/qingdaohf.com\/da\/wp-json\/wp\/v2\/types\/product"}],"replies":[{"embeddable":true,"href":"https:\/\/qingdaohf.com\/da\/wp-json\/wp\/v2\/comments?post=8102"}],"version-history":[{"count":2,"href":"https:\/\/qingdaohf.com\/da\/wp-json\/wp\/v2\/product\/8102\/revisions"}],"predecessor-version":[{"id":8105,"href":"https:\/\/qingdaohf.com\/da\/wp-json\/wp\/v2\/product\/8102\/revisions\/8105"}],"wp:featuredmedia":[{"embeddable":true,"href":"https:\/\/qingdaohf.com\/da\/wp-json\/wp\/v2\/media\/8103"}],"wp:attachment":[{"href":"https:\/\/qingdaohf.com\/da\/wp-json\/wp\/v2\/media?parent=8102"}],"wp:term":[{"taxonomy":"product_brand","embeddable":true,"href":"https:\/\/qingdaohf.com\/da\/wp-json\/wp\/v2\/product_brand?post=8102"},{"taxonomy":"product_cat","embeddable":true,"href":"https:\/\/qingdaohf.com\/da\/wp-json\/wp\/v2\/product_cat?post=8102"},{"taxonomy":"product_tag","embeddable":true,"href":"https:\/\/qingdaohf.com\/da\/wp-json\/wp\/v2\/product_tag?post=8102"}],"curies":[{"name":"wp","href":"https:\/\/api.w.org\/{rel}","templated":true}]}}