{"id":8125,"date":"2024-10-24T17:39:48","date_gmt":"2024-10-24T09:39:48","guid":{"rendered":"http:\/\/qingdaohf.com\/?post_type=product&#038;p=8125"},"modified":"2025-11-13T09:02:55","modified_gmt":"2025-11-13T01:02:55","slug":"6x37-wire-rope","status":"publish","type":"product","link":"https:\/\/qingdaohf.com\/da\/vare\/6x37-stalwire\/","title":{"rendered":"6\u00d737 st\u00e5lwire"},"content":{"rendered":"<h3><strong>Hvad er 6X37 Wire Rope<\/strong><\/h3>\n<p>6X37-st\u00e5lwire er en alsidig og meget anvendt type st\u00e5lwire, der er kendetegnet ved at v\u00e6re opbygget af seks tr\u00e5de, hvor hver tr\u00e5d best\u00e5r af 37 individuelle tr\u00e5de. Denne sammens\u00e6tning resulterer i en mere fleksibel st\u00e5lwire sammenlignet med andre typer som 6X19, hvilket g\u00f8r den ideel til anvendelser, hvor b\u00f8jning og fleksibilitet er vigtig. 6X37-designet g\u00f8r det muligt for wiren at modst\u00e5 gentagne b\u00f8jninger over remskiver, hvilket forbedrer dens udmattelsesmodstand. P\u00e5 grund af kombinationen af styrke og fleksibilitet bruges 6X37-st\u00e5lwire ofte i brancher som byggeri, skibsfart og minedrift.<\/p>\n<p>Rebet er typisk lavet af kulstofholdigt st\u00e5l, der er kendt for sin styrke og holdbarhed. Nogle variationer kan ogs\u00e5 v\u00e6re fremstillet af rustfrit st\u00e5l eller galvaniseret st\u00e5l, afh\u00e6ngigt af anvendelsen. Rustfrit st\u00e5l giver bedre korrosionsbestandighed, is\u00e6r i havmilj\u00f8er, mens galvaniseret st\u00e5l giver moderat rustbeskyttelse til en mere overkommelig pris.<\/p>\n<h3><strong>Almindelige st\u00f8rrelser og kerner i 6X37 Wire Rope<\/strong><\/h3>\n<p>St\u00e5lwire m\u00e5les ofte efter diameter, og 6X37-typen f\u00e5s i en r\u00e6kke st\u00f8rrelser, der passer til forskellige anvendelser. Til lettere opgaver kan en 6X37-st\u00e5lwire p\u00e5 1\/16 tomme f.eks. v\u00e6re velegnet. Denne st\u00f8rrelse bruges ofte i milj\u00f8er, hvor der kr\u00e6ves minimal belastning, men hvor fleksibilitet og slidstyrke er n\u00f8dvendig, f.eks. i mindre l\u00f8fteoperationer eller letv\u00e6gtsremskivesystemer. Hvis man g\u00e5r op i st\u00f8rrelse, finder man ofte 3\/32 tommer 6X37-rebet i milj\u00f8er, der kr\u00e6ver lidt st\u00f8rre b\u00e6reevne uden at g\u00e5 p\u00e5 kompromis med fleksibiliteten. Det kan bruges til stilladser eller let rigning.<\/p>\n<p>N\u00e5r diameteren \u00f8ges, \u00f8ges ogs\u00e5 st\u00e5ltovets b\u00e6reevne. Et 1\/8 tommer 6X37 st\u00e5ltov kan f.eks. h\u00e5ndtere moderate belastninger og bruges ofte til industrielle l\u00f8fteopgaver, hejseopgaver og elevatorsystemer. Til tungere opgaver giver et 5\/32\" 6X37 st\u00e5ltov betydelig styrke, samtidig med at det bevarer sin fleksibilitet, hvilket g\u00f8r det ideelt til brug i kraner, spil eller opmudringsudstyr.<\/p>\n<p><img fetchpriority=\"high\" decoding=\"async\" class=\"alignnone size-full wp-image-8129\" src=\"http:\/\/qingdaohf.com\/wp-content\/uploads\/2024\/10\/6X37-wire-rope.webp\" alt=\"6X37 st\u00e5lwire\" width=\"1338\" height=\"412\" srcset=\"https:\/\/qingdaohf.com\/wp-content\/uploads\/2024\/10\/6X37-wire-rope.webp 1338w, https:\/\/qingdaohf.com\/wp-content\/uploads\/2024\/10\/6X37-wire-rope-300x92.webp 300w, https:\/\/qingdaohf.com\/wp-content\/uploads\/2024\/10\/6X37-wire-rope-1024x315.webp 1024w, https:\/\/qingdaohf.com\/wp-content\/uploads\/2024\/10\/6X37-wire-rope-768x236.webp 768w, https:\/\/qingdaohf.com\/wp-content\/uploads\/2024\/10\/6X37-wire-rope-18x6.webp 18w, https:\/\/qingdaohf.com\/wp-content\/uploads\/2024\/10\/6X37-wire-rope-1000x308.webp 1000w\" sizes=\"(max-width: 1338px) 100vw, 1338px\" \/><\/p>\n<p>N\u00e5r det g\u00e6lder kerner, f\u00e5s 6X37-st\u00e5lwire typisk med tre kernemuligheder:<\/p>\n<p><strong>Fiberkerne (FC):<\/strong> St\u00e5ltove med fiberkerne bruger naturlige eller syntetiske fibre, som giver tovet ekstra fleksibilitet. Selv om disse reb ikke er s\u00e5 st\u00e6rke som dem med tr\u00e5dkerne, er de lettere og mere b\u00f8jelige, hvilket g\u00f8r dem velegnede til specifikke anvendelser, hvor fleksibilitet prioriteres over styrke. Fiberkernen kan ogs\u00e5 hj\u00e6lpe med at absorbere sm\u00f8remiddel, hvilket forl\u00e6nger rebets levetid ved at reducere friktion og slitage.<\/p>\n<p><strong>Uafh\u00e6ngig wirekerne (IWRC):<\/strong> Denne kerne best\u00e5r af et separat st\u00e5ltov, der l\u00f8ber gennem midten af hovedtovet. IWRC tilf\u00f8jer styrke og forbedrer tovv\u00e6rkets modstandsdygtighed over for knusning og deformation under tunge belastninger. Det giver ogs\u00e5 bedre modstandsdygtighed over for h\u00f8je temperaturer, hvilket g\u00f8r IWRC 6X37-reb til det foretrukne valg i kr\u00e6vende industrimilj\u00f8er som f.eks. minedrift eller rigning til s\u00f8s.<\/p>\n<p><strong>Wire Strand Core (WSC):<\/strong> I denne konfiguration bruges en tr\u00e5dstreng som kerne i stedet for fiber eller et uafh\u00e6ngigt reb. WSC giver en balance mellem fiberkernens fleksibilitet og IWRC's styrke. Det bruges ofte i applikationer, der kr\u00e6ver moderat fleksibilitet og styrke, som f.eks. traverskraner eller kraftige spil.<\/p>\n<h3><strong>Materiale- og styrkeegenskaber<\/strong><\/h3>\n<p>6X37 st\u00e5lwire er generelt konstrueret af kulstofrigt st\u00e5l, som giver den styrke, der kr\u00e6ves for at fungere i kr\u00e6vende milj\u00f8er. Kulstofst\u00e5l, der er kendt for sin fremragende tr\u00e6kstyrke, sikrer, at wiren kan modst\u00e5 store belastninger uden at g\u00e5 i stykker eller blive deformeret under stress. Det er ogs\u00e5 varmebehandlet for at forbedre dets sejhed, hvilket er s\u00e6rligt vigtigt for anvendelser, der involverer ekstreme temperaturer eller eksponering for barske elementer.<\/p>\n<p>I tilf\u00e6lde, hvor korrosionsbestandighed er en topprioritet, kan man bruge 6X37 st\u00e5lwirer i rustfrit st\u00e5l. Rustfrit st\u00e5l har en overlegen rust- og korrosionsbestandighed, hvilket g\u00f8r det ideelt til marineanvendelser, hvor uds\u00e6ttelse for saltvand kan nedbryde andre materialer. St\u00e5lwire 6X37 i galvaniseret st\u00e5l har derimod en beskyttende zinkbel\u00e6gning, der hj\u00e6lper med at modst\u00e5 rust, selvom det ikke har samme korrosionsbestandighed som rustfrit st\u00e5l. Galvaniserede l\u00f8sninger har dog en tendens til at v\u00e6re mere omkostningseffektive.<\/p>\n<p>Et af de s\u00e6rlige kendetegn ved 6X37 st\u00e5lwire er dens fleksibilitet. Det h\u00f8jere antal tr\u00e5de i hver streng (37) g\u00f8r, at tovet lettere kan b\u00f8jes end andre konfigurationer, som f.eks. 6X19, der har f\u00e6rre tr\u00e5de pr. streng. Denne fleksibilitet g\u00f8r det velegnet til anvendelser, hvor tovet uds\u00e6ttes for hyppig b\u00f8jning, eller hvor det skal k\u00f8re over skiver eller remskiver. Designet hj\u00e6lper med at reducere tr\u00e6thed og forl\u00e6nge tovv\u00e6rkets levetid i disse situationer.<\/p>\n<h3><strong>Anvendelser af 6X37 Wire Rope<\/strong><\/h3>\n<p>P\u00e5 grund af sin alsidighed bruges 6X37 st\u00e5lwire i en lang r\u00e6kke industrier og applikationer. I byggebranchen kan det bruges til at l\u00f8fte udstyr, underst\u00f8tte stilladser eller til kranarbejde. Dens fleksibilitet og slidstyrke g\u00f8r den ideel til gentagne l\u00f8fteopgaver, hvor tovet ofte b\u00f8jes og str\u00e6kkes. Det bruges ogs\u00e5 i transportsektoren, hvor det indg\u00e5r som en del af rigningen p\u00e5 skibe eller som tr\u00e6kkabler i k\u00f8ret\u00f8jer.<\/p>\n<p>I marineindustrien bruges versioner af 6X37 st\u00e5lwire i rustfrit st\u00e5l ofte til fort\u00f8jningsliner, rigning og andre anvendelser, der kr\u00e6ver korrosionsbestandighed. Rebets evne til at modst\u00e5 det barske saltvandsmilj\u00f8 g\u00f8r det til et fremragende valg til marineapplikationer. P\u00e5 samme m\u00e5de er det meget udbredt i mineindustrien, hvor det bruges til hejseudstyr, sl\u00e6beliner og til at tr\u00e6kke tunge laster. Konstruktionen af h\u00f8jkulstofst\u00e5l giver den n\u00f8dvendige styrke og holdbarhed til at fungere i s\u00e5 barske milj\u00f8er.<\/p>\n<p>En anden almindelig anvendelse af 6X37 st\u00e5lwire er i elevatorer og l\u00f8ftesystemer. Rebets fleksibilitet sikrer j\u00e6vn drift, n\u00e5r det bev\u00e6ger sig over skiver og remskiver, mens dets styrke g\u00f8r det muligt at b\u00e6re v\u00e6gten af b\u00e5de elevatorstolen og dens passagerer. I denne sammenh\u00e6ng foretr\u00e6kkes ofte en IWRC-kerne, da den giver den styrke og holdbarhed, der kr\u00e6ves til langvarig brug i et milj\u00f8 med h\u00f8j belastning.<\/p>\n<h3><strong>Holdbarhed og vedligeholdelse<\/strong><\/h3>\n<p>6X37 st\u00e5lwire er designet til at v\u00e6re holdbar, is\u00e6r i milj\u00f8er, hvor den uds\u00e6ttes for gentagen belastning, b\u00f8jning og uds\u00e6ttelse for vind og vejr. Men som alle st\u00e5lwirer kr\u00e6ver det regelm\u00e6ssig vedligeholdelse for at sikre en lang levetid. Korrekt sm\u00f8ring er afg\u00f8rende for at forhindre intern friktion mellem de enkelte tr\u00e5de og strenge, hvilket kan f\u00f8re til for tidlig slitage. Fiberkernetove er s\u00e6rligt gode til at absorbere sm\u00f8remiddel, mens IWRC- og WSC-kerner har gavn af regelm\u00e6ssig p\u00e5f\u00f8ring af eksterne sm\u00f8remidler.<\/p>\n<p>Det er vigtigt at inspicere st\u00e5ltovet regelm\u00e6ssigt for tegn p\u00e5 slitage, f.eks. kn\u00e6kkede tr\u00e5de, korrosion eller udfladning, for at opretholde sikkerheden og ydeevnen. Rebets fleksibilitet g\u00f8r det modstandsdygtigt over for udmattelse, men med tiden vil selv de mest holdbare st\u00e5lwirer opleve en vis nedbrydning. Ved at f\u00f8lge producentens retningslinjer for inspektion og udskiftning kan man sikre, at tovet forbliver i optimal stand s\u00e5 l\u00e6nge som muligt.<\/p>\n<h3><strong>Konklusion<\/strong><\/h3>\n<p>6X37 st\u00e5lwire er et fremragende valg til en lang r\u00e6kke industrielle og kommercielle anvendelser takket v\u00e6re kombinationen af fleksibilitet, styrke og holdbarhed. Den f\u00e5s i forskellige st\u00f8rrelser, f.eks. 1\/16 tomme, 3\/32 tomme, 1\/8 tomme og 5\/32 tomme, s\u00e5 den kan skr\u00e6ddersys til de specifikke behov i forskellige operationer. Uanset om det bruges i byggeriet, i marine milj\u00f8er eller til tungt l\u00f8fteudstyr, giver 6X37-st\u00e5lwire den ydeevne og p\u00e5lidelighed, der er n\u00f8dvendig for at f\u00e5 arbejdet gjort sikkert og effektivt. Med den rigtige kerne og korrekt vedligeholdelse kan det levere langvarig service, selv under de mest kr\u00e6vende forhold.<\/p>","protected":false},"excerpt":{"rendered":"<p>6X37 st\u00e5lwire er en fleksibel, flerstrenget st\u00e5lwire, der ofte bruges til forskellige industrielle og kommercielle form\u00e5l. Det er typisk fremstillet af kulstofst\u00e5l af h\u00f8j kvalitet og f\u00e5s i en r\u00e6kke forskellige st\u00f8rrelser, f.eks. 1\/16 tomme, 1\/8 tomme og 5\/32 tomme. Rebet har et h\u00f8jere antal tr\u00e5de pr. streng, hvilket giver fremragende fleksibilitet og udmattelsesmodstand. Det f\u00e5s med forskellige kernetyper som fiberkerne (FC), uafh\u00e6ngig wirekerne (IWRC) eller tr\u00e5dkerne (WSC), der hver is\u00e6r giver unikke fordele afh\u00e6ngigt af den tilsigtede brug.<\/p>","protected":false},"featured_media":8126,"comment_status":"open","ping_status":"closed","template":"","meta":{"site-sidebar-layout":"default","site-content-layout":"","ast-site-content-layout":"default","site-content-style":"default","site-sidebar-style":"default","ast-global-header-display":"","ast-banner-title-visibility":"","ast-main-header-display":"","ast-hfb-above-header-display":"","ast-hfb-below-header-display":"","ast-hfb-mobile-header-display":"","site-post-title":"","ast-breadcrumbs-content":"","ast-featured-img":"","footer-sml-layout":"","theme-transparent-header-meta":"default","adv-header-id-meta":"","stick-header-meta":"default","header-above-stick-meta":"","header-main-stick-meta":"","header-below-stick-meta":"","astra-migrate-meta-layouts":"set","ast-page-background-enabled":"default","ast-page-background-meta":{"desktop":{"background-color":"","background-image":"","background-repeat":"repeat","background-position":"center center","background-size":"auto","background-attachment":"scroll","background-type":"","background-media":"","overlay-type":"","overlay-color":"","overlay-opacity":"","overlay-gradient":""},"tablet":{"background-color":"","background-image":"","background-repeat":"repeat","background-position":"center center","background-size":"auto","background-attachment":"scroll","background-type":"","background-media":"","overlay-type":"","overlay-color":"","overlay-opacity":"","overlay-gradient":""},"mobile":{"background-color":"","background-image":"","background-repeat":"repeat","background-position":"center center","background-size":"auto","background-attachment":"scroll","background-type":"","background-media":"","overlay-type":"","overlay-color":"","overlay-opacity":"","overlay-gradient":""}},"ast-content-background-meta":{"desktop":{"background-color":"var(--ast-global-color-5)","background-image":"","background-repeat":"repeat","background-position":"center center","background-size":"auto","background-attachment":"scroll","background-type":"","background-media":"","overlay-type":"","overlay-color":"","overlay-opacity":"","overlay-gradient":""},"tablet":{"background-color":"var(--ast-global-color-5)","background-image":"","background-repeat":"repeat","background-position":"center center","background-size":"auto","background-attachment":"scroll","background-type":"","background-media":"","overlay-type":"","overlay-color":"","overlay-opacity":"","overlay-gradient":""},"mobile":{"background-color":"var(--ast-global-color-5)","background-image":"","background-repeat":"repeat","background-position":"center center","background-size":"auto","background-attachment":"scroll","background-type":"","background-media":"","overlay-type":"","overlay-color":"","overlay-opacity":"","overlay-gradient":""}}},"product_brand":[],"product_cat":[37],"product_tag":[89],"class_list":{"0":"post-8125","1":"product","2":"type-product","3":"status-publish","4":"has-post-thumbnail","6":"product_cat-wire-rope","7":"product_tag-wire-rope","8":"desktop-align-left","9":"tablet-align-left","10":"mobile-align-left","11":"ast-product-gallery-layout-horizontal-slider","12":"ast-product-gallery-with-no-image","13":"ast-product-tabs-layout-horizontal","15":"first","16":"instock","17":"shipping-taxable","18":"purchasable","19":"product-type-simple"},"yoast_head":"<!-- This site is optimized with the Yoast SEO plugin v25.2 - https:\/\/yoast.com\/wordpress\/plugins\/seo\/ -->\n<title>6x37 Wire Rope<\/title>\n<meta name=\"description\" content=\"6X37 wire rope is a flexible, multi-strand wire rope commonly used in various industrial and commercial applications.\" \/>\n<meta name=\"robots\" content=\"index, follow, max-snippet:-1, max-image-preview:large, max-video-preview:-1\" \/>\n<link rel=\"canonical\" href=\"https:\/\/qingdaohf.com\/da\/vare\/6x37-stalwire\/\" \/>\n<meta property=\"og:locale\" content=\"da_DK\" \/>\n<meta property=\"og:type\" content=\"article\" \/>\n<meta property=\"og:title\" content=\"6x37 Wire Rope\" \/>\n<meta property=\"og:description\" content=\"6X37 wire rope is a flexible, multi-strand wire rope commonly used in various industrial and commercial applications.\" \/>\n<meta property=\"og:url\" content=\"https:\/\/qingdaohf.com\/da\/vare\/6x37-stalwire\/\" \/>\n<meta property=\"og:site_name\" content=\"Concrete Form &amp; Rigging Hardware Supplier\" \/>\n<meta property=\"article:publisher\" content=\"https:\/\/www.facebook.com\/qingdaohf\" \/>\n<meta property=\"article:modified_time\" content=\"2025-11-13T01:02:55+00:00\" \/>\n<meta property=\"og:image\" content=\"https:\/\/qingdaohf.com\/wp-content\/uploads\/2024\/10\/6x37-FC-WIRE-ROPE.webp\" \/>\n\t<meta property=\"og:image:width\" content=\"744\" \/>\n\t<meta property=\"og:image:height\" content=\"744\" \/>\n\t<meta property=\"og:image:type\" content=\"image\/webp\" \/>\n<meta name=\"twitter:card\" content=\"summary_large_image\" \/>\n<meta name=\"twitter:label1\" content=\"Estimeret l\u00e6setid\" \/>\n\t<meta name=\"twitter:data1\" content=\"6 minutter\" \/>\n<script type=\"application\/ld+json\" class=\"yoast-schema-graph\">{\"@context\":\"https:\/\/schema.org\",\"@graph\":[{\"@type\":\"WebPage\",\"@id\":\"https:\/\/qingdaohf.com\/product\/6x37-wire-rope\/\",\"url\":\"https:\/\/qingdaohf.com\/product\/6x37-wire-rope\/\",\"name\":\"6x37 Wire Rope\",\"isPartOf\":{\"@id\":\"https:\/\/qingdaohf.com\/bg\/#website\"},\"primaryImageOfPage\":{\"@id\":\"https:\/\/qingdaohf.com\/product\/6x37-wire-rope\/#primaryimage\"},\"image\":{\"@id\":\"https:\/\/qingdaohf.com\/product\/6x37-wire-rope\/#primaryimage\"},\"thumbnailUrl\":\"https:\/\/qingdaohf.com\/wp-content\/uploads\/2024\/10\/6x37-FC-WIRE-ROPE.webp\",\"datePublished\":\"2024-10-24T09:39:48+00:00\",\"dateModified\":\"2025-11-13T01:02:55+00:00\",\"description\":\"6X37 wire rope is a flexible, multi-strand wire rope commonly used in various industrial and commercial applications.\",\"breadcrumb\":{\"@id\":\"https:\/\/qingdaohf.com\/product\/6x37-wire-rope\/#breadcrumb\"},\"inLanguage\":\"da-DK\",\"potentialAction\":[{\"@type\":\"ReadAction\",\"target\":[\"https:\/\/qingdaohf.com\/product\/6x37-wire-rope\/\"]}]},{\"@type\":\"ImageObject\",\"inLanguage\":\"da-DK\",\"@id\":\"https:\/\/qingdaohf.com\/product\/6x37-wire-rope\/#primaryimage\",\"url\":\"https:\/\/qingdaohf.com\/wp-content\/uploads\/2024\/10\/6x37-FC-WIRE-ROPE.webp\",\"contentUrl\":\"https:\/\/qingdaohf.com\/wp-content\/uploads\/2024\/10\/6x37-FC-WIRE-ROPE.webp\",\"width\":744,\"height\":744,\"caption\":\"6x37 FC WIRE ROPE\"},{\"@type\":\"BreadcrumbList\",\"@id\":\"https:\/\/qingdaohf.com\/product\/6x37-wire-rope\/#breadcrumb\",\"itemListElement\":[{\"@type\":\"ListItem\",\"position\":1,\"name\":\"Home\",\"item\":\"https:\/\/qingdaohf.com\/\"},{\"@type\":\"ListItem\",\"position\":2,\"name\":\"Concrete Forming Accessories and Rigging Hardware\",\"item\":\"https:\/\/qingdaohf.com\/bg\/?page_id=944\"},{\"@type\":\"ListItem\",\"position\":3,\"name\":\"6&#215;37 Wire Rope\"}]},{\"@type\":\"WebSite\",\"@id\":\"https:\/\/qingdaohf.com\/bg\/#website\",\"url\":\"https:\/\/qingdaohf.com\/bg\/\",\"name\":\"Concrete Form & Rigging Hardware Supplier\",\"description\":\"\",\"publisher\":{\"@id\":\"https:\/\/qingdaohf.com\/bg\/#organization\"},\"potentialAction\":[{\"@type\":\"SearchAction\",\"target\":{\"@type\":\"EntryPoint\",\"urlTemplate\":\"https:\/\/qingdaohf.com\/bg\/?s={search_term_string}\"},\"query-input\":{\"@type\":\"PropertyValueSpecification\",\"valueRequired\":true,\"valueName\":\"search_term_string\"}}],\"inLanguage\":\"da-DK\"},{\"@type\":\"Organization\",\"@id\":\"https:\/\/qingdaohf.com\/bg\/#organization\",\"name\":\"Qingdao H&F\",\"url\":\"https:\/\/qingdaohf.com\/bg\/\",\"logo\":{\"@type\":\"ImageObject\",\"inLanguage\":\"da-DK\",\"@id\":\"https:\/\/qingdaohf.com\/bg\/#\/schema\/logo\/image\/\",\"url\":\"https:\/\/qingdaohf.com\/wp-content\/uploads\/2022\/12\/cropped-HF-LOGO.png\",\"contentUrl\":\"https:\/\/qingdaohf.com\/wp-content\/uploads\/2022\/12\/cropped-HF-LOGO.png\",\"width\":391,\"height\":249,\"caption\":\"Qingdao H&F\"},\"image\":{\"@id\":\"https:\/\/qingdaohf.com\/bg\/#\/schema\/logo\/image\/\"},\"sameAs\":[\"https:\/\/www.facebook.com\/qingdaohf\"]}]}<\/script>\n<!-- \/ Yoast SEO plugin. -->","yoast_head_json":{"title":"6x37 Wire Rope","description":"6X37 wire rope is a flexible, multi-strand wire rope commonly used in various industrial and commercial applications.","robots":{"index":"index","follow":"follow","max-snippet":"max-snippet:-1","max-image-preview":"max-image-preview:large","max-video-preview":"max-video-preview:-1"},"canonical":"https:\/\/qingdaohf.com\/da\/vare\/6x37-stalwire\/","og_locale":"da_DK","og_type":"article","og_title":"6x37 Wire Rope","og_description":"6X37 wire rope is a flexible, multi-strand wire rope commonly used in various industrial and commercial applications.","og_url":"https:\/\/qingdaohf.com\/da\/vare\/6x37-stalwire\/","og_site_name":"Concrete Form &amp; Rigging Hardware Supplier","article_publisher":"https:\/\/www.facebook.com\/qingdaohf","article_modified_time":"2025-11-13T01:02:55+00:00","og_image":[{"width":744,"height":744,"url":"https:\/\/qingdaohf.com\/wp-content\/uploads\/2024\/10\/6x37-FC-WIRE-ROPE.webp","type":"image\/webp"}],"twitter_card":"summary_large_image","twitter_misc":{"Estimeret l\u00e6setid":"6 minutter"},"schema":{"@context":"https:\/\/schema.org","@graph":[{"@type":"WebPage","@id":"https:\/\/qingdaohf.com\/product\/6x37-wire-rope\/","url":"https:\/\/qingdaohf.com\/product\/6x37-wire-rope\/","name":"6x37 Wire Rope","isPartOf":{"@id":"https:\/\/qingdaohf.com\/bg\/#website"},"primaryImageOfPage":{"@id":"https:\/\/qingdaohf.com\/product\/6x37-wire-rope\/#primaryimage"},"image":{"@id":"https:\/\/qingdaohf.com\/product\/6x37-wire-rope\/#primaryimage"},"thumbnailUrl":"https:\/\/qingdaohf.com\/wp-content\/uploads\/2024\/10\/6x37-FC-WIRE-ROPE.webp","datePublished":"2024-10-24T09:39:48+00:00","dateModified":"2025-11-13T01:02:55+00:00","description":"6X37 wire rope is a flexible, multi-strand wire rope commonly used in various industrial and commercial applications.","breadcrumb":{"@id":"https:\/\/qingdaohf.com\/product\/6x37-wire-rope\/#breadcrumb"},"inLanguage":"da-DK","potentialAction":[{"@type":"ReadAction","target":["https:\/\/qingdaohf.com\/product\/6x37-wire-rope\/"]}]},{"@type":"ImageObject","inLanguage":"da-DK","@id":"https:\/\/qingdaohf.com\/product\/6x37-wire-rope\/#primaryimage","url":"https:\/\/qingdaohf.com\/wp-content\/uploads\/2024\/10\/6x37-FC-WIRE-ROPE.webp","contentUrl":"https:\/\/qingdaohf.com\/wp-content\/uploads\/2024\/10\/6x37-FC-WIRE-ROPE.webp","width":744,"height":744,"caption":"6x37 FC WIRE ROPE"},{"@type":"BreadcrumbList","@id":"https:\/\/qingdaohf.com\/product\/6x37-wire-rope\/#breadcrumb","itemListElement":[{"@type":"ListItem","position":1,"name":"Home","item":"https:\/\/qingdaohf.com\/"},{"@type":"ListItem","position":2,"name":"Concrete Forming Accessories and Rigging Hardware","item":"https:\/\/qingdaohf.com\/bg\/?page_id=944"},{"@type":"ListItem","position":3,"name":"6&#215;37 Wire Rope"}]},{"@type":"WebSite","@id":"https:\/\/qingdaohf.com\/bg\/#website","url":"https:\/\/qingdaohf.com\/bg\/","name":"Concrete Form & Rigging Hardware Supplier","description":"","publisher":{"@id":"https:\/\/qingdaohf.com\/bg\/#organization"},"potentialAction":[{"@type":"SearchAction","target":{"@type":"EntryPoint","urlTemplate":"https:\/\/qingdaohf.com\/bg\/?s={search_term_string}"},"query-input":{"@type":"PropertyValueSpecification","valueRequired":true,"valueName":"search_term_string"}}],"inLanguage":"da-DK"},{"@type":"Organization","@id":"https:\/\/qingdaohf.com\/bg\/#organization","name":"Qingdao H&F","url":"https:\/\/qingdaohf.com\/bg\/","logo":{"@type":"ImageObject","inLanguage":"da-DK","@id":"https:\/\/qingdaohf.com\/bg\/#\/schema\/logo\/image\/","url":"https:\/\/qingdaohf.com\/wp-content\/uploads\/2022\/12\/cropped-HF-LOGO.png","contentUrl":"https:\/\/qingdaohf.com\/wp-content\/uploads\/2022\/12\/cropped-HF-LOGO.png","width":391,"height":249,"caption":"Qingdao H&F"},"image":{"@id":"https:\/\/qingdaohf.com\/bg\/#\/schema\/logo\/image\/"},"sameAs":["https:\/\/www.facebook.com\/qingdaohf"]}]}},"_links":{"self":[{"href":"https:\/\/qingdaohf.com\/da\/wp-json\/wp\/v2\/product\/8125","targetHints":{"allow":["GET"]}}],"collection":[{"href":"https:\/\/qingdaohf.com\/da\/wp-json\/wp\/v2\/product"}],"about":[{"href":"https:\/\/qingdaohf.com\/da\/wp-json\/wp\/v2\/types\/product"}],"replies":[{"embeddable":true,"href":"https:\/\/qingdaohf.com\/da\/wp-json\/wp\/v2\/comments?post=8125"}],"version-history":[{"count":4,"href":"https:\/\/qingdaohf.com\/da\/wp-json\/wp\/v2\/product\/8125\/revisions"}],"predecessor-version":[{"id":8131,"href":"https:\/\/qingdaohf.com\/da\/wp-json\/wp\/v2\/product\/8125\/revisions\/8131"}],"wp:featuredmedia":[{"embeddable":true,"href":"https:\/\/qingdaohf.com\/da\/wp-json\/wp\/v2\/media\/8126"}],"wp:attachment":[{"href":"https:\/\/qingdaohf.com\/da\/wp-json\/wp\/v2\/media?parent=8125"}],"wp:term":[{"taxonomy":"product_brand","embeddable":true,"href":"https:\/\/qingdaohf.com\/da\/wp-json\/wp\/v2\/product_brand?post=8125"},{"taxonomy":"product_cat","embeddable":true,"href":"https:\/\/qingdaohf.com\/da\/wp-json\/wp\/v2\/product_cat?post=8125"},{"taxonomy":"product_tag","embeddable":true,"href":"https:\/\/qingdaohf.com\/da\/wp-json\/wp\/v2\/product_tag?post=8125"}],"curies":[{"name":"wp","href":"https:\/\/api.w.org\/{rel}","templated":true}]}}