{"id":8178,"date":"2024-10-29T16:45:43","date_gmt":"2024-10-29T08:45:43","guid":{"rendered":"http:\/\/qingdaohf.com\/?post_type=product&#038;p=8178"},"modified":"2025-11-13T09:02:54","modified_gmt":"2025-11-13T01:02:54","slug":"studless-anchor-chain","status":"publish","type":"product","link":"https:\/\/qingdaohf.com\/da\/vare\/ankerkaede-uden-knop\/","title":{"rendered":"Ankerk\u00e6de uden pigge"},"content":{"rendered":"<h3>De v\u00e6sentlige kvaliteter ved ankerk\u00e6der uden pigge: Bygget til styrke og udholdenhed<\/h3>\n<p><img fetchpriority=\"high\" decoding=\"async\" class=\"alignnone size-full wp-image-8169\" src=\"http:\/\/qingdaohf.com\/wp-content\/uploads\/2024\/10\/studless-anchor-chain_2.webp\" alt=\"Ankerk\u00e6de uden knop\" width=\"831\" height=\"1087\" srcset=\"https:\/\/qingdaohf.com\/wp-content\/uploads\/2024\/10\/studless-anchor-chain_2.webp 831w, https:\/\/qingdaohf.com\/wp-content\/uploads\/2024\/10\/studless-anchor-chain_2-229x300.webp 229w, https:\/\/qingdaohf.com\/wp-content\/uploads\/2024\/10\/studless-anchor-chain_2-783x1024.webp 783w, https:\/\/qingdaohf.com\/wp-content\/uploads\/2024\/10\/studless-anchor-chain_2-768x1005.webp 768w, https:\/\/qingdaohf.com\/wp-content\/uploads\/2024\/10\/studless-anchor-chain_2-9x12.webp 9w\" sizes=\"(max-width: 831px) 100vw, 831px\" \/><\/p>\n<p>Boltl\u00f8se ankerk\u00e6der er en integreret del af marineindustrien, hvor de spiller en afg\u00f8rende rolle i fastg\u00f8relsen af fart\u00f8jer i forskellige milj\u00f8er. Deres design prioriterer holdbarhed og funktionalitet, hvilket sikrer, at de kan modst\u00e5 de strenge krav til fort\u00f8jning p\u00e5 \u00e5bent hav. K\u00e6der uden pigge har i mods\u00e6tning til deres modstykker med pigge k\u00e6deled uden indvendige pigge, hvilket g\u00f8r dem lettere og ofte mere fleksible. Denne egenskab er is\u00e6r v\u00e6rdifuld til anvendelser, hvor reduceret v\u00e6gt og \u00f8get fleksibilitet er \u00f8nskeligt. P\u00e5 trods af deres lettere konstruktion er disse k\u00e6der stadig us\u00e6dvanligt st\u00e6rke, idet hvert led er udformet til at modst\u00e5 enorme belastninger og h\u00f8je sp\u00e6ndingskr\u00e6fter, der er typiske for marineforankring.<\/p>\n<p>De boltl\u00f8se k\u00e6ders alsidighed g\u00f8r dem velegnede til forskellige marineform\u00e5l, fra fort\u00f8jning af sm\u00e5b\u00e5de til tunge industrielle form\u00e5l. Disse k\u00e6der er grundigt testet for at opfylde internationale standarder, da deres p\u00e5lidelighed er altafg\u00f8rende for sikkerheden for b\u00e5de fart\u00f8jer og bes\u00e6tning. P\u00e5 grund af deres konstruktion har de ogs\u00e5 en imponerende modstandsdygtighed over for korrosion og slid, hvilket er vigtigt i saltholdige og andre barske milj\u00f8er. Designet reducerer yderligere forekomsten af k\u00e6der, der h\u00e6nger fast, da den ensartede konstruktion minimerer svage punkter. Denne kvalitet har f\u00f8rt til en \u00f8get pr\u00e6ference for boltefri k\u00e6der blandt skibsingeni\u00f8rer og skibsoperat\u00f8rer, der s\u00f8ger holdbarhed og p\u00e5lidelighed i situationer med h\u00f8j belastning.<\/p>\n<h3>Fordelene ved at v\u00e6lge knopl\u00f8se ankerk\u00e6der fra Qingdao H&amp;F<\/h3>\n<p>Hos Qingdao H&amp;F har vi forpligtet os til at forsyne vores kunder med knopl\u00f8se ankerk\u00e6der af h\u00f8j kvalitet, der opfylder strenge standarder for sikkerhed, styrke og holdbarhed. Vores k\u00e6der gennemg\u00e5r strenge kvalitetstests for at sikre, at de leverer optimal ydelse under forskellige forhold. Processen omfatter belastningstest, som er afg\u00f8rende for at bekr\u00e6fte, at hver k\u00e6de kan h\u00e5ndtere den maksimale belastning, der forventes under brug. K\u00f8bere er i stigende grad optaget af pr\u00f8vningsbelastningen, da den har direkte indflydelse p\u00e5 k\u00e6dens p\u00e5lidelighed, is\u00e6r i udfordrende fort\u00f8jningssituationer.<\/p>\n<p>Det, der adskiller Qingdao H&amp;F fra andre, er vores engagement i kundetilfredshed og p\u00e5lidelighed. Med over 20 \u00e5rs ekspertise i B2B-handelssektoren tilbyder vores team individuel kundeservice, der er skr\u00e6ddersyet til hver enkelt kundes unikke behov. Vores erfarne fagfolk guider kunderne gennem hvert trin i k\u00f8bsprocessen og sikrer, at de finder de ideelle k\u00e6despecifikationer, der matcher deres projekts krav. Vi forst\u00e5r, at hurtig levering er afg\u00f8rende i denne branche, s\u00e5 vi l\u00e6gger v\u00e6gt p\u00e5 rettidig logistik for at opfylde vores kunders planl\u00e6gningsbehov uden at g\u00e5 p\u00e5 kompromis.<\/p>\n<p>Ud over vores st\u00e6rke leveringsevne underst\u00f8ttes vores produkter af omfattende kvalitetsinspektionsrapporter. Disse rapporter giver gennemsigtighed og sikkerhed og hj\u00e6lper kunderne med at tr\u00e6ffe informerede k\u00f8bsbeslutninger. Inspektionsprocessen evaluerer faktorer som materialesammens\u00e6tning, tr\u00e6kstyrke og korrosionsbestandighed, som alle har indflydelse p\u00e5 k\u00e6dens levetid og ydeevne. Ved at give vores kunder detaljerede inspektionsrapporter giver vi dem mulighed for trygt at investere i produkter, der lever op til deres h\u00f8je standarder.<\/p>\n<h3>At v\u00e6lge de rigtige specifikationer: Hvorfor k\u00e6dediameter og pr\u00f8vebelastning betyder noget<\/h3>\n<p>Ved valg af boltl\u00f8se ankerk\u00e6der er der to specifikationer, der er s\u00e6rligt vigtige: diameter og belastning. Diameteren p\u00e5 hvert k\u00e6deled, m\u00e5lt i tommer, p\u00e5virker b\u00e5de k\u00e6dens v\u00e6gt og dens b\u00e6reevne. Det er vigtigt at v\u00e6lge den rigtige diameter, da den har direkte indflydelse p\u00e5 k\u00e6dens ydeevne ved fort\u00f8jning. For eksempel kan en diameter p\u00e5 1\/2 tomme v\u00e6re velegnet til lette fart\u00f8jer, mens tunge industrielle anvendelser kan kr\u00e6ve k\u00e6der med en diameter p\u00e5 3\/4 tomme eller derover.<\/p>\n<p>Pr\u00f8vningsbelastning er en anden kritisk faktor, der repr\u00e6senterer den maksimale belastning, k\u00e6den kan udholde uden permanent deformation. Denne metrik er afg\u00f8rende for kunderne, da den giver et klart m\u00e5l for k\u00e6dens evne til at h\u00e5ndtere tunge belastninger under virkelige forhold. Hos Qingdao H&amp;F tilbyder vi k\u00e6der, der er testet til at overskride industristandarderne for belastning, hvilket giver vores kunder ekstra tillid til deres ydeevne. Test af pr\u00f8vebelastning er ogs\u00e5 et v\u00e6rdifuldt m\u00e5l for en k\u00e6des sikkerhed, da det sikrer, at k\u00e6den bevarer sin integritet selv under pludselige, intense belastninger.<\/p>\n<p>Ved at v\u00e6lge en boltl\u00f8s ankerk\u00e6de med passende diameter og belastning kan k\u00f8berne sikre optimal ydeevne til deres specifikke fort\u00f8jningsbehov. Vores team hos Qingdao H&amp;F er rustet til at vejlede kunderne i at v\u00e6lge de ideelle specifikationer og tr\u00e6kke p\u00e5 vores indg\u00e5ende kendskab til industristandarder og materialeegenskaber for at anbefale produkter, der passer til den enkelte kundes driftskrav.<\/p>\n<h3>Stol p\u00e5 en gennempr\u00f8vet partner: Hvorfor Qingdao H&amp;F er det foretrukne valg<\/h3>\n<p>For dem, der s\u00f8ger boltl\u00f8se ankerk\u00e6der, er p\u00e5lidelighed og leverand\u00f8rens erfaring altafg\u00f8rende. Med to \u00e5rtiers erfaring inden for B2B-sektoren forst\u00e5r Qingdao H&amp;F de komplekse behov, som kunder inden for marine og industri har. Vores dedikerede one-on-one kundeservice betyder, at hver kunde f\u00e5r personlig support og hj\u00e6lp til at finde de bedste l\u00f8sninger til deres fort\u00f8jnings- og forankringskrav. Desuden sikrer vores strenge testprotokoller, at alle produkter opfylder eller overg\u00e5r branchens standarder for kvalitet og holdbarhed.<\/p>\n<p>Forpligtelsen til kvalitet slutter ikke med salget. Qingdao H&amp;F tilbyder eftersalgssupport og hurtige svar p\u00e5 kundeforesp\u00f8rgsler, hvilket yderligere forbedrer vores kunders oplevelse. Vi er stolte af vores evne til at opbygge langsigtede relationer og levere en p\u00e5lidelig kilde til knopl\u00f8se ankerk\u00e6der af h\u00f8j kvalitet, som kunderne kan stole p\u00e5. Gennem vores gennemsigtige kvalitetsinspektionsproces og dedikation til hurtig levering har vi etableret et ry for ekspertise inden for branchen.<\/p>\n<p>N\u00e5r kunderne v\u00e6lger Qingdao H&amp;F, f\u00e5r de ikke kun gavn af den overlegne produktkvalitet, men ogs\u00e5 af den sikkerhed, der f\u00f8lger med vores omfattende inspektionsrapporter og ekspertvejledning. N\u00e5r vi ser p\u00e5 fremtiden, er vores fokus fortsat p\u00e5 at hj\u00e6lpe kunderne med at opn\u00e5 succes ved at levere boltefri ankerk\u00e6der af h\u00f8j kvalitet, der giver b\u00e5de ydeevne og ro i sindet.<\/p>","protected":false},"excerpt":{"rendered":"<p>Boltl\u00f8se ankerk\u00e6der er et p\u00e5lideligt valg til kraftig fort\u00f8jning og forankring, kendt for deres robuste struktur og modstandsdygtighed over for slitage under kr\u00e6vende marineforhold. K\u00f8bere fokuserer typisk p\u00e5 faktorer som holdbarhed, belastning og k\u00e6dens evne til at modst\u00e5 h\u00f8je belastninger over tid. Som B2B-handelsvirksomhed med 20 \u00e5rs ekspertise s\u00e6tter Qingdao H&amp;F en \u00e6re i at tilbyde konkurrencedygtige priser, en hurtig leveringscyklus og omfattende kvalitetsinspektionsrapporter. Vores personlige kundeservice sikrer en skr\u00e6ddersyet k\u00f8bsoplevelse, hvilket g\u00f8r os til en betroet partner, n\u00e5r det g\u00e6lder levering af boltl\u00f8se ankerk\u00e6der af h\u00f8j kvalitet, der opfylder strenge industristandarder.<\/p>","protected":false},"featured_media":8171,"comment_status":"open","ping_status":"closed","template":"","meta":{"site-sidebar-layout":"default","site-content-layout":"","ast-site-content-layout":"default","site-content-style":"default","site-sidebar-style":"default","ast-global-header-display":"","ast-banner-title-visibility":"","ast-main-header-display":"","ast-hfb-above-header-display":"","ast-hfb-below-header-display":"","ast-hfb-mobile-header-display":"","site-post-title":"","ast-breadcrumbs-content":"","ast-featured-img":"","footer-sml-layout":"","theme-transparent-header-meta":"default","adv-header-id-meta":"","stick-header-meta":"default","header-above-stick-meta":"","header-main-stick-meta":"","header-below-stick-meta":"","astra-migrate-meta-layouts":"set","ast-page-background-enabled":"default","ast-page-background-meta":{"desktop":{"background-color":"","background-image":"","background-repeat":"repeat","background-position":"center center","background-size":"auto","background-attachment":"scroll","background-type":"","background-media":"","overlay-type":"","overlay-color":"","overlay-opacity":"","overlay-gradient":""},"tablet":{"background-color":"","background-image":"","background-repeat":"repeat","background-position":"center center","background-size":"auto","background-attachment":"scroll","background-type":"","background-media":"","overlay-type":"","overlay-color":"","overlay-opacity":"","overlay-gradient":""},"mobile":{"background-color":"","background-image":"","background-repeat":"repeat","background-position":"center center","background-size":"auto","background-attachment":"scroll","background-type":"","background-media":"","overlay-type":"","overlay-color":"","overlay-opacity":"","overlay-gradient":""}},"ast-content-background-meta":{"desktop":{"background-color":"var(--ast-global-color-5)","background-image":"","background-repeat":"repeat","background-position":"center center","background-size":"auto","background-attachment":"scroll","background-type":"","background-media":"","overlay-type":"","overlay-color":"","overlay-opacity":"","overlay-gradient":""},"tablet":{"background-color":"var(--ast-global-color-5)","background-image":"","background-repeat":"repeat","background-position":"center center","background-size":"auto","background-attachment":"scroll","background-type":"","background-media":"","overlay-type":"","overlay-color":"","overlay-opacity":"","overlay-gradient":""},"mobile":{"background-color":"var(--ast-global-color-5)","background-image":"","background-repeat":"repeat","background-position":"center center","background-size":"auto","background-attachment":"scroll","background-type":"","background-media":"","overlay-type":"","overlay-color":"","overlay-opacity":"","overlay-gradient":""}}},"product_brand":[],"product_cat":[38],"product_tag":[],"class_list":{"0":"post-8178","1":"product","2":"type-product","3":"status-publish","4":"has-post-thumbnail","6":"product_cat-chain","7":"desktop-align-left","8":"tablet-align-left","9":"mobile-align-left","10":"ast-product-gallery-layout-horizontal-slider","11":"ast-product-tabs-layout-horizontal","13":"first","14":"instock","15":"shipping-taxable","16":"purchasable","17":"product-type-simple"},"yoast_head":"<!-- This site is optimized with the Yoast SEO plugin v25.2 - https:\/\/yoast.com\/wordpress\/plugins\/seo\/ -->\n<title>Studless Anchor Chain<\/title>\n<meta name=\"description\" content=\"Studless anchor chains are a dependable choice for heavy-duty mooring and anchoring, known for their robust structure and resistance to wear in demanding marine conditions.\" \/>\n<meta name=\"robots\" content=\"index, follow, max-snippet:-1, max-image-preview:large, max-video-preview:-1\" \/>\n<link rel=\"canonical\" href=\"https:\/\/qingdaohf.com\/da\/vare\/ankerkaede-uden-knop\/\" \/>\n<meta property=\"og:locale\" content=\"da_DK\" \/>\n<meta property=\"og:type\" content=\"article\" \/>\n<meta property=\"og:title\" content=\"Studless Anchor Chain\" \/>\n<meta property=\"og:description\" content=\"Studless anchor chains are a dependable choice for heavy-duty mooring and anchoring, known for their robust structure and resistance to wear in demanding marine conditions.\" \/>\n<meta property=\"og:url\" content=\"https:\/\/qingdaohf.com\/da\/vare\/ankerkaede-uden-knop\/\" \/>\n<meta property=\"og:site_name\" content=\"Concrete Form &amp; Rigging Hardware Supplier\" \/>\n<meta property=\"article:publisher\" content=\"https:\/\/www.facebook.com\/qingdaohf\" \/>\n<meta property=\"article:modified_time\" content=\"2025-11-13T01:02:54+00:00\" \/>\n<meta property=\"og:image\" content=\"https:\/\/qingdaohf.com\/wp-content\/uploads\/2024\/10\/marine-studless-chain_\u526f\u672c.jpg\" \/>\n\t<meta property=\"og:image:width\" content=\"1000\" \/>\n\t<meta property=\"og:image:height\" content=\"1000\" \/>\n\t<meta property=\"og:image:type\" content=\"image\/jpeg\" \/>\n<meta name=\"twitter:card\" content=\"summary_large_image\" \/>\n<meta name=\"twitter:label1\" content=\"Estimeret l\u00e6setid\" \/>\n\t<meta name=\"twitter:data1\" content=\"5 minutter\" \/>\n<script type=\"application\/ld+json\" class=\"yoast-schema-graph\">{\"@context\":\"https:\/\/schema.org\",\"@graph\":[{\"@type\":\"WebPage\",\"@id\":\"https:\/\/qingdaohf.com\/product\/studless-anchor-chain\/\",\"url\":\"https:\/\/qingdaohf.com\/product\/studless-anchor-chain\/\",\"name\":\"Studless Anchor Chain\",\"isPartOf\":{\"@id\":\"https:\/\/qingdaohf.com\/bg\/#website\"},\"primaryImageOfPage\":{\"@id\":\"https:\/\/qingdaohf.com\/product\/studless-anchor-chain\/#primaryimage\"},\"image\":{\"@id\":\"https:\/\/qingdaohf.com\/product\/studless-anchor-chain\/#primaryimage\"},\"thumbnailUrl\":\"https:\/\/qingdaohf.com\/wp-content\/uploads\/2024\/10\/marine-studless-chain_\u526f\u672c.jpg\",\"datePublished\":\"2024-10-29T08:45:43+00:00\",\"dateModified\":\"2025-11-13T01:02:54+00:00\",\"description\":\"Studless anchor chains are a dependable choice for heavy-duty mooring and anchoring, known for their robust structure and resistance to wear in demanding marine conditions.\",\"breadcrumb\":{\"@id\":\"https:\/\/qingdaohf.com\/product\/studless-anchor-chain\/#breadcrumb\"},\"inLanguage\":\"da-DK\",\"potentialAction\":[{\"@type\":\"ReadAction\",\"target\":[\"https:\/\/qingdaohf.com\/product\/studless-anchor-chain\/\"]}]},{\"@type\":\"ImageObject\",\"inLanguage\":\"da-DK\",\"@id\":\"https:\/\/qingdaohf.com\/product\/studless-anchor-chain\/#primaryimage\",\"url\":\"https:\/\/qingdaohf.com\/wp-content\/uploads\/2024\/10\/marine-studless-chain_\u526f\u672c.jpg\",\"contentUrl\":\"https:\/\/qingdaohf.com\/wp-content\/uploads\/2024\/10\/marine-studless-chain_\u526f\u672c.jpg\",\"width\":1000,\"height\":1000,\"caption\":\"studless chain\"},{\"@type\":\"BreadcrumbList\",\"@id\":\"https:\/\/qingdaohf.com\/product\/studless-anchor-chain\/#breadcrumb\",\"itemListElement\":[{\"@type\":\"ListItem\",\"position\":1,\"name\":\"Home\",\"item\":\"https:\/\/qingdaohf.com\/\"},{\"@type\":\"ListItem\",\"position\":2,\"name\":\"Concrete Forming Accessories and Rigging Hardware\",\"item\":\"https:\/\/qingdaohf.com\/bg\/?page_id=944\"},{\"@type\":\"ListItem\",\"position\":3,\"name\":\"Studless Anchor Chain\"}]},{\"@type\":\"WebSite\",\"@id\":\"https:\/\/qingdaohf.com\/bg\/#website\",\"url\":\"https:\/\/qingdaohf.com\/bg\/\",\"name\":\"Concrete Form & Rigging Hardware Supplier\",\"description\":\"\",\"publisher\":{\"@id\":\"https:\/\/qingdaohf.com\/bg\/#organization\"},\"potentialAction\":[{\"@type\":\"SearchAction\",\"target\":{\"@type\":\"EntryPoint\",\"urlTemplate\":\"https:\/\/qingdaohf.com\/bg\/?s={search_term_string}\"},\"query-input\":{\"@type\":\"PropertyValueSpecification\",\"valueRequired\":true,\"valueName\":\"search_term_string\"}}],\"inLanguage\":\"da-DK\"},{\"@type\":\"Organization\",\"@id\":\"https:\/\/qingdaohf.com\/bg\/#organization\",\"name\":\"Qingdao H&F\",\"url\":\"https:\/\/qingdaohf.com\/bg\/\",\"logo\":{\"@type\":\"ImageObject\",\"inLanguage\":\"da-DK\",\"@id\":\"https:\/\/qingdaohf.com\/bg\/#\/schema\/logo\/image\/\",\"url\":\"https:\/\/qingdaohf.com\/wp-content\/uploads\/2022\/12\/cropped-HF-LOGO.png\",\"contentUrl\":\"https:\/\/qingdaohf.com\/wp-content\/uploads\/2022\/12\/cropped-HF-LOGO.png\",\"width\":391,\"height\":249,\"caption\":\"Qingdao H&F\"},\"image\":{\"@id\":\"https:\/\/qingdaohf.com\/bg\/#\/schema\/logo\/image\/\"},\"sameAs\":[\"https:\/\/www.facebook.com\/qingdaohf\"]}]}<\/script>\n<!-- \/ Yoast SEO plugin. -->","yoast_head_json":{"title":"Studless Anchor Chain","description":"Studless anchor chains are a dependable choice for heavy-duty mooring and anchoring, known for their robust structure and resistance to wear in demanding marine conditions.","robots":{"index":"index","follow":"follow","max-snippet":"max-snippet:-1","max-image-preview":"max-image-preview:large","max-video-preview":"max-video-preview:-1"},"canonical":"https:\/\/qingdaohf.com\/da\/vare\/ankerkaede-uden-knop\/","og_locale":"da_DK","og_type":"article","og_title":"Studless Anchor Chain","og_description":"Studless anchor chains are a dependable choice for heavy-duty mooring and anchoring, known for their robust structure and resistance to wear in demanding marine conditions.","og_url":"https:\/\/qingdaohf.com\/da\/vare\/ankerkaede-uden-knop\/","og_site_name":"Concrete Form &amp; Rigging Hardware Supplier","article_publisher":"https:\/\/www.facebook.com\/qingdaohf","article_modified_time":"2025-11-13T01:02:54+00:00","og_image":[{"width":1000,"height":1000,"url":"https:\/\/qingdaohf.com\/wp-content\/uploads\/2024\/10\/marine-studless-chain_\u526f\u672c.jpg","type":"image\/jpeg"}],"twitter_card":"summary_large_image","twitter_misc":{"Estimeret l\u00e6setid":"5 minutter"},"schema":{"@context":"https:\/\/schema.org","@graph":[{"@type":"WebPage","@id":"https:\/\/qingdaohf.com\/product\/studless-anchor-chain\/","url":"https:\/\/qingdaohf.com\/product\/studless-anchor-chain\/","name":"Studless Anchor Chain","isPartOf":{"@id":"https:\/\/qingdaohf.com\/bg\/#website"},"primaryImageOfPage":{"@id":"https:\/\/qingdaohf.com\/product\/studless-anchor-chain\/#primaryimage"},"image":{"@id":"https:\/\/qingdaohf.com\/product\/studless-anchor-chain\/#primaryimage"},"thumbnailUrl":"https:\/\/qingdaohf.com\/wp-content\/uploads\/2024\/10\/marine-studless-chain_\u526f\u672c.jpg","datePublished":"2024-10-29T08:45:43+00:00","dateModified":"2025-11-13T01:02:54+00:00","description":"Studless anchor chains are a dependable choice for heavy-duty mooring and anchoring, known for their robust structure and resistance to wear in demanding marine conditions.","breadcrumb":{"@id":"https:\/\/qingdaohf.com\/product\/studless-anchor-chain\/#breadcrumb"},"inLanguage":"da-DK","potentialAction":[{"@type":"ReadAction","target":["https:\/\/qingdaohf.com\/product\/studless-anchor-chain\/"]}]},{"@type":"ImageObject","inLanguage":"da-DK","@id":"https:\/\/qingdaohf.com\/product\/studless-anchor-chain\/#primaryimage","url":"https:\/\/qingdaohf.com\/wp-content\/uploads\/2024\/10\/marine-studless-chain_\u526f\u672c.jpg","contentUrl":"https:\/\/qingdaohf.com\/wp-content\/uploads\/2024\/10\/marine-studless-chain_\u526f\u672c.jpg","width":1000,"height":1000,"caption":"studless chain"},{"@type":"BreadcrumbList","@id":"https:\/\/qingdaohf.com\/product\/studless-anchor-chain\/#breadcrumb","itemListElement":[{"@type":"ListItem","position":1,"name":"Home","item":"https:\/\/qingdaohf.com\/"},{"@type":"ListItem","position":2,"name":"Concrete Forming Accessories and Rigging Hardware","item":"https:\/\/qingdaohf.com\/bg\/?page_id=944"},{"@type":"ListItem","position":3,"name":"Studless Anchor Chain"}]},{"@type":"WebSite","@id":"https:\/\/qingdaohf.com\/bg\/#website","url":"https:\/\/qingdaohf.com\/bg\/","name":"Concrete Form & Rigging Hardware Supplier","description":"","publisher":{"@id":"https:\/\/qingdaohf.com\/bg\/#organization"},"potentialAction":[{"@type":"SearchAction","target":{"@type":"EntryPoint","urlTemplate":"https:\/\/qingdaohf.com\/bg\/?s={search_term_string}"},"query-input":{"@type":"PropertyValueSpecification","valueRequired":true,"valueName":"search_term_string"}}],"inLanguage":"da-DK"},{"@type":"Organization","@id":"https:\/\/qingdaohf.com\/bg\/#organization","name":"Qingdao H&F","url":"https:\/\/qingdaohf.com\/bg\/","logo":{"@type":"ImageObject","inLanguage":"da-DK","@id":"https:\/\/qingdaohf.com\/bg\/#\/schema\/logo\/image\/","url":"https:\/\/qingdaohf.com\/wp-content\/uploads\/2022\/12\/cropped-HF-LOGO.png","contentUrl":"https:\/\/qingdaohf.com\/wp-content\/uploads\/2022\/12\/cropped-HF-LOGO.png","width":391,"height":249,"caption":"Qingdao H&F"},"image":{"@id":"https:\/\/qingdaohf.com\/bg\/#\/schema\/logo\/image\/"},"sameAs":["https:\/\/www.facebook.com\/qingdaohf"]}]}},"_links":{"self":[{"href":"https:\/\/qingdaohf.com\/da\/wp-json\/wp\/v2\/product\/8178","targetHints":{"allow":["GET"]}}],"collection":[{"href":"https:\/\/qingdaohf.com\/da\/wp-json\/wp\/v2\/product"}],"about":[{"href":"https:\/\/qingdaohf.com\/da\/wp-json\/wp\/v2\/types\/product"}],"replies":[{"embeddable":true,"href":"https:\/\/qingdaohf.com\/da\/wp-json\/wp\/v2\/comments?post=8178"}],"version-history":[{"count":1,"href":"https:\/\/qingdaohf.com\/da\/wp-json\/wp\/v2\/product\/8178\/revisions"}],"predecessor-version":[{"id":8180,"href":"https:\/\/qingdaohf.com\/da\/wp-json\/wp\/v2\/product\/8178\/revisions\/8180"}],"wp:featuredmedia":[{"embeddable":true,"href":"https:\/\/qingdaohf.com\/da\/wp-json\/wp\/v2\/media\/8171"}],"wp:attachment":[{"href":"https:\/\/qingdaohf.com\/da\/wp-json\/wp\/v2\/media?parent=8178"}],"wp:term":[{"taxonomy":"product_brand","embeddable":true,"href":"https:\/\/qingdaohf.com\/da\/wp-json\/wp\/v2\/product_brand?post=8178"},{"taxonomy":"product_cat","embeddable":true,"href":"https:\/\/qingdaohf.com\/da\/wp-json\/wp\/v2\/product_cat?post=8178"},{"taxonomy":"product_tag","embeddable":true,"href":"https:\/\/qingdaohf.com\/da\/wp-json\/wp\/v2\/product_tag?post=8178"}],"curies":[{"name":"wp","href":"https:\/\/api.w.org\/{rel}","templated":true}]}}