{"id":8181,"date":"2024-10-29T16:52:37","date_gmt":"2024-10-29T08:52:37","guid":{"rendered":"http:\/\/qingdaohf.com\/?post_type=product&#038;p=8181"},"modified":"2025-11-13T09:02:54","modified_gmt":"2025-11-13T01:02:54","slug":"stud-link-chain","status":"publish","type":"product","link":"https:\/\/qingdaohf.com\/da\/vare\/kaede-med-knopper\/","title":{"rendered":"Stud Link ankerk\u00e6de"},"content":{"rendered":"<p><img fetchpriority=\"high\" decoding=\"async\" class=\"alignnone size-full wp-image-8170\" src=\"http:\/\/qingdaohf.com\/wp-content\/uploads\/2024\/10\/stud-link-anchor-chain_2.webp\" alt=\"ankerk\u00e6de med knopper\" width=\"842\" height=\"1091\" srcset=\"https:\/\/qingdaohf.com\/wp-content\/uploads\/2024\/10\/stud-link-anchor-chain_2.webp 842w, https:\/\/qingdaohf.com\/wp-content\/uploads\/2024\/10\/stud-link-anchor-chain_2-232x300.webp 232w, https:\/\/qingdaohf.com\/wp-content\/uploads\/2024\/10\/stud-link-anchor-chain_2-790x1024.webp 790w, https:\/\/qingdaohf.com\/wp-content\/uploads\/2024\/10\/stud-link-anchor-chain_2-768x995.webp 768w, https:\/\/qingdaohf.com\/wp-content\/uploads\/2024\/10\/stud-link-anchor-chain_2-9x12.webp 9w\" sizes=\"(max-width: 842px) 100vw, 842px\" \/><\/p>\n<p>I industrielle, maritime og offshore-milj\u00f8er har man tillid til Stud Link Chains for deres holdbarhed og evne til at h\u00e5ndtere belastning, hvilket g\u00f8r dem ideelle til forankring, fort\u00f8jning og forskellige tunge l\u00f8fteopgaver. Disse k\u00e6der best\u00e5r af indbyrdes forbundne led med bolte placeret p\u00e5 tv\u00e6rs af hvert led, hvilket giver strukturel stabilitet, der hj\u00e6lper med at forhindre deformation under betydelig belastning. N\u00e5r man v\u00e6lger en k\u00e6de, skal man fokusere p\u00e5 specifikationer som diameter, belastning og materialekvalitet, da disse faktorer har direkte indflydelse p\u00e5 sikkerhed og ydeevne.<\/p>\n<p>Vigtigheden af at v\u00e6lge den rigtige Stud Link Chain r\u00e6kker ud over den generelle anvendelse; hver k\u00e6des specifikationer skal v\u00e6re i overensstemmelse med branchens krav og forventede belastningsforhold. For eksempel spiller diameteren p\u00e5 k\u00e6deleddene, der almindeligvis f\u00e5s i tommest\u00f8rrelser, en afg\u00f8rende rolle for at bestemme k\u00e6dens styrke og egnethed til forskellige anvendelser. K\u00e6der, der opfylder internationale standarder som ISO 1704 og IACS-regler, giver k\u00f8berne sikkerhed for, at disse produkter er blevet grundigt testet for kvalitet og modstandsdygtighed. Hos Qingdao H&amp;F anerkender vi behovet for b\u00e5de h\u00f8jtydende produkter og p\u00e5lidelig service, og derfor ledsager vi alle k\u00e6der med detaljerede kvalitetsinspektionsrapporter, herunder pr\u00f8vebelastning, brudbelastning og materialesammens\u00e6tning. Ved at fokusere p\u00e5 sikkerhed og effektivitet giver vores Stud Link Chains den tillid, der er n\u00f8dvendig for driftssikkerhed i udfordrende milj\u00f8er.<\/p>\n<h3><strong>Styrke og holdbarhed af Stud Link-k\u00e6der<\/strong><\/h3>\n<p>Stud Link Chains er fremstillet af h\u00f8jkvalitetsst\u00e5l, som giver dem enest\u00e5ende tr\u00e6kstyrke og korrosionsbestandighed - to kritiske egenskaber i maritime og tungindustrielle anvendelser. Tappen i hvert led forhindrer k\u00e6den i at deformere sig ved at opretholde k\u00e6dens overordnede form, selv under v\u00e6gten af tunge belastninger. Denne designfunktion hj\u00e6lper ogs\u00e5 med at mindske b\u00f8jningsstress, et almindeligt problem i h\u00f8jbelastningsapplikationer, og forl\u00e6nger dermed k\u00e6dens levetid.<\/p>\n<p>Hvert led er omhyggeligt konstrueret til at b\u00e6re belastninger uden at give efter for deformation eller udmattelse, hvilket g\u00f8r Stud Link Chains s\u00e6rligt v\u00e6rdifulde i offshore-applikationer, hvor stabilitet og styrke er afg\u00f8rende. K\u00e6der med st\u00f8rre diametre giver st\u00f8rre belastninger, hvilket betyder, at de kan holde til betydelig v\u00e6gt uden at give efter, hvilket g\u00f8r dem ideelle til fort\u00f8jningssystemer og ankerk\u00e6der.<\/p>\n<p>Hos Qingdao H&amp;F omfatter vores engagement i kvalitet en streng testproces, hvor k\u00e6der uds\u00e6ttes for pr\u00f8vebelastning og evaluering af tr\u00e6kstyrke inden afsendelse. Denne praksis sikrer, at hvert produkt opfylder kravene og kan modst\u00e5 de udfordrende forhold ved industriel brug. Vores individuelle kundeservice betyder ogs\u00e5, at k\u00f8berne f\u00e5r ekspertvejledning i at v\u00e6lge den rette k\u00e6dest\u00f8rrelse og de rette specifikationer baseret p\u00e5 specifikke behov, hvilket sikrer, at hvert eneste k\u00f8b er velinformeret.<\/p>\n<h3><strong>Anvendelser og k\u00f8bsovervejelser for Stud Link-k\u00e6der<\/strong><\/h3>\n<p>Stud Link-k\u00e6der anvendes oftest i maritime applikationer, is\u00e6r som anker- og fort\u00f8jningsk\u00e6der, p\u00e5 grund af deres evne til at modst\u00e5 langvarig eksponering for havvand og h\u00e5rdh\u00e6ndet h\u00e5ndtering. Ud over maritime anvendelser finder disse k\u00e6der ogs\u00e5 anvendelse inden for byggeri, minedrift og industrimaskiner, hvor tunge belastninger skal sikres og h\u00e5ndteres med den st\u00f8rste p\u00e5lidelighed. Valget af k\u00e6dediameter, tappedesign og materialer bliver dog afg\u00f8rende for at opfylde hver branches specifikke krav.<\/p>\n<p>N\u00e5r man v\u00e6lger Stud Link-k\u00e6der, prioriterer k\u00f8berne flere pr\u00e6stationsrelaterede egenskaber. Den f\u00f8rste er materialestyrke: H\u00f8jstyrkest\u00e5l giver den n\u00f8dvendige holdbarhed til marine anvendelser, mens legeret st\u00e5l kan foretr\u00e6kkes p\u00e5 grund af det forbedrede forhold mellem styrke og v\u00e6gt i konstruktionen. For det andet bliver korrosionsbestandighed kritisk i saltvandsmilj\u00f8er, da ethvert kompromis i materialekvaliteten kan f\u00f8re til tidlig nedbrydning af k\u00e6den og sikkerhedsrisici. K\u00f8bere b\u00f8r ogs\u00e5 overveje k\u00e6dens belastningsgrad for at sikre, at den kan h\u00e5ndtere de specifikke v\u00e6gtbelastninger, der forventes i deres virksomhed.<\/p>\n<p>Hos Qingdao H&amp;F giver vores hurtige leveringscyklusser virksomhederne mulighed for at opretholde en uafbrudt drift uden for meget nedetid. Derudover tilbyder vi detaljerede inspektionsrapporter, som giver vores kunder et klart overblik over hver k\u00e6des kvalitetsparametre f\u00f8r afsendelse. Med dette niveau af gennemsigtighed kan k\u00f8berne stole p\u00e5, at vores k\u00e6der ikke kun opfylder industristandarderne, men ogs\u00e5 de unikke krav til hver enkelt applikation, hvad enten det drejer sig om offshore-rigge, industrielle l\u00f8ft eller havneoperationer.<\/p>\n<h3><strong>Konklusion: Hvorfor v\u00e6lge Qingdao H&amp;F's Stud Link-k\u00e6der?<\/strong><\/h3>\n<p>At v\u00e6lge en Stud Link Chain er en beslutning, der er forankret i sikkerhed og funktionalitet, da disse k\u00e6der skal kunne modst\u00e5 ekstreme belastninger og udfordrende milj\u00f8er. Hos Qingdao H&amp;F g\u00e5r vi videre end blot at levere k\u00e6der af h\u00f8j kvalitet ved at tilbyde en omfattende serviceoplevelse, der omfatter ekspertr\u00e5dgivning, hurtig levering og produktgennemsigtighed via inspektionsrapporter. Alle vores k\u00e6der opfylder strenge teststandarder, hvilket sikrer vores k\u00f8bere kvalitet og holdbarhed ved hvert eneste k\u00f8b.<\/p>\n<p>Vores engagement i en-til-en kundeservice betyder, at vi st\u00f8tter kunderne i alle faser, fra produktvalg til foresp\u00f8rgsler efter salg, s\u00e5 vi sikrer den bedst mulige k\u00f8bsoplevelse. Uanset om de bruges i maritime omgivelser, til industrielle l\u00f8ft eller i andre milj\u00f8er med h\u00f8j belastning, leverer Qingdao H&amp;F's Stud Link-k\u00e6der ikke kun kvalitet, men ogs\u00e5 den p\u00e5lidelighed og support, som enhver virksomhed har brug for for at f\u00e5 succes.<\/p>","protected":false},"excerpt":{"rendered":"<p>En Stud Link-k\u00e6de giver robust styrke og stabilitet og er ideel til tunge opgaver, hvor holdbarhed og p\u00e5lidelighed er altafg\u00f8rende. K\u00f8bere prioriterer ofte faktorer som materialekvalitet, b\u00e6reevne og modstandsdygtighed over for barske milj\u00f8er, n\u00e5r de v\u00e6lger en Stud Link Chain. Hos Qingdao H&amp;F prioriterer vi disse behov ved at sikre, at hver k\u00e6de opfylder strenge kvalitetsstandarder og leverer detaljerede inspektionsrapporter, herunder data om pr\u00f8vebelastning og tr\u00e6kstyrke. Med vores personlige kundeservice og effektive leveringscyklus leverer vi ikke bare produkter, men p\u00e5lidelige l\u00f8sninger, der giver din virksomhed en mere smidig og sikker drift.<\/p>","protected":false},"featured_media":4678,"comment_status":"open","ping_status":"closed","template":"","meta":{"site-sidebar-layout":"default","site-content-layout":"","ast-site-content-layout":"default","site-content-style":"default","site-sidebar-style":"default","ast-global-header-display":"","ast-banner-title-visibility":"","ast-main-header-display":"","ast-hfb-above-header-display":"","ast-hfb-below-header-display":"","ast-hfb-mobile-header-display":"","site-post-title":"","ast-breadcrumbs-content":"","ast-featured-img":"","footer-sml-layout":"","theme-transparent-header-meta":"default","adv-header-id-meta":"","stick-header-meta":"default","header-above-stick-meta":"","header-main-stick-meta":"","header-below-stick-meta":"","astra-migrate-meta-layouts":"set","ast-page-background-enabled":"default","ast-page-background-meta":{"desktop":{"background-color":"","background-image":"","background-repeat":"repeat","background-position":"center center","background-size":"auto","background-attachment":"scroll","background-type":"","background-media":"","overlay-type":"","overlay-color":"","overlay-opacity":"","overlay-gradient":""},"tablet":{"background-color":"","background-image":"","background-repeat":"repeat","background-position":"center center","background-size":"auto","background-attachment":"scroll","background-type":"","background-media":"","overlay-type":"","overlay-color":"","overlay-opacity":"","overlay-gradient":""},"mobile":{"background-color":"","background-image":"","background-repeat":"repeat","background-position":"center center","background-size":"auto","background-attachment":"scroll","background-type":"","background-media":"","overlay-type":"","overlay-color":"","overlay-opacity":"","overlay-gradient":""}},"ast-content-background-meta":{"desktop":{"background-color":"var(--ast-global-color-5)","background-image":"","background-repeat":"repeat","background-position":"center center","background-size":"auto","background-attachment":"scroll","background-type":"","background-media":"","overlay-type":"","overlay-color":"","overlay-opacity":"","overlay-gradient":""},"tablet":{"background-color":"var(--ast-global-color-5)","background-image":"","background-repeat":"repeat","background-position":"center center","background-size":"auto","background-attachment":"scroll","background-type":"","background-media":"","overlay-type":"","overlay-color":"","overlay-opacity":"","overlay-gradient":""},"mobile":{"background-color":"var(--ast-global-color-5)","background-image":"","background-repeat":"repeat","background-position":"center center","background-size":"auto","background-attachment":"scroll","background-type":"","background-media":"","overlay-type":"","overlay-color":"","overlay-opacity":"","overlay-gradient":""}}},"product_brand":[],"product_cat":[38],"product_tag":[],"class_list":{"0":"post-8181","1":"product","2":"type-product","3":"status-publish","4":"has-post-thumbnail","6":"product_cat-chain","7":"desktop-align-left","8":"tablet-align-left","9":"mobile-align-left","10":"ast-product-gallery-layout-horizontal-slider","11":"ast-product-tabs-layout-horizontal","13":"first","14":"instock","15":"shipping-taxable","16":"purchasable","17":"product-type-simple"},"yoast_head":"<!-- This site is optimized with the Yoast SEO plugin v25.2 - https:\/\/yoast.com\/wordpress\/plugins\/seo\/ -->\n<title>Stud Link Anchor Chain<\/title>\n<meta name=\"robots\" content=\"index, follow, max-snippet:-1, max-image-preview:large, max-video-preview:-1\" \/>\n<link rel=\"canonical\" href=\"https:\/\/qingdaohf.com\/da\/vare\/kaede-med-knopper\/\" \/>\n<meta property=\"og:locale\" content=\"da_DK\" \/>\n<meta property=\"og:type\" content=\"article\" \/>\n<meta property=\"og:title\" content=\"Stud Link Anchor Chain\" \/>\n<meta property=\"og:description\" content=\"A Stud Link Chain offers robust strength and stability, ideal for heavy-duty applications where durability and reliability are paramount. Buyers often prioritize factors like material quality, load-bearing capacity, and resistance to harsh environments when selecting a Stud Link Chain. At Qingdao H&amp;F, we prioritize these needs by ensuring every chain meets stringent quality standards and providing detailed inspection reports, including proof load and tensile strength data. With our one-on-one customer service approach and efficient delivery cycle, we deliver not just products but reliable solutions that enable smoother, safer operations for your business.\" \/>\n<meta property=\"og:url\" content=\"https:\/\/qingdaohf.com\/da\/vare\/kaede-med-knopper\/\" \/>\n<meta property=\"og:site_name\" content=\"Concrete Form &amp; Rigging Hardware Supplier\" \/>\n<meta property=\"article:publisher\" content=\"https:\/\/www.facebook.com\/qingdaohf\" \/>\n<meta property=\"article:modified_time\" content=\"2025-11-13T01:02:54+00:00\" \/>\n<meta property=\"og:image\" content=\"https:\/\/qingdaohf.com\/wp-content\/uploads\/2023\/04\/Marine-anchor-chain.jpg\" \/>\n\t<meta property=\"og:image:width\" content=\"1000\" \/>\n\t<meta property=\"og:image:height\" content=\"1000\" \/>\n\t<meta property=\"og:image:type\" content=\"image\/jpeg\" \/>\n<meta name=\"twitter:card\" content=\"summary_large_image\" \/>\n<meta name=\"twitter:label1\" content=\"Estimeret l\u00e6setid\" \/>\n\t<meta name=\"twitter:data1\" content=\"4 minutter\" \/>\n<script type=\"application\/ld+json\" class=\"yoast-schema-graph\">{\"@context\":\"https:\/\/schema.org\",\"@graph\":[{\"@type\":\"WebPage\",\"@id\":\"https:\/\/qingdaohf.com\/product\/stud-link-chain\/\",\"url\":\"https:\/\/qingdaohf.com\/product\/stud-link-chain\/\",\"name\":\"Stud Link Anchor Chain\",\"isPartOf\":{\"@id\":\"https:\/\/qingdaohf.com\/bg\/#website\"},\"primaryImageOfPage\":{\"@id\":\"https:\/\/qingdaohf.com\/product\/stud-link-chain\/#primaryimage\"},\"image\":{\"@id\":\"https:\/\/qingdaohf.com\/product\/stud-link-chain\/#primaryimage\"},\"thumbnailUrl\":\"https:\/\/qingdaohf.com\/wp-content\/uploads\/2023\/04\/Marine-anchor-chain.jpg\",\"datePublished\":\"2024-10-29T08:52:37+00:00\",\"dateModified\":\"2025-11-13T01:02:54+00:00\",\"breadcrumb\":{\"@id\":\"https:\/\/qingdaohf.com\/product\/stud-link-chain\/#breadcrumb\"},\"inLanguage\":\"da-DK\",\"potentialAction\":[{\"@type\":\"ReadAction\",\"target\":[\"https:\/\/qingdaohf.com\/product\/stud-link-chain\/\"]}]},{\"@type\":\"ImageObject\",\"inLanguage\":\"da-DK\",\"@id\":\"https:\/\/qingdaohf.com\/product\/stud-link-chain\/#primaryimage\",\"url\":\"https:\/\/qingdaohf.com\/wp-content\/uploads\/2023\/04\/Marine-anchor-chain.jpg\",\"contentUrl\":\"https:\/\/qingdaohf.com\/wp-content\/uploads\/2023\/04\/Marine-anchor-chain.jpg\",\"width\":1000,\"height\":1000,\"caption\":\"Marine anchor chain\"},{\"@type\":\"BreadcrumbList\",\"@id\":\"https:\/\/qingdaohf.com\/product\/stud-link-chain\/#breadcrumb\",\"itemListElement\":[{\"@type\":\"ListItem\",\"position\":1,\"name\":\"Home\",\"item\":\"https:\/\/qingdaohf.com\/\"},{\"@type\":\"ListItem\",\"position\":2,\"name\":\"Concrete Forming Accessories and Rigging Hardware\",\"item\":\"https:\/\/qingdaohf.com\/bg\/?page_id=944\"},{\"@type\":\"ListItem\",\"position\":3,\"name\":\"Stud Link Anchor Chain\"}]},{\"@type\":\"WebSite\",\"@id\":\"https:\/\/qingdaohf.com\/bg\/#website\",\"url\":\"https:\/\/qingdaohf.com\/bg\/\",\"name\":\"Concrete Form & Rigging Hardware Supplier\",\"description\":\"\",\"publisher\":{\"@id\":\"https:\/\/qingdaohf.com\/bg\/#organization\"},\"potentialAction\":[{\"@type\":\"SearchAction\",\"target\":{\"@type\":\"EntryPoint\",\"urlTemplate\":\"https:\/\/qingdaohf.com\/bg\/?s={search_term_string}\"},\"query-input\":{\"@type\":\"PropertyValueSpecification\",\"valueRequired\":true,\"valueName\":\"search_term_string\"}}],\"inLanguage\":\"da-DK\"},{\"@type\":\"Organization\",\"@id\":\"https:\/\/qingdaohf.com\/bg\/#organization\",\"name\":\"Qingdao H&F\",\"url\":\"https:\/\/qingdaohf.com\/bg\/\",\"logo\":{\"@type\":\"ImageObject\",\"inLanguage\":\"da-DK\",\"@id\":\"https:\/\/qingdaohf.com\/bg\/#\/schema\/logo\/image\/\",\"url\":\"https:\/\/qingdaohf.com\/wp-content\/uploads\/2022\/12\/cropped-HF-LOGO.png\",\"contentUrl\":\"https:\/\/qingdaohf.com\/wp-content\/uploads\/2022\/12\/cropped-HF-LOGO.png\",\"width\":391,\"height\":249,\"caption\":\"Qingdao H&F\"},\"image\":{\"@id\":\"https:\/\/qingdaohf.com\/bg\/#\/schema\/logo\/image\/\"},\"sameAs\":[\"https:\/\/www.facebook.com\/qingdaohf\"]}]}<\/script>\n<!-- \/ Yoast SEO plugin. -->","yoast_head_json":{"title":"Stud Link Anchor Chain","robots":{"index":"index","follow":"follow","max-snippet":"max-snippet:-1","max-image-preview":"max-image-preview:large","max-video-preview":"max-video-preview:-1"},"canonical":"https:\/\/qingdaohf.com\/da\/vare\/kaede-med-knopper\/","og_locale":"da_DK","og_type":"article","og_title":"Stud Link Anchor Chain","og_description":"A Stud Link Chain offers robust strength and stability, ideal for heavy-duty applications where durability and reliability are paramount. Buyers often prioritize factors like material quality, load-bearing capacity, and resistance to harsh environments when selecting a Stud Link Chain. At Qingdao H&amp;F, we prioritize these needs by ensuring every chain meets stringent quality standards and providing detailed inspection reports, including proof load and tensile strength data. With our one-on-one customer service approach and efficient delivery cycle, we deliver not just products but reliable solutions that enable smoother, safer operations for your business.","og_url":"https:\/\/qingdaohf.com\/da\/vare\/kaede-med-knopper\/","og_site_name":"Concrete Form &amp; Rigging Hardware Supplier","article_publisher":"https:\/\/www.facebook.com\/qingdaohf","article_modified_time":"2025-11-13T01:02:54+00:00","og_image":[{"width":1000,"height":1000,"url":"https:\/\/qingdaohf.com\/wp-content\/uploads\/2023\/04\/Marine-anchor-chain.jpg","type":"image\/jpeg"}],"twitter_card":"summary_large_image","twitter_misc":{"Estimeret l\u00e6setid":"4 minutter"},"schema":{"@context":"https:\/\/schema.org","@graph":[{"@type":"WebPage","@id":"https:\/\/qingdaohf.com\/product\/stud-link-chain\/","url":"https:\/\/qingdaohf.com\/product\/stud-link-chain\/","name":"Stud Link Anchor Chain","isPartOf":{"@id":"https:\/\/qingdaohf.com\/bg\/#website"},"primaryImageOfPage":{"@id":"https:\/\/qingdaohf.com\/product\/stud-link-chain\/#primaryimage"},"image":{"@id":"https:\/\/qingdaohf.com\/product\/stud-link-chain\/#primaryimage"},"thumbnailUrl":"https:\/\/qingdaohf.com\/wp-content\/uploads\/2023\/04\/Marine-anchor-chain.jpg","datePublished":"2024-10-29T08:52:37+00:00","dateModified":"2025-11-13T01:02:54+00:00","breadcrumb":{"@id":"https:\/\/qingdaohf.com\/product\/stud-link-chain\/#breadcrumb"},"inLanguage":"da-DK","potentialAction":[{"@type":"ReadAction","target":["https:\/\/qingdaohf.com\/product\/stud-link-chain\/"]}]},{"@type":"ImageObject","inLanguage":"da-DK","@id":"https:\/\/qingdaohf.com\/product\/stud-link-chain\/#primaryimage","url":"https:\/\/qingdaohf.com\/wp-content\/uploads\/2023\/04\/Marine-anchor-chain.jpg","contentUrl":"https:\/\/qingdaohf.com\/wp-content\/uploads\/2023\/04\/Marine-anchor-chain.jpg","width":1000,"height":1000,"caption":"Marine anchor chain"},{"@type":"BreadcrumbList","@id":"https:\/\/qingdaohf.com\/product\/stud-link-chain\/#breadcrumb","itemListElement":[{"@type":"ListItem","position":1,"name":"Home","item":"https:\/\/qingdaohf.com\/"},{"@type":"ListItem","position":2,"name":"Concrete Forming Accessories and Rigging Hardware","item":"https:\/\/qingdaohf.com\/bg\/?page_id=944"},{"@type":"ListItem","position":3,"name":"Stud Link Anchor Chain"}]},{"@type":"WebSite","@id":"https:\/\/qingdaohf.com\/bg\/#website","url":"https:\/\/qingdaohf.com\/bg\/","name":"Concrete Form & Rigging Hardware Supplier","description":"","publisher":{"@id":"https:\/\/qingdaohf.com\/bg\/#organization"},"potentialAction":[{"@type":"SearchAction","target":{"@type":"EntryPoint","urlTemplate":"https:\/\/qingdaohf.com\/bg\/?s={search_term_string}"},"query-input":{"@type":"PropertyValueSpecification","valueRequired":true,"valueName":"search_term_string"}}],"inLanguage":"da-DK"},{"@type":"Organization","@id":"https:\/\/qingdaohf.com\/bg\/#organization","name":"Qingdao H&F","url":"https:\/\/qingdaohf.com\/bg\/","logo":{"@type":"ImageObject","inLanguage":"da-DK","@id":"https:\/\/qingdaohf.com\/bg\/#\/schema\/logo\/image\/","url":"https:\/\/qingdaohf.com\/wp-content\/uploads\/2022\/12\/cropped-HF-LOGO.png","contentUrl":"https:\/\/qingdaohf.com\/wp-content\/uploads\/2022\/12\/cropped-HF-LOGO.png","width":391,"height":249,"caption":"Qingdao H&F"},"image":{"@id":"https:\/\/qingdaohf.com\/bg\/#\/schema\/logo\/image\/"},"sameAs":["https:\/\/www.facebook.com\/qingdaohf"]}]}},"_links":{"self":[{"href":"https:\/\/qingdaohf.com\/da\/wp-json\/wp\/v2\/product\/8181","targetHints":{"allow":["GET"]}}],"collection":[{"href":"https:\/\/qingdaohf.com\/da\/wp-json\/wp\/v2\/product"}],"about":[{"href":"https:\/\/qingdaohf.com\/da\/wp-json\/wp\/v2\/types\/product"}],"replies":[{"embeddable":true,"href":"https:\/\/qingdaohf.com\/da\/wp-json\/wp\/v2\/comments?post=8181"}],"version-history":[{"count":2,"href":"https:\/\/qingdaohf.com\/da\/wp-json\/wp\/v2\/product\/8181\/revisions"}],"predecessor-version":[{"id":8341,"href":"https:\/\/qingdaohf.com\/da\/wp-json\/wp\/v2\/product\/8181\/revisions\/8341"}],"wp:featuredmedia":[{"embeddable":true,"href":"https:\/\/qingdaohf.com\/da\/wp-json\/wp\/v2\/media\/4678"}],"wp:attachment":[{"href":"https:\/\/qingdaohf.com\/da\/wp-json\/wp\/v2\/media?parent=8181"}],"wp:term":[{"taxonomy":"product_brand","embeddable":true,"href":"https:\/\/qingdaohf.com\/da\/wp-json\/wp\/v2\/product_brand?post=8181"},{"taxonomy":"product_cat","embeddable":true,"href":"https:\/\/qingdaohf.com\/da\/wp-json\/wp\/v2\/product_cat?post=8181"},{"taxonomy":"product_tag","embeddable":true,"href":"https:\/\/qingdaohf.com\/da\/wp-json\/wp\/v2\/product_tag?post=8181"}],"curies":[{"name":"wp","href":"https:\/\/api.w.org\/{rel}","templated":true}]}}