{"id":8189,"date":"2024-11-05T13:59:31","date_gmt":"2024-11-05T05:59:31","guid":{"rendered":"http:\/\/qingdaohf.com\/?post_type=product&#038;p=8189"},"modified":"2025-11-13T09:02:54","modified_gmt":"2025-11-13T01:02:54","slug":"webbing-sling-1-ton","status":"publish","type":"product","link":"https:\/\/qingdaohf.com\/da\/vare\/bandslynge-1-ton\/","title":{"rendered":"Flat Webbing Sling 1 Ton Polyester Double Duplex"},"content":{"rendered":"<h3><strong>P\u00e5lidelig og alsidig 1-tons webbing-slynge til sikre og effektive l\u00f8ft<\/strong><\/h3>\n<p>B\u00e5ndstropper er uundv\u00e6rlige i industrier, der er afh\u00e6ngige af l\u00f8ft og materialeh\u00e5ndtering. Blandt disse er 1-tons b\u00e5ndstropper h\u00f8jt anset for deres evne til at h\u00e5ndtere moderate belastninger sikkert og effektivt. Denne type slynge er konstrueret af syntetiske fibre af h\u00f8j kvalitet og er is\u00e6r v\u00e6rdsat for sin kombination af styrke, holdbarhed og tilpasningsevne. Fra byggepladser til lagerbygninger opfylder 1-tons b\u00e5ndstroppen en r\u00e6kke forskellige l\u00f8ftekrav med lethed og p\u00e5lidelighed.<\/p>\n<p>Designet af en 1-tons webbing slynge er specielt optimeret til at afbalancere b\u00e6rende styrke med fleksibilitet. Denne balance g\u00f8r det muligt at sikre lasten sikkert, selv under udfordrende forhold. N\u00f8gleovervejelser som brudstyrke, forl\u00e6ngelse under belastning og UV-bestandighed er en integreret del af fremstillingen af disse slynger, der tager h\u00f8jde for b\u00e5de ydeevne og lang levetid, som k\u00f8bere leder efter i l\u00f8fteudstyr. Desuden er materialerne valgt, s\u00e5 de kan modst\u00e5 slid, hvilket er afg\u00f8rende for gentagen brug og sikkerhed.<\/p>\n<p>Qingdao H&amp;F tilbyder unikke fordele, der yderligere forbedrer oplevelsen af at anskaffe b\u00e5ndstropper. Hver slynge gennemg\u00e5r streng kvalitetskontrol, underst\u00f8ttet af omfattende inspektionsrapporter, der garanterer p\u00e5lidelig ydeevne ved levering. Derudover sikrer vores personlige kundeservice, at hver enkelt kunde f\u00e5r personlig support, uanset om det drejer sig om at v\u00e6lge det rigtige produkt eller sp\u00f8rge om tips til vedligeholdelse. Med en hurtig leveringscyklus sikrer Qingdao H&amp;F, at disse b\u00e5ndstropper af h\u00f8j kvalitet er tilg\u00e6ngelige pr\u00e6cis, n\u00e5r der er brug for dem, hvilket bidrager til problemfri projekttidslinjer.<\/p>\n<h3><strong>Konstruktion og materialer af h\u00f8j kvalitet<\/strong><\/h3>\n<p>De materialer, der bruges i vores 1-tons b\u00e5ndstropper, er udvalgt p\u00e5 grund af deres holdbarhed og fleksibilitet, kvaliteter, der bidrager direkte til b\u00e5de sikkerhed og nem h\u00e5ndtering. Typisk er disse slynger konstrueret af syntetiske fibre som polyester eller nylon, som giver flere fordele. Polyester er f.eks. meget modstandsdygtigt over for kemikalier og UV-str\u00e5ler, hvilket g\u00f8r det velegnet til udend\u00f8rs brug. Nylonslynger har p\u00e5 den anden side en overlegen str\u00e6kbarhed, en egenskab, der kan v\u00e6re s\u00e6rlig fordelagtig ved h\u00e5ndtering af visse typer byrder.<\/p>\n<p>Under fremstillingen er man meget opm\u00e6rksom p\u00e5 stoffets v\u00e6vning og t\u00e6thed for at sikre en ensartet b\u00e6reevne. Slyngernes brudstyrke testes grundigt for at sikre, at hver enhed sikkert kan h\u00e5ndtere belastninger p\u00e5 op til 1 ton uden at g\u00e5 p\u00e5 kompromis. Denne opm\u00e6rksomhed p\u00e5 kvalitet stemmer overens med de prim\u00e6re bekymringer hos k\u00f8bere, som er afh\u00e6ngige af, at disse slynger opretholder lastens stabilitet og sikrer operat\u00f8rens sikkerhed. Ved at investere i holdbare materialer og strenge produktionsstandarder leverer Qingdao H&amp;F b\u00e5ndstropper, der er konstrueret til at overg\u00e5 branchens forventninger og underst\u00f8tte langvarig, p\u00e5lidelig brug.<\/p>\n<h3><strong>Anvendelser og fordele i forskellige brancher<\/strong><\/h3>\n<p>Tilpasningsevnen for en 1-tons b\u00e5ndstropper g\u00f8r den til et foretrukket valg i mange sektorer, herunder byggeri, shipping, produktion og lager. I mods\u00e6tning til k\u00e6der eller st\u00e5ltove er b\u00e5ndstropper lettere og nemmere at man\u00f8vrere, hvilket giver st\u00f8rre pr\u00e6cision og mindre tr\u00e6thed for den, der h\u00e5ndterer dem. I byggeriet g\u00f8r disse slynger det lettere at l\u00f8fte og placere materialer, hvilket g\u00f8r dem afg\u00f8rende for projekter, der kr\u00e6ver p\u00e5lidelige l\u00f8ftel\u00f8sninger uden den store v\u00e6gt fra metalalternativer. Det syntetiske stof, der bruges i b\u00e5ndstropper, reducerer ogs\u00e5 risikoen for at ridse eller beskadige sarte eller malede overflader, hvilket er en fordel i industrier, hvor materialebevarelse er afg\u00f8rende.<\/p>\n<p>Qingdao H&amp;F's dedikation til kvalitet og ydeevne afspejles i vores sortiment af b\u00e5ndstropper, som im\u00f8dekommer forskellige l\u00f8ftebehov. Vores 1-tons slynge er designet med funktioner, der \u00f8ger brugervenligheden og sikkerheden, f.eks. farvekodede kapacitetsindikatorer og forst\u00e6rkede l\u00f8kker for at forhindre slitage p\u00e5 vigtige belastningspunkter. Desuden ledsages hvert sejl af en kvalitetsinspektionsrapport, der giver tillid til, at produktet vil fungere p\u00e5lideligt under de forventede forhold. Vores kunder nyder godt af at vide, at deres k\u00f8b lever op til strenge kvalitetsstandarder, hvilket underst\u00f8tter b\u00e5de sikkerhed og effektiv projektudf\u00f8relse.<\/p>\n<h3><strong>Qingdao H&amp;F's l\u00f8fte: Service, hastighed og sikkerhed<\/strong><\/h3>\n<p>Ud over et produkt af h\u00f8j kvalitet sikrer Qingdao H&amp;F en enest\u00e5ende k\u00f8bsoplevelse. Vi ved, at indk\u00f8bere ikke kun prioriterer produktkvalitet, men ogs\u00e5 deres leverand\u00f8rs generelle p\u00e5lidelighed. Derfor er vores tilgang centreret om at levere mere end selve produktet med tjenester, der im\u00f8dekommer den enkelte kundes behov og bekymringer. Ved at tilbyde personlig kundeservice sikrer vi, at ethvert sp\u00f8rgsm\u00e5l eller krav bliver behandlet hurtigt og effektivt, hvilket skaber tillid og tilfredshed fra f\u00f8rste kontaktpunkt.<\/p>\n<p>Vores engagement i hastighed afspejles i vores hurtige leveringscyklusser. Vi forst\u00e5r, at timing er afg\u00f8rende, og at enhver forsinkelse kan p\u00e5virke produktivitet og tidsplaner. Derfor arbejder vi t\u00e6t sammen med vores logistikpartnere for at opretholde effektive forsendelsesprocesser, s\u00e5 vores kunder kan v\u00e6re sikre p\u00e5, at deres b\u00e5ndstropper n\u00e5r frem, n\u00e5r de skal bruges. Derudover sikrer vores grundige kvalitetskontrol, at alle slynger er klar til brug med det samme, underst\u00f8ttet af rapporter, der beskriver produktets overholdelse af industristandarder. Denne forpligtelse til kvalitet og service g\u00f8r Qingdao H&amp;F til en foretrukken partner for virksomheder, der er p\u00e5 udkig efter p\u00e5lidelige l\u00f8ftel\u00f8sninger.<\/p>\n<p>Vores 1-tons b\u00e5ndstropper repr\u00e6senterer en blanding af ydeevne, sikkerhed og bekvemmelighed, der er designet til at opfylde de strenge krav i den moderne industri. Ved at v\u00e6lge Qingdao H&amp;F investerer k\u00f8berne i et partnerskab, der v\u00e6rds\u00e6tter deres prioriteter, fra produktintegritet til hurtig og opm\u00e6rksom service. Vi er stolte af ikke bare at levere et produkt, men en komplet l\u00f8sning, der er i overensstemmelse med vores kunders driftsbehov og kvalitetsstandarder.<\/p>","protected":false},"excerpt":{"rendered":"<p>Vores 1-tons b\u00e5ndstropper kombinerer styrke og alsidighed til l\u00f8fte- og hejseopgaver p\u00e5 tv\u00e6rs af forskellige brancher. K\u00f8bere prioriterer ofte holdbarhed, sikkerhed og nem h\u00e5ndtering, og alt dette leverer vores b\u00e5ndstropper. Disse slynger er lavet til at holde til kraftig brug og sikrer sikre l\u00f8ft, samtidig med at de bevarer fleksibiliteten til forskellige anvendelser. Som handelsvirksomhed giver Qingdao H&amp;F klare fordele, herunder personlig kundeservice, en hurtig leveringscyklus og omfattende kvalitetsinspektionsrapporter, der sikrer, at hvert k\u00f8b opfylder strenge sikkerheds- og kvalitetsstandarder.<\/p>","protected":false},"featured_media":8190,"comment_status":"open","ping_status":"closed","template":"","meta":{"site-sidebar-layout":"default","site-content-layout":"","ast-site-content-layout":"default","site-content-style":"default","site-sidebar-style":"default","ast-global-header-display":"","ast-banner-title-visibility":"","ast-main-header-display":"","ast-hfb-above-header-display":"","ast-hfb-below-header-display":"","ast-hfb-mobile-header-display":"","site-post-title":"","ast-breadcrumbs-content":"","ast-featured-img":"","footer-sml-layout":"","theme-transparent-header-meta":"default","adv-header-id-meta":"","stick-header-meta":"default","header-above-stick-meta":"","header-main-stick-meta":"","header-below-stick-meta":"","astra-migrate-meta-layouts":"set","ast-page-background-enabled":"default","ast-page-background-meta":{"desktop":{"background-color":"","background-image":"","background-repeat":"repeat","background-position":"center center","background-size":"auto","background-attachment":"scroll","background-type":"","background-media":"","overlay-type":"","overlay-color":"","overlay-opacity":"","overlay-gradient":""},"tablet":{"background-color":"","background-image":"","background-repeat":"repeat","background-position":"center center","background-size":"auto","background-attachment":"scroll","background-type":"","background-media":"","overlay-type":"","overlay-color":"","overlay-opacity":"","overlay-gradient":""},"mobile":{"background-color":"","background-image":"","background-repeat":"repeat","background-position":"center center","background-size":"auto","background-attachment":"scroll","background-type":"","background-media":"","overlay-type":"","overlay-color":"","overlay-opacity":"","overlay-gradient":""}},"ast-content-background-meta":{"desktop":{"background-color":"var(--ast-global-color-5)","background-image":"","background-repeat":"repeat","background-position":"center center","background-size":"auto","background-attachment":"scroll","background-type":"","background-media":"","overlay-type":"","overlay-color":"","overlay-opacity":"","overlay-gradient":""},"tablet":{"background-color":"var(--ast-global-color-5)","background-image":"","background-repeat":"repeat","background-position":"center center","background-size":"auto","background-attachment":"scroll","background-type":"","background-media":"","overlay-type":"","overlay-color":"","overlay-opacity":"","overlay-gradient":""},"mobile":{"background-color":"var(--ast-global-color-5)","background-image":"","background-repeat":"repeat","background-position":"center center","background-size":"auto","background-attachment":"scroll","background-type":"","background-media":"","overlay-type":"","overlay-color":"","overlay-opacity":"","overlay-gradient":""}}},"product_brand":[],"product_cat":[39],"product_tag":[],"class_list":{"0":"post-8189","1":"product","2":"type-product","3":"status-publish","4":"has-post-thumbnail","6":"product_cat-webbing-sling","7":"desktop-align-left","8":"tablet-align-left","9":"mobile-align-left","10":"ast-product-gallery-layout-horizontal-slider","11":"ast-product-gallery-with-no-image","12":"ast-product-tabs-layout-horizontal","14":"first","15":"instock","16":"shipping-taxable","17":"purchasable","18":"product-type-simple"},"yoast_head":"<!-- This site is optimized with the Yoast SEO plugin v25.2 - https:\/\/yoast.com\/wordpress\/plugins\/seo\/ -->\n<title>Flat Webbing Sling 1 Ton Polyester Double Duplex<\/title>\n<meta name=\"robots\" content=\"index, follow, max-snippet:-1, max-image-preview:large, max-video-preview:-1\" \/>\n<link rel=\"canonical\" href=\"https:\/\/qingdaohf.com\/da\/vare\/bandslynge-1-ton\/\" \/>\n<meta property=\"og:locale\" content=\"da_DK\" \/>\n<meta property=\"og:type\" content=\"article\" \/>\n<meta property=\"og:title\" content=\"Flat Webbing Sling 1 Ton Polyester Double Duplex\" \/>\n<meta property=\"og:description\" content=\"Our 1-ton webbing sling combines strength and versatility for lifting and hoisting tasks across various industries. Buyers often prioritize durability, safety, and ease of handling, all of which our webbing slings deliver. Made to endure heavy-duty use, these slings ensure secure lifting while maintaining flexibility for different applications. As a trading company, Qingdao H&amp;F provides distinct advantages, including one-on-one customer service, a fast delivery cycle, and comprehensive quality inspection reports, ensuring that every purchase meets rigorous safety and quality standards.\" \/>\n<meta property=\"og:url\" content=\"https:\/\/qingdaohf.com\/da\/vare\/bandslynge-1-ton\/\" \/>\n<meta property=\"og:site_name\" content=\"Concrete Form &amp; Rigging Hardware Supplier\" \/>\n<meta property=\"article:publisher\" content=\"https:\/\/www.facebook.com\/qingdaohf\" \/>\n<meta property=\"article:modified_time\" content=\"2025-11-13T01:02:54+00:00\" \/>\n<meta property=\"og:image\" content=\"https:\/\/qingdaohf.com\/wp-content\/uploads\/2024\/10\/1ton_1.webp\" \/>\n\t<meta property=\"og:image:width\" content=\"1000\" \/>\n\t<meta property=\"og:image:height\" content=\"1000\" \/>\n\t<meta property=\"og:image:type\" content=\"image\/webp\" \/>\n<meta name=\"twitter:card\" content=\"summary_large_image\" \/>\n<meta name=\"twitter:label1\" content=\"Estimeret l\u00e6setid\" \/>\n\t<meta name=\"twitter:data1\" content=\"4 minutter\" \/>\n<script type=\"application\/ld+json\" class=\"yoast-schema-graph\">{\"@context\":\"https:\/\/schema.org\",\"@graph\":[{\"@type\":\"WebPage\",\"@id\":\"https:\/\/qingdaohf.com\/product\/webbing-sling-1-ton\/\",\"url\":\"https:\/\/qingdaohf.com\/product\/webbing-sling-1-ton\/\",\"name\":\"Flat Webbing Sling 1 Ton Polyester Double Duplex\",\"isPartOf\":{\"@id\":\"https:\/\/qingdaohf.com\/bg\/#website\"},\"primaryImageOfPage\":{\"@id\":\"https:\/\/qingdaohf.com\/product\/webbing-sling-1-ton\/#primaryimage\"},\"image\":{\"@id\":\"https:\/\/qingdaohf.com\/product\/webbing-sling-1-ton\/#primaryimage\"},\"thumbnailUrl\":\"https:\/\/qingdaohf.com\/wp-content\/uploads\/2024\/10\/1ton_1.webp\",\"datePublished\":\"2024-11-05T05:59:31+00:00\",\"dateModified\":\"2025-11-13T01:02:54+00:00\",\"breadcrumb\":{\"@id\":\"https:\/\/qingdaohf.com\/product\/webbing-sling-1-ton\/#breadcrumb\"},\"inLanguage\":\"da-DK\",\"potentialAction\":[{\"@type\":\"ReadAction\",\"target\":[\"https:\/\/qingdaohf.com\/product\/webbing-sling-1-ton\/\"]}]},{\"@type\":\"ImageObject\",\"inLanguage\":\"da-DK\",\"@id\":\"https:\/\/qingdaohf.com\/product\/webbing-sling-1-ton\/#primaryimage\",\"url\":\"https:\/\/qingdaohf.com\/wp-content\/uploads\/2024\/10\/1ton_1.webp\",\"contentUrl\":\"https:\/\/qingdaohf.com\/wp-content\/uploads\/2024\/10\/1ton_1.webp\",\"width\":1000,\"height\":1000},{\"@type\":\"BreadcrumbList\",\"@id\":\"https:\/\/qingdaohf.com\/product\/webbing-sling-1-ton\/#breadcrumb\",\"itemListElement\":[{\"@type\":\"ListItem\",\"position\":1,\"name\":\"Home\",\"item\":\"https:\/\/qingdaohf.com\/\"},{\"@type\":\"ListItem\",\"position\":2,\"name\":\"Concrete Forming Accessories and Rigging Hardware\",\"item\":\"https:\/\/qingdaohf.com\/bg\/?page_id=944\"},{\"@type\":\"ListItem\",\"position\":3,\"name\":\"Flat Webbing Sling 1 Ton Polyester Double Duplex\"}]},{\"@type\":\"WebSite\",\"@id\":\"https:\/\/qingdaohf.com\/bg\/#website\",\"url\":\"https:\/\/qingdaohf.com\/bg\/\",\"name\":\"Concrete Form & Rigging Hardware Supplier\",\"description\":\"\",\"publisher\":{\"@id\":\"https:\/\/qingdaohf.com\/bg\/#organization\"},\"potentialAction\":[{\"@type\":\"SearchAction\",\"target\":{\"@type\":\"EntryPoint\",\"urlTemplate\":\"https:\/\/qingdaohf.com\/bg\/?s={search_term_string}\"},\"query-input\":{\"@type\":\"PropertyValueSpecification\",\"valueRequired\":true,\"valueName\":\"search_term_string\"}}],\"inLanguage\":\"da-DK\"},{\"@type\":\"Organization\",\"@id\":\"https:\/\/qingdaohf.com\/bg\/#organization\",\"name\":\"Qingdao H&F\",\"url\":\"https:\/\/qingdaohf.com\/bg\/\",\"logo\":{\"@type\":\"ImageObject\",\"inLanguage\":\"da-DK\",\"@id\":\"https:\/\/qingdaohf.com\/bg\/#\/schema\/logo\/image\/\",\"url\":\"https:\/\/qingdaohf.com\/wp-content\/uploads\/2022\/12\/cropped-HF-LOGO.png\",\"contentUrl\":\"https:\/\/qingdaohf.com\/wp-content\/uploads\/2022\/12\/cropped-HF-LOGO.png\",\"width\":391,\"height\":249,\"caption\":\"Qingdao H&F\"},\"image\":{\"@id\":\"https:\/\/qingdaohf.com\/bg\/#\/schema\/logo\/image\/\"},\"sameAs\":[\"https:\/\/www.facebook.com\/qingdaohf\"]}]}<\/script>\n<!-- \/ Yoast SEO plugin. -->","yoast_head_json":{"title":"Flat Webbing Sling 1 Ton Polyester Double Duplex","robots":{"index":"index","follow":"follow","max-snippet":"max-snippet:-1","max-image-preview":"max-image-preview:large","max-video-preview":"max-video-preview:-1"},"canonical":"https:\/\/qingdaohf.com\/da\/vare\/bandslynge-1-ton\/","og_locale":"da_DK","og_type":"article","og_title":"Flat Webbing Sling 1 Ton Polyester Double Duplex","og_description":"Our 1-ton webbing sling combines strength and versatility for lifting and hoisting tasks across various industries. Buyers often prioritize durability, safety, and ease of handling, all of which our webbing slings deliver. Made to endure heavy-duty use, these slings ensure secure lifting while maintaining flexibility for different applications. As a trading company, Qingdao H&amp;F provides distinct advantages, including one-on-one customer service, a fast delivery cycle, and comprehensive quality inspection reports, ensuring that every purchase meets rigorous safety and quality standards.","og_url":"https:\/\/qingdaohf.com\/da\/vare\/bandslynge-1-ton\/","og_site_name":"Concrete Form &amp; Rigging Hardware Supplier","article_publisher":"https:\/\/www.facebook.com\/qingdaohf","article_modified_time":"2025-11-13T01:02:54+00:00","og_image":[{"width":1000,"height":1000,"url":"https:\/\/qingdaohf.com\/wp-content\/uploads\/2024\/10\/1ton_1.webp","type":"image\/webp"}],"twitter_card":"summary_large_image","twitter_misc":{"Estimeret l\u00e6setid":"4 minutter"},"schema":{"@context":"https:\/\/schema.org","@graph":[{"@type":"WebPage","@id":"https:\/\/qingdaohf.com\/product\/webbing-sling-1-ton\/","url":"https:\/\/qingdaohf.com\/product\/webbing-sling-1-ton\/","name":"Flat Webbing Sling 1 Ton Polyester Double Duplex","isPartOf":{"@id":"https:\/\/qingdaohf.com\/bg\/#website"},"primaryImageOfPage":{"@id":"https:\/\/qingdaohf.com\/product\/webbing-sling-1-ton\/#primaryimage"},"image":{"@id":"https:\/\/qingdaohf.com\/product\/webbing-sling-1-ton\/#primaryimage"},"thumbnailUrl":"https:\/\/qingdaohf.com\/wp-content\/uploads\/2024\/10\/1ton_1.webp","datePublished":"2024-11-05T05:59:31+00:00","dateModified":"2025-11-13T01:02:54+00:00","breadcrumb":{"@id":"https:\/\/qingdaohf.com\/product\/webbing-sling-1-ton\/#breadcrumb"},"inLanguage":"da-DK","potentialAction":[{"@type":"ReadAction","target":["https:\/\/qingdaohf.com\/product\/webbing-sling-1-ton\/"]}]},{"@type":"ImageObject","inLanguage":"da-DK","@id":"https:\/\/qingdaohf.com\/product\/webbing-sling-1-ton\/#primaryimage","url":"https:\/\/qingdaohf.com\/wp-content\/uploads\/2024\/10\/1ton_1.webp","contentUrl":"https:\/\/qingdaohf.com\/wp-content\/uploads\/2024\/10\/1ton_1.webp","width":1000,"height":1000},{"@type":"BreadcrumbList","@id":"https:\/\/qingdaohf.com\/product\/webbing-sling-1-ton\/#breadcrumb","itemListElement":[{"@type":"ListItem","position":1,"name":"Home","item":"https:\/\/qingdaohf.com\/"},{"@type":"ListItem","position":2,"name":"Concrete Forming Accessories and Rigging Hardware","item":"https:\/\/qingdaohf.com\/bg\/?page_id=944"},{"@type":"ListItem","position":3,"name":"Flat Webbing Sling 1 Ton Polyester Double Duplex"}]},{"@type":"WebSite","@id":"https:\/\/qingdaohf.com\/bg\/#website","url":"https:\/\/qingdaohf.com\/bg\/","name":"Concrete Form & Rigging Hardware Supplier","description":"","publisher":{"@id":"https:\/\/qingdaohf.com\/bg\/#organization"},"potentialAction":[{"@type":"SearchAction","target":{"@type":"EntryPoint","urlTemplate":"https:\/\/qingdaohf.com\/bg\/?s={search_term_string}"},"query-input":{"@type":"PropertyValueSpecification","valueRequired":true,"valueName":"search_term_string"}}],"inLanguage":"da-DK"},{"@type":"Organization","@id":"https:\/\/qingdaohf.com\/bg\/#organization","name":"Qingdao H&F","url":"https:\/\/qingdaohf.com\/bg\/","logo":{"@type":"ImageObject","inLanguage":"da-DK","@id":"https:\/\/qingdaohf.com\/bg\/#\/schema\/logo\/image\/","url":"https:\/\/qingdaohf.com\/wp-content\/uploads\/2022\/12\/cropped-HF-LOGO.png","contentUrl":"https:\/\/qingdaohf.com\/wp-content\/uploads\/2022\/12\/cropped-HF-LOGO.png","width":391,"height":249,"caption":"Qingdao H&F"},"image":{"@id":"https:\/\/qingdaohf.com\/bg\/#\/schema\/logo\/image\/"},"sameAs":["https:\/\/www.facebook.com\/qingdaohf"]}]}},"_links":{"self":[{"href":"https:\/\/qingdaohf.com\/da\/wp-json\/wp\/v2\/product\/8189","targetHints":{"allow":["GET"]}}],"collection":[{"href":"https:\/\/qingdaohf.com\/da\/wp-json\/wp\/v2\/product"}],"about":[{"href":"https:\/\/qingdaohf.com\/da\/wp-json\/wp\/v2\/types\/product"}],"replies":[{"embeddable":true,"href":"https:\/\/qingdaohf.com\/da\/wp-json\/wp\/v2\/comments?post=8189"}],"version-history":[{"count":2,"href":"https:\/\/qingdaohf.com\/da\/wp-json\/wp\/v2\/product\/8189\/revisions"}],"predecessor-version":[{"id":8340,"href":"https:\/\/qingdaohf.com\/da\/wp-json\/wp\/v2\/product\/8189\/revisions\/8340"}],"wp:featuredmedia":[{"embeddable":true,"href":"https:\/\/qingdaohf.com\/da\/wp-json\/wp\/v2\/media\/8190"}],"wp:attachment":[{"href":"https:\/\/qingdaohf.com\/da\/wp-json\/wp\/v2\/media?parent=8189"}],"wp:term":[{"taxonomy":"product_brand","embeddable":true,"href":"https:\/\/qingdaohf.com\/da\/wp-json\/wp\/v2\/product_brand?post=8189"},{"taxonomy":"product_cat","embeddable":true,"href":"https:\/\/qingdaohf.com\/da\/wp-json\/wp\/v2\/product_cat?post=8189"},{"taxonomy":"product_tag","embeddable":true,"href":"https:\/\/qingdaohf.com\/da\/wp-json\/wp\/v2\/product_tag?post=8189"}],"curies":[{"name":"wp","href":"https:\/\/api.w.org\/{rel}","templated":true}]}}